{"id":8737,"date":"2024-10-09T06:52:09","date_gmt":"2024-10-09T06:52:09","guid":{"rendered":"https:\/\/megapets.eu\/Ikke%20kategoriseret\/anadenobolus-monilicorniskrokodille-der-ligner-en-bi\/"},"modified":"2025-08-13T14:59:37","modified_gmt":"2025-08-13T14:59:37","slug":"anadenobolus-monilicorniskrokodille-der-ligner-en-bi","status":"publish","type":"product","link":"https:\/\/megapets.eu\/da\/wije-da\/anadenobolus-monilicorniskrokodille-der-ligner-en-bi\/","title":{"rendered":"Anadenobolus monilicornis<br>&#8220;Tusindben, der ligner en bi&quot;"},"content":{"rendered":"<p class=\"v1v1v1v1MsoNormal\"><span style=\"color: #d94890;\"><strong><em><span style=\"font-size: 15px;\"><span style=\"color: #ff0000;\"><span style=\"color: #424242;\">Art: <\/span><\/span><\/span><\/em><\/strong><\/span><strong><em><span style=\"font-size: 15px;\">Anadenobolus monilicornis<\/span><\/em><\/strong> <span style=\"color: #d94890;\"><strong><em><span style=\"font-size: 15px;\"><span style=\"color: #ff0000;\"><span style=\"color: #424242;\">&#8220;Tusindben, bi-lignende&quot;.<\/span><\/span><\/span><\/em><\/strong><\/span><\/p>\n<p><span style=\"color: #d94890;\"><strong><em><span style=\"font-size: 15px;\"><span style=\"color: #ff0000;\"><span style=\"color: #000000;\"><span style=\"color: #424242;\"><img decoding=\"async\" src=\"https:\/\/static.xx.fbcdn.net\/images\/emoji.php\/v9\/t1f\/1\/16\/1f41d.png\" alt=\"\ud83d\udc1d\"> <\/span>A<span style=\"color: #ffcc00;\">n<\/span>a<span style=\"color: #ffcc00;\">d<\/span>e<span style=\"color: #ffcc00;\">n<\/span>o<span style=\"color: #ffcc00;\">b<\/span>o<span style=\"color: #ffcc00;\">l<\/span>u<span style=\"color: #ff9900;\"><span style=\"color: #ffcc00;\">s<\/span> <span style=\"color: #424242;\"><img decoding=\"async\" src=\"https:\/\/static.xx.fbcdn.net\/images\/emoji.php\/v9\/t1f\/1\/16\/1f41d.png\" alt=\"\ud83d\udc1d\"><\/span><\/span> m<span style=\"color: #ffcc00;\">o<\/span>n<span style=\"color: #ffcc00;\">i<\/span>l<span style=\"color: #ffcc00;\">i<\/span>c<span style=\"color: #ffcc00;\">o<\/span>r<span style=\"color: #ffcc00;\">n<\/span>i<span style=\"color: #ffcc00;\">s<\/span><\/span> <span style=\"color: #424242;\"><img decoding=\"async\" src=\"https:\/\/static.xx.fbcdn.net\/images\/emoji.php\/v9\/t1f\/1\/16\/1f41d.png\" alt=\"\ud83d\udc1d\"> <\/span><span style=\"color: #424242;\">&#8220;Tusindben\ud83d\udc9b, der ligner\ud83d\udda4 en <img decoding=\"async\" src=\"https:\/\/static.xx.fbcdn.net\/images\/emoji.php\/v9\/t1f\/1\/16\/1f41d.png\" alt=\"\ud83d\udc1d\">bi.&quot; Nemme at vedligeholde, s\u00e5 de er gode til begyndere.<\/span><\/span><\/span><\/em><\/strong><\/span><\/p>\n<p>&nbsp;<\/p>\n<p><span style=\"color: #424242;\"><strong><em><span style=\"font-size: 15px;\"><strong style=\"color: #424242;\"><span style=\"color: #d94890;\"><span style=\"color: #ff0000;\">\ud83d\udc9b\ud83d\udda4\ud83d\udc9b<\/span><\/span> Leder du efter noget sjovt at opdr\u00e6tte til at starte med?  <\/strong><span style=\"color: #ff9900;\">Tusindben Anadenobolus monilicornis er smukke og let at pleje v\u00e6sner, helt sikre for mennesker, de bider ikke. De har svage k\u00e6ber, der er tilpasset til at knuse plantemateriale. Tusindben foretr\u00e6kker fugtige steder, lever i det \u00f8verste lag af underlaget og lever af blade, multikomponentsubstrat beregnet til opdr\u00e6t af tusindben samt gr\u00f8ntsager og frugter. Anadenobolus monilicornis er et meget smukt farvet tusindben, der ligner en bi, der bliver op til ca. 7 cm langt. En let at vedligeholde og hurtigt voksende art.     <\/span><\/span><\/em><\/strong><\/span><\/p>\n<p>&nbsp;<\/p>\n<p class=\"v1v1v1v1MsoNormal\"><span style=\"color: #424242;\"><strong><em><span style=\"font-size: 15px;\"><span class=\"x1xsqp64 xiy17q3 x1o6pynw x19co3pv xdj266r xcwd3tp xat24cr x39eecv x2b8uid\" data-testid=\"emoji\"><span class=\"xexx8yu xn5pp95 x18d9i69 x2fxd7x x3jgonx x1bhl96m\">\ud83c\udf3f <\/span><\/span><span style=\"color: #424242;\">Alt, hvad et s\u00e5dant dyr har brug for for at udvikle sig og leve i et terrarium er:<\/span><\/span><\/em><\/strong><\/span><\/p>\n<p class=\"v1v1v1v1MsoNormal\"><span style=\"color: #008000;\"><strong><em><span style=\"font-size: 15px;\">* Substrat \/ foder: Substrat til opdr\u00e6t af tusindben og myripeds (tilg\u00e6ngelig p\u00e5 vores anden auktion);<\/span><\/em><\/strong><\/span><\/p>\n<p class=\"v1v1v1v1MsoNormal\"><span style=\"color: #008000;\"><strong><em><span style=\"font-size: 15px;\">* Superfood: Friske gr\u00f8ntsager og frugter;<\/span><\/em><\/strong><\/span><\/p>\n<p class=\"v1v1v1v1MsoNormal\"><span style=\"color: #008000;\"><strong><em><span style=\"font-size: 15px;\">* Foder: Malet gammarus er t\u00f8rret gammarus, rig p\u00e5 makro- og mikroelementer, en naturlig kilde til animalsk protein og chitin (tilg\u00e6ngelig p\u00e5 vores anden auktion);<\/span><\/em><\/strong><\/span><\/p>\n<p class=\"v1v1v1v1MsoNormal\"><span style=\"color: #008000;\"><strong><em><span style=\"font-size: 15px;\">* Terrarium: Faunabox er ideel til opdr\u00e6t af tusindben og tusindben (tilg\u00e6ngelig p\u00e5 vores anden auktion);<\/span><\/em><\/strong><\/span><\/p>\n<p class=\"v1v1v1v1MsoNormal\"><span style=\"color: #008000;\"><strong><em><span style=\"font-size: 15px;\">* Anbefalet temperatur 22-26 \u00b0C og luftfugtighed p\u00e5 ca. 70% (lad ikke underlaget t\u00f8rre ud, spr\u00f8jt terrariet hver 2-3 dag).<\/span><\/em><\/strong><\/span><\/p>\n","protected":false},"excerpt":{"rendered":"<ul class=\"product_attributes\">\n<li><span style=\"color: #555555;\">M\u00e5lst\u00f8rrelse:<\/span> ca. 7 cm<\/li>\n<li><span style=\"color: #555555;\">Tilbydes ung:<\/span> ca. 3-4 cm <\/li>\n<li><span style=\"color: #555555;\">Prisen g\u00e6lder for:<\/span> 1 stk<\/li>\n<\/ul>\n","protected":false},"featured_media":8738,"template":"","meta":{"_acf_changed":false,"_links_to":"","_links_to_target":""},"product_cat":[209],"product_tag":[],"class_list":{"0":"post-8737","1":"product","2":"type-product","3":"status-publish","4":"has-post-thumbnail","6":"product_cat-wije-da","8":"first","9":"outofstock","10":"shipping-taxable","11":"purchasable","12":"product-type-simple"},"acf":[],"yoast_head":"<!-- This site is optimized with the Yoast SEO plugin v24.9 - https:\/\/yoast.com\/wordpress\/plugins\/seo\/ -->\n<title>Anadenobolus monilicornis&quot;Tusindben, der ligner en bi&quot; | MegaPets<\/title>\n<meta name=\"robots\" content=\"index, follow, max-snippet:-1, max-image-preview:large, max-video-preview:-1\" \/>\n<link rel=\"canonical\" href=\"https:\/\/megapets.eu\/da\/wije-da\/anadenobolus-monilicorniskrokodille-der-ligner-en-bi\/\" \/>\n<meta property=\"og:locale\" content=\"da_DK\" \/>\n<meta property=\"og:type\" content=\"article\" \/>\n<meta property=\"og:title\" content=\"Anadenobolus monilicornis&quot;Tusindben, der ligner en bi&quot; | MegaPets\" \/>\n<meta property=\"og:description\" content=\"M\u00e5lst\u00f8rrelse: ca. 7 cm  Tilbydes ung: ca. 3-4 cm  Prisen g\u00e6lder for: 1 stk\" \/>\n<meta property=\"og:url\" content=\"https:\/\/megapets.eu\/da\/wije-da\/anadenobolus-monilicorniskrokodille-der-ligner-en-bi\/\" \/>\n<meta property=\"og:site_name\" content=\"MegaPets\" \/>\n<meta property=\"article:publisher\" content=\"https:\/\/www.facebook.com\/MegaPets.eu\/\" \/>\n<meta property=\"article:modified_time\" content=\"2025-08-13T14:59:37+00:00\" \/>\n<meta property=\"og:image\" content=\"https:\/\/megapets.eu\/wp-content\/uploads\/2024\/10\/0603201-1024x683.png\" \/>\n\t<meta property=\"og:image:width\" content=\"1024\" \/>\n\t<meta property=\"og:image:height\" content=\"683\" \/>\n\t<meta property=\"og:image:type\" content=\"image\/png\" \/>\n<meta name=\"twitter:card\" content=\"summary_large_image\" \/>\n<meta name=\"twitter:label1\" content=\"Estimeret l\u00e6setid\" \/>\n\t<meta name=\"twitter:data1\" content=\"1 minut\" \/>\n<script type=\"application\/ld+json\" class=\"yoast-schema-graph\">{\"@context\":\"https:\/\/schema.org\",\"@graph\":[{\"@type\":\"WebPage\",\"@id\":\"https:\/\/megapets.eu\/da\/wije-da\/anadenobolus-monilicorniskrokodille-der-ligner-en-bi\/\",\"url\":\"https:\/\/megapets.eu\/da\/wije-da\/anadenobolus-monilicorniskrokodille-der-ligner-en-bi\/\",\"name\":\"Anadenobolus monilicornis \\\"Tusindben, der ligner en bi\\\" | MegaPets\",\"isPartOf\":{\"@id\":\"https:\/\/megapets.eu\/da\/#website\"},\"primaryImageOfPage\":{\"@id\":\"https:\/\/megapets.eu\/da\/wije-da\/anadenobolus-monilicorniskrokodille-der-ligner-en-bi\/#primaryimage\"},\"image\":{\"@id\":\"https:\/\/megapets.eu\/da\/wije-da\/anadenobolus-monilicorniskrokodille-der-ligner-en-bi\/#primaryimage\"},\"thumbnailUrl\":\"https:\/\/megapets.eu\/wp-content\/uploads\/2024\/10\/0603201.png\",\"datePublished\":\"2024-10-09T06:52:09+00:00\",\"dateModified\":\"2025-08-13T14:59:37+00:00\",\"breadcrumb\":{\"@id\":\"https:\/\/megapets.eu\/da\/wije-da\/anadenobolus-monilicorniskrokodille-der-ligner-en-bi\/#breadcrumb\"},\"inLanguage\":\"da-DK\",\"potentialAction\":[{\"@type\":\"ReadAction\",\"target\":[\"https:\/\/megapets.eu\/da\/wije-da\/anadenobolus-monilicorniskrokodille-der-ligner-en-bi\/\"]}]},{\"@type\":\"ImageObject\",\"inLanguage\":\"da-DK\",\"@id\":\"https:\/\/megapets.eu\/da\/wije-da\/anadenobolus-monilicorniskrokodille-der-ligner-en-bi\/#primaryimage\",\"url\":\"https:\/\/megapets.eu\/wp-content\/uploads\/2024\/10\/0603201.png\",\"contentUrl\":\"https:\/\/megapets.eu\/wp-content\/uploads\/2024\/10\/0603201.png\",\"width\":2741,\"height\":1828},{\"@type\":\"BreadcrumbList\",\"@id\":\"https:\/\/megapets.eu\/da\/wije-da\/anadenobolus-monilicorniskrokodille-der-ligner-en-bi\/#breadcrumb\",\"itemListElement\":[{\"@type\":\"ListItem\",\"position\":1,\"name\":\"Strona g\u0142\u00f3wna\",\"item\":\"https:\/\/megapets.eu\/da\/\"},{\"@type\":\"ListItem\",\"position\":2,\"name\":\"Butik\",\"item\":\"https:\/\/megapets.eu\/butik\/\"},{\"@type\":\"ListItem\",\"position\":3,\"name\":\"Anadenobolus monilicornis&#8222;Tusindben, der ligner en bi\\\"\"}]},{\"@type\":\"WebSite\",\"@id\":\"https:\/\/megapets.eu\/da\/#website\",\"url\":\"https:\/\/megapets.eu\/da\/\",\"name\":\"Mega Pets\",\"description\":\"Jedna z najwi\u0119kszych hodowli \u015blimak\u00f3w w Europie\",\"publisher\":{\"@id\":\"https:\/\/megapets.eu\/da\/#organization\"},\"alternateName\":\"Mega Pets\",\"potentialAction\":[{\"@type\":\"SearchAction\",\"target\":{\"@type\":\"EntryPoint\",\"urlTemplate\":\"https:\/\/megapets.eu\/da\/?s={search_term_string}\"},\"query-input\":{\"@type\":\"PropertyValueSpecification\",\"valueRequired\":true,\"valueName\":\"search_term_string\"}}],\"inLanguage\":\"da-DK\"},{\"@type\":\"Organization\",\"@id\":\"https:\/\/megapets.eu\/da\/#organization\",\"name\":\"Mega Pets\",\"url\":\"https:\/\/megapets.eu\/da\/\",\"logo\":{\"@type\":\"ImageObject\",\"inLanguage\":\"da-DK\",\"@id\":\"https:\/\/megapets.eu\/da\/#\/schema\/logo\/image\/\",\"url\":\"https:\/\/megapets.eu\/wp-content\/uploads\/2025\/04\/megapets_eu-logo.png\",\"contentUrl\":\"https:\/\/megapets.eu\/wp-content\/uploads\/2025\/04\/megapets_eu-logo.png\",\"width\":2362,\"height\":2362,\"caption\":\"Mega Pets\"},\"image\":{\"@id\":\"https:\/\/megapets.eu\/da\/#\/schema\/logo\/image\/\"},\"sameAs\":[\"https:\/\/www.facebook.com\/MegaPets.eu\/\"]}]}<\/script>\n<!-- \/ Yoast SEO plugin. -->","yoast_head_json":{"title":"Anadenobolus monilicornis\"Tusindben, der ligner en bi\" | MegaPets","robots":{"index":"index","follow":"follow","max-snippet":"max-snippet:-1","max-image-preview":"max-image-preview:large","max-video-preview":"max-video-preview:-1"},"canonical":"https:\/\/megapets.eu\/da\/wije-da\/anadenobolus-monilicorniskrokodille-der-ligner-en-bi\/","og_locale":"da_DK","og_type":"article","og_title":"Anadenobolus monilicornis\"Tusindben, der ligner en bi\" | MegaPets","og_description":"M\u00e5lst\u00f8rrelse: ca. 7 cm  Tilbydes ung: ca. 3-4 cm  Prisen g\u00e6lder for: 1 stk","og_url":"https:\/\/megapets.eu\/da\/wije-da\/anadenobolus-monilicorniskrokodille-der-ligner-en-bi\/","og_site_name":"MegaPets","article_publisher":"https:\/\/www.facebook.com\/MegaPets.eu\/","article_modified_time":"2025-08-13T14:59:37+00:00","og_image":[{"width":1024,"height":683,"url":"https:\/\/megapets.eu\/wp-content\/uploads\/2024\/10\/0603201-1024x683.png","type":"image\/png"}],"twitter_card":"summary_large_image","twitter_misc":{"Estimeret l\u00e6setid":"1 minut"},"schema":{"@context":"https:\/\/schema.org","@graph":[{"@type":"WebPage","@id":"https:\/\/megapets.eu\/da\/wije-da\/anadenobolus-monilicorniskrokodille-der-ligner-en-bi\/","url":"https:\/\/megapets.eu\/da\/wije-da\/anadenobolus-monilicorniskrokodille-der-ligner-en-bi\/","name":"Anadenobolus monilicornis \"Tusindben, der ligner en bi\" | MegaPets","isPartOf":{"@id":"https:\/\/megapets.eu\/da\/#website"},"primaryImageOfPage":{"@id":"https:\/\/megapets.eu\/da\/wije-da\/anadenobolus-monilicorniskrokodille-der-ligner-en-bi\/#primaryimage"},"image":{"@id":"https:\/\/megapets.eu\/da\/wije-da\/anadenobolus-monilicorniskrokodille-der-ligner-en-bi\/#primaryimage"},"thumbnailUrl":"https:\/\/megapets.eu\/wp-content\/uploads\/2024\/10\/0603201.png","datePublished":"2024-10-09T06:52:09+00:00","dateModified":"2025-08-13T14:59:37+00:00","breadcrumb":{"@id":"https:\/\/megapets.eu\/da\/wije-da\/anadenobolus-monilicorniskrokodille-der-ligner-en-bi\/#breadcrumb"},"inLanguage":"da-DK","potentialAction":[{"@type":"ReadAction","target":["https:\/\/megapets.eu\/da\/wije-da\/anadenobolus-monilicorniskrokodille-der-ligner-en-bi\/"]}]},{"@type":"ImageObject","inLanguage":"da-DK","@id":"https:\/\/megapets.eu\/da\/wije-da\/anadenobolus-monilicorniskrokodille-der-ligner-en-bi\/#primaryimage","url":"https:\/\/megapets.eu\/wp-content\/uploads\/2024\/10\/0603201.png","contentUrl":"https:\/\/megapets.eu\/wp-content\/uploads\/2024\/10\/0603201.png","width":2741,"height":1828},{"@type":"BreadcrumbList","@id":"https:\/\/megapets.eu\/da\/wije-da\/anadenobolus-monilicorniskrokodille-der-ligner-en-bi\/#breadcrumb","itemListElement":[{"@type":"ListItem","position":1,"name":"Strona g\u0142\u00f3wna","item":"https:\/\/megapets.eu\/da\/"},{"@type":"ListItem","position":2,"name":"Butik","item":"https:\/\/megapets.eu\/butik\/"},{"@type":"ListItem","position":3,"name":"Anadenobolus monilicornis&#8222;Tusindben, der ligner en bi\""}]},{"@type":"WebSite","@id":"https:\/\/megapets.eu\/da\/#website","url":"https:\/\/megapets.eu\/da\/","name":"Mega Pets","description":"Jedna z najwi\u0119kszych hodowli \u015blimak\u00f3w w Europie","publisher":{"@id":"https:\/\/megapets.eu\/da\/#organization"},"alternateName":"Mega Pets","potentialAction":[{"@type":"SearchAction","target":{"@type":"EntryPoint","urlTemplate":"https:\/\/megapets.eu\/da\/?s={search_term_string}"},"query-input":{"@type":"PropertyValueSpecification","valueRequired":true,"valueName":"search_term_string"}}],"inLanguage":"da-DK"},{"@type":"Organization","@id":"https:\/\/megapets.eu\/da\/#organization","name":"Mega Pets","url":"https:\/\/megapets.eu\/da\/","logo":{"@type":"ImageObject","inLanguage":"da-DK","@id":"https:\/\/megapets.eu\/da\/#\/schema\/logo\/image\/","url":"https:\/\/megapets.eu\/wp-content\/uploads\/2025\/04\/megapets_eu-logo.png","contentUrl":"https:\/\/megapets.eu\/wp-content\/uploads\/2025\/04\/megapets_eu-logo.png","width":2362,"height":2362,"caption":"Mega Pets"},"image":{"@id":"https:\/\/megapets.eu\/da\/#\/schema\/logo\/image\/"},"sameAs":["https:\/\/www.facebook.com\/MegaPets.eu\/"]}]}},"_links":{"self":[{"href":"https:\/\/megapets.eu\/da\/wp-json\/wp\/v2\/product\/8737","targetHints":{"allow":["GET"]}}],"collection":[{"href":"https:\/\/megapets.eu\/da\/wp-json\/wp\/v2\/product"}],"about":[{"href":"https:\/\/megapets.eu\/da\/wp-json\/wp\/v2\/types\/product"}],"wp:featuredmedia":[{"embeddable":true,"href":"https:\/\/megapets.eu\/da\/wp-json\/wp\/v2\/media\/8738"}],"wp:attachment":[{"href":"https:\/\/megapets.eu\/da\/wp-json\/wp\/v2\/media?parent=8737"}],"wp:term":[{"taxonomy":"product_cat","embeddable":true,"href":"https:\/\/megapets.eu\/da\/wp-json\/wp\/v2\/product_cat?post=8737"},{"taxonomy":"product_tag","embeddable":true,"href":"https:\/\/megapets.eu\/da\/wp-json\/wp\/v2\/product_tag?post=8737"}],"curies":[{"name":"wp","href":"https:\/\/api.w.org\/{rel}","templated":true}]}}