{"id":8754,"date":"2024-10-08T08:29:19","date_gmt":"2024-10-08T08:29:19","guid":{"rendered":"https:\/\/megapets.eu\/Ikke kategoriseret\/mos-sphagnum-250-mltil-hugorme-isopoder-kakerlakker\/"},"modified":"2024-10-08T08:29:19","modified_gmt":"2024-10-08T08:29:19","slug":"mos-sphagnum-250-mltil-hugorme-isopoder-kakerlakker","status":"publish","type":"product","link":"https:\/\/megapets.eu\/da\/tilbehor\/mos-sphagnum-250-mltil-hugorme-isopoder-kakerlakker\/","title":{"rendered":"Mos Sphagnum 250 ml<br \/>til hugorme, isopoder, kakerlakker"},"content":{"rendered":"<p><strong><span style=\"color: #e87020; font-size: 15px;\"><em><span style=\"color: #e87020;\"><span style=\"font-size: 15px;\">Sphagnummos 250 ml<\/span><\/span> til<span style=\"color: #e87020;\"> hugorme,<\/span> isopoder, kakerlakker<\/em><\/span><\/strong><\/p>\n<p><strong><span style=\"color: #e87020; font-size: 15px;\"><em>En pakke indeholder 250 ml varmebehandlet mos. <\/em><\/span><\/strong><\/p>\n<p><strong><span style=\"color: #e87020; font-size: 15px;\"><em>Prisen er for 1 pakke.<\/em><\/span><\/strong><\/p>\n<p><em><span style=\"color: #424242;\"><strong><span style=\"font-size: 15px;\">Sphagnummos, ogs\u00e5 kendt som t\u00f8rvemos, er et naturligt, fremragende substrattilskud til hugorme, krokodiller, kakerlakker og isopoder (prosimians, pungdyr), krybdyr, padder og bruges i vid udstr\u00e6kning i havebrug, plantedyrkning og terraristik. Dens unikke egenskaber g\u00f8r den uundv\u00e6rlig for b\u00e5de planteelskere og opdr\u00e6ttere af eksotiske dyr.<\/span><\/strong><\/span><\/em><\/p>\n<p><em><span style=\"color: #424242;\"><strong><span style=\"font-size: 15px;\">Sphagnum har antibakterielle og svampedr\u00e6bende egenskaber, er i stand til at holde p\u00e5 vandet, hvilket g\u00f8r den ideel som substratkomponent til planter, der kr\u00e6ver konstant fugt, og forhindrer et fald i luftfugtigheden i terrariet. Dens naturlige evne til at holde p\u00e5 fugten hj\u00e6lper med at opretholde et passende mikroklima i tropiske terrarier og spiller ogs\u00e5 en dekorativ rolle ved at give terrariets indre et naturligt udseende.<\/span><\/strong><\/span><\/em><\/p>\n","protected":false},"excerpt":{"rendered":"<ul class=\"product_attributes\">\n<li><span style=\"color: #555555;\">Varmebehandlet<\/span><\/li>\n<li><span style=\"color: #555555;\">Pakken indeholder:<\/span> 250 ml<\/li>\n<li><span style=\"color: #555555;\">Prisen g\u00e6lder for:<\/span> 1 pakke.<\/li>\n<\/ul>\n","protected":false},"featured_media":8755,"template":"","meta":{"_acf_changed":false,"_links_to":"","_links_to_target":""},"product_cat":[212],"product_tag":[215,220,214,216,219],"class_list":{"0":"post-8754","1":"product","2":"type-product","3":"status-publish","4":"has-post-thumbnail","6":"product_cat-tilbehor","7":"product_tag-for-isopoder","8":"product_tag-til-edderkopper","9":"product_tag-til-hvirvlerne","10":"product_tag-til-kakerlakker","11":"product_tag-til-knaeler","13":"first","14":"instock","15":"shipping-taxable","16":"purchasable","17":"product-type-simple"},"acf":[],"yoast_head":"<!-- This site is optimized with the Yoast SEO plugin v24.9 - https:\/\/yoast.com\/wordpress\/plugins\/seo\/ -->\n<title>Mos Sphagnum 250 mltil hugorme, isopoder, kakerlakker | MegaPets<\/title>\n<meta name=\"robots\" content=\"index, follow, max-snippet:-1, max-image-preview:large, max-video-preview:-1\" \/>\n<link rel=\"canonical\" href=\"https:\/\/megapets.eu\/da\/tilbehor\/mos-sphagnum-250-mltil-hugorme-isopoder-kakerlakker\/\" \/>\n<meta property=\"og:locale\" content=\"da_DK\" \/>\n<meta property=\"og:type\" content=\"article\" \/>\n<meta property=\"og:title\" content=\"Mos Sphagnum 250 mltil hugorme, isopoder, kakerlakker | MegaPets\" \/>\n<meta property=\"og:description\" content=\"Varmebehandlet  Pakken indeholder: 250 ml  Prisen g\u00e6lder for: 1 pakke.\" \/>\n<meta property=\"og:url\" content=\"https:\/\/megapets.eu\/da\/tilbehor\/mos-sphagnum-250-mltil-hugorme-isopoder-kakerlakker\/\" \/>\n<meta property=\"og:site_name\" content=\"MegaPets\" \/>\n<meta property=\"article:publisher\" content=\"https:\/\/www.facebook.com\/MegaPets.eu\/\" \/>\n<meta property=\"og:image\" content=\"https:\/\/megapets.eu\/wp-content\/uploads\/2024\/10\/IMG_2710-e1728376213603.jpg\" \/>\n\t<meta property=\"og:image:width\" content=\"1474\" \/>\n\t<meta property=\"og:image:height\" content=\"1000\" \/>\n\t<meta property=\"og:image:type\" content=\"image\/jpeg\" \/>\n<meta name=\"twitter:card\" content=\"summary_large_image\" \/>\n<meta name=\"twitter:label1\" content=\"Estimeret l\u00e6setid\" \/>\n\t<meta name=\"twitter:data1\" content=\"1 minut\" \/>\n<script type=\"application\/ld+json\" class=\"yoast-schema-graph\">{\"@context\":\"https:\/\/schema.org\",\"@graph\":[{\"@type\":\"WebPage\",\"@id\":\"https:\/\/megapets.eu\/da\/tilbehor\/mos-sphagnum-250-mltil-hugorme-isopoder-kakerlakker\/\",\"url\":\"https:\/\/megapets.eu\/da\/tilbehor\/mos-sphagnum-250-mltil-hugorme-isopoder-kakerlakker\/\",\"name\":\"Mos Sphagnum 250 ml til hugorme, isopoder, kakerlakker | MegaPets\",\"isPartOf\":{\"@id\":\"https:\/\/megapets.eu\/da\/#website\"},\"primaryImageOfPage\":{\"@id\":\"https:\/\/megapets.eu\/da\/tilbehor\/mos-sphagnum-250-mltil-hugorme-isopoder-kakerlakker\/#primaryimage\"},\"image\":{\"@id\":\"https:\/\/megapets.eu\/da\/tilbehor\/mos-sphagnum-250-mltil-hugorme-isopoder-kakerlakker\/#primaryimage\"},\"thumbnailUrl\":\"https:\/\/megapets.eu\/wp-content\/uploads\/2024\/10\/IMG_2710-e1728376213603.jpg\",\"datePublished\":\"2024-10-08T08:29:19+00:00\",\"breadcrumb\":{\"@id\":\"https:\/\/megapets.eu\/da\/tilbehor\/mos-sphagnum-250-mltil-hugorme-isopoder-kakerlakker\/#breadcrumb\"},\"inLanguage\":\"da-DK\",\"potentialAction\":[{\"@type\":\"ReadAction\",\"target\":[\"https:\/\/megapets.eu\/da\/tilbehor\/mos-sphagnum-250-mltil-hugorme-isopoder-kakerlakker\/\"]}]},{\"@type\":\"ImageObject\",\"inLanguage\":\"da-DK\",\"@id\":\"https:\/\/megapets.eu\/da\/tilbehor\/mos-sphagnum-250-mltil-hugorme-isopoder-kakerlakker\/#primaryimage\",\"url\":\"https:\/\/megapets.eu\/wp-content\/uploads\/2024\/10\/IMG_2710-e1728376213603.jpg\",\"contentUrl\":\"https:\/\/megapets.eu\/wp-content\/uploads\/2024\/10\/IMG_2710-e1728376213603.jpg\",\"width\":1474,\"height\":1000},{\"@type\":\"BreadcrumbList\",\"@id\":\"https:\/\/megapets.eu\/da\/tilbehor\/mos-sphagnum-250-mltil-hugorme-isopoder-kakerlakker\/#breadcrumb\",\"itemListElement\":[{\"@type\":\"ListItem\",\"position\":1,\"name\":\"Strona g\u0142\u00f3wna\",\"item\":\"https:\/\/megapets.eu\/da\/\"},{\"@type\":\"ListItem\",\"position\":2,\"name\":\"Butik\",\"item\":\"https:\/\/megapets.eu\/butik\/\"},{\"@type\":\"ListItem\",\"position\":3,\"name\":\"Mos Sphagnum 250 mltil hugorme, isopoder, kakerlakker\"}]},{\"@type\":\"WebSite\",\"@id\":\"https:\/\/megapets.eu\/da\/#website\",\"url\":\"https:\/\/megapets.eu\/da\/\",\"name\":\"Mega Pets\",\"description\":\"Jedna z najwi\u0119kszych hodowli \u015blimak\u00f3w w Europie\",\"publisher\":{\"@id\":\"https:\/\/megapets.eu\/da\/#organization\"},\"alternateName\":\"Mega Pets\",\"potentialAction\":[{\"@type\":\"SearchAction\",\"target\":{\"@type\":\"EntryPoint\",\"urlTemplate\":\"https:\/\/megapets.eu\/da\/?s={search_term_string}\"},\"query-input\":{\"@type\":\"PropertyValueSpecification\",\"valueRequired\":true,\"valueName\":\"search_term_string\"}}],\"inLanguage\":\"da-DK\"},{\"@type\":\"Organization\",\"@id\":\"https:\/\/megapets.eu\/da\/#organization\",\"name\":\"Mega Pets\",\"url\":\"https:\/\/megapets.eu\/da\/\",\"logo\":{\"@type\":\"ImageObject\",\"inLanguage\":\"da-DK\",\"@id\":\"https:\/\/megapets.eu\/da\/#\/schema\/logo\/image\/\",\"url\":\"https:\/\/megapets.eu\/wp-content\/uploads\/2025\/04\/megapets_eu-logo.png\",\"contentUrl\":\"https:\/\/megapets.eu\/wp-content\/uploads\/2025\/04\/megapets_eu-logo.png\",\"width\":2362,\"height\":2362,\"caption\":\"Mega Pets\"},\"image\":{\"@id\":\"https:\/\/megapets.eu\/da\/#\/schema\/logo\/image\/\"},\"sameAs\":[\"https:\/\/www.facebook.com\/MegaPets.eu\/\"]}]}<\/script>\n<!-- \/ Yoast SEO plugin. -->","yoast_head_json":{"title":"Mos Sphagnum 250 mltil hugorme, isopoder, kakerlakker | MegaPets","robots":{"index":"index","follow":"follow","max-snippet":"max-snippet:-1","max-image-preview":"max-image-preview:large","max-video-preview":"max-video-preview:-1"},"canonical":"https:\/\/megapets.eu\/da\/tilbehor\/mos-sphagnum-250-mltil-hugorme-isopoder-kakerlakker\/","og_locale":"da_DK","og_type":"article","og_title":"Mos Sphagnum 250 mltil hugorme, isopoder, kakerlakker | MegaPets","og_description":"Varmebehandlet  Pakken indeholder: 250 ml  Prisen g\u00e6lder for: 1 pakke.","og_url":"https:\/\/megapets.eu\/da\/tilbehor\/mos-sphagnum-250-mltil-hugorme-isopoder-kakerlakker\/","og_site_name":"MegaPets","article_publisher":"https:\/\/www.facebook.com\/MegaPets.eu\/","og_image":[{"width":1474,"height":1000,"url":"https:\/\/megapets.eu\/wp-content\/uploads\/2024\/10\/IMG_2710-e1728376213603.jpg","type":"image\/jpeg"}],"twitter_card":"summary_large_image","twitter_misc":{"Estimeret l\u00e6setid":"1 minut"},"schema":{"@context":"https:\/\/schema.org","@graph":[{"@type":"WebPage","@id":"https:\/\/megapets.eu\/da\/tilbehor\/mos-sphagnum-250-mltil-hugorme-isopoder-kakerlakker\/","url":"https:\/\/megapets.eu\/da\/tilbehor\/mos-sphagnum-250-mltil-hugorme-isopoder-kakerlakker\/","name":"Mos Sphagnum 250 ml til hugorme, isopoder, kakerlakker | MegaPets","isPartOf":{"@id":"https:\/\/megapets.eu\/da\/#website"},"primaryImageOfPage":{"@id":"https:\/\/megapets.eu\/da\/tilbehor\/mos-sphagnum-250-mltil-hugorme-isopoder-kakerlakker\/#primaryimage"},"image":{"@id":"https:\/\/megapets.eu\/da\/tilbehor\/mos-sphagnum-250-mltil-hugorme-isopoder-kakerlakker\/#primaryimage"},"thumbnailUrl":"https:\/\/megapets.eu\/wp-content\/uploads\/2024\/10\/IMG_2710-e1728376213603.jpg","datePublished":"2024-10-08T08:29:19+00:00","breadcrumb":{"@id":"https:\/\/megapets.eu\/da\/tilbehor\/mos-sphagnum-250-mltil-hugorme-isopoder-kakerlakker\/#breadcrumb"},"inLanguage":"da-DK","potentialAction":[{"@type":"ReadAction","target":["https:\/\/megapets.eu\/da\/tilbehor\/mos-sphagnum-250-mltil-hugorme-isopoder-kakerlakker\/"]}]},{"@type":"ImageObject","inLanguage":"da-DK","@id":"https:\/\/megapets.eu\/da\/tilbehor\/mos-sphagnum-250-mltil-hugorme-isopoder-kakerlakker\/#primaryimage","url":"https:\/\/megapets.eu\/wp-content\/uploads\/2024\/10\/IMG_2710-e1728376213603.jpg","contentUrl":"https:\/\/megapets.eu\/wp-content\/uploads\/2024\/10\/IMG_2710-e1728376213603.jpg","width":1474,"height":1000},{"@type":"BreadcrumbList","@id":"https:\/\/megapets.eu\/da\/tilbehor\/mos-sphagnum-250-mltil-hugorme-isopoder-kakerlakker\/#breadcrumb","itemListElement":[{"@type":"ListItem","position":1,"name":"Strona g\u0142\u00f3wna","item":"https:\/\/megapets.eu\/da\/"},{"@type":"ListItem","position":2,"name":"Butik","item":"https:\/\/megapets.eu\/butik\/"},{"@type":"ListItem","position":3,"name":"Mos Sphagnum 250 mltil hugorme, isopoder, kakerlakker"}]},{"@type":"WebSite","@id":"https:\/\/megapets.eu\/da\/#website","url":"https:\/\/megapets.eu\/da\/","name":"Mega Pets","description":"Jedna z najwi\u0119kszych hodowli \u015blimak\u00f3w w Europie","publisher":{"@id":"https:\/\/megapets.eu\/da\/#organization"},"alternateName":"Mega Pets","potentialAction":[{"@type":"SearchAction","target":{"@type":"EntryPoint","urlTemplate":"https:\/\/megapets.eu\/da\/?s={search_term_string}"},"query-input":{"@type":"PropertyValueSpecification","valueRequired":true,"valueName":"search_term_string"}}],"inLanguage":"da-DK"},{"@type":"Organization","@id":"https:\/\/megapets.eu\/da\/#organization","name":"Mega Pets","url":"https:\/\/megapets.eu\/da\/","logo":{"@type":"ImageObject","inLanguage":"da-DK","@id":"https:\/\/megapets.eu\/da\/#\/schema\/logo\/image\/","url":"https:\/\/megapets.eu\/wp-content\/uploads\/2025\/04\/megapets_eu-logo.png","contentUrl":"https:\/\/megapets.eu\/wp-content\/uploads\/2025\/04\/megapets_eu-logo.png","width":2362,"height":2362,"caption":"Mega Pets"},"image":{"@id":"https:\/\/megapets.eu\/da\/#\/schema\/logo\/image\/"},"sameAs":["https:\/\/www.facebook.com\/MegaPets.eu\/"]}]}},"_links":{"self":[{"href":"https:\/\/megapets.eu\/da\/wp-json\/wp\/v2\/product\/8754","targetHints":{"allow":["GET"]}}],"collection":[{"href":"https:\/\/megapets.eu\/da\/wp-json\/wp\/v2\/product"}],"about":[{"href":"https:\/\/megapets.eu\/da\/wp-json\/wp\/v2\/types\/product"}],"wp:featuredmedia":[{"embeddable":true,"href":"https:\/\/megapets.eu\/da\/wp-json\/wp\/v2\/media\/8755"}],"wp:attachment":[{"href":"https:\/\/megapets.eu\/da\/wp-json\/wp\/v2\/media?parent=8754"}],"wp:term":[{"taxonomy":"product_cat","embeddable":true,"href":"https:\/\/megapets.eu\/da\/wp-json\/wp\/v2\/product_cat?post=8754"},{"taxonomy":"product_tag","embeddable":true,"href":"https:\/\/megapets.eu\/da\/wp-json\/wp\/v2\/product_tag?post=8754"}],"curies":[{"name":"wp","href":"https:\/\/api.w.org\/{rel}","templated":true}]}}