{"id":8767,"date":"2024-10-04T07:54:58","date_gmt":"2024-10-04T07:54:58","guid":{"rendered":"https:\/\/megapets.eu\/Ikke kategoriseret\/pakke-gammarustoerrede-bakterier-malet-25-g\/"},"modified":"2024-10-04T07:54:58","modified_gmt":"2024-10-04T07:54:58","slug":"pakke-gammarustoerrede-bakterier-malet-25-g","status":"publish","type":"product","link":"https:\/\/megapets.eu\/da\/tilbehor\/pakke-gammarustoerrede-bakterier-malet-25-g\/","title":{"rendered":"Pakke &#8216;Gammarus&#8217;<br \/>t\u00f8rrede bakterier malet 25 g"},"content":{"rendered":"<p><strong><span style=\"color: #e87020; font-size: 15px;\"><em>Pakke &#8220;Gammarus&quot; t\u00f8rrede jordbakterier 25 g<\/em><\/span><\/strong><\/p>\n<p><strong><span style=\"color: #e87020; font-size: 15px;\"><em>En pakke indeholder 25 g jordbakterier.<\/em><\/span><\/strong><\/p>\n<p><strong><span style=\"color: #e87020; font-size: 15px;\"><em>Sammens\u00e6tning: 100 % naturlige t\u00f8rrede bakterier.<\/em><\/span><\/strong><\/p>\n<p><strong><span style=\"color: #e87020; font-size: 15px;\"><em>Prisen er for 1 pakke.<\/em><\/span><\/strong><\/p>\n<p><em><span style=\"color: #424242;\"><strong><span style=\"font-size: 15px;\">Malet gammarus er en t\u00f8rret kim, der er rig p\u00e5 makro- og mikroelementer, en naturlig kilde til animalsk protein og kitin. Gammarus er ideel til opdr\u00e6t af ikke bare eksotiske snegle, men ogs\u00e5 andre terrariedyr, f.eks. orme, krokodiller, eksotiske kakerlakker osv. <\/span><\/strong><\/span><\/em><em><span style=\"color: #424242;\"><strong><span style=\"font-size: 15px;\">Jordgammarus er let for k\u00e6ledyret at tage og at dosere portioner til k\u00e6ledyret.<\/span><\/strong><\/span><\/em><\/p>\n<p><em><span style=\"color: #424242;\"><strong><span style=\"font-size: 15px;\">Dosering: Drys malet gammarus let over en del af den mad, der skal fodres med. Hvis dit k\u00e6ledyr er en eksotisk snegl, anbefales det ikke at fodre med animalsk protein mere end en gang om ugen. Ved n\u00e6ste fodring er det bedre at stoppe med at fodre med gammarus og tilbyde dit k\u00e6ledyr andre typer kosttilskud, f.eks. kornblandingen &#8220;Protein &amp; Vitamin&quot; eller &#8220;Exotic herbal mix&quot;.<\/span><\/strong><\/span><\/em><\/p>\n<p><em><span style=\"color: #424242;\"><strong><span style=\"font-size: 15px;\">Vi anbefaler kosttilskud, som er i stand til at d\u00e6kke behovet for v\u00e6rdifulde n\u00e6ringsstoffer hos selv de mest kr\u00e6vende arter: &#8220;Protein &amp; Vitamin&quot;, eksotisk urtemix, malet gammarus. Det anbefales, at kosttilskuddene bruges skiftevis, s\u00e5 dit k\u00e6ledyrs kost forbliver varieret og komplet.<\/span><\/strong><\/span><\/em><\/p>\n","protected":false},"excerpt":{"rendered":"<ul class=\"product_attributes\">\n<li><span style=\"color: #555555;\">Ingredienser:<\/span> 100% naturlige bakterier<\/li>\n<li><span style=\"color: #555555;\">Pakken indeholder:<\/span> 25 g<\/li>\n<li><span style=\"color: #555555;\">Prisen g\u00e6lder for:<\/span> 1 pakke.<\/li>\n<\/ul>\n","protected":false},"featured_media":8769,"template":"","meta":{"_acf_changed":false,"_links_to":"","_links_to_target":""},"product_cat":[212],"product_tag":[215,214,216,213],"class_list":{"0":"post-8767","1":"product","2":"type-product","3":"status-publish","4":"has-post-thumbnail","6":"product_cat-tilbehor","7":"product_tag-for-isopoder","8":"product_tag-til-hvirvlerne","9":"product_tag-til-kakerlakker","10":"product_tag-til-snegle","12":"first","13":"instock","14":"shipping-taxable","15":"purchasable","16":"product-type-simple"},"acf":[],"yoast_head":"<!-- This site is optimized with the Yoast SEO plugin v24.9 - https:\/\/yoast.com\/wordpress\/plugins\/seo\/ -->\n<title>Pakke &#039;Gammarus&#039;t\u00f8rrede bakterier malet 25 g | MegaPets<\/title>\n<meta name=\"robots\" content=\"index, follow, max-snippet:-1, max-image-preview:large, max-video-preview:-1\" \/>\n<link rel=\"canonical\" href=\"https:\/\/megapets.eu\/da\/tilbehor\/pakke-gammarustoerrede-bakterier-malet-25-g\/\" \/>\n<meta property=\"og:locale\" content=\"da_DK\" \/>\n<meta property=\"og:type\" content=\"article\" \/>\n<meta property=\"og:title\" content=\"Pakke &#039;Gammarus&#039;t\u00f8rrede bakterier malet 25 g | MegaPets\" \/>\n<meta property=\"og:description\" content=\"Ingredienser: 100% naturlige bakterier  Pakken indeholder: 25 g  Prisen g\u00e6lder for: 1 pakke.\" \/>\n<meta property=\"og:url\" content=\"https:\/\/megapets.eu\/da\/tilbehor\/pakke-gammarustoerrede-bakterier-malet-25-g\/\" \/>\n<meta property=\"og:site_name\" content=\"MegaPets\" \/>\n<meta property=\"article:publisher\" content=\"https:\/\/www.facebook.com\/MegaPets.eu\/\" \/>\n<meta property=\"og:image\" content=\"https:\/\/megapets.eu\/wp-content\/uploads\/2024\/10\/IMG_20200808_194545-1024x812.png\" \/>\n\t<meta property=\"og:image:width\" content=\"1024\" \/>\n\t<meta property=\"og:image:height\" content=\"812\" \/>\n\t<meta property=\"og:image:type\" content=\"image\/png\" \/>\n<meta name=\"twitter:card\" content=\"summary_large_image\" \/>\n<meta name=\"twitter:label1\" content=\"Estimeret l\u00e6setid\" \/>\n\t<meta name=\"twitter:data1\" content=\"1 minut\" \/>\n<script type=\"application\/ld+json\" class=\"yoast-schema-graph\">{\"@context\":\"https:\/\/schema.org\",\"@graph\":[{\"@type\":\"WebPage\",\"@id\":\"https:\/\/megapets.eu\/da\/tilbehor\/pakke-gammarustoerrede-bakterier-malet-25-g\/\",\"url\":\"https:\/\/megapets.eu\/da\/tilbehor\/pakke-gammarustoerrede-bakterier-malet-25-g\/\",\"name\":\"Pakke 'Gammarus' t\u00f8rrede bakterier malet 25 g | MegaPets\",\"isPartOf\":{\"@id\":\"https:\/\/megapets.eu\/da\/#website\"},\"primaryImageOfPage\":{\"@id\":\"https:\/\/megapets.eu\/da\/tilbehor\/pakke-gammarustoerrede-bakterier-malet-25-g\/#primaryimage\"},\"image\":{\"@id\":\"https:\/\/megapets.eu\/da\/tilbehor\/pakke-gammarustoerrede-bakterier-malet-25-g\/#primaryimage\"},\"thumbnailUrl\":\"https:\/\/megapets.eu\/wp-content\/uploads\/2024\/10\/IMG_20200808_194545.png\",\"datePublished\":\"2024-10-04T07:54:58+00:00\",\"breadcrumb\":{\"@id\":\"https:\/\/megapets.eu\/da\/tilbehor\/pakke-gammarustoerrede-bakterier-malet-25-g\/#breadcrumb\"},\"inLanguage\":\"da-DK\",\"potentialAction\":[{\"@type\":\"ReadAction\",\"target\":[\"https:\/\/megapets.eu\/da\/tilbehor\/pakke-gammarustoerrede-bakterier-malet-25-g\/\"]}]},{\"@type\":\"ImageObject\",\"inLanguage\":\"da-DK\",\"@id\":\"https:\/\/megapets.eu\/da\/tilbehor\/pakke-gammarustoerrede-bakterier-malet-25-g\/#primaryimage\",\"url\":\"https:\/\/megapets.eu\/wp-content\/uploads\/2024\/10\/IMG_20200808_194545.png\",\"contentUrl\":\"https:\/\/megapets.eu\/wp-content\/uploads\/2024\/10\/IMG_20200808_194545.png\",\"width\":3068,\"height\":2434},{\"@type\":\"BreadcrumbList\",\"@id\":\"https:\/\/megapets.eu\/da\/tilbehor\/pakke-gammarustoerrede-bakterier-malet-25-g\/#breadcrumb\",\"itemListElement\":[{\"@type\":\"ListItem\",\"position\":1,\"name\":\"Strona g\u0142\u00f3wna\",\"item\":\"https:\/\/megapets.eu\/da\/\"},{\"@type\":\"ListItem\",\"position\":2,\"name\":\"Butik\",\"item\":\"https:\/\/megapets.eu\/butik\/\"},{\"@type\":\"ListItem\",\"position\":3,\"name\":\"Pakke 'Gammarus&#8217;t\u00f8rrede bakterier malet 25 g\"}]},{\"@type\":\"WebSite\",\"@id\":\"https:\/\/megapets.eu\/da\/#website\",\"url\":\"https:\/\/megapets.eu\/da\/\",\"name\":\"Mega Pets\",\"description\":\"Jedna z najwi\u0119kszych hodowli \u015blimak\u00f3w w Europie\",\"publisher\":{\"@id\":\"https:\/\/megapets.eu\/da\/#organization\"},\"alternateName\":\"Mega Pets\",\"potentialAction\":[{\"@type\":\"SearchAction\",\"target\":{\"@type\":\"EntryPoint\",\"urlTemplate\":\"https:\/\/megapets.eu\/da\/?s={search_term_string}\"},\"query-input\":{\"@type\":\"PropertyValueSpecification\",\"valueRequired\":true,\"valueName\":\"search_term_string\"}}],\"inLanguage\":\"da-DK\"},{\"@type\":\"Organization\",\"@id\":\"https:\/\/megapets.eu\/da\/#organization\",\"name\":\"Mega Pets\",\"url\":\"https:\/\/megapets.eu\/da\/\",\"logo\":{\"@type\":\"ImageObject\",\"inLanguage\":\"da-DK\",\"@id\":\"https:\/\/megapets.eu\/da\/#\/schema\/logo\/image\/\",\"url\":\"https:\/\/megapets.eu\/wp-content\/uploads\/2025\/04\/megapets_eu-logo.png\",\"contentUrl\":\"https:\/\/megapets.eu\/wp-content\/uploads\/2025\/04\/megapets_eu-logo.png\",\"width\":2362,\"height\":2362,\"caption\":\"Mega Pets\"},\"image\":{\"@id\":\"https:\/\/megapets.eu\/da\/#\/schema\/logo\/image\/\"},\"sameAs\":[\"https:\/\/www.facebook.com\/MegaPets.eu\/\"]}]}<\/script>\n<!-- \/ Yoast SEO plugin. -->","yoast_head_json":{"title":"Pakke 'Gammarus't\u00f8rrede bakterier malet 25 g | MegaPets","robots":{"index":"index","follow":"follow","max-snippet":"max-snippet:-1","max-image-preview":"max-image-preview:large","max-video-preview":"max-video-preview:-1"},"canonical":"https:\/\/megapets.eu\/da\/tilbehor\/pakke-gammarustoerrede-bakterier-malet-25-g\/","og_locale":"da_DK","og_type":"article","og_title":"Pakke 'Gammarus't\u00f8rrede bakterier malet 25 g | MegaPets","og_description":"Ingredienser: 100% naturlige bakterier  Pakken indeholder: 25 g  Prisen g\u00e6lder for: 1 pakke.","og_url":"https:\/\/megapets.eu\/da\/tilbehor\/pakke-gammarustoerrede-bakterier-malet-25-g\/","og_site_name":"MegaPets","article_publisher":"https:\/\/www.facebook.com\/MegaPets.eu\/","og_image":[{"width":1024,"height":812,"url":"https:\/\/megapets.eu\/wp-content\/uploads\/2024\/10\/IMG_20200808_194545-1024x812.png","type":"image\/png"}],"twitter_card":"summary_large_image","twitter_misc":{"Estimeret l\u00e6setid":"1 minut"},"schema":{"@context":"https:\/\/schema.org","@graph":[{"@type":"WebPage","@id":"https:\/\/megapets.eu\/da\/tilbehor\/pakke-gammarustoerrede-bakterier-malet-25-g\/","url":"https:\/\/megapets.eu\/da\/tilbehor\/pakke-gammarustoerrede-bakterier-malet-25-g\/","name":"Pakke 'Gammarus' t\u00f8rrede bakterier malet 25 g | MegaPets","isPartOf":{"@id":"https:\/\/megapets.eu\/da\/#website"},"primaryImageOfPage":{"@id":"https:\/\/megapets.eu\/da\/tilbehor\/pakke-gammarustoerrede-bakterier-malet-25-g\/#primaryimage"},"image":{"@id":"https:\/\/megapets.eu\/da\/tilbehor\/pakke-gammarustoerrede-bakterier-malet-25-g\/#primaryimage"},"thumbnailUrl":"https:\/\/megapets.eu\/wp-content\/uploads\/2024\/10\/IMG_20200808_194545.png","datePublished":"2024-10-04T07:54:58+00:00","breadcrumb":{"@id":"https:\/\/megapets.eu\/da\/tilbehor\/pakke-gammarustoerrede-bakterier-malet-25-g\/#breadcrumb"},"inLanguage":"da-DK","potentialAction":[{"@type":"ReadAction","target":["https:\/\/megapets.eu\/da\/tilbehor\/pakke-gammarustoerrede-bakterier-malet-25-g\/"]}]},{"@type":"ImageObject","inLanguage":"da-DK","@id":"https:\/\/megapets.eu\/da\/tilbehor\/pakke-gammarustoerrede-bakterier-malet-25-g\/#primaryimage","url":"https:\/\/megapets.eu\/wp-content\/uploads\/2024\/10\/IMG_20200808_194545.png","contentUrl":"https:\/\/megapets.eu\/wp-content\/uploads\/2024\/10\/IMG_20200808_194545.png","width":3068,"height":2434},{"@type":"BreadcrumbList","@id":"https:\/\/megapets.eu\/da\/tilbehor\/pakke-gammarustoerrede-bakterier-malet-25-g\/#breadcrumb","itemListElement":[{"@type":"ListItem","position":1,"name":"Strona g\u0142\u00f3wna","item":"https:\/\/megapets.eu\/da\/"},{"@type":"ListItem","position":2,"name":"Butik","item":"https:\/\/megapets.eu\/butik\/"},{"@type":"ListItem","position":3,"name":"Pakke 'Gammarus&#8217;t\u00f8rrede bakterier malet 25 g"}]},{"@type":"WebSite","@id":"https:\/\/megapets.eu\/da\/#website","url":"https:\/\/megapets.eu\/da\/","name":"Mega Pets","description":"Jedna z najwi\u0119kszych hodowli \u015blimak\u00f3w w Europie","publisher":{"@id":"https:\/\/megapets.eu\/da\/#organization"},"alternateName":"Mega Pets","potentialAction":[{"@type":"SearchAction","target":{"@type":"EntryPoint","urlTemplate":"https:\/\/megapets.eu\/da\/?s={search_term_string}"},"query-input":{"@type":"PropertyValueSpecification","valueRequired":true,"valueName":"search_term_string"}}],"inLanguage":"da-DK"},{"@type":"Organization","@id":"https:\/\/megapets.eu\/da\/#organization","name":"Mega Pets","url":"https:\/\/megapets.eu\/da\/","logo":{"@type":"ImageObject","inLanguage":"da-DK","@id":"https:\/\/megapets.eu\/da\/#\/schema\/logo\/image\/","url":"https:\/\/megapets.eu\/wp-content\/uploads\/2025\/04\/megapets_eu-logo.png","contentUrl":"https:\/\/megapets.eu\/wp-content\/uploads\/2025\/04\/megapets_eu-logo.png","width":2362,"height":2362,"caption":"Mega Pets"},"image":{"@id":"https:\/\/megapets.eu\/da\/#\/schema\/logo\/image\/"},"sameAs":["https:\/\/www.facebook.com\/MegaPets.eu\/"]}]}},"_links":{"self":[{"href":"https:\/\/megapets.eu\/da\/wp-json\/wp\/v2\/product\/8767","targetHints":{"allow":["GET"]}}],"collection":[{"href":"https:\/\/megapets.eu\/da\/wp-json\/wp\/v2\/product"}],"about":[{"href":"https:\/\/megapets.eu\/da\/wp-json\/wp\/v2\/types\/product"}],"wp:featuredmedia":[{"embeddable":true,"href":"https:\/\/megapets.eu\/da\/wp-json\/wp\/v2\/media\/8769"}],"wp:attachment":[{"href":"https:\/\/megapets.eu\/da\/wp-json\/wp\/v2\/media?parent=8767"}],"wp:term":[{"taxonomy":"product_cat","embeddable":true,"href":"https:\/\/megapets.eu\/da\/wp-json\/wp\/v2\/product_cat?post=8767"},{"taxonomy":"product_tag","embeddable":true,"href":"https:\/\/megapets.eu\/da\/wp-json\/wp\/v2\/product_tag?post=8767"}],"curies":[{"name":"wp","href":"https:\/\/api.w.org\/{rel}","templated":true}]}}