{"id":8799,"date":"2024-10-05T16:59:53","date_gmt":"2024-10-05T16:59:53","guid":{"rendered":"https:\/\/megapets.eu\/Ikke kategoriseret\/porcellio-forlader-milk-backrengoeringsholdet\/"},"modified":"2024-10-05T16:59:53","modified_gmt":"2024-10-05T16:59:53","slug":"porcellio-forlader-milk-backrengoeringsholdet","status":"publish","type":"product","link":"https:\/\/megapets.eu\/da\/isopoder\/porcellio-forlader-milk-backrengoeringsholdet\/","title":{"rendered":"Porcellio forlader &#8220;Milk Back&quot;<br \/>&#8220;Reng\u00f8ringsholdet&quot;"},"content":{"rendered":"<p class=\"v1v1v1v1MsoNormal\"><span style=\"color: #424242;\"><strong><em><span style=\"font-size: 15px;\">Prosion \/ Culottes: g<\/span><\/em><\/strong><strong><em><span style=\"font-size: 15px;\">atunek Porcellioblade &#8220;Milk Back&quot;.<\/span><\/em><\/strong><\/span><\/p>\n<p><span style=\"color: #424242;\"><strong><em><span style=\"font-size: 15px;\"><strong style=\"color: #424242;\"><span class=\"x1xsqp64 xiy17q3 x1o6pynw x19co3pv xdj266r xcwd3tp xat24cr x39eecv x2b8uid\" data-testid=\"emoji\"><span class=\"xexx8yu xn5pp95 x18d9i69 x2fxd7x x3jgonx x1bhl96m\">Porcellioblade &#8220;<span style=\"font-size: 15px; color: #424242;\">\ud83e\udd0d<\/span>Milk<span style=\"font-size: 15px; color: #424242;\">\ud83d\udc04<\/span>Back<span style=\"font-size: 15px; color: #424242;\">\ud83d\udda4<\/span>&#8220;, en smuk sort af Porcellioblade, der ligner den popul\u00e6re &#8220;fudge&quot;, nem at vedligeholde og derfor god til begyndere.<\/span><\/span><\/strong><\/span><\/em><\/strong><\/span><\/p>\n<p><strong style=\"color: #424242;\"><strong><em><span style=\"font-size: 15px; color: #424242;\"><strong><span style=\"font-size: 15px;\"><span style=\"color: #424242;\"><span class=\"x1xsqp64 xiy17q3 x1o6pynw x19co3pv xdj266r xcwd3tp xat24cr x39eecv x2b8uid\" data-testid=\"emoji\"><span class=\"xexx8yu xn5pp95 x18d9i69 x2fxd7x x3jgonx x1bhl96m\">\ud83d\udda4\ud83e\udd0d\ud83d\udda4 <\/span><\/span><\/span><\/span>Leder du efter noget sjovt at dyrke til at begynde med? <\/strong> Prosioner og pumaer<strong> <\/strong>er smukke og nemme at holde, helt sikre for mennesker og bider ikke. De har svage k\u00e6ber, der er tilpasset til at makulere plantemateriale. Isopoder foretr\u00e6kker fugtige steder, lever i det \u00f8verste lag af substratet og lever af blade, et multikomponentsubstrat designet til krokodiller samt gr\u00f8ntsager og frugt.<\/span><\/em><\/strong><\/strong><\/p>\n<p class=\"v1v1v1v1MsoNormal\"><span style=\"color: #424242;\"><strong><em><span style=\"font-size: 15px;\"><span class=\"x1xsqp64 xiy17q3 x1o6pynw x19co3pv xdj266r xcwd3tp xat24cr x39eecv x2b8uid\" data-testid=\"emoji\"><span class=\"xexx8yu xn5pp95 x18d9i69 x2fxd7x x3jgonx x1bhl96m\">\ud83c\udf3f <\/span><\/span>Alt, hvad s\u00e5dan et dyr har brug for til en vellykket udvikling og liv i et terrarium, er:<\/span><\/em><\/strong><\/span><\/p>\n<p class=\"v1v1v1v1MsoNormal\"><span style=\"color: #008000;\"><strong><em><span style=\"font-size: 15px;\">* Substrat\/foder: Krokodille- og ormesubstrat eller kokosn\u00f8ddesubstrat;<\/span><\/em><\/strong><\/span><\/p>\n<p class=\"v1v1v1v1MsoNormal\"><span style=\"color: #008000;\"><strong><em><span style=\"font-size: 15px;\">* Mad: Friske gr\u00f8ntsager og frugt;<\/span><\/em><\/strong><\/span><\/p>\n<p class=\"v1v1v1v1MsoNormal\"><span style=\"color: #008000;\"><strong><em><span style=\"font-size: 15px;\">* Foder: Sepia &#8211; bl\u00e6ksprutteben er en naturlig kilde til calcium for terrariedyr; <\/span><\/em><\/strong><\/span><\/p>\n<p class=\"v1v1v1v1MsoNormal\"><span style=\"color: #008000;\"><strong><em><span style=\"font-size: 15px;\">* Foder: Ground gammarus er en t\u00f8rret kim, rig p\u00e5 makro- og mikron\u00e6ringsstoffer, en naturlig kilde til animalsk protein og kitin (f\u00e5s p\u00e5 vores anden auktion);<\/span><\/em><\/strong><\/span><\/p>\n<p class=\"v1v1v1v1MsoNormal\"><span style=\"color: #008000;\"><strong><em><span style=\"font-size: 15px;\">* Terrarium: Faunabox eller avlsbeholder er ideel til at holde isopoder;<\/span><\/em><\/strong><\/span><\/p>\n<p class=\"v1v1v1v1MsoNormal\"><span style=\"color: #008000;\"><strong><em><span style=\"font-size: 15px;\">* Lad ikke underlaget blive helt t\u00f8rt, drys terrariet en gang imellem.<\/span><\/em><\/strong><\/span><\/p>\n","protected":false},"excerpt":{"rendered":"<ul class=\"product_attributes\">\n<li><strong>M\u00e5lst\u00f8rrelse p\u00e5 pr\u00f8verne:<\/strong> <span style=\"color: #000000;\">ca. 2 cm<\/span><\/li>\n<li>Tilbudte pr\u00f8ver: <span style=\"color: #000000;\">pakket tilf\u00e6ldigt<\/span><\/li>\n<li>Prisen er for et s\u00e6t: <span style=\"color: #000000;\">10 stykker<\/span><\/li>\n<\/ul>\n","protected":false},"featured_media":8800,"template":"","meta":{"_acf_changed":false,"_links_to":"","_links_to_target":""},"product_cat":[218],"product_tag":[],"class_list":{"0":"post-8799","1":"product","2":"type-product","3":"status-publish","4":"has-post-thumbnail","6":"product_cat-isopoder","8":"first","9":"instock","10":"shipping-taxable","11":"purchasable","12":"product-type-simple"},"acf":[],"yoast_head":"<!-- This site is optimized with the Yoast SEO plugin v24.9 - https:\/\/yoast.com\/wordpress\/plugins\/seo\/ -->\n<title>Porcellio forlader &quot;Milk Back&quot;&quot;Reng\u00f8ringsholdet&quot; | MegaPets<\/title>\n<meta name=\"robots\" content=\"index, follow, max-snippet:-1, max-image-preview:large, max-video-preview:-1\" \/>\n<link rel=\"canonical\" href=\"https:\/\/megapets.eu\/da\/isopoder\/porcellio-forlader-milk-backrengoeringsholdet\/\" \/>\n<meta property=\"og:locale\" content=\"da_DK\" \/>\n<meta property=\"og:type\" content=\"article\" \/>\n<meta property=\"og:title\" content=\"Porcellio forlader &quot;Milk Back&quot;&quot;Reng\u00f8ringsholdet&quot; | MegaPets\" \/>\n<meta property=\"og:description\" content=\"M\u00e5lst\u00f8rrelse p\u00e5 pr\u00f8verne: ca. 2 cm  Tilbudte pr\u00f8ver: pakket tilf\u00e6ldigt  Prisen er for et s\u00e6t: 10 stykker\" \/>\n<meta property=\"og:url\" content=\"https:\/\/megapets.eu\/da\/isopoder\/porcellio-forlader-milk-backrengoeringsholdet\/\" \/>\n<meta property=\"og:site_name\" content=\"MegaPets\" \/>\n<meta property=\"article:publisher\" content=\"https:\/\/www.facebook.com\/MegaPets.eu\/\" \/>\n<meta property=\"og:image\" content=\"https:\/\/megapets.eu\/wp-content\/uploads\/2024\/10\/IMG_20240807_121627-scaled.jpg\" \/>\n\t<meta property=\"og:image:width\" content=\"2560\" \/>\n\t<meta property=\"og:image:height\" content=\"1920\" \/>\n\t<meta property=\"og:image:type\" content=\"image\/jpeg\" \/>\n<meta name=\"twitter:card\" content=\"summary_large_image\" \/>\n<meta name=\"twitter:label1\" content=\"Estimeret l\u00e6setid\" \/>\n\t<meta name=\"twitter:data1\" content=\"1 minut\" \/>\n<script type=\"application\/ld+json\" class=\"yoast-schema-graph\">{\"@context\":\"https:\/\/schema.org\",\"@graph\":[{\"@type\":\"WebPage\",\"@id\":\"https:\/\/megapets.eu\/da\/isopoder\/porcellio-forlader-milk-backrengoeringsholdet\/\",\"url\":\"https:\/\/megapets.eu\/da\/isopoder\/porcellio-forlader-milk-backrengoeringsholdet\/\",\"name\":\"Porcellio forlader \\\"Milk Back\\\" \\\"Reng\u00f8ringsholdet\\\" | MegaPets\",\"isPartOf\":{\"@id\":\"https:\/\/megapets.eu\/da\/#website\"},\"primaryImageOfPage\":{\"@id\":\"https:\/\/megapets.eu\/da\/isopoder\/porcellio-forlader-milk-backrengoeringsholdet\/#primaryimage\"},\"image\":{\"@id\":\"https:\/\/megapets.eu\/da\/isopoder\/porcellio-forlader-milk-backrengoeringsholdet\/#primaryimage\"},\"thumbnailUrl\":\"https:\/\/megapets.eu\/wp-content\/uploads\/2024\/10\/IMG_20240807_121627-scaled.jpg\",\"datePublished\":\"2024-10-05T16:59:53+00:00\",\"breadcrumb\":{\"@id\":\"https:\/\/megapets.eu\/da\/isopoder\/porcellio-forlader-milk-backrengoeringsholdet\/#breadcrumb\"},\"inLanguage\":\"da-DK\",\"potentialAction\":[{\"@type\":\"ReadAction\",\"target\":[\"https:\/\/megapets.eu\/da\/isopoder\/porcellio-forlader-milk-backrengoeringsholdet\/\"]}]},{\"@type\":\"ImageObject\",\"inLanguage\":\"da-DK\",\"@id\":\"https:\/\/megapets.eu\/da\/isopoder\/porcellio-forlader-milk-backrengoeringsholdet\/#primaryimage\",\"url\":\"https:\/\/megapets.eu\/wp-content\/uploads\/2024\/10\/IMG_20240807_121627-scaled.jpg\",\"contentUrl\":\"https:\/\/megapets.eu\/wp-content\/uploads\/2024\/10\/IMG_20240807_121627-scaled.jpg\",\"width\":2560,\"height\":1920},{\"@type\":\"BreadcrumbList\",\"@id\":\"https:\/\/megapets.eu\/da\/isopoder\/porcellio-forlader-milk-backrengoeringsholdet\/#breadcrumb\",\"itemListElement\":[{\"@type\":\"ListItem\",\"position\":1,\"name\":\"Strona g\u0142\u00f3wna\",\"item\":\"https:\/\/megapets.eu\/da\/\"},{\"@type\":\"ListItem\",\"position\":2,\"name\":\"Butik\",\"item\":\"https:\/\/megapets.eu\/butik\/\"},{\"@type\":\"ListItem\",\"position\":3,\"name\":\"Porcellio forlader &#8222;Milk Back\\\"&#8222;Reng\u00f8ringsholdet\\\"\"}]},{\"@type\":\"WebSite\",\"@id\":\"https:\/\/megapets.eu\/da\/#website\",\"url\":\"https:\/\/megapets.eu\/da\/\",\"name\":\"Mega Pets\",\"description\":\"Jedna z najwi\u0119kszych hodowli \u015blimak\u00f3w w Europie\",\"publisher\":{\"@id\":\"https:\/\/megapets.eu\/da\/#organization\"},\"alternateName\":\"Mega Pets\",\"potentialAction\":[{\"@type\":\"SearchAction\",\"target\":{\"@type\":\"EntryPoint\",\"urlTemplate\":\"https:\/\/megapets.eu\/da\/?s={search_term_string}\"},\"query-input\":{\"@type\":\"PropertyValueSpecification\",\"valueRequired\":true,\"valueName\":\"search_term_string\"}}],\"inLanguage\":\"da-DK\"},{\"@type\":\"Organization\",\"@id\":\"https:\/\/megapets.eu\/da\/#organization\",\"name\":\"Mega Pets\",\"url\":\"https:\/\/megapets.eu\/da\/\",\"logo\":{\"@type\":\"ImageObject\",\"inLanguage\":\"da-DK\",\"@id\":\"https:\/\/megapets.eu\/da\/#\/schema\/logo\/image\/\",\"url\":\"https:\/\/megapets.eu\/wp-content\/uploads\/2025\/04\/megapets_eu-logo.png\",\"contentUrl\":\"https:\/\/megapets.eu\/wp-content\/uploads\/2025\/04\/megapets_eu-logo.png\",\"width\":2362,\"height\":2362,\"caption\":\"Mega Pets\"},\"image\":{\"@id\":\"https:\/\/megapets.eu\/da\/#\/schema\/logo\/image\/\"},\"sameAs\":[\"https:\/\/www.facebook.com\/MegaPets.eu\/\"]}]}<\/script>\n<!-- \/ Yoast SEO plugin. -->","yoast_head_json":{"title":"Porcellio forlader \"Milk Back\"\"Reng\u00f8ringsholdet\" | MegaPets","robots":{"index":"index","follow":"follow","max-snippet":"max-snippet:-1","max-image-preview":"max-image-preview:large","max-video-preview":"max-video-preview:-1"},"canonical":"https:\/\/megapets.eu\/da\/isopoder\/porcellio-forlader-milk-backrengoeringsholdet\/","og_locale":"da_DK","og_type":"article","og_title":"Porcellio forlader \"Milk Back\"\"Reng\u00f8ringsholdet\" | MegaPets","og_description":"M\u00e5lst\u00f8rrelse p\u00e5 pr\u00f8verne: ca. 2 cm  Tilbudte pr\u00f8ver: pakket tilf\u00e6ldigt  Prisen er for et s\u00e6t: 10 stykker","og_url":"https:\/\/megapets.eu\/da\/isopoder\/porcellio-forlader-milk-backrengoeringsholdet\/","og_site_name":"MegaPets","article_publisher":"https:\/\/www.facebook.com\/MegaPets.eu\/","og_image":[{"width":2560,"height":1920,"url":"https:\/\/megapets.eu\/wp-content\/uploads\/2024\/10\/IMG_20240807_121627-scaled.jpg","type":"image\/jpeg"}],"twitter_card":"summary_large_image","twitter_misc":{"Estimeret l\u00e6setid":"1 minut"},"schema":{"@context":"https:\/\/schema.org","@graph":[{"@type":"WebPage","@id":"https:\/\/megapets.eu\/da\/isopoder\/porcellio-forlader-milk-backrengoeringsholdet\/","url":"https:\/\/megapets.eu\/da\/isopoder\/porcellio-forlader-milk-backrengoeringsholdet\/","name":"Porcellio forlader \"Milk Back\" \"Reng\u00f8ringsholdet\" | MegaPets","isPartOf":{"@id":"https:\/\/megapets.eu\/da\/#website"},"primaryImageOfPage":{"@id":"https:\/\/megapets.eu\/da\/isopoder\/porcellio-forlader-milk-backrengoeringsholdet\/#primaryimage"},"image":{"@id":"https:\/\/megapets.eu\/da\/isopoder\/porcellio-forlader-milk-backrengoeringsholdet\/#primaryimage"},"thumbnailUrl":"https:\/\/megapets.eu\/wp-content\/uploads\/2024\/10\/IMG_20240807_121627-scaled.jpg","datePublished":"2024-10-05T16:59:53+00:00","breadcrumb":{"@id":"https:\/\/megapets.eu\/da\/isopoder\/porcellio-forlader-milk-backrengoeringsholdet\/#breadcrumb"},"inLanguage":"da-DK","potentialAction":[{"@type":"ReadAction","target":["https:\/\/megapets.eu\/da\/isopoder\/porcellio-forlader-milk-backrengoeringsholdet\/"]}]},{"@type":"ImageObject","inLanguage":"da-DK","@id":"https:\/\/megapets.eu\/da\/isopoder\/porcellio-forlader-milk-backrengoeringsholdet\/#primaryimage","url":"https:\/\/megapets.eu\/wp-content\/uploads\/2024\/10\/IMG_20240807_121627-scaled.jpg","contentUrl":"https:\/\/megapets.eu\/wp-content\/uploads\/2024\/10\/IMG_20240807_121627-scaled.jpg","width":2560,"height":1920},{"@type":"BreadcrumbList","@id":"https:\/\/megapets.eu\/da\/isopoder\/porcellio-forlader-milk-backrengoeringsholdet\/#breadcrumb","itemListElement":[{"@type":"ListItem","position":1,"name":"Strona g\u0142\u00f3wna","item":"https:\/\/megapets.eu\/da\/"},{"@type":"ListItem","position":2,"name":"Butik","item":"https:\/\/megapets.eu\/butik\/"},{"@type":"ListItem","position":3,"name":"Porcellio forlader &#8222;Milk Back\"&#8222;Reng\u00f8ringsholdet\""}]},{"@type":"WebSite","@id":"https:\/\/megapets.eu\/da\/#website","url":"https:\/\/megapets.eu\/da\/","name":"Mega Pets","description":"Jedna z najwi\u0119kszych hodowli \u015blimak\u00f3w w Europie","publisher":{"@id":"https:\/\/megapets.eu\/da\/#organization"},"alternateName":"Mega Pets","potentialAction":[{"@type":"SearchAction","target":{"@type":"EntryPoint","urlTemplate":"https:\/\/megapets.eu\/da\/?s={search_term_string}"},"query-input":{"@type":"PropertyValueSpecification","valueRequired":true,"valueName":"search_term_string"}}],"inLanguage":"da-DK"},{"@type":"Organization","@id":"https:\/\/megapets.eu\/da\/#organization","name":"Mega Pets","url":"https:\/\/megapets.eu\/da\/","logo":{"@type":"ImageObject","inLanguage":"da-DK","@id":"https:\/\/megapets.eu\/da\/#\/schema\/logo\/image\/","url":"https:\/\/megapets.eu\/wp-content\/uploads\/2025\/04\/megapets_eu-logo.png","contentUrl":"https:\/\/megapets.eu\/wp-content\/uploads\/2025\/04\/megapets_eu-logo.png","width":2362,"height":2362,"caption":"Mega Pets"},"image":{"@id":"https:\/\/megapets.eu\/da\/#\/schema\/logo\/image\/"},"sameAs":["https:\/\/www.facebook.com\/MegaPets.eu\/"]}]}},"_links":{"self":[{"href":"https:\/\/megapets.eu\/da\/wp-json\/wp\/v2\/product\/8799","targetHints":{"allow":["GET"]}}],"collection":[{"href":"https:\/\/megapets.eu\/da\/wp-json\/wp\/v2\/product"}],"about":[{"href":"https:\/\/megapets.eu\/da\/wp-json\/wp\/v2\/types\/product"}],"wp:featuredmedia":[{"embeddable":true,"href":"https:\/\/megapets.eu\/da\/wp-json\/wp\/v2\/media\/8800"}],"wp:attachment":[{"href":"https:\/\/megapets.eu\/da\/wp-json\/wp\/v2\/media?parent=8799"}],"wp:term":[{"taxonomy":"product_cat","embeddable":true,"href":"https:\/\/megapets.eu\/da\/wp-json\/wp\/v2\/product_cat?post=8799"},{"taxonomy":"product_tag","embeddable":true,"href":"https:\/\/megapets.eu\/da\/wp-json\/wp\/v2\/product_tag?post=8799"}],"curies":[{"name":"wp","href":"https:\/\/api.w.org\/{rel}","templated":true}]}}