{"id":8840,"date":"2024-10-03T16:33:28","date_gmt":"2024-10-03T16:33:28","guid":{"rendered":"https:\/\/megapets.eu\/Ikke kategoriseret\/10-l-startsaet-til-opdraeteksotiske-afrikanske-snegle\/"},"modified":"2024-10-03T16:33:28","modified_gmt":"2024-10-03T16:33:28","slug":"10-l-startsaet-til-opdraeteksotiske-afrikanske-snegle","status":"publish","type":"product","link":"https:\/\/megapets.eu\/da\/tilbehor\/10-l-startsaet-til-opdraeteksotiske-afrikanske-snegle\/","title":{"rendered":"10 L starts\u00e6t til opdr\u00e6t<br \/>eksotiske\/afrikanske snegle"},"content":{"rendered":"<p><span style=\"color: #424242;\"><em><strong>S\u00e6ttet &#8220;10L starts\u00e6t til opdr\u00e6t af eksotiske\/afrikanske snegle&quot; indeholder:<\/strong><\/em><\/span><\/p>\n<ul>\n<li><em><span style=\"color: #e87020; font-size: 17px;\"><strong>1 stk. plastbeholder med ventilationshuller til opdr\u00e6t af eksotiske snegle. <\/strong><\/span><\/em><\/li>\n<\/ul>\n<p><strong><span style=\"color: #424242; font-size: 15px;\"><em>Beholder med l\u00e5g med en kapacitet p\u00e5 10 L. Beholderens indvendige ventilationshuller er glatte uden skarpe kanter.<\/em><\/span><\/strong><\/p>\n<p><strong><span style=\"color: #424242; font-size: 15px;\"><em>M\u00e5l: 25,5 cm x 38,5 cm x H 13,5 cm. Plastbeholder af Plast Team.<\/em><\/span><\/strong><\/p>\n<ul>\n<li><em><span style=\"font-size: 17px;\"><strong><span style=\"color: #e87020;\">2 stk x Kokossubstrat 1,5l\/1 pakke. <\/span><\/strong><\/span><\/em><\/li>\n<\/ul>\n<p><span style=\"font-size: 15px; color: #424242;\"><strong><em>Kokossubstrat er et naturligt substrat lavet af strimlede kokosfibre. Mest anbefalede substrat til opdr\u00e6t af eksotiske snegle.<\/em><\/strong><\/span><\/p>\n<ul>\n<li><em><span style=\"font-size: 17px;\"><strong><span style=\"color: #e87020;\">1 pakke &#8220;Calcium&quot; 80 g. <\/span><\/strong><\/span><\/em><\/li>\n<\/ul>\n<p><strong><span style=\"font-size: 15px; color: #424242;\"><em>En snegls daglige kost skal indeholde de grundl\u00e6ggende byggesten til en smuk og sund skal. Pakken &#8220;Calcium&quot; indeholder 100 % \u00e6ggeskalspulver.<\/em><\/span><\/strong><\/p>\n<ul>\n<li><em><span style=\"font-size: 17px;\"><strong><span style=\"color: #e87020;\">1 x &#8220;Protein &amp; Vitamin&quot;-pakke 50 g.<\/span><\/strong><\/span><\/em><\/li>\n<\/ul>\n<p><span style=\"color: #424242; font-size: 15px;\"><strong><em>&#8220;Protein &amp; Vitamin&quot;-pakken indeholder en blanding af korn, fuld af v\u00e6rdifulde n\u00e6ringsstoffer til en sund udvikling af dit k\u00e6ledyr, og er en gavnlig tilf\u00f8jelse til den grundl\u00e6ggende sneglekost.<\/em><\/strong><\/span><\/p>\n<ul>\n<li><em><span style=\"font-size: 17px;\"><strong><span style=\"color: #e87020;\">1 stk x &#8220;Exotic herbal mix&quot; pakke 40g.<\/span><\/strong><\/span><\/em><\/li>\n<\/ul>\n<p><strong><span style=\"color: #424242; font-size: 15px;\"><em>Pakken &#8220;Exotic herbal mix&quot; indeholder omhyggeligt udvalgte urter, et v\u00e6rdifuldt og naturligt supplement, der hj\u00e6lper med at berige eksotiske snegles kost baseret p\u00e5 deres vitamin- og mineralbehov, ingredienser, der er afg\u00f8rende for k\u00e6ledyrenes sundhed.<\/em><\/span><\/strong><\/p>\n<ul>\n<li><em><span style=\"font-size: 17px;\"><strong><span style=\"color: #e87020;\">1 stk. x Avlsvejledning.<\/span><\/strong><\/span><\/em><\/li>\n<\/ul>\n<p><strong><span style=\"font-size: 15px; color: #424242;\"><em>Bem\u00e6rk: I avlsarbejdet bruger vi et s\u00e6rligt specialfremstillet apparat, som sikrer en god og j\u00e6vn udstansning af beholderne. Hvis du allerede har en plastikbeholder og fors\u00f8ger at udstanse hullerne selv, skal du fjerne de skarpe kanter og slibe hullerne godt. Unge dyr har en sart v\u00e6kst af ny skal, som de kan fange, n\u00e5r de g\u00e5r over de skarpe kanter p\u00e5 d\u00e5rligt lavede huller. Det kan resultere i ardannelse i sneglens skal og tab af et \u00e6stetisk tiltalende, sundt udseende.<\/em><\/span><\/strong><\/p>\n<p><strong><span style=\"font-size: 15px; color: #424242;\"><em>Bem\u00e6rk: Beholdere fra mange firmaer er IKKE egnede til snegleopdr\u00e6t p\u00e5 grund af det indvendige design og den m\u00e5de, l\u00e5get klikker p\u00e5. Det containerfirma, vi anbefaler, er Plast Team.<\/em><\/span><\/strong><\/p>\n","protected":false},"excerpt":{"rendered":"<ul class=\"product_attributes\">\n<li><span style=\"color: #555555;\"><strong>Velvalgt basistilbeh\u00f8r<\/strong><\/span><\/li>\n<li><span style=\"color: #555555;\"><strong>Polerede ventilations\u00e5bninger<\/strong><\/span><\/li>\n<li><span style=\"color: #555555;\"><strong>Korrekt luftcirkulation<\/strong><\/span><\/li>\n<\/ul>\n","protected":false},"featured_media":8845,"template":"","meta":{"_acf_changed":false,"_links_to":"","_links_to_target":""},"product_cat":[212],"product_tag":[213],"class_list":{"0":"post-8840","1":"product","2":"type-product","3":"status-publish","4":"has-post-thumbnail","6":"product_cat-tilbehor","7":"product_tag-til-snegle","9":"first","10":"instock","11":"shipping-taxable","12":"purchasable","13":"product-type-simple"},"acf":[],"yoast_head":"<!-- This site is optimized with the Yoast SEO plugin v24.9 - https:\/\/yoast.com\/wordpress\/plugins\/seo\/ -->\n<title>10 L starts\u00e6t til opdr\u00e6teksotiske\/afrikanske snegle | MegaPets<\/title>\n<meta name=\"robots\" content=\"index, follow, max-snippet:-1, max-image-preview:large, max-video-preview:-1\" \/>\n<link rel=\"canonical\" href=\"https:\/\/megapets.eu\/da\/tilbehor\/10-l-startsaet-til-opdraeteksotiske-afrikanske-snegle\/\" \/>\n<meta property=\"og:locale\" content=\"da_DK\" \/>\n<meta property=\"og:type\" content=\"article\" \/>\n<meta property=\"og:title\" content=\"10 L starts\u00e6t til opdr\u00e6teksotiske\/afrikanske snegle | MegaPets\" \/>\n<meta property=\"og:description\" content=\"Velvalgt basistilbeh\u00f8r  Polerede ventilations\u00e5bninger  Korrekt luftcirkulation\" \/>\n<meta property=\"og:url\" content=\"https:\/\/megapets.eu\/da\/tilbehor\/10-l-startsaet-til-opdraeteksotiske-afrikanske-snegle\/\" \/>\n<meta property=\"og:site_name\" content=\"MegaPets\" \/>\n<meta property=\"article:publisher\" content=\"https:\/\/www.facebook.com\/MegaPets.eu\/\" \/>\n<meta property=\"og:image\" content=\"https:\/\/megapets.eu\/wp-content\/uploads\/2024\/10\/IMG_2716-e1728382457724.jpg\" \/>\n\t<meta property=\"og:image:width\" content=\"1908\" \/>\n\t<meta property=\"og:image:height\" content=\"1314\" \/>\n\t<meta property=\"og:image:type\" content=\"image\/jpeg\" \/>\n<meta name=\"twitter:card\" content=\"summary_large_image\" \/>\n<meta name=\"twitter:label1\" content=\"Estimeret l\u00e6setid\" \/>\n\t<meta name=\"twitter:data1\" content=\"2 minut\" \/>\n<script type=\"application\/ld+json\" class=\"yoast-schema-graph\">{\"@context\":\"https:\/\/schema.org\",\"@graph\":[{\"@type\":\"WebPage\",\"@id\":\"https:\/\/megapets.eu\/da\/tilbehor\/10-l-startsaet-til-opdraeteksotiske-afrikanske-snegle\/\",\"url\":\"https:\/\/megapets.eu\/da\/tilbehor\/10-l-startsaet-til-opdraeteksotiske-afrikanske-snegle\/\",\"name\":\"10 L starts\u00e6t til opdr\u00e6t eksotiske\/afrikanske snegle | MegaPets\",\"isPartOf\":{\"@id\":\"https:\/\/megapets.eu\/da\/#website\"},\"primaryImageOfPage\":{\"@id\":\"https:\/\/megapets.eu\/da\/tilbehor\/10-l-startsaet-til-opdraeteksotiske-afrikanske-snegle\/#primaryimage\"},\"image\":{\"@id\":\"https:\/\/megapets.eu\/da\/tilbehor\/10-l-startsaet-til-opdraeteksotiske-afrikanske-snegle\/#primaryimage\"},\"thumbnailUrl\":\"https:\/\/megapets.eu\/wp-content\/uploads\/2024\/10\/IMG_2716-e1728382457724.jpg\",\"datePublished\":\"2024-10-03T16:33:28+00:00\",\"breadcrumb\":{\"@id\":\"https:\/\/megapets.eu\/da\/tilbehor\/10-l-startsaet-til-opdraeteksotiske-afrikanske-snegle\/#breadcrumb\"},\"inLanguage\":\"da-DK\",\"potentialAction\":[{\"@type\":\"ReadAction\",\"target\":[\"https:\/\/megapets.eu\/da\/tilbehor\/10-l-startsaet-til-opdraeteksotiske-afrikanske-snegle\/\"]}]},{\"@type\":\"ImageObject\",\"inLanguage\":\"da-DK\",\"@id\":\"https:\/\/megapets.eu\/da\/tilbehor\/10-l-startsaet-til-opdraeteksotiske-afrikanske-snegle\/#primaryimage\",\"url\":\"https:\/\/megapets.eu\/wp-content\/uploads\/2024\/10\/IMG_2716-e1728382457724.jpg\",\"contentUrl\":\"https:\/\/megapets.eu\/wp-content\/uploads\/2024\/10\/IMG_2716-e1728382457724.jpg\",\"width\":1908,\"height\":1314},{\"@type\":\"BreadcrumbList\",\"@id\":\"https:\/\/megapets.eu\/da\/tilbehor\/10-l-startsaet-til-opdraeteksotiske-afrikanske-snegle\/#breadcrumb\",\"itemListElement\":[{\"@type\":\"ListItem\",\"position\":1,\"name\":\"Strona g\u0142\u00f3wna\",\"item\":\"https:\/\/megapets.eu\/da\/\"},{\"@type\":\"ListItem\",\"position\":2,\"name\":\"Butik\",\"item\":\"https:\/\/megapets.eu\/butik\/\"},{\"@type\":\"ListItem\",\"position\":3,\"name\":\"10 L starts\u00e6t til opdr\u00e6teksotiske\/afrikanske snegle\"}]},{\"@type\":\"WebSite\",\"@id\":\"https:\/\/megapets.eu\/da\/#website\",\"url\":\"https:\/\/megapets.eu\/da\/\",\"name\":\"Mega Pets\",\"description\":\"Jedna z najwi\u0119kszych hodowli \u015blimak\u00f3w w Europie\",\"publisher\":{\"@id\":\"https:\/\/megapets.eu\/da\/#organization\"},\"alternateName\":\"Mega Pets\",\"potentialAction\":[{\"@type\":\"SearchAction\",\"target\":{\"@type\":\"EntryPoint\",\"urlTemplate\":\"https:\/\/megapets.eu\/da\/?s={search_term_string}\"},\"query-input\":{\"@type\":\"PropertyValueSpecification\",\"valueRequired\":true,\"valueName\":\"search_term_string\"}}],\"inLanguage\":\"da-DK\"},{\"@type\":\"Organization\",\"@id\":\"https:\/\/megapets.eu\/da\/#organization\",\"name\":\"Mega Pets\",\"url\":\"https:\/\/megapets.eu\/da\/\",\"logo\":{\"@type\":\"ImageObject\",\"inLanguage\":\"da-DK\",\"@id\":\"https:\/\/megapets.eu\/da\/#\/schema\/logo\/image\/\",\"url\":\"https:\/\/megapets.eu\/wp-content\/uploads\/2025\/04\/megapets_eu-logo.png\",\"contentUrl\":\"https:\/\/megapets.eu\/wp-content\/uploads\/2025\/04\/megapets_eu-logo.png\",\"width\":2362,\"height\":2362,\"caption\":\"Mega Pets\"},\"image\":{\"@id\":\"https:\/\/megapets.eu\/da\/#\/schema\/logo\/image\/\"},\"sameAs\":[\"https:\/\/www.facebook.com\/MegaPets.eu\/\"]}]}<\/script>\n<!-- \/ Yoast SEO plugin. -->","yoast_head_json":{"title":"10 L starts\u00e6t til opdr\u00e6teksotiske\/afrikanske snegle | MegaPets","robots":{"index":"index","follow":"follow","max-snippet":"max-snippet:-1","max-image-preview":"max-image-preview:large","max-video-preview":"max-video-preview:-1"},"canonical":"https:\/\/megapets.eu\/da\/tilbehor\/10-l-startsaet-til-opdraeteksotiske-afrikanske-snegle\/","og_locale":"da_DK","og_type":"article","og_title":"10 L starts\u00e6t til opdr\u00e6teksotiske\/afrikanske snegle | MegaPets","og_description":"Velvalgt basistilbeh\u00f8r  Polerede ventilations\u00e5bninger  Korrekt luftcirkulation","og_url":"https:\/\/megapets.eu\/da\/tilbehor\/10-l-startsaet-til-opdraeteksotiske-afrikanske-snegle\/","og_site_name":"MegaPets","article_publisher":"https:\/\/www.facebook.com\/MegaPets.eu\/","og_image":[{"width":1908,"height":1314,"url":"https:\/\/megapets.eu\/wp-content\/uploads\/2024\/10\/IMG_2716-e1728382457724.jpg","type":"image\/jpeg"}],"twitter_card":"summary_large_image","twitter_misc":{"Estimeret l\u00e6setid":"2 minut"},"schema":{"@context":"https:\/\/schema.org","@graph":[{"@type":"WebPage","@id":"https:\/\/megapets.eu\/da\/tilbehor\/10-l-startsaet-til-opdraeteksotiske-afrikanske-snegle\/","url":"https:\/\/megapets.eu\/da\/tilbehor\/10-l-startsaet-til-opdraeteksotiske-afrikanske-snegle\/","name":"10 L starts\u00e6t til opdr\u00e6t eksotiske\/afrikanske snegle | MegaPets","isPartOf":{"@id":"https:\/\/megapets.eu\/da\/#website"},"primaryImageOfPage":{"@id":"https:\/\/megapets.eu\/da\/tilbehor\/10-l-startsaet-til-opdraeteksotiske-afrikanske-snegle\/#primaryimage"},"image":{"@id":"https:\/\/megapets.eu\/da\/tilbehor\/10-l-startsaet-til-opdraeteksotiske-afrikanske-snegle\/#primaryimage"},"thumbnailUrl":"https:\/\/megapets.eu\/wp-content\/uploads\/2024\/10\/IMG_2716-e1728382457724.jpg","datePublished":"2024-10-03T16:33:28+00:00","breadcrumb":{"@id":"https:\/\/megapets.eu\/da\/tilbehor\/10-l-startsaet-til-opdraeteksotiske-afrikanske-snegle\/#breadcrumb"},"inLanguage":"da-DK","potentialAction":[{"@type":"ReadAction","target":["https:\/\/megapets.eu\/da\/tilbehor\/10-l-startsaet-til-opdraeteksotiske-afrikanske-snegle\/"]}]},{"@type":"ImageObject","inLanguage":"da-DK","@id":"https:\/\/megapets.eu\/da\/tilbehor\/10-l-startsaet-til-opdraeteksotiske-afrikanske-snegle\/#primaryimage","url":"https:\/\/megapets.eu\/wp-content\/uploads\/2024\/10\/IMG_2716-e1728382457724.jpg","contentUrl":"https:\/\/megapets.eu\/wp-content\/uploads\/2024\/10\/IMG_2716-e1728382457724.jpg","width":1908,"height":1314},{"@type":"BreadcrumbList","@id":"https:\/\/megapets.eu\/da\/tilbehor\/10-l-startsaet-til-opdraeteksotiske-afrikanske-snegle\/#breadcrumb","itemListElement":[{"@type":"ListItem","position":1,"name":"Strona g\u0142\u00f3wna","item":"https:\/\/megapets.eu\/da\/"},{"@type":"ListItem","position":2,"name":"Butik","item":"https:\/\/megapets.eu\/butik\/"},{"@type":"ListItem","position":3,"name":"10 L starts\u00e6t til opdr\u00e6teksotiske\/afrikanske snegle"}]},{"@type":"WebSite","@id":"https:\/\/megapets.eu\/da\/#website","url":"https:\/\/megapets.eu\/da\/","name":"Mega Pets","description":"Jedna z najwi\u0119kszych hodowli \u015blimak\u00f3w w Europie","publisher":{"@id":"https:\/\/megapets.eu\/da\/#organization"},"alternateName":"Mega Pets","potentialAction":[{"@type":"SearchAction","target":{"@type":"EntryPoint","urlTemplate":"https:\/\/megapets.eu\/da\/?s={search_term_string}"},"query-input":{"@type":"PropertyValueSpecification","valueRequired":true,"valueName":"search_term_string"}}],"inLanguage":"da-DK"},{"@type":"Organization","@id":"https:\/\/megapets.eu\/da\/#organization","name":"Mega Pets","url":"https:\/\/megapets.eu\/da\/","logo":{"@type":"ImageObject","inLanguage":"da-DK","@id":"https:\/\/megapets.eu\/da\/#\/schema\/logo\/image\/","url":"https:\/\/megapets.eu\/wp-content\/uploads\/2025\/04\/megapets_eu-logo.png","contentUrl":"https:\/\/megapets.eu\/wp-content\/uploads\/2025\/04\/megapets_eu-logo.png","width":2362,"height":2362,"caption":"Mega Pets"},"image":{"@id":"https:\/\/megapets.eu\/da\/#\/schema\/logo\/image\/"},"sameAs":["https:\/\/www.facebook.com\/MegaPets.eu\/"]}]}},"_links":{"self":[{"href":"https:\/\/megapets.eu\/da\/wp-json\/wp\/v2\/product\/8840","targetHints":{"allow":["GET"]}}],"collection":[{"href":"https:\/\/megapets.eu\/da\/wp-json\/wp\/v2\/product"}],"about":[{"href":"https:\/\/megapets.eu\/da\/wp-json\/wp\/v2\/types\/product"}],"wp:featuredmedia":[{"embeddable":true,"href":"https:\/\/megapets.eu\/da\/wp-json\/wp\/v2\/media\/8845"}],"wp:attachment":[{"href":"https:\/\/megapets.eu\/da\/wp-json\/wp\/v2\/media?parent=8840"}],"wp:term":[{"taxonomy":"product_cat","embeddable":true,"href":"https:\/\/megapets.eu\/da\/wp-json\/wp\/v2\/product_cat?post=8840"},{"taxonomy":"product_tag","embeddable":true,"href":"https:\/\/megapets.eu\/da\/wp-json\/wp\/v2\/product_tag?post=8840"}],"curies":[{"name":"wp","href":"https:\/\/api.w.org\/{rel}","templated":true}]}}