{"id":8888,"date":"2024-10-03T17:33:30","date_gmt":"2024-10-03T17:33:30","guid":{"rendered":"https:\/\/megapets.eu\/Ikke kategoriseret\/20-l-startsaet-til-opdraeteksotiske-afrikanske-snegle\/"},"modified":"2024-10-03T17:33:30","modified_gmt":"2024-10-03T17:33:30","slug":"20-l-startsaet-til-opdraeteksotiske-afrikanske-snegle","status":"publish","type":"product","link":"https:\/\/megapets.eu\/da\/tilbehor\/20-l-startsaet-til-opdraeteksotiske-afrikanske-snegle\/","title":{"rendered":"20 L starts\u00e6t til opdr\u00e6t<br \/>eksotiske\/afrikanske snegle"},"content":{"rendered":"<p><em><span style=\"color: #424242;\"><strong>S\u00e6ttet &#8220;Starts\u00e6t 20 L til opdr\u00e6t af eksotiske\/afrikanske snegle&quot; indeholder:<\/strong><\/span><\/em><\/p>\n<ul>\n<li><em><strong><span style=\"color: #e87020; font-size: 17px;\">1 stk x Plastbeholder med ven<span style=\"color: #e87020;\">tyl<\/span>action huller til opdr\u00e6t af eksotiske snegle.<\/span><\/strong><\/em><\/li>\n<\/ul>\n<p><em><span style=\"color: #424242; font-size: 15px;\"><strong>20 L beholder med l\u00e5g. Beholderens indvendige \u00e5bninger er glatte uden skarpe kanter.<\/strong><\/span><\/em><\/p>\n<p><em><span style=\"color: #424242; font-size: 15px;\"><strong>Bredde: 33 cm &#8211; top; 26 cm &#8211; bund;<\/strong><\/span><\/em><\/p>\n<p><em><span style=\"color: #424242; font-size: 15px;\"><strong>L\u00e6ngde: 42,5 cm &#8211; top; 34,5 cm &#8211; bund;<\/strong><\/span><\/em><\/p>\n<p><em><span style=\"color: #424242; font-size: 15px;\"><strong>H\u00f8jde: 21,3 cm<\/strong><\/span><\/em><\/p>\n<ul>\n<li><em><strong><span style=\"color: #e87020; font-size: 17px;\">1 stk x Sepia &#8211; bl\u00e6ksprutteknogle 12-15 cm.<\/span><\/strong><\/em><\/li>\n<\/ul>\n<p><em><span style=\"color: #424242; font-size: 15px;\"><strong>100% naturlig bl\u00e6ksprutteknogle, en kilde til calcium for eksotiske snegle, skildpadder og andre terrariedyr.<\/strong><\/span><\/em><\/p>\n<ul>\n<li><em><strong><span style=\"font-size: 17px;\"><span style=\"color: #e87020;\">3 stk. kokosn\u00f8ddesubstrat 1,5 l\/1 pakke. <\/span><\/span><\/strong><\/em><\/li>\n<\/ul>\n<p><em><span style=\"color: #424242; font-size: 15px;\"><strong>Kokossubstrat er et naturligt substrat lavet af strimlede kokosfibre. Mest anbefalede substrat til opdr\u00e6t af eksotiske snegle.<\/strong><\/span><\/em><\/p>\n<ul>\n<li><em><strong><span style=\"font-size: 17px;\"><span style=\"color: #e87020;\">1 stk \/ pakke &#8220;Calcium&quot; 80g. <\/span><\/span><\/strong><\/em><\/li>\n<\/ul>\n<p><em><span style=\"color: #424242; font-size: 15px;\"><strong>En snegls daglige kost skal indeholde den grundl\u00e6ggende byggesten til en smuk og sund skal. Pakken &#8220;Calcium&quot; indeholder 100 % \u00e6ggeskalspulver.<\/strong><\/span><\/em><\/p>\n<ul>\n<li><em><strong><span style=\"font-size: 17px;\"><span style=\"color: #e87020;\">1 x &#8220;Protein &amp; Vitamin&quot; pakke 50g.<\/span><\/span><\/strong><\/em><\/li>\n<\/ul>\n<p><em><span style=\"color: #424242; font-size: 15px;\"><strong>&#8220;Protein &amp; Vitamin&quot; pakken indeholder en blanding af korn, fuld af v\u00e6rdifulde n\u00e6ringsstoffer til en sund udvikling af dit k\u00e6ledyr, og er en gavnlig tilf\u00f8jelse til den grundl\u00e6ggende sneglekost.<\/strong><\/span><\/em><\/p>\n<ul>\n<li><em><strong><span style=\"font-size: 17px;\"><span style=\"color: #e87020;\">1 stk x &#8220;Exotic herbal mix&quot; pakke 40g.<\/span><\/span><\/strong><\/em><\/li>\n<\/ul>\n<p><em><span style=\"color: #424242; font-size: 15px;\"><strong>Pakken &#8220;Exotic herbal mix&quot; indeholder omhyggeligt udvalgte urter, et v\u00e6rdifuldt og naturligt supplement, der hj\u00e6lper med at berige eksotiske snegles kost baseret p\u00e5 deres vitamin- og mineralbehov, ingredienser, der er vigtige for k\u00e6ledyrenes sundhed.<\/strong><\/span><\/em><\/p>\n<ul>\n<li><em><strong><span style=\"font-size: 17px;\"><span style=\"color: #e87020;\">1 stk. x Avlsvejledning.<\/span><\/span><\/strong><\/em><\/li>\n<\/ul>\n<p><em><span style=\"color: #424242; font-size: 15px;\"><strong>For at lukke BASIC BOX skal du: 1. trykke p\u00e5 l\u00e5gets h\u00e5ndtag p\u00e5 begge sider. 2. Hold h\u00e5ndtagene nede i 5-10 sekunder, og luk derefter l\u00e5get p\u00e5 beholderen.<\/strong><\/span><\/em><\/p>\n<p><em><span style=\"color: #424242; font-size: 15px;\"><strong>Bem\u00e6rk: I avlsarbejdet bruger vi et s\u00e6rligt specialfremstillet apparat til at udstanse beholderne j\u00e6vnt og i h\u00f8j kvalitet. Hvis du allerede har en plastikbeholder og fors\u00f8ger at udstanse hullerne selv, skal du fjerne de skarpe kanter og slibe hullerne godt. Unge dyr har en sart v\u00e6kst af ny skal, som de kan fange, n\u00e5r de g\u00e5r over de skarpe kanter p\u00e5 d\u00e5rligt lavede huller. Det kan resultere i ardannelse i sneglens skal og tab af et \u00e6stetisk tiltalende, sundt udseende.<\/strong><\/span><\/em><\/p>\n<p><em><span style=\"color: #424242; font-size: 15px;\"><strong>Bem\u00e6rk: Beholdere fra mange firmaer er IKKE egnede til snegleopdr\u00e6t p\u00e5 grund af det indvendige design og den m\u00e5de, l\u00e5get klikker p\u00e5. Det containerfirma, vi anbefaler, er Plast Team.<\/strong><\/span><\/em><\/p>\n","protected":false},"excerpt":{"rendered":"<ul class=\"product_attributes\">\n<li><span style=\"color: #555555;\"><strong>Velvalgt basistilbeh\u00f8r<\/strong><\/span><\/li>\n<li><span style=\"color: #555555;\"><strong>Polerede ventilations\u00e5bninger<\/strong><\/span><\/li>\n<li><span style=\"color: #555555;\"><strong>Korrekt luftcirkulation<\/strong><\/span><\/li>\n<\/ul>\n","protected":false},"featured_media":8889,"template":"","meta":{"_acf_changed":false,"_links_to":"","_links_to_target":""},"product_cat":[212],"product_tag":[213],"class_list":{"0":"post-8888","1":"product","2":"type-product","3":"status-publish","4":"has-post-thumbnail","6":"product_cat-tilbehor","7":"product_tag-til-snegle","9":"first","10":"instock","11":"shipping-taxable","12":"purchasable","13":"product-type-simple"},"acf":[],"yoast_head":"<!-- This site is optimized with the Yoast SEO plugin v24.9 - https:\/\/yoast.com\/wordpress\/plugins\/seo\/ -->\n<title>20 L starts\u00e6t til opdr\u00e6teksotiske\/afrikanske snegle | MegaPets<\/title>\n<meta name=\"robots\" content=\"index, follow, max-snippet:-1, max-image-preview:large, max-video-preview:-1\" \/>\n<link rel=\"canonical\" href=\"https:\/\/megapets.eu\/da\/tilbehor\/20-l-startsaet-til-opdraeteksotiske-afrikanske-snegle\/\" \/>\n<meta property=\"og:locale\" content=\"da_DK\" \/>\n<meta property=\"og:type\" content=\"article\" \/>\n<meta property=\"og:title\" content=\"20 L starts\u00e6t til opdr\u00e6teksotiske\/afrikanske snegle | MegaPets\" \/>\n<meta property=\"og:description\" content=\"Velvalgt basistilbeh\u00f8r  Polerede ventilations\u00e5bninger  Korrekt luftcirkulation\" \/>\n<meta property=\"og:url\" content=\"https:\/\/megapets.eu\/da\/tilbehor\/20-l-startsaet-til-opdraeteksotiske-afrikanske-snegle\/\" \/>\n<meta property=\"og:site_name\" content=\"MegaPets\" \/>\n<meta property=\"article:publisher\" content=\"https:\/\/www.facebook.com\/MegaPets.eu\/\" \/>\n<meta property=\"og:image\" content=\"https:\/\/megapets.eu\/wp-content\/uploads\/2024\/10\/Glowne-Basic-20-L.png\" \/>\n\t<meta property=\"og:image:width\" content=\"1052\" \/>\n\t<meta property=\"og:image:height\" content=\"705\" \/>\n\t<meta property=\"og:image:type\" content=\"image\/png\" \/>\n<meta name=\"twitter:card\" content=\"summary_large_image\" \/>\n<meta name=\"twitter:label1\" content=\"Estimeret l\u00e6setid\" \/>\n\t<meta name=\"twitter:data1\" content=\"2 minut\" \/>\n<script type=\"application\/ld+json\" class=\"yoast-schema-graph\">{\"@context\":\"https:\/\/schema.org\",\"@graph\":[{\"@type\":\"WebPage\",\"@id\":\"https:\/\/megapets.eu\/da\/tilbehor\/20-l-startsaet-til-opdraeteksotiske-afrikanske-snegle\/\",\"url\":\"https:\/\/megapets.eu\/da\/tilbehor\/20-l-startsaet-til-opdraeteksotiske-afrikanske-snegle\/\",\"name\":\"20 L starts\u00e6t til opdr\u00e6t eksotiske\/afrikanske snegle | MegaPets\",\"isPartOf\":{\"@id\":\"https:\/\/megapets.eu\/da\/#website\"},\"primaryImageOfPage\":{\"@id\":\"https:\/\/megapets.eu\/da\/tilbehor\/20-l-startsaet-til-opdraeteksotiske-afrikanske-snegle\/#primaryimage\"},\"image\":{\"@id\":\"https:\/\/megapets.eu\/da\/tilbehor\/20-l-startsaet-til-opdraeteksotiske-afrikanske-snegle\/#primaryimage\"},\"thumbnailUrl\":\"https:\/\/megapets.eu\/wp-content\/uploads\/2024\/10\/Glowne-Basic-20-L.png\",\"datePublished\":\"2024-10-03T17:33:30+00:00\",\"breadcrumb\":{\"@id\":\"https:\/\/megapets.eu\/da\/tilbehor\/20-l-startsaet-til-opdraeteksotiske-afrikanske-snegle\/#breadcrumb\"},\"inLanguage\":\"da-DK\",\"potentialAction\":[{\"@type\":\"ReadAction\",\"target\":[\"https:\/\/megapets.eu\/da\/tilbehor\/20-l-startsaet-til-opdraeteksotiske-afrikanske-snegle\/\"]}]},{\"@type\":\"ImageObject\",\"inLanguage\":\"da-DK\",\"@id\":\"https:\/\/megapets.eu\/da\/tilbehor\/20-l-startsaet-til-opdraeteksotiske-afrikanske-snegle\/#primaryimage\",\"url\":\"https:\/\/megapets.eu\/wp-content\/uploads\/2024\/10\/Glowne-Basic-20-L.png\",\"contentUrl\":\"https:\/\/megapets.eu\/wp-content\/uploads\/2024\/10\/Glowne-Basic-20-L.png\",\"width\":1052,\"height\":705},{\"@type\":\"BreadcrumbList\",\"@id\":\"https:\/\/megapets.eu\/da\/tilbehor\/20-l-startsaet-til-opdraeteksotiske-afrikanske-snegle\/#breadcrumb\",\"itemListElement\":[{\"@type\":\"ListItem\",\"position\":1,\"name\":\"Strona g\u0142\u00f3wna\",\"item\":\"https:\/\/megapets.eu\/da\/\"},{\"@type\":\"ListItem\",\"position\":2,\"name\":\"Butik\",\"item\":\"https:\/\/megapets.eu\/butik\/\"},{\"@type\":\"ListItem\",\"position\":3,\"name\":\"20 L starts\u00e6t til opdr\u00e6teksotiske\/afrikanske snegle\"}]},{\"@type\":\"WebSite\",\"@id\":\"https:\/\/megapets.eu\/da\/#website\",\"url\":\"https:\/\/megapets.eu\/da\/\",\"name\":\"Mega Pets\",\"description\":\"Jedna z najwi\u0119kszych hodowli \u015blimak\u00f3w w Europie\",\"publisher\":{\"@id\":\"https:\/\/megapets.eu\/da\/#organization\"},\"alternateName\":\"Mega Pets\",\"potentialAction\":[{\"@type\":\"SearchAction\",\"target\":{\"@type\":\"EntryPoint\",\"urlTemplate\":\"https:\/\/megapets.eu\/da\/?s={search_term_string}\"},\"query-input\":{\"@type\":\"PropertyValueSpecification\",\"valueRequired\":true,\"valueName\":\"search_term_string\"}}],\"inLanguage\":\"da-DK\"},{\"@type\":\"Organization\",\"@id\":\"https:\/\/megapets.eu\/da\/#organization\",\"name\":\"Mega Pets\",\"url\":\"https:\/\/megapets.eu\/da\/\",\"logo\":{\"@type\":\"ImageObject\",\"inLanguage\":\"da-DK\",\"@id\":\"https:\/\/megapets.eu\/da\/#\/schema\/logo\/image\/\",\"url\":\"https:\/\/megapets.eu\/wp-content\/uploads\/2025\/04\/megapets_eu-logo.png\",\"contentUrl\":\"https:\/\/megapets.eu\/wp-content\/uploads\/2025\/04\/megapets_eu-logo.png\",\"width\":2362,\"height\":2362,\"caption\":\"Mega Pets\"},\"image\":{\"@id\":\"https:\/\/megapets.eu\/da\/#\/schema\/logo\/image\/\"},\"sameAs\":[\"https:\/\/www.facebook.com\/MegaPets.eu\/\"]}]}<\/script>\n<!-- \/ Yoast SEO plugin. -->","yoast_head_json":{"title":"20 L starts\u00e6t til opdr\u00e6teksotiske\/afrikanske snegle | MegaPets","robots":{"index":"index","follow":"follow","max-snippet":"max-snippet:-1","max-image-preview":"max-image-preview:large","max-video-preview":"max-video-preview:-1"},"canonical":"https:\/\/megapets.eu\/da\/tilbehor\/20-l-startsaet-til-opdraeteksotiske-afrikanske-snegle\/","og_locale":"da_DK","og_type":"article","og_title":"20 L starts\u00e6t til opdr\u00e6teksotiske\/afrikanske snegle | MegaPets","og_description":"Velvalgt basistilbeh\u00f8r  Polerede ventilations\u00e5bninger  Korrekt luftcirkulation","og_url":"https:\/\/megapets.eu\/da\/tilbehor\/20-l-startsaet-til-opdraeteksotiske-afrikanske-snegle\/","og_site_name":"MegaPets","article_publisher":"https:\/\/www.facebook.com\/MegaPets.eu\/","og_image":[{"width":1052,"height":705,"url":"https:\/\/megapets.eu\/wp-content\/uploads\/2024\/10\/Glowne-Basic-20-L.png","type":"image\/png"}],"twitter_card":"summary_large_image","twitter_misc":{"Estimeret l\u00e6setid":"2 minut"},"schema":{"@context":"https:\/\/schema.org","@graph":[{"@type":"WebPage","@id":"https:\/\/megapets.eu\/da\/tilbehor\/20-l-startsaet-til-opdraeteksotiske-afrikanske-snegle\/","url":"https:\/\/megapets.eu\/da\/tilbehor\/20-l-startsaet-til-opdraeteksotiske-afrikanske-snegle\/","name":"20 L starts\u00e6t til opdr\u00e6t eksotiske\/afrikanske snegle | MegaPets","isPartOf":{"@id":"https:\/\/megapets.eu\/da\/#website"},"primaryImageOfPage":{"@id":"https:\/\/megapets.eu\/da\/tilbehor\/20-l-startsaet-til-opdraeteksotiske-afrikanske-snegle\/#primaryimage"},"image":{"@id":"https:\/\/megapets.eu\/da\/tilbehor\/20-l-startsaet-til-opdraeteksotiske-afrikanske-snegle\/#primaryimage"},"thumbnailUrl":"https:\/\/megapets.eu\/wp-content\/uploads\/2024\/10\/Glowne-Basic-20-L.png","datePublished":"2024-10-03T17:33:30+00:00","breadcrumb":{"@id":"https:\/\/megapets.eu\/da\/tilbehor\/20-l-startsaet-til-opdraeteksotiske-afrikanske-snegle\/#breadcrumb"},"inLanguage":"da-DK","potentialAction":[{"@type":"ReadAction","target":["https:\/\/megapets.eu\/da\/tilbehor\/20-l-startsaet-til-opdraeteksotiske-afrikanske-snegle\/"]}]},{"@type":"ImageObject","inLanguage":"da-DK","@id":"https:\/\/megapets.eu\/da\/tilbehor\/20-l-startsaet-til-opdraeteksotiske-afrikanske-snegle\/#primaryimage","url":"https:\/\/megapets.eu\/wp-content\/uploads\/2024\/10\/Glowne-Basic-20-L.png","contentUrl":"https:\/\/megapets.eu\/wp-content\/uploads\/2024\/10\/Glowne-Basic-20-L.png","width":1052,"height":705},{"@type":"BreadcrumbList","@id":"https:\/\/megapets.eu\/da\/tilbehor\/20-l-startsaet-til-opdraeteksotiske-afrikanske-snegle\/#breadcrumb","itemListElement":[{"@type":"ListItem","position":1,"name":"Strona g\u0142\u00f3wna","item":"https:\/\/megapets.eu\/da\/"},{"@type":"ListItem","position":2,"name":"Butik","item":"https:\/\/megapets.eu\/butik\/"},{"@type":"ListItem","position":3,"name":"20 L starts\u00e6t til opdr\u00e6teksotiske\/afrikanske snegle"}]},{"@type":"WebSite","@id":"https:\/\/megapets.eu\/da\/#website","url":"https:\/\/megapets.eu\/da\/","name":"Mega Pets","description":"Jedna z najwi\u0119kszych hodowli \u015blimak\u00f3w w Europie","publisher":{"@id":"https:\/\/megapets.eu\/da\/#organization"},"alternateName":"Mega Pets","potentialAction":[{"@type":"SearchAction","target":{"@type":"EntryPoint","urlTemplate":"https:\/\/megapets.eu\/da\/?s={search_term_string}"},"query-input":{"@type":"PropertyValueSpecification","valueRequired":true,"valueName":"search_term_string"}}],"inLanguage":"da-DK"},{"@type":"Organization","@id":"https:\/\/megapets.eu\/da\/#organization","name":"Mega Pets","url":"https:\/\/megapets.eu\/da\/","logo":{"@type":"ImageObject","inLanguage":"da-DK","@id":"https:\/\/megapets.eu\/da\/#\/schema\/logo\/image\/","url":"https:\/\/megapets.eu\/wp-content\/uploads\/2025\/04\/megapets_eu-logo.png","contentUrl":"https:\/\/megapets.eu\/wp-content\/uploads\/2025\/04\/megapets_eu-logo.png","width":2362,"height":2362,"caption":"Mega Pets"},"image":{"@id":"https:\/\/megapets.eu\/da\/#\/schema\/logo\/image\/"},"sameAs":["https:\/\/www.facebook.com\/MegaPets.eu\/"]}]}},"_links":{"self":[{"href":"https:\/\/megapets.eu\/da\/wp-json\/wp\/v2\/product\/8888","targetHints":{"allow":["GET"]}}],"collection":[{"href":"https:\/\/megapets.eu\/da\/wp-json\/wp\/v2\/product"}],"about":[{"href":"https:\/\/megapets.eu\/da\/wp-json\/wp\/v2\/types\/product"}],"wp:featuredmedia":[{"embeddable":true,"href":"https:\/\/megapets.eu\/da\/wp-json\/wp\/v2\/media\/8889"}],"wp:attachment":[{"href":"https:\/\/megapets.eu\/da\/wp-json\/wp\/v2\/media?parent=8888"}],"wp:term":[{"taxonomy":"product_cat","embeddable":true,"href":"https:\/\/megapets.eu\/da\/wp-json\/wp\/v2\/product_cat?post=8888"},{"taxonomy":"product_tag","embeddable":true,"href":"https:\/\/megapets.eu\/da\/wp-json\/wp\/v2\/product_tag?post=8888"}],"curies":[{"name":"wp","href":"https:\/\/api.w.org\/{rel}","templated":true}]}}