{"id":8934,"date":"2024-10-04T07:49:38","date_gmt":"2024-10-04T07:49:38","guid":{"rendered":"https:\/\/megapets.eu\/Ikke kategoriseret\/sepia-blaeksprutteben-05-kgpremium-gross\/"},"modified":"2024-10-04T07:49:38","modified_gmt":"2024-10-04T07:49:38","slug":"sepia-blaeksprutteben-05-kgpremium-gross","status":"publish","type":"product","link":"https:\/\/megapets.eu\/da\/tilbehor\/sepia-blaeksprutteben-05-kgpremium-gross\/","title":{"rendered":"Sepia &#8211; bl\u00e6ksprutteben 0,5 kg<br \/>PREMIUM GROSS"},"content":{"rendered":"<p><strong><span style=\"color: #e87020; font-size: 15px;\"><em>Sepia &#8211; bl\u00e6ksprutteben 0,5 kg PREMIUM THICK<\/em><\/span><\/strong><\/p>\n<p><strong><span style=\"color: #e87020; font-size: 15px;\"><em>Benl\u00e6ngde: ca. 10-18 cm (mix).<\/em><\/span><\/strong><\/p>\n<p><strong><span style=\"color: #e87020; font-size: 15px;\"><em>Sammens\u00e6tning: 100% naturlig bl\u00e6ksprutteknogle.<\/em><\/span><\/strong><\/p>\n<p><strong><span style=\"color: #e87020; font-size: 15px;\"><em>Prisen er for 0,5 kg.<\/em><\/span><\/strong><\/p>\n<p><em><span style=\"color: #424242;\"><strong><span style=\"font-size: 15px;\">Sepia &#8211; bl\u00e6ksprutteben er en naturlig kalkkilde til eksotiske snegle, skildpadder og andre terrariedyr.<\/span><\/strong><\/span><\/em><\/p>\n<p><em><span style=\"color: #424242;\"><strong><span style=\"font-size: 15px;\">Sepia fodres til dyrene fra den bl\u00f8de side. Bl\u00e6ksprutteknogler skal udskiftes med friske, n\u00e5r dyret har skrabet den bl\u00f8de del af sepiaen af, eller ved de f\u00f8rste tegn p\u00e5 ford\u00e6rv (pletter, som skyldes fugtige terrarieforhold).<\/span><\/strong><\/span><\/em><\/p>\n<p><em><span style=\"color: #424242;\"><strong><span style=\"font-size: 15px;\">Du kan altid variere de former for calcium, der gives, og desuden tilbyde dit k\u00e6ledyr &#8220;Calcium&quot; &#8211; calcium til snegle.<\/span><\/strong><\/span><\/em><\/p>\n<p><em><span style=\"color: #424242;\"><strong><span style=\"font-size: 15px;\">De kosttilskud, vi anbefaler, er i stand til at opfylde behovene for v\u00e6rdifulde n\u00e6ringsstoffer hos selv de mest kr\u00e6vende arter: &#8220;Protein &amp; Vitamin&quot;, eksotisk urteblanding, malet gammarus. Det anbefales, at kosttilskuddene bruges skiftevis, s\u00e5 dit k\u00e6ledyrs kost forbliver varieret og komplet.<\/span><\/strong><\/span><\/em><\/p>\n","protected":false},"excerpt":{"rendered":"<ul class=\"product_attributes\">\n<li><span style=\"color: #555555;\">Sammens\u00e6tning:<\/span> 100 % naturlige bl\u00e6ksprutteben<\/li>\n<li><span style=\"color: #555555;\">Benl\u00e6ngde:<\/span> ca. 10-18 cm (mix)<\/li>\n<li><span style=\"color: #555555;\">Pris vedr\u00f8rer:<\/span> 0,5 kg<\/li>\n<\/ul>\n","protected":false},"featured_media":8821,"template":"","meta":{"_acf_changed":false,"_links_to":"","_links_to_target":""},"product_cat":[212],"product_tag":[215,214,216,213],"class_list":{"0":"post-8934","1":"product","2":"type-product","3":"status-publish","4":"has-post-thumbnail","6":"product_cat-tilbehor","7":"product_tag-for-isopoder","8":"product_tag-til-hvirvlerne","9":"product_tag-til-kakerlakker","10":"product_tag-til-snegle","12":"first","13":"outofstock","14":"shipping-taxable","15":"purchasable","16":"product-type-simple"},"acf":[],"yoast_head":"<!-- This site is optimized with the Yoast SEO plugin v24.9 - https:\/\/yoast.com\/wordpress\/plugins\/seo\/ -->\n<title>Sepia - bl\u00e6ksprutteben 0,5 kgPREMIUM GROSS | MegaPets<\/title>\n<meta name=\"robots\" content=\"index, follow, max-snippet:-1, max-image-preview:large, max-video-preview:-1\" \/>\n<link rel=\"canonical\" href=\"https:\/\/megapets.eu\/da\/tilbehor\/sepia-blaeksprutteben-05-kgpremium-gross\/\" \/>\n<meta property=\"og:locale\" content=\"da_DK\" \/>\n<meta property=\"og:type\" content=\"article\" \/>\n<meta property=\"og:title\" content=\"Sepia - bl\u00e6ksprutteben 0,5 kgPREMIUM GROSS | MegaPets\" \/>\n<meta property=\"og:description\" content=\"Sammens\u00e6tning: 100 % naturlige bl\u00e6ksprutteben  Benl\u00e6ngde: ca. 10-18 cm (mix)  Pris vedr\u00f8rer: 0,5 kg\" \/>\n<meta property=\"og:url\" content=\"https:\/\/megapets.eu\/da\/tilbehor\/sepia-blaeksprutteben-05-kgpremium-gross\/\" \/>\n<meta property=\"og:site_name\" content=\"MegaPets\" \/>\n<meta property=\"article:publisher\" content=\"https:\/\/www.facebook.com\/MegaPets.eu\/\" \/>\n<meta property=\"og:image\" content=\"https:\/\/megapets.eu\/wp-content\/uploads\/2024\/10\/66655544.png\" \/>\n\t<meta property=\"og:image:width\" content=\"956\" \/>\n\t<meta property=\"og:image:height\" content=\"714\" \/>\n\t<meta property=\"og:image:type\" content=\"image\/png\" \/>\n<meta name=\"twitter:card\" content=\"summary_large_image\" \/>\n<meta name=\"twitter:label1\" content=\"Estimeret l\u00e6setid\" \/>\n\t<meta name=\"twitter:data1\" content=\"1 minut\" \/>\n<script type=\"application\/ld+json\" class=\"yoast-schema-graph\">{\"@context\":\"https:\/\/schema.org\",\"@graph\":[{\"@type\":\"WebPage\",\"@id\":\"https:\/\/megapets.eu\/da\/tilbehor\/sepia-blaeksprutteben-05-kgpremium-gross\/\",\"url\":\"https:\/\/megapets.eu\/da\/tilbehor\/sepia-blaeksprutteben-05-kgpremium-gross\/\",\"name\":\"Sepia - bl\u00e6ksprutteben 0,5 kg PREMIUM GROSS | MegaPets\",\"isPartOf\":{\"@id\":\"https:\/\/megapets.eu\/da\/#website\"},\"primaryImageOfPage\":{\"@id\":\"https:\/\/megapets.eu\/da\/tilbehor\/sepia-blaeksprutteben-05-kgpremium-gross\/#primaryimage\"},\"image\":{\"@id\":\"https:\/\/megapets.eu\/da\/tilbehor\/sepia-blaeksprutteben-05-kgpremium-gross\/#primaryimage\"},\"thumbnailUrl\":\"https:\/\/megapets.eu\/wp-content\/uploads\/2024\/10\/66655544.png\",\"datePublished\":\"2024-10-04T07:49:38+00:00\",\"breadcrumb\":{\"@id\":\"https:\/\/megapets.eu\/da\/tilbehor\/sepia-blaeksprutteben-05-kgpremium-gross\/#breadcrumb\"},\"inLanguage\":\"da-DK\",\"potentialAction\":[{\"@type\":\"ReadAction\",\"target\":[\"https:\/\/megapets.eu\/da\/tilbehor\/sepia-blaeksprutteben-05-kgpremium-gross\/\"]}]},{\"@type\":\"ImageObject\",\"inLanguage\":\"da-DK\",\"@id\":\"https:\/\/megapets.eu\/da\/tilbehor\/sepia-blaeksprutteben-05-kgpremium-gross\/#primaryimage\",\"url\":\"https:\/\/megapets.eu\/wp-content\/uploads\/2024\/10\/66655544.png\",\"contentUrl\":\"https:\/\/megapets.eu\/wp-content\/uploads\/2024\/10\/66655544.png\",\"width\":956,\"height\":714},{\"@type\":\"BreadcrumbList\",\"@id\":\"https:\/\/megapets.eu\/da\/tilbehor\/sepia-blaeksprutteben-05-kgpremium-gross\/#breadcrumb\",\"itemListElement\":[{\"@type\":\"ListItem\",\"position\":1,\"name\":\"Strona g\u0142\u00f3wna\",\"item\":\"https:\/\/megapets.eu\/da\/\"},{\"@type\":\"ListItem\",\"position\":2,\"name\":\"Butik\",\"item\":\"https:\/\/megapets.eu\/butik\/\"},{\"@type\":\"ListItem\",\"position\":3,\"name\":\"Sepia &#8211; bl\u00e6ksprutteben 0,5 kgPREMIUM GROSS\"}]},{\"@type\":\"WebSite\",\"@id\":\"https:\/\/megapets.eu\/da\/#website\",\"url\":\"https:\/\/megapets.eu\/da\/\",\"name\":\"Mega Pets\",\"description\":\"Jedna z najwi\u0119kszych hodowli \u015blimak\u00f3w w Europie\",\"publisher\":{\"@id\":\"https:\/\/megapets.eu\/da\/#organization\"},\"alternateName\":\"Mega Pets\",\"potentialAction\":[{\"@type\":\"SearchAction\",\"target\":{\"@type\":\"EntryPoint\",\"urlTemplate\":\"https:\/\/megapets.eu\/da\/?s={search_term_string}\"},\"query-input\":{\"@type\":\"PropertyValueSpecification\",\"valueRequired\":true,\"valueName\":\"search_term_string\"}}],\"inLanguage\":\"da-DK\"},{\"@type\":\"Organization\",\"@id\":\"https:\/\/megapets.eu\/da\/#organization\",\"name\":\"Mega Pets\",\"url\":\"https:\/\/megapets.eu\/da\/\",\"logo\":{\"@type\":\"ImageObject\",\"inLanguage\":\"da-DK\",\"@id\":\"https:\/\/megapets.eu\/da\/#\/schema\/logo\/image\/\",\"url\":\"https:\/\/megapets.eu\/wp-content\/uploads\/2025\/04\/megapets_eu-logo.png\",\"contentUrl\":\"https:\/\/megapets.eu\/wp-content\/uploads\/2025\/04\/megapets_eu-logo.png\",\"width\":2362,\"height\":2362,\"caption\":\"Mega Pets\"},\"image\":{\"@id\":\"https:\/\/megapets.eu\/da\/#\/schema\/logo\/image\/\"},\"sameAs\":[\"https:\/\/www.facebook.com\/MegaPets.eu\/\"]}]}<\/script>\n<!-- \/ Yoast SEO plugin. -->","yoast_head_json":{"title":"Sepia - bl\u00e6ksprutteben 0,5 kgPREMIUM GROSS | MegaPets","robots":{"index":"index","follow":"follow","max-snippet":"max-snippet:-1","max-image-preview":"max-image-preview:large","max-video-preview":"max-video-preview:-1"},"canonical":"https:\/\/megapets.eu\/da\/tilbehor\/sepia-blaeksprutteben-05-kgpremium-gross\/","og_locale":"da_DK","og_type":"article","og_title":"Sepia - bl\u00e6ksprutteben 0,5 kgPREMIUM GROSS | MegaPets","og_description":"Sammens\u00e6tning: 100 % naturlige bl\u00e6ksprutteben  Benl\u00e6ngde: ca. 10-18 cm (mix)  Pris vedr\u00f8rer: 0,5 kg","og_url":"https:\/\/megapets.eu\/da\/tilbehor\/sepia-blaeksprutteben-05-kgpremium-gross\/","og_site_name":"MegaPets","article_publisher":"https:\/\/www.facebook.com\/MegaPets.eu\/","og_image":[{"width":956,"height":714,"url":"https:\/\/megapets.eu\/wp-content\/uploads\/2024\/10\/66655544.png","type":"image\/png"}],"twitter_card":"summary_large_image","twitter_misc":{"Estimeret l\u00e6setid":"1 minut"},"schema":{"@context":"https:\/\/schema.org","@graph":[{"@type":"WebPage","@id":"https:\/\/megapets.eu\/da\/tilbehor\/sepia-blaeksprutteben-05-kgpremium-gross\/","url":"https:\/\/megapets.eu\/da\/tilbehor\/sepia-blaeksprutteben-05-kgpremium-gross\/","name":"Sepia - bl\u00e6ksprutteben 0,5 kg PREMIUM GROSS | MegaPets","isPartOf":{"@id":"https:\/\/megapets.eu\/da\/#website"},"primaryImageOfPage":{"@id":"https:\/\/megapets.eu\/da\/tilbehor\/sepia-blaeksprutteben-05-kgpremium-gross\/#primaryimage"},"image":{"@id":"https:\/\/megapets.eu\/da\/tilbehor\/sepia-blaeksprutteben-05-kgpremium-gross\/#primaryimage"},"thumbnailUrl":"https:\/\/megapets.eu\/wp-content\/uploads\/2024\/10\/66655544.png","datePublished":"2024-10-04T07:49:38+00:00","breadcrumb":{"@id":"https:\/\/megapets.eu\/da\/tilbehor\/sepia-blaeksprutteben-05-kgpremium-gross\/#breadcrumb"},"inLanguage":"da-DK","potentialAction":[{"@type":"ReadAction","target":["https:\/\/megapets.eu\/da\/tilbehor\/sepia-blaeksprutteben-05-kgpremium-gross\/"]}]},{"@type":"ImageObject","inLanguage":"da-DK","@id":"https:\/\/megapets.eu\/da\/tilbehor\/sepia-blaeksprutteben-05-kgpremium-gross\/#primaryimage","url":"https:\/\/megapets.eu\/wp-content\/uploads\/2024\/10\/66655544.png","contentUrl":"https:\/\/megapets.eu\/wp-content\/uploads\/2024\/10\/66655544.png","width":956,"height":714},{"@type":"BreadcrumbList","@id":"https:\/\/megapets.eu\/da\/tilbehor\/sepia-blaeksprutteben-05-kgpremium-gross\/#breadcrumb","itemListElement":[{"@type":"ListItem","position":1,"name":"Strona g\u0142\u00f3wna","item":"https:\/\/megapets.eu\/da\/"},{"@type":"ListItem","position":2,"name":"Butik","item":"https:\/\/megapets.eu\/butik\/"},{"@type":"ListItem","position":3,"name":"Sepia &#8211; bl\u00e6ksprutteben 0,5 kgPREMIUM GROSS"}]},{"@type":"WebSite","@id":"https:\/\/megapets.eu\/da\/#website","url":"https:\/\/megapets.eu\/da\/","name":"Mega Pets","description":"Jedna z najwi\u0119kszych hodowli \u015blimak\u00f3w w Europie","publisher":{"@id":"https:\/\/megapets.eu\/da\/#organization"},"alternateName":"Mega Pets","potentialAction":[{"@type":"SearchAction","target":{"@type":"EntryPoint","urlTemplate":"https:\/\/megapets.eu\/da\/?s={search_term_string}"},"query-input":{"@type":"PropertyValueSpecification","valueRequired":true,"valueName":"search_term_string"}}],"inLanguage":"da-DK"},{"@type":"Organization","@id":"https:\/\/megapets.eu\/da\/#organization","name":"Mega Pets","url":"https:\/\/megapets.eu\/da\/","logo":{"@type":"ImageObject","inLanguage":"da-DK","@id":"https:\/\/megapets.eu\/da\/#\/schema\/logo\/image\/","url":"https:\/\/megapets.eu\/wp-content\/uploads\/2025\/04\/megapets_eu-logo.png","contentUrl":"https:\/\/megapets.eu\/wp-content\/uploads\/2025\/04\/megapets_eu-logo.png","width":2362,"height":2362,"caption":"Mega Pets"},"image":{"@id":"https:\/\/megapets.eu\/da\/#\/schema\/logo\/image\/"},"sameAs":["https:\/\/www.facebook.com\/MegaPets.eu\/"]}]}},"_links":{"self":[{"href":"https:\/\/megapets.eu\/da\/wp-json\/wp\/v2\/product\/8934","targetHints":{"allow":["GET"]}}],"collection":[{"href":"https:\/\/megapets.eu\/da\/wp-json\/wp\/v2\/product"}],"about":[{"href":"https:\/\/megapets.eu\/da\/wp-json\/wp\/v2\/types\/product"}],"wp:featuredmedia":[{"embeddable":true,"href":"https:\/\/megapets.eu\/da\/wp-json\/wp\/v2\/media\/8821"}],"wp:attachment":[{"href":"https:\/\/megapets.eu\/da\/wp-json\/wp\/v2\/media?parent=8934"}],"wp:term":[{"taxonomy":"product_cat","embeddable":true,"href":"https:\/\/megapets.eu\/da\/wp-json\/wp\/v2\/product_cat?post=8934"},{"taxonomy":"product_tag","embeddable":true,"href":"https:\/\/megapets.eu\/da\/wp-json\/wp\/v2\/product_tag?post=8934"}],"curies":[{"name":"wp","href":"https:\/\/api.w.org\/{rel}","templated":true}]}}