{"id":8948,"date":"2024-10-04T20:30:18","date_gmt":"2024-10-04T20:30:18","guid":{"rendered":"https:\/\/megapets.eu\/Ikke kategoriseret\/neutral-toerv-15-lsubstrat-til-hugorme-og-isopoder\/"},"modified":"2024-10-04T20:30:18","modified_gmt":"2024-10-04T20:30:18","slug":"neutral-toerv-15-lsubstrat-til-hugorme-og-isopoder","status":"publish","type":"product","link":"https:\/\/megapets.eu\/da\/tilbehor\/neutral-toerv-15-lsubstrat-til-hugorme-og-isopoder\/","title":{"rendered":"Neutral t\u00f8rv 1,5 L<br \/>Substrat til hugorme og isopoder"},"content":{"rendered":"<p><strong><span style=\"color: #e87020; font-size: 15px;\"><em>Neutral t\u00f8rv 1,5 L \/ Substrat til hugorme og isopoder<\/em><\/span><\/strong><\/p>\n<p><strong><span style=\"color: #e87020; font-size: 15px;\"><em>En pakke indeholder 1,5 L.<\/em><\/span><\/strong><\/p>\n<p><strong><span style=\"color: #e87020; font-size: 15px;\"><em>Sammens\u00e6tning: 100 % naturligt neutralt t\u00f8rv.<\/em><\/span><\/strong><\/p>\n<p><strong><span style=\"color: #e87020; font-size: 15px;\"><em>Prisen er for 1 pakke.<\/em><\/span><\/strong><\/p>\n<p><em><span style=\"color: #424242;\"><strong><span style=\"font-size: 15px;\">Neutral t\u00f8rv varmebehandlet og klar til brug.<\/span><\/strong><\/span><\/em><\/p>\n<p><em><span style=\"color: #424242;\"><strong><span style=\"font-size: 15px;\">Substrat til opdr\u00e6t af: <\/span><\/strong><\/span><\/em><em><span style=\"color: #424242;\"><strong><span style=\"font-size: 15px;\">hugorme; <\/span><\/strong><\/span><\/em><em><span style=\"color: #424242;\"><strong><span style=\"font-size: 15px;\">krokodiller; <\/span><\/strong><\/span><\/em><em><span style=\"color: #424242;\"><strong><span style=\"font-size: 15px;\">kakerlakker; <\/span><\/strong><\/span><\/em><em><span style=\"color: #424242;\"><strong><span style=\"font-size: 15px;\">billelarver; <\/span><\/strong><\/span><\/em><em><span style=\"color: #424242;\"><strong><span style=\"font-size: 15px;\">isopoder; etc.<\/span><\/strong><\/span><\/em><\/p>\n","protected":false},"excerpt":{"rendered":"<ul class=\"product_attributes\">\n<li><span style=\"color: #555555;\">Sammens\u00e6tning:<\/span> 100 % naturlig neutral t\u00f8rv<\/li>\n<li><span style=\"color: #555555;\">Emballagen indeholder:<\/span> 1,5 L<\/li>\n<li><span style=\"color: #555555;\">Prisen g\u00e6lder for:<\/span> 1 pakke.<\/li>\n<\/ul>\n","protected":false},"featured_media":8949,"template":"","meta":{"_acf_changed":false,"_links_to":"","_links_to_target":""},"product_cat":[212],"product_tag":[215,214,216],"class_list":{"0":"post-8948","1":"product","2":"type-product","3":"status-publish","4":"has-post-thumbnail","6":"product_cat-tilbehor","7":"product_tag-for-isopoder","8":"product_tag-til-hvirvlerne","9":"product_tag-til-kakerlakker","11":"first","12":"instock","13":"shipping-taxable","14":"purchasable","15":"product-type-simple"},"acf":[],"yoast_head":"<!-- This site is optimized with the Yoast SEO plugin v24.9 - https:\/\/yoast.com\/wordpress\/plugins\/seo\/ -->\n<title>Neutral t\u00f8rv 1,5 LSubstrat til hugorme og isopoder | MegaPets<\/title>\n<meta name=\"robots\" content=\"index, follow, max-snippet:-1, max-image-preview:large, max-video-preview:-1\" \/>\n<link rel=\"canonical\" href=\"https:\/\/megapets.eu\/da\/tilbehor\/neutral-toerv-15-lsubstrat-til-hugorme-og-isopoder\/\" \/>\n<meta property=\"og:locale\" content=\"da_DK\" \/>\n<meta property=\"og:type\" content=\"article\" \/>\n<meta property=\"og:title\" content=\"Neutral t\u00f8rv 1,5 LSubstrat til hugorme og isopoder | MegaPets\" \/>\n<meta property=\"og:description\" content=\"Sammens\u00e6tning: 100 % naturlig neutral t\u00f8rv  Emballagen indeholder: 1,5 L  Prisen g\u00e6lder for: 1 pakke.\" \/>\n<meta property=\"og:url\" content=\"https:\/\/megapets.eu\/da\/tilbehor\/neutral-toerv-15-lsubstrat-til-hugorme-og-isopoder\/\" \/>\n<meta property=\"og:site_name\" content=\"MegaPets\" \/>\n<meta property=\"article:publisher\" content=\"https:\/\/www.facebook.com\/MegaPets.eu\/\" \/>\n<meta property=\"og:image\" content=\"https:\/\/megapets.eu\/wp-content\/uploads\/2024\/10\/IMG_2709-e1728372454631.jpg\" \/>\n\t<meta property=\"og:image:width\" content=\"1621\" \/>\n\t<meta property=\"og:image:height\" content=\"1126\" \/>\n\t<meta property=\"og:image:type\" content=\"image\/jpeg\" \/>\n<meta name=\"twitter:card\" content=\"summary_large_image\" \/>\n<script type=\"application\/ld+json\" class=\"yoast-schema-graph\">{\"@context\":\"https:\/\/schema.org\",\"@graph\":[{\"@type\":\"WebPage\",\"@id\":\"https:\/\/megapets.eu\/da\/tilbehor\/neutral-toerv-15-lsubstrat-til-hugorme-og-isopoder\/\",\"url\":\"https:\/\/megapets.eu\/da\/tilbehor\/neutral-toerv-15-lsubstrat-til-hugorme-og-isopoder\/\",\"name\":\"Neutral t\u00f8rv 1,5 L Substrat til hugorme og isopoder | MegaPets\",\"isPartOf\":{\"@id\":\"https:\/\/megapets.eu\/da\/#website\"},\"primaryImageOfPage\":{\"@id\":\"https:\/\/megapets.eu\/da\/tilbehor\/neutral-toerv-15-lsubstrat-til-hugorme-og-isopoder\/#primaryimage\"},\"image\":{\"@id\":\"https:\/\/megapets.eu\/da\/tilbehor\/neutral-toerv-15-lsubstrat-til-hugorme-og-isopoder\/#primaryimage\"},\"thumbnailUrl\":\"https:\/\/megapets.eu\/wp-content\/uploads\/2024\/10\/IMG_2709-e1728372454631.jpg\",\"datePublished\":\"2024-10-04T20:30:18+00:00\",\"breadcrumb\":{\"@id\":\"https:\/\/megapets.eu\/da\/tilbehor\/neutral-toerv-15-lsubstrat-til-hugorme-og-isopoder\/#breadcrumb\"},\"inLanguage\":\"da-DK\",\"potentialAction\":[{\"@type\":\"ReadAction\",\"target\":[\"https:\/\/megapets.eu\/da\/tilbehor\/neutral-toerv-15-lsubstrat-til-hugorme-og-isopoder\/\"]}]},{\"@type\":\"ImageObject\",\"inLanguage\":\"da-DK\",\"@id\":\"https:\/\/megapets.eu\/da\/tilbehor\/neutral-toerv-15-lsubstrat-til-hugorme-og-isopoder\/#primaryimage\",\"url\":\"https:\/\/megapets.eu\/wp-content\/uploads\/2024\/10\/IMG_2709-e1728372454631.jpg\",\"contentUrl\":\"https:\/\/megapets.eu\/wp-content\/uploads\/2024\/10\/IMG_2709-e1728372454631.jpg\",\"width\":1621,\"height\":1126},{\"@type\":\"BreadcrumbList\",\"@id\":\"https:\/\/megapets.eu\/da\/tilbehor\/neutral-toerv-15-lsubstrat-til-hugorme-og-isopoder\/#breadcrumb\",\"itemListElement\":[{\"@type\":\"ListItem\",\"position\":1,\"name\":\"Strona g\u0142\u00f3wna\",\"item\":\"https:\/\/megapets.eu\/da\/\"},{\"@type\":\"ListItem\",\"position\":2,\"name\":\"Butik\",\"item\":\"https:\/\/megapets.eu\/butik\/\"},{\"@type\":\"ListItem\",\"position\":3,\"name\":\"Neutral t\u00f8rv 1,5 LSubstrat til hugorme og isopoder\"}]},{\"@type\":\"WebSite\",\"@id\":\"https:\/\/megapets.eu\/da\/#website\",\"url\":\"https:\/\/megapets.eu\/da\/\",\"name\":\"Mega Pets\",\"description\":\"Jedna z najwi\u0119kszych hodowli \u015blimak\u00f3w w Europie\",\"publisher\":{\"@id\":\"https:\/\/megapets.eu\/da\/#organization\"},\"alternateName\":\"Mega Pets\",\"potentialAction\":[{\"@type\":\"SearchAction\",\"target\":{\"@type\":\"EntryPoint\",\"urlTemplate\":\"https:\/\/megapets.eu\/da\/?s={search_term_string}\"},\"query-input\":{\"@type\":\"PropertyValueSpecification\",\"valueRequired\":true,\"valueName\":\"search_term_string\"}}],\"inLanguage\":\"da-DK\"},{\"@type\":\"Organization\",\"@id\":\"https:\/\/megapets.eu\/da\/#organization\",\"name\":\"Mega Pets\",\"url\":\"https:\/\/megapets.eu\/da\/\",\"logo\":{\"@type\":\"ImageObject\",\"inLanguage\":\"da-DK\",\"@id\":\"https:\/\/megapets.eu\/da\/#\/schema\/logo\/image\/\",\"url\":\"https:\/\/megapets.eu\/wp-content\/uploads\/2025\/04\/megapets_eu-logo.png\",\"contentUrl\":\"https:\/\/megapets.eu\/wp-content\/uploads\/2025\/04\/megapets_eu-logo.png\",\"width\":2362,\"height\":2362,\"caption\":\"Mega Pets\"},\"image\":{\"@id\":\"https:\/\/megapets.eu\/da\/#\/schema\/logo\/image\/\"},\"sameAs\":[\"https:\/\/www.facebook.com\/MegaPets.eu\/\"]}]}<\/script>\n<!-- \/ Yoast SEO plugin. -->","yoast_head_json":{"title":"Neutral t\u00f8rv 1,5 LSubstrat til hugorme og isopoder | MegaPets","robots":{"index":"index","follow":"follow","max-snippet":"max-snippet:-1","max-image-preview":"max-image-preview:large","max-video-preview":"max-video-preview:-1"},"canonical":"https:\/\/megapets.eu\/da\/tilbehor\/neutral-toerv-15-lsubstrat-til-hugorme-og-isopoder\/","og_locale":"da_DK","og_type":"article","og_title":"Neutral t\u00f8rv 1,5 LSubstrat til hugorme og isopoder | MegaPets","og_description":"Sammens\u00e6tning: 100 % naturlig neutral t\u00f8rv  Emballagen indeholder: 1,5 L  Prisen g\u00e6lder for: 1 pakke.","og_url":"https:\/\/megapets.eu\/da\/tilbehor\/neutral-toerv-15-lsubstrat-til-hugorme-og-isopoder\/","og_site_name":"MegaPets","article_publisher":"https:\/\/www.facebook.com\/MegaPets.eu\/","og_image":[{"width":1621,"height":1126,"url":"https:\/\/megapets.eu\/wp-content\/uploads\/2024\/10\/IMG_2709-e1728372454631.jpg","type":"image\/jpeg"}],"twitter_card":"summary_large_image","schema":{"@context":"https:\/\/schema.org","@graph":[{"@type":"WebPage","@id":"https:\/\/megapets.eu\/da\/tilbehor\/neutral-toerv-15-lsubstrat-til-hugorme-og-isopoder\/","url":"https:\/\/megapets.eu\/da\/tilbehor\/neutral-toerv-15-lsubstrat-til-hugorme-og-isopoder\/","name":"Neutral t\u00f8rv 1,5 L Substrat til hugorme og isopoder | MegaPets","isPartOf":{"@id":"https:\/\/megapets.eu\/da\/#website"},"primaryImageOfPage":{"@id":"https:\/\/megapets.eu\/da\/tilbehor\/neutral-toerv-15-lsubstrat-til-hugorme-og-isopoder\/#primaryimage"},"image":{"@id":"https:\/\/megapets.eu\/da\/tilbehor\/neutral-toerv-15-lsubstrat-til-hugorme-og-isopoder\/#primaryimage"},"thumbnailUrl":"https:\/\/megapets.eu\/wp-content\/uploads\/2024\/10\/IMG_2709-e1728372454631.jpg","datePublished":"2024-10-04T20:30:18+00:00","breadcrumb":{"@id":"https:\/\/megapets.eu\/da\/tilbehor\/neutral-toerv-15-lsubstrat-til-hugorme-og-isopoder\/#breadcrumb"},"inLanguage":"da-DK","potentialAction":[{"@type":"ReadAction","target":["https:\/\/megapets.eu\/da\/tilbehor\/neutral-toerv-15-lsubstrat-til-hugorme-og-isopoder\/"]}]},{"@type":"ImageObject","inLanguage":"da-DK","@id":"https:\/\/megapets.eu\/da\/tilbehor\/neutral-toerv-15-lsubstrat-til-hugorme-og-isopoder\/#primaryimage","url":"https:\/\/megapets.eu\/wp-content\/uploads\/2024\/10\/IMG_2709-e1728372454631.jpg","contentUrl":"https:\/\/megapets.eu\/wp-content\/uploads\/2024\/10\/IMG_2709-e1728372454631.jpg","width":1621,"height":1126},{"@type":"BreadcrumbList","@id":"https:\/\/megapets.eu\/da\/tilbehor\/neutral-toerv-15-lsubstrat-til-hugorme-og-isopoder\/#breadcrumb","itemListElement":[{"@type":"ListItem","position":1,"name":"Strona g\u0142\u00f3wna","item":"https:\/\/megapets.eu\/da\/"},{"@type":"ListItem","position":2,"name":"Butik","item":"https:\/\/megapets.eu\/butik\/"},{"@type":"ListItem","position":3,"name":"Neutral t\u00f8rv 1,5 LSubstrat til hugorme og isopoder"}]},{"@type":"WebSite","@id":"https:\/\/megapets.eu\/da\/#website","url":"https:\/\/megapets.eu\/da\/","name":"Mega Pets","description":"Jedna z najwi\u0119kszych hodowli \u015blimak\u00f3w w Europie","publisher":{"@id":"https:\/\/megapets.eu\/da\/#organization"},"alternateName":"Mega Pets","potentialAction":[{"@type":"SearchAction","target":{"@type":"EntryPoint","urlTemplate":"https:\/\/megapets.eu\/da\/?s={search_term_string}"},"query-input":{"@type":"PropertyValueSpecification","valueRequired":true,"valueName":"search_term_string"}}],"inLanguage":"da-DK"},{"@type":"Organization","@id":"https:\/\/megapets.eu\/da\/#organization","name":"Mega Pets","url":"https:\/\/megapets.eu\/da\/","logo":{"@type":"ImageObject","inLanguage":"da-DK","@id":"https:\/\/megapets.eu\/da\/#\/schema\/logo\/image\/","url":"https:\/\/megapets.eu\/wp-content\/uploads\/2025\/04\/megapets_eu-logo.png","contentUrl":"https:\/\/megapets.eu\/wp-content\/uploads\/2025\/04\/megapets_eu-logo.png","width":2362,"height":2362,"caption":"Mega Pets"},"image":{"@id":"https:\/\/megapets.eu\/da\/#\/schema\/logo\/image\/"},"sameAs":["https:\/\/www.facebook.com\/MegaPets.eu\/"]}]}},"_links":{"self":[{"href":"https:\/\/megapets.eu\/da\/wp-json\/wp\/v2\/product\/8948","targetHints":{"allow":["GET"]}}],"collection":[{"href":"https:\/\/megapets.eu\/da\/wp-json\/wp\/v2\/product"}],"about":[{"href":"https:\/\/megapets.eu\/da\/wp-json\/wp\/v2\/types\/product"}],"wp:featuredmedia":[{"embeddable":true,"href":"https:\/\/megapets.eu\/da\/wp-json\/wp\/v2\/media\/8949"}],"wp:attachment":[{"href":"https:\/\/megapets.eu\/da\/wp-json\/wp\/v2\/media?parent=8948"}],"wp:term":[{"taxonomy":"product_cat","embeddable":true,"href":"https:\/\/megapets.eu\/da\/wp-json\/wp\/v2\/product_cat?post=8948"},{"taxonomy":"product_tag","embeddable":true,"href":"https:\/\/megapets.eu\/da\/wp-json\/wp\/v2\/product_tag?post=8948"}],"curies":[{"name":"wp","href":"https:\/\/api.w.org\/{rel}","templated":true}]}}