{"id":8952,"date":"2024-10-06T11:49:55","date_gmt":"2024-10-06T11:49:55","guid":{"rendered":"https:\/\/megapets.eu\/Ikke kategoriseret\/achatina-achatina-albino-krop-nigeria\/"},"modified":"2024-10-06T11:49:55","modified_gmt":"2024-10-06T11:49:55","slug":"achatina-achatina-albino-krop-nigeria","status":"publish","type":"product","link":"https:\/\/megapets.eu\/da\/snegle\/achatina-achatina-albino-krop-nigeria\/","title":{"rendered":"Achatina achatina albino krop Nigeria"},"content":{"rendered":"<p class=\"v1v1v1v1MsoNormal\"><span style=\"color: #424242;\"><strong><em><span style=\"font-size: 15px;\">Art: Achatina achatina achatina<\/span><\/em><\/strong><\/span><\/p>\n<p class=\"v1v1v1v1MsoNormal\"><span style=\"color: #424242;\"><strong><em><span style=\"font-size: 15px;\">Farvevariation: albino-krop<\/span><\/em><\/strong><\/span><\/p>\n<p class=\"v1v1v1v1MsoNormal\"><span style=\"color: #424242;\"><strong><em><span style=\"font-size: 15px;\">\u2b50\u2b50\u2b50\u2b50 Dette er en meget velkendt art af Achatina achatina achatina i den sj\u00e6ldne albino-kropsfarvevariant. Denne art er ikke aktiv, en rigtig sovepude blandt snegle. Den anbefales til avancerede personer. Achatina achatina vokser meget langsomt, skalst\u00f8rrelsen p\u00e5 en voksen af denne art er ca. 15-16 cm.<\/span><\/em><\/strong><\/span><\/p>\n<p class=\"v1v1v1v1MsoNormal\"><span style=\"font-size: 15px;\"><strong><em><span style=\"color: #008000;\"><img decoding=\"async\" src=\"https:\/\/static.xx.fbcdn.net\/images\/emoji.php\/v9\/tbe\/1\/16\/1f3c6.png\" alt=\"\ud83c\udfc6\" \/><span style=\"color: #e36a19;\"> Alle babysneglene kommer fra vores velkendte registrerede opdr\u00e6t, s\u00e5 du k\u00f8ber fra en kendt kilde, hvor vi passer godt p\u00e5 sneglene og n\u00f8je overv\u00e5ger udviklingen af hver enkelt.<\/span><\/span><\/em><\/strong><\/span><\/p>\n<p class=\"v1v1v1v1MsoNormal\"><span style=\"font-size: 15px; color: #424242;\"><strong><em>Som du ved, fungerer plastikbeholdere bedst til snegleopdr\u00e6t. De beholdere, vi har forberedt, er ideelt egnede til udvikling af en flot ny v\u00e6kst af sneglehuse). For at spare tid, n\u00e5r du gennemf\u00f8rer din bestilling, anbefaler vi, at du starter med starts\u00e6ttet, som indeholder grundl\u00e6ggende tilbeh\u00f8r til en hurtig start p\u00e5 dit eget opdr\u00e6t og instruktioner.<\/em><\/strong><\/span><\/p>\n<p><span style=\"font-size: 15px;\"><strong><em><span style=\"color: #008000;\"><img loading=\"lazy\" decoding=\"async\" class=\"xz74otr\" src=\"https:\/\/static.xx.fbcdn.net\/images\/emoji.php\/v9\/t1e\/1\/16\/1f33f.png\" alt=\"\ud83c\udf3f\" width=\"16\" height=\"16\" \/> Alt, hvad dyret har brug for, er frisk, moden frugt og gr\u00f8nt, en ynglebeholder og substrat (lad ikke substratet t\u00f8rre ud, spray terrariet hver 2-3 dag). Sneglens daglige kost m\u00e5 ikke mangle den grundl\u00e6ggende byggesten til en smuk og sund skal; \u00e6ggeskalspulver og sepia er naturlige kilder til perfekt ford\u00f8jeligt calcium. Du kan l\u00e6se mere om eksotiske snegles kost p\u00e5 vores hjemmeside.<\/span><\/em><\/strong><\/span><\/p>\n","protected":false},"excerpt":{"rendered":"<ul class=\"product_attributes\">\n<li>Fra et ubesl\u00e6gtet par:P17<\/li>\n<li>M\u00e5lskalst\u00f8rrelse:ca. 15-16 cm<\/li>\n<li>Tilbydes ungdyr:ca. 4 cm<\/li>\n<li>Prisen er for:1 stk.<\/li>\n<\/ul>\n","protected":false},"featured_media":8954,"template":"","meta":{"_acf_changed":false,"_links_to":"","_links_to_target":""},"product_cat":[210],"product_tag":[],"class_list":{"0":"post-8952","1":"product","2":"type-product","3":"status-publish","4":"has-post-thumbnail","6":"product_cat-snegle","8":"first","9":"outofstock","10":"shipping-taxable","11":"purchasable","12":"product-type-simple"},"acf":[],"yoast_head":"<!-- This site is optimized with the Yoast SEO plugin v24.9 - https:\/\/yoast.com\/wordpress\/plugins\/seo\/ -->\n<title>Achatina achatina albino krop Nigeria | MegaPets<\/title>\n<meta name=\"robots\" content=\"index, follow, max-snippet:-1, max-image-preview:large, max-video-preview:-1\" \/>\n<link rel=\"canonical\" href=\"https:\/\/megapets.eu\/da\/snegle\/achatina-achatina-albino-krop-nigeria\/\" \/>\n<meta property=\"og:locale\" content=\"da_DK\" \/>\n<meta property=\"og:type\" content=\"article\" \/>\n<meta property=\"og:title\" content=\"Achatina achatina albino krop Nigeria | MegaPets\" \/>\n<meta property=\"og:description\" content=\"Fra et ubesl\u00e6gtet par:P17  M\u00e5lskalst\u00f8rrelse:ca. 15-16 cm  Tilbydes ungdyr:ca. 4 cm  Prisen er for:1 stk.\" \/>\n<meta property=\"og:url\" content=\"https:\/\/megapets.eu\/da\/snegle\/achatina-achatina-albino-krop-nigeria\/\" \/>\n<meta property=\"og:site_name\" content=\"MegaPets\" \/>\n<meta property=\"article:publisher\" content=\"https:\/\/www.facebook.com\/MegaPets.eu\/\" \/>\n<meta property=\"og:image\" content=\"https:\/\/megapets.eu\/wp-content\/uploads\/2024\/10\/T222.jpg\" \/>\n\t<meta property=\"og:image:width\" content=\"1204\" \/>\n\t<meta property=\"og:image:height\" content=\"800\" \/>\n\t<meta property=\"og:image:type\" content=\"image\/jpeg\" \/>\n<meta name=\"twitter:card\" content=\"summary_large_image\" \/>\n<meta name=\"twitter:label1\" content=\"Estimeret l\u00e6setid\" \/>\n\t<meta name=\"twitter:data1\" content=\"1 minut\" \/>\n<script type=\"application\/ld+json\" class=\"yoast-schema-graph\">{\"@context\":\"https:\/\/schema.org\",\"@graph\":[{\"@type\":\"WebPage\",\"@id\":\"https:\/\/megapets.eu\/da\/snegle\/achatina-achatina-albino-krop-nigeria\/\",\"url\":\"https:\/\/megapets.eu\/da\/snegle\/achatina-achatina-albino-krop-nigeria\/\",\"name\":\"Achatina achatina albino krop Nigeria | MegaPets\",\"isPartOf\":{\"@id\":\"https:\/\/megapets.eu\/da\/#website\"},\"primaryImageOfPage\":{\"@id\":\"https:\/\/megapets.eu\/da\/snegle\/achatina-achatina-albino-krop-nigeria\/#primaryimage\"},\"image\":{\"@id\":\"https:\/\/megapets.eu\/da\/snegle\/achatina-achatina-albino-krop-nigeria\/#primaryimage\"},\"thumbnailUrl\":\"https:\/\/megapets.eu\/wp-content\/uploads\/2024\/10\/T222.jpg\",\"datePublished\":\"2024-10-06T11:49:55+00:00\",\"breadcrumb\":{\"@id\":\"https:\/\/megapets.eu\/da\/snegle\/achatina-achatina-albino-krop-nigeria\/#breadcrumb\"},\"inLanguage\":\"da-DK\",\"potentialAction\":[{\"@type\":\"ReadAction\",\"target\":[\"https:\/\/megapets.eu\/da\/snegle\/achatina-achatina-albino-krop-nigeria\/\"]}]},{\"@type\":\"ImageObject\",\"inLanguage\":\"da-DK\",\"@id\":\"https:\/\/megapets.eu\/da\/snegle\/achatina-achatina-albino-krop-nigeria\/#primaryimage\",\"url\":\"https:\/\/megapets.eu\/wp-content\/uploads\/2024\/10\/T222.jpg\",\"contentUrl\":\"https:\/\/megapets.eu\/wp-content\/uploads\/2024\/10\/T222.jpg\",\"width\":1204,\"height\":800},{\"@type\":\"BreadcrumbList\",\"@id\":\"https:\/\/megapets.eu\/da\/snegle\/achatina-achatina-albino-krop-nigeria\/#breadcrumb\",\"itemListElement\":[{\"@type\":\"ListItem\",\"position\":1,\"name\":\"Strona g\u0142\u00f3wna\",\"item\":\"https:\/\/megapets.eu\/da\/\"},{\"@type\":\"ListItem\",\"position\":2,\"name\":\"Butik\",\"item\":\"https:\/\/megapets.eu\/butik\/\"},{\"@type\":\"ListItem\",\"position\":3,\"name\":\"Achatina achatina albino krop Nigeria\"}]},{\"@type\":\"WebSite\",\"@id\":\"https:\/\/megapets.eu\/da\/#website\",\"url\":\"https:\/\/megapets.eu\/da\/\",\"name\":\"Mega Pets\",\"description\":\"Jedna z najwi\u0119kszych hodowli \u015blimak\u00f3w w Europie\",\"publisher\":{\"@id\":\"https:\/\/megapets.eu\/da\/#organization\"},\"alternateName\":\"Mega Pets\",\"potentialAction\":[{\"@type\":\"SearchAction\",\"target\":{\"@type\":\"EntryPoint\",\"urlTemplate\":\"https:\/\/megapets.eu\/da\/?s={search_term_string}\"},\"query-input\":{\"@type\":\"PropertyValueSpecification\",\"valueRequired\":true,\"valueName\":\"search_term_string\"}}],\"inLanguage\":\"da-DK\"},{\"@type\":\"Organization\",\"@id\":\"https:\/\/megapets.eu\/da\/#organization\",\"name\":\"Mega Pets\",\"url\":\"https:\/\/megapets.eu\/da\/\",\"logo\":{\"@type\":\"ImageObject\",\"inLanguage\":\"da-DK\",\"@id\":\"https:\/\/megapets.eu\/da\/#\/schema\/logo\/image\/\",\"url\":\"https:\/\/megapets.eu\/wp-content\/uploads\/2025\/04\/megapets_eu-logo.png\",\"contentUrl\":\"https:\/\/megapets.eu\/wp-content\/uploads\/2025\/04\/megapets_eu-logo.png\",\"width\":2362,\"height\":2362,\"caption\":\"Mega Pets\"},\"image\":{\"@id\":\"https:\/\/megapets.eu\/da\/#\/schema\/logo\/image\/\"},\"sameAs\":[\"https:\/\/www.facebook.com\/MegaPets.eu\/\"]}]}<\/script>\n<!-- \/ Yoast SEO plugin. -->","yoast_head_json":{"title":"Achatina achatina albino krop Nigeria | MegaPets","robots":{"index":"index","follow":"follow","max-snippet":"max-snippet:-1","max-image-preview":"max-image-preview:large","max-video-preview":"max-video-preview:-1"},"canonical":"https:\/\/megapets.eu\/da\/snegle\/achatina-achatina-albino-krop-nigeria\/","og_locale":"da_DK","og_type":"article","og_title":"Achatina achatina albino krop Nigeria | MegaPets","og_description":"Fra et ubesl\u00e6gtet par:P17  M\u00e5lskalst\u00f8rrelse:ca. 15-16 cm  Tilbydes ungdyr:ca. 4 cm  Prisen er for:1 stk.","og_url":"https:\/\/megapets.eu\/da\/snegle\/achatina-achatina-albino-krop-nigeria\/","og_site_name":"MegaPets","article_publisher":"https:\/\/www.facebook.com\/MegaPets.eu\/","og_image":[{"width":1204,"height":800,"url":"https:\/\/megapets.eu\/wp-content\/uploads\/2024\/10\/T222.jpg","type":"image\/jpeg"}],"twitter_card":"summary_large_image","twitter_misc":{"Estimeret l\u00e6setid":"1 minut"},"schema":{"@context":"https:\/\/schema.org","@graph":[{"@type":"WebPage","@id":"https:\/\/megapets.eu\/da\/snegle\/achatina-achatina-albino-krop-nigeria\/","url":"https:\/\/megapets.eu\/da\/snegle\/achatina-achatina-albino-krop-nigeria\/","name":"Achatina achatina albino krop Nigeria | MegaPets","isPartOf":{"@id":"https:\/\/megapets.eu\/da\/#website"},"primaryImageOfPage":{"@id":"https:\/\/megapets.eu\/da\/snegle\/achatina-achatina-albino-krop-nigeria\/#primaryimage"},"image":{"@id":"https:\/\/megapets.eu\/da\/snegle\/achatina-achatina-albino-krop-nigeria\/#primaryimage"},"thumbnailUrl":"https:\/\/megapets.eu\/wp-content\/uploads\/2024\/10\/T222.jpg","datePublished":"2024-10-06T11:49:55+00:00","breadcrumb":{"@id":"https:\/\/megapets.eu\/da\/snegle\/achatina-achatina-albino-krop-nigeria\/#breadcrumb"},"inLanguage":"da-DK","potentialAction":[{"@type":"ReadAction","target":["https:\/\/megapets.eu\/da\/snegle\/achatina-achatina-albino-krop-nigeria\/"]}]},{"@type":"ImageObject","inLanguage":"da-DK","@id":"https:\/\/megapets.eu\/da\/snegle\/achatina-achatina-albino-krop-nigeria\/#primaryimage","url":"https:\/\/megapets.eu\/wp-content\/uploads\/2024\/10\/T222.jpg","contentUrl":"https:\/\/megapets.eu\/wp-content\/uploads\/2024\/10\/T222.jpg","width":1204,"height":800},{"@type":"BreadcrumbList","@id":"https:\/\/megapets.eu\/da\/snegle\/achatina-achatina-albino-krop-nigeria\/#breadcrumb","itemListElement":[{"@type":"ListItem","position":1,"name":"Strona g\u0142\u00f3wna","item":"https:\/\/megapets.eu\/da\/"},{"@type":"ListItem","position":2,"name":"Butik","item":"https:\/\/megapets.eu\/butik\/"},{"@type":"ListItem","position":3,"name":"Achatina achatina albino krop Nigeria"}]},{"@type":"WebSite","@id":"https:\/\/megapets.eu\/da\/#website","url":"https:\/\/megapets.eu\/da\/","name":"Mega Pets","description":"Jedna z najwi\u0119kszych hodowli \u015blimak\u00f3w w Europie","publisher":{"@id":"https:\/\/megapets.eu\/da\/#organization"},"alternateName":"Mega Pets","potentialAction":[{"@type":"SearchAction","target":{"@type":"EntryPoint","urlTemplate":"https:\/\/megapets.eu\/da\/?s={search_term_string}"},"query-input":{"@type":"PropertyValueSpecification","valueRequired":true,"valueName":"search_term_string"}}],"inLanguage":"da-DK"},{"@type":"Organization","@id":"https:\/\/megapets.eu\/da\/#organization","name":"Mega Pets","url":"https:\/\/megapets.eu\/da\/","logo":{"@type":"ImageObject","inLanguage":"da-DK","@id":"https:\/\/megapets.eu\/da\/#\/schema\/logo\/image\/","url":"https:\/\/megapets.eu\/wp-content\/uploads\/2025\/04\/megapets_eu-logo.png","contentUrl":"https:\/\/megapets.eu\/wp-content\/uploads\/2025\/04\/megapets_eu-logo.png","width":2362,"height":2362,"caption":"Mega Pets"},"image":{"@id":"https:\/\/megapets.eu\/da\/#\/schema\/logo\/image\/"},"sameAs":["https:\/\/www.facebook.com\/MegaPets.eu\/"]}]}},"_links":{"self":[{"href":"https:\/\/megapets.eu\/da\/wp-json\/wp\/v2\/product\/8952","targetHints":{"allow":["GET"]}}],"collection":[{"href":"https:\/\/megapets.eu\/da\/wp-json\/wp\/v2\/product"}],"about":[{"href":"https:\/\/megapets.eu\/da\/wp-json\/wp\/v2\/types\/product"}],"wp:featuredmedia":[{"embeddable":true,"href":"https:\/\/megapets.eu\/da\/wp-json\/wp\/v2\/media\/8954"}],"wp:attachment":[{"href":"https:\/\/megapets.eu\/da\/wp-json\/wp\/v2\/media?parent=8952"}],"wp:term":[{"taxonomy":"product_cat","embeddable":true,"href":"https:\/\/megapets.eu\/da\/wp-json\/wp\/v2\/product_cat?post=8952"},{"taxonomy":"product_tag","embeddable":true,"href":"https:\/\/megapets.eu\/da\/wp-json\/wp\/v2\/product_tag?post=8952"}],"curies":[{"name":"wp","href":"https:\/\/api.w.org\/{rel}","templated":true}]}}