{"id":8985,"date":"2024-10-04T07:01:14","date_gmt":"2024-10-04T07:01:14","guid":{"rendered":"https:\/\/megapets.eu\/Ikke kategoriseret\/sepia-blaekspruttebensaet-med-5-stk\/"},"modified":"2024-10-04T07:01:14","modified_gmt":"2024-10-04T07:01:14","slug":"sepia-blaekspruttebensaet-med-5-stk","status":"publish","type":"product","link":"https:\/\/megapets.eu\/da\/tilbehor\/sepia-blaekspruttebensaet-med-5-stk\/","title":{"rendered":"Sepia &#8211; bl\u00e6ksprutteben<br \/>&#8220;S\u00e6t med 5 stk&quot;"},"content":{"rendered":"<p><strong><span style=\"color: #e87020; font-size: 15px;\"><em>Sepia &#8211; bl\u00e6ksprutteben &#8220;S\u00e6t med 5&quot;<\/em><\/span><\/strong><\/p>\n<p><strong><span style=\"color: #e87020; font-size: 15px;\"><em>En pakke indeholder 5 stykker sepia p\u00e5 ca. 10-12 cm.<\/em><\/span><\/strong><\/p>\n<p><strong><span style=\"color: #e87020; font-size: 15px;\"><em>Sammens\u00e6tning: 100 % naturlig bl\u00e6ksprutteknogle.<\/em><\/span><\/strong><\/p>\n<p><strong><span style=\"color: #e87020; font-size: 15px;\"><em>Prisen er for 1 pakke.<\/em><\/span><\/strong><\/p>\n<p><em><span style=\"color: #424242;\"><strong><span style=\"font-size: 15px;\">Sepia &#8211; bl\u00e6ksprutteben er en naturlig kilde til calcium for eksotiske snegle, skildpadder og andre terrariedyr.<\/span><\/strong><\/span><\/em><\/p>\n<p><em><span style=\"color: #424242;\"><strong><span style=\"font-size: 15px;\">Sepia fodres til dyrene fra den bl\u00f8de side. Bl\u00e6ksprutteknogler skal udskiftes med friske, n\u00e5r dyret har skrabet den bl\u00f8de del af sepiaen af, eller ved de f\u00f8rste tegn p\u00e5 ford\u00e6rv (pletter, som skyldes fugtige terrarieforhold).<\/span><\/strong><\/span><\/em><\/p>\n<p><em><span style=\"color: #424242;\"><strong><span style=\"font-size: 15px;\">Du kan altid variere de former for calcium, der gives, og desuden tilbyde dit k\u00e6ledyr &#8220;Calcium&quot; &#8211; calcium til snegle.<\/span><\/strong><\/span><\/em><\/p>\n<p><em><span style=\"color: #424242;\"><strong><span style=\"font-size: 15px;\">De kosttilskud, vi anbefaler, er i stand til at opfylde behovene for v\u00e6rdifulde n\u00e6ringsstoffer hos selv de mest kr\u00e6vende arter: &#8220;Protein &amp; Vitamin&quot;, eksotisk urteblanding, malet gammarus. Det anbefales, at kosttilskuddene bruges skiftevis, s\u00e5 dit k\u00e6ledyrs kost forbliver varieret og komplet.<\/span><\/strong><\/span><\/em><\/p>\n","protected":false},"excerpt":{"rendered":"<ul class=\"product_attributes\">\n<li><span style=\"color: #555555;\">Sammens\u00e6tning:<\/span> 100% naturligt bl\u00e6ksprutteben<\/li>\n<li><span style=\"color: #555555;\">S\u00e6t:<\/span> 5 sepiafarvede stykker, ca. 10-12 cm<\/li>\n<li><span style=\"color: #555555;\">Prisen g\u00e6lder:<\/span> 1 pakke.<\/li>\n<\/ul>\n","protected":false},"featured_media":8987,"template":"","meta":{"_acf_changed":false,"_links_to":"","_links_to_target":""},"product_cat":[212],"product_tag":[215,214,216,213],"class_list":{"0":"post-8985","1":"product","2":"type-product","3":"status-publish","4":"has-post-thumbnail","6":"product_cat-tilbehor","7":"product_tag-for-isopoder","8":"product_tag-til-hvirvlerne","9":"product_tag-til-kakerlakker","10":"product_tag-til-snegle","12":"first","13":"instock","14":"shipping-taxable","15":"purchasable","16":"product-type-simple"},"acf":[],"yoast_head":"<!-- This site is optimized with the Yoast SEO plugin v24.9 - https:\/\/yoast.com\/wordpress\/plugins\/seo\/ -->\n<title>Sepia - bl\u00e6ksprutteben&quot;S\u00e6t med 5 stk&quot; | MegaPets<\/title>\n<meta name=\"robots\" content=\"index, follow, max-snippet:-1, max-image-preview:large, max-video-preview:-1\" \/>\n<link rel=\"canonical\" href=\"https:\/\/megapets.eu\/da\/tilbehor\/sepia-blaekspruttebensaet-med-5-stk\/\" \/>\n<meta property=\"og:locale\" content=\"da_DK\" \/>\n<meta property=\"og:type\" content=\"article\" \/>\n<meta property=\"og:title\" content=\"Sepia - bl\u00e6ksprutteben&quot;S\u00e6t med 5 stk&quot; | MegaPets\" \/>\n<meta property=\"og:description\" content=\"Sammens\u00e6tning: 100% naturligt bl\u00e6ksprutteben  S\u00e6t: 5 sepiafarvede stykker, ca. 10-12 cm  Prisen g\u00e6lder: 1 pakke.\" \/>\n<meta property=\"og:url\" content=\"https:\/\/megapets.eu\/da\/tilbehor\/sepia-blaekspruttebensaet-med-5-stk\/\" \/>\n<meta property=\"og:site_name\" content=\"MegaPets\" \/>\n<meta property=\"article:publisher\" content=\"https:\/\/www.facebook.com\/MegaPets.eu\/\" \/>\n<meta property=\"og:image\" content=\"https:\/\/megapets.eu\/wp-content\/uploads\/2024\/10\/122.jpg\" \/>\n\t<meta property=\"og:image:width\" content=\"1029\" \/>\n\t<meta property=\"og:image:height\" content=\"691\" \/>\n\t<meta property=\"og:image:type\" content=\"image\/jpeg\" \/>\n<meta name=\"twitter:card\" content=\"summary_large_image\" \/>\n<meta name=\"twitter:label1\" content=\"Estimeret l\u00e6setid\" \/>\n\t<meta name=\"twitter:data1\" content=\"1 minut\" \/>\n<script type=\"application\/ld+json\" class=\"yoast-schema-graph\">{\"@context\":\"https:\/\/schema.org\",\"@graph\":[{\"@type\":\"WebPage\",\"@id\":\"https:\/\/megapets.eu\/da\/tilbehor\/sepia-blaekspruttebensaet-med-5-stk\/\",\"url\":\"https:\/\/megapets.eu\/da\/tilbehor\/sepia-blaekspruttebensaet-med-5-stk\/\",\"name\":\"Sepia - bl\u00e6ksprutteben \\\"S\u00e6t med 5 stk\\\" | MegaPets\",\"isPartOf\":{\"@id\":\"https:\/\/megapets.eu\/da\/#website\"},\"primaryImageOfPage\":{\"@id\":\"https:\/\/megapets.eu\/da\/tilbehor\/sepia-blaekspruttebensaet-med-5-stk\/#primaryimage\"},\"image\":{\"@id\":\"https:\/\/megapets.eu\/da\/tilbehor\/sepia-blaekspruttebensaet-med-5-stk\/#primaryimage\"},\"thumbnailUrl\":\"https:\/\/megapets.eu\/wp-content\/uploads\/2024\/10\/122.jpg\",\"datePublished\":\"2024-10-04T07:01:14+00:00\",\"breadcrumb\":{\"@id\":\"https:\/\/megapets.eu\/da\/tilbehor\/sepia-blaekspruttebensaet-med-5-stk\/#breadcrumb\"},\"inLanguage\":\"da-DK\",\"potentialAction\":[{\"@type\":\"ReadAction\",\"target\":[\"https:\/\/megapets.eu\/da\/tilbehor\/sepia-blaekspruttebensaet-med-5-stk\/\"]}]},{\"@type\":\"ImageObject\",\"inLanguage\":\"da-DK\",\"@id\":\"https:\/\/megapets.eu\/da\/tilbehor\/sepia-blaekspruttebensaet-med-5-stk\/#primaryimage\",\"url\":\"https:\/\/megapets.eu\/wp-content\/uploads\/2024\/10\/122.jpg\",\"contentUrl\":\"https:\/\/megapets.eu\/wp-content\/uploads\/2024\/10\/122.jpg\",\"width\":1029,\"height\":691},{\"@type\":\"BreadcrumbList\",\"@id\":\"https:\/\/megapets.eu\/da\/tilbehor\/sepia-blaekspruttebensaet-med-5-stk\/#breadcrumb\",\"itemListElement\":[{\"@type\":\"ListItem\",\"position\":1,\"name\":\"Strona g\u0142\u00f3wna\",\"item\":\"https:\/\/megapets.eu\/da\/\"},{\"@type\":\"ListItem\",\"position\":2,\"name\":\"Butik\",\"item\":\"https:\/\/megapets.eu\/butik\/\"},{\"@type\":\"ListItem\",\"position\":3,\"name\":\"Sepia &#8211; bl\u00e6ksprutteben&#8222;S\u00e6t med 5 stk\\\"\"}]},{\"@type\":\"WebSite\",\"@id\":\"https:\/\/megapets.eu\/da\/#website\",\"url\":\"https:\/\/megapets.eu\/da\/\",\"name\":\"Mega Pets\",\"description\":\"Jedna z najwi\u0119kszych hodowli \u015blimak\u00f3w w Europie\",\"publisher\":{\"@id\":\"https:\/\/megapets.eu\/da\/#organization\"},\"alternateName\":\"Mega Pets\",\"potentialAction\":[{\"@type\":\"SearchAction\",\"target\":{\"@type\":\"EntryPoint\",\"urlTemplate\":\"https:\/\/megapets.eu\/da\/?s={search_term_string}\"},\"query-input\":{\"@type\":\"PropertyValueSpecification\",\"valueRequired\":true,\"valueName\":\"search_term_string\"}}],\"inLanguage\":\"da-DK\"},{\"@type\":\"Organization\",\"@id\":\"https:\/\/megapets.eu\/da\/#organization\",\"name\":\"Mega Pets\",\"url\":\"https:\/\/megapets.eu\/da\/\",\"logo\":{\"@type\":\"ImageObject\",\"inLanguage\":\"da-DK\",\"@id\":\"https:\/\/megapets.eu\/da\/#\/schema\/logo\/image\/\",\"url\":\"https:\/\/megapets.eu\/wp-content\/uploads\/2025\/04\/megapets_eu-logo.png\",\"contentUrl\":\"https:\/\/megapets.eu\/wp-content\/uploads\/2025\/04\/megapets_eu-logo.png\",\"width\":2362,\"height\":2362,\"caption\":\"Mega Pets\"},\"image\":{\"@id\":\"https:\/\/megapets.eu\/da\/#\/schema\/logo\/image\/\"},\"sameAs\":[\"https:\/\/www.facebook.com\/MegaPets.eu\/\"]}]}<\/script>\n<!-- \/ Yoast SEO plugin. -->","yoast_head_json":{"title":"Sepia - bl\u00e6ksprutteben\"S\u00e6t med 5 stk\" | MegaPets","robots":{"index":"index","follow":"follow","max-snippet":"max-snippet:-1","max-image-preview":"max-image-preview:large","max-video-preview":"max-video-preview:-1"},"canonical":"https:\/\/megapets.eu\/da\/tilbehor\/sepia-blaekspruttebensaet-med-5-stk\/","og_locale":"da_DK","og_type":"article","og_title":"Sepia - bl\u00e6ksprutteben\"S\u00e6t med 5 stk\" | MegaPets","og_description":"Sammens\u00e6tning: 100% naturligt bl\u00e6ksprutteben  S\u00e6t: 5 sepiafarvede stykker, ca. 10-12 cm  Prisen g\u00e6lder: 1 pakke.","og_url":"https:\/\/megapets.eu\/da\/tilbehor\/sepia-blaekspruttebensaet-med-5-stk\/","og_site_name":"MegaPets","article_publisher":"https:\/\/www.facebook.com\/MegaPets.eu\/","og_image":[{"width":1029,"height":691,"url":"https:\/\/megapets.eu\/wp-content\/uploads\/2024\/10\/122.jpg","type":"image\/jpeg"}],"twitter_card":"summary_large_image","twitter_misc":{"Estimeret l\u00e6setid":"1 minut"},"schema":{"@context":"https:\/\/schema.org","@graph":[{"@type":"WebPage","@id":"https:\/\/megapets.eu\/da\/tilbehor\/sepia-blaekspruttebensaet-med-5-stk\/","url":"https:\/\/megapets.eu\/da\/tilbehor\/sepia-blaekspruttebensaet-med-5-stk\/","name":"Sepia - bl\u00e6ksprutteben \"S\u00e6t med 5 stk\" | MegaPets","isPartOf":{"@id":"https:\/\/megapets.eu\/da\/#website"},"primaryImageOfPage":{"@id":"https:\/\/megapets.eu\/da\/tilbehor\/sepia-blaekspruttebensaet-med-5-stk\/#primaryimage"},"image":{"@id":"https:\/\/megapets.eu\/da\/tilbehor\/sepia-blaekspruttebensaet-med-5-stk\/#primaryimage"},"thumbnailUrl":"https:\/\/megapets.eu\/wp-content\/uploads\/2024\/10\/122.jpg","datePublished":"2024-10-04T07:01:14+00:00","breadcrumb":{"@id":"https:\/\/megapets.eu\/da\/tilbehor\/sepia-blaekspruttebensaet-med-5-stk\/#breadcrumb"},"inLanguage":"da-DK","potentialAction":[{"@type":"ReadAction","target":["https:\/\/megapets.eu\/da\/tilbehor\/sepia-blaekspruttebensaet-med-5-stk\/"]}]},{"@type":"ImageObject","inLanguage":"da-DK","@id":"https:\/\/megapets.eu\/da\/tilbehor\/sepia-blaekspruttebensaet-med-5-stk\/#primaryimage","url":"https:\/\/megapets.eu\/wp-content\/uploads\/2024\/10\/122.jpg","contentUrl":"https:\/\/megapets.eu\/wp-content\/uploads\/2024\/10\/122.jpg","width":1029,"height":691},{"@type":"BreadcrumbList","@id":"https:\/\/megapets.eu\/da\/tilbehor\/sepia-blaekspruttebensaet-med-5-stk\/#breadcrumb","itemListElement":[{"@type":"ListItem","position":1,"name":"Strona g\u0142\u00f3wna","item":"https:\/\/megapets.eu\/da\/"},{"@type":"ListItem","position":2,"name":"Butik","item":"https:\/\/megapets.eu\/butik\/"},{"@type":"ListItem","position":3,"name":"Sepia &#8211; bl\u00e6ksprutteben&#8222;S\u00e6t med 5 stk\""}]},{"@type":"WebSite","@id":"https:\/\/megapets.eu\/da\/#website","url":"https:\/\/megapets.eu\/da\/","name":"Mega Pets","description":"Jedna z najwi\u0119kszych hodowli \u015blimak\u00f3w w Europie","publisher":{"@id":"https:\/\/megapets.eu\/da\/#organization"},"alternateName":"Mega Pets","potentialAction":[{"@type":"SearchAction","target":{"@type":"EntryPoint","urlTemplate":"https:\/\/megapets.eu\/da\/?s={search_term_string}"},"query-input":{"@type":"PropertyValueSpecification","valueRequired":true,"valueName":"search_term_string"}}],"inLanguage":"da-DK"},{"@type":"Organization","@id":"https:\/\/megapets.eu\/da\/#organization","name":"Mega Pets","url":"https:\/\/megapets.eu\/da\/","logo":{"@type":"ImageObject","inLanguage":"da-DK","@id":"https:\/\/megapets.eu\/da\/#\/schema\/logo\/image\/","url":"https:\/\/megapets.eu\/wp-content\/uploads\/2025\/04\/megapets_eu-logo.png","contentUrl":"https:\/\/megapets.eu\/wp-content\/uploads\/2025\/04\/megapets_eu-logo.png","width":2362,"height":2362,"caption":"Mega Pets"},"image":{"@id":"https:\/\/megapets.eu\/da\/#\/schema\/logo\/image\/"},"sameAs":["https:\/\/www.facebook.com\/MegaPets.eu\/"]}]}},"_links":{"self":[{"href":"https:\/\/megapets.eu\/da\/wp-json\/wp\/v2\/product\/8985","targetHints":{"allow":["GET"]}}],"collection":[{"href":"https:\/\/megapets.eu\/da\/wp-json\/wp\/v2\/product"}],"about":[{"href":"https:\/\/megapets.eu\/da\/wp-json\/wp\/v2\/types\/product"}],"wp:featuredmedia":[{"embeddable":true,"href":"https:\/\/megapets.eu\/da\/wp-json\/wp\/v2\/media\/8987"}],"wp:attachment":[{"href":"https:\/\/megapets.eu\/da\/wp-json\/wp\/v2\/media?parent=8985"}],"wp:term":[{"taxonomy":"product_cat","embeddable":true,"href":"https:\/\/megapets.eu\/da\/wp-json\/wp\/v2\/product_cat?post=8985"},{"taxonomy":"product_tag","embeddable":true,"href":"https:\/\/megapets.eu\/da\/wp-json\/wp\/v2\/product_tag?post=8985"}],"curies":[{"name":"wp","href":"https:\/\/api.w.org\/{rel}","templated":true}]}}