{"id":8990,"date":"2024-10-06T11:19:36","date_gmt":"2024-10-06T11:19:36","guid":{"rendered":"https:\/\/megapets.eu\/Ikke%20kategoriseret\/lissachatina-fulica-rodatzi-standard\/"},"modified":"2025-08-07T12:41:37","modified_gmt":"2025-08-07T12:41:37","slug":"lissachatina-fulica-rodatzi-standard","status":"publish","type":"product","link":"https:\/\/megapets.eu\/da\/snegle\/lissachatina-fulica-rodatzi-standard\/","title":{"rendered":"Lissachatina fulica rodatzi standard"},"content":{"rendered":"<p class=\"v1v1v1v1MsoNormal\"><span style=\"color: #424242;\"><strong><em><span style=\"font-size: 15px;\"><b>Arter: Lissachatina fulica rodatzi (Dunker, 1852).<\/b><br \/>\nFarvevariation: standard<\/span><\/em><\/strong><\/span><\/p>\n<p>&nbsp;<\/p>\n<p class=\"v1v1v1v1MsoNormal\"><span style=\"font-size: 15px;\"><strong><em><span style=\"color: #008000;\">\u2b50\u2b50\u2b50<span style=\"color: #424242;\">  Arten Lissachatina fulica er en af de mest popul\u00e6re og velkendte afrikanske snegle blandt begyndere. Denne art er aktiv og modstandsdygtig over for avlsfejl. Af denne grund anbefales det ofte som den f\u00f8rste art, som det er v\u00e6rd at starte dit eventyr med snegle med. Lissachatina fulica rodatzi vokser ret hurtigt, st\u00f8rrelsen p\u00e5 skallen af et voksent eksemplar af denne art er ca. 12-15 cm.      <\/span><\/span><\/em><\/strong><\/span><\/p>\n<p>&nbsp;<\/p>\n<p class=\"v1v1v1v1MsoNormal\"><span style=\"font-size: 15px;\"><strong><em><span style=\"color: #008000;\"><img decoding=\"async\" src=\"https:\/\/static.xx.fbcdn.net\/images\/emoji.php\/v9\/tbe\/1\/16\/1f3c6.png\" alt=\"\ud83c\udfc6\"><span style=\"color: #e36a19;\">  Alle hvalpe kommer fra vores velkendte, registrerede avl, s\u00e5 du k\u00f8ber fra en kendt kilde, hvor vi passer ordentligt p\u00e5 sneglene og n\u00f8je holder \u00f8je med udviklingen af hver enkelt af dem.<\/span><\/span><\/em><\/strong><\/span><\/p>\n<p>&nbsp;<\/p>\n<p class=\"v1v1v1v1MsoNormal\"><span style=\"font-size: 15px; color: #424242;\"><strong><em>Som du ved, fungerer plastbeholdere bedst i snegleavl. De beholdere, vi har forberedt, er perfekt egnet til udviklingen af en ny, flot v\u00e6kst af sneglehuset). For at spare tid, n\u00e5r du gennemf\u00f8rer din ordre, anbefaler vi, at du starter med starts\u00e6ttet, som indeholder grundl\u00e6ggende tilbeh\u00f8r til en hurtig start p\u00e5 din egen opdr\u00e6t og instruktioner.  <\/em><\/strong><\/span><\/p>\n<p>&nbsp;<\/p>\n<p><span style=\"font-size: 15px;\"><strong><em><span style=\"color: #008000;\"><img loading=\"lazy\" decoding=\"async\" class=\"xz74otr\" src=\"https:\/\/static.xx.fbcdn.net\/images\/emoji.php\/v9\/t1e\/1\/16\/1f33f.png\" alt=\"\ud83c\udf3f\" width=\"16\" height=\"16\">  Alt, hvad et s\u00e5dant dyr har brug for, er friske, modne gr\u00f8ntsager og frugter, en avlsbeholder og substrat (lad ikke underlaget t\u00f8rre ud, spr\u00f8jt terrariet hver 2-3 dag). En snegls daglige kost kan ikke mangle den grundl\u00e6ggende byggesten i en smuk og sund skal, en naturlig kilde til perfekt ford\u00f8jeligt calcium er \u00e6ggeskalspulver og sepia. Du kan l\u00e6re om kosten for eksotiske snegle p\u00e5 vores hjemmeside.  <\/span><\/em><\/strong><\/span><\/p>\n<p>&nbsp;<\/p>\n","protected":false},"excerpt":{"rendered":"<ul>\n<li>Fra et ubesl\u00e6gtet par:\n<ul>\n<li>P17<\/li>\n<\/ul>\n<\/li>\n<li>M\u00e5lskalst\u00f8rrelse:\n<ul>\n<li>ca. 12-15 cm <\/li>\n<\/ul>\n<\/li>\n<li>Tilbydes ung:\n<ul>\n<li>ca. 4 cm <\/li>\n<\/ul>\n<\/li>\n<li>Prisen g\u00e6lder for:\n<ul>\n<li>1 stk<\/li>\n<\/ul>\n<\/li>\n<\/ul>\n","protected":false},"featured_media":8993,"template":"","meta":{"_acf_changed":false,"_links_to":"","_links_to_target":""},"product_cat":[210],"product_tag":[],"class_list":{"0":"post-8990","1":"product","2":"type-product","3":"status-publish","4":"has-post-thumbnail","6":"product_cat-snegle","8":"first","9":"outofstock","10":"shipping-taxable","11":"purchasable","12":"product-type-simple"},"acf":[],"yoast_head":"<!-- This site is optimized with the Yoast SEO plugin v24.9 - https:\/\/yoast.com\/wordpress\/plugins\/seo\/ -->\n<title>Lissachatina fulica rodatzi standard | MegaPets<\/title>\n<meta name=\"robots\" content=\"index, follow, max-snippet:-1, max-image-preview:large, max-video-preview:-1\" \/>\n<link rel=\"canonical\" href=\"https:\/\/megapets.eu\/da\/snegle\/lissachatina-fulica-rodatzi-standard\/\" \/>\n<meta property=\"og:locale\" content=\"da_DK\" \/>\n<meta property=\"og:type\" content=\"article\" \/>\n<meta property=\"og:title\" content=\"Lissachatina fulica rodatzi standard | MegaPets\" \/>\n<meta property=\"og:description\" content=\"Fra et ubesl\u00e6gtet par:  P17   M\u00e5lskalst\u00f8rrelse:  ca. 12-15 cm   Tilbydes ung:  ca. 4 cm   Prisen g\u00e6lder for:  1 stk\" \/>\n<meta property=\"og:url\" content=\"https:\/\/megapets.eu\/da\/snegle\/lissachatina-fulica-rodatzi-standard\/\" \/>\n<meta property=\"og:site_name\" content=\"MegaPets\" \/>\n<meta property=\"article:publisher\" content=\"https:\/\/www.facebook.com\/MegaPets.eu\/\" \/>\n<meta property=\"article:modified_time\" content=\"2025-08-07T12:41:37+00:00\" \/>\n<meta property=\"og:image\" content=\"https:\/\/megapets.eu\/wp-content\/uploads\/2024\/10\/Lissachatina-fulica-rodatzi-standard-Logo-1.png\" \/>\n\t<meta property=\"og:image:width\" content=\"1051\" \/>\n\t<meta property=\"og:image:height\" content=\"694\" \/>\n\t<meta property=\"og:image:type\" content=\"image\/png\" \/>\n<meta name=\"twitter:card\" content=\"summary_large_image\" \/>\n<meta name=\"twitter:label1\" content=\"Estimeret l\u00e6setid\" \/>\n\t<meta name=\"twitter:data1\" content=\"1 minut\" \/>\n<script type=\"application\/ld+json\" class=\"yoast-schema-graph\">{\"@context\":\"https:\/\/schema.org\",\"@graph\":[{\"@type\":\"WebPage\",\"@id\":\"https:\/\/megapets.eu\/da\/snegle\/lissachatina-fulica-rodatzi-standard\/\",\"url\":\"https:\/\/megapets.eu\/da\/snegle\/lissachatina-fulica-rodatzi-standard\/\",\"name\":\"Lissachatina fulica rodatzi standard | MegaPets\",\"isPartOf\":{\"@id\":\"https:\/\/megapets.eu\/da\/#website\"},\"primaryImageOfPage\":{\"@id\":\"https:\/\/megapets.eu\/da\/snegle\/lissachatina-fulica-rodatzi-standard\/#primaryimage\"},\"image\":{\"@id\":\"https:\/\/megapets.eu\/da\/snegle\/lissachatina-fulica-rodatzi-standard\/#primaryimage\"},\"thumbnailUrl\":\"https:\/\/megapets.eu\/wp-content\/uploads\/2024\/10\/Lissachatina-fulica-rodatzi-standard-Logo-1.png\",\"datePublished\":\"2024-10-06T11:19:36+00:00\",\"dateModified\":\"2025-08-07T12:41:37+00:00\",\"breadcrumb\":{\"@id\":\"https:\/\/megapets.eu\/da\/snegle\/lissachatina-fulica-rodatzi-standard\/#breadcrumb\"},\"inLanguage\":\"da-DK\",\"potentialAction\":[{\"@type\":\"ReadAction\",\"target\":[\"https:\/\/megapets.eu\/da\/snegle\/lissachatina-fulica-rodatzi-standard\/\"]}]},{\"@type\":\"ImageObject\",\"inLanguage\":\"da-DK\",\"@id\":\"https:\/\/megapets.eu\/da\/snegle\/lissachatina-fulica-rodatzi-standard\/#primaryimage\",\"url\":\"https:\/\/megapets.eu\/wp-content\/uploads\/2024\/10\/Lissachatina-fulica-rodatzi-standard-Logo-1.png\",\"contentUrl\":\"https:\/\/megapets.eu\/wp-content\/uploads\/2024\/10\/Lissachatina-fulica-rodatzi-standard-Logo-1.png\",\"width\":1051,\"height\":694},{\"@type\":\"BreadcrumbList\",\"@id\":\"https:\/\/megapets.eu\/da\/snegle\/lissachatina-fulica-rodatzi-standard\/#breadcrumb\",\"itemListElement\":[{\"@type\":\"ListItem\",\"position\":1,\"name\":\"Strona g\u0142\u00f3wna\",\"item\":\"https:\/\/megapets.eu\/da\/\"},{\"@type\":\"ListItem\",\"position\":2,\"name\":\"Butik\",\"item\":\"https:\/\/megapets.eu\/butik\/\"},{\"@type\":\"ListItem\",\"position\":3,\"name\":\"Lissachatina fulica rodatzi standard\"}]},{\"@type\":\"WebSite\",\"@id\":\"https:\/\/megapets.eu\/da\/#website\",\"url\":\"https:\/\/megapets.eu\/da\/\",\"name\":\"Mega Pets\",\"description\":\"Jedna z najwi\u0119kszych hodowli \u015blimak\u00f3w w Europie\",\"publisher\":{\"@id\":\"https:\/\/megapets.eu\/da\/#organization\"},\"alternateName\":\"Mega Pets\",\"potentialAction\":[{\"@type\":\"SearchAction\",\"target\":{\"@type\":\"EntryPoint\",\"urlTemplate\":\"https:\/\/megapets.eu\/da\/?s={search_term_string}\"},\"query-input\":{\"@type\":\"PropertyValueSpecification\",\"valueRequired\":true,\"valueName\":\"search_term_string\"}}],\"inLanguage\":\"da-DK\"},{\"@type\":\"Organization\",\"@id\":\"https:\/\/megapets.eu\/da\/#organization\",\"name\":\"Mega Pets\",\"url\":\"https:\/\/megapets.eu\/da\/\",\"logo\":{\"@type\":\"ImageObject\",\"inLanguage\":\"da-DK\",\"@id\":\"https:\/\/megapets.eu\/da\/#\/schema\/logo\/image\/\",\"url\":\"https:\/\/megapets.eu\/wp-content\/uploads\/2025\/04\/megapets_eu-logo.png\",\"contentUrl\":\"https:\/\/megapets.eu\/wp-content\/uploads\/2025\/04\/megapets_eu-logo.png\",\"width\":2362,\"height\":2362,\"caption\":\"Mega Pets\"},\"image\":{\"@id\":\"https:\/\/megapets.eu\/da\/#\/schema\/logo\/image\/\"},\"sameAs\":[\"https:\/\/www.facebook.com\/MegaPets.eu\/\"]}]}<\/script>\n<!-- \/ Yoast SEO plugin. -->","yoast_head_json":{"title":"Lissachatina fulica rodatzi standard | MegaPets","robots":{"index":"index","follow":"follow","max-snippet":"max-snippet:-1","max-image-preview":"max-image-preview:large","max-video-preview":"max-video-preview:-1"},"canonical":"https:\/\/megapets.eu\/da\/snegle\/lissachatina-fulica-rodatzi-standard\/","og_locale":"da_DK","og_type":"article","og_title":"Lissachatina fulica rodatzi standard | MegaPets","og_description":"Fra et ubesl\u00e6gtet par:  P17   M\u00e5lskalst\u00f8rrelse:  ca. 12-15 cm   Tilbydes ung:  ca. 4 cm   Prisen g\u00e6lder for:  1 stk","og_url":"https:\/\/megapets.eu\/da\/snegle\/lissachatina-fulica-rodatzi-standard\/","og_site_name":"MegaPets","article_publisher":"https:\/\/www.facebook.com\/MegaPets.eu\/","article_modified_time":"2025-08-07T12:41:37+00:00","og_image":[{"width":1051,"height":694,"url":"https:\/\/megapets.eu\/wp-content\/uploads\/2024\/10\/Lissachatina-fulica-rodatzi-standard-Logo-1.png","type":"image\/png"}],"twitter_card":"summary_large_image","twitter_misc":{"Estimeret l\u00e6setid":"1 minut"},"schema":{"@context":"https:\/\/schema.org","@graph":[{"@type":"WebPage","@id":"https:\/\/megapets.eu\/da\/snegle\/lissachatina-fulica-rodatzi-standard\/","url":"https:\/\/megapets.eu\/da\/snegle\/lissachatina-fulica-rodatzi-standard\/","name":"Lissachatina fulica rodatzi standard | MegaPets","isPartOf":{"@id":"https:\/\/megapets.eu\/da\/#website"},"primaryImageOfPage":{"@id":"https:\/\/megapets.eu\/da\/snegle\/lissachatina-fulica-rodatzi-standard\/#primaryimage"},"image":{"@id":"https:\/\/megapets.eu\/da\/snegle\/lissachatina-fulica-rodatzi-standard\/#primaryimage"},"thumbnailUrl":"https:\/\/megapets.eu\/wp-content\/uploads\/2024\/10\/Lissachatina-fulica-rodatzi-standard-Logo-1.png","datePublished":"2024-10-06T11:19:36+00:00","dateModified":"2025-08-07T12:41:37+00:00","breadcrumb":{"@id":"https:\/\/megapets.eu\/da\/snegle\/lissachatina-fulica-rodatzi-standard\/#breadcrumb"},"inLanguage":"da-DK","potentialAction":[{"@type":"ReadAction","target":["https:\/\/megapets.eu\/da\/snegle\/lissachatina-fulica-rodatzi-standard\/"]}]},{"@type":"ImageObject","inLanguage":"da-DK","@id":"https:\/\/megapets.eu\/da\/snegle\/lissachatina-fulica-rodatzi-standard\/#primaryimage","url":"https:\/\/megapets.eu\/wp-content\/uploads\/2024\/10\/Lissachatina-fulica-rodatzi-standard-Logo-1.png","contentUrl":"https:\/\/megapets.eu\/wp-content\/uploads\/2024\/10\/Lissachatina-fulica-rodatzi-standard-Logo-1.png","width":1051,"height":694},{"@type":"BreadcrumbList","@id":"https:\/\/megapets.eu\/da\/snegle\/lissachatina-fulica-rodatzi-standard\/#breadcrumb","itemListElement":[{"@type":"ListItem","position":1,"name":"Strona g\u0142\u00f3wna","item":"https:\/\/megapets.eu\/da\/"},{"@type":"ListItem","position":2,"name":"Butik","item":"https:\/\/megapets.eu\/butik\/"},{"@type":"ListItem","position":3,"name":"Lissachatina fulica rodatzi standard"}]},{"@type":"WebSite","@id":"https:\/\/megapets.eu\/da\/#website","url":"https:\/\/megapets.eu\/da\/","name":"Mega Pets","description":"Jedna z najwi\u0119kszych hodowli \u015blimak\u00f3w w Europie","publisher":{"@id":"https:\/\/megapets.eu\/da\/#organization"},"alternateName":"Mega Pets","potentialAction":[{"@type":"SearchAction","target":{"@type":"EntryPoint","urlTemplate":"https:\/\/megapets.eu\/da\/?s={search_term_string}"},"query-input":{"@type":"PropertyValueSpecification","valueRequired":true,"valueName":"search_term_string"}}],"inLanguage":"da-DK"},{"@type":"Organization","@id":"https:\/\/megapets.eu\/da\/#organization","name":"Mega Pets","url":"https:\/\/megapets.eu\/da\/","logo":{"@type":"ImageObject","inLanguage":"da-DK","@id":"https:\/\/megapets.eu\/da\/#\/schema\/logo\/image\/","url":"https:\/\/megapets.eu\/wp-content\/uploads\/2025\/04\/megapets_eu-logo.png","contentUrl":"https:\/\/megapets.eu\/wp-content\/uploads\/2025\/04\/megapets_eu-logo.png","width":2362,"height":2362,"caption":"Mega Pets"},"image":{"@id":"https:\/\/megapets.eu\/da\/#\/schema\/logo\/image\/"},"sameAs":["https:\/\/www.facebook.com\/MegaPets.eu\/"]}]}},"_links":{"self":[{"href":"https:\/\/megapets.eu\/da\/wp-json\/wp\/v2\/product\/8990","targetHints":{"allow":["GET"]}}],"collection":[{"href":"https:\/\/megapets.eu\/da\/wp-json\/wp\/v2\/product"}],"about":[{"href":"https:\/\/megapets.eu\/da\/wp-json\/wp\/v2\/types\/product"}],"wp:featuredmedia":[{"embeddable":true,"href":"https:\/\/megapets.eu\/da\/wp-json\/wp\/v2\/media\/8993"}],"wp:attachment":[{"href":"https:\/\/megapets.eu\/da\/wp-json\/wp\/v2\/media?parent=8990"}],"wp:term":[{"taxonomy":"product_cat","embeddable":true,"href":"https:\/\/megapets.eu\/da\/wp-json\/wp\/v2\/product_cat?post=8990"},{"taxonomy":"product_tag","embeddable":true,"href":"https:\/\/megapets.eu\/da\/wp-json\/wp\/v2\/product_tag?post=8990"}],"curies":[{"name":"wp","href":"https:\/\/api.w.org\/{rel}","templated":true}]}}