{"id":9061,"date":"2024-10-06T11:35:24","date_gmt":"2024-10-06T11:35:24","guid":{"rendered":"https:\/\/megapets.eu\/Ikke kategoriseret\/archachatina-marginata-grevillei\/"},"modified":"2024-10-06T11:35:24","modified_gmt":"2024-10-06T11:35:24","slug":"archachatina-marginata-grevillei","status":"publish","type":"product","link":"https:\/\/megapets.eu\/da\/snegle\/archachatina-marginata-grevillei\/","title":{"rendered":"Archachatina marginata grevillei"},"content":{"rendered":"<p class=\"v1v1v1v1MsoNormal\"><span style=\"color: #424242;\"><strong><em><span style=\"font-size: 15px;\"><b>Art: Archachatina marginata grevillei<\/b><br \/>\nFarvevariation: standard<\/span><\/em><\/strong><\/span><\/p>\n<p class=\"v1v1v1v1MsoNormal\"><span style=\"font-size: 15px;\"><strong><em><span style=\"color: #008000;\"><span style=\"color: #424242;\">\u2764\ufe0f\u2600\ufe0f Archachatina marginata grevillei &#8216;classic&#8217; &#8211; m\u00e6ttet pink skalspids.<\/span><\/span><\/em><\/strong><\/span><\/p>\n<p class=\"v1v1v1v1MsoNormal\"><span style=\"font-size: 15px;\"><strong><em><span style=\"color: #008000;\"><span style=\"color: #424242;\">\u2600\ufe0f\u2600\ufe0f\u2600\ufe0f De solbeskinnede sk\u00f8nheder i vores opdr\u00e6t, en dr\u00f8m for mange snegleelskere Archachatina marginata grevillei. Dette er en lille, smuk og sj\u00e6ldent set eksotisk snegleart i kultur. Foder- og opdr\u00e6tsforholdene adskiller sig ikke fra andre Archachatina-arter. Kun de udkl\u00e6kkede sm\u00e5b\u00f8rn af denne art ligner lyser\u00f8de perler. Skallen p\u00e5 en voksen snegl vokser til ca. 9-10 cm p\u00e5 et \u00e5r.<\/span><\/span><\/em><\/strong><\/span><\/p>\n<p class=\"v1v1v1v1MsoNormal\"><span style=\"font-size: 15px;\"><strong><em><span style=\"color: #008000;\"><img decoding=\"async\" src=\"https:\/\/static.xx.fbcdn.net\/images\/emoji.php\/v9\/tbe\/1\/16\/1f3c6.png\" alt=\"\ud83c\udfc6\" \/><span style=\"color: #e36a19;\"> Alle babysnegle kommer fra vores velkendte registrerede opdr\u00e6tter, s\u00e5 du k\u00f8ber fra en kendt kilde, hvor vi passer godt p\u00e5 sneglene og n\u00f8je overv\u00e5ger hver enkelt snegls udvikling.<\/span><\/span><\/em><\/strong><\/span><\/p>\n<p class=\"v1v1v1v1MsoNormal\"><span style=\"font-size: 15px; color: #424242;\"><strong><em>Som du ved, fungerer plastikbeholdere bedst til snegleopdr\u00e6t. De beholdere, vi har forberedt, er ideelt egnede til udvikling af en flot ny v\u00e6kst af sneglehuse). For at spare tid, n\u00e5r du gennemf\u00f8rer din bestilling, anbefaler vi, at du starter med starts\u00e6ttet, som indeholder grundl\u00e6ggende tilbeh\u00f8r til en hurtig start p\u00e5 dit eget opdr\u00e6t og instruktioner.<\/em><\/strong><\/span><\/p>\n<p><span style=\"font-size: 15px;\"><strong><em><span style=\"color: #008000;\"><img loading=\"lazy\" decoding=\"async\" class=\"xz74otr\" src=\"https:\/\/static.xx.fbcdn.net\/images\/emoji.php\/v9\/t1e\/1\/16\/1f33f.png\" alt=\"\ud83c\udf3f\" width=\"16\" height=\"16\" \/> Alt, hvad dyret har brug for, er frisk, moden frugt og gr\u00f8nt, en ynglebeholder og substrat (lad ikke substratet t\u00f8rre ud, spray terrariet hver 2.-3. dag). Sneglens daglige kost m\u00e5 ikke mangle den grundl\u00e6ggende byggesten til en smuk og sund skal; \u00e6ggeskalspulver og sepia er naturlige kilder til perfekt ford\u00f8jeligt calcium. Du kan l\u00e6se mere om eksotiske snegles kost p\u00e5 vores hjemmeside.<\/span><\/em><\/strong><\/span><\/p>\n","protected":false},"excerpt":{"rendered":"<ul class=\"product_attributes\">\n<li><span><br \/>\n\t\tFra et ubesl\u00e6gtet par:<br \/>\n\t<\/span><br \/>\n\t\tP6\n\t<\/li>\n<li><span><br \/>\n\t\tM\u00e5l for skalst\u00f8rrelse:<br \/>\n\t<\/span><br \/>\n\t\tca. 9-10 cm\n\t<\/li>\n<li><span><br \/>\n\t\tTilbydes som ungt eksemplar:<br \/>\n\t<\/span><br \/>\n\t\tca. 4 cm\n\t<\/li>\n<li><span><br \/>\n\t\tPrisen g\u00e6lder for:<br \/>\n\t<\/span><br \/>\n\t\t1 stk.\n\t<\/li>\n<\/ul>\n","protected":false},"featured_media":9062,"template":"","meta":{"_acf_changed":false,"_links_to":"","_links_to_target":""},"product_cat":[210],"product_tag":[],"class_list":{"0":"post-9061","1":"product","2":"type-product","3":"status-publish","4":"has-post-thumbnail","6":"product_cat-snegle","8":"first","9":"outofstock","10":"shipping-taxable","11":"purchasable","12":"product-type-simple"},"acf":[],"yoast_head":"<!-- This site is optimized with the Yoast SEO plugin v24.9 - https:\/\/yoast.com\/wordpress\/plugins\/seo\/ -->\n<title>Archachatina marginata grevillei | MegaPets<\/title>\n<meta name=\"robots\" content=\"index, follow, max-snippet:-1, max-image-preview:large, max-video-preview:-1\" \/>\n<link rel=\"canonical\" href=\"https:\/\/megapets.eu\/da\/snegle\/archachatina-marginata-grevillei\/\" \/>\n<meta property=\"og:locale\" content=\"da_DK\" \/>\n<meta property=\"og:type\" content=\"article\" \/>\n<meta property=\"og:title\" content=\"Archachatina marginata grevillei | MegaPets\" \/>\n<meta property=\"og:description\" content=\"Fra et ubesl\u00e6gtet par:   P6    M\u00e5l for skalst\u00f8rrelse:   ca. 9-10 cm    Tilbydes som ungt eksemplar:   ca. 4 cm    Prisen g\u00e6lder for:   1 stk.\" \/>\n<meta property=\"og:url\" content=\"https:\/\/megapets.eu\/da\/snegle\/archachatina-marginata-grevillei\/\" \/>\n<meta property=\"og:site_name\" content=\"MegaPets\" \/>\n<meta property=\"article:publisher\" content=\"https:\/\/www.facebook.com\/MegaPets.eu\/\" \/>\n<meta property=\"og:image\" content=\"https:\/\/megapets.eu\/wp-content\/uploads\/2024\/10\/348724435_3493421000893656_2659019314494022295_n.jpg\" \/>\n\t<meta property=\"og:image:width\" content=\"1191\" \/>\n\t<meta property=\"og:image:height\" content=\"804\" \/>\n\t<meta property=\"og:image:type\" content=\"image\/jpeg\" \/>\n<meta name=\"twitter:card\" content=\"summary_large_image\" \/>\n<meta name=\"twitter:label1\" content=\"Estimeret l\u00e6setid\" \/>\n\t<meta name=\"twitter:data1\" content=\"1 minut\" \/>\n<script type=\"application\/ld+json\" class=\"yoast-schema-graph\">{\"@context\":\"https:\/\/schema.org\",\"@graph\":[{\"@type\":\"WebPage\",\"@id\":\"https:\/\/megapets.eu\/da\/snegle\/archachatina-marginata-grevillei\/\",\"url\":\"https:\/\/megapets.eu\/da\/snegle\/archachatina-marginata-grevillei\/\",\"name\":\"Archachatina marginata grevillei | MegaPets\",\"isPartOf\":{\"@id\":\"https:\/\/megapets.eu\/da\/#website\"},\"primaryImageOfPage\":{\"@id\":\"https:\/\/megapets.eu\/da\/snegle\/archachatina-marginata-grevillei\/#primaryimage\"},\"image\":{\"@id\":\"https:\/\/megapets.eu\/da\/snegle\/archachatina-marginata-grevillei\/#primaryimage\"},\"thumbnailUrl\":\"https:\/\/megapets.eu\/wp-content\/uploads\/2024\/10\/348724435_3493421000893656_2659019314494022295_n.jpg\",\"datePublished\":\"2024-10-06T11:35:24+00:00\",\"breadcrumb\":{\"@id\":\"https:\/\/megapets.eu\/da\/snegle\/archachatina-marginata-grevillei\/#breadcrumb\"},\"inLanguage\":\"da-DK\",\"potentialAction\":[{\"@type\":\"ReadAction\",\"target\":[\"https:\/\/megapets.eu\/da\/snegle\/archachatina-marginata-grevillei\/\"]}]},{\"@type\":\"ImageObject\",\"inLanguage\":\"da-DK\",\"@id\":\"https:\/\/megapets.eu\/da\/snegle\/archachatina-marginata-grevillei\/#primaryimage\",\"url\":\"https:\/\/megapets.eu\/wp-content\/uploads\/2024\/10\/348724435_3493421000893656_2659019314494022295_n.jpg\",\"contentUrl\":\"https:\/\/megapets.eu\/wp-content\/uploads\/2024\/10\/348724435_3493421000893656_2659019314494022295_n.jpg\",\"width\":1191,\"height\":804},{\"@type\":\"BreadcrumbList\",\"@id\":\"https:\/\/megapets.eu\/da\/snegle\/archachatina-marginata-grevillei\/#breadcrumb\",\"itemListElement\":[{\"@type\":\"ListItem\",\"position\":1,\"name\":\"Strona g\u0142\u00f3wna\",\"item\":\"https:\/\/megapets.eu\/da\/\"},{\"@type\":\"ListItem\",\"position\":2,\"name\":\"Butik\",\"item\":\"https:\/\/megapets.eu\/butik\/\"},{\"@type\":\"ListItem\",\"position\":3,\"name\":\"Archachatina marginata grevillei\"}]},{\"@type\":\"WebSite\",\"@id\":\"https:\/\/megapets.eu\/da\/#website\",\"url\":\"https:\/\/megapets.eu\/da\/\",\"name\":\"Mega Pets\",\"description\":\"Jedna z najwi\u0119kszych hodowli \u015blimak\u00f3w w Europie\",\"publisher\":{\"@id\":\"https:\/\/megapets.eu\/da\/#organization\"},\"alternateName\":\"Mega Pets\",\"potentialAction\":[{\"@type\":\"SearchAction\",\"target\":{\"@type\":\"EntryPoint\",\"urlTemplate\":\"https:\/\/megapets.eu\/da\/?s={search_term_string}\"},\"query-input\":{\"@type\":\"PropertyValueSpecification\",\"valueRequired\":true,\"valueName\":\"search_term_string\"}}],\"inLanguage\":\"da-DK\"},{\"@type\":\"Organization\",\"@id\":\"https:\/\/megapets.eu\/da\/#organization\",\"name\":\"Mega Pets\",\"url\":\"https:\/\/megapets.eu\/da\/\",\"logo\":{\"@type\":\"ImageObject\",\"inLanguage\":\"da-DK\",\"@id\":\"https:\/\/megapets.eu\/da\/#\/schema\/logo\/image\/\",\"url\":\"https:\/\/megapets.eu\/wp-content\/uploads\/2025\/04\/megapets_eu-logo.png\",\"contentUrl\":\"https:\/\/megapets.eu\/wp-content\/uploads\/2025\/04\/megapets_eu-logo.png\",\"width\":2362,\"height\":2362,\"caption\":\"Mega Pets\"},\"image\":{\"@id\":\"https:\/\/megapets.eu\/da\/#\/schema\/logo\/image\/\"},\"sameAs\":[\"https:\/\/www.facebook.com\/MegaPets.eu\/\"]}]}<\/script>\n<!-- \/ Yoast SEO plugin. -->","yoast_head_json":{"title":"Archachatina marginata grevillei | MegaPets","robots":{"index":"index","follow":"follow","max-snippet":"max-snippet:-1","max-image-preview":"max-image-preview:large","max-video-preview":"max-video-preview:-1"},"canonical":"https:\/\/megapets.eu\/da\/snegle\/archachatina-marginata-grevillei\/","og_locale":"da_DK","og_type":"article","og_title":"Archachatina marginata grevillei | MegaPets","og_description":"Fra et ubesl\u00e6gtet par:   P6    M\u00e5l for skalst\u00f8rrelse:   ca. 9-10 cm    Tilbydes som ungt eksemplar:   ca. 4 cm    Prisen g\u00e6lder for:   1 stk.","og_url":"https:\/\/megapets.eu\/da\/snegle\/archachatina-marginata-grevillei\/","og_site_name":"MegaPets","article_publisher":"https:\/\/www.facebook.com\/MegaPets.eu\/","og_image":[{"width":1191,"height":804,"url":"https:\/\/megapets.eu\/wp-content\/uploads\/2024\/10\/348724435_3493421000893656_2659019314494022295_n.jpg","type":"image\/jpeg"}],"twitter_card":"summary_large_image","twitter_misc":{"Estimeret l\u00e6setid":"1 minut"},"schema":{"@context":"https:\/\/schema.org","@graph":[{"@type":"WebPage","@id":"https:\/\/megapets.eu\/da\/snegle\/archachatina-marginata-grevillei\/","url":"https:\/\/megapets.eu\/da\/snegle\/archachatina-marginata-grevillei\/","name":"Archachatina marginata grevillei | MegaPets","isPartOf":{"@id":"https:\/\/megapets.eu\/da\/#website"},"primaryImageOfPage":{"@id":"https:\/\/megapets.eu\/da\/snegle\/archachatina-marginata-grevillei\/#primaryimage"},"image":{"@id":"https:\/\/megapets.eu\/da\/snegle\/archachatina-marginata-grevillei\/#primaryimage"},"thumbnailUrl":"https:\/\/megapets.eu\/wp-content\/uploads\/2024\/10\/348724435_3493421000893656_2659019314494022295_n.jpg","datePublished":"2024-10-06T11:35:24+00:00","breadcrumb":{"@id":"https:\/\/megapets.eu\/da\/snegle\/archachatina-marginata-grevillei\/#breadcrumb"},"inLanguage":"da-DK","potentialAction":[{"@type":"ReadAction","target":["https:\/\/megapets.eu\/da\/snegle\/archachatina-marginata-grevillei\/"]}]},{"@type":"ImageObject","inLanguage":"da-DK","@id":"https:\/\/megapets.eu\/da\/snegle\/archachatina-marginata-grevillei\/#primaryimage","url":"https:\/\/megapets.eu\/wp-content\/uploads\/2024\/10\/348724435_3493421000893656_2659019314494022295_n.jpg","contentUrl":"https:\/\/megapets.eu\/wp-content\/uploads\/2024\/10\/348724435_3493421000893656_2659019314494022295_n.jpg","width":1191,"height":804},{"@type":"BreadcrumbList","@id":"https:\/\/megapets.eu\/da\/snegle\/archachatina-marginata-grevillei\/#breadcrumb","itemListElement":[{"@type":"ListItem","position":1,"name":"Strona g\u0142\u00f3wna","item":"https:\/\/megapets.eu\/da\/"},{"@type":"ListItem","position":2,"name":"Butik","item":"https:\/\/megapets.eu\/butik\/"},{"@type":"ListItem","position":3,"name":"Archachatina marginata grevillei"}]},{"@type":"WebSite","@id":"https:\/\/megapets.eu\/da\/#website","url":"https:\/\/megapets.eu\/da\/","name":"Mega Pets","description":"Jedna z najwi\u0119kszych hodowli \u015blimak\u00f3w w Europie","publisher":{"@id":"https:\/\/megapets.eu\/da\/#organization"},"alternateName":"Mega Pets","potentialAction":[{"@type":"SearchAction","target":{"@type":"EntryPoint","urlTemplate":"https:\/\/megapets.eu\/da\/?s={search_term_string}"},"query-input":{"@type":"PropertyValueSpecification","valueRequired":true,"valueName":"search_term_string"}}],"inLanguage":"da-DK"},{"@type":"Organization","@id":"https:\/\/megapets.eu\/da\/#organization","name":"Mega Pets","url":"https:\/\/megapets.eu\/da\/","logo":{"@type":"ImageObject","inLanguage":"da-DK","@id":"https:\/\/megapets.eu\/da\/#\/schema\/logo\/image\/","url":"https:\/\/megapets.eu\/wp-content\/uploads\/2025\/04\/megapets_eu-logo.png","contentUrl":"https:\/\/megapets.eu\/wp-content\/uploads\/2025\/04\/megapets_eu-logo.png","width":2362,"height":2362,"caption":"Mega Pets"},"image":{"@id":"https:\/\/megapets.eu\/da\/#\/schema\/logo\/image\/"},"sameAs":["https:\/\/www.facebook.com\/MegaPets.eu\/"]}]}},"_links":{"self":[{"href":"https:\/\/megapets.eu\/da\/wp-json\/wp\/v2\/product\/9061","targetHints":{"allow":["GET"]}}],"collection":[{"href":"https:\/\/megapets.eu\/da\/wp-json\/wp\/v2\/product"}],"about":[{"href":"https:\/\/megapets.eu\/da\/wp-json\/wp\/v2\/types\/product"}],"wp:featuredmedia":[{"embeddable":true,"href":"https:\/\/megapets.eu\/da\/wp-json\/wp\/v2\/media\/9062"}],"wp:attachment":[{"href":"https:\/\/megapets.eu\/da\/wp-json\/wp\/v2\/media?parent=9061"}],"wp:term":[{"taxonomy":"product_cat","embeddable":true,"href":"https:\/\/megapets.eu\/da\/wp-json\/wp\/v2\/product_cat?post=9061"},{"taxonomy":"product_tag","embeddable":true,"href":"https:\/\/megapets.eu\/da\/wp-json\/wp\/v2\/product_tag?post=9061"}],"curies":[{"name":"wp","href":"https:\/\/api.w.org\/{rel}","templated":true}]}}