{"id":9067,"date":"2024-10-06T09:28:14","date_gmt":"2024-10-06T09:28:14","guid":{"rendered":"https:\/\/megapets.eu\/Ikke kategoriseret\/gyna-centurio-gambiaeksotiske-kakerlakker\/"},"modified":"2024-10-06T09:28:14","modified_gmt":"2024-10-06T09:28:14","slug":"gyna-centurio-gambiaeksotiske-kakerlakker","status":"publish","type":"product","link":"https:\/\/megapets.eu\/da\/andet\/gyna-centurio-gambiaeksotiske-kakerlakker\/","title":{"rendered":"Gyna centurio &#8216;Gambia&#8217;<br \/>Eksotiske kakerlakker"},"content":{"rendered":"<p class=\"v1v1v1v1MsoNormal\"><span style=\"color: #424242;\"><strong><em><span style=\"font-size: 15px;\"><strong style=\"color: #424242;\"><span class=\"x1xsqp64 xiy17q3 x1o6pynw x19co3pv xdj266r xcwd3tp xat24cr x39eecv x2b8uid\" data-testid=\"emoji\"><span class=\"xexx8yu xn5pp95 x18d9i69 x2fxd7x x3jgonx x1bhl96m\">Eksotiske kakerlakker: art: Gyna centurio Gambia.<\/span><\/span><\/strong><\/span><\/em><\/strong><\/span><\/p>\n<p class=\"v1v1v1v1MsoNormal\"><span style=\"color: #424242;\"><strong><em><span style=\"font-size: 15px;\"><strong style=\"color: #424242;\"><span class=\"x1xsqp64 xiy17q3 x1o6pynw x19co3pv xdj266r xcwd3tp xat24cr x39eecv x2b8uid\" data-testid=\"emoji\"><span class=\"xexx8yu xn5pp95 x18d9i69 x2fxd7x x3jgonx x1bhl96m\"><b>\u2764\ufe0f Leder du efter noget sjovt at opdr\u00e6tte til at begynde med?<\/b> Eksotiske kakerlakker til hobbyopdr\u00e6t. De er nemme at holde og interessante at observere. Helt sikre for mennesker, de bider ikke. De har svage k\u00e6ber, der er tilpasset til at rive plantemateriale i stykker. Kakerlakker foretr\u00e6kker skyggefulde omr\u00e5der og lever af blade, gr\u00f8ntsager, frugt, sepia (bl\u00e6ksprutteben) og t\u00f8rrede Gammarus-kim.<\/span><\/span><\/strong><\/span><\/em><\/strong><\/span><\/p>\n<p class=\"v1v1v1v1MsoNormal\"><span style=\"color: #424242;\"><strong><em><span style=\"font-size: 15px;\"><span class=\"x1xsqp64 xiy17q3 x1o6pynw x19co3pv xdj266r xcwd3tp xat24cr x39eecv x2b8uid\" data-testid=\"emoji\"><span class=\"xexx8yu xn5pp95 x18d9i69 x2fxd7x x3jgonx x1bhl96m\"><img decoding=\"async\" src=\"https:\/\/static.xx.fbcdn.net\/images\/emoji.php\/v9\/t1e\/1\/16\/1f33f.png\" alt=\"\ud83c\udf3f\" \/> <\/span><\/span>Alt, hvad et s\u00e5dant dyr har brug for til en vellykket v\u00e6kst og et vellykket liv i et terrarium, er:<\/span><\/em><\/strong><\/span><\/p>\n<p class=\"v1v1v1v1MsoNormal\"><span style=\"font-size: 15px;\"><strong><em><span style=\"color: #008000;\">*Alt, hvad et s\u00e5dant dyr har brug for til en vellykket v\u00e6kst og et vellykket liv i et terrarium, er:<\/span><\/em><\/strong><\/span><\/p>\n<p><span style=\"font-size: 15px;\"><strong><em><span style=\"color: #008000;\">* Substrat\/foder: Substrat til opdr\u00e6t af eksotiske kakerlakker;<\/span><\/em><\/strong><\/span><\/p>\n<p><span style=\"font-size: 15px;\"><strong><em><span style=\"color: #008000;\">* Mad: Friske gr\u00f8ntsager og frugter;<\/span><\/em><\/strong><\/span><\/p>\n<p><span style=\"font-size: 15px;\"><strong><em><span style=\"color: #008000;\">* F\u00f8de: Ground gammarus er en t\u00f8rret kim, rig p\u00e5 makro- og mikron\u00e6ringsstoffer, en naturlig kilde til animalsk protein og kitin;<\/span><\/em><\/strong><\/span><\/p>\n<p><span style=\"font-size: 15px;\"><strong><em><span style=\"color: #008000;\">* F\u00f8devarer: Sepia &#8211; bl\u00e6ksprutteben er en naturlig kilde til calcium for terrariedyr;<\/span><\/em><\/strong><\/span><\/p>\n<p><span style=\"font-size: 15px;\"><strong><em><span style=\"color: #008000;\">* Terrarium: Opdr\u00e6tsbeholder.<\/span><\/em><\/strong><\/span><\/p>\n","protected":false},"excerpt":{"rendered":"<ul class=\"product_attributes\">\n<li><strong>M\u00e5lst\u00f8rrelse p\u00e5 eksemplarer:<\/strong> <span style=\"color: #000000;\">ca. 2,5-4 cm<\/span><\/li>\n<li>Unge eksemplarer tilbydes: <span style=\"color: #000000;\">mix 0,5 -1 cm<\/span><\/li>\n<li>Prisen er for et s\u00e6t: <span style=\"color: #000000;\">12 eksemplarer<\/span><\/li>\n<\/ul>\n","protected":false},"featured_media":9069,"template":"","meta":{"_acf_changed":false,"_links_to":"","_links_to_target":""},"product_cat":[221],"product_tag":[],"class_list":{"0":"post-9067","1":"product","2":"type-product","3":"status-publish","4":"has-post-thumbnail","6":"product_cat-andet","8":"first","9":"outofstock","10":"shipping-taxable","11":"purchasable","12":"product-type-simple"},"acf":[],"yoast_head":"<!-- This site is optimized with the Yoast SEO plugin v24.9 - https:\/\/yoast.com\/wordpress\/plugins\/seo\/ -->\n<title>Gyna centurio &#039;Gambia&#039;Eksotiske kakerlakker | MegaPets<\/title>\n<meta name=\"robots\" content=\"index, follow, max-snippet:-1, max-image-preview:large, max-video-preview:-1\" \/>\n<link rel=\"canonical\" href=\"https:\/\/megapets.eu\/da\/andet\/gyna-centurio-gambiaeksotiske-kakerlakker\/\" \/>\n<meta property=\"og:locale\" content=\"da_DK\" \/>\n<meta property=\"og:type\" content=\"article\" \/>\n<meta property=\"og:title\" content=\"Gyna centurio &#039;Gambia&#039;Eksotiske kakerlakker | MegaPets\" \/>\n<meta property=\"og:description\" content=\"M\u00e5lst\u00f8rrelse p\u00e5 eksemplarer: ca. 2,5-4 cm  Unge eksemplarer tilbydes: mix 0,5 -1 cm  Prisen er for et s\u00e6t: 12 eksemplarer\" \/>\n<meta property=\"og:url\" content=\"https:\/\/megapets.eu\/da\/andet\/gyna-centurio-gambiaeksotiske-kakerlakker\/\" \/>\n<meta property=\"og:site_name\" content=\"MegaPets\" \/>\n<meta property=\"article:publisher\" content=\"https:\/\/www.facebook.com\/MegaPets.eu\/\" \/>\n<meta property=\"og:image\" content=\"https:\/\/megapets.eu\/wp-content\/uploads\/2024\/10\/IMG_20200830_161127-scaled.jpg\" \/>\n\t<meta property=\"og:image:width\" content=\"2560\" \/>\n\t<meta property=\"og:image:height\" content=\"1707\" \/>\n\t<meta property=\"og:image:type\" content=\"image\/jpeg\" \/>\n<meta name=\"twitter:card\" content=\"summary_large_image\" \/>\n<meta name=\"twitter:label1\" content=\"Estimeret l\u00e6setid\" \/>\n\t<meta name=\"twitter:data1\" content=\"1 minut\" \/>\n<script type=\"application\/ld+json\" class=\"yoast-schema-graph\">{\"@context\":\"https:\/\/schema.org\",\"@graph\":[{\"@type\":\"WebPage\",\"@id\":\"https:\/\/megapets.eu\/da\/andet\/gyna-centurio-gambiaeksotiske-kakerlakker\/\",\"url\":\"https:\/\/megapets.eu\/da\/andet\/gyna-centurio-gambiaeksotiske-kakerlakker\/\",\"name\":\"Gyna centurio 'Gambia' Eksotiske kakerlakker | MegaPets\",\"isPartOf\":{\"@id\":\"https:\/\/megapets.eu\/da\/#website\"},\"primaryImageOfPage\":{\"@id\":\"https:\/\/megapets.eu\/da\/andet\/gyna-centurio-gambiaeksotiske-kakerlakker\/#primaryimage\"},\"image\":{\"@id\":\"https:\/\/megapets.eu\/da\/andet\/gyna-centurio-gambiaeksotiske-kakerlakker\/#primaryimage\"},\"thumbnailUrl\":\"https:\/\/megapets.eu\/wp-content\/uploads\/2024\/10\/IMG_20200830_161127-scaled.jpg\",\"datePublished\":\"2024-10-06T09:28:14+00:00\",\"breadcrumb\":{\"@id\":\"https:\/\/megapets.eu\/da\/andet\/gyna-centurio-gambiaeksotiske-kakerlakker\/#breadcrumb\"},\"inLanguage\":\"da-DK\",\"potentialAction\":[{\"@type\":\"ReadAction\",\"target\":[\"https:\/\/megapets.eu\/da\/andet\/gyna-centurio-gambiaeksotiske-kakerlakker\/\"]}]},{\"@type\":\"ImageObject\",\"inLanguage\":\"da-DK\",\"@id\":\"https:\/\/megapets.eu\/da\/andet\/gyna-centurio-gambiaeksotiske-kakerlakker\/#primaryimage\",\"url\":\"https:\/\/megapets.eu\/wp-content\/uploads\/2024\/10\/IMG_20200830_161127-scaled.jpg\",\"contentUrl\":\"https:\/\/megapets.eu\/wp-content\/uploads\/2024\/10\/IMG_20200830_161127-scaled.jpg\",\"width\":2560,\"height\":1707},{\"@type\":\"BreadcrumbList\",\"@id\":\"https:\/\/megapets.eu\/da\/andet\/gyna-centurio-gambiaeksotiske-kakerlakker\/#breadcrumb\",\"itemListElement\":[{\"@type\":\"ListItem\",\"position\":1,\"name\":\"Strona g\u0142\u00f3wna\",\"item\":\"https:\/\/megapets.eu\/da\/\"},{\"@type\":\"ListItem\",\"position\":2,\"name\":\"Butik\",\"item\":\"https:\/\/megapets.eu\/butik\/\"},{\"@type\":\"ListItem\",\"position\":3,\"name\":\"Gyna centurio 'Gambia&#8217;Eksotiske kakerlakker\"}]},{\"@type\":\"WebSite\",\"@id\":\"https:\/\/megapets.eu\/da\/#website\",\"url\":\"https:\/\/megapets.eu\/da\/\",\"name\":\"Mega Pets\",\"description\":\"Jedna z najwi\u0119kszych hodowli \u015blimak\u00f3w w Europie\",\"publisher\":{\"@id\":\"https:\/\/megapets.eu\/da\/#organization\"},\"alternateName\":\"Mega Pets\",\"potentialAction\":[{\"@type\":\"SearchAction\",\"target\":{\"@type\":\"EntryPoint\",\"urlTemplate\":\"https:\/\/megapets.eu\/da\/?s={search_term_string}\"},\"query-input\":{\"@type\":\"PropertyValueSpecification\",\"valueRequired\":true,\"valueName\":\"search_term_string\"}}],\"inLanguage\":\"da-DK\"},{\"@type\":\"Organization\",\"@id\":\"https:\/\/megapets.eu\/da\/#organization\",\"name\":\"Mega Pets\",\"url\":\"https:\/\/megapets.eu\/da\/\",\"logo\":{\"@type\":\"ImageObject\",\"inLanguage\":\"da-DK\",\"@id\":\"https:\/\/megapets.eu\/da\/#\/schema\/logo\/image\/\",\"url\":\"https:\/\/megapets.eu\/wp-content\/uploads\/2025\/04\/megapets_eu-logo.png\",\"contentUrl\":\"https:\/\/megapets.eu\/wp-content\/uploads\/2025\/04\/megapets_eu-logo.png\",\"width\":2362,\"height\":2362,\"caption\":\"Mega Pets\"},\"image\":{\"@id\":\"https:\/\/megapets.eu\/da\/#\/schema\/logo\/image\/\"},\"sameAs\":[\"https:\/\/www.facebook.com\/MegaPets.eu\/\"]}]}<\/script>\n<!-- \/ Yoast SEO plugin. -->","yoast_head_json":{"title":"Gyna centurio 'Gambia'Eksotiske kakerlakker | MegaPets","robots":{"index":"index","follow":"follow","max-snippet":"max-snippet:-1","max-image-preview":"max-image-preview:large","max-video-preview":"max-video-preview:-1"},"canonical":"https:\/\/megapets.eu\/da\/andet\/gyna-centurio-gambiaeksotiske-kakerlakker\/","og_locale":"da_DK","og_type":"article","og_title":"Gyna centurio 'Gambia'Eksotiske kakerlakker | MegaPets","og_description":"M\u00e5lst\u00f8rrelse p\u00e5 eksemplarer: ca. 2,5-4 cm  Unge eksemplarer tilbydes: mix 0,5 -1 cm  Prisen er for et s\u00e6t: 12 eksemplarer","og_url":"https:\/\/megapets.eu\/da\/andet\/gyna-centurio-gambiaeksotiske-kakerlakker\/","og_site_name":"MegaPets","article_publisher":"https:\/\/www.facebook.com\/MegaPets.eu\/","og_image":[{"width":2560,"height":1707,"url":"https:\/\/megapets.eu\/wp-content\/uploads\/2024\/10\/IMG_20200830_161127-scaled.jpg","type":"image\/jpeg"}],"twitter_card":"summary_large_image","twitter_misc":{"Estimeret l\u00e6setid":"1 minut"},"schema":{"@context":"https:\/\/schema.org","@graph":[{"@type":"WebPage","@id":"https:\/\/megapets.eu\/da\/andet\/gyna-centurio-gambiaeksotiske-kakerlakker\/","url":"https:\/\/megapets.eu\/da\/andet\/gyna-centurio-gambiaeksotiske-kakerlakker\/","name":"Gyna centurio 'Gambia' Eksotiske kakerlakker | MegaPets","isPartOf":{"@id":"https:\/\/megapets.eu\/da\/#website"},"primaryImageOfPage":{"@id":"https:\/\/megapets.eu\/da\/andet\/gyna-centurio-gambiaeksotiske-kakerlakker\/#primaryimage"},"image":{"@id":"https:\/\/megapets.eu\/da\/andet\/gyna-centurio-gambiaeksotiske-kakerlakker\/#primaryimage"},"thumbnailUrl":"https:\/\/megapets.eu\/wp-content\/uploads\/2024\/10\/IMG_20200830_161127-scaled.jpg","datePublished":"2024-10-06T09:28:14+00:00","breadcrumb":{"@id":"https:\/\/megapets.eu\/da\/andet\/gyna-centurio-gambiaeksotiske-kakerlakker\/#breadcrumb"},"inLanguage":"da-DK","potentialAction":[{"@type":"ReadAction","target":["https:\/\/megapets.eu\/da\/andet\/gyna-centurio-gambiaeksotiske-kakerlakker\/"]}]},{"@type":"ImageObject","inLanguage":"da-DK","@id":"https:\/\/megapets.eu\/da\/andet\/gyna-centurio-gambiaeksotiske-kakerlakker\/#primaryimage","url":"https:\/\/megapets.eu\/wp-content\/uploads\/2024\/10\/IMG_20200830_161127-scaled.jpg","contentUrl":"https:\/\/megapets.eu\/wp-content\/uploads\/2024\/10\/IMG_20200830_161127-scaled.jpg","width":2560,"height":1707},{"@type":"BreadcrumbList","@id":"https:\/\/megapets.eu\/da\/andet\/gyna-centurio-gambiaeksotiske-kakerlakker\/#breadcrumb","itemListElement":[{"@type":"ListItem","position":1,"name":"Strona g\u0142\u00f3wna","item":"https:\/\/megapets.eu\/da\/"},{"@type":"ListItem","position":2,"name":"Butik","item":"https:\/\/megapets.eu\/butik\/"},{"@type":"ListItem","position":3,"name":"Gyna centurio 'Gambia&#8217;Eksotiske kakerlakker"}]},{"@type":"WebSite","@id":"https:\/\/megapets.eu\/da\/#website","url":"https:\/\/megapets.eu\/da\/","name":"Mega Pets","description":"Jedna z najwi\u0119kszych hodowli \u015blimak\u00f3w w Europie","publisher":{"@id":"https:\/\/megapets.eu\/da\/#organization"},"alternateName":"Mega Pets","potentialAction":[{"@type":"SearchAction","target":{"@type":"EntryPoint","urlTemplate":"https:\/\/megapets.eu\/da\/?s={search_term_string}"},"query-input":{"@type":"PropertyValueSpecification","valueRequired":true,"valueName":"search_term_string"}}],"inLanguage":"da-DK"},{"@type":"Organization","@id":"https:\/\/megapets.eu\/da\/#organization","name":"Mega Pets","url":"https:\/\/megapets.eu\/da\/","logo":{"@type":"ImageObject","inLanguage":"da-DK","@id":"https:\/\/megapets.eu\/da\/#\/schema\/logo\/image\/","url":"https:\/\/megapets.eu\/wp-content\/uploads\/2025\/04\/megapets_eu-logo.png","contentUrl":"https:\/\/megapets.eu\/wp-content\/uploads\/2025\/04\/megapets_eu-logo.png","width":2362,"height":2362,"caption":"Mega Pets"},"image":{"@id":"https:\/\/megapets.eu\/da\/#\/schema\/logo\/image\/"},"sameAs":["https:\/\/www.facebook.com\/MegaPets.eu\/"]}]}},"_links":{"self":[{"href":"https:\/\/megapets.eu\/da\/wp-json\/wp\/v2\/product\/9067","targetHints":{"allow":["GET"]}}],"collection":[{"href":"https:\/\/megapets.eu\/da\/wp-json\/wp\/v2\/product"}],"about":[{"href":"https:\/\/megapets.eu\/da\/wp-json\/wp\/v2\/types\/product"}],"wp:featuredmedia":[{"embeddable":true,"href":"https:\/\/megapets.eu\/da\/wp-json\/wp\/v2\/media\/9069"}],"wp:attachment":[{"href":"https:\/\/megapets.eu\/da\/wp-json\/wp\/v2\/media?parent=9067"}],"wp:term":[{"taxonomy":"product_cat","embeddable":true,"href":"https:\/\/megapets.eu\/da\/wp-json\/wp\/v2\/product_cat?post=9067"},{"taxonomy":"product_tag","embeddable":true,"href":"https:\/\/megapets.eu\/da\/wp-json\/wp\/v2\/product_tag?post=9067"}],"curies":[{"name":"wp","href":"https:\/\/api.w.org\/{rel}","templated":true}]}}