{"id":9549,"date":"2025-07-08T11:44:18","date_gmt":"2025-07-08T11:44:18","guid":{"rendered":"https:\/\/megapets.eu\/?post_type=product&#038;p=9549"},"modified":"2025-07-15T06:51:22","modified_gmt":"2025-07-15T06:51:22","slug":"spiropoeus-fischerikaempe-sort-krokodille-kopia","status":"publish","type":"product","link":"https:\/\/megapets.eu\/da\/wije-da\/spiropoeus-fischerikaempe-sort-krokodille-kopia\/","title":{"rendered":"Spiropoeus fischeri<br>&#8220;K\u00e6mpe sort tusindben&quot;"},"content":{"rendered":"<p class=\"v1v1v1v1MsoNormal\"><span style=\"color: #333333;\"><strong><em><span style=\"font-size: 15px;\">Art: <\/span><\/em><\/strong><\/span><span style=\"color: #000000;\"><strong><em><span style=\"font-size: 15px;\">Tusindben Spiropoeus fischeri &#8220;K\u00e6mpesort tusindben&quot;. <\/span><\/em><\/strong><\/span> <\/p>\n<p class=\"v1v1v1v1MsoNormal\"><span style=\"color: #333333;\"><strong><em><span style=\"font-size: 15px;\">Nemme at vedligeholde, s\u00e5 de er gode til begyndere.<\/span><\/em><\/strong><\/span><\/p>\n<p><span style=\"font-size: 15px;\"><em><strong><span style=\"color: #000000;\"><span style=\"color: #333333;\">K\u00e6mpe Spiropoeus fischeri<\/span> C\ud83d\udda4Z\ud83d\udda4A\ud83d\udda4R\ud83d\udda4N\ud83d\udda4Y <\/span><span style=\"color: #333333;\">tusindben, m\u00e5l voksenst\u00f8rrelse ca. 20 cm.<\/span><\/strong><\/em><\/span><\/p>\n<p><strong style=\"color: #424242;\"><em><span style=\"font-size: 15px;\"><span style=\"color: #424242;\"><span class=\"x1xsqp64 xiy17q3 x1o6pynw x19co3pv xdj266r xcwd3tp xat24cr x39eecv x2b8uid\" data-testid=\"emoji\"><span class=\"xexx8yu xn5pp95 x18d9i69 x2fxd7x x3jgonx x1bhl96m\">\ud83d\udda4\ud83d\udda4\ud83d\udda4  <\/span><\/span><\/span><\/span><span style=\"font-size: 15px;\"><span style=\"color: #424242;\"><strong><span style=\"color: #333333;\">Leder du efter noget sjovt at opdr\u00e6tte til at starte med?<\/span> <\/strong><\/span> <span style=\"color: #000000;\"><strong>Tusindben Spiropoeus fischeri<\/strong><strong> <\/strong>De er smukke og letplejede v\u00e6sner, helt sikre for mennesker, de bider ikke. De har svage k\u00e6ber, der er tilpasset til at knuse plantemateriale. Tusindben foretr\u00e6kker fugtige steder, lever i det \u00f8verste lag af underlaget og lever af blade, multikomponentsubstrat beregnet til opdr\u00e6t af tusindben samt gr\u00f8ntsager og frugter.    <\/span><\/span><\/em><\/strong><\/p>\n","protected":false},"excerpt":{"rendered":"<ul>\n<li>M\u00e5lst\u00f8rrelse:\n<ul>\n<li>ca. 20 cm <\/li>\n<\/ul>\n<\/li>\n<li>Tilbydes individuel:\n<ul>\n<li>ca. 10-15 cm <\/li>\n<\/ul>\n<\/li>\n<li>Prisen g\u00e6lder for:\n<ul>\n<li>1 stk<\/li>\n<\/ul>\n<\/li>\n<\/ul>\n","protected":false},"featured_media":9080,"template":"","meta":{"_acf_changed":false,"_links_to":"","_links_to_target":""},"product_cat":[209],"product_tag":[],"class_list":{"0":"post-9549","1":"product","2":"type-product","3":"status-publish","4":"has-post-thumbnail","6":"product_cat-wije-da","8":"first","9":"outofstock","10":"shipping-taxable","11":"purchasable","12":"product-type-simple"},"acf":[],"yoast_head":"<!-- This site is optimized with the Yoast SEO plugin v24.9 - https:\/\/yoast.com\/wordpress\/plugins\/seo\/ -->\n<title>Spiropoeus fischeri&quot;K\u00e6mpe sort tusindben&quot; | MegaPets<\/title>\n<meta name=\"robots\" content=\"index, follow, max-snippet:-1, max-image-preview:large, max-video-preview:-1\" \/>\n<link rel=\"canonical\" href=\"https:\/\/megapets.eu\/da\/wije-da\/spiropoeus-fischerikaempe-sort-krokodille-kopia\/\" \/>\n<meta property=\"og:locale\" content=\"da_DK\" \/>\n<meta property=\"og:type\" content=\"article\" \/>\n<meta property=\"og:title\" content=\"Spiropoeus fischeri&quot;K\u00e6mpe sort tusindben&quot; | MegaPets\" \/>\n<meta property=\"og:description\" content=\"M\u00e5lst\u00f8rrelse:  ca. 20 cm   Tilbydes individuel:  ca. 10-15 cm   Prisen g\u00e6lder for:  1 stk\" \/>\n<meta property=\"og:url\" content=\"https:\/\/megapets.eu\/da\/wije-da\/spiropoeus-fischerikaempe-sort-krokodille-kopia\/\" \/>\n<meta property=\"og:site_name\" content=\"MegaPets\" \/>\n<meta property=\"article:publisher\" content=\"https:\/\/www.facebook.com\/MegaPets.eu\/\" \/>\n<meta property=\"article:modified_time\" content=\"2025-07-15T06:51:22+00:00\" \/>\n<meta property=\"og:image\" content=\"https:\/\/megapets.eu\/wp-content\/uploads\/2024\/10\/IMG_20220926_125351-scaled.jpg\" \/>\n\t<meta property=\"og:image:width\" content=\"2560\" \/>\n\t<meta property=\"og:image:height\" content=\"1706\" \/>\n\t<meta property=\"og:image:type\" content=\"image\/jpeg\" \/>\n<meta name=\"twitter:card\" content=\"summary_large_image\" \/>\n<meta name=\"twitter:label1\" content=\"Estimeret l\u00e6setid\" \/>\n\t<meta name=\"twitter:data1\" content=\"1 minut\" \/>\n<script type=\"application\/ld+json\" class=\"yoast-schema-graph\">{\"@context\":\"https:\/\/schema.org\",\"@graph\":[{\"@type\":\"WebPage\",\"@id\":\"https:\/\/megapets.eu\/da\/wije-da\/spiropoeus-fischerikaempe-sort-krokodille-kopia\/\",\"url\":\"https:\/\/megapets.eu\/da\/wije-da\/spiropoeus-fischerikaempe-sort-krokodille-kopia\/\",\"name\":\"Spiropoeus fischeri \\\"K\u00e6mpe sort tusindben\\\" | MegaPets\",\"isPartOf\":{\"@id\":\"https:\/\/megapets.eu\/da\/#website\"},\"primaryImageOfPage\":{\"@id\":\"https:\/\/megapets.eu\/da\/wije-da\/spiropoeus-fischerikaempe-sort-krokodille-kopia\/#primaryimage\"},\"image\":{\"@id\":\"https:\/\/megapets.eu\/da\/wije-da\/spiropoeus-fischerikaempe-sort-krokodille-kopia\/#primaryimage\"},\"thumbnailUrl\":\"https:\/\/megapets.eu\/wp-content\/uploads\/2024\/10\/IMG_20220926_125351-scaled.jpg\",\"datePublished\":\"2025-07-08T11:44:18+00:00\",\"dateModified\":\"2025-07-15T06:51:22+00:00\",\"breadcrumb\":{\"@id\":\"https:\/\/megapets.eu\/da\/wije-da\/spiropoeus-fischerikaempe-sort-krokodille-kopia\/#breadcrumb\"},\"inLanguage\":\"da-DK\",\"potentialAction\":[{\"@type\":\"ReadAction\",\"target\":[\"https:\/\/megapets.eu\/da\/wije-da\/spiropoeus-fischerikaempe-sort-krokodille-kopia\/\"]}]},{\"@type\":\"ImageObject\",\"inLanguage\":\"da-DK\",\"@id\":\"https:\/\/megapets.eu\/da\/wije-da\/spiropoeus-fischerikaempe-sort-krokodille-kopia\/#primaryimage\",\"url\":\"https:\/\/megapets.eu\/wp-content\/uploads\/2024\/10\/IMG_20220926_125351-scaled.jpg\",\"contentUrl\":\"https:\/\/megapets.eu\/wp-content\/uploads\/2024\/10\/IMG_20220926_125351-scaled.jpg\",\"width\":2560,\"height\":1706},{\"@type\":\"BreadcrumbList\",\"@id\":\"https:\/\/megapets.eu\/da\/wije-da\/spiropoeus-fischerikaempe-sort-krokodille-kopia\/#breadcrumb\",\"itemListElement\":[{\"@type\":\"ListItem\",\"position\":1,\"name\":\"Strona g\u0142\u00f3wna\",\"item\":\"https:\/\/megapets.eu\/da\/\"},{\"@type\":\"ListItem\",\"position\":2,\"name\":\"Butik\",\"item\":\"https:\/\/megapets.eu\/butik\/\"},{\"@type\":\"ListItem\",\"position\":3,\"name\":\"Spiropoeus fischeri&#8222;K\u00e6mpe sort tusindben\\\"\"}]},{\"@type\":\"WebSite\",\"@id\":\"https:\/\/megapets.eu\/da\/#website\",\"url\":\"https:\/\/megapets.eu\/da\/\",\"name\":\"Mega Pets\",\"description\":\"Jedna z najwi\u0119kszych hodowli \u015blimak\u00f3w w Europie\",\"publisher\":{\"@id\":\"https:\/\/megapets.eu\/da\/#organization\"},\"alternateName\":\"Mega Pets\",\"potentialAction\":[{\"@type\":\"SearchAction\",\"target\":{\"@type\":\"EntryPoint\",\"urlTemplate\":\"https:\/\/megapets.eu\/da\/?s={search_term_string}\"},\"query-input\":{\"@type\":\"PropertyValueSpecification\",\"valueRequired\":true,\"valueName\":\"search_term_string\"}}],\"inLanguage\":\"da-DK\"},{\"@type\":\"Organization\",\"@id\":\"https:\/\/megapets.eu\/da\/#organization\",\"name\":\"Mega Pets\",\"url\":\"https:\/\/megapets.eu\/da\/\",\"logo\":{\"@type\":\"ImageObject\",\"inLanguage\":\"da-DK\",\"@id\":\"https:\/\/megapets.eu\/da\/#\/schema\/logo\/image\/\",\"url\":\"https:\/\/megapets.eu\/wp-content\/uploads\/2025\/04\/megapets_eu-logo.png\",\"contentUrl\":\"https:\/\/megapets.eu\/wp-content\/uploads\/2025\/04\/megapets_eu-logo.png\",\"width\":2362,\"height\":2362,\"caption\":\"Mega Pets\"},\"image\":{\"@id\":\"https:\/\/megapets.eu\/da\/#\/schema\/logo\/image\/\"},\"sameAs\":[\"https:\/\/www.facebook.com\/MegaPets.eu\/\"]}]}<\/script>\n<!-- \/ Yoast SEO plugin. -->","yoast_head_json":{"title":"Spiropoeus fischeri\"K\u00e6mpe sort tusindben\" | MegaPets","robots":{"index":"index","follow":"follow","max-snippet":"max-snippet:-1","max-image-preview":"max-image-preview:large","max-video-preview":"max-video-preview:-1"},"canonical":"https:\/\/megapets.eu\/da\/wije-da\/spiropoeus-fischerikaempe-sort-krokodille-kopia\/","og_locale":"da_DK","og_type":"article","og_title":"Spiropoeus fischeri\"K\u00e6mpe sort tusindben\" | MegaPets","og_description":"M\u00e5lst\u00f8rrelse:  ca. 20 cm   Tilbydes individuel:  ca. 10-15 cm   Prisen g\u00e6lder for:  1 stk","og_url":"https:\/\/megapets.eu\/da\/wije-da\/spiropoeus-fischerikaempe-sort-krokodille-kopia\/","og_site_name":"MegaPets","article_publisher":"https:\/\/www.facebook.com\/MegaPets.eu\/","article_modified_time":"2025-07-15T06:51:22+00:00","og_image":[{"width":2560,"height":1706,"url":"https:\/\/megapets.eu\/wp-content\/uploads\/2024\/10\/IMG_20220926_125351-scaled.jpg","type":"image\/jpeg"}],"twitter_card":"summary_large_image","twitter_misc":{"Estimeret l\u00e6setid":"1 minut"},"schema":{"@context":"https:\/\/schema.org","@graph":[{"@type":"WebPage","@id":"https:\/\/megapets.eu\/da\/wije-da\/spiropoeus-fischerikaempe-sort-krokodille-kopia\/","url":"https:\/\/megapets.eu\/da\/wije-da\/spiropoeus-fischerikaempe-sort-krokodille-kopia\/","name":"Spiropoeus fischeri \"K\u00e6mpe sort tusindben\" | MegaPets","isPartOf":{"@id":"https:\/\/megapets.eu\/da\/#website"},"primaryImageOfPage":{"@id":"https:\/\/megapets.eu\/da\/wije-da\/spiropoeus-fischerikaempe-sort-krokodille-kopia\/#primaryimage"},"image":{"@id":"https:\/\/megapets.eu\/da\/wije-da\/spiropoeus-fischerikaempe-sort-krokodille-kopia\/#primaryimage"},"thumbnailUrl":"https:\/\/megapets.eu\/wp-content\/uploads\/2024\/10\/IMG_20220926_125351-scaled.jpg","datePublished":"2025-07-08T11:44:18+00:00","dateModified":"2025-07-15T06:51:22+00:00","breadcrumb":{"@id":"https:\/\/megapets.eu\/da\/wije-da\/spiropoeus-fischerikaempe-sort-krokodille-kopia\/#breadcrumb"},"inLanguage":"da-DK","potentialAction":[{"@type":"ReadAction","target":["https:\/\/megapets.eu\/da\/wije-da\/spiropoeus-fischerikaempe-sort-krokodille-kopia\/"]}]},{"@type":"ImageObject","inLanguage":"da-DK","@id":"https:\/\/megapets.eu\/da\/wije-da\/spiropoeus-fischerikaempe-sort-krokodille-kopia\/#primaryimage","url":"https:\/\/megapets.eu\/wp-content\/uploads\/2024\/10\/IMG_20220926_125351-scaled.jpg","contentUrl":"https:\/\/megapets.eu\/wp-content\/uploads\/2024\/10\/IMG_20220926_125351-scaled.jpg","width":2560,"height":1706},{"@type":"BreadcrumbList","@id":"https:\/\/megapets.eu\/da\/wije-da\/spiropoeus-fischerikaempe-sort-krokodille-kopia\/#breadcrumb","itemListElement":[{"@type":"ListItem","position":1,"name":"Strona g\u0142\u00f3wna","item":"https:\/\/megapets.eu\/da\/"},{"@type":"ListItem","position":2,"name":"Butik","item":"https:\/\/megapets.eu\/butik\/"},{"@type":"ListItem","position":3,"name":"Spiropoeus fischeri&#8222;K\u00e6mpe sort tusindben\""}]},{"@type":"WebSite","@id":"https:\/\/megapets.eu\/da\/#website","url":"https:\/\/megapets.eu\/da\/","name":"Mega Pets","description":"Jedna z najwi\u0119kszych hodowli \u015blimak\u00f3w w Europie","publisher":{"@id":"https:\/\/megapets.eu\/da\/#organization"},"alternateName":"Mega Pets","potentialAction":[{"@type":"SearchAction","target":{"@type":"EntryPoint","urlTemplate":"https:\/\/megapets.eu\/da\/?s={search_term_string}"},"query-input":{"@type":"PropertyValueSpecification","valueRequired":true,"valueName":"search_term_string"}}],"inLanguage":"da-DK"},{"@type":"Organization","@id":"https:\/\/megapets.eu\/da\/#organization","name":"Mega Pets","url":"https:\/\/megapets.eu\/da\/","logo":{"@type":"ImageObject","inLanguage":"da-DK","@id":"https:\/\/megapets.eu\/da\/#\/schema\/logo\/image\/","url":"https:\/\/megapets.eu\/wp-content\/uploads\/2025\/04\/megapets_eu-logo.png","contentUrl":"https:\/\/megapets.eu\/wp-content\/uploads\/2025\/04\/megapets_eu-logo.png","width":2362,"height":2362,"caption":"Mega Pets"},"image":{"@id":"https:\/\/megapets.eu\/da\/#\/schema\/logo\/image\/"},"sameAs":["https:\/\/www.facebook.com\/MegaPets.eu\/"]}]}},"_links":{"self":[{"href":"https:\/\/megapets.eu\/da\/wp-json\/wp\/v2\/product\/9549","targetHints":{"allow":["GET"]}}],"collection":[{"href":"https:\/\/megapets.eu\/da\/wp-json\/wp\/v2\/product"}],"about":[{"href":"https:\/\/megapets.eu\/da\/wp-json\/wp\/v2\/types\/product"}],"wp:featuredmedia":[{"embeddable":true,"href":"https:\/\/megapets.eu\/da\/wp-json\/wp\/v2\/media\/9080"}],"wp:attachment":[{"href":"https:\/\/megapets.eu\/da\/wp-json\/wp\/v2\/media?parent=9549"}],"wp:term":[{"taxonomy":"product_cat","embeddable":true,"href":"https:\/\/megapets.eu\/da\/wp-json\/wp\/v2\/product_cat?post=9549"},{"taxonomy":"product_tag","embeddable":true,"href":"https:\/\/megapets.eu\/da\/wp-json\/wp\/v2\/product_tag?post=9549"}],"curies":[{"name":"wp","href":"https:\/\/api.w.org\/{rel}","templated":true}]}}