{"id":9575,"date":"2025-07-09T06:39:32","date_gmt":"2025-07-09T06:39:32","guid":{"rendered":"https:\/\/megapets.eu\/?post_type=product&#038;p=9575"},"modified":"2025-07-09T06:49:12","modified_gmt":"2025-07-09T06:49:12","slug":"coromus-diaphorusguldrandede-tusindben-kopia","status":"publish","type":"product","link":"https:\/\/megapets.eu\/da\/wije-da\/coromus-diaphorusguldrandede-tusindben-kopia\/","title":{"rendered":"Coromus diaphorus<br \/>&#8220;Guldrandede tusindben&quot; (Kopia)"},"content":{"rendered":"<p class=\"v1v1v1v1MsoNormal\"><span style=\"color: #d94890;\"><strong><em><span style=\"font-size: 15px;\"><span style=\"color: #424242;\">Arter:<\/span> <span style=\"color: #ff6600;\"><span style=\"color: #333333;\">Coromus diaphorus whirls &#8220;<\/span><span style=\"color: #ff9900;\">Golden-margin<\/span> <span style=\"color: #333333;\">Millipede&quot;<\/span><\/span><\/span><\/em><\/strong><\/span><\/p>\n<p class=\"v1v1v1v1MsoNormal\"><span style=\"color: #424242;\"><strong><em><span style=\"font-size: 15px;\">Nemme at holde, s\u00e5 de er gode til begyndere.<\/span><\/em><\/strong><\/span><\/p>\n<p><span style=\"color: #d94890;\"><strong><em><span style=\"font-size: 15px;\"><span style=\"color: #333333;\">Coromus diaphorus <\/span><span style=\"color: #ff6600;\"><span style=\"color: #333333;\">&#8220;<\/span><span style=\"color: #ff9900;\">Golden-margin<\/span><\/span> <span style=\"color: #333333;\">Millipede&quot; <\/span><\/span><\/em><\/strong><\/span><span style=\"color: #333333;\"><strong><em><span style=\"font-size: 15px;\">er store charmerende whirls med gylden-sort farve.<\/span><\/em><\/strong><\/span><\/p>\n<p class=\"v1v1v1v1MsoNormal\"><span style=\"color: #424242;\"><em>\ud83d\udc9b\ud83d\udc9b\ud83d\udc9b<\/em> <strong><em><span style=\"font-size: 15px;\">Leder du efter noget sjovt at opdr\u00e6tte til at starte med? <span style=\"color: #d94890;\"><span style=\"color: #333333;\">Coromus diaphorus <\/span><span style=\"color: #ff6600;\"><span style=\"color: #333333;\">&#8220;<\/span><span style=\"color: #ff9900;\">Golden-margin<\/span><\/span> <span style=\"color: #333333;\">Millipede&quot;<\/span><\/span><\/span><\/em><\/strong><\/span><span style=\"color: #333333;\"><strong><em><span style=\"font-size: 15px;\"> <span style=\"color: #333333;\"> er store hvirvler med gylden-sort farve, voksenst\u00f8rrelse ca. 8 cm. Coromus diaphorus hvirvelvinde er smukke og nemme at holde skabninger, helt sikre for mennesker, de bider ikke. De har svage k\u00e6ber, der er tilpasset til at makulere plantemateriale. Hvirvelvinden foretr\u00e6kker fugtige steder, lever i det \u00f8verste lag af substratet og lever af blade, et multikomponent substrat designet til krokodiller og hugorme samt gr\u00f8ntsager og frugt. <\/span><\/span><\/em><\/strong><\/span><\/p>\n","protected":false},"excerpt":{"rendered":"<ul>\n<li>M\u00e5lets st\u00f8rrelse:\n<ul>\n<li>ca. 8 cm<\/li>\n<\/ul>\n<\/li>\n<li>Unge tilbydes:\n<ul>\n<li>ca. 2-3 cm<\/li>\n<\/ul>\n<\/li>\n<li>Prisen er for:\n<ul>\n<li>1 stk.<\/li>\n<\/ul>\n<\/li>\n<\/ul>\n","protected":false},"featured_media":9588,"template":"","meta":{"_acf_changed":false,"_links_to":"","_links_to_target":""},"product_cat":[209],"product_tag":[],"class_list":{"0":"post-9575","1":"product","2":"type-product","3":"status-publish","4":"has-post-thumbnail","6":"product_cat-wije-da","8":"first","9":"outofstock","10":"shipping-taxable","11":"purchasable","12":"product-type-simple"},"acf":[],"yoast_head":"<!-- This site is optimized with the Yoast SEO plugin v24.9 - https:\/\/yoast.com\/wordpress\/plugins\/seo\/ -->\n<title>Coromus diaphorus&quot;Guldrandede tusindben&quot; (Kopia) | MegaPets<\/title>\n<meta name=\"robots\" content=\"index, follow, max-snippet:-1, max-image-preview:large, max-video-preview:-1\" \/>\n<link rel=\"canonical\" href=\"https:\/\/megapets.eu\/da\/wije-da\/coromus-diaphorusguldrandede-tusindben-kopia\/\" \/>\n<meta property=\"og:locale\" content=\"da_DK\" \/>\n<meta property=\"og:type\" content=\"article\" \/>\n<meta property=\"og:title\" content=\"Coromus diaphorus&quot;Guldrandede tusindben&quot; (Kopia) | MegaPets\" \/>\n<meta property=\"og:description\" content=\"M\u00e5lets st\u00f8rrelse:  ca. 8 cm   Unge tilbydes:  ca. 2-3 cm   Prisen er for:  1 stk.\" \/>\n<meta property=\"og:url\" content=\"https:\/\/megapets.eu\/da\/wije-da\/coromus-diaphorusguldrandede-tusindben-kopia\/\" \/>\n<meta property=\"og:site_name\" content=\"MegaPets\" \/>\n<meta property=\"article:publisher\" content=\"https:\/\/www.facebook.com\/MegaPets.eu\/\" \/>\n<meta property=\"article:modified_time\" content=\"2025-07-09T06:49:12+00:00\" \/>\n<meta property=\"og:image\" content=\"https:\/\/megapets.eu\/wp-content\/uploads\/2025\/07\/876543.png\" \/>\n\t<meta property=\"og:image:width\" content=\"1048\" \/>\n\t<meta property=\"og:image:height\" content=\"691\" \/>\n\t<meta property=\"og:image:type\" content=\"image\/png\" \/>\n<meta name=\"twitter:card\" content=\"summary_large_image\" \/>\n<meta name=\"twitter:label1\" content=\"Estimeret l\u00e6setid\" \/>\n\t<meta name=\"twitter:data1\" content=\"1 minut\" \/>\n<script type=\"application\/ld+json\" class=\"yoast-schema-graph\">{\"@context\":\"https:\/\/schema.org\",\"@graph\":[{\"@type\":\"WebPage\",\"@id\":\"https:\/\/megapets.eu\/da\/wije-da\/coromus-diaphorusguldrandede-tusindben-kopia\/\",\"url\":\"https:\/\/megapets.eu\/da\/wije-da\/coromus-diaphorusguldrandede-tusindben-kopia\/\",\"name\":\"Coromus diaphorus \\\"Guldrandede tusindben\\\" (Kopia) | MegaPets\",\"isPartOf\":{\"@id\":\"https:\/\/megapets.eu\/da\/#website\"},\"primaryImageOfPage\":{\"@id\":\"https:\/\/megapets.eu\/da\/wije-da\/coromus-diaphorusguldrandede-tusindben-kopia\/#primaryimage\"},\"image\":{\"@id\":\"https:\/\/megapets.eu\/da\/wije-da\/coromus-diaphorusguldrandede-tusindben-kopia\/#primaryimage\"},\"thumbnailUrl\":\"https:\/\/megapets.eu\/wp-content\/uploads\/2025\/07\/7654.png\",\"datePublished\":\"2025-07-09T06:39:32+00:00\",\"dateModified\":\"2025-07-09T06:49:12+00:00\",\"breadcrumb\":{\"@id\":\"https:\/\/megapets.eu\/da\/wije-da\/coromus-diaphorusguldrandede-tusindben-kopia\/#breadcrumb\"},\"inLanguage\":\"da-DK\",\"potentialAction\":[{\"@type\":\"ReadAction\",\"target\":[\"https:\/\/megapets.eu\/da\/wije-da\/coromus-diaphorusguldrandede-tusindben-kopia\/\"]}]},{\"@type\":\"ImageObject\",\"inLanguage\":\"da-DK\",\"@id\":\"https:\/\/megapets.eu\/da\/wije-da\/coromus-diaphorusguldrandede-tusindben-kopia\/#primaryimage\",\"url\":\"https:\/\/megapets.eu\/wp-content\/uploads\/2025\/07\/7654.png\",\"contentUrl\":\"https:\/\/megapets.eu\/wp-content\/uploads\/2025\/07\/7654.png\",\"width\":1049,\"height\":689},{\"@type\":\"BreadcrumbList\",\"@id\":\"https:\/\/megapets.eu\/da\/wije-da\/coromus-diaphorusguldrandede-tusindben-kopia\/#breadcrumb\",\"itemListElement\":[{\"@type\":\"ListItem\",\"position\":1,\"name\":\"Strona g\u0142\u00f3wna\",\"item\":\"https:\/\/megapets.eu\/da\/\"},{\"@type\":\"ListItem\",\"position\":2,\"name\":\"Butik\",\"item\":\"https:\/\/megapets.eu\/butik\/\"},{\"@type\":\"ListItem\",\"position\":3,\"name\":\"Coromus diaphorus&#8222;Guldrandede tusindben\\\" (Kopia)\"}]},{\"@type\":\"WebSite\",\"@id\":\"https:\/\/megapets.eu\/da\/#website\",\"url\":\"https:\/\/megapets.eu\/da\/\",\"name\":\"Mega Pets\",\"description\":\"Jedna z najwi\u0119kszych hodowli \u015blimak\u00f3w w Europie\",\"publisher\":{\"@id\":\"https:\/\/megapets.eu\/da\/#organization\"},\"alternateName\":\"Mega Pets\",\"potentialAction\":[{\"@type\":\"SearchAction\",\"target\":{\"@type\":\"EntryPoint\",\"urlTemplate\":\"https:\/\/megapets.eu\/da\/?s={search_term_string}\"},\"query-input\":{\"@type\":\"PropertyValueSpecification\",\"valueRequired\":true,\"valueName\":\"search_term_string\"}}],\"inLanguage\":\"da-DK\"},{\"@type\":\"Organization\",\"@id\":\"https:\/\/megapets.eu\/da\/#organization\",\"name\":\"Mega Pets\",\"url\":\"https:\/\/megapets.eu\/da\/\",\"logo\":{\"@type\":\"ImageObject\",\"inLanguage\":\"da-DK\",\"@id\":\"https:\/\/megapets.eu\/da\/#\/schema\/logo\/image\/\",\"url\":\"https:\/\/megapets.eu\/wp-content\/uploads\/2025\/04\/megapets_eu-logo.png\",\"contentUrl\":\"https:\/\/megapets.eu\/wp-content\/uploads\/2025\/04\/megapets_eu-logo.png\",\"width\":2362,\"height\":2362,\"caption\":\"Mega Pets\"},\"image\":{\"@id\":\"https:\/\/megapets.eu\/da\/#\/schema\/logo\/image\/\"},\"sameAs\":[\"https:\/\/www.facebook.com\/MegaPets.eu\/\"]}]}<\/script>\n<!-- \/ Yoast SEO plugin. -->","yoast_head_json":{"title":"Coromus diaphorus\"Guldrandede tusindben\" (Kopia) | MegaPets","robots":{"index":"index","follow":"follow","max-snippet":"max-snippet:-1","max-image-preview":"max-image-preview:large","max-video-preview":"max-video-preview:-1"},"canonical":"https:\/\/megapets.eu\/da\/wije-da\/coromus-diaphorusguldrandede-tusindben-kopia\/","og_locale":"da_DK","og_type":"article","og_title":"Coromus diaphorus\"Guldrandede tusindben\" (Kopia) | MegaPets","og_description":"M\u00e5lets st\u00f8rrelse:  ca. 8 cm   Unge tilbydes:  ca. 2-3 cm   Prisen er for:  1 stk.","og_url":"https:\/\/megapets.eu\/da\/wije-da\/coromus-diaphorusguldrandede-tusindben-kopia\/","og_site_name":"MegaPets","article_publisher":"https:\/\/www.facebook.com\/MegaPets.eu\/","article_modified_time":"2025-07-09T06:49:12+00:00","og_image":[{"width":1048,"height":691,"url":"https:\/\/megapets.eu\/wp-content\/uploads\/2025\/07\/876543.png","type":"image\/png"}],"twitter_card":"summary_large_image","twitter_misc":{"Estimeret l\u00e6setid":"1 minut"},"schema":{"@context":"https:\/\/schema.org","@graph":[{"@type":"WebPage","@id":"https:\/\/megapets.eu\/da\/wije-da\/coromus-diaphorusguldrandede-tusindben-kopia\/","url":"https:\/\/megapets.eu\/da\/wije-da\/coromus-diaphorusguldrandede-tusindben-kopia\/","name":"Coromus diaphorus \"Guldrandede tusindben\" (Kopia) | MegaPets","isPartOf":{"@id":"https:\/\/megapets.eu\/da\/#website"},"primaryImageOfPage":{"@id":"https:\/\/megapets.eu\/da\/wije-da\/coromus-diaphorusguldrandede-tusindben-kopia\/#primaryimage"},"image":{"@id":"https:\/\/megapets.eu\/da\/wije-da\/coromus-diaphorusguldrandede-tusindben-kopia\/#primaryimage"},"thumbnailUrl":"https:\/\/megapets.eu\/wp-content\/uploads\/2025\/07\/7654.png","datePublished":"2025-07-09T06:39:32+00:00","dateModified":"2025-07-09T06:49:12+00:00","breadcrumb":{"@id":"https:\/\/megapets.eu\/da\/wije-da\/coromus-diaphorusguldrandede-tusindben-kopia\/#breadcrumb"},"inLanguage":"da-DK","potentialAction":[{"@type":"ReadAction","target":["https:\/\/megapets.eu\/da\/wije-da\/coromus-diaphorusguldrandede-tusindben-kopia\/"]}]},{"@type":"ImageObject","inLanguage":"da-DK","@id":"https:\/\/megapets.eu\/da\/wije-da\/coromus-diaphorusguldrandede-tusindben-kopia\/#primaryimage","url":"https:\/\/megapets.eu\/wp-content\/uploads\/2025\/07\/7654.png","contentUrl":"https:\/\/megapets.eu\/wp-content\/uploads\/2025\/07\/7654.png","width":1049,"height":689},{"@type":"BreadcrumbList","@id":"https:\/\/megapets.eu\/da\/wije-da\/coromus-diaphorusguldrandede-tusindben-kopia\/#breadcrumb","itemListElement":[{"@type":"ListItem","position":1,"name":"Strona g\u0142\u00f3wna","item":"https:\/\/megapets.eu\/da\/"},{"@type":"ListItem","position":2,"name":"Butik","item":"https:\/\/megapets.eu\/butik\/"},{"@type":"ListItem","position":3,"name":"Coromus diaphorus&#8222;Guldrandede tusindben\" (Kopia)"}]},{"@type":"WebSite","@id":"https:\/\/megapets.eu\/da\/#website","url":"https:\/\/megapets.eu\/da\/","name":"Mega Pets","description":"Jedna z najwi\u0119kszych hodowli \u015blimak\u00f3w w Europie","publisher":{"@id":"https:\/\/megapets.eu\/da\/#organization"},"alternateName":"Mega Pets","potentialAction":[{"@type":"SearchAction","target":{"@type":"EntryPoint","urlTemplate":"https:\/\/megapets.eu\/da\/?s={search_term_string}"},"query-input":{"@type":"PropertyValueSpecification","valueRequired":true,"valueName":"search_term_string"}}],"inLanguage":"da-DK"},{"@type":"Organization","@id":"https:\/\/megapets.eu\/da\/#organization","name":"Mega Pets","url":"https:\/\/megapets.eu\/da\/","logo":{"@type":"ImageObject","inLanguage":"da-DK","@id":"https:\/\/megapets.eu\/da\/#\/schema\/logo\/image\/","url":"https:\/\/megapets.eu\/wp-content\/uploads\/2025\/04\/megapets_eu-logo.png","contentUrl":"https:\/\/megapets.eu\/wp-content\/uploads\/2025\/04\/megapets_eu-logo.png","width":2362,"height":2362,"caption":"Mega Pets"},"image":{"@id":"https:\/\/megapets.eu\/da\/#\/schema\/logo\/image\/"},"sameAs":["https:\/\/www.facebook.com\/MegaPets.eu\/"]}]}},"_links":{"self":[{"href":"https:\/\/megapets.eu\/da\/wp-json\/wp\/v2\/product\/9575","targetHints":{"allow":["GET"]}}],"collection":[{"href":"https:\/\/megapets.eu\/da\/wp-json\/wp\/v2\/product"}],"about":[{"href":"https:\/\/megapets.eu\/da\/wp-json\/wp\/v2\/types\/product"}],"wp:featuredmedia":[{"embeddable":true,"href":"https:\/\/megapets.eu\/da\/wp-json\/wp\/v2\/media\/9588"}],"wp:attachment":[{"href":"https:\/\/megapets.eu\/da\/wp-json\/wp\/v2\/media?parent=9575"}],"wp:term":[{"taxonomy":"product_cat","embeddable":true,"href":"https:\/\/megapets.eu\/da\/wp-json\/wp\/v2\/product_cat?post=9575"},{"taxonomy":"product_tag","embeddable":true,"href":"https:\/\/megapets.eu\/da\/wp-json\/wp\/v2\/product_tag?post=9575"}],"curies":[{"name":"wp","href":"https:\/\/api.w.org\/{rel}","templated":true}]}}