{"id":3921,"date":"2023-02-10T14:50:00","date_gmt":"2023-02-10T14:50:00","guid":{"rendered":"https:\/\/megapets.eu\/datenschutzrichtlinie\/"},"modified":"2025-06-03T12:47:02","modified_gmt":"2025-06-03T12:47:02","slug":"datenschutzrichtlinie","status":"publish","type":"page","link":"https:\/\/megapets.eu\/de\/datenschutzrichtlinie\/","title":{"rendered":"Datenschutzrichtlinie"},"content":{"rendered":"<p><b>\u00a71 GRUNDS\u00c4TZE DER VERARBEITUNG PERSONENBEZOGENER DATEN<\/b><\/p>\n<ol>\n<li>Der Verantwortliche f\u00fcr Ihre personenbezogenen Daten, die auf dieser Website \u00fcbermittelt werden, ist <b>MegaPets Serhii Bondariuk<\/b><span class=\"Apple-converted-space\"> <\/span><b> <\/b>mit Sitz in: Woiwodschaft Ma\u0142opolskie, Kreis Krak\u00f3w, Gemeinde Skawina, Ort Skawina, Lipowa-Stra\u00dfe, Nr. 5a, Wohnung 2, 32-050, NIP 9442289433, Tel.       796965220.<\/li>\n<li>Gem\u00e4\u00df Artikel 13 Absatz 1 und 2 der Datenschutz-Grundverordnung vom 27. April 2016 finden Sie nachstehend die erforderlichen Informationen bez\u00fcglich der Verarbeitung personenbezogener Daten durch den Verantwortlichen.    <span class=\"Apple-converted-space\"> <\/span><\/li>\n<li>Personenbezogene Daten, die auf dieser Website verarbeitet werden, k\u00f6nnen f\u00fcr folgende Zwecke verwendet werden:<\/li>\n<li>Abschluss und Erf\u00fcllung des von Ihnen mit dem Verantwortlichen f\u00fcr personenbezogene Daten geschlossenen Dienstleistungsvertrags (Rechtsgrundlage nach Artikel 6 Absatz 1 Buchstabe b DSGVO),<\/li>\n<li>Abschluss und Erf\u00fcllung des von Ihnen mit dem Verantwortlichen f\u00fcr personenbezogene Daten geschlossenen Kaufvertrags (Rechtsgrundlage nach Artikel 6 Absatz 1 Buchstabe b DSGVO),<\/li>\n<li>eventuelle Feststellung, Verfolgung oder Verteidigung gegen Anspr\u00fcche, was unser berechtigtes Interesse darstellt (Rechtsgrundlage nach Artikel 6 Absatz 1 Buchstabe f DSGVO),<\/li>\n<li>direktes Anbieten unserer Produkte und Dienstleistungen an Sie, was unser berechtigtes Interesse darstellt (Rechtsgrundlage nach Artikel 6 Absatz 1 Buchstabe f DSGVO),<\/li>\n<li>direktes Anbieten von Produkten und Dienstleistungen von mit uns kooperierenden Unternehmen, was unser und unserer Partner berechtigtes Interesse darstellt (Rechtsgrundlage nach Artikel 6 Absatz 1 Buchstabe f DSGVO),<\/li>\n<li>Versendung von Handelsinformationen \u00fcber Produkte und Dienstleistungen des Verantwortlichen f\u00fcr personenbezogene Daten auf Grundlage Ihrer Einwilligung (Rechtsgrundlage Artikel 6 Absatz 1 Buchstabe a DSGVO);<\/li>\n<li>Erf\u00fcllung unserer rechtlichen Verpflichtung, z.B. im Zusammenhang mit der Buchhaltung (Artikel 6 Absatz 1 Buchstabe c DSGVO)<span class=\"Apple-converted-space\"> <\/span><\/li>\n<li>Wir werden Kategorien Ihrer personenbezogenen Daten verarbeiten, wie z.B. grundlegende Identifikationsdaten, Wohnsitzdaten, Daten im Zusammenhang mit Ihrer Gesch\u00e4ftst\u00e4tigkeit und Daten bez\u00fcglich der Kontaktm\u00f6glichkeit mit Ihnen.<span class=\"Apple-converted-space\"> <\/span><\/li>\n<li>Wir k\u00f6nnen Ihre personenbezogenen Daten an folgende Kategorien von Einrichtungen weitergeben:<span class=\"Apple-converted-space\"> <\/span><\/li>\n<\/ol>\n<ul>\n<li>Subunternehmer, d.h. Einrichtungen, die wir bei deren Verarbeitung nutzen;<\/li>\n<li>Gesch\u00e4ftspartner, deren Angebot unser Angebot erg\u00e4nzt;<span class=\"Apple-converted-space\"> <\/span><\/li>\n<\/ul>\n<ol start=\"13\">\n<li>Wir \u00fcbertragen Ihre Daten nicht au\u00dferhalb des EU\/EWR-Gebiets.<span class=\"Apple-converted-space\"> <\/span><\/li>\n<li>Ihre personenbezogenen Daten werden vom Zeitpunkt ihrer Erlangung durch den Verantwortlichen f\u00fcr personenbezogene Daten bis zum Ende der Erbringung von Dienstleistungen f\u00fcr Sie verarbeitet und gespeichert, sowie nach Ablauf dieser Frist zu folgenden Zwecken:<span class=\"Apple-converted-space\"> <\/span><\/li>\n<\/ol>\n<ul>\n<li>Verfolgung von Anspr\u00fcchen im Zusammenhang mit der Vertragserf\u00fcllung;<span class=\"Apple-converted-space\"> <\/span><\/li>\n<li>Erf\u00fcllung von Verpflichtungen aus Rechtsvorschriften, insbesondere steuer- und buchhalterischen Vorschriften;<span class=\"Apple-converted-space\"> <\/span><\/li>\n<li>Marketing-Zwecke bis Sie Widerspruch gegen deren Verarbeitung zu diesem Zweck einlegen, die Einwilligung widerrufen oder wir selbst feststellen, dass sie veraltet sind.<span class=\"Apple-converted-space\"> <\/span><\/li>\n<\/ul>\n<ol start=\"15\">\n<li>Die Angabe von Daten ist freiwillig, aber deren Nichtangabe bedeutet die Unm\u00f6glichkeit der Erbringung von Dienstleistungen f\u00fcr Sie, die Unm\u00f6glichkeit der Beantwortung von Fragen, die Unm\u00f6glichkeit der Kontaktaufnahme, die Unm\u00f6glichkeit des Abschlusses eines Kaufvertrags sowie die Unm\u00f6glichkeit des Erhalts von Marketing-Informationen.<\/li>\n<li>Der Verantwortliche f\u00fcr personenbezogene Daten gew\u00e4hrleistet, dass Daten gem\u00e4\u00df den Datenschutzgesetzen gesammelt, verarbeitet und verwendet werden, die f\u00fcr das Land gelten, in dem die Daten gesammelt werden.<span class=\"Apple-converted-space\"> <\/span><\/li>\n<li>Der Verantwortliche kann im Internet-Service Profiling f\u00fcr Direktmarketing-Zwecke verwenden, aber Entscheidungen, die auf dieser Grundlage vom Verantwortlichen getroffen werden, betreffen nicht den Abschluss oder die Verweigerung des Abschlusses eines Dienstleistungsvertrags oder die M\u00f6glichkeit der Nutzung elektronischer Dienstleistungen im Internet-Service. Das Ergebnis der Verwendung von Profiling im Internet-Service kann beispielsweise die Gew\u00e4hrung eines Rabatts an eine bestimmte Person, das Senden eines Rabattcodes, die Erinnerung an unvollendete K\u00e4ufe, das Senden eines Dienstleistungsvorschlags, der den Interessen oder Pr\u00e4ferenzen einer bestimmten Person entsprechen k\u00f6nnte, oder das Anbieten besserer Bedingungen im Vergleich zum Standardangebot des Internet-Service sein. Trotz Profiling entscheidet die betreffende Person frei, ob sie den auf diese Weise erhaltenen Rabatt oder bessere Bedingungen nutzen und einen Kauf im Internet-Service t\u00e4tigen m\u00f6chte.  <\/li>\n<li>Profiling im Internet-Service besteht aus automatischer Analyse oder Vorhersage des Verhaltens einer bestimmten Person auf der Website des Internet-Service, z.B. durch Hinzuf\u00fcgen einer bestimmten Dienstleistung zum Warenkorb, Durchsuchen der Seite einer bestimmten Dienstleistung im Internet-Service oder durch Analyse der bisherigen Geschichte der im Internet-Service get\u00e4tigten K\u00e4ufe. Voraussetzung f\u00fcr ein solches Profiling ist, dass der Verantwortliche personenbezogene Daten der betreffenden Person besitzt, um ihr anschlie\u00dfend beispielsweise einen Rabattcode senden zu k\u00f6nnen. <\/li>\n<\/ol>\n<p><b>\u00a72 RECHTE IM ZUSAMMENHANG MIT DER VERARBEITUNG PERSONENBEZOGENER DATEN<\/b><\/p>\n<p><b>DURCH DEN VERANTWORTLICHEN<span class=\"Apple-converted-space\"> <\/span><\/b><\/p>\n<p><b>WICHTIG! <\/b>Es ist wichtig zu beachten, dass Sie das Recht haben, eine Beschwerde bei der UODO einzureichen, wenn Sie der Ansicht sind, dass die Verarbeitung personenbezogener Daten gegen die Bestimmungen der Datenschutz-Grundverordnung vom 27. April 2016 verst\u00f6\u00dft.<\/p>\n<p>Im Zusammenhang mit der Verarbeitung personenbezogener Daten durch den Verantwortlichen haben Sie das Recht auf:<\/p>\n<ol>\n<li>Zugang zu Ihren personenbezogenen Daten und Erhalt einer Kopie davon;<span class=\"Apple-converted-space\"> <\/span><\/li>\n<li>Berichtigung (Korrektur Ihrer Daten);<\/li>\n<li>L\u00f6schung der Daten<span class=\"Apple-converted-space\"> <\/span><\/li>\n<\/ol>\n<p><b>WICHTIG! <\/b>Wenn Sie der Ansicht sind, dass es keine Grundlage daf\u00fcr gibt, dass wir Ihre Daten verarbeiten, k\u00f6nnen Sie verlangen, dass wir sie l\u00f6schen.<span class=\"Apple-converted-space\"> <\/span><\/p>\n<ol start=\"4\">\n<li>Einschr\u00e4nkung der Verarbeitung personenbezogener Daten;<\/li>\n<\/ol>\n<p><b>WICHTIG! <\/b>Sie k\u00f6nnen verlangen, dass wir die Verarbeitung Ihrer personenbezogenen Daten nur auf deren Speicherung oder Durchf\u00fchrung mit Ihnen vereinbarter Handlungen beschr\u00e4nken, wenn Sie der Ansicht sind, dass wir falsche Daten \u00fcber Sie haben oder diese grundlos verarbeiten; oder Sie m\u00f6chten nicht, dass wir sie l\u00f6schen, weil Sie sie zur Feststellung, Verfolgung oder Verteidigung von Anspr\u00fcchen ben\u00f6tigen; oder f\u00fcr die Zeit Ihres Widerspruchs gegen die Datenverarbeitung.<span class=\"Apple-converted-space\"> <\/span><\/p>\n<ol start=\"5\">\n<li>Widerspruch gegen die Verarbeitung personenbezogener Daten;<span class=\"Apple-converted-space\"> <\/span><\/li>\n<li>Daten\u00fcbertragbarkeit;<span class=\"Apple-converted-space\"> <\/span><\/li>\n<\/ol>\n<p><b>WICHTIG! <\/b>Sie haben das Recht, von uns in einem strukturierten, allgemein verwendeten, maschinenlesbaren Format zu erhalten. Sie k\u00f6nnen uns auch beauftragen, diese Daten direkt an eine andere Stelle zu senden. <span class=\"Apple-converted-space\"> <\/span><\/p>\n<ol start=\"7\">\n<li>das Recht, eine Beschwerde bei der Aufsichtsbeh\u00f6rde einzureichen;<span class=\"Apple-converted-space\"> <\/span><\/li>\n<li>das Recht, die Einwilligung zur Verarbeitung personenbezogener Daten zu widerrufen<\/li>\n<\/ol>\n<p><b>WICHTIG! Um eines der oben genannten Rechte auszu\u00fcben, senden Sie bitte eine entsprechende E-Mail an die Adresse des Administrators f\u00fcr personenbezogene Daten. Ihr Antrag wird umgehend gepr\u00fcft. <\/b><\/p>\n<p><b>\u00a73 UMFANG DER DATENVERARBEITUNG<\/b><\/p>\n<ol>\n<li>Bei der Nutzung des Internet-Service<b> <\/b>werden einige Daten automatisch auf den Servern des Service-Eigent\u00fcmers f\u00fcr Systemverwaltungszwecke oder f\u00fcr statistische Zwecke oder zur Erstellung von Sicherungskopien gespeichert. Die oben genannten Daten umfassen: <span class=\"Apple-converted-space\"> <\/span><\/li>\n<\/ol>\n<ul>\n<li>den Namen Ihres Internet-Zugangsproviders;<span class=\"Apple-converted-space\"> <\/span><\/li>\n<li>IP-Adresse;<span class=\"Apple-converted-space\"> <\/span><\/li>\n<li>Browser-Software-Version;<span class=\"Apple-converted-space\"> <\/span><\/li>\n<li>Computer-Betriebssystem; <span class=\"Apple-converted-space\"> <\/span><\/li>\n<li>Systemprotokolle;<span class=\"Apple-converted-space\"> <\/span><\/li>\n<\/ul>\n<ol start=\"2\">\n<li>Der Verantwortliche f\u00fcr personenbezogene Daten verarbeitet personenbezogene Daten des Benutzers wie:<span class=\"Apple-converted-space\"> <\/span><\/li>\n<\/ol>\n<ul>\n<li>Vor- und Nachname oder Firmenname;<span class=\"Apple-converted-space\"> <\/span><\/li>\n<li>Adresse;<\/li>\n<li>E-Mail-Adresse;<\/li>\n<li>Kontakt-Telefonnummer;<\/li>\n<li>NIP-Nummer;<span class=\"Apple-converted-space\"> <\/span><\/li>\n<\/ul>\n<p><b>\u00a74 COOKIES<span class=\"Apple-converted-space\"> <\/span><\/b><\/p>\n<ol>\n<li>Der Internet-Service verwendet Cookies.<\/li>\n<li>Cookies sind IT-Daten, insbesondere Textdateien, die im Endger\u00e4t des Internet-Service-Benutzers gespeichert werden<b> <\/b>und f\u00fcr die Nutzung der Internet-Service-Websites bestimmt sind. Cookies enthalten normalerweise den Namen der Website, von der sie stammen, die Zeit ihrer Speicherung auf dem Endger\u00e4t und eine eindeutige Nummer. <\/li>\n<li>Die Stelle, die Cookie-Dateien auf dem Endger\u00e4t des Internet-Service-Benutzers platziert und Zugang zu ihnen erh\u00e4lt, ist der<b> <\/b>Internet-Service-Eigent\u00fcmer.<\/li>\n<li>Cookies werden f\u00fcr folgende Zwecke verwendet:\n<ol>\n<li>Erstellen von Statistiken, die helfen zu verstehen, wie Internet-Service-Benutzer Websites nutzen, was die<b> <\/b>Verbesserung ihrer Struktur und ihres Inhalts erm\u00f6glicht,<\/li>\n<li>Aufrechterhaltung der Sitzung des Internet-Service-Benutzers<b> <\/b>(nach der Anmeldung), dank derer der Benutzer nicht auf jeder Unterseite des Internet-Service erneut<b> <\/b>Benutzername und Passwort eingeben muss,<\/li>\n<li>Bestimmung des Benutzerprofils zur Anzeige angepasster Materialien in Werbenetzwerken, insbesondere im Google-Netzwerk.<\/li>\n<\/ol>\n<\/li>\n<li>Innerhalb des Internet-Service<b> <\/b>werden zwei grundlegende Arten von Cookies verwendet: &#8222;Sitzungs&#8220;-Cookies (Session Cookies) und &#8222;dauerhafte&#8220; Cookies (Persistent Cookies). &#8222;Sitzungs&#8220;-Cookies sind tempor\u00e4re Dateien, die im Endger\u00e4t des Benutzers bis zum Abmelden, Verlassen der Website oder Ausschalten der Software (Webbrowser) gespeichert werden. &#8222;Dauerhafte&#8220; Cookies werden im Endger\u00e4t des Benutzers f\u00fcr die in den Cookie-Parametern angegebene Zeit oder bis zu ihrer L\u00f6schung durch den Benutzer gespeichert.  <\/li>\n<li>Web-Browsing-Software (Webbrowser) erlaubt normalerweise standardm\u00e4\u00dfig die Speicherung von Cookies im Endger\u00e4t des Benutzers. Internet-Service-Benutzer <b> <\/b>k\u00f6nnen Einstellungen in dieser Hinsicht \u00e4ndern. Der Webbrowser erm\u00f6glicht das L\u00f6schen von Cookies. Es ist auch m\u00f6glich, Cookies automatisch zu blockieren. Detaillierte Informationen zu diesem Thema sind in der Hilfe oder Dokumentation des Webbrowsers enthalten   <\/li>\n<li>Einschr\u00e4nkungen bei der Verwendung von Cookies k\u00f6nnen einige Funktionalit\u00e4ten beeintr\u00e4chtigen, die auf den Internet-Service-Websites verf\u00fcgbar sind.<\/li>\n<li>Cookies, die im Endger\u00e4t des Internet-Service-Benutzers<b> <\/b>platziert und verwendet werden, k\u00f6nnen auch von Werbetreibenden und Partnern verwendet werden, die mit dem Internet-Service-Eigent\u00fcmer<b> <\/b>zusammenarbeiten.<\/li>\n<li>Wir empfehlen, die Datenschutzrichtlinien dieser Unternehmen zu lesen, um die Grunds\u00e4tze der Verwendung von Cookies in Statistiken zu erfahren: Google Analytics-Datenschutzrichtlinie.<\/li>\n<li>Cookies k\u00f6nnen von Werbenetzwerken, insbesondere dem Google-Netzwerk, verwendet werden, um Werbung anzuzeigen, die an die Art und Weise angepasst ist, wie der Benutzer den Internet-Service nutzt. Zu diesem Zweck k\u00f6nnen sie Informationen \u00fcber den Navigationspfad des Benutzers oder die Zeit, die auf einer bestimmten Seite verbracht wird, speichern. <\/li>\n<li>Bez\u00fcglich Informationen \u00fcber Benutzerpr\u00e4ferenzen, die vom Google-Werbenetzwerk gesammelt werden, kann der Benutzer Informationen aus Cookies mit dem Tool anzeigen und bearbeiten: https:\/\/www.google.com\/ads\/preferences\/<\/li>\n<li>Verwaltung von Cookie-Dateien \u2013 wie erteilt und widerruft man in der Praxis die Zustimmung?\n<ol>\n<li>Wenn der Nutzer keine Cookie-Dateien erhalten m\u00f6chte, kann er die Browsereinstellungen \u00e4ndern. Wir behalten uns vor, dass die Deaktivierung der Verarbeitung von Cookie-Dateien, die f\u00fcr Authentifizierungsprozesse, Sicherheit und Aufrechterhaltung der Nutzerpr\u00e4ferenzen erforderlich sind, die Nutzung von Websites erschweren und in extremen F\u00e4llen unm\u00f6glich machen kann. <\/li>\n<li>Um die Cookie-Einstellungen zu verwalten, w\u00e4hlen Sie aus der unten stehenden Liste den Internetbrowser\/das System aus und befolgen Sie die Anweisungen:<\/li>\n<\/ol>\n<\/li>\n<\/ol>\n<ul>\n<li>Internet Explorer &#8211; https:\/\/support.microsoft.com\/de-de\/kb\/196955<\/li>\n<li>Chrome &#8211; https:\/\/support.google.com\/chrome\/answer\/95647?hl=de<\/li>\n<li>Safari &#8211; https:\/\/support.apple.com\/kb\/PH5042?locale=de_DE<\/li>\n<li>Firefox &#8211; https:\/\/support.mozilla.org\/de\/kb\/cookies-erlauben-und-ablehnen<\/li>\n<li>Opera &#8211; http:\/\/help.opera.com\/Windows\/12.10\/de\/cookies.html<\/li>\n<\/ul>\n<ol start=\"13\">\n<li>Jeder Nutzer hat das Recht, Meinungen, Anmerkungen und Fragen bez\u00fcglich der Wahrung der Vertraulichkeit von Informationen sowie der Datenschutzrichtlinie an den Administrator der personenbezogenen Daten zu richten. Zu diesem Zweck sind diese an die E-Mail-Adresse zu richten: contact@megapets.eu <\/li>\n<\/ol>\n","protected":false},"excerpt":{"rendered":"<p>\u00a71 GRUNDS\u00c4TZE DER VERARBEITUNG PERSONENBEZOGENER DATEN Der Verantwortliche f\u00fcr Ihre personenbezogenen Daten, die auf dieser Website \u00fcbermittelt werden, ist MegaPets Serhii Bondariuk mit Sitz in: Woiwodschaft Ma\u0142opolskie, Kreis Krak\u00f3w, Gemeinde Skawina, Ort Skawina, Lipowa-Stra\u00dfe, Nr. 5a, Wohnung 2, 32-050, NIP 9442289433, Tel. 796965220. Gem\u00e4\u00df Artikel 13 Absatz 1 und 2 der Datenschutz-Grundverordnung vom 27. April [&hellip;]<\/p>\n","protected":false},"author":4,"featured_media":0,"parent":0,"menu_order":0,"comment_status":"closed","ping_status":"closed","template":"","meta":{"_acf_changed":false,"footnotes":"","_links_to":"","_links_to_target":""},"class_list":["post-3921","page","type-page","status-publish","hentry"],"acf":[],"yoast_head":"<!-- This site is optimized with the Yoast SEO plugin v24.9 - https:\/\/yoast.com\/wordpress\/plugins\/seo\/ -->\n<title>Datenschutzrichtlinie | MegaPets<\/title>\n<meta name=\"robots\" content=\"index, follow, max-snippet:-1, max-image-preview:large, max-video-preview:-1\" \/>\n<link rel=\"canonical\" href=\"https:\/\/megapets.eu\/de\/datenschutzrichtlinie\/\" \/>\n<meta property=\"og:locale\" content=\"de_DE\" \/>\n<meta property=\"og:type\" content=\"article\" \/>\n<meta property=\"og:title\" content=\"Datenschutzrichtlinie | MegaPets\" \/>\n<meta property=\"og:description\" content=\"\u00a71 GRUNDS\u00c4TZE DER VERARBEITUNG PERSONENBEZOGENER DATEN Der Verantwortliche f\u00fcr Ihre personenbezogenen Daten, die auf dieser Website \u00fcbermittelt werden, ist MegaPets Serhii Bondariuk mit Sitz in: Woiwodschaft Ma\u0142opolskie, Kreis Krak\u00f3w, Gemeinde Skawina, Ort Skawina, Lipowa-Stra\u00dfe, Nr. 5a, Wohnung 2, 32-050, NIP 9442289433, Tel. 796965220. Gem\u00e4\u00df Artikel 13 Absatz 1 und 2 der Datenschutz-Grundverordnung vom 27. April [&hellip;]\" \/>\n<meta property=\"og:url\" content=\"https:\/\/megapets.eu\/de\/datenschutzrichtlinie\/\" \/>\n<meta property=\"og:site_name\" content=\"MegaPets\" \/>\n<meta property=\"article:publisher\" content=\"https:\/\/www.facebook.com\/MegaPets.eu\/\" \/>\n<meta property=\"article:modified_time\" content=\"2025-06-03T12:47:02+00:00\" \/>\n<meta property=\"og:image\" content=\"https:\/\/megapets.eu\/wp-content\/uploads\/2025\/04\/megapets_eu-info-scaled.png\" \/>\n\t<meta property=\"og:image:width\" content=\"2560\" \/>\n\t<meta property=\"og:image:height\" content=\"1735\" \/>\n\t<meta property=\"og:image:type\" content=\"image\/png\" \/>\n<meta name=\"twitter:card\" content=\"summary_large_image\" \/>\n<meta name=\"twitter:label1\" content=\"Gesch\u00e4tzte Lesezeit\" \/>\n\t<meta name=\"twitter:data1\" content=\"8\u00a0Minuten\" \/>\n<script type=\"application\/ld+json\" class=\"yoast-schema-graph\">{\"@context\":\"https:\/\/schema.org\",\"@graph\":[{\"@type\":\"WebPage\",\"@id\":\"https:\/\/megapets.eu\/de\/datenschutzrichtlinie\/\",\"url\":\"https:\/\/megapets.eu\/de\/datenschutzrichtlinie\/\",\"name\":\"Datenschutzrichtlinie | MegaPets\",\"isPartOf\":{\"@id\":\"https:\/\/megapets.eu\/de\/#website\"},\"datePublished\":\"2023-02-10T14:50:00+00:00\",\"dateModified\":\"2025-06-03T12:47:02+00:00\",\"breadcrumb\":{\"@id\":\"https:\/\/megapets.eu\/de\/datenschutzrichtlinie\/#breadcrumb\"},\"inLanguage\":\"de\",\"potentialAction\":[{\"@type\":\"ReadAction\",\"target\":[\"https:\/\/megapets.eu\/de\/datenschutzrichtlinie\/\"]}]},{\"@type\":\"BreadcrumbList\",\"@id\":\"https:\/\/megapets.eu\/de\/datenschutzrichtlinie\/#breadcrumb\",\"itemListElement\":[{\"@type\":\"ListItem\",\"position\":1,\"name\":\"Strona g\u0142\u00f3wna\",\"item\":\"https:\/\/megapets.eu\/de\/startseite\/\"},{\"@type\":\"ListItem\",\"position\":2,\"name\":\"Datenschutzrichtlinie\"}]},{\"@type\":\"WebSite\",\"@id\":\"https:\/\/megapets.eu\/de\/#website\",\"url\":\"https:\/\/megapets.eu\/de\/\",\"name\":\"Mega Pets\",\"description\":\"Jedna z najwi\u0119kszych hodowli \u015blimak\u00f3w w Europie\",\"publisher\":{\"@id\":\"https:\/\/megapets.eu\/de\/#organization\"},\"alternateName\":\"Mega Pets\",\"potentialAction\":[{\"@type\":\"SearchAction\",\"target\":{\"@type\":\"EntryPoint\",\"urlTemplate\":\"https:\/\/megapets.eu\/de\/?s={search_term_string}\"},\"query-input\":{\"@type\":\"PropertyValueSpecification\",\"valueRequired\":true,\"valueName\":\"search_term_string\"}}],\"inLanguage\":\"de\"},{\"@type\":\"Organization\",\"@id\":\"https:\/\/megapets.eu\/de\/#organization\",\"name\":\"Mega Pets\",\"url\":\"https:\/\/megapets.eu\/de\/\",\"logo\":{\"@type\":\"ImageObject\",\"inLanguage\":\"de\",\"@id\":\"https:\/\/megapets.eu\/de\/#\/schema\/logo\/image\/\",\"url\":\"https:\/\/megapets.eu\/wp-content\/uploads\/2025\/04\/megapets_eu-logo.png\",\"contentUrl\":\"https:\/\/megapets.eu\/wp-content\/uploads\/2025\/04\/megapets_eu-logo.png\",\"width\":2362,\"height\":2362,\"caption\":\"Mega Pets\"},\"image\":{\"@id\":\"https:\/\/megapets.eu\/de\/#\/schema\/logo\/image\/\"},\"sameAs\":[\"https:\/\/www.facebook.com\/MegaPets.eu\/\"]}]}<\/script>\n<!-- \/ Yoast SEO plugin. -->","yoast_head_json":{"title":"Datenschutzrichtlinie | MegaPets","robots":{"index":"index","follow":"follow","max-snippet":"max-snippet:-1","max-image-preview":"max-image-preview:large","max-video-preview":"max-video-preview:-1"},"canonical":"https:\/\/megapets.eu\/de\/datenschutzrichtlinie\/","og_locale":"de_DE","og_type":"article","og_title":"Datenschutzrichtlinie | MegaPets","og_description":"\u00a71 GRUNDS\u00c4TZE DER VERARBEITUNG PERSONENBEZOGENER DATEN Der Verantwortliche f\u00fcr Ihre personenbezogenen Daten, die auf dieser Website \u00fcbermittelt werden, ist MegaPets Serhii Bondariuk mit Sitz in: Woiwodschaft Ma\u0142opolskie, Kreis Krak\u00f3w, Gemeinde Skawina, Ort Skawina, Lipowa-Stra\u00dfe, Nr. 5a, Wohnung 2, 32-050, NIP 9442289433, Tel. 796965220. Gem\u00e4\u00df Artikel 13 Absatz 1 und 2 der Datenschutz-Grundverordnung vom 27. April [&hellip;]","og_url":"https:\/\/megapets.eu\/de\/datenschutzrichtlinie\/","og_site_name":"MegaPets","article_publisher":"https:\/\/www.facebook.com\/MegaPets.eu\/","article_modified_time":"2025-06-03T12:47:02+00:00","og_image":[{"width":2560,"height":1735,"url":"https:\/\/megapets.eu\/wp-content\/uploads\/2025\/04\/megapets_eu-info-scaled.png","type":"image\/png"}],"twitter_card":"summary_large_image","twitter_misc":{"Gesch\u00e4tzte Lesezeit":"8\u00a0Minuten"},"schema":{"@context":"https:\/\/schema.org","@graph":[{"@type":"WebPage","@id":"https:\/\/megapets.eu\/de\/datenschutzrichtlinie\/","url":"https:\/\/megapets.eu\/de\/datenschutzrichtlinie\/","name":"Datenschutzrichtlinie | MegaPets","isPartOf":{"@id":"https:\/\/megapets.eu\/de\/#website"},"datePublished":"2023-02-10T14:50:00+00:00","dateModified":"2025-06-03T12:47:02+00:00","breadcrumb":{"@id":"https:\/\/megapets.eu\/de\/datenschutzrichtlinie\/#breadcrumb"},"inLanguage":"de","potentialAction":[{"@type":"ReadAction","target":["https:\/\/megapets.eu\/de\/datenschutzrichtlinie\/"]}]},{"@type":"BreadcrumbList","@id":"https:\/\/megapets.eu\/de\/datenschutzrichtlinie\/#breadcrumb","itemListElement":[{"@type":"ListItem","position":1,"name":"Strona g\u0142\u00f3wna","item":"https:\/\/megapets.eu\/de\/startseite\/"},{"@type":"ListItem","position":2,"name":"Datenschutzrichtlinie"}]},{"@type":"WebSite","@id":"https:\/\/megapets.eu\/de\/#website","url":"https:\/\/megapets.eu\/de\/","name":"Mega Pets","description":"Jedna z najwi\u0119kszych hodowli \u015blimak\u00f3w w Europie","publisher":{"@id":"https:\/\/megapets.eu\/de\/#organization"},"alternateName":"Mega Pets","potentialAction":[{"@type":"SearchAction","target":{"@type":"EntryPoint","urlTemplate":"https:\/\/megapets.eu\/de\/?s={search_term_string}"},"query-input":{"@type":"PropertyValueSpecification","valueRequired":true,"valueName":"search_term_string"}}],"inLanguage":"de"},{"@type":"Organization","@id":"https:\/\/megapets.eu\/de\/#organization","name":"Mega Pets","url":"https:\/\/megapets.eu\/de\/","logo":{"@type":"ImageObject","inLanguage":"de","@id":"https:\/\/megapets.eu\/de\/#\/schema\/logo\/image\/","url":"https:\/\/megapets.eu\/wp-content\/uploads\/2025\/04\/megapets_eu-logo.png","contentUrl":"https:\/\/megapets.eu\/wp-content\/uploads\/2025\/04\/megapets_eu-logo.png","width":2362,"height":2362,"caption":"Mega Pets"},"image":{"@id":"https:\/\/megapets.eu\/de\/#\/schema\/logo\/image\/"},"sameAs":["https:\/\/www.facebook.com\/MegaPets.eu\/"]}]}},"_links":{"self":[{"href":"https:\/\/megapets.eu\/de\/wp-json\/wp\/v2\/pages\/3921","targetHints":{"allow":["GET"]}}],"collection":[{"href":"https:\/\/megapets.eu\/de\/wp-json\/wp\/v2\/pages"}],"about":[{"href":"https:\/\/megapets.eu\/de\/wp-json\/wp\/v2\/types\/page"}],"author":[{"embeddable":true,"href":"https:\/\/megapets.eu\/de\/wp-json\/wp\/v2\/users\/4"}],"replies":[{"embeddable":true,"href":"https:\/\/megapets.eu\/de\/wp-json\/wp\/v2\/comments?post=3921"}],"version-history":[{"count":1,"href":"https:\/\/megapets.eu\/de\/wp-json\/wp\/v2\/pages\/3921\/revisions"}],"predecessor-version":[{"id":4066,"href":"https:\/\/megapets.eu\/de\/wp-json\/wp\/v2\/pages\/3921\/revisions\/4066"}],"wp:attachment":[{"href":"https:\/\/megapets.eu\/de\/wp-json\/wp\/v2\/media?parent=3921"}],"curies":[{"name":"wp","href":"https:\/\/api.w.org\/{rel}","templated":true}]}}