{"id":11388,"date":"2025-11-07T04:36:20","date_gmt":"2025-11-07T04:36:20","guid":{"rendered":"https:\/\/megapets.eu\/?post_type=product&#038;p=11388"},"modified":"2025-11-07T04:42:51","modified_gmt":"2025-11-07T04:42:51","slug":"kokossubstrat-15-lkokosnusstorf-fur-schnecken-kopia","status":"publish","type":"product","link":"https:\/\/megapets.eu\/de\/zubehoer\/kokossubstrat-15-lkokosnusstorf-fur-schnecken-kopia\/","title":{"rendered":"Kokossubstrat 1,5 L<br>Kokosnusstorf f\u00fcr Schnecken (Kopia)"},"content":{"rendered":"<p><strong><span style=\"color: #e87020; font-size: 15px;\"><em>Kokossubstrat 1,5 L \/ Kokosnusstorf f\u00fcr Schnecken<\/em><\/span><\/strong><\/p>\n<p><strong><span style=\"color: #e87020; font-size: 15px;\"><em>Eine Packung enth\u00e4lt 1,5 L.<\/em><\/span><\/strong><\/p>\n<p><strong><span style=\"color: #e87020; font-size: 15px;\"><em>Zusammensetzung: 100% nat\u00fcrlicher Kokosnusstorf.<\/em><\/span><\/strong><\/p>\n<p><strong><span style=\"color: #e87020; font-size: 15px;\"><em>Der Preis gilt f\u00fcr 1 Packung.<\/em><\/span><\/strong><\/p>\n<p>&nbsp;<\/p>\n<p><em><span style=\"color: #424242;\"><strong><span style=\"font-size: 15px;\">Kokossubstrat ist ein nat\u00fcrliches Substrat aus zerkleinerten Kokosnussfasern. Das am meisten empfohlene Substrat f\u00fcr die Zucht exotischer Schnecken. Wird auch in Terrarien mit Spinnen, exotischen Schaben, Amphibien, Reptilien usw. verwendet.    <\/span><\/strong><\/span><\/em><\/p>\n<p>&nbsp;<\/p>\n<p><em><span style=\"color: #424242;\"><strong><span style=\"font-size: 15px;\">Wie Sie Kokossubstrat f\u00fcr die Schneckenzucht verwenden k\u00f6nnen:  <\/span><\/strong><\/span><\/em><\/p>\n<p><em><span style=\"color: #424242;\"><strong><span style=\"font-size: 15px;\">1) Verteilen Sie die Substrate etwa 2 cm dick im Terrarium und bespr\u00fchen Sie sie dann mit Quellwasser.  <\/span><\/strong><\/span><\/em><\/p>\n<p><em><span style=\"color: #424242;\"><strong><span style=\"font-size: 15px;\">2) Verwenden Sie ein Papiertuch aus 100% Zellulose (unparf\u00fcmiert, ungef\u00e4rbt) im Aquarium als Unterlage und bedecken Sie das Handtuch im Aquarium dann teilweise mit einer kleinen Menge Kokossubstrat. Bespr\u00fchen Sie das Ganze leicht mit Quellwasser. Einer der Vorteile des Kokossubstrats in Kombination mit dem Papiertuch ist, dass Sie die richtige Luftfeuchtigkeit leichter kontrollieren und das Tier sauber halten k\u00f6nnen. Schnecken tolerieren diese Art der Einstreu und zeigen bessere Ergebnisse in Bezug auf Wachstum, Schalengesundheit und Sch\u00f6nheit. Die Einstreu sollte alle 3-4 Tage durch frische Einstreu ersetzt werden.    <\/span><\/strong><\/span><\/em><\/p>\n","protected":false},"excerpt":{"rendered":"<ul class=\"product_attributes\">\n<li><span style=\"color: #555555;\">Zutaten:<\/span> 100% nat\u00fcrlicher Kokosnuss-Torf<\/li>\n<li><span style=\"color: #555555;\">Das Paket enth\u00e4lt:<\/span> 1,5 L<\/li>\n<li><span style=\"color: #555555;\">Der Preis bezieht sich auf:<\/span> 1 Packung.<\/li>\n<\/ul>\n","protected":false},"featured_media":11852,"template":"","meta":{"_acf_changed":false,"_links_to":"","_links_to_target":""},"product_cat":[71],"product_tag":[89,90,102],"class_list":{"0":"post-11388","1":"product","2":"type-product","3":"status-publish","4":"has-post-thumbnail","6":"product_cat-zubehoer","7":"product_tag-fur-isopoden","8":"product_tag-fur-kakerlaken","9":"product_tag-fur-schnecken","11":"first","12":"instock","13":"shipping-taxable","14":"purchasable","15":"product-type-simple"},"acf":[],"yoast_head":"<!-- This site is optimized with the Yoast SEO plugin v24.9 - https:\/\/yoast.com\/wordpress\/plugins\/seo\/ -->\n<title>Kokossubstrat 1,5 LKokosnusstorf f\u00fcr Schnecken (Kopia) | MegaPets<\/title>\n<meta name=\"robots\" content=\"index, follow, max-snippet:-1, max-image-preview:large, max-video-preview:-1\" \/>\n<link rel=\"canonical\" href=\"https:\/\/megapets.eu\/de\/zubehoer\/kokossubstrat-15-lkokosnusstorf-fur-schnecken-kopia\/\" \/>\n<meta property=\"og:locale\" content=\"de_DE\" \/>\n<meta property=\"og:type\" content=\"article\" \/>\n<meta property=\"og:title\" content=\"Kokossubstrat 1,5 LKokosnusstorf f\u00fcr Schnecken (Kopia) | MegaPets\" \/>\n<meta property=\"og:description\" content=\"Zutaten: 100% nat\u00fcrlicher Kokosnuss-Torf  Das Paket enth\u00e4lt: 1,5 L  Der Preis bezieht sich auf: 1 Packung.\" \/>\n<meta property=\"og:url\" content=\"https:\/\/megapets.eu\/de\/zubehoer\/kokossubstrat-15-lkokosnusstorf-fur-schnecken-kopia\/\" \/>\n<meta property=\"og:site_name\" content=\"MegaPets\" \/>\n<meta property=\"article:publisher\" content=\"https:\/\/www.facebook.com\/MegaPets.eu\/\" \/>\n<meta property=\"article:modified_time\" content=\"2025-11-07T04:42:51+00:00\" \/>\n<meta property=\"og:image\" content=\"https:\/\/megapets.eu\/wp-content\/uploads\/2025\/11\/2-1024x1024.png\" \/>\n\t<meta property=\"og:image:width\" content=\"1024\" \/>\n\t<meta property=\"og:image:height\" content=\"1024\" \/>\n\t<meta property=\"og:image:type\" content=\"image\/png\" \/>\n<meta name=\"twitter:card\" content=\"summary_large_image\" \/>\n<meta name=\"twitter:label1\" content=\"Gesch\u00e4tzte Lesezeit\" \/>\n\t<meta name=\"twitter:data1\" content=\"1\u00a0Minute\" \/>\n<script type=\"application\/ld+json\" class=\"yoast-schema-graph\">{\"@context\":\"https:\/\/schema.org\",\"@graph\":[{\"@type\":\"WebPage\",\"@id\":\"https:\/\/megapets.eu\/de\/zubehoer\/kokossubstrat-15-lkokosnusstorf-fur-schnecken-kopia\/\",\"url\":\"https:\/\/megapets.eu\/de\/zubehoer\/kokossubstrat-15-lkokosnusstorf-fur-schnecken-kopia\/\",\"name\":\"Kokossubstrat 1,5 L Kokosnusstorf f\u00fcr Schnecken (Kopia) | MegaPets\",\"isPartOf\":{\"@id\":\"https:\/\/megapets.eu\/de\/#website\"},\"primaryImageOfPage\":{\"@id\":\"https:\/\/megapets.eu\/de\/zubehoer\/kokossubstrat-15-lkokosnusstorf-fur-schnecken-kopia\/#primaryimage\"},\"image\":{\"@id\":\"https:\/\/megapets.eu\/de\/zubehoer\/kokossubstrat-15-lkokosnusstorf-fur-schnecken-kopia\/#primaryimage\"},\"thumbnailUrl\":\"https:\/\/megapets.eu\/wp-content\/uploads\/2025\/11\/podloze-kokosowe-woocommerce-optimized-WEBP.webp\",\"datePublished\":\"2025-11-07T04:36:20+00:00\",\"dateModified\":\"2025-11-07T04:42:51+00:00\",\"breadcrumb\":{\"@id\":\"https:\/\/megapets.eu\/de\/zubehoer\/kokossubstrat-15-lkokosnusstorf-fur-schnecken-kopia\/#breadcrumb\"},\"inLanguage\":\"de\",\"potentialAction\":[{\"@type\":\"ReadAction\",\"target\":[\"https:\/\/megapets.eu\/de\/zubehoer\/kokossubstrat-15-lkokosnusstorf-fur-schnecken-kopia\/\"]}]},{\"@type\":\"ImageObject\",\"inLanguage\":\"de\",\"@id\":\"https:\/\/megapets.eu\/de\/zubehoer\/kokossubstrat-15-lkokosnusstorf-fur-schnecken-kopia\/#primaryimage\",\"url\":\"https:\/\/megapets.eu\/wp-content\/uploads\/2025\/11\/podloze-kokosowe-woocommerce-optimized-WEBP.webp\",\"contentUrl\":\"https:\/\/megapets.eu\/wp-content\/uploads\/2025\/11\/podloze-kokosowe-woocommerce-optimized-WEBP.webp\",\"width\":1041,\"height\":711,\"caption\":\"Pod\u0142o\u017ce kokosowe do terrarium dla \u015blimak\u00f3w\"},{\"@type\":\"BreadcrumbList\",\"@id\":\"https:\/\/megapets.eu\/de\/zubehoer\/kokossubstrat-15-lkokosnusstorf-fur-schnecken-kopia\/#breadcrumb\",\"itemListElement\":[{\"@type\":\"ListItem\",\"position\":1,\"name\":\"Strona g\u0142\u00f3wna\",\"item\":\"https:\/\/megapets.eu\/de\/startseite\/\"},{\"@type\":\"ListItem\",\"position\":2,\"name\":\"Shop\",\"item\":\"https:\/\/megapets.eu\/de\/shop\/\"},{\"@type\":\"ListItem\",\"position\":3,\"name\":\"Kokossubstrat 1,5 LKokosnusstorf f\u00fcr Schnecken (Kopia)\"}]},{\"@type\":\"WebSite\",\"@id\":\"https:\/\/megapets.eu\/de\/#website\",\"url\":\"https:\/\/megapets.eu\/de\/\",\"name\":\"Mega Pets\",\"description\":\"Jedna z najwi\u0119kszych hodowli \u015blimak\u00f3w w Europie\",\"publisher\":{\"@id\":\"https:\/\/megapets.eu\/de\/#organization\"},\"alternateName\":\"Mega Pets\",\"potentialAction\":[{\"@type\":\"SearchAction\",\"target\":{\"@type\":\"EntryPoint\",\"urlTemplate\":\"https:\/\/megapets.eu\/de\/?s={search_term_string}\"},\"query-input\":{\"@type\":\"PropertyValueSpecification\",\"valueRequired\":true,\"valueName\":\"search_term_string\"}}],\"inLanguage\":\"de\"},{\"@type\":\"Organization\",\"@id\":\"https:\/\/megapets.eu\/de\/#organization\",\"name\":\"Mega Pets\",\"url\":\"https:\/\/megapets.eu\/de\/\",\"logo\":{\"@type\":\"ImageObject\",\"inLanguage\":\"de\",\"@id\":\"https:\/\/megapets.eu\/de\/#\/schema\/logo\/image\/\",\"url\":\"https:\/\/megapets.eu\/wp-content\/uploads\/2025\/04\/megapets_eu-logo.png\",\"contentUrl\":\"https:\/\/megapets.eu\/wp-content\/uploads\/2025\/04\/megapets_eu-logo.png\",\"width\":2362,\"height\":2362,\"caption\":\"Mega Pets\"},\"image\":{\"@id\":\"https:\/\/megapets.eu\/de\/#\/schema\/logo\/image\/\"},\"sameAs\":[\"https:\/\/www.facebook.com\/MegaPets.eu\/\"]}]}<\/script>\n<!-- \/ Yoast SEO plugin. -->","yoast_head_json":{"title":"Kokossubstrat 1,5 LKokosnusstorf f\u00fcr Schnecken (Kopia) | MegaPets","robots":{"index":"index","follow":"follow","max-snippet":"max-snippet:-1","max-image-preview":"max-image-preview:large","max-video-preview":"max-video-preview:-1"},"canonical":"https:\/\/megapets.eu\/de\/zubehoer\/kokossubstrat-15-lkokosnusstorf-fur-schnecken-kopia\/","og_locale":"de_DE","og_type":"article","og_title":"Kokossubstrat 1,5 LKokosnusstorf f\u00fcr Schnecken (Kopia) | MegaPets","og_description":"Zutaten: 100% nat\u00fcrlicher Kokosnuss-Torf  Das Paket enth\u00e4lt: 1,5 L  Der Preis bezieht sich auf: 1 Packung.","og_url":"https:\/\/megapets.eu\/de\/zubehoer\/kokossubstrat-15-lkokosnusstorf-fur-schnecken-kopia\/","og_site_name":"MegaPets","article_publisher":"https:\/\/www.facebook.com\/MegaPets.eu\/","article_modified_time":"2025-11-07T04:42:51+00:00","og_image":[{"width":1024,"height":1024,"url":"https:\/\/megapets.eu\/wp-content\/uploads\/2025\/11\/2-1024x1024.png","type":"image\/png"}],"twitter_card":"summary_large_image","twitter_misc":{"Gesch\u00e4tzte Lesezeit":"1\u00a0Minute"},"schema":{"@context":"https:\/\/schema.org","@graph":[{"@type":"WebPage","@id":"https:\/\/megapets.eu\/de\/zubehoer\/kokossubstrat-15-lkokosnusstorf-fur-schnecken-kopia\/","url":"https:\/\/megapets.eu\/de\/zubehoer\/kokossubstrat-15-lkokosnusstorf-fur-schnecken-kopia\/","name":"Kokossubstrat 1,5 L Kokosnusstorf f\u00fcr Schnecken (Kopia) | MegaPets","isPartOf":{"@id":"https:\/\/megapets.eu\/de\/#website"},"primaryImageOfPage":{"@id":"https:\/\/megapets.eu\/de\/zubehoer\/kokossubstrat-15-lkokosnusstorf-fur-schnecken-kopia\/#primaryimage"},"image":{"@id":"https:\/\/megapets.eu\/de\/zubehoer\/kokossubstrat-15-lkokosnusstorf-fur-schnecken-kopia\/#primaryimage"},"thumbnailUrl":"https:\/\/megapets.eu\/wp-content\/uploads\/2025\/11\/podloze-kokosowe-woocommerce-optimized-WEBP.webp","datePublished":"2025-11-07T04:36:20+00:00","dateModified":"2025-11-07T04:42:51+00:00","breadcrumb":{"@id":"https:\/\/megapets.eu\/de\/zubehoer\/kokossubstrat-15-lkokosnusstorf-fur-schnecken-kopia\/#breadcrumb"},"inLanguage":"de","potentialAction":[{"@type":"ReadAction","target":["https:\/\/megapets.eu\/de\/zubehoer\/kokossubstrat-15-lkokosnusstorf-fur-schnecken-kopia\/"]}]},{"@type":"ImageObject","inLanguage":"de","@id":"https:\/\/megapets.eu\/de\/zubehoer\/kokossubstrat-15-lkokosnusstorf-fur-schnecken-kopia\/#primaryimage","url":"https:\/\/megapets.eu\/wp-content\/uploads\/2025\/11\/podloze-kokosowe-woocommerce-optimized-WEBP.webp","contentUrl":"https:\/\/megapets.eu\/wp-content\/uploads\/2025\/11\/podloze-kokosowe-woocommerce-optimized-WEBP.webp","width":1041,"height":711,"caption":"Pod\u0142o\u017ce kokosowe do terrarium dla \u015blimak\u00f3w"},{"@type":"BreadcrumbList","@id":"https:\/\/megapets.eu\/de\/zubehoer\/kokossubstrat-15-lkokosnusstorf-fur-schnecken-kopia\/#breadcrumb","itemListElement":[{"@type":"ListItem","position":1,"name":"Strona g\u0142\u00f3wna","item":"https:\/\/megapets.eu\/de\/startseite\/"},{"@type":"ListItem","position":2,"name":"Shop","item":"https:\/\/megapets.eu\/de\/shop\/"},{"@type":"ListItem","position":3,"name":"Kokossubstrat 1,5 LKokosnusstorf f\u00fcr Schnecken (Kopia)"}]},{"@type":"WebSite","@id":"https:\/\/megapets.eu\/de\/#website","url":"https:\/\/megapets.eu\/de\/","name":"Mega Pets","description":"Jedna z najwi\u0119kszych hodowli \u015blimak\u00f3w w Europie","publisher":{"@id":"https:\/\/megapets.eu\/de\/#organization"},"alternateName":"Mega Pets","potentialAction":[{"@type":"SearchAction","target":{"@type":"EntryPoint","urlTemplate":"https:\/\/megapets.eu\/de\/?s={search_term_string}"},"query-input":{"@type":"PropertyValueSpecification","valueRequired":true,"valueName":"search_term_string"}}],"inLanguage":"de"},{"@type":"Organization","@id":"https:\/\/megapets.eu\/de\/#organization","name":"Mega Pets","url":"https:\/\/megapets.eu\/de\/","logo":{"@type":"ImageObject","inLanguage":"de","@id":"https:\/\/megapets.eu\/de\/#\/schema\/logo\/image\/","url":"https:\/\/megapets.eu\/wp-content\/uploads\/2025\/04\/megapets_eu-logo.png","contentUrl":"https:\/\/megapets.eu\/wp-content\/uploads\/2025\/04\/megapets_eu-logo.png","width":2362,"height":2362,"caption":"Mega Pets"},"image":{"@id":"https:\/\/megapets.eu\/de\/#\/schema\/logo\/image\/"},"sameAs":["https:\/\/www.facebook.com\/MegaPets.eu\/"]}]}},"_links":{"self":[{"href":"https:\/\/megapets.eu\/de\/wp-json\/wp\/v2\/product\/11388","targetHints":{"allow":["GET"]}}],"collection":[{"href":"https:\/\/megapets.eu\/de\/wp-json\/wp\/v2\/product"}],"about":[{"href":"https:\/\/megapets.eu\/de\/wp-json\/wp\/v2\/types\/product"}],"wp:featuredmedia":[{"embeddable":true,"href":"https:\/\/megapets.eu\/de\/wp-json\/wp\/v2\/media\/11852"}],"wp:attachment":[{"href":"https:\/\/megapets.eu\/de\/wp-json\/wp\/v2\/media?parent=11388"}],"wp:term":[{"taxonomy":"product_cat","embeddable":true,"href":"https:\/\/megapets.eu\/de\/wp-json\/wp\/v2\/product_cat?post=11388"},{"taxonomy":"product_tag","embeddable":true,"href":"https:\/\/megapets.eu\/de\/wp-json\/wp\/v2\/product_tag?post=11388"}],"curies":[{"name":"wp","href":"https:\/\/api.w.org\/{rel}","templated":true}]}}