{"id":12039,"date":"2025-11-11T13:09:05","date_gmt":"2025-11-11T13:09:05","guid":{"rendered":"https:\/\/megapets.eu\/?post_type=product&#038;p=12039"},"modified":"2025-11-11T13:18:44","modified_gmt":"2025-11-11T13:18:44","slug":"sepia-tintenfischknochenpremium-gross-xxxl-kopia","status":"publish","type":"product","link":"https:\/\/megapets.eu\/de\/zubehoer\/sepia-tintenfischknochenpremium-gross-xxxl-kopia\/","title":{"rendered":"Sepia &#8211; Tintenfischknochen<br \/>PREMIUM GROSS &#8222;XXXL&#8220; (Kopia)"},"content":{"rendered":"<p><strong><span style=\"color: #e87020; font-size: 15px;\"><em>Sepia &#8211; Tintenfischknochen <span style=\"color: #e87020;\">PREMIUM<\/span> DICK &#8222;XXXL&#8220;<\/em><\/span><\/strong><\/p>\n<p><strong><span style=\"color: #e87020; font-size: 15px;\"><em>L\u00e4nge des Knochens: ca. 25-30 cm. Breite: ca. 8-10 cm.<\/em><\/span><\/strong><\/p>\n<p><strong><span style=\"color: #e87020; font-size: 15px;\"><em>Zusammensetzung: 100% nat\u00fcrlicher Sepia-Knochen.<\/em><\/span><\/strong><\/p>\n<p><strong><span style=\"color: #e87020; font-size: 15px;\"><em>Preis gilt f\u00fcr 1 St\u00fcck.<\/em><\/span><\/strong><\/p>\n<p><em><span style=\"color: #424242;\"><strong><span style=\"font-size: 15px;\">Sepia &#8211; Tintenfischknochen ist eine nat\u00fcrliche Kalziumquelle f\u00fcr exotische Schnecken, Schildkr\u00f6ten und andere Terrarientiere.<\/span><\/strong><\/span><\/em><\/p>\n<p><em><span style=\"color: #424242;\"><strong><span style=\"font-size: 15px;\">Sepia wird den Tieren von der weichen Seite her gef\u00fcttert. Tintenfischknochen sollten durch frische ersetzt werden, nachdem das Tier den weichen Teil des Sepias abgekratzt hat oder bei den ersten Anzeichen von Verderb (Auftreten von Flecken, die auf feuchte Terrarienbedingungen zur\u00fcckzuf\u00fchren sind).<\/span><\/strong><\/span><\/em><\/p>\n<p><em><span style=\"color: #424242;\"><strong><span style=\"font-size: 15px;\">Du kannst die verabreichten Formen von Kalzium immer variieren und deinem Tier zus\u00e4tzlich &#8222;Calcium&#8220; anbieten &#8211; Calcium f\u00fcr Schnecken an.<\/span><\/strong><\/span><\/em><\/p>\n<p><em><span style=\"color: #424242;\"><strong><span style=\"font-size: 15px;\">Die von uns empfohlenen Erg\u00e4nzungsfuttermittel sind in der Lage, den Bedarf an wertvollen N\u00e4hrstoffen selbst der anspruchsvollsten Arten zu decken: &#8222;Protein &amp; Vitamin&#8220;, Exotische Kr\u00e4utermischung, Gemahlene Gammarus. Es wird empfohlen, die Erg\u00e4nzungsmittel abwechselnd zu verwenden, damit die Ern\u00e4hrung deines Tieres abwechslungsreich und vollst\u00e4ndig bleibt.<\/span><\/strong><\/span><\/em><\/p>\n","protected":false},"excerpt":{"rendered":"<ul class=\"product_attributes\">\n<li><span style=\"color: #555555;\">Zusammensetzung:<\/span> 100% nat\u00fcrlicher Tintenfischknochen<\/li>\n<li><span style=\"color: #555555;\">L\u00e4nge des Knochens:<\/span> ca. 25-30 cm<\/li>\n<li><span style=\"color: #555555;\">Der Preis gilt f\u00fcr:<\/span> 1 St\u00fcck<\/li>\n<\/ul>\n","protected":false},"featured_media":12032,"template":"","meta":{"_acf_changed":false,"_links_to":"","_links_to_target":""},"product_cat":[71],"product_tag":[88,89,90,102],"class_list":{"0":"post-12039","1":"product","2":"type-product","3":"status-publish","4":"has-post-thumbnail","6":"product_cat-zubehoer","7":"product_tag-fur-die-tauschungen","8":"product_tag-fur-isopoden","9":"product_tag-fur-kakerlaken","10":"product_tag-fur-schnecken","12":"first","13":"outofstock","14":"shipping-taxable","15":"purchasable","16":"product-type-simple"},"acf":[],"yoast_head":"<!-- This site is optimized with the Yoast SEO plugin v24.9 - https:\/\/yoast.com\/wordpress\/plugins\/seo\/ -->\n<title>Sepia - TintenfischknochenPREMIUM GROSS &quot;XXXL&quot; (Kopia) | MegaPets<\/title>\n<meta name=\"robots\" content=\"index, follow, max-snippet:-1, max-image-preview:large, max-video-preview:-1\" \/>\n<link rel=\"canonical\" href=\"https:\/\/megapets.eu\/de\/zubehoer\/sepia-tintenfischknochenpremium-gross-xxxl-kopia\/\" \/>\n<meta property=\"og:locale\" content=\"de_DE\" \/>\n<meta property=\"og:type\" content=\"article\" \/>\n<meta property=\"og:title\" content=\"Sepia - TintenfischknochenPREMIUM GROSS &quot;XXXL&quot; (Kopia) | MegaPets\" \/>\n<meta property=\"og:description\" content=\"Zusammensetzung: 100% nat\u00fcrlicher Tintenfischknochen  L\u00e4nge des Knochens: ca. 25-30 cm  Der Preis gilt f\u00fcr: 1 St\u00fcck\" \/>\n<meta property=\"og:url\" content=\"https:\/\/megapets.eu\/de\/zubehoer\/sepia-tintenfischknochenpremium-gross-xxxl-kopia\/\" \/>\n<meta property=\"og:site_name\" content=\"MegaPets\" \/>\n<meta property=\"article:publisher\" content=\"https:\/\/www.facebook.com\/MegaPets.eu\/\" \/>\n<meta property=\"article:modified_time\" content=\"2025-11-11T13:18:44+00:00\" \/>\n<meta property=\"og:image\" content=\"https:\/\/megapets.eu\/wp-content\/uploads\/2025\/04\/megapets_eu-info-scaled.png\" \/>\n\t<meta property=\"og:image:width\" content=\"2560\" \/>\n\t<meta property=\"og:image:height\" content=\"1735\" \/>\n\t<meta property=\"og:image:type\" content=\"image\/png\" \/>\n<meta name=\"twitter:card\" content=\"summary_large_image\" \/>\n<meta name=\"twitter:label1\" content=\"Gesch\u00e4tzte Lesezeit\" \/>\n\t<meta name=\"twitter:data1\" content=\"1\u00a0Minute\" \/>\n<script type=\"application\/ld+json\" class=\"yoast-schema-graph\">{\"@context\":\"https:\/\/schema.org\",\"@graph\":[{\"@type\":\"WebPage\",\"@id\":\"https:\/\/megapets.eu\/de\/zubehoer\/sepia-tintenfischknochenpremium-gross-xxxl-kopia\/\",\"url\":\"https:\/\/megapets.eu\/de\/zubehoer\/sepia-tintenfischknochenpremium-gross-xxxl-kopia\/\",\"name\":\"Sepia - Tintenfischknochen PREMIUM GROSS \\\"XXXL\\\" (Kopia) | MegaPets\",\"isPartOf\":{\"@id\":\"https:\/\/megapets.eu\/de\/#website\"},\"primaryImageOfPage\":{\"@id\":\"https:\/\/megapets.eu\/de\/zubehoer\/sepia-tintenfischknochenpremium-gross-xxxl-kopia\/#primaryimage\"},\"image\":{\"@id\":\"https:\/\/megapets.eu\/de\/zubehoer\/sepia-tintenfischknochenpremium-gross-xxxl-kopia\/#primaryimage\"},\"thumbnailUrl\":\"https:\/\/megapets.eu\/wp-content\/uploads\/2024\/10\/sepia-kosc-matwy-napis-28-woo-WEBP.webp\",\"datePublished\":\"2025-11-11T13:09:05+00:00\",\"dateModified\":\"2025-11-11T13:18:44+00:00\",\"breadcrumb\":{\"@id\":\"https:\/\/megapets.eu\/de\/zubehoer\/sepia-tintenfischknochenpremium-gross-xxxl-kopia\/#breadcrumb\"},\"inLanguage\":\"de\",\"potentialAction\":[{\"@type\":\"ReadAction\",\"target\":[\"https:\/\/megapets.eu\/de\/zubehoer\/sepia-tintenfischknochenpremium-gross-xxxl-kopia\/\"]}]},{\"@type\":\"ImageObject\",\"inLanguage\":\"de\",\"@id\":\"https:\/\/megapets.eu\/de\/zubehoer\/sepia-tintenfischknochenpremium-gross-xxxl-kopia\/#primaryimage\",\"url\":\"https:\/\/megapets.eu\/wp-content\/uploads\/2024\/10\/sepia-kosc-matwy-napis-28-woo-WEBP.webp\",\"contentUrl\":\"https:\/\/megapets.eu\/wp-content\/uploads\/2024\/10\/sepia-kosc-matwy-napis-28-woo-WEBP.webp\",\"width\":1536,\"height\":1024},{\"@type\":\"BreadcrumbList\",\"@id\":\"https:\/\/megapets.eu\/de\/zubehoer\/sepia-tintenfischknochenpremium-gross-xxxl-kopia\/#breadcrumb\",\"itemListElement\":[{\"@type\":\"ListItem\",\"position\":1,\"name\":\"Strona g\u0142\u00f3wna\",\"item\":\"https:\/\/megapets.eu\/de\/startseite\/\"},{\"@type\":\"ListItem\",\"position\":2,\"name\":\"Shop\",\"item\":\"https:\/\/megapets.eu\/de\/shop\/\"},{\"@type\":\"ListItem\",\"position\":3,\"name\":\"Sepia &#8211; TintenfischknochenPREMIUM GROSS &#8222;XXXL\\\" (Kopia)\"}]},{\"@type\":\"WebSite\",\"@id\":\"https:\/\/megapets.eu\/de\/#website\",\"url\":\"https:\/\/megapets.eu\/de\/\",\"name\":\"Mega Pets\",\"description\":\"Jedna z najwi\u0119kszych hodowli \u015blimak\u00f3w w Europie\",\"publisher\":{\"@id\":\"https:\/\/megapets.eu\/de\/#organization\"},\"alternateName\":\"Mega Pets\",\"potentialAction\":[{\"@type\":\"SearchAction\",\"target\":{\"@type\":\"EntryPoint\",\"urlTemplate\":\"https:\/\/megapets.eu\/de\/?s={search_term_string}\"},\"query-input\":{\"@type\":\"PropertyValueSpecification\",\"valueRequired\":true,\"valueName\":\"search_term_string\"}}],\"inLanguage\":\"de\"},{\"@type\":\"Organization\",\"@id\":\"https:\/\/megapets.eu\/de\/#organization\",\"name\":\"Mega Pets\",\"url\":\"https:\/\/megapets.eu\/de\/\",\"logo\":{\"@type\":\"ImageObject\",\"inLanguage\":\"de\",\"@id\":\"https:\/\/megapets.eu\/de\/#\/schema\/logo\/image\/\",\"url\":\"https:\/\/megapets.eu\/wp-content\/uploads\/2025\/04\/megapets_eu-logo.png\",\"contentUrl\":\"https:\/\/megapets.eu\/wp-content\/uploads\/2025\/04\/megapets_eu-logo.png\",\"width\":2362,\"height\":2362,\"caption\":\"Mega Pets\"},\"image\":{\"@id\":\"https:\/\/megapets.eu\/de\/#\/schema\/logo\/image\/\"},\"sameAs\":[\"https:\/\/www.facebook.com\/MegaPets.eu\/\"]}]}<\/script>\n<!-- \/ Yoast SEO plugin. -->","yoast_head_json":{"title":"Sepia - TintenfischknochenPREMIUM GROSS \"XXXL\" (Kopia) | MegaPets","robots":{"index":"index","follow":"follow","max-snippet":"max-snippet:-1","max-image-preview":"max-image-preview:large","max-video-preview":"max-video-preview:-1"},"canonical":"https:\/\/megapets.eu\/de\/zubehoer\/sepia-tintenfischknochenpremium-gross-xxxl-kopia\/","og_locale":"de_DE","og_type":"article","og_title":"Sepia - TintenfischknochenPREMIUM GROSS \"XXXL\" (Kopia) | MegaPets","og_description":"Zusammensetzung: 100% nat\u00fcrlicher Tintenfischknochen  L\u00e4nge des Knochens: ca. 25-30 cm  Der Preis gilt f\u00fcr: 1 St\u00fcck","og_url":"https:\/\/megapets.eu\/de\/zubehoer\/sepia-tintenfischknochenpremium-gross-xxxl-kopia\/","og_site_name":"MegaPets","article_publisher":"https:\/\/www.facebook.com\/MegaPets.eu\/","article_modified_time":"2025-11-11T13:18:44+00:00","og_image":[{"width":2560,"height":1735,"url":"https:\/\/megapets.eu\/wp-content\/uploads\/2025\/04\/megapets_eu-info-scaled.png","type":"image\/png"}],"twitter_card":"summary_large_image","twitter_misc":{"Gesch\u00e4tzte Lesezeit":"1\u00a0Minute"},"schema":{"@context":"https:\/\/schema.org","@graph":[{"@type":"WebPage","@id":"https:\/\/megapets.eu\/de\/zubehoer\/sepia-tintenfischknochenpremium-gross-xxxl-kopia\/","url":"https:\/\/megapets.eu\/de\/zubehoer\/sepia-tintenfischknochenpremium-gross-xxxl-kopia\/","name":"Sepia - Tintenfischknochen PREMIUM GROSS \"XXXL\" (Kopia) | MegaPets","isPartOf":{"@id":"https:\/\/megapets.eu\/de\/#website"},"primaryImageOfPage":{"@id":"https:\/\/megapets.eu\/de\/zubehoer\/sepia-tintenfischknochenpremium-gross-xxxl-kopia\/#primaryimage"},"image":{"@id":"https:\/\/megapets.eu\/de\/zubehoer\/sepia-tintenfischknochenpremium-gross-xxxl-kopia\/#primaryimage"},"thumbnailUrl":"https:\/\/megapets.eu\/wp-content\/uploads\/2024\/10\/sepia-kosc-matwy-napis-28-woo-WEBP.webp","datePublished":"2025-11-11T13:09:05+00:00","dateModified":"2025-11-11T13:18:44+00:00","breadcrumb":{"@id":"https:\/\/megapets.eu\/de\/zubehoer\/sepia-tintenfischknochenpremium-gross-xxxl-kopia\/#breadcrumb"},"inLanguage":"de","potentialAction":[{"@type":"ReadAction","target":["https:\/\/megapets.eu\/de\/zubehoer\/sepia-tintenfischknochenpremium-gross-xxxl-kopia\/"]}]},{"@type":"ImageObject","inLanguage":"de","@id":"https:\/\/megapets.eu\/de\/zubehoer\/sepia-tintenfischknochenpremium-gross-xxxl-kopia\/#primaryimage","url":"https:\/\/megapets.eu\/wp-content\/uploads\/2024\/10\/sepia-kosc-matwy-napis-28-woo-WEBP.webp","contentUrl":"https:\/\/megapets.eu\/wp-content\/uploads\/2024\/10\/sepia-kosc-matwy-napis-28-woo-WEBP.webp","width":1536,"height":1024},{"@type":"BreadcrumbList","@id":"https:\/\/megapets.eu\/de\/zubehoer\/sepia-tintenfischknochenpremium-gross-xxxl-kopia\/#breadcrumb","itemListElement":[{"@type":"ListItem","position":1,"name":"Strona g\u0142\u00f3wna","item":"https:\/\/megapets.eu\/de\/startseite\/"},{"@type":"ListItem","position":2,"name":"Shop","item":"https:\/\/megapets.eu\/de\/shop\/"},{"@type":"ListItem","position":3,"name":"Sepia &#8211; TintenfischknochenPREMIUM GROSS &#8222;XXXL\" (Kopia)"}]},{"@type":"WebSite","@id":"https:\/\/megapets.eu\/de\/#website","url":"https:\/\/megapets.eu\/de\/","name":"Mega Pets","description":"Jedna z najwi\u0119kszych hodowli \u015blimak\u00f3w w Europie","publisher":{"@id":"https:\/\/megapets.eu\/de\/#organization"},"alternateName":"Mega Pets","potentialAction":[{"@type":"SearchAction","target":{"@type":"EntryPoint","urlTemplate":"https:\/\/megapets.eu\/de\/?s={search_term_string}"},"query-input":{"@type":"PropertyValueSpecification","valueRequired":true,"valueName":"search_term_string"}}],"inLanguage":"de"},{"@type":"Organization","@id":"https:\/\/megapets.eu\/de\/#organization","name":"Mega Pets","url":"https:\/\/megapets.eu\/de\/","logo":{"@type":"ImageObject","inLanguage":"de","@id":"https:\/\/megapets.eu\/de\/#\/schema\/logo\/image\/","url":"https:\/\/megapets.eu\/wp-content\/uploads\/2025\/04\/megapets_eu-logo.png","contentUrl":"https:\/\/megapets.eu\/wp-content\/uploads\/2025\/04\/megapets_eu-logo.png","width":2362,"height":2362,"caption":"Mega Pets"},"image":{"@id":"https:\/\/megapets.eu\/de\/#\/schema\/logo\/image\/"},"sameAs":["https:\/\/www.facebook.com\/MegaPets.eu\/"]}]}},"_links":{"self":[{"href":"https:\/\/megapets.eu\/de\/wp-json\/wp\/v2\/product\/12039","targetHints":{"allow":["GET"]}}],"collection":[{"href":"https:\/\/megapets.eu\/de\/wp-json\/wp\/v2\/product"}],"about":[{"href":"https:\/\/megapets.eu\/de\/wp-json\/wp\/v2\/types\/product"}],"wp:featuredmedia":[{"embeddable":true,"href":"https:\/\/megapets.eu\/de\/wp-json\/wp\/v2\/media\/12032"}],"wp:attachment":[{"href":"https:\/\/megapets.eu\/de\/wp-json\/wp\/v2\/media?parent=12039"}],"wp:term":[{"taxonomy":"product_cat","embeddable":true,"href":"https:\/\/megapets.eu\/de\/wp-json\/wp\/v2\/product_cat?post=12039"},{"taxonomy":"product_tag","embeddable":true,"href":"https:\/\/megapets.eu\/de\/wp-json\/wp\/v2\/product_tag?post=12039"}],"curies":[{"name":"wp","href":"https:\/\/api.w.org\/{rel}","templated":true}]}}