{"id":12505,"date":"2025-12-03T09:16:10","date_gmt":"2025-12-03T09:16:10","guid":{"rendered":"https:\/\/megapets.eu\/?post_type=product&#038;p=12505"},"modified":"2025-12-03T09:27:47","modified_gmt":"2025-12-03T09:27:47","slug":"packung-sepia-in-stucken-50-ml-kopia-kopia-kopia","status":"publish","type":"product","link":"https:\/\/megapets.eu\/de\/zubehoer\/packung-sepia-in-stucken-50-ml-kopia-kopia-kopia\/","title":{"rendered":"Packung \u201eSepia in St\u00fccken\u201c 50 ml (Kopia) (Kopia) (Kopia)"},"content":{"rendered":"<p><strong><span style=\"color: #e87020; font-size: 15px;\"><em>Packung \u201eSepia in St\u00fccken\u201c 50 ml<\/em><\/span><\/strong><\/p>\n<p><strong><span style=\"color: #e87020; font-size: 15px;\"><em>Zusammensetzung: 100% nat\u00fcrlicher Tintenfischknochen.<\/em><\/span><\/strong><\/p>\n<p><strong><span style=\"color: #e87020; font-size: 15px;\"><em>Eine Packung enth\u00e4lt 20-25 St\u00fcck Sepia in St\u00fccken von ca. 1-2 cm. <\/em><\/span><\/strong><\/p>\n<p><strong><span style=\"color: #e87020; font-size: 15px;\"><em>Der Preis gilt f\u00fcr 1 Packung.<\/em><\/span><\/strong><\/p>\n<p>&nbsp;<\/p>\n<p><em><span style=\"color: #424242;\"><strong><span style=\"font-size: 15px;\">Sepia in St\u00fccken ist ein 100% nat\u00fcrlicher Tintenfischknochen, eine Kalziumquelle f\u00fcr exotische Schnecken, Schildkr\u00f6ten und andere Terrarientiere. Sepia in St\u00fccken wird von seiner harten Schale befreit und in etwa 1-2 cm gro\u00dfe St\u00fccke geschnitten. Dadurch wird jede Seite der Sepia in St\u00fccken weich und kann von der Schnecke leicht aufgenommen werden, und die Anzahl der St\u00fccke bietet die M\u00f6glichkeit, im Vergleich zu ganzer Sepia Geld zu sparen. So f\u00fcttern Sie Sepia in St\u00fccken: Legen Sie 1-2 Sepiast\u00fccke in das Terrarium. Nachdem das Tier die Sepia gefressen hat, f\u00fcttern Sie eine frische Portion St\u00fccke. Ersetzen Sie die Sepiast\u00fccke bei den ersten Anzeichen einer Verschlechterung (Auftreten von Flecken, die auf die feuchten Terrarienbedingungen zur\u00fcckzuf\u00fchren sind).    <\/span><\/strong><\/span><\/em><\/p>\n<p>&nbsp;<\/p>\n<p><em><span style=\"color: #424242;\"><strong><span style=\"font-size: 15px;\">Sie k\u00f6nnen die verabreichten Formen von Kalzium immer variieren und Ihrem Haustier zus\u00e4tzlich \u201eCalcium\u201c anbieten. &#8211; Kalzium f\u00fcr Schnecken.<\/span><\/strong><\/span><\/em><\/p>\n<p>&nbsp;<\/p>\n<p><em><span style=\"color: #424242;\"><strong><span style=\"font-size: 15px;\">Wir empfehlen Erg\u00e4nzungsmittel, die den Bedarf an wertvollen N\u00e4hrstoffen selbst der anspruchsvollsten Arten decken k\u00f6nnen: \u201eProtein &amp; Vitamin\u201c, Exotische Kr\u00e4utermischung, Gemahlener Gammarus. Es wird empfohlen, die Erg\u00e4nzungsmittel abwechselnd zu verwenden, so dass die Ern\u00e4hrung Ihres Tieres abwechslungsreich und vollst\u00e4ndig bleibt. <\/span><\/strong><\/span><\/em><\/p>\n","protected":false},"excerpt":{"rendered":"<ul class=\"product_attributes\">\n<li><span style=\"color: #555555;\">Zutaten:<\/span> 100% nat\u00fcrliche Sepia-Knochen<\/li>\n<li><span style=\"color: #555555;\">Packung enth\u00e4lt:<\/span> 20-25 St\u00fcck <\/li>\n<li><span style=\"color: #555555;\">Der Preis bezieht sich auf:<\/span> 1 Packung.<\/li>\n<\/ul>\n","protected":false},"featured_media":12538,"template":"","meta":{"_acf_changed":false,"_links_to":"","_links_to_target":""},"product_cat":[71],"product_tag":[88,89,90,102],"class_list":{"0":"post-12505","1":"product","2":"type-product","3":"status-publish","4":"has-post-thumbnail","6":"product_cat-zubehoer","7":"product_tag-fur-die-tauschungen","8":"product_tag-fur-isopoden","9":"product_tag-fur-kakerlaken","10":"product_tag-fur-schnecken","12":"first","13":"instock","14":"shipping-taxable","15":"purchasable","16":"product-type-simple"},"acf":[],"yoast_head":"<!-- This site is optimized with the Yoast SEO plugin v24.9 - https:\/\/yoast.com\/wordpress\/plugins\/seo\/ -->\n<title>Packung \u201eSepia in St\u00fccken\u201c 50 ml (Kopia) (Kopia) (Kopia) | MegaPets<\/title>\n<meta name=\"robots\" content=\"index, follow, max-snippet:-1, max-image-preview:large, max-video-preview:-1\" \/>\n<link rel=\"canonical\" href=\"https:\/\/megapets.eu\/de\/zubehoer\/packung-sepia-in-stucken-50-ml-kopia-kopia-kopia\/\" \/>\n<meta property=\"og:locale\" content=\"de_DE\" \/>\n<meta property=\"og:type\" content=\"article\" \/>\n<meta property=\"og:title\" content=\"Packung \u201eSepia in St\u00fccken\u201c 50 ml (Kopia) (Kopia) (Kopia) | MegaPets\" \/>\n<meta property=\"og:description\" content=\"Zutaten: 100% nat\u00fcrliche Sepia-Knochen  Packung enth\u00e4lt: 20-25 St\u00fcck  Der Preis bezieht sich auf: 1 Packung.\" \/>\n<meta property=\"og:url\" content=\"https:\/\/megapets.eu\/de\/zubehoer\/packung-sepia-in-stucken-50-ml-kopia-kopia-kopia\/\" \/>\n<meta property=\"og:site_name\" content=\"MegaPets\" \/>\n<meta property=\"article:publisher\" content=\"https:\/\/www.facebook.com\/MegaPets.eu\/\" \/>\n<meta property=\"article:modified_time\" content=\"2025-12-03T09:27:47+00:00\" \/>\n<meta property=\"og:image\" content=\"https:\/\/megapets.eu\/wp-content\/uploads\/2025\/12\/Mech_optimized-WEBP.webp\" \/>\n\t<meta property=\"og:image:width\" content=\"1200\" \/>\n\t<meta property=\"og:image:height\" content=\"800\" \/>\n\t<meta property=\"og:image:type\" content=\"image\/webp\" \/>\n<meta name=\"twitter:card\" content=\"summary_large_image\" \/>\n<meta name=\"twitter:label1\" content=\"Gesch\u00e4tzte Lesezeit\" \/>\n\t<meta name=\"twitter:data1\" content=\"1\u00a0Minute\" \/>\n<script type=\"application\/ld+json\" class=\"yoast-schema-graph\">{\"@context\":\"https:\/\/schema.org\",\"@graph\":[{\"@type\":\"WebPage\",\"@id\":\"https:\/\/megapets.eu\/de\/zubehoer\/packung-sepia-in-stucken-50-ml-kopia-kopia-kopia\/\",\"url\":\"https:\/\/megapets.eu\/de\/zubehoer\/packung-sepia-in-stucken-50-ml-kopia-kopia-kopia\/\",\"name\":\"Packung \u201eSepia in St\u00fccken\u201c 50 ml (Kopia) (Kopia) (Kopia) | MegaPets\",\"isPartOf\":{\"@id\":\"https:\/\/megapets.eu\/de\/#website\"},\"primaryImageOfPage\":{\"@id\":\"https:\/\/megapets.eu\/de\/zubehoer\/packung-sepia-in-stucken-50-ml-kopia-kopia-kopia\/#primaryimage\"},\"image\":{\"@id\":\"https:\/\/megapets.eu\/de\/zubehoer\/packung-sepia-in-stucken-50-ml-kopia-kopia-kopia\/#primaryimage\"},\"thumbnailUrl\":\"https:\/\/megapets.eu\/wp-content\/uploads\/2025\/12\/Mech_Sph_optimized4-WEBP.webp\",\"datePublished\":\"2025-12-03T09:16:10+00:00\",\"dateModified\":\"2025-12-03T09:27:47+00:00\",\"breadcrumb\":{\"@id\":\"https:\/\/megapets.eu\/de\/zubehoer\/packung-sepia-in-stucken-50-ml-kopia-kopia-kopia\/#breadcrumb\"},\"inLanguage\":\"de\",\"potentialAction\":[{\"@type\":\"ReadAction\",\"target\":[\"https:\/\/megapets.eu\/de\/zubehoer\/packung-sepia-in-stucken-50-ml-kopia-kopia-kopia\/\"]}]},{\"@type\":\"ImageObject\",\"inLanguage\":\"de\",\"@id\":\"https:\/\/megapets.eu\/de\/zubehoer\/packung-sepia-in-stucken-50-ml-kopia-kopia-kopia\/#primaryimage\",\"url\":\"https:\/\/megapets.eu\/wp-content\/uploads\/2025\/12\/Mech_Sph_optimized4-WEBP.webp\",\"contentUrl\":\"https:\/\/megapets.eu\/wp-content\/uploads\/2025\/12\/Mech_Sph_optimized4-WEBP.webp\",\"width\":1200,\"height\":800},{\"@type\":\"BreadcrumbList\",\"@id\":\"https:\/\/megapets.eu\/de\/zubehoer\/packung-sepia-in-stucken-50-ml-kopia-kopia-kopia\/#breadcrumb\",\"itemListElement\":[{\"@type\":\"ListItem\",\"position\":1,\"name\":\"Strona g\u0142\u00f3wna\",\"item\":\"https:\/\/megapets.eu\/de\/startseite\/\"},{\"@type\":\"ListItem\",\"position\":2,\"name\":\"Shop\",\"item\":\"https:\/\/megapets.eu\/de\/shop\/\"},{\"@type\":\"ListItem\",\"position\":3,\"name\":\"Packung \u201eSepia in St\u00fccken\u201c 50 ml (Kopia) (Kopia) (Kopia)\"}]},{\"@type\":\"WebSite\",\"@id\":\"https:\/\/megapets.eu\/de\/#website\",\"url\":\"https:\/\/megapets.eu\/de\/\",\"name\":\"Mega Pets\",\"description\":\"Jedna z najwi\u0119kszych hodowli \u015blimak\u00f3w w Europie\",\"publisher\":{\"@id\":\"https:\/\/megapets.eu\/de\/#organization\"},\"alternateName\":\"Mega Pets\",\"potentialAction\":[{\"@type\":\"SearchAction\",\"target\":{\"@type\":\"EntryPoint\",\"urlTemplate\":\"https:\/\/megapets.eu\/de\/?s={search_term_string}\"},\"query-input\":{\"@type\":\"PropertyValueSpecification\",\"valueRequired\":true,\"valueName\":\"search_term_string\"}}],\"inLanguage\":\"de\"},{\"@type\":\"Organization\",\"@id\":\"https:\/\/megapets.eu\/de\/#organization\",\"name\":\"Mega Pets\",\"url\":\"https:\/\/megapets.eu\/de\/\",\"logo\":{\"@type\":\"ImageObject\",\"inLanguage\":\"de\",\"@id\":\"https:\/\/megapets.eu\/de\/#\/schema\/logo\/image\/\",\"url\":\"https:\/\/megapets.eu\/wp-content\/uploads\/2025\/04\/megapets_eu-logo.png\",\"contentUrl\":\"https:\/\/megapets.eu\/wp-content\/uploads\/2025\/04\/megapets_eu-logo.png\",\"width\":2362,\"height\":2362,\"caption\":\"Mega Pets\"},\"image\":{\"@id\":\"https:\/\/megapets.eu\/de\/#\/schema\/logo\/image\/\"},\"sameAs\":[\"https:\/\/www.facebook.com\/MegaPets.eu\/\"]}]}<\/script>\n<!-- \/ Yoast SEO plugin. -->","yoast_head_json":{"title":"Packung \u201eSepia in St\u00fccken\u201c 50 ml (Kopia) (Kopia) (Kopia) | MegaPets","robots":{"index":"index","follow":"follow","max-snippet":"max-snippet:-1","max-image-preview":"max-image-preview:large","max-video-preview":"max-video-preview:-1"},"canonical":"https:\/\/megapets.eu\/de\/zubehoer\/packung-sepia-in-stucken-50-ml-kopia-kopia-kopia\/","og_locale":"de_DE","og_type":"article","og_title":"Packung \u201eSepia in St\u00fccken\u201c 50 ml (Kopia) (Kopia) (Kopia) | MegaPets","og_description":"Zutaten: 100% nat\u00fcrliche Sepia-Knochen  Packung enth\u00e4lt: 20-25 St\u00fcck  Der Preis bezieht sich auf: 1 Packung.","og_url":"https:\/\/megapets.eu\/de\/zubehoer\/packung-sepia-in-stucken-50-ml-kopia-kopia-kopia\/","og_site_name":"MegaPets","article_publisher":"https:\/\/www.facebook.com\/MegaPets.eu\/","article_modified_time":"2025-12-03T09:27:47+00:00","og_image":[{"width":1200,"height":800,"url":"https:\/\/megapets.eu\/wp-content\/uploads\/2025\/12\/Mech_optimized-WEBP.webp","type":"image\/webp"}],"twitter_card":"summary_large_image","twitter_misc":{"Gesch\u00e4tzte Lesezeit":"1\u00a0Minute"},"schema":{"@context":"https:\/\/schema.org","@graph":[{"@type":"WebPage","@id":"https:\/\/megapets.eu\/de\/zubehoer\/packung-sepia-in-stucken-50-ml-kopia-kopia-kopia\/","url":"https:\/\/megapets.eu\/de\/zubehoer\/packung-sepia-in-stucken-50-ml-kopia-kopia-kopia\/","name":"Packung \u201eSepia in St\u00fccken\u201c 50 ml (Kopia) (Kopia) (Kopia) | MegaPets","isPartOf":{"@id":"https:\/\/megapets.eu\/de\/#website"},"primaryImageOfPage":{"@id":"https:\/\/megapets.eu\/de\/zubehoer\/packung-sepia-in-stucken-50-ml-kopia-kopia-kopia\/#primaryimage"},"image":{"@id":"https:\/\/megapets.eu\/de\/zubehoer\/packung-sepia-in-stucken-50-ml-kopia-kopia-kopia\/#primaryimage"},"thumbnailUrl":"https:\/\/megapets.eu\/wp-content\/uploads\/2025\/12\/Mech_Sph_optimized4-WEBP.webp","datePublished":"2025-12-03T09:16:10+00:00","dateModified":"2025-12-03T09:27:47+00:00","breadcrumb":{"@id":"https:\/\/megapets.eu\/de\/zubehoer\/packung-sepia-in-stucken-50-ml-kopia-kopia-kopia\/#breadcrumb"},"inLanguage":"de","potentialAction":[{"@type":"ReadAction","target":["https:\/\/megapets.eu\/de\/zubehoer\/packung-sepia-in-stucken-50-ml-kopia-kopia-kopia\/"]}]},{"@type":"ImageObject","inLanguage":"de","@id":"https:\/\/megapets.eu\/de\/zubehoer\/packung-sepia-in-stucken-50-ml-kopia-kopia-kopia\/#primaryimage","url":"https:\/\/megapets.eu\/wp-content\/uploads\/2025\/12\/Mech_Sph_optimized4-WEBP.webp","contentUrl":"https:\/\/megapets.eu\/wp-content\/uploads\/2025\/12\/Mech_Sph_optimized4-WEBP.webp","width":1200,"height":800},{"@type":"BreadcrumbList","@id":"https:\/\/megapets.eu\/de\/zubehoer\/packung-sepia-in-stucken-50-ml-kopia-kopia-kopia\/#breadcrumb","itemListElement":[{"@type":"ListItem","position":1,"name":"Strona g\u0142\u00f3wna","item":"https:\/\/megapets.eu\/de\/startseite\/"},{"@type":"ListItem","position":2,"name":"Shop","item":"https:\/\/megapets.eu\/de\/shop\/"},{"@type":"ListItem","position":3,"name":"Packung \u201eSepia in St\u00fccken\u201c 50 ml (Kopia) (Kopia) (Kopia)"}]},{"@type":"WebSite","@id":"https:\/\/megapets.eu\/de\/#website","url":"https:\/\/megapets.eu\/de\/","name":"Mega Pets","description":"Jedna z najwi\u0119kszych hodowli \u015blimak\u00f3w w Europie","publisher":{"@id":"https:\/\/megapets.eu\/de\/#organization"},"alternateName":"Mega Pets","potentialAction":[{"@type":"SearchAction","target":{"@type":"EntryPoint","urlTemplate":"https:\/\/megapets.eu\/de\/?s={search_term_string}"},"query-input":{"@type":"PropertyValueSpecification","valueRequired":true,"valueName":"search_term_string"}}],"inLanguage":"de"},{"@type":"Organization","@id":"https:\/\/megapets.eu\/de\/#organization","name":"Mega Pets","url":"https:\/\/megapets.eu\/de\/","logo":{"@type":"ImageObject","inLanguage":"de","@id":"https:\/\/megapets.eu\/de\/#\/schema\/logo\/image\/","url":"https:\/\/megapets.eu\/wp-content\/uploads\/2025\/04\/megapets_eu-logo.png","contentUrl":"https:\/\/megapets.eu\/wp-content\/uploads\/2025\/04\/megapets_eu-logo.png","width":2362,"height":2362,"caption":"Mega Pets"},"image":{"@id":"https:\/\/megapets.eu\/de\/#\/schema\/logo\/image\/"},"sameAs":["https:\/\/www.facebook.com\/MegaPets.eu\/"]}]}},"_links":{"self":[{"href":"https:\/\/megapets.eu\/de\/wp-json\/wp\/v2\/product\/12505","targetHints":{"allow":["GET"]}}],"collection":[{"href":"https:\/\/megapets.eu\/de\/wp-json\/wp\/v2\/product"}],"about":[{"href":"https:\/\/megapets.eu\/de\/wp-json\/wp\/v2\/types\/product"}],"wp:featuredmedia":[{"embeddable":true,"href":"https:\/\/megapets.eu\/de\/wp-json\/wp\/v2\/media\/12538"}],"wp:attachment":[{"href":"https:\/\/megapets.eu\/de\/wp-json\/wp\/v2\/media?parent=12505"}],"wp:term":[{"taxonomy":"product_cat","embeddable":true,"href":"https:\/\/megapets.eu\/de\/wp-json\/wp\/v2\/product_cat?post=12505"},{"taxonomy":"product_tag","embeddable":true,"href":"https:\/\/megapets.eu\/de\/wp-json\/wp\/v2\/product_tag?post=12505"}],"curies":[{"name":"wp","href":"https:\/\/api.w.org\/{rel}","templated":true}]}}