{"id":3749,"date":"2025-04-27T14:51:01","date_gmt":"2025-04-27T14:51:01","guid":{"rendered":"https:\/\/megapets.eu\/unkategorisiert\/lissachatina-reticulatastandard\/"},"modified":"2025-04-27T14:51:01","modified_gmt":"2025-04-27T14:51:01","slug":"lissachatina-reticulatastandard","status":"publish","type":"product","link":"https:\/\/megapets.eu\/de\/schnecken\/lissachatina-reticulatastandard\/","title":{"rendered":"Lissachatina reticulata<br>standard"},"content":{"rendered":"<p class=\"v1v1v1v1MsoNormal\"><span style=\"color: #424242;\"><strong><em><span style=\"font-size: 15px;\"><b>Spezies: <\/b><\/span><\/em><\/strong><em><span style=\"font-size: 15px;\">Lissachatina reticulata<\/span><\/em><strong><em><span style=\"font-size: 15px;\"><br \/>\nFarbvariante:<\/span><\/em><\/strong><em><span style=\"font-size: 15px;\"> Standard<\/span><\/em><\/span><\/p>\n<p>&nbsp;<\/p>\n<p class=\"v1v1v1v1MsoNormal\"><span style=\"font-size: 15px;\"><strong><em><span style=\"color: #008000;\">\u2b50  <\/span><\/em><\/strong><em><span style=\"color: #008000;\"><span style=\"color: #424242;\">Die Art Lissachatina reticulata ist eine der beliebtesten und bekanntesten afrikanischen Schnecken bei Anf\u00e4ngern. Diese Art ist sehr aktiv. Lissachatina reticulata w\u00e4chst vor Ihren Augen zu einer gro\u00dfen Gr\u00f6\u00dfe heran, das Geh\u00e4use eines erwachsenen Tieres kann \u00fcber 16 cm gro\u00df werden.  <\/span><\/span><\/em><\/span><\/p>\n<p>&nbsp;<\/p>\n","protected":false},"excerpt":{"rendered":"<ul>\n<li>Von einem nicht verwandten Paar:\n<ul>\n<li>\n<\/li>\n<\/ul>\n<\/li>\n<li>Gr\u00f6\u00dfe der Zielmuschel:\n<ul>\n<li>ca. 15-16 cm <\/li>\n<\/ul>\n<\/li>\n<li>Angebotenes junges Exemplar:\n<ul>\n<li>ca. 6 cm <\/li>\n<\/ul>\n<\/li>\n<li>Der Preis bezieht sich auf:\n<ul>\n<li>1 St\u00fcck<\/li>\n<\/ul>\n<\/li>\n<\/ul>\n","protected":false},"featured_media":3478,"template":"","meta":{"_acf_changed":false,"_links_to":"","_links_to_target":""},"product_cat":[69],"product_tag":[],"class_list":{"0":"post-3749","1":"product","2":"type-product","3":"status-publish","4":"has-post-thumbnail","6":"product_cat-schnecken","8":"first","9":"outofstock","10":"shipping-taxable","11":"purchasable","12":"product-type-simple"},"acf":[],"yoast_head":"<!-- This site is optimized with the Yoast SEO plugin v24.9 - https:\/\/yoast.com\/wordpress\/plugins\/seo\/ -->\n<title>Lissachatina reticulatastandard | MegaPets<\/title>\n<meta name=\"description\" content=\"Die Art Lissachatina reticulata ist eine der beliebtesten und bekanntesten afrikanischen Schnecken bei Anf\u00e4ngern. Diese Art ist sehr aktiv. Lissachatina reticulata w\u00e4chst vor Ihren Augen zu einer gro\u00dfen Gr\u00f6\u00dfe heran, das Geh\u00e4use eines erwachsenen Tieres kann \u00fcber 16 cm gro\u00df werden.\" \/>\n<meta name=\"robots\" content=\"index, follow, max-snippet:-1, max-image-preview:large, max-video-preview:-1\" \/>\n<link rel=\"canonical\" href=\"https:\/\/megapets.eu\/de\/schnecken\/lissachatina-reticulatastandard\/\" \/>\n<meta property=\"og:locale\" content=\"de_DE\" \/>\n<meta property=\"og:type\" content=\"article\" \/>\n<meta property=\"og:title\" content=\"Lissachatina reticulatastandard | MegaPets\" \/>\n<meta property=\"og:description\" content=\"Die Art Lissachatina reticulata ist eine der beliebtesten und bekanntesten afrikanischen Schnecken bei Anf\u00e4ngern. Diese Art ist sehr aktiv. Lissachatina reticulata w\u00e4chst vor Ihren Augen zu einer gro\u00dfen Gr\u00f6\u00dfe heran, das Geh\u00e4use eines erwachsenen Tieres kann \u00fcber 16 cm gro\u00df werden.\" \/>\n<meta property=\"og:url\" content=\"https:\/\/megapets.eu\/de\/schnecken\/lissachatina-reticulatastandard\/\" \/>\n<meta property=\"og:site_name\" content=\"MegaPets\" \/>\n<meta property=\"article:publisher\" content=\"https:\/\/www.facebook.com\/MegaPets.eu\/\" \/>\n<meta property=\"og:image\" content=\"https:\/\/megapets.eu\/wp-content\/uploads\/2025\/04\/Sklep-1.png\" \/>\n\t<meta property=\"og:image:width\" content=\"1048\" \/>\n\t<meta property=\"og:image:height\" content=\"706\" \/>\n\t<meta property=\"og:image:type\" content=\"image\/png\" \/>\n<meta name=\"twitter:card\" content=\"summary_large_image\" \/>\n<script type=\"application\/ld+json\" class=\"yoast-schema-graph\">{\"@context\":\"https:\/\/schema.org\",\"@graph\":[{\"@type\":\"WebPage\",\"@id\":\"https:\/\/megapets.eu\/de\/schnecken\/lissachatina-reticulatastandard\/\",\"url\":\"https:\/\/megapets.eu\/de\/schnecken\/lissachatina-reticulatastandard\/\",\"name\":\"Lissachatina reticulata standard | MegaPets\",\"isPartOf\":{\"@id\":\"https:\/\/megapets.eu\/de\/#website\"},\"primaryImageOfPage\":{\"@id\":\"https:\/\/megapets.eu\/de\/schnecken\/lissachatina-reticulatastandard\/#primaryimage\"},\"image\":{\"@id\":\"https:\/\/megapets.eu\/de\/schnecken\/lissachatina-reticulatastandard\/#primaryimage\"},\"thumbnailUrl\":\"https:\/\/megapets.eu\/wp-content\/uploads\/2025\/04\/Sklep-1.png\",\"datePublished\":\"2025-04-27T14:51:01+00:00\",\"description\":\"Die Art Lissachatina reticulata ist eine der beliebtesten und bekanntesten afrikanischen Schnecken bei Anf\u00e4ngern. Diese Art ist sehr aktiv. Lissachatina reticulata w\u00e4chst vor Ihren Augen zu einer gro\u00dfen Gr\u00f6\u00dfe heran, das Geh\u00e4use eines erwachsenen Tieres kann \u00fcber 16 cm gro\u00df werden.\",\"breadcrumb\":{\"@id\":\"https:\/\/megapets.eu\/de\/schnecken\/lissachatina-reticulatastandard\/#breadcrumb\"},\"inLanguage\":\"de\",\"potentialAction\":[{\"@type\":\"ReadAction\",\"target\":[\"https:\/\/megapets.eu\/de\/schnecken\/lissachatina-reticulatastandard\/\"]}]},{\"@type\":\"ImageObject\",\"inLanguage\":\"de\",\"@id\":\"https:\/\/megapets.eu\/de\/schnecken\/lissachatina-reticulatastandard\/#primaryimage\",\"url\":\"https:\/\/megapets.eu\/wp-content\/uploads\/2025\/04\/Sklep-1.png\",\"contentUrl\":\"https:\/\/megapets.eu\/wp-content\/uploads\/2025\/04\/Sklep-1.png\",\"width\":1048,\"height\":706},{\"@type\":\"BreadcrumbList\",\"@id\":\"https:\/\/megapets.eu\/de\/schnecken\/lissachatina-reticulatastandard\/#breadcrumb\",\"itemListElement\":[{\"@type\":\"ListItem\",\"position\":1,\"name\":\"Strona g\u0142\u00f3wna\",\"item\":\"https:\/\/megapets.eu\/de\/startseite\/\"},{\"@type\":\"ListItem\",\"position\":2,\"name\":\"Shop\",\"item\":\"https:\/\/megapets.eu\/de\/shop\/\"},{\"@type\":\"ListItem\",\"position\":3,\"name\":\"Lissachatina reticulatastandard\"}]},{\"@type\":\"WebSite\",\"@id\":\"https:\/\/megapets.eu\/de\/#website\",\"url\":\"https:\/\/megapets.eu\/de\/\",\"name\":\"Mega Pets\",\"description\":\"Jedna z najwi\u0119kszych hodowli \u015blimak\u00f3w w Europie\",\"publisher\":{\"@id\":\"https:\/\/megapets.eu\/de\/#organization\"},\"alternateName\":\"Mega Pets\",\"potentialAction\":[{\"@type\":\"SearchAction\",\"target\":{\"@type\":\"EntryPoint\",\"urlTemplate\":\"https:\/\/megapets.eu\/de\/?s={search_term_string}\"},\"query-input\":{\"@type\":\"PropertyValueSpecification\",\"valueRequired\":true,\"valueName\":\"search_term_string\"}}],\"inLanguage\":\"de\"},{\"@type\":\"Organization\",\"@id\":\"https:\/\/megapets.eu\/de\/#organization\",\"name\":\"Mega Pets\",\"url\":\"https:\/\/megapets.eu\/de\/\",\"logo\":{\"@type\":\"ImageObject\",\"inLanguage\":\"de\",\"@id\":\"https:\/\/megapets.eu\/de\/#\/schema\/logo\/image\/\",\"url\":\"https:\/\/megapets.eu\/wp-content\/uploads\/2025\/04\/megapets_eu-logo.png\",\"contentUrl\":\"https:\/\/megapets.eu\/wp-content\/uploads\/2025\/04\/megapets_eu-logo.png\",\"width\":2362,\"height\":2362,\"caption\":\"Mega Pets\"},\"image\":{\"@id\":\"https:\/\/megapets.eu\/de\/#\/schema\/logo\/image\/\"},\"sameAs\":[\"https:\/\/www.facebook.com\/MegaPets.eu\/\"]}]}<\/script>\n<!-- \/ Yoast SEO plugin. -->","yoast_head_json":{"title":"Lissachatina reticulatastandard | MegaPets","description":"Die Art Lissachatina reticulata ist eine der beliebtesten und bekanntesten afrikanischen Schnecken bei Anf\u00e4ngern. Diese Art ist sehr aktiv. Lissachatina reticulata w\u00e4chst vor Ihren Augen zu einer gro\u00dfen Gr\u00f6\u00dfe heran, das Geh\u00e4use eines erwachsenen Tieres kann \u00fcber 16 cm gro\u00df werden.","robots":{"index":"index","follow":"follow","max-snippet":"max-snippet:-1","max-image-preview":"max-image-preview:large","max-video-preview":"max-video-preview:-1"},"canonical":"https:\/\/megapets.eu\/de\/schnecken\/lissachatina-reticulatastandard\/","og_locale":"de_DE","og_type":"article","og_title":"Lissachatina reticulatastandard | MegaPets","og_description":"Die Art Lissachatina reticulata ist eine der beliebtesten und bekanntesten afrikanischen Schnecken bei Anf\u00e4ngern. Diese Art ist sehr aktiv. Lissachatina reticulata w\u00e4chst vor Ihren Augen zu einer gro\u00dfen Gr\u00f6\u00dfe heran, das Geh\u00e4use eines erwachsenen Tieres kann \u00fcber 16 cm gro\u00df werden.","og_url":"https:\/\/megapets.eu\/de\/schnecken\/lissachatina-reticulatastandard\/","og_site_name":"MegaPets","article_publisher":"https:\/\/www.facebook.com\/MegaPets.eu\/","og_image":[{"width":1048,"height":706,"url":"https:\/\/megapets.eu\/wp-content\/uploads\/2025\/04\/Sklep-1.png","type":"image\/png"}],"twitter_card":"summary_large_image","schema":{"@context":"https:\/\/schema.org","@graph":[{"@type":"WebPage","@id":"https:\/\/megapets.eu\/de\/schnecken\/lissachatina-reticulatastandard\/","url":"https:\/\/megapets.eu\/de\/schnecken\/lissachatina-reticulatastandard\/","name":"Lissachatina reticulata standard | MegaPets","isPartOf":{"@id":"https:\/\/megapets.eu\/de\/#website"},"primaryImageOfPage":{"@id":"https:\/\/megapets.eu\/de\/schnecken\/lissachatina-reticulatastandard\/#primaryimage"},"image":{"@id":"https:\/\/megapets.eu\/de\/schnecken\/lissachatina-reticulatastandard\/#primaryimage"},"thumbnailUrl":"https:\/\/megapets.eu\/wp-content\/uploads\/2025\/04\/Sklep-1.png","datePublished":"2025-04-27T14:51:01+00:00","description":"Die Art Lissachatina reticulata ist eine der beliebtesten und bekanntesten afrikanischen Schnecken bei Anf\u00e4ngern. Diese Art ist sehr aktiv. Lissachatina reticulata w\u00e4chst vor Ihren Augen zu einer gro\u00dfen Gr\u00f6\u00dfe heran, das Geh\u00e4use eines erwachsenen Tieres kann \u00fcber 16 cm gro\u00df werden.","breadcrumb":{"@id":"https:\/\/megapets.eu\/de\/schnecken\/lissachatina-reticulatastandard\/#breadcrumb"},"inLanguage":"de","potentialAction":[{"@type":"ReadAction","target":["https:\/\/megapets.eu\/de\/schnecken\/lissachatina-reticulatastandard\/"]}]},{"@type":"ImageObject","inLanguage":"de","@id":"https:\/\/megapets.eu\/de\/schnecken\/lissachatina-reticulatastandard\/#primaryimage","url":"https:\/\/megapets.eu\/wp-content\/uploads\/2025\/04\/Sklep-1.png","contentUrl":"https:\/\/megapets.eu\/wp-content\/uploads\/2025\/04\/Sklep-1.png","width":1048,"height":706},{"@type":"BreadcrumbList","@id":"https:\/\/megapets.eu\/de\/schnecken\/lissachatina-reticulatastandard\/#breadcrumb","itemListElement":[{"@type":"ListItem","position":1,"name":"Strona g\u0142\u00f3wna","item":"https:\/\/megapets.eu\/de\/startseite\/"},{"@type":"ListItem","position":2,"name":"Shop","item":"https:\/\/megapets.eu\/de\/shop\/"},{"@type":"ListItem","position":3,"name":"Lissachatina reticulatastandard"}]},{"@type":"WebSite","@id":"https:\/\/megapets.eu\/de\/#website","url":"https:\/\/megapets.eu\/de\/","name":"Mega Pets","description":"Jedna z najwi\u0119kszych hodowli \u015blimak\u00f3w w Europie","publisher":{"@id":"https:\/\/megapets.eu\/de\/#organization"},"alternateName":"Mega Pets","potentialAction":[{"@type":"SearchAction","target":{"@type":"EntryPoint","urlTemplate":"https:\/\/megapets.eu\/de\/?s={search_term_string}"},"query-input":{"@type":"PropertyValueSpecification","valueRequired":true,"valueName":"search_term_string"}}],"inLanguage":"de"},{"@type":"Organization","@id":"https:\/\/megapets.eu\/de\/#organization","name":"Mega Pets","url":"https:\/\/megapets.eu\/de\/","logo":{"@type":"ImageObject","inLanguage":"de","@id":"https:\/\/megapets.eu\/de\/#\/schema\/logo\/image\/","url":"https:\/\/megapets.eu\/wp-content\/uploads\/2025\/04\/megapets_eu-logo.png","contentUrl":"https:\/\/megapets.eu\/wp-content\/uploads\/2025\/04\/megapets_eu-logo.png","width":2362,"height":2362,"caption":"Mega Pets"},"image":{"@id":"https:\/\/megapets.eu\/de\/#\/schema\/logo\/image\/"},"sameAs":["https:\/\/www.facebook.com\/MegaPets.eu\/"]}]}},"_links":{"self":[{"href":"https:\/\/megapets.eu\/de\/wp-json\/wp\/v2\/product\/3749","targetHints":{"allow":["GET"]}}],"collection":[{"href":"https:\/\/megapets.eu\/de\/wp-json\/wp\/v2\/product"}],"about":[{"href":"https:\/\/megapets.eu\/de\/wp-json\/wp\/v2\/types\/product"}],"wp:featuredmedia":[{"embeddable":true,"href":"https:\/\/megapets.eu\/de\/wp-json\/wp\/v2\/media\/3478"}],"wp:attachment":[{"href":"https:\/\/megapets.eu\/de\/wp-json\/wp\/v2\/media?parent=3749"}],"wp:term":[{"taxonomy":"product_cat","embeddable":true,"href":"https:\/\/megapets.eu\/de\/wp-json\/wp\/v2\/product_cat?post=3749"},{"taxonomy":"product_tag","embeddable":true,"href":"https:\/\/megapets.eu\/de\/wp-json\/wp\/v2\/product_tag?post=3749"}],"curies":[{"name":"wp","href":"https:\/\/api.w.org\/{rel}","templated":true}]}}