{"id":3776,"date":"2025-04-02T20:49:56","date_gmt":"2025-04-02T20:49:56","guid":{"rendered":"https:\/\/megapets.eu\/unkategorisiert\/archachatina-marginata-eizellealbino-koerper-p17\/"},"modified":"2025-04-02T20:49:56","modified_gmt":"2025-04-02T20:49:56","slug":"archachatina-marginata-eizellealbino-koerper-p17","status":"publish","type":"product","link":"https:\/\/megapets.eu\/de\/schnecken\/archachatina-marginata-eizellealbino-koerper-p17\/","title":{"rendered":"Archachatina marginata Eizelle<br>albino K\u00f6rper \/ P17"},"content":{"rendered":"<p style=\"text-align: left;\"><span style=\"font-size: 15px;\"><strong><span style=\"color: #000000;\"><em>Spezies: <\/em><\/span><\/strong><span style=\"color: #000000;\"><em>Archachatina marginata ovum (L. Pfeiffer, 1858)<\/em><\/span><strong><span style=\"color: #000000;\"><em><br \/>\nFarbvariante:<\/em><\/span><\/strong><span style=\"color: #000000;\"><em> Albino-K\u00f6rper<\/em><\/span><\/span><\/p>\n<p style=\"text-align: left;\"><span style=\"font-size: 15px;\"><strong><span style=\"color: #000000;\"><em><span style=\"color: #008000;\"><span style=\"color: #424242;\"><img decoding=\"async\" src=\"https:\/\/static.xx.fbcdn.net\/images\/emoji.php\/v9\/tb4\/1\/16\/2b50.png\" alt=\"\u2b50\ufe0f\"> <\/span><\/span><\/em><\/span><\/strong><span style=\"color: #000000;\"><em>Angebotene Jungtiere von einem nicht verwandten Elternpaar. Durch die kontinuierliche Auswahl geeigneter Partner und die Bildung von Paaren von Generation zu Generation werden unverwandte Zuchtlinien von wundersch\u00f6nen Riesenalbinos erfolgreich erhalten. <\/em><\/span><\/span><\/p>\n<p style=\"text-align: left;\"><span style=\"font-size: 15px;\"><span style=\"color: #000000;\"><em><span style=\"color: #008000;\"><span style=\"color: #424242;\"><img decoding=\"async\" src=\"https:\/\/static.xx.fbcdn.net\/images\/emoji.php\/v9\/t6c\/1\/16\/2764.png\" alt=\"\u2764\">  Unter den Farbvariet\u00e4ten der Art Archachatina marginata ovum stechen Schnecken mit einem vollst\u00e4ndig albinotischen K\u00f6rper besonders hervor und ziehen mit ihrer zarten Sch\u00f6nheit die Blicke auf sich. Exemplare mit Albinok\u00f6rper sind seltener als die braunen Farbvarianten und gelten als eine der attraktivsten und wertvollsten Sorten. <\/span><\/span><\/em><\/span><\/span><\/p>\n<p style=\"text-align: left;\"><span style=\"color: #000000; font-size: 15px;\"><em><span class=\"x1xsqp64 xiy17q3 x1o6pynw x19co3pv xdj266r xcwd3tp xat24cr x39eecv x2b8uid\" data-testid=\"emoji\"><span class=\"xexx8yu xn5pp95 x18d9i69 x2fxd7x x3jgonx x1bhl96m\"><img loading=\"lazy\" decoding=\"async\" class=\"\" src=\"https:\/\/static.xx.fbcdn.net\/images\/emoji.php\/v9\/t66\/1\/32\/1f4cc.png\" alt=\"\ud83d\udccc\" width=\"18\" height=\"18\">  Typischerweise erreicht die Schale dieser Art eine betr\u00e4chtliche Gr\u00f6\u00dfe, etwa 12-15 cm.<\/span><\/span><\/em><\/span><\/p>\n<p style=\"text-align: left;\"><span style=\"color: #000000; font-size: 15px;\"><em><img loading=\"lazy\" decoding=\"async\" class=\"xz74otr\" src=\"https:\/\/static.xx.fbcdn.net\/images\/emoji.php\/v9\/t1e\/1\/16\/1f33f.png\" alt=\"\ud83c\udf3f\" width=\"18\" height=\"18\"> <span style=\"color: #008000;\">Albino-Schnecken k\u00f6nnen von jedem Liebhaber dieser sch\u00f6nen Farbvariante leicht zu Hause gehalten werden. Albinotische Exemplare sind anspruchslos und k\u00f6nnen bei einfacher Pflege zu einer enormen Gr\u00f6\u00dfe heranwachsen. <\/span><\/em><\/span><\/p>\n<p>&nbsp;<\/p>\n","protected":false},"excerpt":{"rendered":"<ul>\n<li>Gr\u00f6\u00dfe der Zielmuschel:\n<ul>\n<li>ca. 12-15 cm <\/li>\n<\/ul>\n<\/li>\n<li>Von einem nicht verwandten Paar:\n<ul>\n<li>P17<\/li>\n<\/ul>\n<\/li>\n<li>Angebotenes junges Exemplar:\n<ul>\n<li>ca. 5-6 cm <\/li>\n<\/ul>\n<\/li>\n<li>Der Preis bezieht sich auf:\n<ul>\n<li>1 St\u00fcck<\/li>\n<\/ul>\n<\/li>\n<\/ul>\n","protected":false},"featured_media":3360,"template":"","meta":{"_acf_changed":false,"_links_to":"","_links_to_target":""},"product_cat":[69],"product_tag":[],"class_list":{"0":"post-3776","1":"product","2":"type-product","3":"status-publish","4":"has-post-thumbnail","6":"product_cat-schnecken","8":"first","9":"instock","10":"shipping-taxable","11":"purchasable","12":"product-type-simple"},"acf":[],"yoast_head":"<!-- This site is optimized with the Yoast SEO plugin v24.9 - https:\/\/yoast.com\/wordpress\/plugins\/seo\/ -->\n<title>Archachatina marginata Eizellealbino K\u00f6rper \/ P17 | MegaPets<\/title>\n<meta name=\"robots\" content=\"index, follow, max-snippet:-1, max-image-preview:large, max-video-preview:-1\" \/>\n<link rel=\"canonical\" href=\"https:\/\/megapets.eu\/de\/schnecken\/archachatina-marginata-eizellealbino-koerper-p17\/\" \/>\n<meta property=\"og:locale\" content=\"de_DE\" \/>\n<meta property=\"og:type\" content=\"article\" \/>\n<meta property=\"og:title\" content=\"Archachatina marginata Eizellealbino K\u00f6rper \/ P17 | MegaPets\" \/>\n<meta property=\"og:description\" content=\"Gr\u00f6\u00dfe der Zielmuschel:  ca. 12-15 cm   Von einem nicht verwandten Paar:  P17   Angebotenes junges Exemplar:  ca. 5-6 cm   Der Preis bezieht sich auf:  1 St\u00fcck\" \/>\n<meta property=\"og:url\" content=\"https:\/\/megapets.eu\/de\/schnecken\/archachatina-marginata-eizellealbino-koerper-p17\/\" \/>\n<meta property=\"og:site_name\" content=\"MegaPets\" \/>\n<meta property=\"article:publisher\" content=\"https:\/\/www.facebook.com\/MegaPets.eu\/\" \/>\n<meta property=\"og:image\" content=\"https:\/\/megapets.eu\/wp-content\/uploads\/2025\/04\/P17-Golden-Topaz-EXCEL23.png\" \/>\n\t<meta property=\"og:image:width\" content=\"1047\" \/>\n\t<meta property=\"og:image:height\" content=\"696\" \/>\n\t<meta property=\"og:image:type\" content=\"image\/png\" \/>\n<meta name=\"twitter:card\" content=\"summary_large_image\" \/>\n<meta name=\"twitter:label1\" content=\"Gesch\u00e4tzte Lesezeit\" \/>\n\t<meta name=\"twitter:data1\" content=\"1\u00a0Minute\" \/>\n<script type=\"application\/ld+json\" class=\"yoast-schema-graph\">{\"@context\":\"https:\/\/schema.org\",\"@graph\":[{\"@type\":\"WebPage\",\"@id\":\"https:\/\/megapets.eu\/de\/schnecken\/archachatina-marginata-eizellealbino-koerper-p17\/\",\"url\":\"https:\/\/megapets.eu\/de\/schnecken\/archachatina-marginata-eizellealbino-koerper-p17\/\",\"name\":\"Archachatina marginata Eizelle albino K\u00f6rper \/ P17 | MegaPets\",\"isPartOf\":{\"@id\":\"https:\/\/megapets.eu\/de\/#website\"},\"primaryImageOfPage\":{\"@id\":\"https:\/\/megapets.eu\/de\/schnecken\/archachatina-marginata-eizellealbino-koerper-p17\/#primaryimage\"},\"image\":{\"@id\":\"https:\/\/megapets.eu\/de\/schnecken\/archachatina-marginata-eizellealbino-koerper-p17\/#primaryimage\"},\"thumbnailUrl\":\"https:\/\/megapets.eu\/wp-content\/uploads\/2025\/04\/P17-Golden-Topaz-EXCEL23.png\",\"datePublished\":\"2025-04-02T20:49:56+00:00\",\"breadcrumb\":{\"@id\":\"https:\/\/megapets.eu\/de\/schnecken\/archachatina-marginata-eizellealbino-koerper-p17\/#breadcrumb\"},\"inLanguage\":\"de\",\"potentialAction\":[{\"@type\":\"ReadAction\",\"target\":[\"https:\/\/megapets.eu\/de\/schnecken\/archachatina-marginata-eizellealbino-koerper-p17\/\"]}]},{\"@type\":\"ImageObject\",\"inLanguage\":\"de\",\"@id\":\"https:\/\/megapets.eu\/de\/schnecken\/archachatina-marginata-eizellealbino-koerper-p17\/#primaryimage\",\"url\":\"https:\/\/megapets.eu\/wp-content\/uploads\/2025\/04\/P17-Golden-Topaz-EXCEL23.png\",\"contentUrl\":\"https:\/\/megapets.eu\/wp-content\/uploads\/2025\/04\/P17-Golden-Topaz-EXCEL23.png\",\"width\":1047,\"height\":696},{\"@type\":\"BreadcrumbList\",\"@id\":\"https:\/\/megapets.eu\/de\/schnecken\/archachatina-marginata-eizellealbino-koerper-p17\/#breadcrumb\",\"itemListElement\":[{\"@type\":\"ListItem\",\"position\":1,\"name\":\"Strona g\u0142\u00f3wna\",\"item\":\"https:\/\/megapets.eu\/de\/startseite\/\"},{\"@type\":\"ListItem\",\"position\":2,\"name\":\"Shop\",\"item\":\"https:\/\/megapets.eu\/de\/shop\/\"},{\"@type\":\"ListItem\",\"position\":3,\"name\":\"Archachatina marginata Eizellealbino K\u00f6rper \/ P17\"}]},{\"@type\":\"WebSite\",\"@id\":\"https:\/\/megapets.eu\/de\/#website\",\"url\":\"https:\/\/megapets.eu\/de\/\",\"name\":\"Mega Pets\",\"description\":\"Jedna z najwi\u0119kszych hodowli \u015blimak\u00f3w w Europie\",\"publisher\":{\"@id\":\"https:\/\/megapets.eu\/de\/#organization\"},\"alternateName\":\"Mega Pets\",\"potentialAction\":[{\"@type\":\"SearchAction\",\"target\":{\"@type\":\"EntryPoint\",\"urlTemplate\":\"https:\/\/megapets.eu\/de\/?s={search_term_string}\"},\"query-input\":{\"@type\":\"PropertyValueSpecification\",\"valueRequired\":true,\"valueName\":\"search_term_string\"}}],\"inLanguage\":\"de\"},{\"@type\":\"Organization\",\"@id\":\"https:\/\/megapets.eu\/de\/#organization\",\"name\":\"Mega Pets\",\"url\":\"https:\/\/megapets.eu\/de\/\",\"logo\":{\"@type\":\"ImageObject\",\"inLanguage\":\"de\",\"@id\":\"https:\/\/megapets.eu\/de\/#\/schema\/logo\/image\/\",\"url\":\"https:\/\/megapets.eu\/wp-content\/uploads\/2025\/04\/megapets_eu-logo.png\",\"contentUrl\":\"https:\/\/megapets.eu\/wp-content\/uploads\/2025\/04\/megapets_eu-logo.png\",\"width\":2362,\"height\":2362,\"caption\":\"Mega Pets\"},\"image\":{\"@id\":\"https:\/\/megapets.eu\/de\/#\/schema\/logo\/image\/\"},\"sameAs\":[\"https:\/\/www.facebook.com\/MegaPets.eu\/\"]}]}<\/script>\n<!-- \/ Yoast SEO plugin. -->","yoast_head_json":{"title":"Archachatina marginata Eizellealbino K\u00f6rper \/ P17 | MegaPets","robots":{"index":"index","follow":"follow","max-snippet":"max-snippet:-1","max-image-preview":"max-image-preview:large","max-video-preview":"max-video-preview:-1"},"canonical":"https:\/\/megapets.eu\/de\/schnecken\/archachatina-marginata-eizellealbino-koerper-p17\/","og_locale":"de_DE","og_type":"article","og_title":"Archachatina marginata Eizellealbino K\u00f6rper \/ P17 | MegaPets","og_description":"Gr\u00f6\u00dfe der Zielmuschel:  ca. 12-15 cm   Von einem nicht verwandten Paar:  P17   Angebotenes junges Exemplar:  ca. 5-6 cm   Der Preis bezieht sich auf:  1 St\u00fcck","og_url":"https:\/\/megapets.eu\/de\/schnecken\/archachatina-marginata-eizellealbino-koerper-p17\/","og_site_name":"MegaPets","article_publisher":"https:\/\/www.facebook.com\/MegaPets.eu\/","og_image":[{"width":1047,"height":696,"url":"https:\/\/megapets.eu\/wp-content\/uploads\/2025\/04\/P17-Golden-Topaz-EXCEL23.png","type":"image\/png"}],"twitter_card":"summary_large_image","twitter_misc":{"Gesch\u00e4tzte Lesezeit":"1\u00a0Minute"},"schema":{"@context":"https:\/\/schema.org","@graph":[{"@type":"WebPage","@id":"https:\/\/megapets.eu\/de\/schnecken\/archachatina-marginata-eizellealbino-koerper-p17\/","url":"https:\/\/megapets.eu\/de\/schnecken\/archachatina-marginata-eizellealbino-koerper-p17\/","name":"Archachatina marginata Eizelle albino K\u00f6rper \/ P17 | MegaPets","isPartOf":{"@id":"https:\/\/megapets.eu\/de\/#website"},"primaryImageOfPage":{"@id":"https:\/\/megapets.eu\/de\/schnecken\/archachatina-marginata-eizellealbino-koerper-p17\/#primaryimage"},"image":{"@id":"https:\/\/megapets.eu\/de\/schnecken\/archachatina-marginata-eizellealbino-koerper-p17\/#primaryimage"},"thumbnailUrl":"https:\/\/megapets.eu\/wp-content\/uploads\/2025\/04\/P17-Golden-Topaz-EXCEL23.png","datePublished":"2025-04-02T20:49:56+00:00","breadcrumb":{"@id":"https:\/\/megapets.eu\/de\/schnecken\/archachatina-marginata-eizellealbino-koerper-p17\/#breadcrumb"},"inLanguage":"de","potentialAction":[{"@type":"ReadAction","target":["https:\/\/megapets.eu\/de\/schnecken\/archachatina-marginata-eizellealbino-koerper-p17\/"]}]},{"@type":"ImageObject","inLanguage":"de","@id":"https:\/\/megapets.eu\/de\/schnecken\/archachatina-marginata-eizellealbino-koerper-p17\/#primaryimage","url":"https:\/\/megapets.eu\/wp-content\/uploads\/2025\/04\/P17-Golden-Topaz-EXCEL23.png","contentUrl":"https:\/\/megapets.eu\/wp-content\/uploads\/2025\/04\/P17-Golden-Topaz-EXCEL23.png","width":1047,"height":696},{"@type":"BreadcrumbList","@id":"https:\/\/megapets.eu\/de\/schnecken\/archachatina-marginata-eizellealbino-koerper-p17\/#breadcrumb","itemListElement":[{"@type":"ListItem","position":1,"name":"Strona g\u0142\u00f3wna","item":"https:\/\/megapets.eu\/de\/startseite\/"},{"@type":"ListItem","position":2,"name":"Shop","item":"https:\/\/megapets.eu\/de\/shop\/"},{"@type":"ListItem","position":3,"name":"Archachatina marginata Eizellealbino K\u00f6rper \/ P17"}]},{"@type":"WebSite","@id":"https:\/\/megapets.eu\/de\/#website","url":"https:\/\/megapets.eu\/de\/","name":"Mega Pets","description":"Jedna z najwi\u0119kszych hodowli \u015blimak\u00f3w w Europie","publisher":{"@id":"https:\/\/megapets.eu\/de\/#organization"},"alternateName":"Mega Pets","potentialAction":[{"@type":"SearchAction","target":{"@type":"EntryPoint","urlTemplate":"https:\/\/megapets.eu\/de\/?s={search_term_string}"},"query-input":{"@type":"PropertyValueSpecification","valueRequired":true,"valueName":"search_term_string"}}],"inLanguage":"de"},{"@type":"Organization","@id":"https:\/\/megapets.eu\/de\/#organization","name":"Mega Pets","url":"https:\/\/megapets.eu\/de\/","logo":{"@type":"ImageObject","inLanguage":"de","@id":"https:\/\/megapets.eu\/de\/#\/schema\/logo\/image\/","url":"https:\/\/megapets.eu\/wp-content\/uploads\/2025\/04\/megapets_eu-logo.png","contentUrl":"https:\/\/megapets.eu\/wp-content\/uploads\/2025\/04\/megapets_eu-logo.png","width":2362,"height":2362,"caption":"Mega Pets"},"image":{"@id":"https:\/\/megapets.eu\/de\/#\/schema\/logo\/image\/"},"sameAs":["https:\/\/www.facebook.com\/MegaPets.eu\/"]}]}},"_links":{"self":[{"href":"https:\/\/megapets.eu\/de\/wp-json\/wp\/v2\/product\/3776","targetHints":{"allow":["GET"]}}],"collection":[{"href":"https:\/\/megapets.eu\/de\/wp-json\/wp\/v2\/product"}],"about":[{"href":"https:\/\/megapets.eu\/de\/wp-json\/wp\/v2\/types\/product"}],"wp:featuredmedia":[{"embeddable":true,"href":"https:\/\/megapets.eu\/de\/wp-json\/wp\/v2\/media\/3360"}],"wp:attachment":[{"href":"https:\/\/megapets.eu\/de\/wp-json\/wp\/v2\/media?parent=3776"}],"wp:term":[{"taxonomy":"product_cat","embeddable":true,"href":"https:\/\/megapets.eu\/de\/wp-json\/wp\/v2\/product_cat?post=3776"},{"taxonomy":"product_tag","embeddable":true,"href":"https:\/\/megapets.eu\/de\/wp-json\/wp\/v2\/product_tag?post=3776"}],"curies":[{"name":"wp","href":"https:\/\/api.w.org\/{rel}","templated":true}]}}