{"id":3781,"date":"2025-04-02T20:42:31","date_gmt":"2025-04-02T20:42:31","guid":{"rendered":"https:\/\/megapets.eu\/unkategorisiert\/archachatina-rhodostomaalbino-koerper-paar-p8\/"},"modified":"2025-06-28T07:58:50","modified_gmt":"2025-06-28T07:58:50","slug":"archachatina-rhodostomaalbino-koerper-paar-p8","status":"publish","type":"product","link":"https:\/\/megapets.eu\/de\/schnecken\/archachatina-rhodostomaalbino-koerper-paar-p8\/","title":{"rendered":"Archachatina rhodostoma<br>albino K\u00f6rper \/ Paar P8"},"content":{"rendered":"<p style=\"text-align: left;\"><span style=\"font-size: 15px;\"><strong><span style=\"color: #000000;\"><em>Spezies: <\/em><\/span><\/strong><span style=\"color: #000000;\"><em>Archachatina rhodostoma (R. A. Philippi, 1849)<\/em><\/span><strong><span style=\"color: #000000;\"><em><br \/>\nFarbvariante:<\/em><\/span><\/strong><span style=\"color: #000000;\"><em> Albino-K\u00f6rper<\/em><\/span><\/span><\/p>\n<p style=\"text-align: left;\"><span style=\"font-size: 15px;\"><strong><span style=\"color: #000000;\"><em><span style=\"color: #008000;\"><span style=\"color: #424242;\"><img decoding=\"async\" src=\"https:\/\/static.xx.fbcdn.net\/images\/emoji.php\/v9\/tb4\/1\/16\/2b50.png\" alt=\"\u2b50\ufe0f\"> <\/span><\/span><\/em><\/span><\/strong><span style=\"color: #000000;\"><em>Angebotene Jungtiere aus einem nicht verwandten Elternpaar. Dank der kontinuierlichen Auswahl geeigneter Partner und der Bildung von Paaren von Generation zu Generation werden unverwandte, reinrassige Zuchtlinien von sch\u00f6nen Riesen erfolgreich erhalten. <\/em><\/span><\/span><\/p>\n<p style=\"text-align: left;\"><span style=\"font-size: 15px;\"><span style=\"color: #000000;\"><em><span style=\"color: #008000;\"><span style=\"color: #424242;\"><img decoding=\"async\" src=\"https:\/\/static.xx.fbcdn.net\/images\/emoji.php\/v9\/t94\/1\/16\/1f49a.png\" alt=\"\ud83d\udc9a\"> <span style=\"color: #008000;\">Die smaragdgr\u00fcne Farbe des Geh\u00e4uses und der albinotische K\u00f6rper bilden eine der sch\u00f6nsten Farbkombinationen in der Schneckenf\u00e4rbung. Zum Zeitpunkt des Verkaufs ist das Geh\u00e4use der Babyschnecke braun und f\u00e4rbt sich ab etwa 6 cm Schale gr\u00fcn.  <\/span><\/span><\/span><\/em><\/span><\/span><\/p>\n<p style=\"text-align: left;\"><span style=\"color: #000000; font-size: 15px;\"><em><span class=\"x1xsqp64 xiy17q3 x1o6pynw x19co3pv xdj266r xcwd3tp xat24cr x39eecv x2b8uid\" data-testid=\"emoji\"><span class=\"xexx8yu xn5pp95 x18d9i69 x2fxd7x x3jgonx x1bhl96m\"><img loading=\"lazy\" decoding=\"async\" class=\"\" src=\"https:\/\/static.xx.fbcdn.net\/images\/emoji.php\/v9\/t66\/1\/32\/1f4cc.png\" alt=\"\ud83d\udccc\" width=\"18\" height=\"18\">  Die angestrebte Panzergr\u00f6\u00dfe eines erwachsenen Tieres betr\u00e4gt etwa 10-12 cm. <\/span><\/span><\/em><\/span><\/p>\n<p style=\"text-align: left;\"><span style=\"color: #000000; font-size: 15px;\"><em><img loading=\"lazy\" decoding=\"async\" class=\"xz74otr\" src=\"https:\/\/static.xx.fbcdn.net\/images\/emoji.php\/v9\/t1e\/1\/16\/1f33f.png\" alt=\"\ud83c\udf3f\" width=\"18\" height=\"18\"> <span style=\"color: #008000;\">Wie die meisten Arten der Gattung Archachatina sind diese Schnecken anspruchslos und gedeihen gut, wenn sie die grundlegenden Pflegebedingungen erf\u00fcllen.<\/span><\/em><\/span><\/p>\n","protected":false},"excerpt":{"rendered":"<ul>\n<li>Von einem nicht verwandten Paar:\n<ul>\n<li>P8<\/li>\n<\/ul>\n<\/li>\n<li>Gr\u00f6\u00dfe der Zielmuschel:\n<ul>\n<li>ca. 10-12 cm <\/li>\n<\/ul>\n<\/li>\n<li>Angebotenes junges Exemplar:\n<ul>\n<li>ca. 4 cm <\/li>\n<\/ul>\n<\/li>\n<li>Der Preis bezieht sich auf:\n<ul>\n<li>1 St\u00fcck<\/li>\n<\/ul>\n<\/li>\n<\/ul>\n","protected":false},"featured_media":3350,"template":"","meta":{"_acf_changed":false,"_links_to":"","_links_to_target":""},"product_cat":[69],"product_tag":[],"class_list":{"0":"post-3781","1":"product","2":"type-product","3":"status-publish","4":"has-post-thumbnail","6":"product_cat-schnecken","8":"first","9":"outofstock","10":"shipping-taxable","11":"purchasable","12":"product-type-simple"},"acf":[],"yoast_head":"<!-- This site is optimized with the Yoast SEO plugin v24.9 - https:\/\/yoast.com\/wordpress\/plugins\/seo\/ -->\n<title>Archachatina rhodostomaalbino K\u00f6rper \/ Paar P8 | MegaPets<\/title>\n<meta name=\"robots\" content=\"index, follow, max-snippet:-1, max-image-preview:large, max-video-preview:-1\" \/>\n<link rel=\"canonical\" href=\"https:\/\/megapets.eu\/de\/schnecken\/archachatina-rhodostomaalbino-koerper-paar-p8\/\" \/>\n<meta property=\"og:locale\" content=\"de_DE\" \/>\n<meta property=\"og:type\" content=\"article\" \/>\n<meta property=\"og:title\" content=\"Archachatina rhodostomaalbino K\u00f6rper \/ Paar P8 | MegaPets\" \/>\n<meta property=\"og:description\" content=\"Von einem nicht verwandten Paar:  P8   Gr\u00f6\u00dfe der Zielmuschel:  ca. 10-12 cm   Angebotenes junges Exemplar:  ca. 4 cm   Der Preis bezieht sich auf:  1 St\u00fcck\" \/>\n<meta property=\"og:url\" content=\"https:\/\/megapets.eu\/de\/schnecken\/archachatina-rhodostomaalbino-koerper-paar-p8\/\" \/>\n<meta property=\"og:site_name\" content=\"MegaPets\" \/>\n<meta property=\"article:publisher\" content=\"https:\/\/www.facebook.com\/MegaPets.eu\/\" \/>\n<meta property=\"article:modified_time\" content=\"2025-06-28T07:58:50+00:00\" \/>\n<meta property=\"og:image\" content=\"https:\/\/megapets.eu\/wp-content\/uploads\/2025\/04\/Cactus-P8-Excel.png\" \/>\n\t<meta property=\"og:image:width\" content=\"1046\" \/>\n\t<meta property=\"og:image:height\" content=\"691\" \/>\n\t<meta property=\"og:image:type\" content=\"image\/png\" \/>\n<meta name=\"twitter:card\" content=\"summary_large_image\" \/>\n<meta name=\"twitter:label1\" content=\"Gesch\u00e4tzte Lesezeit\" \/>\n\t<meta name=\"twitter:data1\" content=\"1\u00a0Minute\" \/>\n<script type=\"application\/ld+json\" class=\"yoast-schema-graph\">{\"@context\":\"https:\/\/schema.org\",\"@graph\":[{\"@type\":\"WebPage\",\"@id\":\"https:\/\/megapets.eu\/de\/schnecken\/archachatina-rhodostomaalbino-koerper-paar-p8\/\",\"url\":\"https:\/\/megapets.eu\/de\/schnecken\/archachatina-rhodostomaalbino-koerper-paar-p8\/\",\"name\":\"Archachatina rhodostoma albino K\u00f6rper \/ Paar P8 | MegaPets\",\"isPartOf\":{\"@id\":\"https:\/\/megapets.eu\/de\/#website\"},\"primaryImageOfPage\":{\"@id\":\"https:\/\/megapets.eu\/de\/schnecken\/archachatina-rhodostomaalbino-koerper-paar-p8\/#primaryimage\"},\"image\":{\"@id\":\"https:\/\/megapets.eu\/de\/schnecken\/archachatina-rhodostomaalbino-koerper-paar-p8\/#primaryimage\"},\"thumbnailUrl\":\"https:\/\/megapets.eu\/wp-content\/uploads\/2025\/04\/Cactus-P8-Excel.png\",\"datePublished\":\"2025-04-02T20:42:31+00:00\",\"dateModified\":\"2025-06-28T07:58:50+00:00\",\"breadcrumb\":{\"@id\":\"https:\/\/megapets.eu\/de\/schnecken\/archachatina-rhodostomaalbino-koerper-paar-p8\/#breadcrumb\"},\"inLanguage\":\"de\",\"potentialAction\":[{\"@type\":\"ReadAction\",\"target\":[\"https:\/\/megapets.eu\/de\/schnecken\/archachatina-rhodostomaalbino-koerper-paar-p8\/\"]}]},{\"@type\":\"ImageObject\",\"inLanguage\":\"de\",\"@id\":\"https:\/\/megapets.eu\/de\/schnecken\/archachatina-rhodostomaalbino-koerper-paar-p8\/#primaryimage\",\"url\":\"https:\/\/megapets.eu\/wp-content\/uploads\/2025\/04\/Cactus-P8-Excel.png\",\"contentUrl\":\"https:\/\/megapets.eu\/wp-content\/uploads\/2025\/04\/Cactus-P8-Excel.png\",\"width\":1046,\"height\":691},{\"@type\":\"BreadcrumbList\",\"@id\":\"https:\/\/megapets.eu\/de\/schnecken\/archachatina-rhodostomaalbino-koerper-paar-p8\/#breadcrumb\",\"itemListElement\":[{\"@type\":\"ListItem\",\"position\":1,\"name\":\"Strona g\u0142\u00f3wna\",\"item\":\"https:\/\/megapets.eu\/de\/startseite\/\"},{\"@type\":\"ListItem\",\"position\":2,\"name\":\"Shop\",\"item\":\"https:\/\/megapets.eu\/de\/shop\/\"},{\"@type\":\"ListItem\",\"position\":3,\"name\":\"Archachatina rhodostomaalbino K\u00f6rper \/ Paar P8\"}]},{\"@type\":\"WebSite\",\"@id\":\"https:\/\/megapets.eu\/de\/#website\",\"url\":\"https:\/\/megapets.eu\/de\/\",\"name\":\"Mega Pets\",\"description\":\"Jedna z najwi\u0119kszych hodowli \u015blimak\u00f3w w Europie\",\"publisher\":{\"@id\":\"https:\/\/megapets.eu\/de\/#organization\"},\"alternateName\":\"Mega Pets\",\"potentialAction\":[{\"@type\":\"SearchAction\",\"target\":{\"@type\":\"EntryPoint\",\"urlTemplate\":\"https:\/\/megapets.eu\/de\/?s={search_term_string}\"},\"query-input\":{\"@type\":\"PropertyValueSpecification\",\"valueRequired\":true,\"valueName\":\"search_term_string\"}}],\"inLanguage\":\"de\"},{\"@type\":\"Organization\",\"@id\":\"https:\/\/megapets.eu\/de\/#organization\",\"name\":\"Mega Pets\",\"url\":\"https:\/\/megapets.eu\/de\/\",\"logo\":{\"@type\":\"ImageObject\",\"inLanguage\":\"de\",\"@id\":\"https:\/\/megapets.eu\/de\/#\/schema\/logo\/image\/\",\"url\":\"https:\/\/megapets.eu\/wp-content\/uploads\/2025\/04\/megapets_eu-logo.png\",\"contentUrl\":\"https:\/\/megapets.eu\/wp-content\/uploads\/2025\/04\/megapets_eu-logo.png\",\"width\":2362,\"height\":2362,\"caption\":\"Mega Pets\"},\"image\":{\"@id\":\"https:\/\/megapets.eu\/de\/#\/schema\/logo\/image\/\"},\"sameAs\":[\"https:\/\/www.facebook.com\/MegaPets.eu\/\"]}]}<\/script>\n<!-- \/ Yoast SEO plugin. -->","yoast_head_json":{"title":"Archachatina rhodostomaalbino K\u00f6rper \/ Paar P8 | MegaPets","robots":{"index":"index","follow":"follow","max-snippet":"max-snippet:-1","max-image-preview":"max-image-preview:large","max-video-preview":"max-video-preview:-1"},"canonical":"https:\/\/megapets.eu\/de\/schnecken\/archachatina-rhodostomaalbino-koerper-paar-p8\/","og_locale":"de_DE","og_type":"article","og_title":"Archachatina rhodostomaalbino K\u00f6rper \/ Paar P8 | MegaPets","og_description":"Von einem nicht verwandten Paar:  P8   Gr\u00f6\u00dfe der Zielmuschel:  ca. 10-12 cm   Angebotenes junges Exemplar:  ca. 4 cm   Der Preis bezieht sich auf:  1 St\u00fcck","og_url":"https:\/\/megapets.eu\/de\/schnecken\/archachatina-rhodostomaalbino-koerper-paar-p8\/","og_site_name":"MegaPets","article_publisher":"https:\/\/www.facebook.com\/MegaPets.eu\/","article_modified_time":"2025-06-28T07:58:50+00:00","og_image":[{"width":1046,"height":691,"url":"https:\/\/megapets.eu\/wp-content\/uploads\/2025\/04\/Cactus-P8-Excel.png","type":"image\/png"}],"twitter_card":"summary_large_image","twitter_misc":{"Gesch\u00e4tzte Lesezeit":"1\u00a0Minute"},"schema":{"@context":"https:\/\/schema.org","@graph":[{"@type":"WebPage","@id":"https:\/\/megapets.eu\/de\/schnecken\/archachatina-rhodostomaalbino-koerper-paar-p8\/","url":"https:\/\/megapets.eu\/de\/schnecken\/archachatina-rhodostomaalbino-koerper-paar-p8\/","name":"Archachatina rhodostoma albino K\u00f6rper \/ Paar P8 | MegaPets","isPartOf":{"@id":"https:\/\/megapets.eu\/de\/#website"},"primaryImageOfPage":{"@id":"https:\/\/megapets.eu\/de\/schnecken\/archachatina-rhodostomaalbino-koerper-paar-p8\/#primaryimage"},"image":{"@id":"https:\/\/megapets.eu\/de\/schnecken\/archachatina-rhodostomaalbino-koerper-paar-p8\/#primaryimage"},"thumbnailUrl":"https:\/\/megapets.eu\/wp-content\/uploads\/2025\/04\/Cactus-P8-Excel.png","datePublished":"2025-04-02T20:42:31+00:00","dateModified":"2025-06-28T07:58:50+00:00","breadcrumb":{"@id":"https:\/\/megapets.eu\/de\/schnecken\/archachatina-rhodostomaalbino-koerper-paar-p8\/#breadcrumb"},"inLanguage":"de","potentialAction":[{"@type":"ReadAction","target":["https:\/\/megapets.eu\/de\/schnecken\/archachatina-rhodostomaalbino-koerper-paar-p8\/"]}]},{"@type":"ImageObject","inLanguage":"de","@id":"https:\/\/megapets.eu\/de\/schnecken\/archachatina-rhodostomaalbino-koerper-paar-p8\/#primaryimage","url":"https:\/\/megapets.eu\/wp-content\/uploads\/2025\/04\/Cactus-P8-Excel.png","contentUrl":"https:\/\/megapets.eu\/wp-content\/uploads\/2025\/04\/Cactus-P8-Excel.png","width":1046,"height":691},{"@type":"BreadcrumbList","@id":"https:\/\/megapets.eu\/de\/schnecken\/archachatina-rhodostomaalbino-koerper-paar-p8\/#breadcrumb","itemListElement":[{"@type":"ListItem","position":1,"name":"Strona g\u0142\u00f3wna","item":"https:\/\/megapets.eu\/de\/startseite\/"},{"@type":"ListItem","position":2,"name":"Shop","item":"https:\/\/megapets.eu\/de\/shop\/"},{"@type":"ListItem","position":3,"name":"Archachatina rhodostomaalbino K\u00f6rper \/ Paar P8"}]},{"@type":"WebSite","@id":"https:\/\/megapets.eu\/de\/#website","url":"https:\/\/megapets.eu\/de\/","name":"Mega Pets","description":"Jedna z najwi\u0119kszych hodowli \u015blimak\u00f3w w Europie","publisher":{"@id":"https:\/\/megapets.eu\/de\/#organization"},"alternateName":"Mega Pets","potentialAction":[{"@type":"SearchAction","target":{"@type":"EntryPoint","urlTemplate":"https:\/\/megapets.eu\/de\/?s={search_term_string}"},"query-input":{"@type":"PropertyValueSpecification","valueRequired":true,"valueName":"search_term_string"}}],"inLanguage":"de"},{"@type":"Organization","@id":"https:\/\/megapets.eu\/de\/#organization","name":"Mega Pets","url":"https:\/\/megapets.eu\/de\/","logo":{"@type":"ImageObject","inLanguage":"de","@id":"https:\/\/megapets.eu\/de\/#\/schema\/logo\/image\/","url":"https:\/\/megapets.eu\/wp-content\/uploads\/2025\/04\/megapets_eu-logo.png","contentUrl":"https:\/\/megapets.eu\/wp-content\/uploads\/2025\/04\/megapets_eu-logo.png","width":2362,"height":2362,"caption":"Mega Pets"},"image":{"@id":"https:\/\/megapets.eu\/de\/#\/schema\/logo\/image\/"},"sameAs":["https:\/\/www.facebook.com\/MegaPets.eu\/"]}]}},"_links":{"self":[{"href":"https:\/\/megapets.eu\/de\/wp-json\/wp\/v2\/product\/3781","targetHints":{"allow":["GET"]}}],"collection":[{"href":"https:\/\/megapets.eu\/de\/wp-json\/wp\/v2\/product"}],"about":[{"href":"https:\/\/megapets.eu\/de\/wp-json\/wp\/v2\/types\/product"}],"wp:featuredmedia":[{"embeddable":true,"href":"https:\/\/megapets.eu\/de\/wp-json\/wp\/v2\/media\/3350"}],"wp:attachment":[{"href":"https:\/\/megapets.eu\/de\/wp-json\/wp\/v2\/media?parent=3781"}],"wp:term":[{"taxonomy":"product_cat","embeddable":true,"href":"https:\/\/megapets.eu\/de\/wp-json\/wp\/v2\/product_cat?post=3781"},{"taxonomy":"product_tag","embeddable":true,"href":"https:\/\/megapets.eu\/de\/wp-json\/wp\/v2\/product_tag?post=3781"}],"curies":[{"name":"wp","href":"https:\/\/api.w.org\/{rel}","templated":true}]}}