{"id":3813,"date":"2024-10-17T20:44:27","date_gmt":"2024-10-17T20:44:27","guid":{"rendered":"https:\/\/megapets.eu\/unkategorisiert\/archachatina-marginata-ovum-xxlstandard-paar-p15\/"},"modified":"2024-10-17T20:44:27","modified_gmt":"2024-10-17T20:44:27","slug":"archachatina-marginata-ovum-xxlstandard-paar-p15","status":"publish","type":"product","link":"https:\/\/megapets.eu\/de\/schnecken\/archachatina-marginata-ovum-xxlstandard-paar-p15\/","title":{"rendered":"Archachatina marginata ovum XXL<br>standard \/ Paar P15"},"content":{"rendered":"<p class=\"v1v1v1v1MsoNormal\"><span style=\"color: #424242; font-size: 15px;\"><em><span style=\"color: #000000;\"><strong>Spezies:<\/strong> <\/span><\/em><span style=\"color: #000000;\"><em>Archachatina marginata ovum (L. Pfeiffer, 1858)<\/em><\/span><em><br \/>\n<strong><span style=\"color: #000000;\">Besondere Abstammungsbezeichnung: <\/span><\/strong><\/em> <em><span style=\"color: #000000;\">\u201eXXL\u201c<\/span><\/em><em><br \/>\n<span style=\"color: #000000;\"><strong>Farbvariante<\/strong>:<\/span><\/em> <em><span style=\"color: #000000;\">  Standard<\/span><\/em><\/span><\/p>\n<p style=\"text-align: left;\"><span style=\"font-size: 15px;\"><span style=\"color: #000000;\"><em><img loading=\"lazy\" decoding=\"async\" class=\"\" src=\"https:\/\/static.xx.fbcdn.net\/images\/emoji.php\/v9\/ta\/1\/32\/1f525.png\" alt=\"\ud83d\udd25\" width=\"18\" height=\"18\"> <\/em><\/span><em style=\"color: #000000;\"><span style=\"color: #008000;\"><span style=\"color: #424242;\"><span style=\"color: #993300;\">Eine der gr\u00f6\u00dften Landschnecken, die unbestrittenen Giganten Archachatina marginata ovum XXL, in der Standard-Farbvariante, bestechen auf den ersten Blick durch ihre kolossale Gr\u00f6\u00dfe. Die unter Schneckenliebhabern bekannten braunen Riesen erreichen eine beeindruckende Gr\u00f6\u00dfe von \u00fcber 16 cm im Geh\u00e4use. Das ist jedoch nicht die Grenze &#8211; es gibt auch Exemplare von au\u00dfergew\u00f6hnlicher Gr\u00f6\u00dfe, die zwischen 18-20 cm gro\u00df sind. Die Schalen der echten Riesen sind sehr breit und massiv, wobei eine Schnecke dieser Art \u00fcber ein halbes Kilogramm wiegt.   <\/span><\/span><\/span><\/em><\/span><\/p>\n<p style=\"text-align: left;\"><span style=\"color: #000000; font-size: 15px;\"><em><span class=\"x1xsqp64 xiy17q3 x1o6pynw x19co3pv xdj266r xcwd3tp xat24cr x39eecv x2b8uid\" data-testid=\"emoji\"><span class=\"xexx8yu xn5pp95 x18d9i69 x2fxd7x x3jgonx x1bhl96m\"><img loading=\"lazy\" decoding=\"async\" class=\"\" src=\"https:\/\/static.xx.fbcdn.net\/images\/emoji.php\/v9\/t66\/1\/32\/1f4cc.png\" alt=\"\ud83d\udccc\" width=\"18\" height=\"18\">  Die matte Schale hat kein einheitliches Farbschema &#8211; sie zeigt eine Skala von Gelb-, Orange-, Braun- und Schwarzt\u00f6nen und deren Schattierungen von unterschiedlicher Intensit\u00e4t und S\u00e4ttigung. Der Hintergrund der Schale ist dicht mit deutlichen Streifen, Zickzacklinien und Flecken gepunktet. Die Streifen, Zickzacklinien und Flecken sind manchmal so dicht verteilt, dass sie die k\u00f6rperliche Schnecke der Muschel fast vollst\u00e4ndig bedecken und ihr eine tiefe orange-braune Farbe verleihen oder die Muschel zu intensiven braun-schwarzen Schattierungen verdunkeln k\u00f6nnen.  <\/span><\/span><\/em><\/span><\/p>\n<p style=\"text-align: left;\"><span style=\"color: #000000; font-size: 15px;\"><em><img loading=\"lazy\" decoding=\"async\" class=\"xz74otr\" src=\"https:\/\/static.xx.fbcdn.net\/images\/emoji.php\/v9\/t1e\/1\/16\/1f33f.png\" alt=\"\ud83c\udf3f\" width=\"18\" height=\"18\"> <span style=\"color: #008000;\">Wie die meisten Arten der Gattung Archachatina sind diese Schnecken anspruchslos und gedeihen gut, wenn sie die grundlegenden Pflegebedingungen erf\u00fcllen.<\/span><\/em><\/span><\/p>\n","protected":false},"excerpt":{"rendered":"<ul>\n<li>Von einem nicht verwandten Paar:\n<ul>\n<li>P15<\/li>\n<\/ul>\n<\/li>\n<li>Gr\u00f6\u00dfe der Zielmuschel:\n<ul>\n<li>ca. 16 cm und mehr <\/li>\n<\/ul>\n<\/li>\n<li>Angebotenes junges Exemplar:\n<ul>\n<li>ca. 5-6 cm <\/li>\n<\/ul>\n<\/li>\n<li>Der Preis bezieht sich auf:\n<ul>\n<li>1 St\u00fcck<\/li>\n<\/ul>\n<\/li>\n<\/ul>\n","protected":false},"featured_media":3456,"template":"","meta":{"_acf_changed":false,"_links_to":"","_links_to_target":""},"product_cat":[69],"product_tag":[],"class_list":{"0":"post-3813","1":"product","2":"type-product","3":"status-publish","4":"has-post-thumbnail","6":"product_cat-schnecken","8":"first","9":"outofstock","10":"shipping-taxable","11":"purchasable","12":"product-type-simple"},"acf":[],"yoast_head":"<!-- This site is optimized with the Yoast SEO plugin v24.9 - https:\/\/yoast.com\/wordpress\/plugins\/seo\/ -->\n<title>Archachatina marginata ovum XXLstandard \/ Paar P15 | MegaPets<\/title>\n<meta name=\"robots\" content=\"index, follow, max-snippet:-1, max-image-preview:large, max-video-preview:-1\" \/>\n<link rel=\"canonical\" href=\"https:\/\/megapets.eu\/de\/schnecken\/archachatina-marginata-ovum-xxlstandard-paar-p15\/\" \/>\n<meta property=\"og:locale\" content=\"de_DE\" \/>\n<meta property=\"og:type\" content=\"article\" \/>\n<meta property=\"og:title\" content=\"Archachatina marginata ovum XXLstandard \/ Paar P15 | MegaPets\" \/>\n<meta property=\"og:description\" content=\"Von einem nicht verwandten Paar:  P15   Gr\u00f6\u00dfe der Zielmuschel:  ca. 16 cm und mehr   Angebotenes junges Exemplar:  ca. 5-6 cm   Der Preis bezieht sich auf:  1 St\u00fcck\" \/>\n<meta property=\"og:url\" content=\"https:\/\/megapets.eu\/de\/schnecken\/archachatina-marginata-ovum-xxlstandard-paar-p15\/\" \/>\n<meta property=\"og:site_name\" content=\"MegaPets\" \/>\n<meta property=\"article:publisher\" content=\"https:\/\/www.facebook.com\/MegaPets.eu\/\" \/>\n<meta property=\"og:image\" content=\"https:\/\/megapets.eu\/wp-content\/uploads\/2024\/10\/P15-Logo-EX.png\" \/>\n\t<meta property=\"og:image:width\" content=\"1032\" \/>\n\t<meta property=\"og:image:height\" content=\"689\" \/>\n\t<meta property=\"og:image:type\" content=\"image\/png\" \/>\n<meta name=\"twitter:card\" content=\"summary_large_image\" \/>\n<meta name=\"twitter:label1\" content=\"Gesch\u00e4tzte Lesezeit\" \/>\n\t<meta name=\"twitter:data1\" content=\"1\u00a0Minute\" \/>\n<script type=\"application\/ld+json\" class=\"yoast-schema-graph\">{\"@context\":\"https:\/\/schema.org\",\"@graph\":[{\"@type\":\"WebPage\",\"@id\":\"https:\/\/megapets.eu\/de\/schnecken\/archachatina-marginata-ovum-xxlstandard-paar-p15\/\",\"url\":\"https:\/\/megapets.eu\/de\/schnecken\/archachatina-marginata-ovum-xxlstandard-paar-p15\/\",\"name\":\"Archachatina marginata ovum XXL standard \/ Paar P15 | MegaPets\",\"isPartOf\":{\"@id\":\"https:\/\/megapets.eu\/de\/#website\"},\"primaryImageOfPage\":{\"@id\":\"https:\/\/megapets.eu\/de\/schnecken\/archachatina-marginata-ovum-xxlstandard-paar-p15\/#primaryimage\"},\"image\":{\"@id\":\"https:\/\/megapets.eu\/de\/schnecken\/archachatina-marginata-ovum-xxlstandard-paar-p15\/#primaryimage\"},\"thumbnailUrl\":\"https:\/\/megapets.eu\/wp-content\/uploads\/2024\/10\/P15-Logo-EX.png\",\"datePublished\":\"2024-10-17T20:44:27+00:00\",\"breadcrumb\":{\"@id\":\"https:\/\/megapets.eu\/de\/schnecken\/archachatina-marginata-ovum-xxlstandard-paar-p15\/#breadcrumb\"},\"inLanguage\":\"de\",\"potentialAction\":[{\"@type\":\"ReadAction\",\"target\":[\"https:\/\/megapets.eu\/de\/schnecken\/archachatina-marginata-ovum-xxlstandard-paar-p15\/\"]}]},{\"@type\":\"ImageObject\",\"inLanguage\":\"de\",\"@id\":\"https:\/\/megapets.eu\/de\/schnecken\/archachatina-marginata-ovum-xxlstandard-paar-p15\/#primaryimage\",\"url\":\"https:\/\/megapets.eu\/wp-content\/uploads\/2024\/10\/P15-Logo-EX.png\",\"contentUrl\":\"https:\/\/megapets.eu\/wp-content\/uploads\/2024\/10\/P15-Logo-EX.png\",\"width\":1032,\"height\":689},{\"@type\":\"BreadcrumbList\",\"@id\":\"https:\/\/megapets.eu\/de\/schnecken\/archachatina-marginata-ovum-xxlstandard-paar-p15\/#breadcrumb\",\"itemListElement\":[{\"@type\":\"ListItem\",\"position\":1,\"name\":\"Strona g\u0142\u00f3wna\",\"item\":\"https:\/\/megapets.eu\/de\/startseite\/\"},{\"@type\":\"ListItem\",\"position\":2,\"name\":\"Shop\",\"item\":\"https:\/\/megapets.eu\/de\/shop\/\"},{\"@type\":\"ListItem\",\"position\":3,\"name\":\"Archachatina marginata ovum XXLstandard \/ Paar P15\"}]},{\"@type\":\"WebSite\",\"@id\":\"https:\/\/megapets.eu\/de\/#website\",\"url\":\"https:\/\/megapets.eu\/de\/\",\"name\":\"Mega Pets\",\"description\":\"Jedna z najwi\u0119kszych hodowli \u015blimak\u00f3w w Europie\",\"publisher\":{\"@id\":\"https:\/\/megapets.eu\/de\/#organization\"},\"alternateName\":\"Mega Pets\",\"potentialAction\":[{\"@type\":\"SearchAction\",\"target\":{\"@type\":\"EntryPoint\",\"urlTemplate\":\"https:\/\/megapets.eu\/de\/?s={search_term_string}\"},\"query-input\":{\"@type\":\"PropertyValueSpecification\",\"valueRequired\":true,\"valueName\":\"search_term_string\"}}],\"inLanguage\":\"de\"},{\"@type\":\"Organization\",\"@id\":\"https:\/\/megapets.eu\/de\/#organization\",\"name\":\"Mega Pets\",\"url\":\"https:\/\/megapets.eu\/de\/\",\"logo\":{\"@type\":\"ImageObject\",\"inLanguage\":\"de\",\"@id\":\"https:\/\/megapets.eu\/de\/#\/schema\/logo\/image\/\",\"url\":\"https:\/\/megapets.eu\/wp-content\/uploads\/2025\/04\/megapets_eu-logo.png\",\"contentUrl\":\"https:\/\/megapets.eu\/wp-content\/uploads\/2025\/04\/megapets_eu-logo.png\",\"width\":2362,\"height\":2362,\"caption\":\"Mega Pets\"},\"image\":{\"@id\":\"https:\/\/megapets.eu\/de\/#\/schema\/logo\/image\/\"},\"sameAs\":[\"https:\/\/www.facebook.com\/MegaPets.eu\/\"]}]}<\/script>\n<!-- \/ Yoast SEO plugin. -->","yoast_head_json":{"title":"Archachatina marginata ovum XXLstandard \/ Paar P15 | MegaPets","robots":{"index":"index","follow":"follow","max-snippet":"max-snippet:-1","max-image-preview":"max-image-preview:large","max-video-preview":"max-video-preview:-1"},"canonical":"https:\/\/megapets.eu\/de\/schnecken\/archachatina-marginata-ovum-xxlstandard-paar-p15\/","og_locale":"de_DE","og_type":"article","og_title":"Archachatina marginata ovum XXLstandard \/ Paar P15 | MegaPets","og_description":"Von einem nicht verwandten Paar:  P15   Gr\u00f6\u00dfe der Zielmuschel:  ca. 16 cm und mehr   Angebotenes junges Exemplar:  ca. 5-6 cm   Der Preis bezieht sich auf:  1 St\u00fcck","og_url":"https:\/\/megapets.eu\/de\/schnecken\/archachatina-marginata-ovum-xxlstandard-paar-p15\/","og_site_name":"MegaPets","article_publisher":"https:\/\/www.facebook.com\/MegaPets.eu\/","og_image":[{"width":1032,"height":689,"url":"https:\/\/megapets.eu\/wp-content\/uploads\/2024\/10\/P15-Logo-EX.png","type":"image\/png"}],"twitter_card":"summary_large_image","twitter_misc":{"Gesch\u00e4tzte Lesezeit":"1\u00a0Minute"},"schema":{"@context":"https:\/\/schema.org","@graph":[{"@type":"WebPage","@id":"https:\/\/megapets.eu\/de\/schnecken\/archachatina-marginata-ovum-xxlstandard-paar-p15\/","url":"https:\/\/megapets.eu\/de\/schnecken\/archachatina-marginata-ovum-xxlstandard-paar-p15\/","name":"Archachatina marginata ovum XXL standard \/ Paar P15 | MegaPets","isPartOf":{"@id":"https:\/\/megapets.eu\/de\/#website"},"primaryImageOfPage":{"@id":"https:\/\/megapets.eu\/de\/schnecken\/archachatina-marginata-ovum-xxlstandard-paar-p15\/#primaryimage"},"image":{"@id":"https:\/\/megapets.eu\/de\/schnecken\/archachatina-marginata-ovum-xxlstandard-paar-p15\/#primaryimage"},"thumbnailUrl":"https:\/\/megapets.eu\/wp-content\/uploads\/2024\/10\/P15-Logo-EX.png","datePublished":"2024-10-17T20:44:27+00:00","breadcrumb":{"@id":"https:\/\/megapets.eu\/de\/schnecken\/archachatina-marginata-ovum-xxlstandard-paar-p15\/#breadcrumb"},"inLanguage":"de","potentialAction":[{"@type":"ReadAction","target":["https:\/\/megapets.eu\/de\/schnecken\/archachatina-marginata-ovum-xxlstandard-paar-p15\/"]}]},{"@type":"ImageObject","inLanguage":"de","@id":"https:\/\/megapets.eu\/de\/schnecken\/archachatina-marginata-ovum-xxlstandard-paar-p15\/#primaryimage","url":"https:\/\/megapets.eu\/wp-content\/uploads\/2024\/10\/P15-Logo-EX.png","contentUrl":"https:\/\/megapets.eu\/wp-content\/uploads\/2024\/10\/P15-Logo-EX.png","width":1032,"height":689},{"@type":"BreadcrumbList","@id":"https:\/\/megapets.eu\/de\/schnecken\/archachatina-marginata-ovum-xxlstandard-paar-p15\/#breadcrumb","itemListElement":[{"@type":"ListItem","position":1,"name":"Strona g\u0142\u00f3wna","item":"https:\/\/megapets.eu\/de\/startseite\/"},{"@type":"ListItem","position":2,"name":"Shop","item":"https:\/\/megapets.eu\/de\/shop\/"},{"@type":"ListItem","position":3,"name":"Archachatina marginata ovum XXLstandard \/ Paar P15"}]},{"@type":"WebSite","@id":"https:\/\/megapets.eu\/de\/#website","url":"https:\/\/megapets.eu\/de\/","name":"Mega Pets","description":"Jedna z najwi\u0119kszych hodowli \u015blimak\u00f3w w Europie","publisher":{"@id":"https:\/\/megapets.eu\/de\/#organization"},"alternateName":"Mega Pets","potentialAction":[{"@type":"SearchAction","target":{"@type":"EntryPoint","urlTemplate":"https:\/\/megapets.eu\/de\/?s={search_term_string}"},"query-input":{"@type":"PropertyValueSpecification","valueRequired":true,"valueName":"search_term_string"}}],"inLanguage":"de"},{"@type":"Organization","@id":"https:\/\/megapets.eu\/de\/#organization","name":"Mega Pets","url":"https:\/\/megapets.eu\/de\/","logo":{"@type":"ImageObject","inLanguage":"de","@id":"https:\/\/megapets.eu\/de\/#\/schema\/logo\/image\/","url":"https:\/\/megapets.eu\/wp-content\/uploads\/2025\/04\/megapets_eu-logo.png","contentUrl":"https:\/\/megapets.eu\/wp-content\/uploads\/2025\/04\/megapets_eu-logo.png","width":2362,"height":2362,"caption":"Mega Pets"},"image":{"@id":"https:\/\/megapets.eu\/de\/#\/schema\/logo\/image\/"},"sameAs":["https:\/\/www.facebook.com\/MegaPets.eu\/"]}]}},"_links":{"self":[{"href":"https:\/\/megapets.eu\/de\/wp-json\/wp\/v2\/product\/3813","targetHints":{"allow":["GET"]}}],"collection":[{"href":"https:\/\/megapets.eu\/de\/wp-json\/wp\/v2\/product"}],"about":[{"href":"https:\/\/megapets.eu\/de\/wp-json\/wp\/v2\/types\/product"}],"wp:featuredmedia":[{"embeddable":true,"href":"https:\/\/megapets.eu\/de\/wp-json\/wp\/v2\/media\/3456"}],"wp:attachment":[{"href":"https:\/\/megapets.eu\/de\/wp-json\/wp\/v2\/media?parent=3813"}],"wp:term":[{"taxonomy":"product_cat","embeddable":true,"href":"https:\/\/megapets.eu\/de\/wp-json\/wp\/v2\/product_cat?post=3813"},{"taxonomy":"product_tag","embeddable":true,"href":"https:\/\/megapets.eu\/de\/wp-json\/wp\/v2\/product_tag?post=3813"}],"curies":[{"name":"wp","href":"https:\/\/api.w.org\/{rel}","templated":true}]}}