{"id":3817,"date":"2024-10-08T08:29:19","date_gmt":"2024-10-08T08:29:19","guid":{"rendered":"https:\/\/megapets.eu\/unkategorisiert\/moos-sphagnum-250-mlfuer-vipern-asseln-kakerlaken\/"},"modified":"2024-10-08T08:29:19","modified_gmt":"2024-10-08T08:29:19","slug":"moos-sphagnum-250-mlfuer-vipern-asseln-kakerlaken","status":"publish","type":"product","link":"https:\/\/megapets.eu\/de\/zubehoer\/moos-sphagnum-250-mlfuer-vipern-asseln-kakerlaken\/","title":{"rendered":"Moos Sphagnum 250 ml<br>f\u00fcr Vipern, Asseln, Kakerlaken"},"content":{"rendered":"<p><strong><span style=\"color: #e87020; font-size: 15px;\"><em><span style=\"color: #e87020;\"><span style=\"font-size: 15px;\">Moos Sphagnum 250 ml<\/span><\/span> f\u00fcr<span style=\"color: #e87020;\"> Vipern,<\/span> Asseln, Kakerlaken<\/em><\/span><\/strong><\/p>\n<p><strong><span style=\"color: #e87020; font-size: 15px;\"><em>Eine Packung enth\u00e4lt 250 ml, w\u00e4rmebehandeltes Moos.  <\/em><\/span><\/strong><\/p>\n<p><strong><span style=\"color: #e87020; font-size: 15px;\"><em>Der Preis gilt f\u00fcr 1 Packung.<\/em><\/span><\/strong><\/p>\n<p>&nbsp;<\/p>\n<p><em><span style=\"color: #424242;\"><strong><span style=\"font-size: 15px;\">Sphagnum-Moos, auch bekannt als Torfmoos, ist ein nat\u00fcrlicher, hervorragender Substratzusatz f\u00fcr Vipern, Krokodile, Schaben und Asseln (Prosimianen, Culaniden), Reptilien, Amphibien und wird h\u00e4ufig im Gartenbau, in der Pflanzenzucht und in der Terraristik verwendet. Seine einzigartigen Eigenschaften machen es sowohl f\u00fcr Pflanzenliebhaber als auch f\u00fcr Z\u00fcchter exotischer Tiere unverzichtbar. <\/span><\/strong><\/span><\/em><\/p>\n<p>&nbsp;<\/p>\n<p><em><span style=\"color: #424242;\"><strong><span style=\"font-size: 15px;\">Sphagnum hat antibakterielle und antimykotische Eigenschaften, ist in der Lage, Wasser zu speichern, wodurch es sich ideal als Substratkomponente f\u00fcr Pflanzen eignet, die eine konstante Feuchtigkeit ben\u00f6tigen, und verhindert ein Absinken der Luftfeuchtigkeit im Terrarium. Seine nat\u00fcrliche F\u00e4higkeit, Feuchtigkeit zu speichern, tr\u00e4gt zur Aufrechterhaltung eines angemessenen Mikroklimas in tropischen Terrarien bei und spielt auch eine dekorative Rolle, indem es dem Inneren des Terrariums ein nat\u00fcrliches Aussehen verleiht. <\/span><\/strong><\/span><\/em><\/p>\n<p>&nbsp;<\/p>\n","protected":false},"excerpt":{"rendered":"<ul class=\"product_attributes\">\n<li><span style=\"color: #555555;\">W\u00e4rmebehandelt<\/span><\/li>\n<li><span style=\"color: #555555;\">Die Packung enth\u00e4lt:<\/span> 250 ml<\/li>\n<li><span style=\"color: #555555;\">Der Preis bezieht sich auf:<\/span> 1 Packung.<\/li>\n<\/ul>\n","protected":false},"featured_media":3046,"template":"","meta":{"_acf_changed":false,"_links_to":"","_links_to_target":""},"product_cat":[71],"product_tag":[88,91,89,90,92],"class_list":{"0":"post-3817","1":"product","2":"type-product","3":"status-publish","4":"has-post-thumbnail","6":"product_cat-zubehoer","7":"product_tag-fur-die-tauschungen","8":"product_tag-fur-gottesanbeterinnen","9":"product_tag-fur-isopoden","10":"product_tag-fur-kakerlaken","11":"product_tag-fur-spinnentiere","13":"first","14":"instock","15":"shipping-taxable","16":"purchasable","17":"product-type-simple"},"acf":[],"yoast_head":"<!-- This site is optimized with the Yoast SEO plugin v24.9 - https:\/\/yoast.com\/wordpress\/plugins\/seo\/ -->\n<title>Moos Sphagnum 250 mlf\u00fcr Vipern, Asseln, Kakerlaken | MegaPets<\/title>\n<meta name=\"robots\" content=\"index, follow, max-snippet:-1, max-image-preview:large, max-video-preview:-1\" \/>\n<link rel=\"canonical\" href=\"https:\/\/megapets.eu\/de\/zubehoer\/moos-sphagnum-250-mlfuer-vipern-asseln-kakerlaken\/\" \/>\n<meta property=\"og:locale\" content=\"de_DE\" \/>\n<meta property=\"og:type\" content=\"article\" \/>\n<meta property=\"og:title\" content=\"Moos Sphagnum 250 mlf\u00fcr Vipern, Asseln, Kakerlaken | MegaPets\" \/>\n<meta property=\"og:description\" content=\"W\u00e4rmebehandelt  Die Packung enth\u00e4lt: 250 ml  Der Preis bezieht sich auf: 1 Packung.\" \/>\n<meta property=\"og:url\" content=\"https:\/\/megapets.eu\/de\/zubehoer\/moos-sphagnum-250-mlfuer-vipern-asseln-kakerlaken\/\" \/>\n<meta property=\"og:site_name\" content=\"MegaPets\" \/>\n<meta property=\"article:publisher\" content=\"https:\/\/www.facebook.com\/MegaPets.eu\/\" \/>\n<meta property=\"og:image\" content=\"https:\/\/megapets.eu\/wp-content\/uploads\/2024\/10\/IMG_2710-e1728376213603.jpg\" \/>\n\t<meta property=\"og:image:width\" content=\"1474\" \/>\n\t<meta property=\"og:image:height\" content=\"1000\" \/>\n\t<meta property=\"og:image:type\" content=\"image\/jpeg\" \/>\n<meta name=\"twitter:card\" content=\"summary_large_image\" \/>\n<meta name=\"twitter:label1\" content=\"Gesch\u00e4tzte Lesezeit\" \/>\n\t<meta name=\"twitter:data1\" content=\"1\u00a0Minute\" \/>\n<script type=\"application\/ld+json\" class=\"yoast-schema-graph\">{\"@context\":\"https:\/\/schema.org\",\"@graph\":[{\"@type\":\"WebPage\",\"@id\":\"https:\/\/megapets.eu\/de\/zubehoer\/moos-sphagnum-250-mlfuer-vipern-asseln-kakerlaken\/\",\"url\":\"https:\/\/megapets.eu\/de\/zubehoer\/moos-sphagnum-250-mlfuer-vipern-asseln-kakerlaken\/\",\"name\":\"Moos Sphagnum 250 ml f\u00fcr Vipern, Asseln, Kakerlaken | MegaPets\",\"isPartOf\":{\"@id\":\"https:\/\/megapets.eu\/de\/#website\"},\"primaryImageOfPage\":{\"@id\":\"https:\/\/megapets.eu\/de\/zubehoer\/moos-sphagnum-250-mlfuer-vipern-asseln-kakerlaken\/#primaryimage\"},\"image\":{\"@id\":\"https:\/\/megapets.eu\/de\/zubehoer\/moos-sphagnum-250-mlfuer-vipern-asseln-kakerlaken\/#primaryimage\"},\"thumbnailUrl\":\"https:\/\/megapets.eu\/wp-content\/uploads\/2024\/10\/IMG_2710-e1728376213603.jpg\",\"datePublished\":\"2024-10-08T08:29:19+00:00\",\"breadcrumb\":{\"@id\":\"https:\/\/megapets.eu\/de\/zubehoer\/moos-sphagnum-250-mlfuer-vipern-asseln-kakerlaken\/#breadcrumb\"},\"inLanguage\":\"de\",\"potentialAction\":[{\"@type\":\"ReadAction\",\"target\":[\"https:\/\/megapets.eu\/de\/zubehoer\/moos-sphagnum-250-mlfuer-vipern-asseln-kakerlaken\/\"]}]},{\"@type\":\"ImageObject\",\"inLanguage\":\"de\",\"@id\":\"https:\/\/megapets.eu\/de\/zubehoer\/moos-sphagnum-250-mlfuer-vipern-asseln-kakerlaken\/#primaryimage\",\"url\":\"https:\/\/megapets.eu\/wp-content\/uploads\/2024\/10\/IMG_2710-e1728376213603.jpg\",\"contentUrl\":\"https:\/\/megapets.eu\/wp-content\/uploads\/2024\/10\/IMG_2710-e1728376213603.jpg\",\"width\":1474,\"height\":1000},{\"@type\":\"BreadcrumbList\",\"@id\":\"https:\/\/megapets.eu\/de\/zubehoer\/moos-sphagnum-250-mlfuer-vipern-asseln-kakerlaken\/#breadcrumb\",\"itemListElement\":[{\"@type\":\"ListItem\",\"position\":1,\"name\":\"Strona g\u0142\u00f3wna\",\"item\":\"https:\/\/megapets.eu\/de\/startseite\/\"},{\"@type\":\"ListItem\",\"position\":2,\"name\":\"Shop\",\"item\":\"https:\/\/megapets.eu\/de\/shop\/\"},{\"@type\":\"ListItem\",\"position\":3,\"name\":\"Moos Sphagnum 250 mlf\u00fcr Vipern, Asseln, Kakerlaken\"}]},{\"@type\":\"WebSite\",\"@id\":\"https:\/\/megapets.eu\/de\/#website\",\"url\":\"https:\/\/megapets.eu\/de\/\",\"name\":\"Mega Pets\",\"description\":\"Jedna z najwi\u0119kszych hodowli \u015blimak\u00f3w w Europie\",\"publisher\":{\"@id\":\"https:\/\/megapets.eu\/de\/#organization\"},\"alternateName\":\"Mega Pets\",\"potentialAction\":[{\"@type\":\"SearchAction\",\"target\":{\"@type\":\"EntryPoint\",\"urlTemplate\":\"https:\/\/megapets.eu\/de\/?s={search_term_string}\"},\"query-input\":{\"@type\":\"PropertyValueSpecification\",\"valueRequired\":true,\"valueName\":\"search_term_string\"}}],\"inLanguage\":\"de\"},{\"@type\":\"Organization\",\"@id\":\"https:\/\/megapets.eu\/de\/#organization\",\"name\":\"Mega Pets\",\"url\":\"https:\/\/megapets.eu\/de\/\",\"logo\":{\"@type\":\"ImageObject\",\"inLanguage\":\"de\",\"@id\":\"https:\/\/megapets.eu\/de\/#\/schema\/logo\/image\/\",\"url\":\"https:\/\/megapets.eu\/wp-content\/uploads\/2025\/04\/megapets_eu-logo.png\",\"contentUrl\":\"https:\/\/megapets.eu\/wp-content\/uploads\/2025\/04\/megapets_eu-logo.png\",\"width\":2362,\"height\":2362,\"caption\":\"Mega Pets\"},\"image\":{\"@id\":\"https:\/\/megapets.eu\/de\/#\/schema\/logo\/image\/\"},\"sameAs\":[\"https:\/\/www.facebook.com\/MegaPets.eu\/\"]}]}<\/script>\n<!-- \/ Yoast SEO plugin. -->","yoast_head_json":{"title":"Moos Sphagnum 250 mlf\u00fcr Vipern, Asseln, Kakerlaken | MegaPets","robots":{"index":"index","follow":"follow","max-snippet":"max-snippet:-1","max-image-preview":"max-image-preview:large","max-video-preview":"max-video-preview:-1"},"canonical":"https:\/\/megapets.eu\/de\/zubehoer\/moos-sphagnum-250-mlfuer-vipern-asseln-kakerlaken\/","og_locale":"de_DE","og_type":"article","og_title":"Moos Sphagnum 250 mlf\u00fcr Vipern, Asseln, Kakerlaken | MegaPets","og_description":"W\u00e4rmebehandelt  Die Packung enth\u00e4lt: 250 ml  Der Preis bezieht sich auf: 1 Packung.","og_url":"https:\/\/megapets.eu\/de\/zubehoer\/moos-sphagnum-250-mlfuer-vipern-asseln-kakerlaken\/","og_site_name":"MegaPets","article_publisher":"https:\/\/www.facebook.com\/MegaPets.eu\/","og_image":[{"width":1474,"height":1000,"url":"https:\/\/megapets.eu\/wp-content\/uploads\/2024\/10\/IMG_2710-e1728376213603.jpg","type":"image\/jpeg"}],"twitter_card":"summary_large_image","twitter_misc":{"Gesch\u00e4tzte Lesezeit":"1\u00a0Minute"},"schema":{"@context":"https:\/\/schema.org","@graph":[{"@type":"WebPage","@id":"https:\/\/megapets.eu\/de\/zubehoer\/moos-sphagnum-250-mlfuer-vipern-asseln-kakerlaken\/","url":"https:\/\/megapets.eu\/de\/zubehoer\/moos-sphagnum-250-mlfuer-vipern-asseln-kakerlaken\/","name":"Moos Sphagnum 250 ml f\u00fcr Vipern, Asseln, Kakerlaken | MegaPets","isPartOf":{"@id":"https:\/\/megapets.eu\/de\/#website"},"primaryImageOfPage":{"@id":"https:\/\/megapets.eu\/de\/zubehoer\/moos-sphagnum-250-mlfuer-vipern-asseln-kakerlaken\/#primaryimage"},"image":{"@id":"https:\/\/megapets.eu\/de\/zubehoer\/moos-sphagnum-250-mlfuer-vipern-asseln-kakerlaken\/#primaryimage"},"thumbnailUrl":"https:\/\/megapets.eu\/wp-content\/uploads\/2024\/10\/IMG_2710-e1728376213603.jpg","datePublished":"2024-10-08T08:29:19+00:00","breadcrumb":{"@id":"https:\/\/megapets.eu\/de\/zubehoer\/moos-sphagnum-250-mlfuer-vipern-asseln-kakerlaken\/#breadcrumb"},"inLanguage":"de","potentialAction":[{"@type":"ReadAction","target":["https:\/\/megapets.eu\/de\/zubehoer\/moos-sphagnum-250-mlfuer-vipern-asseln-kakerlaken\/"]}]},{"@type":"ImageObject","inLanguage":"de","@id":"https:\/\/megapets.eu\/de\/zubehoer\/moos-sphagnum-250-mlfuer-vipern-asseln-kakerlaken\/#primaryimage","url":"https:\/\/megapets.eu\/wp-content\/uploads\/2024\/10\/IMG_2710-e1728376213603.jpg","contentUrl":"https:\/\/megapets.eu\/wp-content\/uploads\/2024\/10\/IMG_2710-e1728376213603.jpg","width":1474,"height":1000},{"@type":"BreadcrumbList","@id":"https:\/\/megapets.eu\/de\/zubehoer\/moos-sphagnum-250-mlfuer-vipern-asseln-kakerlaken\/#breadcrumb","itemListElement":[{"@type":"ListItem","position":1,"name":"Strona g\u0142\u00f3wna","item":"https:\/\/megapets.eu\/de\/startseite\/"},{"@type":"ListItem","position":2,"name":"Shop","item":"https:\/\/megapets.eu\/de\/shop\/"},{"@type":"ListItem","position":3,"name":"Moos Sphagnum 250 mlf\u00fcr Vipern, Asseln, Kakerlaken"}]},{"@type":"WebSite","@id":"https:\/\/megapets.eu\/de\/#website","url":"https:\/\/megapets.eu\/de\/","name":"Mega Pets","description":"Jedna z najwi\u0119kszych hodowli \u015blimak\u00f3w w Europie","publisher":{"@id":"https:\/\/megapets.eu\/de\/#organization"},"alternateName":"Mega Pets","potentialAction":[{"@type":"SearchAction","target":{"@type":"EntryPoint","urlTemplate":"https:\/\/megapets.eu\/de\/?s={search_term_string}"},"query-input":{"@type":"PropertyValueSpecification","valueRequired":true,"valueName":"search_term_string"}}],"inLanguage":"de"},{"@type":"Organization","@id":"https:\/\/megapets.eu\/de\/#organization","name":"Mega Pets","url":"https:\/\/megapets.eu\/de\/","logo":{"@type":"ImageObject","inLanguage":"de","@id":"https:\/\/megapets.eu\/de\/#\/schema\/logo\/image\/","url":"https:\/\/megapets.eu\/wp-content\/uploads\/2025\/04\/megapets_eu-logo.png","contentUrl":"https:\/\/megapets.eu\/wp-content\/uploads\/2025\/04\/megapets_eu-logo.png","width":2362,"height":2362,"caption":"Mega Pets"},"image":{"@id":"https:\/\/megapets.eu\/de\/#\/schema\/logo\/image\/"},"sameAs":["https:\/\/www.facebook.com\/MegaPets.eu\/"]}]}},"_links":{"self":[{"href":"https:\/\/megapets.eu\/de\/wp-json\/wp\/v2\/product\/3817","targetHints":{"allow":["GET"]}}],"collection":[{"href":"https:\/\/megapets.eu\/de\/wp-json\/wp\/v2\/product"}],"about":[{"href":"https:\/\/megapets.eu\/de\/wp-json\/wp\/v2\/types\/product"}],"wp:featuredmedia":[{"embeddable":true,"href":"https:\/\/megapets.eu\/de\/wp-json\/wp\/v2\/media\/3046"}],"wp:attachment":[{"href":"https:\/\/megapets.eu\/de\/wp-json\/wp\/v2\/media?parent=3817"}],"wp:term":[{"taxonomy":"product_cat","embeddable":true,"href":"https:\/\/megapets.eu\/de\/wp-json\/wp\/v2\/product_cat?post=3817"},{"taxonomy":"product_tag","embeddable":true,"href":"https:\/\/megapets.eu\/de\/wp-json\/wp\/v2\/product_tag?post=3817"}],"curies":[{"name":"wp","href":"https:\/\/api.w.org\/{rel}","templated":true}]}}