{"id":3819,"date":"2024-10-08T09:05:58","date_gmt":"2024-10-08T09:05:58","guid":{"rendered":"https:\/\/megapets.eu\/unkategorisiert\/getrocknete-eichen-und-birkenblaetter-250-mlgegen-asseln-vipern-schaben\/"},"modified":"2024-10-08T09:05:58","modified_gmt":"2024-10-08T09:05:58","slug":"getrocknete-eichen-und-birkenblaetter-250-mlgegen-asseln-vipern-schaben","status":"publish","type":"product","link":"https:\/\/megapets.eu\/de\/zubehoer\/getrocknete-eichen-und-birkenblaetter-250-mlgegen-asseln-vipern-schaben\/","title":{"rendered":"Getrocknete Eichen- und Birkenbl\u00e4tter 250 ml<br>gegen Asseln, Vipern, Schaben"},"content":{"rendered":"<p><strong><span style=\"color: #e87020; font-size: 15px;\"><em><span style=\"color: #e87020;\"><span style=\"font-size: 15px;\">Getrocknete Eichen- und Birkenbl\u00e4tter 250 ml gegen Asseln, Vipern, Schaben<\/span><\/span><\/em><\/span><\/strong><\/p>\n<p><strong><span style=\"color: #e87020; font-size: 15px;\"><em>Eine Packung enth\u00e4lt 250 ml, l<span style=\"color: #e87020;\"><span style=\"font-size: 15px;\">ily <\/span><\/span>w\u00e4rmebehandelt.<\/em><\/span><\/strong><\/p>\n<p><strong><span style=\"color: #e87020; font-size: 15px;\"><em>Der Preis gilt f\u00fcr 1 Packung.<\/em><\/span><\/strong><\/p>\n<p>&nbsp;<\/p>\n<p><em><span style=\"color: #424242;\"><strong><span style=\"font-size: 15px;\">Getrocknete Eichen- und Birkenbl\u00e4tter sind ein nat\u00fcrlicher, hervorragender Substratzusatz f\u00fcr Vipern, Krokodile, exotische Schaben, Asseln (Prosions, Culanches), w\u00e4rmebehandelt und empfohlen f\u00fcr die Zucht seltener und anspruchsvoller Arten. Getrocknete Eichen- und Birkenbl\u00e4tter   <\/span><\/strong><\/span><\/em><em><span style=\"color: #424242;\"><strong><span style=\"font-size: 15px;\">tragen dazu bei, das richtige Mikroklima in Terrarien aufrechtzuerhalten und haben auch eine dekorative Funktion, indem sie dem Inneren des Terrariums ein nat\u00fcrliches Aussehen verleihen.<\/span><\/strong><\/span><\/em><\/p>\n<p>&nbsp;<\/p>\n","protected":false},"excerpt":{"rendered":"<ul class=\"product_attributes\">\n<li><span style=\"color: #555555;\">W\u00e4rmebehandelt<\/span><\/li>\n<li><span style=\"color: #555555;\">Die Packung enth\u00e4lt:<\/span> 250 ml<\/li>\n<li><span style=\"color: #555555;\">Der Preis bezieht sich auf:<\/span> 1 Packung.<\/li>\n<\/ul>\n","protected":false},"featured_media":12676,"template":"","meta":{"_acf_changed":false,"_links_to":"","_links_to_target":""},"product_cat":[71],"product_tag":[88,89,90],"class_list":{"0":"post-3819","1":"product","2":"type-product","3":"status-publish","4":"has-post-thumbnail","6":"product_cat-zubehoer","7":"product_tag-fur-die-tauschungen","8":"product_tag-fur-isopoden","9":"product_tag-fur-kakerlaken","11":"first","12":"instock","13":"shipping-taxable","14":"purchasable","15":"product-type-simple"},"acf":[],"yoast_head":"<!-- This site is optimized with the Yoast SEO plugin v24.9 - https:\/\/yoast.com\/wordpress\/plugins\/seo\/ -->\n<title>Getrocknete Eichen- und Birkenbl\u00e4tter 250 mlgegen Asseln, Vipern, Schaben | MegaPets<\/title>\n<meta name=\"robots\" content=\"index, follow, max-snippet:-1, max-image-preview:large, max-video-preview:-1\" \/>\n<link rel=\"canonical\" href=\"https:\/\/megapets.eu\/de\/zubehoer\/getrocknete-eichen-und-birkenblaetter-250-mlgegen-asseln-vipern-schaben\/\" \/>\n<meta property=\"og:locale\" content=\"de_DE\" \/>\n<meta property=\"og:type\" content=\"article\" \/>\n<meta property=\"og:title\" content=\"Getrocknete Eichen- und Birkenbl\u00e4tter 250 mlgegen Asseln, Vipern, Schaben | MegaPets\" \/>\n<meta property=\"og:description\" content=\"W\u00e4rmebehandelt  Die Packung enth\u00e4lt: 250 ml  Der Preis bezieht sich auf: 1 Packung.\" \/>\n<meta property=\"og:url\" content=\"https:\/\/megapets.eu\/de\/zubehoer\/getrocknete-eichen-und-birkenblaetter-250-mlgegen-asseln-vipern-schaben\/\" \/>\n<meta property=\"og:site_name\" content=\"MegaPets\" \/>\n<meta property=\"article:publisher\" content=\"https:\/\/www.facebook.com\/MegaPets.eu\/\" \/>\n<meta property=\"og:image\" content=\"https:\/\/megapets.eu\/wp-content\/uploads\/2024\/10\/IMG_2712-e1728378410557.jpg\" \/>\n\t<meta property=\"og:image:width\" content=\"1416\" \/>\n\t<meta property=\"og:image:height\" content=\"952\" \/>\n\t<meta property=\"og:image:type\" content=\"image\/jpeg\" \/>\n<meta name=\"twitter:card\" content=\"summary_large_image\" \/>\n<script type=\"application\/ld+json\" class=\"yoast-schema-graph\">{\"@context\":\"https:\/\/schema.org\",\"@graph\":[{\"@type\":\"WebPage\",\"@id\":\"https:\/\/megapets.eu\/de\/zubehoer\/getrocknete-eichen-und-birkenblaetter-250-mlgegen-asseln-vipern-schaben\/\",\"url\":\"https:\/\/megapets.eu\/de\/zubehoer\/getrocknete-eichen-und-birkenblaetter-250-mlgegen-asseln-vipern-schaben\/\",\"name\":\"Getrocknete Eichen- und Birkenbl\u00e4tter 250 ml gegen Asseln, Vipern, Schaben | MegaPets\",\"isPartOf\":{\"@id\":\"https:\/\/megapets.eu\/de\/#website\"},\"primaryImageOfPage\":{\"@id\":\"https:\/\/megapets.eu\/de\/zubehoer\/getrocknete-eichen-und-birkenblaetter-250-mlgegen-asseln-vipern-schaben\/#primaryimage\"},\"image\":{\"@id\":\"https:\/\/megapets.eu\/de\/zubehoer\/getrocknete-eichen-und-birkenblaetter-250-mlgegen-asseln-vipern-schaben\/#primaryimage\"},\"thumbnailUrl\":\"https:\/\/megapets.eu\/wp-content\/uploads\/2024\/10\/WEBP1.webp\",\"datePublished\":\"2024-10-08T09:05:58+00:00\",\"breadcrumb\":{\"@id\":\"https:\/\/megapets.eu\/de\/zubehoer\/getrocknete-eichen-und-birkenblaetter-250-mlgegen-asseln-vipern-schaben\/#breadcrumb\"},\"inLanguage\":\"de\",\"potentialAction\":[{\"@type\":\"ReadAction\",\"target\":[\"https:\/\/megapets.eu\/de\/zubehoer\/getrocknete-eichen-und-birkenblaetter-250-mlgegen-asseln-vipern-schaben\/\"]}]},{\"@type\":\"ImageObject\",\"inLanguage\":\"de\",\"@id\":\"https:\/\/megapets.eu\/de\/zubehoer\/getrocknete-eichen-und-birkenblaetter-250-mlgegen-asseln-vipern-schaben\/#primaryimage\",\"url\":\"https:\/\/megapets.eu\/wp-content\/uploads\/2024\/10\/WEBP1.webp\",\"contentUrl\":\"https:\/\/megapets.eu\/wp-content\/uploads\/2024\/10\/WEBP1.webp\",\"width\":1536,\"height\":1024},{\"@type\":\"BreadcrumbList\",\"@id\":\"https:\/\/megapets.eu\/de\/zubehoer\/getrocknete-eichen-und-birkenblaetter-250-mlgegen-asseln-vipern-schaben\/#breadcrumb\",\"itemListElement\":[{\"@type\":\"ListItem\",\"position\":1,\"name\":\"Strona g\u0142\u00f3wna\",\"item\":\"https:\/\/megapets.eu\/de\/startseite\/\"},{\"@type\":\"ListItem\",\"position\":2,\"name\":\"Shop\",\"item\":\"https:\/\/megapets.eu\/de\/shop\/\"},{\"@type\":\"ListItem\",\"position\":3,\"name\":\"Getrocknete Eichen- und Birkenbl\u00e4tter 250 mlgegen Asseln, Vipern, Schaben\"}]},{\"@type\":\"WebSite\",\"@id\":\"https:\/\/megapets.eu\/de\/#website\",\"url\":\"https:\/\/megapets.eu\/de\/\",\"name\":\"Mega Pets\",\"description\":\"Jedna z najwi\u0119kszych hodowli \u015blimak\u00f3w w Europie\",\"publisher\":{\"@id\":\"https:\/\/megapets.eu\/de\/#organization\"},\"alternateName\":\"Mega Pets\",\"potentialAction\":[{\"@type\":\"SearchAction\",\"target\":{\"@type\":\"EntryPoint\",\"urlTemplate\":\"https:\/\/megapets.eu\/de\/?s={search_term_string}\"},\"query-input\":{\"@type\":\"PropertyValueSpecification\",\"valueRequired\":true,\"valueName\":\"search_term_string\"}}],\"inLanguage\":\"de\"},{\"@type\":\"Organization\",\"@id\":\"https:\/\/megapets.eu\/de\/#organization\",\"name\":\"Mega Pets\",\"url\":\"https:\/\/megapets.eu\/de\/\",\"logo\":{\"@type\":\"ImageObject\",\"inLanguage\":\"de\",\"@id\":\"https:\/\/megapets.eu\/de\/#\/schema\/logo\/image\/\",\"url\":\"https:\/\/megapets.eu\/wp-content\/uploads\/2025\/04\/megapets_eu-logo.png\",\"contentUrl\":\"https:\/\/megapets.eu\/wp-content\/uploads\/2025\/04\/megapets_eu-logo.png\",\"width\":2362,\"height\":2362,\"caption\":\"Mega Pets\"},\"image\":{\"@id\":\"https:\/\/megapets.eu\/de\/#\/schema\/logo\/image\/\"},\"sameAs\":[\"https:\/\/www.facebook.com\/MegaPets.eu\/\"]}]}<\/script>\n<!-- \/ Yoast SEO plugin. -->","yoast_head_json":{"title":"Getrocknete Eichen- und Birkenbl\u00e4tter 250 mlgegen Asseln, Vipern, Schaben | MegaPets","robots":{"index":"index","follow":"follow","max-snippet":"max-snippet:-1","max-image-preview":"max-image-preview:large","max-video-preview":"max-video-preview:-1"},"canonical":"https:\/\/megapets.eu\/de\/zubehoer\/getrocknete-eichen-und-birkenblaetter-250-mlgegen-asseln-vipern-schaben\/","og_locale":"de_DE","og_type":"article","og_title":"Getrocknete Eichen- und Birkenbl\u00e4tter 250 mlgegen Asseln, Vipern, Schaben | MegaPets","og_description":"W\u00e4rmebehandelt  Die Packung enth\u00e4lt: 250 ml  Der Preis bezieht sich auf: 1 Packung.","og_url":"https:\/\/megapets.eu\/de\/zubehoer\/getrocknete-eichen-und-birkenblaetter-250-mlgegen-asseln-vipern-schaben\/","og_site_name":"MegaPets","article_publisher":"https:\/\/www.facebook.com\/MegaPets.eu\/","og_image":[{"width":1416,"height":952,"url":"https:\/\/megapets.eu\/wp-content\/uploads\/2024\/10\/IMG_2712-e1728378410557.jpg","type":"image\/jpeg"}],"twitter_card":"summary_large_image","schema":{"@context":"https:\/\/schema.org","@graph":[{"@type":"WebPage","@id":"https:\/\/megapets.eu\/de\/zubehoer\/getrocknete-eichen-und-birkenblaetter-250-mlgegen-asseln-vipern-schaben\/","url":"https:\/\/megapets.eu\/de\/zubehoer\/getrocknete-eichen-und-birkenblaetter-250-mlgegen-asseln-vipern-schaben\/","name":"Getrocknete Eichen- und Birkenbl\u00e4tter 250 ml gegen Asseln, Vipern, Schaben | MegaPets","isPartOf":{"@id":"https:\/\/megapets.eu\/de\/#website"},"primaryImageOfPage":{"@id":"https:\/\/megapets.eu\/de\/zubehoer\/getrocknete-eichen-und-birkenblaetter-250-mlgegen-asseln-vipern-schaben\/#primaryimage"},"image":{"@id":"https:\/\/megapets.eu\/de\/zubehoer\/getrocknete-eichen-und-birkenblaetter-250-mlgegen-asseln-vipern-schaben\/#primaryimage"},"thumbnailUrl":"https:\/\/megapets.eu\/wp-content\/uploads\/2024\/10\/WEBP1.webp","datePublished":"2024-10-08T09:05:58+00:00","breadcrumb":{"@id":"https:\/\/megapets.eu\/de\/zubehoer\/getrocknete-eichen-und-birkenblaetter-250-mlgegen-asseln-vipern-schaben\/#breadcrumb"},"inLanguage":"de","potentialAction":[{"@type":"ReadAction","target":["https:\/\/megapets.eu\/de\/zubehoer\/getrocknete-eichen-und-birkenblaetter-250-mlgegen-asseln-vipern-schaben\/"]}]},{"@type":"ImageObject","inLanguage":"de","@id":"https:\/\/megapets.eu\/de\/zubehoer\/getrocknete-eichen-und-birkenblaetter-250-mlgegen-asseln-vipern-schaben\/#primaryimage","url":"https:\/\/megapets.eu\/wp-content\/uploads\/2024\/10\/WEBP1.webp","contentUrl":"https:\/\/megapets.eu\/wp-content\/uploads\/2024\/10\/WEBP1.webp","width":1536,"height":1024},{"@type":"BreadcrumbList","@id":"https:\/\/megapets.eu\/de\/zubehoer\/getrocknete-eichen-und-birkenblaetter-250-mlgegen-asseln-vipern-schaben\/#breadcrumb","itemListElement":[{"@type":"ListItem","position":1,"name":"Strona g\u0142\u00f3wna","item":"https:\/\/megapets.eu\/de\/startseite\/"},{"@type":"ListItem","position":2,"name":"Shop","item":"https:\/\/megapets.eu\/de\/shop\/"},{"@type":"ListItem","position":3,"name":"Getrocknete Eichen- und Birkenbl\u00e4tter 250 mlgegen Asseln, Vipern, Schaben"}]},{"@type":"WebSite","@id":"https:\/\/megapets.eu\/de\/#website","url":"https:\/\/megapets.eu\/de\/","name":"Mega Pets","description":"Jedna z najwi\u0119kszych hodowli \u015blimak\u00f3w w Europie","publisher":{"@id":"https:\/\/megapets.eu\/de\/#organization"},"alternateName":"Mega Pets","potentialAction":[{"@type":"SearchAction","target":{"@type":"EntryPoint","urlTemplate":"https:\/\/megapets.eu\/de\/?s={search_term_string}"},"query-input":{"@type":"PropertyValueSpecification","valueRequired":true,"valueName":"search_term_string"}}],"inLanguage":"de"},{"@type":"Organization","@id":"https:\/\/megapets.eu\/de\/#organization","name":"Mega Pets","url":"https:\/\/megapets.eu\/de\/","logo":{"@type":"ImageObject","inLanguage":"de","@id":"https:\/\/megapets.eu\/de\/#\/schema\/logo\/image\/","url":"https:\/\/megapets.eu\/wp-content\/uploads\/2025\/04\/megapets_eu-logo.png","contentUrl":"https:\/\/megapets.eu\/wp-content\/uploads\/2025\/04\/megapets_eu-logo.png","width":2362,"height":2362,"caption":"Mega Pets"},"image":{"@id":"https:\/\/megapets.eu\/de\/#\/schema\/logo\/image\/"},"sameAs":["https:\/\/www.facebook.com\/MegaPets.eu\/"]}]}},"_links":{"self":[{"href":"https:\/\/megapets.eu\/de\/wp-json\/wp\/v2\/product\/3819","targetHints":{"allow":["GET"]}}],"collection":[{"href":"https:\/\/megapets.eu\/de\/wp-json\/wp\/v2\/product"}],"about":[{"href":"https:\/\/megapets.eu\/de\/wp-json\/wp\/v2\/types\/product"}],"wp:featuredmedia":[{"embeddable":true,"href":"https:\/\/megapets.eu\/de\/wp-json\/wp\/v2\/media\/12676"}],"wp:attachment":[{"href":"https:\/\/megapets.eu\/de\/wp-json\/wp\/v2\/media?parent=3819"}],"wp:term":[{"taxonomy":"product_cat","embeddable":true,"href":"https:\/\/megapets.eu\/de\/wp-json\/wp\/v2\/product_cat?post=3819"},{"taxonomy":"product_tag","embeddable":true,"href":"https:\/\/megapets.eu\/de\/wp-json\/wp\/v2\/product_tag?post=3819"}],"curies":[{"name":"wp","href":"https:\/\/api.w.org\/{rel}","templated":true}]}}