{"id":3825,"date":"2024-10-06T11:25:59","date_gmt":"2024-10-06T11:25:59","guid":{"rendered":"https:\/\/megapets.eu\/unkategorisiert\/archachatina-marginata-ssp-cross-river-original-para-p2\/"},"modified":"2025-08-12T17:25:46","modified_gmt":"2025-08-12T17:25:46","slug":"archachatina-marginata-ssp-cross-river-original-para-p2","status":"publish","type":"product","link":"https:\/\/megapets.eu\/de\/schnecken\/archachatina-marginata-ssp-cross-river-original-para-p2\/","title":{"rendered":"Archachatina marginata ssp.<br>\u201eCross River\u201c (Original) \/ para P2"},"content":{"rendered":"<p style=\"text-align: left;\"><span style=\"font-size: 15px;\"><strong><span style=\"color: #000000;\"><em>Genre:  <\/em><\/span><\/strong><span style=\"color: #000000;\"><em>Archachatina marginata ssp. &#8222;Cross River&#8220; (Original)<\/em><\/span><strong><span style=\"color: #000000;\"><em><br \/>\nFarbvielfalt:<\/em><\/span><\/strong><span style=\"color: #000000;\"><em> Standard<\/em><\/span><\/span><\/p>\n<p style=\"text-align: left;\"><span style=\"font-size: 15px;\"><strong><span style=\"color: #000000;\"><em><img loading=\"lazy\" decoding=\"async\" class=\"\" src=\"https:\/\/static.xx.fbcdn.net\/images\/emoji.php\/v9\/ta\/1\/32\/1f525.png\" alt=\"\ud83d\udd25\" width=\"18\" height=\"18\"><\/em><\/span><\/strong><span style=\"color: #000000;\"><em>Angebotene Jungtiere der besten Generation &#8211; CB1.F1, von einem nicht verwandten WC\/LTC-Elternpaar. Die Schnecken haben einen urspr\u00fcnglichen Stammbaum. <\/em><\/span><\/span><\/p>\n<p style=\"text-align: left;\"><span style=\"font-size: 15px;\"><span style=\"color: #000000;\"><em><span style=\"color: #008000;\"><span style=\"color: #424242;\"><img loading=\"lazy\" decoding=\"async\" class=\"\" src=\"https:\/\/static.xx.fbcdn.net\/images\/emoji.php\/v9\/t73\/1\/32\/2600.png\" alt=\"\u2600\ufe0f\" width=\"18\" height=\"18\"><span style=\"color: #eb8900;\"> <\/span><\/span><\/span><span style=\"color: #db6414;\">Die sonnigen Riesen unserer Zucht Archachatina marginata ssp. \u201eCross River\u201c (Original) sind einer der beeindruckendsten Vertreter der Gattung Archachatina. Die Schnecken dieser Art fallen durch die ungew\u00f6hnliche Farbe ihrer Schalen auf. Die gro\u00dfe, massive, gelbe Concha (Schale) in Kombination mit der dunklen K\u00f6rperfarbe macht einen bemerkenswerten Eindruck auf Liebhaber exotischer Schnecken.   <\/span><\/em><\/span><\/span><\/p>\n<p style=\"text-align: left;\"><span style=\"color: #000000; font-size: 15px;\"><em><span class=\"x1xsqp64 xiy17q3 x1o6pynw x19co3pv xdj266r xcwd3tp xat24cr x39eecv x2b8uid\" data-testid=\"emoji\"><span class=\"xexx8yu xn5pp95 x18d9i69 x2fxd7x x3jgonx x1bhl96m\"> <img loading=\"lazy\" decoding=\"async\" class=\"\" src=\"https:\/\/static.xx.fbcdn.net\/images\/emoji.php\/v9\/t66\/1\/32\/1f4cc.png\" alt=\"\ud83d\udccc\" width=\"18\" height=\"18\"> <\/span><\/span>Nach dem ersten Jahr nach dem Schl\u00fcpfen aus ihren Eiern \u00fcberraschen die Schnecken mit ihrer Gr\u00f6\u00dfe und Sch\u00f6nheit und bilden ein massives Geh\u00e4use von beeindruckenden 12-14 cm. Ausgewachsene Exemplare sehen mit ihren aufrechten F\u00fc\u00dfen und dem vollst\u00e4ndig ausgestreckten K\u00f6rper wie wahre exotische Riesen aus. <\/em><\/span><\/p>\n<p style=\"text-align: left;\"><span style=\"color: #000000; font-size: 15px;\"><em><img loading=\"lazy\" decoding=\"async\" class=\"xz74otr\" src=\"https:\/\/static.xx.fbcdn.net\/images\/emoji.php\/v9\/t1e\/1\/16\/1f33f.png\" alt=\"\ud83c\udf3f\" width=\"18\" height=\"18\"> <span style=\"color: #008000;\">Wie die meisten Arten der Gattung Archachatina sind diese Schnecken anspruchslos und gedeihen gut, wenn sie die grundlegenden Pflegebedingungen erf\u00fcllen.<\/span><\/em><\/span><\/p>\n","protected":false},"excerpt":{"rendered":"<ul>\n<li>Von einem nicht verwandten Paar:\n<ul>\n<li>P2<\/li>\n<\/ul>\n<\/li>\n<li>Gr\u00f6\u00dfe der Zielmuschel:\n<ul>\n<li>ca. 12-14 cm <\/li>\n<\/ul>\n<\/li>\n<li>Angebotenes junges Exemplar:\n<ul>\n<li>ca. 4 cm <\/li>\n<\/ul>\n<\/li>\n<li>Der Preis bezieht sich auf:\n<ul>\n<li>1 St\u00fcck<\/li>\n<\/ul>\n<\/li>\n<\/ul>\n","protected":false},"featured_media":3262,"template":"","meta":{"_acf_changed":false,"_links_to":"","_links_to_target":""},"product_cat":[69],"product_tag":[],"class_list":{"0":"post-3825","1":"product","2":"type-product","3":"status-publish","4":"has-post-thumbnail","6":"product_cat-schnecken","8":"first","9":"outofstock","10":"shipping-taxable","11":"purchasable","12":"product-type-simple"},"acf":[],"yoast_head":"<!-- This site is optimized with the Yoast SEO plugin v24.9 - https:\/\/yoast.com\/wordpress\/plugins\/seo\/ -->\n<title>Archachatina marginata ssp.\u201eCross River\u201c (Original) \/ para P2 | MegaPets<\/title>\n<meta name=\"robots\" content=\"index, follow, max-snippet:-1, max-image-preview:large, max-video-preview:-1\" \/>\n<link rel=\"canonical\" href=\"https:\/\/megapets.eu\/de\/schnecken\/archachatina-marginata-ssp-cross-river-original-para-p2\/\" \/>\n<meta property=\"og:locale\" content=\"de_DE\" \/>\n<meta property=\"og:type\" content=\"article\" \/>\n<meta property=\"og:title\" content=\"Archachatina marginata ssp.\u201eCross River\u201c (Original) \/ para P2 | MegaPets\" \/>\n<meta property=\"og:description\" content=\"Von einem nicht verwandten Paar:  P2   Gr\u00f6\u00dfe der Zielmuschel:  ca. 12-14 cm   Angebotenes junges Exemplar:  ca. 4 cm   Der Preis bezieht sich auf:  1 St\u00fcck\" \/>\n<meta property=\"og:url\" content=\"https:\/\/megapets.eu\/de\/schnecken\/archachatina-marginata-ssp-cross-river-original-para-p2\/\" \/>\n<meta property=\"og:site_name\" content=\"MegaPets\" \/>\n<meta property=\"article:publisher\" content=\"https:\/\/www.facebook.com\/MegaPets.eu\/\" \/>\n<meta property=\"article:modified_time\" content=\"2025-08-12T17:25:46+00:00\" \/>\n<meta property=\"og:image\" content=\"https:\/\/megapets.eu\/wp-content\/uploads\/2024\/10\/Logo2Arch.png\" \/>\n\t<meta property=\"og:image:width\" content=\"1050\" \/>\n\t<meta property=\"og:image:height\" content=\"689\" \/>\n\t<meta property=\"og:image:type\" content=\"image\/png\" \/>\n<meta name=\"twitter:card\" content=\"summary_large_image\" \/>\n<meta name=\"twitter:label1\" content=\"Gesch\u00e4tzte Lesezeit\" \/>\n\t<meta name=\"twitter:data1\" content=\"1\u00a0Minute\" \/>\n<script type=\"application\/ld+json\" class=\"yoast-schema-graph\">{\"@context\":\"https:\/\/schema.org\",\"@graph\":[{\"@type\":\"WebPage\",\"@id\":\"https:\/\/megapets.eu\/de\/schnecken\/archachatina-marginata-ssp-cross-river-original-para-p2\/\",\"url\":\"https:\/\/megapets.eu\/de\/schnecken\/archachatina-marginata-ssp-cross-river-original-para-p2\/\",\"name\":\"Archachatina marginata ssp. \u201eCross River\u201c (Original) \/ para P2 | MegaPets\",\"isPartOf\":{\"@id\":\"https:\/\/megapets.eu\/de\/#website\"},\"primaryImageOfPage\":{\"@id\":\"https:\/\/megapets.eu\/de\/schnecken\/archachatina-marginata-ssp-cross-river-original-para-p2\/#primaryimage\"},\"image\":{\"@id\":\"https:\/\/megapets.eu\/de\/schnecken\/archachatina-marginata-ssp-cross-river-original-para-p2\/#primaryimage\"},\"thumbnailUrl\":\"https:\/\/megapets.eu\/wp-content\/uploads\/2024\/10\/Logo2Arch.png\",\"datePublished\":\"2024-10-06T11:25:59+00:00\",\"dateModified\":\"2025-08-12T17:25:46+00:00\",\"breadcrumb\":{\"@id\":\"https:\/\/megapets.eu\/de\/schnecken\/archachatina-marginata-ssp-cross-river-original-para-p2\/#breadcrumb\"},\"inLanguage\":\"de\",\"potentialAction\":[{\"@type\":\"ReadAction\",\"target\":[\"https:\/\/megapets.eu\/de\/schnecken\/archachatina-marginata-ssp-cross-river-original-para-p2\/\"]}]},{\"@type\":\"ImageObject\",\"inLanguage\":\"de\",\"@id\":\"https:\/\/megapets.eu\/de\/schnecken\/archachatina-marginata-ssp-cross-river-original-para-p2\/#primaryimage\",\"url\":\"https:\/\/megapets.eu\/wp-content\/uploads\/2024\/10\/Logo2Arch.png\",\"contentUrl\":\"https:\/\/megapets.eu\/wp-content\/uploads\/2024\/10\/Logo2Arch.png\",\"width\":1050,\"height\":689},{\"@type\":\"BreadcrumbList\",\"@id\":\"https:\/\/megapets.eu\/de\/schnecken\/archachatina-marginata-ssp-cross-river-original-para-p2\/#breadcrumb\",\"itemListElement\":[{\"@type\":\"ListItem\",\"position\":1,\"name\":\"Strona g\u0142\u00f3wna\",\"item\":\"https:\/\/megapets.eu\/de\/startseite\/\"},{\"@type\":\"ListItem\",\"position\":2,\"name\":\"Shop\",\"item\":\"https:\/\/megapets.eu\/de\/shop\/\"},{\"@type\":\"ListItem\",\"position\":3,\"name\":\"Archachatina marginata ssp.\u201eCross River\u201c (Original) \/ para P2\"}]},{\"@type\":\"WebSite\",\"@id\":\"https:\/\/megapets.eu\/de\/#website\",\"url\":\"https:\/\/megapets.eu\/de\/\",\"name\":\"Mega Pets\",\"description\":\"Jedna z najwi\u0119kszych hodowli \u015blimak\u00f3w w Europie\",\"publisher\":{\"@id\":\"https:\/\/megapets.eu\/de\/#organization\"},\"alternateName\":\"Mega Pets\",\"potentialAction\":[{\"@type\":\"SearchAction\",\"target\":{\"@type\":\"EntryPoint\",\"urlTemplate\":\"https:\/\/megapets.eu\/de\/?s={search_term_string}\"},\"query-input\":{\"@type\":\"PropertyValueSpecification\",\"valueRequired\":true,\"valueName\":\"search_term_string\"}}],\"inLanguage\":\"de\"},{\"@type\":\"Organization\",\"@id\":\"https:\/\/megapets.eu\/de\/#organization\",\"name\":\"Mega Pets\",\"url\":\"https:\/\/megapets.eu\/de\/\",\"logo\":{\"@type\":\"ImageObject\",\"inLanguage\":\"de\",\"@id\":\"https:\/\/megapets.eu\/de\/#\/schema\/logo\/image\/\",\"url\":\"https:\/\/megapets.eu\/wp-content\/uploads\/2025\/04\/megapets_eu-logo.png\",\"contentUrl\":\"https:\/\/megapets.eu\/wp-content\/uploads\/2025\/04\/megapets_eu-logo.png\",\"width\":2362,\"height\":2362,\"caption\":\"Mega Pets\"},\"image\":{\"@id\":\"https:\/\/megapets.eu\/de\/#\/schema\/logo\/image\/\"},\"sameAs\":[\"https:\/\/www.facebook.com\/MegaPets.eu\/\"]}]}<\/script>\n<!-- \/ Yoast SEO plugin. -->","yoast_head_json":{"title":"Archachatina marginata ssp.\u201eCross River\u201c (Original) \/ para P2 | MegaPets","robots":{"index":"index","follow":"follow","max-snippet":"max-snippet:-1","max-image-preview":"max-image-preview:large","max-video-preview":"max-video-preview:-1"},"canonical":"https:\/\/megapets.eu\/de\/schnecken\/archachatina-marginata-ssp-cross-river-original-para-p2\/","og_locale":"de_DE","og_type":"article","og_title":"Archachatina marginata ssp.\u201eCross River\u201c (Original) \/ para P2 | MegaPets","og_description":"Von einem nicht verwandten Paar:  P2   Gr\u00f6\u00dfe der Zielmuschel:  ca. 12-14 cm   Angebotenes junges Exemplar:  ca. 4 cm   Der Preis bezieht sich auf:  1 St\u00fcck","og_url":"https:\/\/megapets.eu\/de\/schnecken\/archachatina-marginata-ssp-cross-river-original-para-p2\/","og_site_name":"MegaPets","article_publisher":"https:\/\/www.facebook.com\/MegaPets.eu\/","article_modified_time":"2025-08-12T17:25:46+00:00","og_image":[{"width":1050,"height":689,"url":"https:\/\/megapets.eu\/wp-content\/uploads\/2024\/10\/Logo2Arch.png","type":"image\/png"}],"twitter_card":"summary_large_image","twitter_misc":{"Gesch\u00e4tzte Lesezeit":"1\u00a0Minute"},"schema":{"@context":"https:\/\/schema.org","@graph":[{"@type":"WebPage","@id":"https:\/\/megapets.eu\/de\/schnecken\/archachatina-marginata-ssp-cross-river-original-para-p2\/","url":"https:\/\/megapets.eu\/de\/schnecken\/archachatina-marginata-ssp-cross-river-original-para-p2\/","name":"Archachatina marginata ssp. \u201eCross River\u201c (Original) \/ para P2 | MegaPets","isPartOf":{"@id":"https:\/\/megapets.eu\/de\/#website"},"primaryImageOfPage":{"@id":"https:\/\/megapets.eu\/de\/schnecken\/archachatina-marginata-ssp-cross-river-original-para-p2\/#primaryimage"},"image":{"@id":"https:\/\/megapets.eu\/de\/schnecken\/archachatina-marginata-ssp-cross-river-original-para-p2\/#primaryimage"},"thumbnailUrl":"https:\/\/megapets.eu\/wp-content\/uploads\/2024\/10\/Logo2Arch.png","datePublished":"2024-10-06T11:25:59+00:00","dateModified":"2025-08-12T17:25:46+00:00","breadcrumb":{"@id":"https:\/\/megapets.eu\/de\/schnecken\/archachatina-marginata-ssp-cross-river-original-para-p2\/#breadcrumb"},"inLanguage":"de","potentialAction":[{"@type":"ReadAction","target":["https:\/\/megapets.eu\/de\/schnecken\/archachatina-marginata-ssp-cross-river-original-para-p2\/"]}]},{"@type":"ImageObject","inLanguage":"de","@id":"https:\/\/megapets.eu\/de\/schnecken\/archachatina-marginata-ssp-cross-river-original-para-p2\/#primaryimage","url":"https:\/\/megapets.eu\/wp-content\/uploads\/2024\/10\/Logo2Arch.png","contentUrl":"https:\/\/megapets.eu\/wp-content\/uploads\/2024\/10\/Logo2Arch.png","width":1050,"height":689},{"@type":"BreadcrumbList","@id":"https:\/\/megapets.eu\/de\/schnecken\/archachatina-marginata-ssp-cross-river-original-para-p2\/#breadcrumb","itemListElement":[{"@type":"ListItem","position":1,"name":"Strona g\u0142\u00f3wna","item":"https:\/\/megapets.eu\/de\/startseite\/"},{"@type":"ListItem","position":2,"name":"Shop","item":"https:\/\/megapets.eu\/de\/shop\/"},{"@type":"ListItem","position":3,"name":"Archachatina marginata ssp.\u201eCross River\u201c (Original) \/ para P2"}]},{"@type":"WebSite","@id":"https:\/\/megapets.eu\/de\/#website","url":"https:\/\/megapets.eu\/de\/","name":"Mega Pets","description":"Jedna z najwi\u0119kszych hodowli \u015blimak\u00f3w w Europie","publisher":{"@id":"https:\/\/megapets.eu\/de\/#organization"},"alternateName":"Mega Pets","potentialAction":[{"@type":"SearchAction","target":{"@type":"EntryPoint","urlTemplate":"https:\/\/megapets.eu\/de\/?s={search_term_string}"},"query-input":{"@type":"PropertyValueSpecification","valueRequired":true,"valueName":"search_term_string"}}],"inLanguage":"de"},{"@type":"Organization","@id":"https:\/\/megapets.eu\/de\/#organization","name":"Mega Pets","url":"https:\/\/megapets.eu\/de\/","logo":{"@type":"ImageObject","inLanguage":"de","@id":"https:\/\/megapets.eu\/de\/#\/schema\/logo\/image\/","url":"https:\/\/megapets.eu\/wp-content\/uploads\/2025\/04\/megapets_eu-logo.png","contentUrl":"https:\/\/megapets.eu\/wp-content\/uploads\/2025\/04\/megapets_eu-logo.png","width":2362,"height":2362,"caption":"Mega Pets"},"image":{"@id":"https:\/\/megapets.eu\/de\/#\/schema\/logo\/image\/"},"sameAs":["https:\/\/www.facebook.com\/MegaPets.eu\/"]}]}},"_links":{"self":[{"href":"https:\/\/megapets.eu\/de\/wp-json\/wp\/v2\/product\/3825","targetHints":{"allow":["GET"]}}],"collection":[{"href":"https:\/\/megapets.eu\/de\/wp-json\/wp\/v2\/product"}],"about":[{"href":"https:\/\/megapets.eu\/de\/wp-json\/wp\/v2\/types\/product"}],"wp:featuredmedia":[{"embeddable":true,"href":"https:\/\/megapets.eu\/de\/wp-json\/wp\/v2\/media\/3262"}],"wp:attachment":[{"href":"https:\/\/megapets.eu\/de\/wp-json\/wp\/v2\/media?parent=3825"}],"wp:term":[{"taxonomy":"product_cat","embeddable":true,"href":"https:\/\/megapets.eu\/de\/wp-json\/wp\/v2\/product_cat?post=3825"},{"taxonomy":"product_tag","embeddable":true,"href":"https:\/\/megapets.eu\/de\/wp-json\/wp\/v2\/product_tag?post=3825"}],"curies":[{"name":"wp","href":"https:\/\/api.w.org\/{rel}","templated":true}]}}