{"id":3830,"date":"2024-10-06T11:49:55","date_gmt":"2024-10-06T11:49:55","guid":{"rendered":"https:\/\/megapets.eu\/unkategorisiert\/achatina-achatina-albino-koerper-nigeria\/"},"modified":"2024-10-06T11:49:55","modified_gmt":"2024-10-06T11:49:55","slug":"achatina-achatina-albino-koerper-nigeria","status":"publish","type":"product","link":"https:\/\/megapets.eu\/de\/schnecken\/achatina-achatina-albino-koerper-nigeria\/","title":{"rendered":"Achatina achatina Albino K\u00f6rper Nigeria"},"content":{"rendered":"<p class=\"v1v1v1v1MsoNormal\"><span style=\"color: #424242;\"><strong><em><span style=\"font-size: 15px;\">Art: Achatina achatina achatina<\/span><\/em><\/strong><\/span><\/p>\n<p class=\"v1v1v1v1MsoNormal\"><span style=\"color: #424242;\"><strong><em><span style=\"font-size: 15px;\">Farbvariante: Albino-K\u00f6rper<\/span><\/em><\/strong><\/span><\/p>\n<p>&nbsp;<\/p>\n<p class=\"v1v1v1v1MsoNormal\"><span style=\"color: #424242;\"><strong><em><span style=\"font-size: 15px;\">\u2b50\u2b50\u2b50 Dies ist die sehr bekannte Art Achatina achatina achatina in der seltenen Variante mit Albinok\u00f6rperfarbe. Diese Art ist nicht aktiv, ein echter Schl\u00e4fer unter den Schnecken. Sie wird f\u00fcr fortgeschrittene Individuen empfohlen. Achatina achatina w\u00e4chst sehr langsam, die Schalengr\u00f6\u00dfe eines erwachsenen Exemplars dieser Art betr\u00e4gt etwa 15-16 cm.    <\/span><\/em><\/strong><\/span><\/p>\n<p>&nbsp;<\/p>\n<p class=\"v1v1v1v1MsoNormal\"><span style=\"font-size: 15px;\"><strong><em><span style=\"color: #008000;\"><img decoding=\"async\" src=\"https:\/\/static.xx.fbcdn.net\/images\/emoji.php\/v9\/tbe\/1\/16\/1f3c6.png\" alt=\"\ud83c\udfc6\"><span style=\"color: #e36a19;\">  Alle Babyschnecken stammen von unserem bekannten, registrierten Z\u00fcchter. Sie kaufen also aus einer bekannten Quelle, in der wir uns gut um die Schnecken k\u00fcmmern und die Entwicklung jeder einzelnen Schnecke sorgf\u00e4ltig \u00fcberwachen.<\/span><\/span><\/em><\/strong><\/span><\/p>\n<p>&nbsp;<\/p>\n<p class=\"v1v1v1v1MsoNormal\"><span style=\"font-size: 15px; color: #424242;\"><strong><em>Wie Sie wissen, eignen sich Kunststoffbeh\u00e4lter am besten f\u00fcr die Schneckenzucht. Die von uns vorbereiteten Beh\u00e4lter sind ideal f\u00fcr die Entwicklung eines sch\u00f6nen neuen Schneckenhauswachstums geeignet). Um bei Ihrer Bestellung Zeit zu sparen, empfehlen wir Ihnen, mit dem Starterset zu beginnen, das das Basiszubeh\u00f6r f\u00fcr einen schnellen Start Ihrer eigenen Zucht und eine Anleitung enth\u00e4lt.  <\/em><\/strong><\/span><\/p>\n<p>&nbsp;<\/p>\n<p><span style=\"font-size: 15px;\"><strong><em><span style=\"color: #008000;\"><img loading=\"lazy\" decoding=\"async\" class=\"xz74otr\" src=\"https:\/\/static.xx.fbcdn.net\/images\/emoji.php\/v9\/t1e\/1\/16\/1f33f.png\" alt=\"\ud83c\udf3f\" width=\"16\" height=\"16\">  Alles, was ein solches Tier braucht, ist frisches, reifes Obst und Gem\u00fcse, ein Zuchtgef\u00e4\u00df und Substrat (lassen Sie das Substrat nicht austrocknen, spr\u00fchen Sie das Terrarium alle 2-3 Tage ein). Auf dem t\u00e4glichen Speiseplan der Schnecke darf der Grundbaustein f\u00fcr ein sch\u00f6nes und gesundes Geh\u00e4use nicht fehlen. Nat\u00fcrliche Quellen f\u00fcr perfekt verdauliches Kalzium sind Eierschalenpulver und Sepia. \u00dcber die Ern\u00e4hrung exotischer Schnecken k\u00f6nnen Sie sich auf unserer Website informieren.  <\/span><\/em><\/strong><\/span><\/p>\n<p>&nbsp;<\/p>\n","protected":false},"excerpt":{"rendered":"<ul class=\"product_attributes\">\n<li>Von einem nicht verwandten Paar:P17<\/li>\n<li>Gr\u00f6\u00dfe der Zielscheibe: ca. 15-16 cm <\/li>\n<li>Angebotenes junges Exemplar:ca. 4 cm <\/li>\n<li>Preis betrifft:1 St\u00fcck<\/li>\n<\/ul>\n","protected":false},"featured_media":3018,"template":"","meta":{"_acf_changed":false,"_links_to":"","_links_to_target":""},"product_cat":[69],"product_tag":[],"class_list":{"0":"post-3830","1":"product","2":"type-product","3":"status-publish","4":"has-post-thumbnail","6":"product_cat-schnecken","8":"first","9":"outofstock","10":"shipping-taxable","11":"purchasable","12":"product-type-simple"},"acf":[],"yoast_head":"<!-- This site is optimized with the Yoast SEO plugin v24.9 - https:\/\/yoast.com\/wordpress\/plugins\/seo\/ -->\n<title>Achatina achatina Albino K\u00f6rper Nigeria | MegaPets<\/title>\n<meta name=\"robots\" content=\"index, follow, max-snippet:-1, max-image-preview:large, max-video-preview:-1\" \/>\n<link rel=\"canonical\" href=\"https:\/\/megapets.eu\/de\/schnecken\/achatina-achatina-albino-koerper-nigeria\/\" \/>\n<meta property=\"og:locale\" content=\"de_DE\" \/>\n<meta property=\"og:type\" content=\"article\" \/>\n<meta property=\"og:title\" content=\"Achatina achatina Albino K\u00f6rper Nigeria | MegaPets\" \/>\n<meta property=\"og:description\" content=\"Von einem nicht verwandten Paar:P17  Gr\u00f6\u00dfe der Zielscheibe: ca. 15-16 cm  Angebotenes junges Exemplar:ca. 4 cm  Preis betrifft:1 St\u00fcck\" \/>\n<meta property=\"og:url\" content=\"https:\/\/megapets.eu\/de\/schnecken\/achatina-achatina-albino-koerper-nigeria\/\" \/>\n<meta property=\"og:site_name\" content=\"MegaPets\" \/>\n<meta property=\"article:publisher\" content=\"https:\/\/www.facebook.com\/MegaPets.eu\/\" \/>\n<meta property=\"og:image\" content=\"https:\/\/megapets.eu\/wp-content\/uploads\/2024\/10\/T222.jpg\" \/>\n\t<meta property=\"og:image:width\" content=\"1204\" \/>\n\t<meta property=\"og:image:height\" content=\"800\" \/>\n\t<meta property=\"og:image:type\" content=\"image\/jpeg\" \/>\n<meta name=\"twitter:card\" content=\"summary_large_image\" \/>\n<meta name=\"twitter:label1\" content=\"Gesch\u00e4tzte Lesezeit\" \/>\n\t<meta name=\"twitter:data1\" content=\"1\u00a0Minute\" \/>\n<script type=\"application\/ld+json\" class=\"yoast-schema-graph\">{\"@context\":\"https:\/\/schema.org\",\"@graph\":[{\"@type\":\"WebPage\",\"@id\":\"https:\/\/megapets.eu\/de\/schnecken\/achatina-achatina-albino-koerper-nigeria\/\",\"url\":\"https:\/\/megapets.eu\/de\/schnecken\/achatina-achatina-albino-koerper-nigeria\/\",\"name\":\"Achatina achatina Albino K\u00f6rper Nigeria | MegaPets\",\"isPartOf\":{\"@id\":\"https:\/\/megapets.eu\/de\/#website\"},\"primaryImageOfPage\":{\"@id\":\"https:\/\/megapets.eu\/de\/schnecken\/achatina-achatina-albino-koerper-nigeria\/#primaryimage\"},\"image\":{\"@id\":\"https:\/\/megapets.eu\/de\/schnecken\/achatina-achatina-albino-koerper-nigeria\/#primaryimage\"},\"thumbnailUrl\":\"https:\/\/megapets.eu\/wp-content\/uploads\/2024\/10\/T222.jpg\",\"datePublished\":\"2024-10-06T11:49:55+00:00\",\"breadcrumb\":{\"@id\":\"https:\/\/megapets.eu\/de\/schnecken\/achatina-achatina-albino-koerper-nigeria\/#breadcrumb\"},\"inLanguage\":\"de\",\"potentialAction\":[{\"@type\":\"ReadAction\",\"target\":[\"https:\/\/megapets.eu\/de\/schnecken\/achatina-achatina-albino-koerper-nigeria\/\"]}]},{\"@type\":\"ImageObject\",\"inLanguage\":\"de\",\"@id\":\"https:\/\/megapets.eu\/de\/schnecken\/achatina-achatina-albino-koerper-nigeria\/#primaryimage\",\"url\":\"https:\/\/megapets.eu\/wp-content\/uploads\/2024\/10\/T222.jpg\",\"contentUrl\":\"https:\/\/megapets.eu\/wp-content\/uploads\/2024\/10\/T222.jpg\",\"width\":1204,\"height\":800},{\"@type\":\"BreadcrumbList\",\"@id\":\"https:\/\/megapets.eu\/de\/schnecken\/achatina-achatina-albino-koerper-nigeria\/#breadcrumb\",\"itemListElement\":[{\"@type\":\"ListItem\",\"position\":1,\"name\":\"Strona g\u0142\u00f3wna\",\"item\":\"https:\/\/megapets.eu\/de\/startseite\/\"},{\"@type\":\"ListItem\",\"position\":2,\"name\":\"Shop\",\"item\":\"https:\/\/megapets.eu\/de\/shop\/\"},{\"@type\":\"ListItem\",\"position\":3,\"name\":\"Achatina achatina Albino K\u00f6rper Nigeria\"}]},{\"@type\":\"WebSite\",\"@id\":\"https:\/\/megapets.eu\/de\/#website\",\"url\":\"https:\/\/megapets.eu\/de\/\",\"name\":\"Mega Pets\",\"description\":\"Jedna z najwi\u0119kszych hodowli \u015blimak\u00f3w w Europie\",\"publisher\":{\"@id\":\"https:\/\/megapets.eu\/de\/#organization\"},\"alternateName\":\"Mega Pets\",\"potentialAction\":[{\"@type\":\"SearchAction\",\"target\":{\"@type\":\"EntryPoint\",\"urlTemplate\":\"https:\/\/megapets.eu\/de\/?s={search_term_string}\"},\"query-input\":{\"@type\":\"PropertyValueSpecification\",\"valueRequired\":true,\"valueName\":\"search_term_string\"}}],\"inLanguage\":\"de\"},{\"@type\":\"Organization\",\"@id\":\"https:\/\/megapets.eu\/de\/#organization\",\"name\":\"Mega Pets\",\"url\":\"https:\/\/megapets.eu\/de\/\",\"logo\":{\"@type\":\"ImageObject\",\"inLanguage\":\"de\",\"@id\":\"https:\/\/megapets.eu\/de\/#\/schema\/logo\/image\/\",\"url\":\"https:\/\/megapets.eu\/wp-content\/uploads\/2025\/04\/megapets_eu-logo.png\",\"contentUrl\":\"https:\/\/megapets.eu\/wp-content\/uploads\/2025\/04\/megapets_eu-logo.png\",\"width\":2362,\"height\":2362,\"caption\":\"Mega Pets\"},\"image\":{\"@id\":\"https:\/\/megapets.eu\/de\/#\/schema\/logo\/image\/\"},\"sameAs\":[\"https:\/\/www.facebook.com\/MegaPets.eu\/\"]}]}<\/script>\n<!-- \/ Yoast SEO plugin. -->","yoast_head_json":{"title":"Achatina achatina Albino K\u00f6rper Nigeria | MegaPets","robots":{"index":"index","follow":"follow","max-snippet":"max-snippet:-1","max-image-preview":"max-image-preview:large","max-video-preview":"max-video-preview:-1"},"canonical":"https:\/\/megapets.eu\/de\/schnecken\/achatina-achatina-albino-koerper-nigeria\/","og_locale":"de_DE","og_type":"article","og_title":"Achatina achatina Albino K\u00f6rper Nigeria | MegaPets","og_description":"Von einem nicht verwandten Paar:P17  Gr\u00f6\u00dfe der Zielscheibe: ca. 15-16 cm  Angebotenes junges Exemplar:ca. 4 cm  Preis betrifft:1 St\u00fcck","og_url":"https:\/\/megapets.eu\/de\/schnecken\/achatina-achatina-albino-koerper-nigeria\/","og_site_name":"MegaPets","article_publisher":"https:\/\/www.facebook.com\/MegaPets.eu\/","og_image":[{"width":1204,"height":800,"url":"https:\/\/megapets.eu\/wp-content\/uploads\/2024\/10\/T222.jpg","type":"image\/jpeg"}],"twitter_card":"summary_large_image","twitter_misc":{"Gesch\u00e4tzte Lesezeit":"1\u00a0Minute"},"schema":{"@context":"https:\/\/schema.org","@graph":[{"@type":"WebPage","@id":"https:\/\/megapets.eu\/de\/schnecken\/achatina-achatina-albino-koerper-nigeria\/","url":"https:\/\/megapets.eu\/de\/schnecken\/achatina-achatina-albino-koerper-nigeria\/","name":"Achatina achatina Albino K\u00f6rper Nigeria | MegaPets","isPartOf":{"@id":"https:\/\/megapets.eu\/de\/#website"},"primaryImageOfPage":{"@id":"https:\/\/megapets.eu\/de\/schnecken\/achatina-achatina-albino-koerper-nigeria\/#primaryimage"},"image":{"@id":"https:\/\/megapets.eu\/de\/schnecken\/achatina-achatina-albino-koerper-nigeria\/#primaryimage"},"thumbnailUrl":"https:\/\/megapets.eu\/wp-content\/uploads\/2024\/10\/T222.jpg","datePublished":"2024-10-06T11:49:55+00:00","breadcrumb":{"@id":"https:\/\/megapets.eu\/de\/schnecken\/achatina-achatina-albino-koerper-nigeria\/#breadcrumb"},"inLanguage":"de","potentialAction":[{"@type":"ReadAction","target":["https:\/\/megapets.eu\/de\/schnecken\/achatina-achatina-albino-koerper-nigeria\/"]}]},{"@type":"ImageObject","inLanguage":"de","@id":"https:\/\/megapets.eu\/de\/schnecken\/achatina-achatina-albino-koerper-nigeria\/#primaryimage","url":"https:\/\/megapets.eu\/wp-content\/uploads\/2024\/10\/T222.jpg","contentUrl":"https:\/\/megapets.eu\/wp-content\/uploads\/2024\/10\/T222.jpg","width":1204,"height":800},{"@type":"BreadcrumbList","@id":"https:\/\/megapets.eu\/de\/schnecken\/achatina-achatina-albino-koerper-nigeria\/#breadcrumb","itemListElement":[{"@type":"ListItem","position":1,"name":"Strona g\u0142\u00f3wna","item":"https:\/\/megapets.eu\/de\/startseite\/"},{"@type":"ListItem","position":2,"name":"Shop","item":"https:\/\/megapets.eu\/de\/shop\/"},{"@type":"ListItem","position":3,"name":"Achatina achatina Albino K\u00f6rper Nigeria"}]},{"@type":"WebSite","@id":"https:\/\/megapets.eu\/de\/#website","url":"https:\/\/megapets.eu\/de\/","name":"Mega Pets","description":"Jedna z najwi\u0119kszych hodowli \u015blimak\u00f3w w Europie","publisher":{"@id":"https:\/\/megapets.eu\/de\/#organization"},"alternateName":"Mega Pets","potentialAction":[{"@type":"SearchAction","target":{"@type":"EntryPoint","urlTemplate":"https:\/\/megapets.eu\/de\/?s={search_term_string}"},"query-input":{"@type":"PropertyValueSpecification","valueRequired":true,"valueName":"search_term_string"}}],"inLanguage":"de"},{"@type":"Organization","@id":"https:\/\/megapets.eu\/de\/#organization","name":"Mega Pets","url":"https:\/\/megapets.eu\/de\/","logo":{"@type":"ImageObject","inLanguage":"de","@id":"https:\/\/megapets.eu\/de\/#\/schema\/logo\/image\/","url":"https:\/\/megapets.eu\/wp-content\/uploads\/2025\/04\/megapets_eu-logo.png","contentUrl":"https:\/\/megapets.eu\/wp-content\/uploads\/2025\/04\/megapets_eu-logo.png","width":2362,"height":2362,"caption":"Mega Pets"},"image":{"@id":"https:\/\/megapets.eu\/de\/#\/schema\/logo\/image\/"},"sameAs":["https:\/\/www.facebook.com\/MegaPets.eu\/"]}]}},"_links":{"self":[{"href":"https:\/\/megapets.eu\/de\/wp-json\/wp\/v2\/product\/3830","targetHints":{"allow":["GET"]}}],"collection":[{"href":"https:\/\/megapets.eu\/de\/wp-json\/wp\/v2\/product"}],"about":[{"href":"https:\/\/megapets.eu\/de\/wp-json\/wp\/v2\/types\/product"}],"wp:featuredmedia":[{"embeddable":true,"href":"https:\/\/megapets.eu\/de\/wp-json\/wp\/v2\/media\/3018"}],"wp:attachment":[{"href":"https:\/\/megapets.eu\/de\/wp-json\/wp\/v2\/media?parent=3830"}],"wp:term":[{"taxonomy":"product_cat","embeddable":true,"href":"https:\/\/megapets.eu\/de\/wp-json\/wp\/v2\/product_cat?post=3830"},{"taxonomy":"product_tag","embeddable":true,"href":"https:\/\/megapets.eu\/de\/wp-json\/wp\/v2\/product_tag?post=3830"}],"curies":[{"name":"wp","href":"https:\/\/api.w.org\/{rel}","templated":true}]}}