{"id":3836,"date":"2024-10-06T10:56:45","date_gmt":"2024-10-06T10:56:45","guid":{"rendered":"https:\/\/megapets.eu\/unkategorisiert\/archachatina-marginata-eizelle-pseudoleukistisch\/"},"modified":"2024-10-06T10:56:45","modified_gmt":"2024-10-06T10:56:45","slug":"archachatina-marginata-eizelle-pseudoleukistisch","status":"publish","type":"product","link":"https:\/\/megapets.eu\/de\/schnecken\/archachatina-marginata-eizelle-pseudoleukistisch\/","title":{"rendered":"Archachatina marginata Eizelle pseudoleukistisch"},"content":{"rendered":"<p style=\"text-align: left;\"><span style=\"font-size: 15px;\"><strong><span style=\"color: #000000;\"><em>Spezies: <\/em><\/span><\/strong><span style=\"color: #000000;\"><em>Archachatina marginata ovum (L. Pfeiffer, 1858)<\/em><\/span><strong><span style=\"color: #000000;\"><em><br \/>\nFarbvariante:<\/em><\/span><\/strong><span style=\"color: #000000;\"><em> pseudoleuzistisch<\/em><\/span><\/span><\/p>\n<p style=\"text-align: left;\"><span style=\"font-size: 15px;\"><strong><span style=\"color: #000000;\"><em><span style=\"color: #008000;\"><span style=\"color: #424242;\"><img decoding=\"async\" src=\"https:\/\/static.xx.fbcdn.net\/images\/emoji.php\/v9\/tb4\/1\/16\/2b50.png\" alt=\"\u2b50\ufe0f\"> <\/span><\/span><\/em><\/span><\/strong><span style=\"color: #000000;\"><em>Angebotene Jungtiere aus einem nicht verwandten Elternpaar. Dank der kontinuierlichen Auswahl geeigneter Partner und der Bildung von Paaren von Generation zu Generation werden unverwandte, reinrassige Zuchtlinien von sch\u00f6nen Riesen erfolgreich erhalten. <\/em><\/span><\/span><\/p>\n<p style=\"text-align: left;\"><span style=\"font-size: 15px;\"><span style=\"color: #000000;\"><em><span style=\"color: #008000;\"><span style=\"color: #424242;\"><img decoding=\"async\" src=\"https:\/\/static.xx.fbcdn.net\/images\/emoji.php\/v9\/t18\/1\/16\/1fa76.png\" alt=\"\ud83e\ude76\"> <span style=\"color: #333333;\">Schnecken der pseudoleukistischen Farbvariante zeichnen sich durch eine einzigartige Eleganz aus, die durch die abgedunkelten F\u00fchler im Kontrast zur hellen K\u00f6rperfarbe betont wird. Die vorherrschende K\u00f6rperfarbe ist wei\u00df, cremefarben oder in Elfenbeint\u00f6nen. Die graubraune F\u00e4rbung der F\u00fchler geht flie\u00dfend in die helle Farbe \u00fcber &#8211; der Ombre-Effekt \ud83d\udda4\ud83e\ude76\ud83e\udd0d zwischen zwei benachbarten Farbt\u00f6nen schafft einen auff\u00e4lligen Kontrast zum Rest des K\u00f6rpers und verleiht Schnecken dieser Art ein einzigartiges Aussehen. Die Verteilung der dunklen Bereiche kann nicht nur die Helminthen betreffen, sondern auch den Kopf. Die Sensillen von nur geschl\u00fcpften Babyschnecken sind recht dunkel, k\u00f6nnen aber heller werden, wenn sie heranwachsen.    <\/span><\/span><\/span><\/em><\/span><\/span><\/p>\n<p style=\"text-align: left;\"><span style=\"color: #000000; font-size: 15px;\"><em><span class=\"x1xsqp64 xiy17q3 x1o6pynw x19co3pv xdj266r xcwd3tp xat24cr x39eecv x2b8uid\" data-testid=\"emoji\"><span class=\"xexx8yu xn5pp95 x18d9i69 x2fxd7x x3jgonx x1bhl96m\"><img loading=\"lazy\" decoding=\"async\" class=\"\" src=\"https:\/\/static.xx.fbcdn.net\/images\/emoji.php\/v9\/t66\/1\/32\/1f4cc.png\" alt=\"\ud83d\udccc\" width=\"18\" height=\"18\">  Typischerweise erreicht die Schale dieser Art eine betr\u00e4chtliche Gr\u00f6\u00dfe, etwa 12-15 cm.<\/span><\/span><\/em><\/span><\/p>\n<p style=\"text-align: left;\"><span style=\"color: #000000; font-size: 15px;\"><em><img loading=\"lazy\" decoding=\"async\" class=\"xz74otr\" src=\"https:\/\/static.xx.fbcdn.net\/images\/emoji.php\/v9\/t1e\/1\/16\/1f33f.png\" alt=\"\ud83c\udf3f\" width=\"18\" height=\"18\"> <span style=\"color: #008000;\">Wie die meisten Arten der Gattung Archachatina sind diese Schnecken anspruchslos und gedeihen gut, wenn sie die grundlegenden Pflegebedingungen erf\u00fcllen.<\/span><\/em><\/span><\/p>\n","protected":false},"excerpt":{"rendered":"<ul>\n<li>Gr\u00f6\u00dfe der Zielmuschel:\n<ul>\n<li>ca. 12-15 cm <\/li>\n<\/ul>\n<\/li>\n<li>Von einem nicht verwandten Paar:\n<ul>\n<li>P16<\/li>\n<\/ul>\n<\/li>\n<li>Angebotenes junges Exemplar:\n<ul>\n<li>ca. 4-5 cm <\/li>\n<\/ul>\n<\/li>\n<li>Der Preis bezieht sich auf:\n<ul>\n<li>1 St\u00fcck<\/li>\n<\/ul>\n<\/li>\n<\/ul>\n","protected":false},"featured_media":3645,"template":"","meta":{"_acf_changed":false,"_links_to":"","_links_to_target":""},"product_cat":[69],"product_tag":[],"class_list":{"0":"post-3836","1":"product","2":"type-product","3":"status-publish","4":"has-post-thumbnail","6":"product_cat-schnecken","8":"first","9":"outofstock","10":"shipping-taxable","11":"purchasable","12":"product-type-simple"},"acf":[],"yoast_head":"<!-- This site is optimized with the Yoast SEO plugin v24.9 - https:\/\/yoast.com\/wordpress\/plugins\/seo\/ -->\n<title>Archachatina marginata Eizelle pseudoleukistisch | MegaPets<\/title>\n<meta name=\"robots\" content=\"index, follow, max-snippet:-1, max-image-preview:large, max-video-preview:-1\" \/>\n<link rel=\"canonical\" href=\"https:\/\/megapets.eu\/de\/schnecken\/archachatina-marginata-eizelle-pseudoleukistisch\/\" \/>\n<meta property=\"og:locale\" content=\"de_DE\" \/>\n<meta property=\"og:type\" content=\"article\" \/>\n<meta property=\"og:title\" content=\"Archachatina marginata Eizelle pseudoleukistisch | MegaPets\" \/>\n<meta property=\"og:description\" content=\"Gr\u00f6\u00dfe der Zielmuschel:  ca. 12-15 cm   Von einem nicht verwandten Paar:  P16   Angebotenes junges Exemplar:  ca. 4-5 cm   Der Preis bezieht sich auf:  1 St\u00fcck\" \/>\n<meta property=\"og:url\" content=\"https:\/\/megapets.eu\/de\/schnecken\/archachatina-marginata-eizelle-pseudoleukistisch\/\" \/>\n<meta property=\"og:site_name\" content=\"MegaPets\" \/>\n<meta property=\"article:publisher\" content=\"https:\/\/www.facebook.com\/MegaPets.eu\/\" \/>\n<meta property=\"og:image\" content=\"https:\/\/megapets.eu\/wp-content\/uploads\/2024\/10\/28-White-Honey-P16-Excel.png\" \/>\n\t<meta property=\"og:image:width\" content=\"1048\" \/>\n\t<meta property=\"og:image:height\" content=\"694\" \/>\n\t<meta property=\"og:image:type\" content=\"image\/png\" \/>\n<meta name=\"twitter:card\" content=\"summary_large_image\" \/>\n<meta name=\"twitter:label1\" content=\"Gesch\u00e4tzte Lesezeit\" \/>\n\t<meta name=\"twitter:data1\" content=\"1\u00a0Minute\" \/>\n<script type=\"application\/ld+json\" class=\"yoast-schema-graph\">{\"@context\":\"https:\/\/schema.org\",\"@graph\":[{\"@type\":\"WebPage\",\"@id\":\"https:\/\/megapets.eu\/de\/schnecken\/archachatina-marginata-eizelle-pseudoleukistisch\/\",\"url\":\"https:\/\/megapets.eu\/de\/schnecken\/archachatina-marginata-eizelle-pseudoleukistisch\/\",\"name\":\"Archachatina marginata Eizelle pseudoleukistisch | MegaPets\",\"isPartOf\":{\"@id\":\"https:\/\/megapets.eu\/de\/#website\"},\"primaryImageOfPage\":{\"@id\":\"https:\/\/megapets.eu\/de\/schnecken\/archachatina-marginata-eizelle-pseudoleukistisch\/#primaryimage\"},\"image\":{\"@id\":\"https:\/\/megapets.eu\/de\/schnecken\/archachatina-marginata-eizelle-pseudoleukistisch\/#primaryimage\"},\"thumbnailUrl\":\"https:\/\/megapets.eu\/wp-content\/uploads\/2024\/10\/28-White-Honey-P16-Excel.png\",\"datePublished\":\"2024-10-06T10:56:45+00:00\",\"breadcrumb\":{\"@id\":\"https:\/\/megapets.eu\/de\/schnecken\/archachatina-marginata-eizelle-pseudoleukistisch\/#breadcrumb\"},\"inLanguage\":\"de\",\"potentialAction\":[{\"@type\":\"ReadAction\",\"target\":[\"https:\/\/megapets.eu\/de\/schnecken\/archachatina-marginata-eizelle-pseudoleukistisch\/\"]}]},{\"@type\":\"ImageObject\",\"inLanguage\":\"de\",\"@id\":\"https:\/\/megapets.eu\/de\/schnecken\/archachatina-marginata-eizelle-pseudoleukistisch\/#primaryimage\",\"url\":\"https:\/\/megapets.eu\/wp-content\/uploads\/2024\/10\/28-White-Honey-P16-Excel.png\",\"contentUrl\":\"https:\/\/megapets.eu\/wp-content\/uploads\/2024\/10\/28-White-Honey-P16-Excel.png\",\"width\":1048,\"height\":694},{\"@type\":\"BreadcrumbList\",\"@id\":\"https:\/\/megapets.eu\/de\/schnecken\/archachatina-marginata-eizelle-pseudoleukistisch\/#breadcrumb\",\"itemListElement\":[{\"@type\":\"ListItem\",\"position\":1,\"name\":\"Strona g\u0142\u00f3wna\",\"item\":\"https:\/\/megapets.eu\/de\/startseite\/\"},{\"@type\":\"ListItem\",\"position\":2,\"name\":\"Shop\",\"item\":\"https:\/\/megapets.eu\/de\/shop\/\"},{\"@type\":\"ListItem\",\"position\":3,\"name\":\"Archachatina marginata Eizelle pseudoleukistisch\"}]},{\"@type\":\"WebSite\",\"@id\":\"https:\/\/megapets.eu\/de\/#website\",\"url\":\"https:\/\/megapets.eu\/de\/\",\"name\":\"Mega Pets\",\"description\":\"Jedna z najwi\u0119kszych hodowli \u015blimak\u00f3w w Europie\",\"publisher\":{\"@id\":\"https:\/\/megapets.eu\/de\/#organization\"},\"alternateName\":\"Mega Pets\",\"potentialAction\":[{\"@type\":\"SearchAction\",\"target\":{\"@type\":\"EntryPoint\",\"urlTemplate\":\"https:\/\/megapets.eu\/de\/?s={search_term_string}\"},\"query-input\":{\"@type\":\"PropertyValueSpecification\",\"valueRequired\":true,\"valueName\":\"search_term_string\"}}],\"inLanguage\":\"de\"},{\"@type\":\"Organization\",\"@id\":\"https:\/\/megapets.eu\/de\/#organization\",\"name\":\"Mega Pets\",\"url\":\"https:\/\/megapets.eu\/de\/\",\"logo\":{\"@type\":\"ImageObject\",\"inLanguage\":\"de\",\"@id\":\"https:\/\/megapets.eu\/de\/#\/schema\/logo\/image\/\",\"url\":\"https:\/\/megapets.eu\/wp-content\/uploads\/2025\/04\/megapets_eu-logo.png\",\"contentUrl\":\"https:\/\/megapets.eu\/wp-content\/uploads\/2025\/04\/megapets_eu-logo.png\",\"width\":2362,\"height\":2362,\"caption\":\"Mega Pets\"},\"image\":{\"@id\":\"https:\/\/megapets.eu\/de\/#\/schema\/logo\/image\/\"},\"sameAs\":[\"https:\/\/www.facebook.com\/MegaPets.eu\/\"]}]}<\/script>\n<!-- \/ Yoast SEO plugin. -->","yoast_head_json":{"title":"Archachatina marginata Eizelle pseudoleukistisch | MegaPets","robots":{"index":"index","follow":"follow","max-snippet":"max-snippet:-1","max-image-preview":"max-image-preview:large","max-video-preview":"max-video-preview:-1"},"canonical":"https:\/\/megapets.eu\/de\/schnecken\/archachatina-marginata-eizelle-pseudoleukistisch\/","og_locale":"de_DE","og_type":"article","og_title":"Archachatina marginata Eizelle pseudoleukistisch | MegaPets","og_description":"Gr\u00f6\u00dfe der Zielmuschel:  ca. 12-15 cm   Von einem nicht verwandten Paar:  P16   Angebotenes junges Exemplar:  ca. 4-5 cm   Der Preis bezieht sich auf:  1 St\u00fcck","og_url":"https:\/\/megapets.eu\/de\/schnecken\/archachatina-marginata-eizelle-pseudoleukistisch\/","og_site_name":"MegaPets","article_publisher":"https:\/\/www.facebook.com\/MegaPets.eu\/","og_image":[{"width":1048,"height":694,"url":"https:\/\/megapets.eu\/wp-content\/uploads\/2024\/10\/28-White-Honey-P16-Excel.png","type":"image\/png"}],"twitter_card":"summary_large_image","twitter_misc":{"Gesch\u00e4tzte Lesezeit":"1\u00a0Minute"},"schema":{"@context":"https:\/\/schema.org","@graph":[{"@type":"WebPage","@id":"https:\/\/megapets.eu\/de\/schnecken\/archachatina-marginata-eizelle-pseudoleukistisch\/","url":"https:\/\/megapets.eu\/de\/schnecken\/archachatina-marginata-eizelle-pseudoleukistisch\/","name":"Archachatina marginata Eizelle pseudoleukistisch | MegaPets","isPartOf":{"@id":"https:\/\/megapets.eu\/de\/#website"},"primaryImageOfPage":{"@id":"https:\/\/megapets.eu\/de\/schnecken\/archachatina-marginata-eizelle-pseudoleukistisch\/#primaryimage"},"image":{"@id":"https:\/\/megapets.eu\/de\/schnecken\/archachatina-marginata-eizelle-pseudoleukistisch\/#primaryimage"},"thumbnailUrl":"https:\/\/megapets.eu\/wp-content\/uploads\/2024\/10\/28-White-Honey-P16-Excel.png","datePublished":"2024-10-06T10:56:45+00:00","breadcrumb":{"@id":"https:\/\/megapets.eu\/de\/schnecken\/archachatina-marginata-eizelle-pseudoleukistisch\/#breadcrumb"},"inLanguage":"de","potentialAction":[{"@type":"ReadAction","target":["https:\/\/megapets.eu\/de\/schnecken\/archachatina-marginata-eizelle-pseudoleukistisch\/"]}]},{"@type":"ImageObject","inLanguage":"de","@id":"https:\/\/megapets.eu\/de\/schnecken\/archachatina-marginata-eizelle-pseudoleukistisch\/#primaryimage","url":"https:\/\/megapets.eu\/wp-content\/uploads\/2024\/10\/28-White-Honey-P16-Excel.png","contentUrl":"https:\/\/megapets.eu\/wp-content\/uploads\/2024\/10\/28-White-Honey-P16-Excel.png","width":1048,"height":694},{"@type":"BreadcrumbList","@id":"https:\/\/megapets.eu\/de\/schnecken\/archachatina-marginata-eizelle-pseudoleukistisch\/#breadcrumb","itemListElement":[{"@type":"ListItem","position":1,"name":"Strona g\u0142\u00f3wna","item":"https:\/\/megapets.eu\/de\/startseite\/"},{"@type":"ListItem","position":2,"name":"Shop","item":"https:\/\/megapets.eu\/de\/shop\/"},{"@type":"ListItem","position":3,"name":"Archachatina marginata Eizelle pseudoleukistisch"}]},{"@type":"WebSite","@id":"https:\/\/megapets.eu\/de\/#website","url":"https:\/\/megapets.eu\/de\/","name":"Mega Pets","description":"Jedna z najwi\u0119kszych hodowli \u015blimak\u00f3w w Europie","publisher":{"@id":"https:\/\/megapets.eu\/de\/#organization"},"alternateName":"Mega Pets","potentialAction":[{"@type":"SearchAction","target":{"@type":"EntryPoint","urlTemplate":"https:\/\/megapets.eu\/de\/?s={search_term_string}"},"query-input":{"@type":"PropertyValueSpecification","valueRequired":true,"valueName":"search_term_string"}}],"inLanguage":"de"},{"@type":"Organization","@id":"https:\/\/megapets.eu\/de\/#organization","name":"Mega Pets","url":"https:\/\/megapets.eu\/de\/","logo":{"@type":"ImageObject","inLanguage":"de","@id":"https:\/\/megapets.eu\/de\/#\/schema\/logo\/image\/","url":"https:\/\/megapets.eu\/wp-content\/uploads\/2025\/04\/megapets_eu-logo.png","contentUrl":"https:\/\/megapets.eu\/wp-content\/uploads\/2025\/04\/megapets_eu-logo.png","width":2362,"height":2362,"caption":"Mega Pets"},"image":{"@id":"https:\/\/megapets.eu\/de\/#\/schema\/logo\/image\/"},"sameAs":["https:\/\/www.facebook.com\/MegaPets.eu\/"]}]}},"_links":{"self":[{"href":"https:\/\/megapets.eu\/de\/wp-json\/wp\/v2\/product\/3836","targetHints":{"allow":["GET"]}}],"collection":[{"href":"https:\/\/megapets.eu\/de\/wp-json\/wp\/v2\/product"}],"about":[{"href":"https:\/\/megapets.eu\/de\/wp-json\/wp\/v2\/types\/product"}],"wp:featuredmedia":[{"embeddable":true,"href":"https:\/\/megapets.eu\/de\/wp-json\/wp\/v2\/media\/3645"}],"wp:attachment":[{"href":"https:\/\/megapets.eu\/de\/wp-json\/wp\/v2\/media?parent=3836"}],"wp:term":[{"taxonomy":"product_cat","embeddable":true,"href":"https:\/\/megapets.eu\/de\/wp-json\/wp\/v2\/product_cat?post=3836"},{"taxonomy":"product_tag","embeddable":true,"href":"https:\/\/megapets.eu\/de\/wp-json\/wp\/v2\/product_tag?post=3836"}],"curies":[{"name":"wp","href":"https:\/\/api.w.org\/{rel}","templated":true}]}}