{"id":3896,"date":"2024-10-05T21:57:48","date_gmt":"2024-10-05T21:57:48","guid":{"rendered":"https:\/\/megapets.eu\/unkategorisiert\/cubaris-sp-pak-chongputzkolonne\/"},"modified":"2024-10-05T21:57:48","modified_gmt":"2024-10-05T21:57:48","slug":"cubaris-sp-pak-chongputzkolonne","status":"publish","type":"product","link":"https:\/\/megapets.eu\/de\/asseln\/cubaris-sp-pak-chongputzkolonne\/","title":{"rendered":"Cubaris sp. \u201ePak Chong\u201c<br>\u201ePutzkolonne\u201c."},"content":{"rendered":"<p class=\"v1v1v1v1MsoNormal\"><span style=\"color: #424242;\"><strong><em><span style=\"font-size: 15px;\">Prosionki \/ Kulanki: g<\/span><\/em><\/strong><strong><em><span style=\"font-size: 15px;\">ata Cubaris sp. \u201ePak Chong\u201c. <\/span><\/em><\/strong><\/span><\/p>\n<p><strong style=\"color: #424242;\"><em><span style=\"font-size: 15px;\"><strong><span class=\"x1xsqp64 xiy17q3 x1o6pynw x19co3pv xdj266r xcwd3tp xat24cr x39eecv x2b8uid\" data-testid=\"emoji\"><span class=\"xexx8yu xn5pp95 x18d9i69 x2fxd7x x3jgonx x1bhl96m\">Cubaris sp. \u201e<span style=\"font-size: 15px; color: #424242;\"><span style=\"color: #424242;\">\ud83e\udde1<span class=\"html-span xexx8yu x4uap5 x18d9i69 xkhd6sd x1hl2dhg x16tdsg8 x1vvkbs x3nfvp2 x1j61x8r x1fcty0u xdj266r xat24cr xgzva0m xhhsvwb xxymvpz xlup9mm x1kky2od\">\ud83d\udda4\ud83e\udd0d<\/span><\/span><\/span>Pak<span style=\"font-size: 15px; color: #424242;\"><span style=\"color: #424242;\">\ud83e\udde1<\/span><\/span><span style=\"font-size: 15px; color: #424242;\"><span style=\"color: #424242;\"><span class=\"html-span xexx8yu x4uap5 x18d9i69 xkhd6sd x1hl2dhg x16tdsg8 x1vvkbs x3nfvp2 x1j61x8r x1fcty0u xdj266r xat24cr xgzva0m xhhsvwb xxymvpz xlup9mm x1kky2od\">\ud83d\udda4\ud83e\udd0d<\/span><\/span><\/span>Chong<span style=\"font-size: 15px; color: #424242;\"><span style=\"color: #424242;\">\ud83e\udde1<\/span><\/span><span style=\"font-size: 15px; color: #424242;\"><span style=\"color: #424242;\"><span class=\"html-span xexx8yu x4uap5 x18d9i69 xkhd6sd x1hl2dhg x16tdsg8 x1vvkbs x3nfvp2 x1j61x8r x1fcty0u xdj266r xat24cr xgzva0m xhhsvwb xxymvpz xlup9mm x1kky2od\">\ud83d\udda4\ud83e\udd0d<\/span><\/span><\/span>\u201c<\/span><\/span><\/strong><\/span><\/em><\/strong><\/p>\n<p><strong style=\"color: #424242;\"><em><span style=\"font-size: 15px;\"><strong><span class=\"x1xsqp64 xiy17q3 x1o6pynw x19co3pv xdj266r xcwd3tp xat24cr x39eecv x2b8uid\" data-testid=\"emoji\"><span class=\"xexx8yu xn5pp95 x18d9i69 x2fxd7x x3jgonx x1bhl96m\">Sie sind pflegeleicht und eignen sich daher hervorragend f\u00fcr Anf\u00e4nger.<\/span><\/span><\/strong><\/span><\/em><\/strong><\/p>\n<p>&nbsp;<\/p>\n<p><strong style=\"color: #424242;\"><strong><em><span style=\"font-size: 15px; color: #424242;\"><strong><span style=\"font-size: 15px;\"><span class=\"x1xsqp64 xiy17q3 x1o6pynw x19co3pv xdj266r xcwd3tp xat24cr x39eecv x2b8uid\" data-testid=\"emoji\"><span class=\"xexx8yu xn5pp95 x18d9i69 x2fxd7x x3jgonx x1bhl96m\"><span style=\"color: #424242;\">\ud83e\udde1<span class=\"html-span xexx8yu x4uap5 x18d9i69 xkhd6sd x1hl2dhg x16tdsg8 x1vvkbs x3nfvp2 x1j61x8r x1fcty0u xdj266r xat24cr xgzva0m xhhsvwb xxymvpz xlup9mm x1kky2od\">\ud83d\udda4\ud83e\udd0d<\/span><\/span><span style=\"color: #424242;\"> <\/span><\/span><\/span><\/span>Sie suchen nach etwas, das Spa\u00df macht und mit dem Sie beginnen k\u00f6nnen? <\/strong> Prosionen und Kulane<strong> <\/strong>sind sch\u00f6ne und pflegeleichte Kreaturen, die f\u00fcr den Menschen v\u00f6llig ungef\u00e4hrlich sind und nicht bei\u00dfen. Sie haben schwache Kiefer, die an das Zerkleinern von Pflanzenmaterial angepasst sind. Asseln bevorzugen feuchte Orte, leben in der obersten Schicht des Substrats und ern\u00e4hren sich von Bl\u00e4ttern, einem f\u00fcr Krokodile konzipierten Mehrkomponentensubstrat sowie von Gem\u00fcse und Obst.  <\/span><\/em><\/strong><\/strong><\/p>\n<p>&nbsp;<\/p>\n<p class=\"v1v1v1v1MsoNormal\"><span style=\"color: #424242;\"><strong><em><span style=\"font-size: 15px;\"><span class=\"x1xsqp64 xiy17q3 x1o6pynw x19co3pv xdj266r xcwd3tp xat24cr x39eecv x2b8uid\" data-testid=\"emoji\"><span class=\"xexx8yu xn5pp95 x18d9i69 x2fxd7x x3jgonx x1bhl96m\">\ud83c\udf3f <\/span><\/span>Alles, was ein solches Tier f\u00fcr eine erfolgreiche Entwicklung und das Leben in einem Terrarium braucht, ist vorhanden:<\/span><\/em><\/strong><\/span><\/p>\n<p class=\"v1v1v1v1MsoNormal\"><span style=\"color: #008000;\"><strong><em><span style=\"font-size: 15px;\">* Substrat\/Futter: Krokodil- und Vipersubstrat oder Kokosnusssubstrat;<\/span><\/em><\/strong><\/span><\/p>\n<p class=\"v1v1v1v1MsoNormal\"><span style=\"color: #008000;\"><strong><em><span style=\"font-size: 15px;\">* Essen: Frisches Gem\u00fcse und Obst;<\/span><\/em><\/strong><\/span><\/p>\n<p class=\"v1v1v1v1MsoNormal\"><span style=\"color: #008000;\"><strong><em><span style=\"font-size: 15px;\">* Nahrung: Sepia &#8211; Tintenfischknochen sind eine nat\u00fcrliche Kalziumquelle f\u00fcr Terrarientiere;  <\/span><\/em><\/strong><\/span><\/p>\n<p class=\"v1v1v1v1MsoNormal\"><span style=\"color: #008000;\"><strong><em><span style=\"font-size: 15px;\">* Nahrung: Gemahlener Gammarus ist ein getrockneter Keim, reich an Makro- und Mikron\u00e4hrstoffen, eine nat\u00fcrliche Quelle f\u00fcr tierisches Protein und Chitin (erh\u00e4ltlich in unserer anderen Auktion);<\/span><\/em><\/strong><\/span><\/p>\n<p class=\"v1v1v1v1MsoNormal\"><span style=\"color: #008000;\"><strong><em><span style=\"font-size: 15px;\">* Terrarium: Die Faunabox oder der Zuchtbeh\u00e4lter ist ideal f\u00fcr die Zucht von Asseln;<\/span><\/em><\/strong><\/span><\/p>\n<p class=\"v1v1v1v1MsoNormal\"><span style=\"color: #008000;\"><strong><em><span style=\"font-size: 15px;\">* Lassen Sie das Substrat nicht vollst\u00e4ndig austrocknen, bespr\u00fchen Sie das Terrarium ab und zu.<\/span><\/em><\/strong><\/span><\/p>\n","protected":false},"excerpt":{"rendered":"<ul class=\"product_attributes\">\n<li><strong>Zielgr\u00f6\u00dfe der Individuen:<\/strong> <span style=\"color: #000000;\">ungef\u00e4hr 1,5 cm<\/span><\/li>\n<li>Angebotene Individuen: <span style=\"color: #000000;\">zuf\u00e4llig verpackt<\/span><\/li>\n<li>Preis gilt f\u00fcr ein Set: <span style=\"color: #000000;\">6 St\u00fcck<\/span><\/li>\n<\/ul>\n","protected":false},"featured_media":605,"template":"","meta":{"_acf_changed":false,"_links_to":"","_links_to_target":""},"product_cat":[72],"product_tag":[],"class_list":{"0":"post-3896","1":"product","2":"type-product","3":"status-publish","4":"has-post-thumbnail","6":"product_cat-asseln","8":"first","9":"outofstock","10":"shipping-taxable","11":"purchasable","12":"product-type-simple"},"acf":[],"yoast_head":"<!-- This site is optimized with the Yoast SEO plugin v24.9 - https:\/\/yoast.com\/wordpress\/plugins\/seo\/ -->\n<title>Cubaris sp. \u201ePak Chong\u201c\u201ePutzkolonne\u201c. | MegaPets<\/title>\n<meta name=\"robots\" content=\"index, follow, max-snippet:-1, max-image-preview:large, max-video-preview:-1\" \/>\n<link rel=\"canonical\" href=\"https:\/\/megapets.eu\/de\/asseln\/cubaris-sp-pak-chongputzkolonne\/\" \/>\n<meta property=\"og:locale\" content=\"de_DE\" \/>\n<meta property=\"og:type\" content=\"article\" \/>\n<meta property=\"og:title\" content=\"Cubaris sp. \u201ePak Chong\u201c\u201ePutzkolonne\u201c. | MegaPets\" \/>\n<meta property=\"og:description\" content=\"Zielgr\u00f6\u00dfe der Individuen: ungef\u00e4hr 1,5 cm  Angebotene Individuen: zuf\u00e4llig verpackt  Preis gilt f\u00fcr ein Set: 6 St\u00fcck\" \/>\n<meta property=\"og:url\" content=\"https:\/\/megapets.eu\/de\/asseln\/cubaris-sp-pak-chongputzkolonne\/\" \/>\n<meta property=\"og:site_name\" content=\"MegaPets\" \/>\n<meta property=\"article:publisher\" content=\"https:\/\/www.facebook.com\/MegaPets.eu\/\" \/>\n<meta property=\"og:image\" content=\"https:\/\/megapets.eu\/wp-content\/uploads\/2024\/10\/2-Cubaris-sp.-Pak-Chong-e1728165646288.png\" \/>\n\t<meta property=\"og:image:width\" content=\"736\" \/>\n\t<meta property=\"og:image:height\" content=\"501\" \/>\n\t<meta property=\"og:image:type\" content=\"image\/png\" \/>\n<meta name=\"twitter:card\" content=\"summary_large_image\" \/>\n<meta name=\"twitter:label1\" content=\"Gesch\u00e4tzte Lesezeit\" \/>\n\t<meta name=\"twitter:data1\" content=\"1\u00a0Minute\" \/>\n<script type=\"application\/ld+json\" class=\"yoast-schema-graph\">{\"@context\":\"https:\/\/schema.org\",\"@graph\":[{\"@type\":\"WebPage\",\"@id\":\"https:\/\/megapets.eu\/de\/asseln\/cubaris-sp-pak-chongputzkolonne\/\",\"url\":\"https:\/\/megapets.eu\/de\/asseln\/cubaris-sp-pak-chongputzkolonne\/\",\"name\":\"Cubaris sp. \u201ePak Chong\u201c \u201ePutzkolonne\u201c. | MegaPets\",\"isPartOf\":{\"@id\":\"https:\/\/megapets.eu\/de\/#website\"},\"primaryImageOfPage\":{\"@id\":\"https:\/\/megapets.eu\/de\/asseln\/cubaris-sp-pak-chongputzkolonne\/#primaryimage\"},\"image\":{\"@id\":\"https:\/\/megapets.eu\/de\/asseln\/cubaris-sp-pak-chongputzkolonne\/#primaryimage\"},\"thumbnailUrl\":\"https:\/\/megapets.eu\/wp-content\/uploads\/2024\/10\/2-Cubaris-sp.-Pak-Chong-e1728165646288.png\",\"datePublished\":\"2024-10-05T21:57:48+00:00\",\"breadcrumb\":{\"@id\":\"https:\/\/megapets.eu\/de\/asseln\/cubaris-sp-pak-chongputzkolonne\/#breadcrumb\"},\"inLanguage\":\"de\",\"potentialAction\":[{\"@type\":\"ReadAction\",\"target\":[\"https:\/\/megapets.eu\/de\/asseln\/cubaris-sp-pak-chongputzkolonne\/\"]}]},{\"@type\":\"ImageObject\",\"inLanguage\":\"de\",\"@id\":\"https:\/\/megapets.eu\/de\/asseln\/cubaris-sp-pak-chongputzkolonne\/#primaryimage\",\"url\":\"https:\/\/megapets.eu\/wp-content\/uploads\/2024\/10\/2-Cubaris-sp.-Pak-Chong-e1728165646288.png\",\"contentUrl\":\"https:\/\/megapets.eu\/wp-content\/uploads\/2024\/10\/2-Cubaris-sp.-Pak-Chong-e1728165646288.png\",\"width\":736,\"height\":501},{\"@type\":\"BreadcrumbList\",\"@id\":\"https:\/\/megapets.eu\/de\/asseln\/cubaris-sp-pak-chongputzkolonne\/#breadcrumb\",\"itemListElement\":[{\"@type\":\"ListItem\",\"position\":1,\"name\":\"Strona g\u0142\u00f3wna\",\"item\":\"https:\/\/megapets.eu\/de\/startseite\/\"},{\"@type\":\"ListItem\",\"position\":2,\"name\":\"Shop\",\"item\":\"https:\/\/megapets.eu\/de\/shop\/\"},{\"@type\":\"ListItem\",\"position\":3,\"name\":\"Cubaris sp. \u201ePak Chong\u201c\u201ePutzkolonne\u201c.\"}]},{\"@type\":\"WebSite\",\"@id\":\"https:\/\/megapets.eu\/de\/#website\",\"url\":\"https:\/\/megapets.eu\/de\/\",\"name\":\"Mega Pets\",\"description\":\"Jedna z najwi\u0119kszych hodowli \u015blimak\u00f3w w Europie\",\"publisher\":{\"@id\":\"https:\/\/megapets.eu\/de\/#organization\"},\"alternateName\":\"Mega Pets\",\"potentialAction\":[{\"@type\":\"SearchAction\",\"target\":{\"@type\":\"EntryPoint\",\"urlTemplate\":\"https:\/\/megapets.eu\/de\/?s={search_term_string}\"},\"query-input\":{\"@type\":\"PropertyValueSpecification\",\"valueRequired\":true,\"valueName\":\"search_term_string\"}}],\"inLanguage\":\"de\"},{\"@type\":\"Organization\",\"@id\":\"https:\/\/megapets.eu\/de\/#organization\",\"name\":\"Mega Pets\",\"url\":\"https:\/\/megapets.eu\/de\/\",\"logo\":{\"@type\":\"ImageObject\",\"inLanguage\":\"de\",\"@id\":\"https:\/\/megapets.eu\/de\/#\/schema\/logo\/image\/\",\"url\":\"https:\/\/megapets.eu\/wp-content\/uploads\/2025\/04\/megapets_eu-logo.png\",\"contentUrl\":\"https:\/\/megapets.eu\/wp-content\/uploads\/2025\/04\/megapets_eu-logo.png\",\"width\":2362,\"height\":2362,\"caption\":\"Mega Pets\"},\"image\":{\"@id\":\"https:\/\/megapets.eu\/de\/#\/schema\/logo\/image\/\"},\"sameAs\":[\"https:\/\/www.facebook.com\/MegaPets.eu\/\"]}]}<\/script>\n<!-- \/ Yoast SEO plugin. -->","yoast_head_json":{"title":"Cubaris sp. \u201ePak Chong\u201c\u201ePutzkolonne\u201c. | MegaPets","robots":{"index":"index","follow":"follow","max-snippet":"max-snippet:-1","max-image-preview":"max-image-preview:large","max-video-preview":"max-video-preview:-1"},"canonical":"https:\/\/megapets.eu\/de\/asseln\/cubaris-sp-pak-chongputzkolonne\/","og_locale":"de_DE","og_type":"article","og_title":"Cubaris sp. \u201ePak Chong\u201c\u201ePutzkolonne\u201c. | MegaPets","og_description":"Zielgr\u00f6\u00dfe der Individuen: ungef\u00e4hr 1,5 cm  Angebotene Individuen: zuf\u00e4llig verpackt  Preis gilt f\u00fcr ein Set: 6 St\u00fcck","og_url":"https:\/\/megapets.eu\/de\/asseln\/cubaris-sp-pak-chongputzkolonne\/","og_site_name":"MegaPets","article_publisher":"https:\/\/www.facebook.com\/MegaPets.eu\/","og_image":[{"width":736,"height":501,"url":"https:\/\/megapets.eu\/wp-content\/uploads\/2024\/10\/2-Cubaris-sp.-Pak-Chong-e1728165646288.png","type":"image\/png"}],"twitter_card":"summary_large_image","twitter_misc":{"Gesch\u00e4tzte Lesezeit":"1\u00a0Minute"},"schema":{"@context":"https:\/\/schema.org","@graph":[{"@type":"WebPage","@id":"https:\/\/megapets.eu\/de\/asseln\/cubaris-sp-pak-chongputzkolonne\/","url":"https:\/\/megapets.eu\/de\/asseln\/cubaris-sp-pak-chongputzkolonne\/","name":"Cubaris sp. \u201ePak Chong\u201c \u201ePutzkolonne\u201c. | MegaPets","isPartOf":{"@id":"https:\/\/megapets.eu\/de\/#website"},"primaryImageOfPage":{"@id":"https:\/\/megapets.eu\/de\/asseln\/cubaris-sp-pak-chongputzkolonne\/#primaryimage"},"image":{"@id":"https:\/\/megapets.eu\/de\/asseln\/cubaris-sp-pak-chongputzkolonne\/#primaryimage"},"thumbnailUrl":"https:\/\/megapets.eu\/wp-content\/uploads\/2024\/10\/2-Cubaris-sp.-Pak-Chong-e1728165646288.png","datePublished":"2024-10-05T21:57:48+00:00","breadcrumb":{"@id":"https:\/\/megapets.eu\/de\/asseln\/cubaris-sp-pak-chongputzkolonne\/#breadcrumb"},"inLanguage":"de","potentialAction":[{"@type":"ReadAction","target":["https:\/\/megapets.eu\/de\/asseln\/cubaris-sp-pak-chongputzkolonne\/"]}]},{"@type":"ImageObject","inLanguage":"de","@id":"https:\/\/megapets.eu\/de\/asseln\/cubaris-sp-pak-chongputzkolonne\/#primaryimage","url":"https:\/\/megapets.eu\/wp-content\/uploads\/2024\/10\/2-Cubaris-sp.-Pak-Chong-e1728165646288.png","contentUrl":"https:\/\/megapets.eu\/wp-content\/uploads\/2024\/10\/2-Cubaris-sp.-Pak-Chong-e1728165646288.png","width":736,"height":501},{"@type":"BreadcrumbList","@id":"https:\/\/megapets.eu\/de\/asseln\/cubaris-sp-pak-chongputzkolonne\/#breadcrumb","itemListElement":[{"@type":"ListItem","position":1,"name":"Strona g\u0142\u00f3wna","item":"https:\/\/megapets.eu\/de\/startseite\/"},{"@type":"ListItem","position":2,"name":"Shop","item":"https:\/\/megapets.eu\/de\/shop\/"},{"@type":"ListItem","position":3,"name":"Cubaris sp. \u201ePak Chong\u201c\u201ePutzkolonne\u201c."}]},{"@type":"WebSite","@id":"https:\/\/megapets.eu\/de\/#website","url":"https:\/\/megapets.eu\/de\/","name":"Mega Pets","description":"Jedna z najwi\u0119kszych hodowli \u015blimak\u00f3w w Europie","publisher":{"@id":"https:\/\/megapets.eu\/de\/#organization"},"alternateName":"Mega Pets","potentialAction":[{"@type":"SearchAction","target":{"@type":"EntryPoint","urlTemplate":"https:\/\/megapets.eu\/de\/?s={search_term_string}"},"query-input":{"@type":"PropertyValueSpecification","valueRequired":true,"valueName":"search_term_string"}}],"inLanguage":"de"},{"@type":"Organization","@id":"https:\/\/megapets.eu\/de\/#organization","name":"Mega Pets","url":"https:\/\/megapets.eu\/de\/","logo":{"@type":"ImageObject","inLanguage":"de","@id":"https:\/\/megapets.eu\/de\/#\/schema\/logo\/image\/","url":"https:\/\/megapets.eu\/wp-content\/uploads\/2025\/04\/megapets_eu-logo.png","contentUrl":"https:\/\/megapets.eu\/wp-content\/uploads\/2025\/04\/megapets_eu-logo.png","width":2362,"height":2362,"caption":"Mega Pets"},"image":{"@id":"https:\/\/megapets.eu\/de\/#\/schema\/logo\/image\/"},"sameAs":["https:\/\/www.facebook.com\/MegaPets.eu\/"]}]}},"_links":{"self":[{"href":"https:\/\/megapets.eu\/de\/wp-json\/wp\/v2\/product\/3896","targetHints":{"allow":["GET"]}}],"collection":[{"href":"https:\/\/megapets.eu\/de\/wp-json\/wp\/v2\/product"}],"about":[{"href":"https:\/\/megapets.eu\/de\/wp-json\/wp\/v2\/types\/product"}],"wp:featuredmedia":[{"embeddable":true,"href":"https:\/\/megapets.eu\/de\/wp-json\/wp\/v2\/media\/605"}],"wp:attachment":[{"href":"https:\/\/megapets.eu\/de\/wp-json\/wp\/v2\/media?parent=3896"}],"wp:term":[{"taxonomy":"product_cat","embeddable":true,"href":"https:\/\/megapets.eu\/de\/wp-json\/wp\/v2\/product_cat?post=3896"},{"taxonomy":"product_tag","embeddable":true,"href":"https:\/\/megapets.eu\/de\/wp-json\/wp\/v2\/product_tag?post=3896"}],"curies":[{"name":"wp","href":"https:\/\/api.w.org\/{rel}","templated":true}]}}