{"id":3976,"date":"2024-10-05T12:01:38","date_gmt":"2024-10-05T12:01:38","guid":{"rendered":"https:\/\/megapets.eu\/unkategorisiert\/spirobolellus-sp-mauifluoreszenz-unter-uv-licht\/"},"modified":"2025-08-13T14:58:52","modified_gmt":"2025-08-13T14:58:52","slug":"spirobolellus-sp-mauifluoreszenz-unter-uv-licht","status":"publish","type":"product","link":"https:\/\/megapets.eu\/de\/miriapoden\/spirobolellus-sp-mauifluoreszenz-unter-uv-licht\/","title":{"rendered":"Spirobolellus sp. Maui<br>\u201eFluoreszenz unter UV-Licht\u201c"},"content":{"rendered":"<p class=\"v1v1v1v1MsoNormal\" style=\"text-align: left;\"><span style=\"color: #d94890;\"><strong><em><span style=\"font-size: 15px;\"><span style=\"color: #424242;\">Genre:<\/span> <span style=\"color: #3366ff;\">Krokodil Spirobolellus sp. Maui \u201eFluoreszenz unter UV-Licht\u201c. <\/span><\/span><\/em><\/strong><\/span><\/p>\n<p class=\"v1v1v1v1MsoNormal\" style=\"text-align: left;\"><span style=\"color: #424242;\"><strong><em><span style=\"font-size: 15px;\">Sie sind pflegeleicht und eignen sich daher hervorragend f\u00fcr Anf\u00e4nger.<\/span><\/em><\/strong><\/span><\/p>\n<p style=\"text-align: left;\"><span style=\"color: #800000;\"><span style=\"color: #424242;\"><strong><em><span style=\"font-size: 15px;\">Es ist nicht m\u00f6glich<\/span><\/em><\/strong><\/span><strong><em><span style=\"font-size: 15px;\"><span style=\"color: #424242;\">Eine Paarung ist nicht m\u00f6glich:<b> <\/b>M\u00e4nnchen und Weibchen. <span style=\"color: #3366ff;\">Um diese Art zu z\u00fcchten, empfehlen wir Ihnen, mindestens 5 Exemplare zu erwerben, aber das ist nicht notwendig, ein Individuum kann auch alleine leben.<\/span><\/span><\/span><\/em><\/strong><\/span><\/p>\n<p style=\"text-align: left;\"><span style=\"color: #800000;\"><strong><em><span style=\"font-size: 15px;\"><span style=\"color: #424242;\"><span style=\"color: #3366ff;\"><strong style=\"color: #424242;\">\ud83d\udc99\u2b50\ufe0f\ud83e\ude75 <\/strong>Fluoreszenz. Wenn sie UV-Licht ausgesetzt werden, beginnen einige Terrarientierarten in einer blau-gr\u00fcnen Farbe zu leuchten \ud83e\ude75\u2b50\ufe0f \ud83d\udc99 . <\/span><\/span><\/span><\/em><\/strong><\/span><\/p>\n<p style=\"text-align: left;\"><span style=\"color: #424242;\"><strong><em><span style=\"font-size: 15px;\"><strong style=\"color: #424242;\"><span style=\"color: #800000;\"><span style=\"color: #3366ff;\">\ud83e\ude75<\/span><\/span> Sind Sie auf der Suche nach einem coolen Zuchtobjekt f\u00fcr den Anfang?  <\/strong><span style=\"color: #3366ff;\">Die Krokodile Spirobolellus sp. Maui sind sch\u00f6ne und leicht zu haltende Kreaturen, die f\u00fcr Menschen v\u00f6llig ungef\u00e4hrlich sind und nicht bei\u00dfen. Sie haben schwache Kiefer, die zum Zerkleinern von Pflanzenmaterial geeignet sind. Krokodile bevorzugen feuchte Orte, leben in der obersten Schicht des Substrats und ern\u00e4hren sich von Bl\u00e4ttern, einem f\u00fcr die Krokodilzucht konzipierten Mehrkomponentensubstrat sowie von Gem\u00fcse und Obst.   <\/span><\/span><\/em><\/strong><\/span><\/p>\n","protected":false},"excerpt":{"rendered":"<ul>\n<li>Zielgr\u00f6\u00dfe:\n<ul>\n<li>ungef\u00e4hr 4-5 cm<\/li>\n<\/ul>\n<\/li>\n<li>Angebotenes junges Exemplar:\n<ul>\n<li>ca. 2-3 cm<\/li>\n<\/ul>\n<\/li>\n<li>Der Preis bezieht sich auf:\n<ul>\n<li>1 St\u00fcck<\/li>\n<\/ul>\n<\/li>\n<\/ul>\n","protected":false},"featured_media":3326,"template":"","meta":{"_acf_changed":false,"_links_to":"","_links_to_target":""},"product_cat":[74],"product_tag":[],"class_list":{"0":"post-3976","1":"product","2":"type-product","3":"status-publish","4":"has-post-thumbnail","6":"product_cat-miriapoden","8":"first","9":"outofstock","10":"shipping-taxable","11":"purchasable","12":"product-type-simple"},"acf":[],"yoast_head":"<!-- This site is optimized with the Yoast SEO plugin v24.9 - https:\/\/yoast.com\/wordpress\/plugins\/seo\/ -->\n<title>Spirobolellus sp. Maui\u201eFluoreszenz unter UV-Licht\u201c | MegaPets<\/title>\n<meta name=\"robots\" content=\"index, follow, max-snippet:-1, max-image-preview:large, max-video-preview:-1\" \/>\n<link rel=\"canonical\" href=\"https:\/\/megapets.eu\/de\/miriapoden\/spirobolellus-sp-mauifluoreszenz-unter-uv-licht\/\" \/>\n<meta property=\"og:locale\" content=\"de_DE\" \/>\n<meta property=\"og:type\" content=\"article\" \/>\n<meta property=\"og:title\" content=\"Spirobolellus sp. Maui\u201eFluoreszenz unter UV-Licht\u201c | MegaPets\" \/>\n<meta property=\"og:description\" content=\"Zielgr\u00f6\u00dfe:  ungef\u00e4hr 4-5 cm   Angebotenes junges Exemplar:  ca. 2-3 cm   Der Preis bezieht sich auf:  1 St\u00fcck\" \/>\n<meta property=\"og:url\" content=\"https:\/\/megapets.eu\/de\/miriapoden\/spirobolellus-sp-mauifluoreszenz-unter-uv-licht\/\" \/>\n<meta property=\"og:site_name\" content=\"MegaPets\" \/>\n<meta property=\"article:publisher\" content=\"https:\/\/www.facebook.com\/MegaPets.eu\/\" \/>\n<meta property=\"article:modified_time\" content=\"2025-08-13T14:58:52+00:00\" \/>\n<meta property=\"og:image\" content=\"https:\/\/megapets.eu\/wp-content\/uploads\/2024\/10\/1-9765-1024x691.png\" \/>\n\t<meta property=\"og:image:width\" content=\"1024\" \/>\n\t<meta property=\"og:image:height\" content=\"691\" \/>\n\t<meta property=\"og:image:type\" content=\"image\/png\" \/>\n<meta name=\"twitter:card\" content=\"summary_large_image\" \/>\n<meta name=\"twitter:label1\" content=\"Gesch\u00e4tzte Lesezeit\" \/>\n\t<meta name=\"twitter:data1\" content=\"1\u00a0Minute\" \/>\n<script type=\"application\/ld+json\" class=\"yoast-schema-graph\">{\"@context\":\"https:\/\/schema.org\",\"@graph\":[{\"@type\":\"WebPage\",\"@id\":\"https:\/\/megapets.eu\/de\/miriapoden\/spirobolellus-sp-mauifluoreszenz-unter-uv-licht\/\",\"url\":\"https:\/\/megapets.eu\/de\/miriapoden\/spirobolellus-sp-mauifluoreszenz-unter-uv-licht\/\",\"name\":\"Spirobolellus sp. Maui \u201eFluoreszenz unter UV-Licht\u201c | MegaPets\",\"isPartOf\":{\"@id\":\"https:\/\/megapets.eu\/de\/#website\"},\"primaryImageOfPage\":{\"@id\":\"https:\/\/megapets.eu\/de\/miriapoden\/spirobolellus-sp-mauifluoreszenz-unter-uv-licht\/#primaryimage\"},\"image\":{\"@id\":\"https:\/\/megapets.eu\/de\/miriapoden\/spirobolellus-sp-mauifluoreszenz-unter-uv-licht\/#primaryimage\"},\"thumbnailUrl\":\"https:\/\/megapets.eu\/wp-content\/uploads\/2024\/10\/1-9765.png\",\"datePublished\":\"2024-10-05T12:01:38+00:00\",\"dateModified\":\"2025-08-13T14:58:52+00:00\",\"breadcrumb\":{\"@id\":\"https:\/\/megapets.eu\/de\/miriapoden\/spirobolellus-sp-mauifluoreszenz-unter-uv-licht\/#breadcrumb\"},\"inLanguage\":\"de\",\"potentialAction\":[{\"@type\":\"ReadAction\",\"target\":[\"https:\/\/megapets.eu\/de\/miriapoden\/spirobolellus-sp-mauifluoreszenz-unter-uv-licht\/\"]}]},{\"@type\":\"ImageObject\",\"inLanguage\":\"de\",\"@id\":\"https:\/\/megapets.eu\/de\/miriapoden\/spirobolellus-sp-mauifluoreszenz-unter-uv-licht\/#primaryimage\",\"url\":\"https:\/\/megapets.eu\/wp-content\/uploads\/2024\/10\/1-9765.png\",\"contentUrl\":\"https:\/\/megapets.eu\/wp-content\/uploads\/2024\/10\/1-9765.png\",\"width\":3092,\"height\":2088},{\"@type\":\"BreadcrumbList\",\"@id\":\"https:\/\/megapets.eu\/de\/miriapoden\/spirobolellus-sp-mauifluoreszenz-unter-uv-licht\/#breadcrumb\",\"itemListElement\":[{\"@type\":\"ListItem\",\"position\":1,\"name\":\"Strona g\u0142\u00f3wna\",\"item\":\"https:\/\/megapets.eu\/de\/startseite\/\"},{\"@type\":\"ListItem\",\"position\":2,\"name\":\"Shop\",\"item\":\"https:\/\/megapets.eu\/de\/shop\/\"},{\"@type\":\"ListItem\",\"position\":3,\"name\":\"Spirobolellus sp. Maui\u201eFluoreszenz unter UV-Licht\u201c\"}]},{\"@type\":\"WebSite\",\"@id\":\"https:\/\/megapets.eu\/de\/#website\",\"url\":\"https:\/\/megapets.eu\/de\/\",\"name\":\"Mega Pets\",\"description\":\"Jedna z najwi\u0119kszych hodowli \u015blimak\u00f3w w Europie\",\"publisher\":{\"@id\":\"https:\/\/megapets.eu\/de\/#organization\"},\"alternateName\":\"Mega Pets\",\"potentialAction\":[{\"@type\":\"SearchAction\",\"target\":{\"@type\":\"EntryPoint\",\"urlTemplate\":\"https:\/\/megapets.eu\/de\/?s={search_term_string}\"},\"query-input\":{\"@type\":\"PropertyValueSpecification\",\"valueRequired\":true,\"valueName\":\"search_term_string\"}}],\"inLanguage\":\"de\"},{\"@type\":\"Organization\",\"@id\":\"https:\/\/megapets.eu\/de\/#organization\",\"name\":\"Mega Pets\",\"url\":\"https:\/\/megapets.eu\/de\/\",\"logo\":{\"@type\":\"ImageObject\",\"inLanguage\":\"de\",\"@id\":\"https:\/\/megapets.eu\/de\/#\/schema\/logo\/image\/\",\"url\":\"https:\/\/megapets.eu\/wp-content\/uploads\/2025\/04\/megapets_eu-logo.png\",\"contentUrl\":\"https:\/\/megapets.eu\/wp-content\/uploads\/2025\/04\/megapets_eu-logo.png\",\"width\":2362,\"height\":2362,\"caption\":\"Mega Pets\"},\"image\":{\"@id\":\"https:\/\/megapets.eu\/de\/#\/schema\/logo\/image\/\"},\"sameAs\":[\"https:\/\/www.facebook.com\/MegaPets.eu\/\"]}]}<\/script>\n<!-- \/ Yoast SEO plugin. -->","yoast_head_json":{"title":"Spirobolellus sp. Maui\u201eFluoreszenz unter UV-Licht\u201c | MegaPets","robots":{"index":"index","follow":"follow","max-snippet":"max-snippet:-1","max-image-preview":"max-image-preview:large","max-video-preview":"max-video-preview:-1"},"canonical":"https:\/\/megapets.eu\/de\/miriapoden\/spirobolellus-sp-mauifluoreszenz-unter-uv-licht\/","og_locale":"de_DE","og_type":"article","og_title":"Spirobolellus sp. Maui\u201eFluoreszenz unter UV-Licht\u201c | MegaPets","og_description":"Zielgr\u00f6\u00dfe:  ungef\u00e4hr 4-5 cm   Angebotenes junges Exemplar:  ca. 2-3 cm   Der Preis bezieht sich auf:  1 St\u00fcck","og_url":"https:\/\/megapets.eu\/de\/miriapoden\/spirobolellus-sp-mauifluoreszenz-unter-uv-licht\/","og_site_name":"MegaPets","article_publisher":"https:\/\/www.facebook.com\/MegaPets.eu\/","article_modified_time":"2025-08-13T14:58:52+00:00","og_image":[{"width":1024,"height":691,"url":"https:\/\/megapets.eu\/wp-content\/uploads\/2024\/10\/1-9765-1024x691.png","type":"image\/png"}],"twitter_card":"summary_large_image","twitter_misc":{"Gesch\u00e4tzte Lesezeit":"1\u00a0Minute"},"schema":{"@context":"https:\/\/schema.org","@graph":[{"@type":"WebPage","@id":"https:\/\/megapets.eu\/de\/miriapoden\/spirobolellus-sp-mauifluoreszenz-unter-uv-licht\/","url":"https:\/\/megapets.eu\/de\/miriapoden\/spirobolellus-sp-mauifluoreszenz-unter-uv-licht\/","name":"Spirobolellus sp. Maui \u201eFluoreszenz unter UV-Licht\u201c | MegaPets","isPartOf":{"@id":"https:\/\/megapets.eu\/de\/#website"},"primaryImageOfPage":{"@id":"https:\/\/megapets.eu\/de\/miriapoden\/spirobolellus-sp-mauifluoreszenz-unter-uv-licht\/#primaryimage"},"image":{"@id":"https:\/\/megapets.eu\/de\/miriapoden\/spirobolellus-sp-mauifluoreszenz-unter-uv-licht\/#primaryimage"},"thumbnailUrl":"https:\/\/megapets.eu\/wp-content\/uploads\/2024\/10\/1-9765.png","datePublished":"2024-10-05T12:01:38+00:00","dateModified":"2025-08-13T14:58:52+00:00","breadcrumb":{"@id":"https:\/\/megapets.eu\/de\/miriapoden\/spirobolellus-sp-mauifluoreszenz-unter-uv-licht\/#breadcrumb"},"inLanguage":"de","potentialAction":[{"@type":"ReadAction","target":["https:\/\/megapets.eu\/de\/miriapoden\/spirobolellus-sp-mauifluoreszenz-unter-uv-licht\/"]}]},{"@type":"ImageObject","inLanguage":"de","@id":"https:\/\/megapets.eu\/de\/miriapoden\/spirobolellus-sp-mauifluoreszenz-unter-uv-licht\/#primaryimage","url":"https:\/\/megapets.eu\/wp-content\/uploads\/2024\/10\/1-9765.png","contentUrl":"https:\/\/megapets.eu\/wp-content\/uploads\/2024\/10\/1-9765.png","width":3092,"height":2088},{"@type":"BreadcrumbList","@id":"https:\/\/megapets.eu\/de\/miriapoden\/spirobolellus-sp-mauifluoreszenz-unter-uv-licht\/#breadcrumb","itemListElement":[{"@type":"ListItem","position":1,"name":"Strona g\u0142\u00f3wna","item":"https:\/\/megapets.eu\/de\/startseite\/"},{"@type":"ListItem","position":2,"name":"Shop","item":"https:\/\/megapets.eu\/de\/shop\/"},{"@type":"ListItem","position":3,"name":"Spirobolellus sp. Maui\u201eFluoreszenz unter UV-Licht\u201c"}]},{"@type":"WebSite","@id":"https:\/\/megapets.eu\/de\/#website","url":"https:\/\/megapets.eu\/de\/","name":"Mega Pets","description":"Jedna z najwi\u0119kszych hodowli \u015blimak\u00f3w w Europie","publisher":{"@id":"https:\/\/megapets.eu\/de\/#organization"},"alternateName":"Mega Pets","potentialAction":[{"@type":"SearchAction","target":{"@type":"EntryPoint","urlTemplate":"https:\/\/megapets.eu\/de\/?s={search_term_string}"},"query-input":{"@type":"PropertyValueSpecification","valueRequired":true,"valueName":"search_term_string"}}],"inLanguage":"de"},{"@type":"Organization","@id":"https:\/\/megapets.eu\/de\/#organization","name":"Mega Pets","url":"https:\/\/megapets.eu\/de\/","logo":{"@type":"ImageObject","inLanguage":"de","@id":"https:\/\/megapets.eu\/de\/#\/schema\/logo\/image\/","url":"https:\/\/megapets.eu\/wp-content\/uploads\/2025\/04\/megapets_eu-logo.png","contentUrl":"https:\/\/megapets.eu\/wp-content\/uploads\/2025\/04\/megapets_eu-logo.png","width":2362,"height":2362,"caption":"Mega Pets"},"image":{"@id":"https:\/\/megapets.eu\/de\/#\/schema\/logo\/image\/"},"sameAs":["https:\/\/www.facebook.com\/MegaPets.eu\/"]}]}},"_links":{"self":[{"href":"https:\/\/megapets.eu\/de\/wp-json\/wp\/v2\/product\/3976","targetHints":{"allow":["GET"]}}],"collection":[{"href":"https:\/\/megapets.eu\/de\/wp-json\/wp\/v2\/product"}],"about":[{"href":"https:\/\/megapets.eu\/de\/wp-json\/wp\/v2\/types\/product"}],"wp:featuredmedia":[{"embeddable":true,"href":"https:\/\/megapets.eu\/de\/wp-json\/wp\/v2\/media\/3326"}],"wp:attachment":[{"href":"https:\/\/megapets.eu\/de\/wp-json\/wp\/v2\/media?parent=3976"}],"wp:term":[{"taxonomy":"product_cat","embeddable":true,"href":"https:\/\/megapets.eu\/de\/wp-json\/wp\/v2\/product_cat?post=3976"},{"taxonomy":"product_tag","embeddable":true,"href":"https:\/\/megapets.eu\/de\/wp-json\/wp\/v2\/product_tag?post=3976"}],"curies":[{"name":"wp","href":"https:\/\/api.w.org\/{rel}","templated":true}]}}