{"id":3988,"date":"2024-10-05T07:54:28","date_gmt":"2024-10-05T07:54:28","guid":{"rendered":"https:\/\/megapets.eu\/unkategorisiert\/ophistreptus-guineensisbraunes-riesenkrokodil\/"},"modified":"2024-10-05T07:54:28","modified_gmt":"2024-10-05T07:54:28","slug":"ophistreptus-guineensisbraunes-riesenkrokodil","status":"publish","type":"product","link":"https:\/\/megapets.eu\/de\/miriapoden\/ophistreptus-guineensisbraunes-riesenkrokodil\/","title":{"rendered":"Ophistreptus guineensis<br>\u201eBraunes Riesenkrokodil\u201c"},"content":{"rendered":"<p class=\"v1v1v1v1MsoNormal\"><span style=\"color: #d94890;\"><strong><em><span style=\"font-size: 15px;\"><span style=\"color: #424242;\">Spezies:<\/span> <span style=\"color: #800000;\">Ophistreptus guineensis \u201eBraunes Riesenkrokodil\u201c. <\/span><\/span><\/em><\/strong><\/span><span style=\"color: #424242;\"><strong><em><span style=\"font-size: 15px;\">Einfach zu pflegen und daher ideal f\u00fcr Anf\u00e4nger.<\/span><\/em><\/strong><\/span><\/p>\n<p><span style=\"font-size: 15px;\"><em><strong>Ophistreptus guineensis Krokodil  <span style=\"color: #800000;\">B<span class=\"html-span xexx8yu x4uap5 x18d9i69 xkhd6sd x1hl2dhg x16tdsg8 x1vvkbs x3nfvp2 x1j61x8r x1fcty0u xdj266r xat24cr xgzva0m xhhsvwb xxymvpz xlup9mm x1kky2od\"><img loading=\"lazy\" decoding=\"async\" class=\"xz74otr\" src=\"https:\/\/static.xx.fbcdn.net\/images\/emoji.php\/v9\/tec\/1\/16\/1f334.png\" alt=\"\ud83c\udf34\" width=\"16\" height=\"16\"><\/span>R<span class=\"html-span xexx8yu x4uap5 x18d9i69 xkhd6sd x1hl2dhg x16tdsg8 x1vvkbs x3nfvp2 x1j61x8r x1fcty0u xdj266r xat24cr xgzva0m xhhsvwb xxymvpz xlup9mm x1kky2od\"><img loading=\"lazy\" decoding=\"async\" class=\"xz74otr\" src=\"https:\/\/static.xx.fbcdn.net\/images\/emoji.php\/v9\/t6d\/1\/16\/2600.png\" alt=\"\u2600\ufe0f\" width=\"16\" height=\"16\"><\/span>\u0104<span class=\"html-span xexx8yu x4uap5 x18d9i69 xkhd6sd x1hl2dhg x16tdsg8 x1vvkbs x3nfvp2 x1j61x8r x1fcty0u xdj266r xat24cr xgzva0m xhhsvwb xxymvpz xlup9mm x1kky2od\"><img loading=\"lazy\" decoding=\"async\" class=\"xz74otr\" src=\"https:\/\/static.xx.fbcdn.net\/images\/emoji.php\/v9\/td0\/1\/16\/1f965.png\" alt=\"\ud83e\udd65\" width=\"16\" height=\"16\"><\/span>Z<span class=\"html-span xexx8yu x4uap5 x18d9i69 xkhd6sd x1hl2dhg x16tdsg8 x1vvkbs x3nfvp2 x1j61x8r x1fcty0u xdj266r xat24cr xgzva0m xhhsvwb xxymvpz xlup9mm x1kky2od\"><img loading=\"lazy\" decoding=\"async\" class=\"xz74otr\" src=\"https:\/\/static.xx.fbcdn.net\/images\/emoji.php\/v9\/tec\/1\/16\/1f334.png\" alt=\"\ud83c\udf34\" width=\"16\" height=\"16\"><\/span>O<span class=\"html-span xexx8yu x4uap5 x18d9i69 xkhd6sd x1hl2dhg x16tdsg8 x1vvkbs x3nfvp2 x1j61x8r x1fcty0u xdj266r xat24cr xgzva0m xhhsvwb xxymvpz xlup9mm x1kky2od\"><img loading=\"lazy\" decoding=\"async\" class=\"xz74otr\" src=\"https:\/\/static.xx.fbcdn.net\/images\/emoji.php\/v9\/t6d\/1\/16\/2600.png\" alt=\"\u2600\ufe0f\" width=\"16\" height=\"16\"><\/span>W<span class=\"html-span xexx8yu x4uap5 x18d9i69 xkhd6sd x1hl2dhg x16tdsg8 x1vvkbs x3nfvp2 x1j61x8r x1fcty0u xdj266r xat24cr xgzva0m xhhsvwb xxymvpz xlup9mm x1kky2od\"><img loading=\"lazy\" decoding=\"async\" class=\"xz74otr\" src=\"https:\/\/static.xx.fbcdn.net\/images\/emoji.php\/v9\/td0\/1\/16\/1f965.png\" alt=\"\ud83e\udd65\" width=\"16\" height=\"16\"><\/span>Y  <\/span>Riesig, Zielgr\u00f6\u00dfe eines erwachsenen Auges. 20 cm. <\/strong><\/em><\/span><\/p>\n<p>&nbsp;<\/p>\n<p><span style=\"color: #800000;\"><strong><em><span style=\"font-size: 15px;\">Es ist m\u00f6glich<\/span><\/em><\/strong><strong><em><span style=\"font-size: 15px;\">M\u00f6glichkeit der Paarung <b>\u2764\ufe0f<\/b> m\u00e4nnlich und weiblich. <span style=\"color: #424242;\">Bitte geben Sie dies in den Kommentaren zu Ihrer Bestellung an.<\/span><\/span><\/em><\/strong><\/span><\/p>\n<p>&nbsp;<\/p>\n<p><strong style=\"color: #424242;\"><em><span style=\"font-size: 15px;\"><span style=\"color: #424242;\"><span class=\"x1xsqp64 xiy17q3 x1o6pynw x19co3pv xdj266r xcwd3tp xat24cr x39eecv x2b8uid\" data-testid=\"emoji\"><span class=\"xexx8yu xn5pp95 x18d9i69 x2fxd7x x3jgonx x1bhl96m\">\ud83e\udd0e\ud83e\udd0e\ud83e\udd0e  <\/span><\/span><\/span><\/span><span style=\"font-size: 15px;\"><span style=\"color: #424242;\"><strong>Sind Sie auf der Suche nach einem coolen Zuchtobjekt f\u00fcr den Anfang?  <\/strong><\/span> <span style=\"color: #800000;\">Krokodile <strong>Ophistreptus guineensis <\/strong>sind sch\u00f6ne und leicht zu haltende Kreaturen, die f\u00fcr Menschen v\u00f6llig ungef\u00e4hrlich sind und nicht bei\u00dfen. Sie haben schwache Kiefer, die zum Zerkleinern von Pflanzenmaterial geeignet sind. Krokodile bevorzugen feuchte Orte, leben in der obersten Schicht des Substrats und ern\u00e4hren sich von Bl\u00e4ttern, einem f\u00fcr die Krokodilzucht konzipierten Mehrkomponentensubstrat sowie von Gem\u00fcse und Obst.    <\/span><\/span><\/em><\/strong><\/p>\n<p>&nbsp;<\/p>\n<p class=\"v1v1v1v1MsoNormal\"><span style=\"color: #424242;\"><strong><em><span style=\"font-size: 15px;\"><span class=\"x1xsqp64 xiy17q3 x1o6pynw x19co3pv xdj266r xcwd3tp xat24cr x39eecv x2b8uid\" data-testid=\"emoji\"><span class=\"xexx8yu xn5pp95 x18d9i69 x2fxd7x x3jgonx x1bhl96m\">\ud83c\udf3f <\/span><\/span><span style=\"color: #424242;\">Alles, was ein solches Tier f\u00fcr eine erfolgreiche Entwicklung und das Leben in einem Terrarium braucht, ist vorhanden:<\/span><\/span><\/em><\/strong><\/span><\/p>\n<p class=\"v1v1v1v1MsoNormal\"><span style=\"color: #008000;\"><strong><em><span style=\"font-size: 15px;\">* Substrat\/Futter: Substrat f\u00fcr die Aufzucht von Krokodilen und Vipern (erh\u00e4ltlich in unserer anderen Auktion);<\/span><\/em><\/strong><\/span><\/p>\n<p class=\"v1v1v1v1MsoNormal\"><span style=\"color: #008000;\"><strong><em><span style=\"font-size: 15px;\">* Essen: Frisches Gem\u00fcse und Obst;<\/span><\/em><\/strong><\/span><\/p>\n<p class=\"v1v1v1v1MsoNormal\"><span style=\"color: #008000;\"><strong><em><span style=\"font-size: 15px;\">* Nahrung: Gemahlener Gammarus ist ein getrockneter Keim, reich an Makro- und Mikron\u00e4hrstoffen, eine nat\u00fcrliche Quelle f\u00fcr tierisches Protein und Chitin (erh\u00e4ltlich in unserer anderen Auktion);<\/span><\/em><\/strong><\/span><\/p>\n<p class=\"v1v1v1v1MsoNormal\"><span style=\"color: #008000;\"><strong><em><span style=\"font-size: 15px;\">* Terrarium: Die Faunabox ist ideal f\u00fcr die Zucht von Vipern und Krokodilen (erh\u00e4ltlich in unserer anderen Auktion);<\/span><\/em><\/strong><\/span><\/p>\n<p class=\"v1v1v1v1MsoNormal\"><span style=\"color: #008000;\"><strong><em><span style=\"font-size: 15px;\">* Empfohlene Temperatur 22-26 \u00b0C und eine Luftfeuchtigkeit von ca. 70% (lassen Sie das Substrat nicht austrocknen, bespr\u00fchen Sie das Terrarium alle 2-3 Tage).<\/span><\/em><\/strong><\/span><\/p>\n","protected":false},"excerpt":{"rendered":"<ul class=\"product_attributes\">\n<li><span style=\"color: #555555;\">Zielgr\u00f6\u00dfe:<\/span> ca. 20 cm <\/li>\n<li><span style=\"color: #555555;\">Angebotenes Exemplar:<\/span> ca. 10-15 cm <\/li>\n<li><span style=\"color: #555555;\">Der Preis bezieht sich auf:<\/span> 1 St\u00fcck<\/li>\n<\/ul>\n","protected":false},"featured_media":2814,"template":"","meta":{"_acf_changed":false,"_links_to":"","_links_to_target":""},"product_cat":[74],"product_tag":[],"class_list":{"0":"post-3988","1":"product","2":"type-product","3":"status-publish","4":"has-post-thumbnail","6":"product_cat-miriapoden","8":"first","9":"instock","10":"shipping-taxable","11":"purchasable","12":"product-type-simple"},"acf":[],"yoast_head":"<!-- This site is optimized with the Yoast SEO plugin v24.9 - https:\/\/yoast.com\/wordpress\/plugins\/seo\/ -->\n<title>Ophistreptus guineensis\u201eBraunes Riesenkrokodil\u201c | MegaPets<\/title>\n<meta name=\"robots\" content=\"index, follow, max-snippet:-1, max-image-preview:large, max-video-preview:-1\" \/>\n<link rel=\"canonical\" href=\"https:\/\/megapets.eu\/de\/miriapoden\/ophistreptus-guineensisbraunes-riesenkrokodil\/\" \/>\n<meta property=\"og:locale\" content=\"de_DE\" \/>\n<meta property=\"og:type\" content=\"article\" \/>\n<meta property=\"og:title\" content=\"Ophistreptus guineensis\u201eBraunes Riesenkrokodil\u201c | MegaPets\" \/>\n<meta property=\"og:description\" content=\"Zielgr\u00f6\u00dfe: ca. 20 cm  Angebotenes Exemplar: ca. 10-15 cm  Der Preis bezieht sich auf: 1 St\u00fcck\" \/>\n<meta property=\"og:url\" content=\"https:\/\/megapets.eu\/de\/miriapoden\/ophistreptus-guineensisbraunes-riesenkrokodil\/\" \/>\n<meta property=\"og:site_name\" content=\"MegaPets\" \/>\n<meta property=\"article:publisher\" content=\"https:\/\/www.facebook.com\/MegaPets.eu\/\" \/>\n<meta property=\"og:image\" content=\"https:\/\/megapets.eu\/wp-content\/uploads\/2024\/10\/36-1024x679.png\" \/>\n\t<meta property=\"og:image:width\" content=\"1024\" \/>\n\t<meta property=\"og:image:height\" content=\"679\" \/>\n\t<meta property=\"og:image:type\" content=\"image\/png\" \/>\n<meta name=\"twitter:card\" content=\"summary_large_image\" \/>\n<meta name=\"twitter:label1\" content=\"Gesch\u00e4tzte Lesezeit\" \/>\n\t<meta name=\"twitter:data1\" content=\"1\u00a0Minute\" \/>\n<script type=\"application\/ld+json\" class=\"yoast-schema-graph\">{\"@context\":\"https:\/\/schema.org\",\"@graph\":[{\"@type\":\"WebPage\",\"@id\":\"https:\/\/megapets.eu\/de\/miriapoden\/ophistreptus-guineensisbraunes-riesenkrokodil\/\",\"url\":\"https:\/\/megapets.eu\/de\/miriapoden\/ophistreptus-guineensisbraunes-riesenkrokodil\/\",\"name\":\"Ophistreptus guineensis \u201eBraunes Riesenkrokodil\u201c | MegaPets\",\"isPartOf\":{\"@id\":\"https:\/\/megapets.eu\/de\/#website\"},\"primaryImageOfPage\":{\"@id\":\"https:\/\/megapets.eu\/de\/miriapoden\/ophistreptus-guineensisbraunes-riesenkrokodil\/#primaryimage\"},\"image\":{\"@id\":\"https:\/\/megapets.eu\/de\/miriapoden\/ophistreptus-guineensisbraunes-riesenkrokodil\/#primaryimage\"},\"thumbnailUrl\":\"https:\/\/megapets.eu\/wp-content\/uploads\/2024\/10\/36.png\",\"datePublished\":\"2024-10-05T07:54:28+00:00\",\"breadcrumb\":{\"@id\":\"https:\/\/megapets.eu\/de\/miriapoden\/ophistreptus-guineensisbraunes-riesenkrokodil\/#breadcrumb\"},\"inLanguage\":\"de\",\"potentialAction\":[{\"@type\":\"ReadAction\",\"target\":[\"https:\/\/megapets.eu\/de\/miriapoden\/ophistreptus-guineensisbraunes-riesenkrokodil\/\"]}]},{\"@type\":\"ImageObject\",\"inLanguage\":\"de\",\"@id\":\"https:\/\/megapets.eu\/de\/miriapoden\/ophistreptus-guineensisbraunes-riesenkrokodil\/#primaryimage\",\"url\":\"https:\/\/megapets.eu\/wp-content\/uploads\/2024\/10\/36.png\",\"contentUrl\":\"https:\/\/megapets.eu\/wp-content\/uploads\/2024\/10\/36.png\",\"width\":1300,\"height\":862},{\"@type\":\"BreadcrumbList\",\"@id\":\"https:\/\/megapets.eu\/de\/miriapoden\/ophistreptus-guineensisbraunes-riesenkrokodil\/#breadcrumb\",\"itemListElement\":[{\"@type\":\"ListItem\",\"position\":1,\"name\":\"Strona g\u0142\u00f3wna\",\"item\":\"https:\/\/megapets.eu\/de\/startseite\/\"},{\"@type\":\"ListItem\",\"position\":2,\"name\":\"Shop\",\"item\":\"https:\/\/megapets.eu\/de\/shop\/\"},{\"@type\":\"ListItem\",\"position\":3,\"name\":\"Ophistreptus guineensis\u201eBraunes Riesenkrokodil\u201c\"}]},{\"@type\":\"WebSite\",\"@id\":\"https:\/\/megapets.eu\/de\/#website\",\"url\":\"https:\/\/megapets.eu\/de\/\",\"name\":\"Mega Pets\",\"description\":\"Jedna z najwi\u0119kszych hodowli \u015blimak\u00f3w w Europie\",\"publisher\":{\"@id\":\"https:\/\/megapets.eu\/de\/#organization\"},\"alternateName\":\"Mega Pets\",\"potentialAction\":[{\"@type\":\"SearchAction\",\"target\":{\"@type\":\"EntryPoint\",\"urlTemplate\":\"https:\/\/megapets.eu\/de\/?s={search_term_string}\"},\"query-input\":{\"@type\":\"PropertyValueSpecification\",\"valueRequired\":true,\"valueName\":\"search_term_string\"}}],\"inLanguage\":\"de\"},{\"@type\":\"Organization\",\"@id\":\"https:\/\/megapets.eu\/de\/#organization\",\"name\":\"Mega Pets\",\"url\":\"https:\/\/megapets.eu\/de\/\",\"logo\":{\"@type\":\"ImageObject\",\"inLanguage\":\"de\",\"@id\":\"https:\/\/megapets.eu\/de\/#\/schema\/logo\/image\/\",\"url\":\"https:\/\/megapets.eu\/wp-content\/uploads\/2025\/04\/megapets_eu-logo.png\",\"contentUrl\":\"https:\/\/megapets.eu\/wp-content\/uploads\/2025\/04\/megapets_eu-logo.png\",\"width\":2362,\"height\":2362,\"caption\":\"Mega Pets\"},\"image\":{\"@id\":\"https:\/\/megapets.eu\/de\/#\/schema\/logo\/image\/\"},\"sameAs\":[\"https:\/\/www.facebook.com\/MegaPets.eu\/\"]}]}<\/script>\n<!-- \/ Yoast SEO plugin. -->","yoast_head_json":{"title":"Ophistreptus guineensis\u201eBraunes Riesenkrokodil\u201c | MegaPets","robots":{"index":"index","follow":"follow","max-snippet":"max-snippet:-1","max-image-preview":"max-image-preview:large","max-video-preview":"max-video-preview:-1"},"canonical":"https:\/\/megapets.eu\/de\/miriapoden\/ophistreptus-guineensisbraunes-riesenkrokodil\/","og_locale":"de_DE","og_type":"article","og_title":"Ophistreptus guineensis\u201eBraunes Riesenkrokodil\u201c | MegaPets","og_description":"Zielgr\u00f6\u00dfe: ca. 20 cm  Angebotenes Exemplar: ca. 10-15 cm  Der Preis bezieht sich auf: 1 St\u00fcck","og_url":"https:\/\/megapets.eu\/de\/miriapoden\/ophistreptus-guineensisbraunes-riesenkrokodil\/","og_site_name":"MegaPets","article_publisher":"https:\/\/www.facebook.com\/MegaPets.eu\/","og_image":[{"width":1024,"height":679,"url":"https:\/\/megapets.eu\/wp-content\/uploads\/2024\/10\/36-1024x679.png","type":"image\/png"}],"twitter_card":"summary_large_image","twitter_misc":{"Gesch\u00e4tzte Lesezeit":"1\u00a0Minute"},"schema":{"@context":"https:\/\/schema.org","@graph":[{"@type":"WebPage","@id":"https:\/\/megapets.eu\/de\/miriapoden\/ophistreptus-guineensisbraunes-riesenkrokodil\/","url":"https:\/\/megapets.eu\/de\/miriapoden\/ophistreptus-guineensisbraunes-riesenkrokodil\/","name":"Ophistreptus guineensis \u201eBraunes Riesenkrokodil\u201c | MegaPets","isPartOf":{"@id":"https:\/\/megapets.eu\/de\/#website"},"primaryImageOfPage":{"@id":"https:\/\/megapets.eu\/de\/miriapoden\/ophistreptus-guineensisbraunes-riesenkrokodil\/#primaryimage"},"image":{"@id":"https:\/\/megapets.eu\/de\/miriapoden\/ophistreptus-guineensisbraunes-riesenkrokodil\/#primaryimage"},"thumbnailUrl":"https:\/\/megapets.eu\/wp-content\/uploads\/2024\/10\/36.png","datePublished":"2024-10-05T07:54:28+00:00","breadcrumb":{"@id":"https:\/\/megapets.eu\/de\/miriapoden\/ophistreptus-guineensisbraunes-riesenkrokodil\/#breadcrumb"},"inLanguage":"de","potentialAction":[{"@type":"ReadAction","target":["https:\/\/megapets.eu\/de\/miriapoden\/ophistreptus-guineensisbraunes-riesenkrokodil\/"]}]},{"@type":"ImageObject","inLanguage":"de","@id":"https:\/\/megapets.eu\/de\/miriapoden\/ophistreptus-guineensisbraunes-riesenkrokodil\/#primaryimage","url":"https:\/\/megapets.eu\/wp-content\/uploads\/2024\/10\/36.png","contentUrl":"https:\/\/megapets.eu\/wp-content\/uploads\/2024\/10\/36.png","width":1300,"height":862},{"@type":"BreadcrumbList","@id":"https:\/\/megapets.eu\/de\/miriapoden\/ophistreptus-guineensisbraunes-riesenkrokodil\/#breadcrumb","itemListElement":[{"@type":"ListItem","position":1,"name":"Strona g\u0142\u00f3wna","item":"https:\/\/megapets.eu\/de\/startseite\/"},{"@type":"ListItem","position":2,"name":"Shop","item":"https:\/\/megapets.eu\/de\/shop\/"},{"@type":"ListItem","position":3,"name":"Ophistreptus guineensis\u201eBraunes Riesenkrokodil\u201c"}]},{"@type":"WebSite","@id":"https:\/\/megapets.eu\/de\/#website","url":"https:\/\/megapets.eu\/de\/","name":"Mega Pets","description":"Jedna z najwi\u0119kszych hodowli \u015blimak\u00f3w w Europie","publisher":{"@id":"https:\/\/megapets.eu\/de\/#organization"},"alternateName":"Mega Pets","potentialAction":[{"@type":"SearchAction","target":{"@type":"EntryPoint","urlTemplate":"https:\/\/megapets.eu\/de\/?s={search_term_string}"},"query-input":{"@type":"PropertyValueSpecification","valueRequired":true,"valueName":"search_term_string"}}],"inLanguage":"de"},{"@type":"Organization","@id":"https:\/\/megapets.eu\/de\/#organization","name":"Mega Pets","url":"https:\/\/megapets.eu\/de\/","logo":{"@type":"ImageObject","inLanguage":"de","@id":"https:\/\/megapets.eu\/de\/#\/schema\/logo\/image\/","url":"https:\/\/megapets.eu\/wp-content\/uploads\/2025\/04\/megapets_eu-logo.png","contentUrl":"https:\/\/megapets.eu\/wp-content\/uploads\/2025\/04\/megapets_eu-logo.png","width":2362,"height":2362,"caption":"Mega Pets"},"image":{"@id":"https:\/\/megapets.eu\/de\/#\/schema\/logo\/image\/"},"sameAs":["https:\/\/www.facebook.com\/MegaPets.eu\/"]}]}},"_links":{"self":[{"href":"https:\/\/megapets.eu\/de\/wp-json\/wp\/v2\/product\/3988","targetHints":{"allow":["GET"]}}],"collection":[{"href":"https:\/\/megapets.eu\/de\/wp-json\/wp\/v2\/product"}],"about":[{"href":"https:\/\/megapets.eu\/de\/wp-json\/wp\/v2\/types\/product"}],"wp:featuredmedia":[{"embeddable":true,"href":"https:\/\/megapets.eu\/de\/wp-json\/wp\/v2\/media\/2814"}],"wp:attachment":[{"href":"https:\/\/megapets.eu\/de\/wp-json\/wp\/v2\/media?parent=3988"}],"wp:term":[{"taxonomy":"product_cat","embeddable":true,"href":"https:\/\/megapets.eu\/de\/wp-json\/wp\/v2\/product_cat?post=3988"},{"taxonomy":"product_tag","embeddable":true,"href":"https:\/\/megapets.eu\/de\/wp-json\/wp\/v2\/product_tag?post=3988"}],"curies":[{"name":"wp","href":"https:\/\/api.w.org\/{rel}","templated":true}]}}