{"id":3994,"date":"2024-10-04T20:40:09","date_gmt":"2024-10-04T20:40:09","guid":{"rendered":"https:\/\/megapets.eu\/unkategorisiert\/waldsubstrat-15-lfuer-die-zucht-von-krokodilen-und-vipern\/"},"modified":"2024-10-04T20:40:09","modified_gmt":"2024-10-04T20:40:09","slug":"waldsubstrat-15-lfuer-die-zucht-von-krokodilen-und-vipern","status":"publish","type":"product","link":"https:\/\/megapets.eu\/de\/zubehoer\/waldsubstrat-15-lfuer-die-zucht-von-krokodilen-und-vipern\/","title":{"rendered":"Waldsubstrat 1,5 L<br>f\u00fcr die Zucht von Krokodilen und Vipern"},"content":{"rendered":"<p><strong><span style=\"color: #e87020; font-size: 15px;\"><em>Waldsubstrat 1,5 L f\u00fcr die Aufzucht von Krokodilen und Vipern<\/em><\/span><\/strong><\/p>\n<p><strong><span style=\"color: #e87020; font-size: 15px;\"><em>Eine Packung enth\u00e4lt 1,5 L.<\/em><\/span><\/strong><\/p>\n<p><strong><span style=\"color: #e87020; font-size: 15px;\"><em>Der Preis gilt f\u00fcr 1 Packung.<\/em><\/span><\/strong><\/p>\n<p>&nbsp;<\/p>\n<p><em><span style=\"color: #424242;\"><strong><span style=\"font-size: 15px;\">Ein ausgezeichnetes Substrat f\u00fcr die Aufzucht von: Vipern, Krokodilen, Schaben, K\u00e4ferlarven und Prosimianen.  <\/span><\/strong><\/span><\/em><\/p>\n<p>&nbsp;<\/p>\n<p><em><span style=\"color: #424242;\"><strong><span style=\"font-size: 15px;\">Das zugesandte Substrat ist feucht (immer frisch zubereitet), so dass wir empfehlen, es sofort nach Erhalt zu verwenden.  <\/span><\/strong><\/span><\/em><\/p>\n<p>&nbsp;<\/p>\n<p><em><span style=\"color: #424242;\"><strong><span style=\"font-size: 15px;\">Zusammensetzung des Substrats: -Eichenbl\u00e4tter (w\u00e4rmebehandelt); -Birkenbl\u00e4tter (w\u00e4rmebehandelt); -verrottetes Eichenholz (w\u00e4rmebehandelt); -verrottetes Buchenholz (w\u00e4rmebehandelt); -Eichenw\u00fcrfel (w\u00e4rmebehandelt); -Buchenw\u00fcrfel (w\u00e4rmebehandelt); -Korkeichenrinde (w\u00e4rmebehandelt); -Neutraler Torf (w\u00e4rmebehandelt); -Kokossubstrat (w\u00e4rmebehandelt).<\/span><\/strong><\/span><\/em><\/p>\n<p>&nbsp;<\/p>\n","protected":false},"excerpt":{"rendered":"<ul class=\"product_attributes\">\n<li><span style=\"color: #555555;\">Ausgezeichnetes Substrat f\u00fcr den Anbau<\/span><\/li>\n<li><span style=\"color: #555555;\">Das Paket enth\u00e4lt:<\/span> 1,5 L<\/li>\n<li><span style=\"color: #555555;\">Der Preis bezieht sich auf:<\/span> 1 Packung.<\/li>\n<\/ul>\n","protected":false},"featured_media":2758,"template":"","meta":{"_acf_changed":false,"_links_to":"","_links_to_target":""},"product_cat":[71],"product_tag":[88,89,90],"class_list":{"0":"post-3994","1":"product","2":"type-product","3":"status-publish","4":"has-post-thumbnail","6":"product_cat-zubehoer","7":"product_tag-fur-die-tauschungen","8":"product_tag-fur-isopoden","9":"product_tag-fur-kakerlaken","11":"first","12":"instock","13":"shipping-taxable","14":"purchasable","15":"product-type-simple"},"acf":[],"yoast_head":"<!-- This site is optimized with the Yoast SEO plugin v24.9 - https:\/\/yoast.com\/wordpress\/plugins\/seo\/ -->\n<title>Waldsubstrat 1,5 Lf\u00fcr die Zucht von Krokodilen und Vipern | MegaPets<\/title>\n<meta name=\"robots\" content=\"index, follow, max-snippet:-1, max-image-preview:large, max-video-preview:-1\" \/>\n<link rel=\"canonical\" href=\"https:\/\/megapets.eu\/de\/zubehoer\/waldsubstrat-15-lfuer-die-zucht-von-krokodilen-und-vipern\/\" \/>\n<meta property=\"og:locale\" content=\"de_DE\" \/>\n<meta property=\"og:type\" content=\"article\" \/>\n<meta property=\"og:title\" content=\"Waldsubstrat 1,5 Lf\u00fcr die Zucht von Krokodilen und Vipern | MegaPets\" \/>\n<meta property=\"og:description\" content=\"Ausgezeichnetes Substrat f\u00fcr den Anbau  Das Paket enth\u00e4lt: 1,5 L  Der Preis bezieht sich auf: 1 Packung.\" \/>\n<meta property=\"og:url\" content=\"https:\/\/megapets.eu\/de\/zubehoer\/waldsubstrat-15-lfuer-die-zucht-von-krokodilen-und-vipern\/\" \/>\n<meta property=\"og:site_name\" content=\"MegaPets\" \/>\n<meta property=\"article:publisher\" content=\"https:\/\/www.facebook.com\/MegaPets.eu\/\" \/>\n<meta property=\"og:image\" content=\"https:\/\/megapets.eu\/wp-content\/uploads\/2024\/10\/Grunt-4-scaled.jpg\" \/>\n\t<meta property=\"og:image:width\" content=\"2560\" \/>\n\t<meta property=\"og:image:height\" content=\"1920\" \/>\n\t<meta property=\"og:image:type\" content=\"image\/jpeg\" \/>\n<meta name=\"twitter:card\" content=\"summary_large_image\" \/>\n<script type=\"application\/ld+json\" class=\"yoast-schema-graph\">{\"@context\":\"https:\/\/schema.org\",\"@graph\":[{\"@type\":\"WebPage\",\"@id\":\"https:\/\/megapets.eu\/de\/zubehoer\/waldsubstrat-15-lfuer-die-zucht-von-krokodilen-und-vipern\/\",\"url\":\"https:\/\/megapets.eu\/de\/zubehoer\/waldsubstrat-15-lfuer-die-zucht-von-krokodilen-und-vipern\/\",\"name\":\"Waldsubstrat 1,5 L f\u00fcr die Zucht von Krokodilen und Vipern | MegaPets\",\"isPartOf\":{\"@id\":\"https:\/\/megapets.eu\/de\/#website\"},\"primaryImageOfPage\":{\"@id\":\"https:\/\/megapets.eu\/de\/zubehoer\/waldsubstrat-15-lfuer-die-zucht-von-krokodilen-und-vipern\/#primaryimage\"},\"image\":{\"@id\":\"https:\/\/megapets.eu\/de\/zubehoer\/waldsubstrat-15-lfuer-die-zucht-von-krokodilen-und-vipern\/#primaryimage\"},\"thumbnailUrl\":\"https:\/\/megapets.eu\/wp-content\/uploads\/2024\/10\/Grunt-4-scaled.jpg\",\"datePublished\":\"2024-10-04T20:40:09+00:00\",\"breadcrumb\":{\"@id\":\"https:\/\/megapets.eu\/de\/zubehoer\/waldsubstrat-15-lfuer-die-zucht-von-krokodilen-und-vipern\/#breadcrumb\"},\"inLanguage\":\"de\",\"potentialAction\":[{\"@type\":\"ReadAction\",\"target\":[\"https:\/\/megapets.eu\/de\/zubehoer\/waldsubstrat-15-lfuer-die-zucht-von-krokodilen-und-vipern\/\"]}]},{\"@type\":\"ImageObject\",\"inLanguage\":\"de\",\"@id\":\"https:\/\/megapets.eu\/de\/zubehoer\/waldsubstrat-15-lfuer-die-zucht-von-krokodilen-und-vipern\/#primaryimage\",\"url\":\"https:\/\/megapets.eu\/wp-content\/uploads\/2024\/10\/Grunt-4-scaled.jpg\",\"contentUrl\":\"https:\/\/megapets.eu\/wp-content\/uploads\/2024\/10\/Grunt-4-scaled.jpg\",\"width\":2560,\"height\":1920},{\"@type\":\"BreadcrumbList\",\"@id\":\"https:\/\/megapets.eu\/de\/zubehoer\/waldsubstrat-15-lfuer-die-zucht-von-krokodilen-und-vipern\/#breadcrumb\",\"itemListElement\":[{\"@type\":\"ListItem\",\"position\":1,\"name\":\"Strona g\u0142\u00f3wna\",\"item\":\"https:\/\/megapets.eu\/de\/startseite\/\"},{\"@type\":\"ListItem\",\"position\":2,\"name\":\"Shop\",\"item\":\"https:\/\/megapets.eu\/de\/shop\/\"},{\"@type\":\"ListItem\",\"position\":3,\"name\":\"Waldsubstrat 1,5 Lf\u00fcr die Zucht von Krokodilen und Vipern\"}]},{\"@type\":\"WebSite\",\"@id\":\"https:\/\/megapets.eu\/de\/#website\",\"url\":\"https:\/\/megapets.eu\/de\/\",\"name\":\"Mega Pets\",\"description\":\"Jedna z najwi\u0119kszych hodowli \u015blimak\u00f3w w Europie\",\"publisher\":{\"@id\":\"https:\/\/megapets.eu\/de\/#organization\"},\"alternateName\":\"Mega Pets\",\"potentialAction\":[{\"@type\":\"SearchAction\",\"target\":{\"@type\":\"EntryPoint\",\"urlTemplate\":\"https:\/\/megapets.eu\/de\/?s={search_term_string}\"},\"query-input\":{\"@type\":\"PropertyValueSpecification\",\"valueRequired\":true,\"valueName\":\"search_term_string\"}}],\"inLanguage\":\"de\"},{\"@type\":\"Organization\",\"@id\":\"https:\/\/megapets.eu\/de\/#organization\",\"name\":\"Mega Pets\",\"url\":\"https:\/\/megapets.eu\/de\/\",\"logo\":{\"@type\":\"ImageObject\",\"inLanguage\":\"de\",\"@id\":\"https:\/\/megapets.eu\/de\/#\/schema\/logo\/image\/\",\"url\":\"https:\/\/megapets.eu\/wp-content\/uploads\/2025\/04\/megapets_eu-logo.png\",\"contentUrl\":\"https:\/\/megapets.eu\/wp-content\/uploads\/2025\/04\/megapets_eu-logo.png\",\"width\":2362,\"height\":2362,\"caption\":\"Mega Pets\"},\"image\":{\"@id\":\"https:\/\/megapets.eu\/de\/#\/schema\/logo\/image\/\"},\"sameAs\":[\"https:\/\/www.facebook.com\/MegaPets.eu\/\"]}]}<\/script>\n<!-- \/ Yoast SEO plugin. -->","yoast_head_json":{"title":"Waldsubstrat 1,5 Lf\u00fcr die Zucht von Krokodilen und Vipern | MegaPets","robots":{"index":"index","follow":"follow","max-snippet":"max-snippet:-1","max-image-preview":"max-image-preview:large","max-video-preview":"max-video-preview:-1"},"canonical":"https:\/\/megapets.eu\/de\/zubehoer\/waldsubstrat-15-lfuer-die-zucht-von-krokodilen-und-vipern\/","og_locale":"de_DE","og_type":"article","og_title":"Waldsubstrat 1,5 Lf\u00fcr die Zucht von Krokodilen und Vipern | MegaPets","og_description":"Ausgezeichnetes Substrat f\u00fcr den Anbau  Das Paket enth\u00e4lt: 1,5 L  Der Preis bezieht sich auf: 1 Packung.","og_url":"https:\/\/megapets.eu\/de\/zubehoer\/waldsubstrat-15-lfuer-die-zucht-von-krokodilen-und-vipern\/","og_site_name":"MegaPets","article_publisher":"https:\/\/www.facebook.com\/MegaPets.eu\/","og_image":[{"width":2560,"height":1920,"url":"https:\/\/megapets.eu\/wp-content\/uploads\/2024\/10\/Grunt-4-scaled.jpg","type":"image\/jpeg"}],"twitter_card":"summary_large_image","schema":{"@context":"https:\/\/schema.org","@graph":[{"@type":"WebPage","@id":"https:\/\/megapets.eu\/de\/zubehoer\/waldsubstrat-15-lfuer-die-zucht-von-krokodilen-und-vipern\/","url":"https:\/\/megapets.eu\/de\/zubehoer\/waldsubstrat-15-lfuer-die-zucht-von-krokodilen-und-vipern\/","name":"Waldsubstrat 1,5 L f\u00fcr die Zucht von Krokodilen und Vipern | MegaPets","isPartOf":{"@id":"https:\/\/megapets.eu\/de\/#website"},"primaryImageOfPage":{"@id":"https:\/\/megapets.eu\/de\/zubehoer\/waldsubstrat-15-lfuer-die-zucht-von-krokodilen-und-vipern\/#primaryimage"},"image":{"@id":"https:\/\/megapets.eu\/de\/zubehoer\/waldsubstrat-15-lfuer-die-zucht-von-krokodilen-und-vipern\/#primaryimage"},"thumbnailUrl":"https:\/\/megapets.eu\/wp-content\/uploads\/2024\/10\/Grunt-4-scaled.jpg","datePublished":"2024-10-04T20:40:09+00:00","breadcrumb":{"@id":"https:\/\/megapets.eu\/de\/zubehoer\/waldsubstrat-15-lfuer-die-zucht-von-krokodilen-und-vipern\/#breadcrumb"},"inLanguage":"de","potentialAction":[{"@type":"ReadAction","target":["https:\/\/megapets.eu\/de\/zubehoer\/waldsubstrat-15-lfuer-die-zucht-von-krokodilen-und-vipern\/"]}]},{"@type":"ImageObject","inLanguage":"de","@id":"https:\/\/megapets.eu\/de\/zubehoer\/waldsubstrat-15-lfuer-die-zucht-von-krokodilen-und-vipern\/#primaryimage","url":"https:\/\/megapets.eu\/wp-content\/uploads\/2024\/10\/Grunt-4-scaled.jpg","contentUrl":"https:\/\/megapets.eu\/wp-content\/uploads\/2024\/10\/Grunt-4-scaled.jpg","width":2560,"height":1920},{"@type":"BreadcrumbList","@id":"https:\/\/megapets.eu\/de\/zubehoer\/waldsubstrat-15-lfuer-die-zucht-von-krokodilen-und-vipern\/#breadcrumb","itemListElement":[{"@type":"ListItem","position":1,"name":"Strona g\u0142\u00f3wna","item":"https:\/\/megapets.eu\/de\/startseite\/"},{"@type":"ListItem","position":2,"name":"Shop","item":"https:\/\/megapets.eu\/de\/shop\/"},{"@type":"ListItem","position":3,"name":"Waldsubstrat 1,5 Lf\u00fcr die Zucht von Krokodilen und Vipern"}]},{"@type":"WebSite","@id":"https:\/\/megapets.eu\/de\/#website","url":"https:\/\/megapets.eu\/de\/","name":"Mega Pets","description":"Jedna z najwi\u0119kszych hodowli \u015blimak\u00f3w w Europie","publisher":{"@id":"https:\/\/megapets.eu\/de\/#organization"},"alternateName":"Mega Pets","potentialAction":[{"@type":"SearchAction","target":{"@type":"EntryPoint","urlTemplate":"https:\/\/megapets.eu\/de\/?s={search_term_string}"},"query-input":{"@type":"PropertyValueSpecification","valueRequired":true,"valueName":"search_term_string"}}],"inLanguage":"de"},{"@type":"Organization","@id":"https:\/\/megapets.eu\/de\/#organization","name":"Mega Pets","url":"https:\/\/megapets.eu\/de\/","logo":{"@type":"ImageObject","inLanguage":"de","@id":"https:\/\/megapets.eu\/de\/#\/schema\/logo\/image\/","url":"https:\/\/megapets.eu\/wp-content\/uploads\/2025\/04\/megapets_eu-logo.png","contentUrl":"https:\/\/megapets.eu\/wp-content\/uploads\/2025\/04\/megapets_eu-logo.png","width":2362,"height":2362,"caption":"Mega Pets"},"image":{"@id":"https:\/\/megapets.eu\/de\/#\/schema\/logo\/image\/"},"sameAs":["https:\/\/www.facebook.com\/MegaPets.eu\/"]}]}},"_links":{"self":[{"href":"https:\/\/megapets.eu\/de\/wp-json\/wp\/v2\/product\/3994","targetHints":{"allow":["GET"]}}],"collection":[{"href":"https:\/\/megapets.eu\/de\/wp-json\/wp\/v2\/product"}],"about":[{"href":"https:\/\/megapets.eu\/de\/wp-json\/wp\/v2\/types\/product"}],"wp:featuredmedia":[{"embeddable":true,"href":"https:\/\/megapets.eu\/de\/wp-json\/wp\/v2\/media\/2758"}],"wp:attachment":[{"href":"https:\/\/megapets.eu\/de\/wp-json\/wp\/v2\/media?parent=3994"}],"wp:term":[{"taxonomy":"product_cat","embeddable":true,"href":"https:\/\/megapets.eu\/de\/wp-json\/wp\/v2\/product_cat?post=3994"},{"taxonomy":"product_tag","embeddable":true,"href":"https:\/\/megapets.eu\/de\/wp-json\/wp\/v2\/product_tag?post=3994"}],"curies":[{"name":"wp","href":"https:\/\/api.w.org\/{rel}","templated":true}]}}