{"id":4011,"date":"2024-10-04T07:49:38","date_gmt":"2024-10-04T07:49:38","guid":{"rendered":"https:\/\/megapets.eu\/unkategorisiert\/sepia-tintenfischknochen-05-kgpremium-gross\/"},"modified":"2025-06-03T12:43:27","modified_gmt":"2025-06-03T12:43:27","slug":"sepia-tintenfischknochen-05-kgpremium-gross","status":"publish","type":"product","link":"https:\/\/megapets.eu\/de\/zubehoer\/sepia-tintenfischknochen-05-kgpremium-gross\/","title":{"rendered":"Sepia &#8211; Tintenfischknochen 0,5 kg<br>PREMIUM GROSS"},"content":{"rendered":"<p><strong><span style=\"color: #e87020; font-size: 15px;\"><em>Sepia &#8211; Tintenfischknochen 0,5 kg PREMIUM GROSS<\/em><\/span><\/strong><\/p>\n<p><strong><span style=\"color: #e87020; font-size: 15px;\"><em>Knochenl\u00e4nge: ca. 10-18 cm (Mix).<\/em><\/span><\/strong><\/p>\n<p><strong><span style=\"color: #e87020; font-size: 15px;\"><em>Zusammensetzung: 100% nat\u00fcrlicher Tintenfischknochen.<\/em><\/span><\/strong><\/p>\n<p><strong><span style=\"color: #e87020; font-size: 15px;\"><em>Der Preis gilt f\u00fcr 0,5 kg.<\/em><\/span><\/strong><\/p>\n<p>&nbsp;<\/p>\n<p><em><span style=\"color: #424242;\"><strong><span style=\"font-size: 15px;\">Sepia &#8211; Tintenfischknochen sind eine nat\u00fcrliche Kalziumquelle f\u00fcr exotische Schnecken, Schildkr\u00f6ten und andere Terrarientiere.<\/span><\/strong><\/span><\/em><\/p>\n<p>&nbsp;<\/p>\n<p><em><span style=\"color: #424242;\"><strong><span style=\"font-size: 15px;\">Sepia wird den Tieren von der weichen Seite her verabreicht. Tintenfischknochen sollten durch frische ersetzt werden, nachdem das Tier den weichen Teil der Sepia abgekratzt hat oder bei den ersten Anzeichen von Verderb (Auftreten von Flecken, die auf feuchte Terrarienbedingungen zur\u00fcckzuf\u00fchren sind). <\/span><\/strong><\/span><\/em><\/p>\n<p>&nbsp;<\/p>\n<p><em><span style=\"color: #424242;\"><strong><span style=\"font-size: 15px;\">Sie k\u00f6nnen die verabreichten Formen von Kalzium immer variieren und Ihrem Haustier zus\u00e4tzlich \u201eCalcium\u201c anbieten. &#8211; Kalzium f\u00fcr Schnecken.<\/span><\/strong><\/span><\/em><\/p>\n<p>&nbsp;<\/p>\n<p><em><span style=\"color: #424242;\"><strong><span style=\"font-size: 15px;\">Wir empfehlen Erg\u00e4nzungsmittel, die den Bedarf an wertvollen N\u00e4hrstoffen selbst der anspruchsvollsten Arten decken k\u00f6nnen: \u201eProtein &amp; Vitamin\u201c, Exotische Kr\u00e4utermischung, Gemahlener Gammarus. Es wird empfohlen, die Erg\u00e4nzungsmittel abwechselnd zu verwenden, so dass die Ern\u00e4hrung Ihres Tieres abwechslungsreich und vollst\u00e4ndig bleibt. <\/span><\/strong><\/span><\/em><\/p>\n","protected":false},"excerpt":{"rendered":"<ul class=\"product_attributes\">\n<li><span style=\"color: #555555;\">Zutaten:<\/span> 100% nat\u00fcrliche Sepia-Knochen<\/li>\n<li><span style=\"color: #555555;\">Knochenl\u00e4nge:<\/span> ca. 10-18 cm (Mix)<\/li>\n<li><span style=\"color: #555555;\">Preis betrifft:<\/span> 0,5 kg<\/li>\n<\/ul>\n","protected":false},"featured_media":2738,"template":"","meta":{"_acf_changed":false,"_links_to":"","_links_to_target":""},"product_cat":[71],"product_tag":[88,89,90,102],"class_list":{"0":"post-4011","1":"product","2":"type-product","3":"status-publish","4":"has-post-thumbnail","6":"product_cat-zubehoer","7":"product_tag-fur-die-tauschungen","8":"product_tag-fur-isopoden","9":"product_tag-fur-kakerlaken","10":"product_tag-fur-schnecken","12":"first","13":"outofstock","14":"shipping-taxable","15":"purchasable","16":"product-type-simple"},"acf":[],"yoast_head":"<!-- This site is optimized with the Yoast SEO plugin v24.9 - https:\/\/yoast.com\/wordpress\/plugins\/seo\/ -->\n<title>Sepia - Tintenfischknochen 0,5 kgPREMIUM GROSS | MegaPets<\/title>\n<meta name=\"robots\" content=\"index, follow, max-snippet:-1, max-image-preview:large, max-video-preview:-1\" \/>\n<link rel=\"canonical\" href=\"https:\/\/megapets.eu\/de\/zubehoer\/sepia-tintenfischknochen-05-kgpremium-gross\/\" \/>\n<meta property=\"og:locale\" content=\"de_DE\" \/>\n<meta property=\"og:type\" content=\"article\" \/>\n<meta property=\"og:title\" content=\"Sepia - Tintenfischknochen 0,5 kgPREMIUM GROSS | MegaPets\" \/>\n<meta property=\"og:description\" content=\"Zutaten: 100% nat\u00fcrliche Sepia-Knochen  Knochenl\u00e4nge: ca. 10-18 cm (Mix)  Preis betrifft: 0,5 kg\" \/>\n<meta property=\"og:url\" content=\"https:\/\/megapets.eu\/de\/zubehoer\/sepia-tintenfischknochen-05-kgpremium-gross\/\" \/>\n<meta property=\"og:site_name\" content=\"MegaPets\" \/>\n<meta property=\"article:publisher\" content=\"https:\/\/www.facebook.com\/MegaPets.eu\/\" \/>\n<meta property=\"article:modified_time\" content=\"2025-06-03T12:43:27+00:00\" \/>\n<meta property=\"og:image\" content=\"https:\/\/megapets.eu\/wp-content\/uploads\/2024\/10\/66655544.png\" \/>\n\t<meta property=\"og:image:width\" content=\"956\" \/>\n\t<meta property=\"og:image:height\" content=\"714\" \/>\n\t<meta property=\"og:image:type\" content=\"image\/png\" \/>\n<meta name=\"twitter:card\" content=\"summary_large_image\" \/>\n<meta name=\"twitter:label1\" content=\"Gesch\u00e4tzte Lesezeit\" \/>\n\t<meta name=\"twitter:data1\" content=\"1\u00a0Minute\" \/>\n<script type=\"application\/ld+json\" class=\"yoast-schema-graph\">{\"@context\":\"https:\/\/schema.org\",\"@graph\":[{\"@type\":\"WebPage\",\"@id\":\"https:\/\/megapets.eu\/de\/zubehoer\/sepia-tintenfischknochen-05-kgpremium-gross\/\",\"url\":\"https:\/\/megapets.eu\/de\/zubehoer\/sepia-tintenfischknochen-05-kgpremium-gross\/\",\"name\":\"Sepia - Tintenfischknochen 0,5 kg PREMIUM GROSS | MegaPets\",\"isPartOf\":{\"@id\":\"https:\/\/megapets.eu\/de\/#website\"},\"primaryImageOfPage\":{\"@id\":\"https:\/\/megapets.eu\/de\/zubehoer\/sepia-tintenfischknochen-05-kgpremium-gross\/#primaryimage\"},\"image\":{\"@id\":\"https:\/\/megapets.eu\/de\/zubehoer\/sepia-tintenfischknochen-05-kgpremium-gross\/#primaryimage\"},\"thumbnailUrl\":\"https:\/\/megapets.eu\/wp-content\/uploads\/2024\/10\/66655544.png\",\"datePublished\":\"2024-10-04T07:49:38+00:00\",\"dateModified\":\"2025-06-03T12:43:27+00:00\",\"breadcrumb\":{\"@id\":\"https:\/\/megapets.eu\/de\/zubehoer\/sepia-tintenfischknochen-05-kgpremium-gross\/#breadcrumb\"},\"inLanguage\":\"de\",\"potentialAction\":[{\"@type\":\"ReadAction\",\"target\":[\"https:\/\/megapets.eu\/de\/zubehoer\/sepia-tintenfischknochen-05-kgpremium-gross\/\"]}]},{\"@type\":\"ImageObject\",\"inLanguage\":\"de\",\"@id\":\"https:\/\/megapets.eu\/de\/zubehoer\/sepia-tintenfischknochen-05-kgpremium-gross\/#primaryimage\",\"url\":\"https:\/\/megapets.eu\/wp-content\/uploads\/2024\/10\/66655544.png\",\"contentUrl\":\"https:\/\/megapets.eu\/wp-content\/uploads\/2024\/10\/66655544.png\",\"width\":956,\"height\":714},{\"@type\":\"BreadcrumbList\",\"@id\":\"https:\/\/megapets.eu\/de\/zubehoer\/sepia-tintenfischknochen-05-kgpremium-gross\/#breadcrumb\",\"itemListElement\":[{\"@type\":\"ListItem\",\"position\":1,\"name\":\"Strona g\u0142\u00f3wna\",\"item\":\"https:\/\/megapets.eu\/de\/startseite\/\"},{\"@type\":\"ListItem\",\"position\":2,\"name\":\"Shop\",\"item\":\"https:\/\/megapets.eu\/de\/shop\/\"},{\"@type\":\"ListItem\",\"position\":3,\"name\":\"Sepia &#8211; Tintenfischknochen 0,5 kgPREMIUM GROSS\"}]},{\"@type\":\"WebSite\",\"@id\":\"https:\/\/megapets.eu\/de\/#website\",\"url\":\"https:\/\/megapets.eu\/de\/\",\"name\":\"Mega Pets\",\"description\":\"Jedna z najwi\u0119kszych hodowli \u015blimak\u00f3w w Europie\",\"publisher\":{\"@id\":\"https:\/\/megapets.eu\/de\/#organization\"},\"alternateName\":\"Mega Pets\",\"potentialAction\":[{\"@type\":\"SearchAction\",\"target\":{\"@type\":\"EntryPoint\",\"urlTemplate\":\"https:\/\/megapets.eu\/de\/?s={search_term_string}\"},\"query-input\":{\"@type\":\"PropertyValueSpecification\",\"valueRequired\":true,\"valueName\":\"search_term_string\"}}],\"inLanguage\":\"de\"},{\"@type\":\"Organization\",\"@id\":\"https:\/\/megapets.eu\/de\/#organization\",\"name\":\"Mega Pets\",\"url\":\"https:\/\/megapets.eu\/de\/\",\"logo\":{\"@type\":\"ImageObject\",\"inLanguage\":\"de\",\"@id\":\"https:\/\/megapets.eu\/de\/#\/schema\/logo\/image\/\",\"url\":\"https:\/\/megapets.eu\/wp-content\/uploads\/2025\/04\/megapets_eu-logo.png\",\"contentUrl\":\"https:\/\/megapets.eu\/wp-content\/uploads\/2025\/04\/megapets_eu-logo.png\",\"width\":2362,\"height\":2362,\"caption\":\"Mega Pets\"},\"image\":{\"@id\":\"https:\/\/megapets.eu\/de\/#\/schema\/logo\/image\/\"},\"sameAs\":[\"https:\/\/www.facebook.com\/MegaPets.eu\/\"]}]}<\/script>\n<!-- \/ Yoast SEO plugin. -->","yoast_head_json":{"title":"Sepia - Tintenfischknochen 0,5 kgPREMIUM GROSS | MegaPets","robots":{"index":"index","follow":"follow","max-snippet":"max-snippet:-1","max-image-preview":"max-image-preview:large","max-video-preview":"max-video-preview:-1"},"canonical":"https:\/\/megapets.eu\/de\/zubehoer\/sepia-tintenfischknochen-05-kgpremium-gross\/","og_locale":"de_DE","og_type":"article","og_title":"Sepia - Tintenfischknochen 0,5 kgPREMIUM GROSS | MegaPets","og_description":"Zutaten: 100% nat\u00fcrliche Sepia-Knochen  Knochenl\u00e4nge: ca. 10-18 cm (Mix)  Preis betrifft: 0,5 kg","og_url":"https:\/\/megapets.eu\/de\/zubehoer\/sepia-tintenfischknochen-05-kgpremium-gross\/","og_site_name":"MegaPets","article_publisher":"https:\/\/www.facebook.com\/MegaPets.eu\/","article_modified_time":"2025-06-03T12:43:27+00:00","og_image":[{"width":956,"height":714,"url":"https:\/\/megapets.eu\/wp-content\/uploads\/2024\/10\/66655544.png","type":"image\/png"}],"twitter_card":"summary_large_image","twitter_misc":{"Gesch\u00e4tzte Lesezeit":"1\u00a0Minute"},"schema":{"@context":"https:\/\/schema.org","@graph":[{"@type":"WebPage","@id":"https:\/\/megapets.eu\/de\/zubehoer\/sepia-tintenfischknochen-05-kgpremium-gross\/","url":"https:\/\/megapets.eu\/de\/zubehoer\/sepia-tintenfischknochen-05-kgpremium-gross\/","name":"Sepia - Tintenfischknochen 0,5 kg PREMIUM GROSS | MegaPets","isPartOf":{"@id":"https:\/\/megapets.eu\/de\/#website"},"primaryImageOfPage":{"@id":"https:\/\/megapets.eu\/de\/zubehoer\/sepia-tintenfischknochen-05-kgpremium-gross\/#primaryimage"},"image":{"@id":"https:\/\/megapets.eu\/de\/zubehoer\/sepia-tintenfischknochen-05-kgpremium-gross\/#primaryimage"},"thumbnailUrl":"https:\/\/megapets.eu\/wp-content\/uploads\/2024\/10\/66655544.png","datePublished":"2024-10-04T07:49:38+00:00","dateModified":"2025-06-03T12:43:27+00:00","breadcrumb":{"@id":"https:\/\/megapets.eu\/de\/zubehoer\/sepia-tintenfischknochen-05-kgpremium-gross\/#breadcrumb"},"inLanguage":"de","potentialAction":[{"@type":"ReadAction","target":["https:\/\/megapets.eu\/de\/zubehoer\/sepia-tintenfischknochen-05-kgpremium-gross\/"]}]},{"@type":"ImageObject","inLanguage":"de","@id":"https:\/\/megapets.eu\/de\/zubehoer\/sepia-tintenfischknochen-05-kgpremium-gross\/#primaryimage","url":"https:\/\/megapets.eu\/wp-content\/uploads\/2024\/10\/66655544.png","contentUrl":"https:\/\/megapets.eu\/wp-content\/uploads\/2024\/10\/66655544.png","width":956,"height":714},{"@type":"BreadcrumbList","@id":"https:\/\/megapets.eu\/de\/zubehoer\/sepia-tintenfischknochen-05-kgpremium-gross\/#breadcrumb","itemListElement":[{"@type":"ListItem","position":1,"name":"Strona g\u0142\u00f3wna","item":"https:\/\/megapets.eu\/de\/startseite\/"},{"@type":"ListItem","position":2,"name":"Shop","item":"https:\/\/megapets.eu\/de\/shop\/"},{"@type":"ListItem","position":3,"name":"Sepia &#8211; Tintenfischknochen 0,5 kgPREMIUM GROSS"}]},{"@type":"WebSite","@id":"https:\/\/megapets.eu\/de\/#website","url":"https:\/\/megapets.eu\/de\/","name":"Mega Pets","description":"Jedna z najwi\u0119kszych hodowli \u015blimak\u00f3w w Europie","publisher":{"@id":"https:\/\/megapets.eu\/de\/#organization"},"alternateName":"Mega Pets","potentialAction":[{"@type":"SearchAction","target":{"@type":"EntryPoint","urlTemplate":"https:\/\/megapets.eu\/de\/?s={search_term_string}"},"query-input":{"@type":"PropertyValueSpecification","valueRequired":true,"valueName":"search_term_string"}}],"inLanguage":"de"},{"@type":"Organization","@id":"https:\/\/megapets.eu\/de\/#organization","name":"Mega Pets","url":"https:\/\/megapets.eu\/de\/","logo":{"@type":"ImageObject","inLanguage":"de","@id":"https:\/\/megapets.eu\/de\/#\/schema\/logo\/image\/","url":"https:\/\/megapets.eu\/wp-content\/uploads\/2025\/04\/megapets_eu-logo.png","contentUrl":"https:\/\/megapets.eu\/wp-content\/uploads\/2025\/04\/megapets_eu-logo.png","width":2362,"height":2362,"caption":"Mega Pets"},"image":{"@id":"https:\/\/megapets.eu\/de\/#\/schema\/logo\/image\/"},"sameAs":["https:\/\/www.facebook.com\/MegaPets.eu\/"]}]}},"_links":{"self":[{"href":"https:\/\/megapets.eu\/de\/wp-json\/wp\/v2\/product\/4011","targetHints":{"allow":["GET"]}}],"collection":[{"href":"https:\/\/megapets.eu\/de\/wp-json\/wp\/v2\/product"}],"about":[{"href":"https:\/\/megapets.eu\/de\/wp-json\/wp\/v2\/types\/product"}],"wp:featuredmedia":[{"embeddable":true,"href":"https:\/\/megapets.eu\/de\/wp-json\/wp\/v2\/media\/2738"}],"wp:attachment":[{"href":"https:\/\/megapets.eu\/de\/wp-json\/wp\/v2\/media?parent=4011"}],"wp:term":[{"taxonomy":"product_cat","embeddable":true,"href":"https:\/\/megapets.eu\/de\/wp-json\/wp\/v2\/product_cat?post=4011"},{"taxonomy":"product_tag","embeddable":true,"href":"https:\/\/megapets.eu\/de\/wp-json\/wp\/v2\/product_tag?post=4011"}],"curies":[{"name":"wp","href":"https:\/\/api.w.org\/{rel}","templated":true}]}}