{"id":4029,"date":"2024-10-03T16:33:28","date_gmt":"2024-10-03T16:33:28","guid":{"rendered":"https:\/\/megapets.eu\/unkategorisiert\/starter-set-10-l-for-exotic-african-snail-breeding\/"},"modified":"2025-06-03T11:58:07","modified_gmt":"2025-06-03T11:58:07","slug":"starter-set-10-l-for-exotic-african-snail-breeding","status":"publish","type":"product","link":"https:\/\/megapets.eu\/de\/zubehoer\/starter-set-10-l-for-exotic-african-snail-breeding\/","title":{"rendered":"Starterset 10 L f\u00fcr <br \/> exotische\/afrikanische Schneckenzucht"},"content":{"rendered":"<p><span style=\"color: #424242;\"><em><strong>Das Set \u201eStarterset 10L f\u00fcr die Zucht exotischer\/afrikanischer Schnecken\u201c beinhaltet: <\/strong> <\/em> <\/span><\/p>\n<ul>\n<li><em><span style=\"color: #e87020; font-size: 17px;\"><strong>1 St\u00fcck Kunststoffbeh\u00e4lter mit Bel\u00fcftungsl\u00f6chern f\u00fcr die Zucht exotischer Schnecken. <\/strong><\/span><\/em><\/li>\n<\/ul>\n<p><strong><span style=\"color: #424242; font-size: 15px;\"><em>Beh\u00e4lter mit einem Deckel mit einem Fassungsverm\u00f6gen von 10 l. Die inneren Bel\u00fcftungsl\u00f6cher des Beh\u00e4lters sind glatt und ohne scharfe Kanten. <\/em><\/span><\/strong><\/p>\n<p><strong><span style=\"color: #424242; font-size: 15px;\"><em>Abmessungen: 25,5 cm x 38,5 cm x H 13,5 cm. Kunststoffbeh\u00e4lter von Plast Team. <\/em><\/span><\/strong><\/p>\n<ul>\n<li><em><span style=\"font-size: 17px;\"><strong><span style=\"color: #e87020;\">2 St\u00fcck x Kokosnusssubstrat 1,5 l\/1 Packung. <\/span><\/strong><\/span><\/em><\/li>\n<\/ul>\n<p><span style=\"font-size: 15px; color: #424242;\"><strong><em>Kokosnusssubstrat ist ein nat\u00fcrliches Substrat aus zerkleinerten Kokosfasern. Das am meisten empfohlene Substrat f\u00fcr die Zucht exotischer Schnecken. <\/em><\/strong><\/span><\/p>\n<ul>\n<li><em><span style=\"font-size: 17px;\"><strong><span style=\"color: #e87020;\">1 Stck x Verpackung \u201eCalcium\u201c 80g <\/span><\/strong><\/span><\/em><\/li>\n<\/ul>\n<p><strong><span style=\"font-size: 15px; color: #424242;\"><em>In der t\u00e4glichen Ern\u00e4hrung der Schnecke darf der Grundbaustein einer sch\u00f6nen und gesunden Schale nicht fehlen. Die Verpackung \u201eCalcium\u201c enth\u00e4lt zu 100% Pulver aus Eierschalen. <\/em><\/span><\/strong><\/p>\n<ul>\n<li><em><span style=\"font-size: 17px;\"><strong><span style=\"color: #e87020;\">1 Stck x Packung \u201eProtein &#038; Vitamin\u201c 50 g <\/span><\/strong><\/span><\/em><\/li>\n<\/ul>\n<p><span style=\"color: #424242; font-size: 15px;\"><strong><em>Das Paket \u201eProtein &#038; Vitamin\u201c enth\u00e4lt eine Getreidemischung voller wertvoller N\u00e4hrstoffe f\u00fcr die richtige Entwicklung von Haustieren und ist eine n\u00fctzliche Erg\u00e4nzung zur Grundnahrung von Schnecken. <\/em><\/strong><\/span><\/p>\n<ul>\n<li><em><span style=\"font-size: 17px;\"><strong><span style=\"color: #e87020;\">1 Stck x Verpackung \u201eExotische Kr\u00e4utermischung\u201c 40g <\/span><\/strong><\/span><\/em><\/li>\n<\/ul>\n<p><strong><span style=\"color: #424242; font-size: 15px;\"><em>Das Paket \u201eExotische Kr\u00e4utermischung\u201c enth\u00e4lt sorgf\u00e4ltig ausgew\u00e4hlte Kr\u00e4uter, ein wertvolles und nat\u00fcrliches Nahrungserg\u00e4nzungsmittel, das dazu beitr\u00e4gt, die Ern\u00e4hrung exotischer Schnecken aufgrund ihres Bedarfs an Vitaminen und Mineralien zu bereichern, die f\u00fcr die Gesundheit von Haustieren notwendig sind. <\/em><\/span><\/strong><\/p>\n<ul>\n<li><em><span style=\"font-size: 17px;\"><strong><span style=\"color: #e87020;\">1 St\u00fcck x Zuchthandbuch <\/span><\/strong><\/span><\/em><\/li>\n<\/ul>\n<p><strong><span style=\"font-size: 15px; color: #424242;\"><em>Hinweis: In der Zucht verwenden wir ein spezielles, ma\u00dfgeschneidertes Ger\u00e4t zum qualitativen und reibungslosen Stanzen von Beh\u00e4ltern. Wenn Sie bereits einen Plastikbeh\u00e4lter haben und versuchen, die L\u00fcftungs\u00f6ffnungen selbst zu durchbohren, entfernen Sie die scharfen Kanten und schleifen Sie die L\u00f6cher gut ab. Junge Menschen haben ein zartes Wachstum einer neuen Schale, mit der sie sich beim Gehen an den scharfen Kanten schlecht gebohrter L\u00f6cher einhaken k\u00f6nnen. Dies kann zum Auftreten von Narben auf dem Schneckenhaus und zum Verlust eines \u00e4sthetischen, gesunden Aussehens f\u00fchren. <\/em><\/span><\/strong><\/p>\n<p><strong><span style=\"font-size: 15px; color: #424242;\"><em>Hinweis: Die Beh\u00e4lter vieler Unternehmen sind aufgrund der Innenausstattung und der Art, wie der Deckel ge\u00f6ffnet wird, NICHT f\u00fcr die Schneckenzucht geeignet. Unser empfohlenes Containerunternehmen ist Plast Team. <\/em><\/span><\/strong><\/p>\n","protected":false},"excerpt":{"rendered":"<ul class=\"product_attributes\">\n<li><span style=\"color: #555555;\"><strong>Gut ausgew\u00e4hltes Basiszubeh\u00f6r <\/strong> <\/span> <\/li>\n<li><span style=\"color: #555555;\"><strong>Geschliffene L\u00fcftungs\u00f6ffnungen <\/strong> <\/span> <\/li>\n<li><span style=\"color: #555555;\"><strong>Richtige Luftzirkulation <\/strong> <\/span> <\/li>\n<\/ul>\n","protected":false},"featured_media":3050,"template":"","meta":{"_acf_changed":false,"_links_to":"","_links_to_target":""},"product_cat":[71],"product_tag":[102],"class_list":{"0":"post-4029","1":"product","2":"type-product","3":"status-publish","4":"has-post-thumbnail","6":"product_cat-zubehoer","7":"product_tag-fur-schnecken","9":"first","10":"instock","11":"shipping-taxable","12":"purchasable","13":"product-type-simple"},"acf":[],"yoast_head":"<!-- This site is optimized with the Yoast SEO plugin v24.9 - https:\/\/yoast.com\/wordpress\/plugins\/seo\/ -->\n<title>Starterset 10 L f\u00fcr  exotische\/afrikanische Schneckenzucht | MegaPets<\/title>\n<meta name=\"robots\" content=\"index, follow, max-snippet:-1, max-image-preview:large, max-video-preview:-1\" \/>\n<link rel=\"canonical\" href=\"https:\/\/megapets.eu\/de\/zubehoer\/starter-set-10-l-for-exotic-african-snail-breeding\/\" \/>\n<meta property=\"og:locale\" content=\"de_DE\" \/>\n<meta property=\"og:type\" content=\"article\" \/>\n<meta property=\"og:title\" content=\"Starterset 10 L f\u00fcr  exotische\/afrikanische Schneckenzucht | MegaPets\" \/>\n<meta property=\"og:description\" content=\"Gut ausgew\u00e4hltes Basiszubeh\u00f6r   Geschliffene L\u00fcftungs\u00f6ffnungen   Richtige Luftzirkulation\" \/>\n<meta property=\"og:url\" content=\"https:\/\/megapets.eu\/de\/zubehoer\/starter-set-10-l-for-exotic-african-snail-breeding\/\" \/>\n<meta property=\"og:site_name\" content=\"MegaPets\" \/>\n<meta property=\"article:publisher\" content=\"https:\/\/www.facebook.com\/MegaPets.eu\/\" \/>\n<meta property=\"article:modified_time\" content=\"2025-06-03T11:58:07+00:00\" \/>\n<meta property=\"og:image\" content=\"https:\/\/megapets.eu\/wp-content\/uploads\/2024\/10\/IMG_2716-e1728382457724.jpg\" \/>\n\t<meta property=\"og:image:width\" content=\"1908\" \/>\n\t<meta property=\"og:image:height\" content=\"1314\" \/>\n\t<meta property=\"og:image:type\" content=\"image\/jpeg\" \/>\n<meta name=\"twitter:card\" content=\"summary_large_image\" \/>\n<meta name=\"twitter:label1\" content=\"Gesch\u00e4tzte Lesezeit\" \/>\n\t<meta name=\"twitter:data1\" content=\"2\u00a0Minuten\" \/>\n<script type=\"application\/ld+json\" class=\"yoast-schema-graph\">{\"@context\":\"https:\/\/schema.org\",\"@graph\":[{\"@type\":\"WebPage\",\"@id\":\"https:\/\/megapets.eu\/de\/zubehoer\/starter-set-10-l-for-exotic-african-snail-breeding\/\",\"url\":\"https:\/\/megapets.eu\/de\/zubehoer\/starter-set-10-l-for-exotic-african-snail-breeding\/\",\"name\":\"Starterset 10 L f\u00fcr exotische\/afrikanische Schneckenzucht | MegaPets\",\"isPartOf\":{\"@id\":\"https:\/\/megapets.eu\/de\/#website\"},\"primaryImageOfPage\":{\"@id\":\"https:\/\/megapets.eu\/de\/zubehoer\/starter-set-10-l-for-exotic-african-snail-breeding\/#primaryimage\"},\"image\":{\"@id\":\"https:\/\/megapets.eu\/de\/zubehoer\/starter-set-10-l-for-exotic-african-snail-breeding\/#primaryimage\"},\"thumbnailUrl\":\"https:\/\/megapets.eu\/wp-content\/uploads\/2024\/10\/IMG_2716-e1728382457724.jpg\",\"datePublished\":\"2024-10-03T16:33:28+00:00\",\"dateModified\":\"2025-06-03T11:58:07+00:00\",\"breadcrumb\":{\"@id\":\"https:\/\/megapets.eu\/de\/zubehoer\/starter-set-10-l-for-exotic-african-snail-breeding\/#breadcrumb\"},\"inLanguage\":\"de\",\"potentialAction\":[{\"@type\":\"ReadAction\",\"target\":[\"https:\/\/megapets.eu\/de\/zubehoer\/starter-set-10-l-for-exotic-african-snail-breeding\/\"]}]},{\"@type\":\"ImageObject\",\"inLanguage\":\"de\",\"@id\":\"https:\/\/megapets.eu\/de\/zubehoer\/starter-set-10-l-for-exotic-african-snail-breeding\/#primaryimage\",\"url\":\"https:\/\/megapets.eu\/wp-content\/uploads\/2024\/10\/IMG_2716-e1728382457724.jpg\",\"contentUrl\":\"https:\/\/megapets.eu\/wp-content\/uploads\/2024\/10\/IMG_2716-e1728382457724.jpg\",\"width\":1908,\"height\":1314},{\"@type\":\"BreadcrumbList\",\"@id\":\"https:\/\/megapets.eu\/de\/zubehoer\/starter-set-10-l-for-exotic-african-snail-breeding\/#breadcrumb\",\"itemListElement\":[{\"@type\":\"ListItem\",\"position\":1,\"name\":\"Strona g\u0142\u00f3wna\",\"item\":\"https:\/\/megapets.eu\/de\/startseite\/\"},{\"@type\":\"ListItem\",\"position\":2,\"name\":\"Shop\",\"item\":\"https:\/\/megapets.eu\/de\/shop\/\"},{\"@type\":\"ListItem\",\"position\":3,\"name\":\"Starterset 10 L f\u00fcr exotische\/afrikanische Schneckenzucht\"}]},{\"@type\":\"WebSite\",\"@id\":\"https:\/\/megapets.eu\/de\/#website\",\"url\":\"https:\/\/megapets.eu\/de\/\",\"name\":\"Mega Pets\",\"description\":\"Jedna z najwi\u0119kszych hodowli \u015blimak\u00f3w w Europie\",\"publisher\":{\"@id\":\"https:\/\/megapets.eu\/de\/#organization\"},\"alternateName\":\"Mega Pets\",\"potentialAction\":[{\"@type\":\"SearchAction\",\"target\":{\"@type\":\"EntryPoint\",\"urlTemplate\":\"https:\/\/megapets.eu\/de\/?s={search_term_string}\"},\"query-input\":{\"@type\":\"PropertyValueSpecification\",\"valueRequired\":true,\"valueName\":\"search_term_string\"}}],\"inLanguage\":\"de\"},{\"@type\":\"Organization\",\"@id\":\"https:\/\/megapets.eu\/de\/#organization\",\"name\":\"Mega Pets\",\"url\":\"https:\/\/megapets.eu\/de\/\",\"logo\":{\"@type\":\"ImageObject\",\"inLanguage\":\"de\",\"@id\":\"https:\/\/megapets.eu\/de\/#\/schema\/logo\/image\/\",\"url\":\"https:\/\/megapets.eu\/wp-content\/uploads\/2025\/04\/megapets_eu-logo.png\",\"contentUrl\":\"https:\/\/megapets.eu\/wp-content\/uploads\/2025\/04\/megapets_eu-logo.png\",\"width\":2362,\"height\":2362,\"caption\":\"Mega Pets\"},\"image\":{\"@id\":\"https:\/\/megapets.eu\/de\/#\/schema\/logo\/image\/\"},\"sameAs\":[\"https:\/\/www.facebook.com\/MegaPets.eu\/\"]}]}<\/script>\n<!-- \/ Yoast SEO plugin. -->","yoast_head_json":{"title":"Starterset 10 L f\u00fcr  exotische\/afrikanische Schneckenzucht | MegaPets","robots":{"index":"index","follow":"follow","max-snippet":"max-snippet:-1","max-image-preview":"max-image-preview:large","max-video-preview":"max-video-preview:-1"},"canonical":"https:\/\/megapets.eu\/de\/zubehoer\/starter-set-10-l-for-exotic-african-snail-breeding\/","og_locale":"de_DE","og_type":"article","og_title":"Starterset 10 L f\u00fcr  exotische\/afrikanische Schneckenzucht | MegaPets","og_description":"Gut ausgew\u00e4hltes Basiszubeh\u00f6r   Geschliffene L\u00fcftungs\u00f6ffnungen   Richtige Luftzirkulation","og_url":"https:\/\/megapets.eu\/de\/zubehoer\/starter-set-10-l-for-exotic-african-snail-breeding\/","og_site_name":"MegaPets","article_publisher":"https:\/\/www.facebook.com\/MegaPets.eu\/","article_modified_time":"2025-06-03T11:58:07+00:00","og_image":[{"width":1908,"height":1314,"url":"https:\/\/megapets.eu\/wp-content\/uploads\/2024\/10\/IMG_2716-e1728382457724.jpg","type":"image\/jpeg"}],"twitter_card":"summary_large_image","twitter_misc":{"Gesch\u00e4tzte Lesezeit":"2\u00a0Minuten"},"schema":{"@context":"https:\/\/schema.org","@graph":[{"@type":"WebPage","@id":"https:\/\/megapets.eu\/de\/zubehoer\/starter-set-10-l-for-exotic-african-snail-breeding\/","url":"https:\/\/megapets.eu\/de\/zubehoer\/starter-set-10-l-for-exotic-african-snail-breeding\/","name":"Starterset 10 L f\u00fcr exotische\/afrikanische Schneckenzucht | MegaPets","isPartOf":{"@id":"https:\/\/megapets.eu\/de\/#website"},"primaryImageOfPage":{"@id":"https:\/\/megapets.eu\/de\/zubehoer\/starter-set-10-l-for-exotic-african-snail-breeding\/#primaryimage"},"image":{"@id":"https:\/\/megapets.eu\/de\/zubehoer\/starter-set-10-l-for-exotic-african-snail-breeding\/#primaryimage"},"thumbnailUrl":"https:\/\/megapets.eu\/wp-content\/uploads\/2024\/10\/IMG_2716-e1728382457724.jpg","datePublished":"2024-10-03T16:33:28+00:00","dateModified":"2025-06-03T11:58:07+00:00","breadcrumb":{"@id":"https:\/\/megapets.eu\/de\/zubehoer\/starter-set-10-l-for-exotic-african-snail-breeding\/#breadcrumb"},"inLanguage":"de","potentialAction":[{"@type":"ReadAction","target":["https:\/\/megapets.eu\/de\/zubehoer\/starter-set-10-l-for-exotic-african-snail-breeding\/"]}]},{"@type":"ImageObject","inLanguage":"de","@id":"https:\/\/megapets.eu\/de\/zubehoer\/starter-set-10-l-for-exotic-african-snail-breeding\/#primaryimage","url":"https:\/\/megapets.eu\/wp-content\/uploads\/2024\/10\/IMG_2716-e1728382457724.jpg","contentUrl":"https:\/\/megapets.eu\/wp-content\/uploads\/2024\/10\/IMG_2716-e1728382457724.jpg","width":1908,"height":1314},{"@type":"BreadcrumbList","@id":"https:\/\/megapets.eu\/de\/zubehoer\/starter-set-10-l-for-exotic-african-snail-breeding\/#breadcrumb","itemListElement":[{"@type":"ListItem","position":1,"name":"Strona g\u0142\u00f3wna","item":"https:\/\/megapets.eu\/de\/startseite\/"},{"@type":"ListItem","position":2,"name":"Shop","item":"https:\/\/megapets.eu\/de\/shop\/"},{"@type":"ListItem","position":3,"name":"Starterset 10 L f\u00fcr exotische\/afrikanische Schneckenzucht"}]},{"@type":"WebSite","@id":"https:\/\/megapets.eu\/de\/#website","url":"https:\/\/megapets.eu\/de\/","name":"Mega Pets","description":"Jedna z najwi\u0119kszych hodowli \u015blimak\u00f3w w Europie","publisher":{"@id":"https:\/\/megapets.eu\/de\/#organization"},"alternateName":"Mega Pets","potentialAction":[{"@type":"SearchAction","target":{"@type":"EntryPoint","urlTemplate":"https:\/\/megapets.eu\/de\/?s={search_term_string}"},"query-input":{"@type":"PropertyValueSpecification","valueRequired":true,"valueName":"search_term_string"}}],"inLanguage":"de"},{"@type":"Organization","@id":"https:\/\/megapets.eu\/de\/#organization","name":"Mega Pets","url":"https:\/\/megapets.eu\/de\/","logo":{"@type":"ImageObject","inLanguage":"de","@id":"https:\/\/megapets.eu\/de\/#\/schema\/logo\/image\/","url":"https:\/\/megapets.eu\/wp-content\/uploads\/2025\/04\/megapets_eu-logo.png","contentUrl":"https:\/\/megapets.eu\/wp-content\/uploads\/2025\/04\/megapets_eu-logo.png","width":2362,"height":2362,"caption":"Mega Pets"},"image":{"@id":"https:\/\/megapets.eu\/de\/#\/schema\/logo\/image\/"},"sameAs":["https:\/\/www.facebook.com\/MegaPets.eu\/"]}]}},"_links":{"self":[{"href":"https:\/\/megapets.eu\/de\/wp-json\/wp\/v2\/product\/4029","targetHints":{"allow":["GET"]}}],"collection":[{"href":"https:\/\/megapets.eu\/de\/wp-json\/wp\/v2\/product"}],"about":[{"href":"https:\/\/megapets.eu\/de\/wp-json\/wp\/v2\/types\/product"}],"wp:featuredmedia":[{"embeddable":true,"href":"https:\/\/megapets.eu\/de\/wp-json\/wp\/v2\/media\/3050"}],"wp:attachment":[{"href":"https:\/\/megapets.eu\/de\/wp-json\/wp\/v2\/media?parent=4029"}],"wp:term":[{"taxonomy":"product_cat","embeddable":true,"href":"https:\/\/megapets.eu\/de\/wp-json\/wp\/v2\/product_cat?post=4029"},{"taxonomy":"product_tag","embeddable":true,"href":"https:\/\/megapets.eu\/de\/wp-json\/wp\/v2\/product_tag?post=4029"}],"curies":[{"name":"wp","href":"https:\/\/api.w.org\/{rel}","templated":true}]}}