{"id":4053,"date":"2024-10-04T06:48:33","date_gmt":"2024-10-04T06:48:33","guid":{"rendered":"https:\/\/megapets.eu\/unkategorisiert\/sepia-tintenfischknochenset-aus-groben-stuecken\/"},"modified":"2024-10-04T06:48:33","modified_gmt":"2024-10-04T06:48:33","slug":"sepia-tintenfischknochenset-aus-groben-stuecken","status":"publish","type":"product","link":"https:\/\/megapets.eu\/de\/zubehoer\/sepia-tintenfischknochenset-aus-groben-stuecken\/","title":{"rendered":"Sepia &#8211; Tintenfischknochen<br \/>&#8222;Set aus groben St\u00fccken&#8220;"},"content":{"rendered":"<p><strong><span style=\"color: #e87020; font-size: 15px;\"><em>Sepia &#8211; Tintenfischknochen &#8222;Set aus dicken St\u00fccken&#8220;<\/em><\/span><\/strong><\/p>\n<p><strong><span style=\"color: #e87020; font-size: 15px;\"><em>Eine Packung enth\u00e4lt 5 St\u00fcck dicke Sepiast\u00fccke mit einer harten H\u00fclle von etwa 4-6 cm.<\/em><\/span><\/strong><\/p>\n<p><strong><span style=\"color: #e87020; font-size: 15px;\"><em>Zusammensetzung: 100% nat\u00fcrliche Sepia-Knochen.<\/em><\/span><\/strong><\/p>\n<p><strong><span style=\"color: #e87020; font-size: 15px;\"><em>Der Preis gilt f\u00fcr 1 Packung.<\/em><\/span><\/strong><\/p>\n<p><em><span style=\"color: #424242;\"><strong><span style=\"font-size: 15px;\">Die dicken Sepiast\u00fccke sind 100% nat\u00fcrliche Sepiaknochen, eine Kalziumquelle f\u00fcr exotische Schnecken, Schildkr\u00f6ten und andere Terrarientiere. Sepia in St\u00fccken mit einer harten Schale, die in H\u00e4lften von ca. 4-6 cm unterteilt sind. Die Anzahl der St\u00fccke gibt dir die M\u00f6glichkeit, im Vergleich zu ganzen Sepien Geld zu sparen.<\/span><\/strong><\/span><\/em><\/p>\n<p><em><span style=\"color: #424242;\"><strong><span style=\"font-size: 15px;\">Sepia wird von der weichen Seite an die Tiere verf\u00fcttert. Sepiast\u00fccke sollten durch frische ersetzt werden, nachdem das Tier den weichen Teil der Sepia abgekratzt hat oder bei den ersten Anzeichen von Verderb (Auftreten von Flecken, was auf feuchte Terrarienbedingungen zur\u00fcckzuf\u00fchren ist).<\/span><\/strong><\/span><\/em><\/p>\n<p><em><span style=\"color: #424242;\"><strong><span style=\"font-size: 15px;\">Du kannst die verabreichten Formen von Kalzium immer variieren und deinem Tier zus\u00e4tzlich &#8222;Calcium&#8220; anbieten &#8211; Kalzium f\u00fcr Schnecken an.<\/span><\/strong><\/span><\/em><\/p>\n<p><em><span style=\"color: #424242;\"><strong><span style=\"font-size: 15px;\">Die von uns empfohlenen Erg\u00e4nzungsfuttermittel sind in der Lage, den Bedarf an wertvollen N\u00e4hrstoffen selbst der anspruchsvollsten Arten zu decken: &#8222;Protein &amp; Vitamin&#8220;, Exotische Kr\u00e4utermischung, Gemahlene Gammarus. Es wird empfohlen, die Erg\u00e4nzungsmittel abwechselnd zu verwenden, damit die Ern\u00e4hrung deines Tieres abwechslungsreich und vollst\u00e4ndig bleibt.<\/span><\/strong><\/span><\/em><\/p>\n","protected":false},"excerpt":{"rendered":"<ul class=\"product_attributes\">\n<li><span style=\"color: #555555;\">Zusammensetzung:<\/span> 100% nat\u00fcrlicher Tintenfischknochen<\/li>\n<li><span style=\"color: #555555;\">Anzahl der Teile pro Set:<\/span> 5 St\u00fcck<\/li>\n<li><span style=\"color: #555555;\">Der Preis gilt f\u00fcr:<\/span> 1 Packung.<\/li>\n<\/ul>\n","protected":false},"featured_media":2728,"template":"","meta":{"_acf_changed":false,"_links_to":"","_links_to_target":""},"product_cat":[71],"product_tag":[88,89,90,102],"class_list":{"0":"post-4053","1":"product","2":"type-product","3":"status-publish","4":"has-post-thumbnail","6":"product_cat-zubehoer","7":"product_tag-fur-die-tauschungen","8":"product_tag-fur-isopoden","9":"product_tag-fur-kakerlaken","10":"product_tag-fur-schnecken","12":"first","13":"instock","14":"shipping-taxable","15":"purchasable","16":"product-type-simple"},"acf":[],"yoast_head":"<!-- This site is optimized with the Yoast SEO plugin v24.9 - https:\/\/yoast.com\/wordpress\/plugins\/seo\/ -->\n<title>Sepia - Tintenfischknochen&quot;Set aus groben St\u00fccken&quot; | MegaPets<\/title>\n<meta name=\"robots\" content=\"index, follow, max-snippet:-1, max-image-preview:large, max-video-preview:-1\" \/>\n<link rel=\"canonical\" href=\"https:\/\/megapets.eu\/de\/zubehoer\/sepia-tintenfischknochenset-aus-groben-stuecken\/\" \/>\n<meta property=\"og:locale\" content=\"de_DE\" \/>\n<meta property=\"og:type\" content=\"article\" \/>\n<meta property=\"og:title\" content=\"Sepia - Tintenfischknochen&quot;Set aus groben St\u00fccken&quot; | MegaPets\" \/>\n<meta property=\"og:description\" content=\"Zusammensetzung: 100% nat\u00fcrlicher Tintenfischknochen  Anzahl der Teile pro Set: 5 St\u00fcck  Der Preis gilt f\u00fcr: 1 Packung.\" \/>\n<meta property=\"og:url\" content=\"https:\/\/megapets.eu\/de\/zubehoer\/sepia-tintenfischknochenset-aus-groben-stuecken\/\" \/>\n<meta property=\"og:site_name\" content=\"MegaPets\" \/>\n<meta property=\"article:publisher\" content=\"https:\/\/www.facebook.com\/MegaPets.eu\/\" \/>\n<meta property=\"og:image\" content=\"https:\/\/megapets.eu\/wp-content\/uploads\/2024\/10\/2002.jpg\" \/>\n\t<meta property=\"og:image:width\" content=\"956\" \/>\n\t<meta property=\"og:image:height\" content=\"638\" \/>\n\t<meta property=\"og:image:type\" content=\"image\/jpeg\" \/>\n<meta name=\"twitter:card\" content=\"summary_large_image\" \/>\n<meta name=\"twitter:label1\" content=\"Gesch\u00e4tzte Lesezeit\" \/>\n\t<meta name=\"twitter:data1\" content=\"1\u00a0Minute\" \/>\n<script type=\"application\/ld+json\" class=\"yoast-schema-graph\">{\"@context\":\"https:\/\/schema.org\",\"@graph\":[{\"@type\":\"WebPage\",\"@id\":\"https:\/\/megapets.eu\/de\/zubehoer\/sepia-tintenfischknochenset-aus-groben-stuecken\/\",\"url\":\"https:\/\/megapets.eu\/de\/zubehoer\/sepia-tintenfischknochenset-aus-groben-stuecken\/\",\"name\":\"Sepia - Tintenfischknochen \\\"Set aus groben St\u00fccken\\\" | MegaPets\",\"isPartOf\":{\"@id\":\"https:\/\/megapets.eu\/de\/#website\"},\"primaryImageOfPage\":{\"@id\":\"https:\/\/megapets.eu\/de\/zubehoer\/sepia-tintenfischknochenset-aus-groben-stuecken\/#primaryimage\"},\"image\":{\"@id\":\"https:\/\/megapets.eu\/de\/zubehoer\/sepia-tintenfischknochenset-aus-groben-stuecken\/#primaryimage\"},\"thumbnailUrl\":\"https:\/\/megapets.eu\/wp-content\/uploads\/2024\/10\/2002.jpg\",\"datePublished\":\"2024-10-04T06:48:33+00:00\",\"breadcrumb\":{\"@id\":\"https:\/\/megapets.eu\/de\/zubehoer\/sepia-tintenfischknochenset-aus-groben-stuecken\/#breadcrumb\"},\"inLanguage\":\"de\",\"potentialAction\":[{\"@type\":\"ReadAction\",\"target\":[\"https:\/\/megapets.eu\/de\/zubehoer\/sepia-tintenfischknochenset-aus-groben-stuecken\/\"]}]},{\"@type\":\"ImageObject\",\"inLanguage\":\"de\",\"@id\":\"https:\/\/megapets.eu\/de\/zubehoer\/sepia-tintenfischknochenset-aus-groben-stuecken\/#primaryimage\",\"url\":\"https:\/\/megapets.eu\/wp-content\/uploads\/2024\/10\/2002.jpg\",\"contentUrl\":\"https:\/\/megapets.eu\/wp-content\/uploads\/2024\/10\/2002.jpg\",\"width\":956,\"height\":638},{\"@type\":\"BreadcrumbList\",\"@id\":\"https:\/\/megapets.eu\/de\/zubehoer\/sepia-tintenfischknochenset-aus-groben-stuecken\/#breadcrumb\",\"itemListElement\":[{\"@type\":\"ListItem\",\"position\":1,\"name\":\"Strona g\u0142\u00f3wna\",\"item\":\"https:\/\/megapets.eu\/de\/startseite\/\"},{\"@type\":\"ListItem\",\"position\":2,\"name\":\"Shop\",\"item\":\"https:\/\/megapets.eu\/de\/shop\/\"},{\"@type\":\"ListItem\",\"position\":3,\"name\":\"Sepia &#8211; Tintenfischknochen&#8222;Set aus groben St\u00fccken\\\"\"}]},{\"@type\":\"WebSite\",\"@id\":\"https:\/\/megapets.eu\/de\/#website\",\"url\":\"https:\/\/megapets.eu\/de\/\",\"name\":\"Mega Pets\",\"description\":\"Jedna z najwi\u0119kszych hodowli \u015blimak\u00f3w w Europie\",\"publisher\":{\"@id\":\"https:\/\/megapets.eu\/de\/#organization\"},\"alternateName\":\"Mega Pets\",\"potentialAction\":[{\"@type\":\"SearchAction\",\"target\":{\"@type\":\"EntryPoint\",\"urlTemplate\":\"https:\/\/megapets.eu\/de\/?s={search_term_string}\"},\"query-input\":{\"@type\":\"PropertyValueSpecification\",\"valueRequired\":true,\"valueName\":\"search_term_string\"}}],\"inLanguage\":\"de\"},{\"@type\":\"Organization\",\"@id\":\"https:\/\/megapets.eu\/de\/#organization\",\"name\":\"Mega Pets\",\"url\":\"https:\/\/megapets.eu\/de\/\",\"logo\":{\"@type\":\"ImageObject\",\"inLanguage\":\"de\",\"@id\":\"https:\/\/megapets.eu\/de\/#\/schema\/logo\/image\/\",\"url\":\"https:\/\/megapets.eu\/wp-content\/uploads\/2025\/04\/megapets_eu-logo.png\",\"contentUrl\":\"https:\/\/megapets.eu\/wp-content\/uploads\/2025\/04\/megapets_eu-logo.png\",\"width\":2362,\"height\":2362,\"caption\":\"Mega Pets\"},\"image\":{\"@id\":\"https:\/\/megapets.eu\/de\/#\/schema\/logo\/image\/\"},\"sameAs\":[\"https:\/\/www.facebook.com\/MegaPets.eu\/\"]}]}<\/script>\n<!-- \/ Yoast SEO plugin. -->","yoast_head_json":{"title":"Sepia - Tintenfischknochen\"Set aus groben St\u00fccken\" | MegaPets","robots":{"index":"index","follow":"follow","max-snippet":"max-snippet:-1","max-image-preview":"max-image-preview:large","max-video-preview":"max-video-preview:-1"},"canonical":"https:\/\/megapets.eu\/de\/zubehoer\/sepia-tintenfischknochenset-aus-groben-stuecken\/","og_locale":"de_DE","og_type":"article","og_title":"Sepia - Tintenfischknochen\"Set aus groben St\u00fccken\" | MegaPets","og_description":"Zusammensetzung: 100% nat\u00fcrlicher Tintenfischknochen  Anzahl der Teile pro Set: 5 St\u00fcck  Der Preis gilt f\u00fcr: 1 Packung.","og_url":"https:\/\/megapets.eu\/de\/zubehoer\/sepia-tintenfischknochenset-aus-groben-stuecken\/","og_site_name":"MegaPets","article_publisher":"https:\/\/www.facebook.com\/MegaPets.eu\/","og_image":[{"width":956,"height":638,"url":"https:\/\/megapets.eu\/wp-content\/uploads\/2024\/10\/2002.jpg","type":"image\/jpeg"}],"twitter_card":"summary_large_image","twitter_misc":{"Gesch\u00e4tzte Lesezeit":"1\u00a0Minute"},"schema":{"@context":"https:\/\/schema.org","@graph":[{"@type":"WebPage","@id":"https:\/\/megapets.eu\/de\/zubehoer\/sepia-tintenfischknochenset-aus-groben-stuecken\/","url":"https:\/\/megapets.eu\/de\/zubehoer\/sepia-tintenfischknochenset-aus-groben-stuecken\/","name":"Sepia - Tintenfischknochen \"Set aus groben St\u00fccken\" | MegaPets","isPartOf":{"@id":"https:\/\/megapets.eu\/de\/#website"},"primaryImageOfPage":{"@id":"https:\/\/megapets.eu\/de\/zubehoer\/sepia-tintenfischknochenset-aus-groben-stuecken\/#primaryimage"},"image":{"@id":"https:\/\/megapets.eu\/de\/zubehoer\/sepia-tintenfischknochenset-aus-groben-stuecken\/#primaryimage"},"thumbnailUrl":"https:\/\/megapets.eu\/wp-content\/uploads\/2024\/10\/2002.jpg","datePublished":"2024-10-04T06:48:33+00:00","breadcrumb":{"@id":"https:\/\/megapets.eu\/de\/zubehoer\/sepia-tintenfischknochenset-aus-groben-stuecken\/#breadcrumb"},"inLanguage":"de","potentialAction":[{"@type":"ReadAction","target":["https:\/\/megapets.eu\/de\/zubehoer\/sepia-tintenfischknochenset-aus-groben-stuecken\/"]}]},{"@type":"ImageObject","inLanguage":"de","@id":"https:\/\/megapets.eu\/de\/zubehoer\/sepia-tintenfischknochenset-aus-groben-stuecken\/#primaryimage","url":"https:\/\/megapets.eu\/wp-content\/uploads\/2024\/10\/2002.jpg","contentUrl":"https:\/\/megapets.eu\/wp-content\/uploads\/2024\/10\/2002.jpg","width":956,"height":638},{"@type":"BreadcrumbList","@id":"https:\/\/megapets.eu\/de\/zubehoer\/sepia-tintenfischknochenset-aus-groben-stuecken\/#breadcrumb","itemListElement":[{"@type":"ListItem","position":1,"name":"Strona g\u0142\u00f3wna","item":"https:\/\/megapets.eu\/de\/startseite\/"},{"@type":"ListItem","position":2,"name":"Shop","item":"https:\/\/megapets.eu\/de\/shop\/"},{"@type":"ListItem","position":3,"name":"Sepia &#8211; Tintenfischknochen&#8222;Set aus groben St\u00fccken\""}]},{"@type":"WebSite","@id":"https:\/\/megapets.eu\/de\/#website","url":"https:\/\/megapets.eu\/de\/","name":"Mega Pets","description":"Jedna z najwi\u0119kszych hodowli \u015blimak\u00f3w w Europie","publisher":{"@id":"https:\/\/megapets.eu\/de\/#organization"},"alternateName":"Mega Pets","potentialAction":[{"@type":"SearchAction","target":{"@type":"EntryPoint","urlTemplate":"https:\/\/megapets.eu\/de\/?s={search_term_string}"},"query-input":{"@type":"PropertyValueSpecification","valueRequired":true,"valueName":"search_term_string"}}],"inLanguage":"de"},{"@type":"Organization","@id":"https:\/\/megapets.eu\/de\/#organization","name":"Mega Pets","url":"https:\/\/megapets.eu\/de\/","logo":{"@type":"ImageObject","inLanguage":"de","@id":"https:\/\/megapets.eu\/de\/#\/schema\/logo\/image\/","url":"https:\/\/megapets.eu\/wp-content\/uploads\/2025\/04\/megapets_eu-logo.png","contentUrl":"https:\/\/megapets.eu\/wp-content\/uploads\/2025\/04\/megapets_eu-logo.png","width":2362,"height":2362,"caption":"Mega Pets"},"image":{"@id":"https:\/\/megapets.eu\/de\/#\/schema\/logo\/image\/"},"sameAs":["https:\/\/www.facebook.com\/MegaPets.eu\/"]}]}},"_links":{"self":[{"href":"https:\/\/megapets.eu\/de\/wp-json\/wp\/v2\/product\/4053","targetHints":{"allow":["GET"]}}],"collection":[{"href":"https:\/\/megapets.eu\/de\/wp-json\/wp\/v2\/product"}],"about":[{"href":"https:\/\/megapets.eu\/de\/wp-json\/wp\/v2\/types\/product"}],"wp:featuredmedia":[{"embeddable":true,"href":"https:\/\/megapets.eu\/de\/wp-json\/wp\/v2\/media\/2728"}],"wp:attachment":[{"href":"https:\/\/megapets.eu\/de\/wp-json\/wp\/v2\/media?parent=4053"}],"wp:term":[{"taxonomy":"product_cat","embeddable":true,"href":"https:\/\/megapets.eu\/de\/wp-json\/wp\/v2\/product_cat?post=4053"},{"taxonomy":"product_tag","embeddable":true,"href":"https:\/\/megapets.eu\/de\/wp-json\/wp\/v2\/product_tag?post=4053"}],"curies":[{"name":"wp","href":"https:\/\/api.w.org\/{rel}","templated":true}]}}