{"id":4061,"date":"2024-10-03T19:18:53","date_gmt":"2024-10-03T19:18:53","guid":{"rendered":"https:\/\/megapets.eu\/unkategorisiert\/starter-set-von-15-l-fuer-die-zuchtexotische-afrikanische-schnecken\/"},"modified":"2024-10-03T19:18:53","modified_gmt":"2024-10-03T19:18:53","slug":"starter-set-von-15-l-fuer-die-zuchtexotische-afrikanische-schnecken","status":"publish","type":"product","link":"https:\/\/megapets.eu\/de\/zubehoer\/starter-set-von-15-l-fuer-die-zuchtexotische-afrikanische-schnecken\/","title":{"rendered":"Starter-Set von 15 L f\u00fcr die Zucht<br \/>exotische \/ afrikanische Schnecken"},"content":{"rendered":"<p><em><span style=\"color: #424242;\"><strong>Das &#8222;15-Liter-Starterset f\u00fcr die Zucht exotischer \/ afrikanischer Schnecken&#8220; enth\u00e4lt:<\/strong><\/span><\/em><\/p>\n<ul>\n<li><em><strong><span style=\"color: #e87020; font-size: 17px;\">1 St. x Kunststoffbeh\u00e4lter mit wen<span style=\"color: #e87020;\">tyl<\/span>Aktionsl\u00f6chern f\u00fcr die Zucht exotischer Schnecken.<\/span><\/strong><\/em><\/li>\n<\/ul>\n<p><em><span style=\"color: #424242; font-size: 15px;\"><strong>Beh\u00e4lter mit Deckel mit einem Fassungsverm\u00f6gen von 15 L. Die inneren \u00d6ffnungen des Beh\u00e4lters sind glatt, ohne scharfe Kanten.<\/strong><\/span><\/em><\/p>\n<p><em><span style=\"color: #424242; font-size: 15px;\"><strong>Breite: 33 cm &#8211; oben; 26 cm &#8211; unten;<\/strong><\/span><\/em><\/p>\n<p><em><span style=\"color: #424242; font-size: 15px;\"><strong>L\u00e4nge: 42,5 cm &#8211; oben; 34,5 cm &#8211; unten;<\/strong><\/span><\/em><\/p>\n<p><em><span style=\"color: #424242; font-size: 15px;\"><strong>H\u00f6he: 21, 3 cm<\/strong><\/span><\/em><\/p>\n<ul>\n<li><em><strong><span style=\"color: #e87020; font-size: 17px;\">1 St\u00fcck x Sepia &#8211; Tintenfischknochen 12-15 cm.<\/span><\/strong><\/em><\/li>\n<\/ul>\n<p><em><span style=\"color: #424242; font-size: 15px;\"><strong>100% nat\u00fcrliche Tintenfischknochen, eine Kalziumquelle f\u00fcr exotische Schnecken, Schildkr\u00f6ten und andere Terrarientiere.<\/strong><\/span><\/em><\/p>\n<ul>\n<li><em><strong><span style=\"font-size: 17px;\"><span style=\"color: #e87020;\">2 St. x Kokossubstrat 1,5l\/1 Packung. <\/span><\/span><\/strong><\/em><\/li>\n<\/ul>\n<p><em><span style=\"color: #424242; font-size: 15px;\"><strong>Kokossubstrat ist ein nat\u00fcrliches Substrat aus zerkleinerten Kokosnussfasern. Es ist das am meisten empfohlene Substrat f\u00fcr die Zucht exotischer Schnecken.<\/strong><\/span><\/em><\/p>\n<ul>\n<li><em><strong><span style=\"font-size: 17px;\"><span style=\"color: #e87020;\">1 St. \/ Packung &#8222;Calcium&#8220; 80g. <\/span><\/span><\/strong><\/em><\/li>\n<\/ul>\n<p><em><span style=\"color: #424242; font-size: 15px;\"><strong>Die t\u00e4gliche Ern\u00e4hrung einer Schnecke muss den Grundbaustein f\u00fcr ein sch\u00f6nes und gesundes Schneckenhaus enthalten. Die Packung &#8222;Calcium&#8220; enth\u00e4lt 100% Eierschalenpulver.<\/strong><\/span><\/em><\/p>\n<ul>\n<li><em><strong><span style=\"font-size: 17px;\"><span style=\"color: #e87020;\">1 x Packung &#8222;Protein &amp; Vitamin&#8220; 50g.<\/span><\/span><\/strong><\/em><\/li>\n<\/ul>\n<p><em><span style=\"color: #424242; font-size: 15px;\"><strong>Die Packung &#8222;Protein &amp; Vitamin&#8220; enth\u00e4lt eine K\u00f6rnermischung voller wertvoller N\u00e4hrstoffe f\u00fcr eine gesunde Entwicklung deines Tieres und ist eine n\u00fctzliche Erg\u00e4nzung zur Grundnahrung der Schnecke.<\/strong><\/span><\/em><\/p>\n<ul>\n<li><em><strong><span style=\"font-size: 17px;\"><span style=\"color: #e87020;\">1 St. x Packung &#8222;Exotische Kr\u00e4utermischung&#8220; 40g.<\/span><\/span><\/strong><\/em><\/li>\n<\/ul>\n<p><em><span style=\"color: #424242; font-size: 15px;\"><strong>Die Packung &#8222;Exotische Kr\u00e4utermischung&#8220; enth\u00e4lt sorgf\u00e4ltig ausgew\u00e4hlte Kr\u00e4uter, eine wertvolle und nat\u00fcrliche Erg\u00e4nzung, die dazu beitr\u00e4gt, die Ern\u00e4hrung exotischer Schnecken auf der Grundlage ihres Vitamin- und Mineralstoffbedarfs anzureichern, Bestandteile, die f\u00fcr die Gesundheit der Haustiere unerl\u00e4sslich sind.<\/strong><\/span><\/em><\/p>\n<ul>\n<li><em><strong><span style=\"font-size: 17px;\"><span style=\"color: #e87020;\">1 St\u00fcck x Zuchtanleitung.<\/span><\/span><\/strong><\/em><\/li>\n<\/ul>\n<p><em><span style=\"color: #424242; font-size: 15px;\"><strong>Um die BASIC BOX zu schlie\u00dfen, musst du: 1. dr\u00fcckst du die Deckelgriffe auf beiden Seiten. 2. Halte die Griffe 5-10 Sekunden lang gedr\u00fcckt und schlie\u00dfe dann den Deckel des Beh\u00e4lters.<\/strong><\/span><\/em><\/p>\n<p><em><span style=\"color: #424242; font-size: 15px;\"><strong>Hinweis: In der Zucht verwenden wir ein spezielles, eigens angefertigtes Ger\u00e4t f\u00fcr ein hochwertiges, glattes Ausstanzen der Beh\u00e4lter. Wenn du bereits einen Plastikbeh\u00e4lter hast und versuchst, die \u00d6ffnungen selbst zu stanzen, entferne die scharfen Kanten und schleife die L\u00f6cher gut ab. Jungtiere haben ein empfindliches Wachstum der neuen Schale, an der sie sich verfangen k\u00f6nnen, wenn sie \u00fcber die scharfen Kanten von schlecht gemachten L\u00f6chern laufen. Das kann dazu f\u00fchren, dass das Schneckenhaus vernarbt und sein \u00e4sthetisches, gesundes Aussehen verliert.<\/strong><\/span><\/em><\/p>\n<p><em><span style=\"color: #424242; font-size: 15px;\"><strong>Hinweis: Die Beh\u00e4lter vieler Firmen sind aufgrund der Innenkonstruktion und der Art, wie der Deckel aufgeschnappt wird, NICHT f\u00fcr die Schneckenzucht geeignet. Der von uns empfohlene Beh\u00e4lterhersteller ist Plast Team.<\/strong><\/span><\/em><\/p>\n","protected":false},"excerpt":{"rendered":"<ul class=\"product_attributes\">\n<li><span style=\"color: #555555;\"><strong>Gut gew\u00e4hltes Basiszubeh\u00f6r<\/strong><\/span><\/li>\n<li><span style=\"color: #555555;\"><strong>Polierte L\u00fcftungsschlitze<\/strong><\/span><\/li>\n<li><span style=\"color: #555555;\"><strong>Richtige Luftzirkulation<\/strong><\/span><\/li>\n<\/ul>\n","protected":false},"featured_media":2696,"template":"","meta":{"_acf_changed":false,"_links_to":"","_links_to_target":""},"product_cat":[71],"product_tag":[102],"class_list":{"0":"post-4061","1":"product","2":"type-product","3":"status-publish","4":"has-post-thumbnail","6":"product_cat-zubehoer","7":"product_tag-fur-schnecken","9":"first","10":"instock","11":"shipping-taxable","12":"purchasable","13":"product-type-simple"},"acf":[],"yoast_head":"<!-- This site is optimized with the Yoast SEO plugin v24.9 - https:\/\/yoast.com\/wordpress\/plugins\/seo\/ -->\n<title>Starter-Set von 15 L f\u00fcr die Zuchtexotische \/ afrikanische Schnecken | MegaPets<\/title>\n<meta name=\"robots\" content=\"index, follow, max-snippet:-1, max-image-preview:large, max-video-preview:-1\" \/>\n<link rel=\"canonical\" href=\"https:\/\/megapets.eu\/de\/zubehoer\/starter-set-von-15-l-fuer-die-zuchtexotische-afrikanische-schnecken\/\" \/>\n<meta property=\"og:locale\" content=\"de_DE\" \/>\n<meta property=\"og:type\" content=\"article\" \/>\n<meta property=\"og:title\" content=\"Starter-Set von 15 L f\u00fcr die Zuchtexotische \/ afrikanische Schnecken | MegaPets\" \/>\n<meta property=\"og:description\" content=\"Gut gew\u00e4hltes Basiszubeh\u00f6r  Polierte L\u00fcftungsschlitze  Richtige Luftzirkulation\" \/>\n<meta property=\"og:url\" content=\"https:\/\/megapets.eu\/de\/zubehoer\/starter-set-von-15-l-fuer-die-zuchtexotische-afrikanische-schnecken\/\" \/>\n<meta property=\"og:site_name\" content=\"MegaPets\" \/>\n<meta property=\"article:publisher\" content=\"https:\/\/www.facebook.com\/MegaPets.eu\/\" \/>\n<meta property=\"og:image\" content=\"https:\/\/megapets.eu\/wp-content\/uploads\/2025\/04\/megapets_eu-info-scaled.png\" \/>\n\t<meta property=\"og:image:width\" content=\"2560\" \/>\n\t<meta property=\"og:image:height\" content=\"1735\" \/>\n\t<meta property=\"og:image:type\" content=\"image\/png\" \/>\n<meta name=\"twitter:card\" content=\"summary_large_image\" \/>\n<meta name=\"twitter:label1\" content=\"Gesch\u00e4tzte Lesezeit\" \/>\n\t<meta name=\"twitter:data1\" content=\"2\u00a0Minuten\" \/>\n<script type=\"application\/ld+json\" class=\"yoast-schema-graph\">{\"@context\":\"https:\/\/schema.org\",\"@graph\":[{\"@type\":\"WebPage\",\"@id\":\"https:\/\/megapets.eu\/de\/zubehoer\/starter-set-von-15-l-fuer-die-zuchtexotische-afrikanische-schnecken\/\",\"url\":\"https:\/\/megapets.eu\/de\/zubehoer\/starter-set-von-15-l-fuer-die-zuchtexotische-afrikanische-schnecken\/\",\"name\":\"Starter-Set von 15 L f\u00fcr die Zucht exotische \/ afrikanische Schnecken | MegaPets\",\"isPartOf\":{\"@id\":\"https:\/\/megapets.eu\/de\/#website\"},\"primaryImageOfPage\":{\"@id\":\"https:\/\/megapets.eu\/de\/zubehoer\/starter-set-von-15-l-fuer-die-zuchtexotische-afrikanische-schnecken\/#primaryimage\"},\"image\":{\"@id\":\"https:\/\/megapets.eu\/de\/zubehoer\/starter-set-von-15-l-fuer-die-zuchtexotische-afrikanische-schnecken\/#primaryimage\"},\"thumbnailUrl\":\"https:\/\/megapets.eu\/wp-content\/uploads\/2024\/10\/Glowne-Basic-15-L.png\",\"datePublished\":\"2024-10-03T19:18:53+00:00\",\"breadcrumb\":{\"@id\":\"https:\/\/megapets.eu\/de\/zubehoer\/starter-set-von-15-l-fuer-die-zuchtexotische-afrikanische-schnecken\/#breadcrumb\"},\"inLanguage\":\"de\",\"potentialAction\":[{\"@type\":\"ReadAction\",\"target\":[\"https:\/\/megapets.eu\/de\/zubehoer\/starter-set-von-15-l-fuer-die-zuchtexotische-afrikanische-schnecken\/\"]}]},{\"@type\":\"ImageObject\",\"inLanguage\":\"de\",\"@id\":\"https:\/\/megapets.eu\/de\/zubehoer\/starter-set-von-15-l-fuer-die-zuchtexotische-afrikanische-schnecken\/#primaryimage\",\"url\":\"https:\/\/megapets.eu\/wp-content\/uploads\/2024\/10\/Glowne-Basic-15-L.png\",\"contentUrl\":\"https:\/\/megapets.eu\/wp-content\/uploads\/2024\/10\/Glowne-Basic-15-L.png\",\"width\":1053,\"height\":701},{\"@type\":\"BreadcrumbList\",\"@id\":\"https:\/\/megapets.eu\/de\/zubehoer\/starter-set-von-15-l-fuer-die-zuchtexotische-afrikanische-schnecken\/#breadcrumb\",\"itemListElement\":[{\"@type\":\"ListItem\",\"position\":1,\"name\":\"Strona g\u0142\u00f3wna\",\"item\":\"https:\/\/megapets.eu\/de\/startseite\/\"},{\"@type\":\"ListItem\",\"position\":2,\"name\":\"Shop\",\"item\":\"https:\/\/megapets.eu\/de\/shop\/\"},{\"@type\":\"ListItem\",\"position\":3,\"name\":\"Starter-Set von 15 L f\u00fcr die Zuchtexotische \/ afrikanische Schnecken\"}]},{\"@type\":\"WebSite\",\"@id\":\"https:\/\/megapets.eu\/de\/#website\",\"url\":\"https:\/\/megapets.eu\/de\/\",\"name\":\"Mega Pets\",\"description\":\"Jedna z najwi\u0119kszych hodowli \u015blimak\u00f3w w Europie\",\"publisher\":{\"@id\":\"https:\/\/megapets.eu\/de\/#organization\"},\"alternateName\":\"Mega Pets\",\"potentialAction\":[{\"@type\":\"SearchAction\",\"target\":{\"@type\":\"EntryPoint\",\"urlTemplate\":\"https:\/\/megapets.eu\/de\/?s={search_term_string}\"},\"query-input\":{\"@type\":\"PropertyValueSpecification\",\"valueRequired\":true,\"valueName\":\"search_term_string\"}}],\"inLanguage\":\"de\"},{\"@type\":\"Organization\",\"@id\":\"https:\/\/megapets.eu\/de\/#organization\",\"name\":\"Mega Pets\",\"url\":\"https:\/\/megapets.eu\/de\/\",\"logo\":{\"@type\":\"ImageObject\",\"inLanguage\":\"de\",\"@id\":\"https:\/\/megapets.eu\/de\/#\/schema\/logo\/image\/\",\"url\":\"https:\/\/megapets.eu\/wp-content\/uploads\/2025\/04\/megapets_eu-logo.png\",\"contentUrl\":\"https:\/\/megapets.eu\/wp-content\/uploads\/2025\/04\/megapets_eu-logo.png\",\"width\":2362,\"height\":2362,\"caption\":\"Mega Pets\"},\"image\":{\"@id\":\"https:\/\/megapets.eu\/de\/#\/schema\/logo\/image\/\"},\"sameAs\":[\"https:\/\/www.facebook.com\/MegaPets.eu\/\"]}]}<\/script>\n<!-- \/ Yoast SEO plugin. -->","yoast_head_json":{"title":"Starter-Set von 15 L f\u00fcr die Zuchtexotische \/ afrikanische Schnecken | MegaPets","robots":{"index":"index","follow":"follow","max-snippet":"max-snippet:-1","max-image-preview":"max-image-preview:large","max-video-preview":"max-video-preview:-1"},"canonical":"https:\/\/megapets.eu\/de\/zubehoer\/starter-set-von-15-l-fuer-die-zuchtexotische-afrikanische-schnecken\/","og_locale":"de_DE","og_type":"article","og_title":"Starter-Set von 15 L f\u00fcr die Zuchtexotische \/ afrikanische Schnecken | MegaPets","og_description":"Gut gew\u00e4hltes Basiszubeh\u00f6r  Polierte L\u00fcftungsschlitze  Richtige Luftzirkulation","og_url":"https:\/\/megapets.eu\/de\/zubehoer\/starter-set-von-15-l-fuer-die-zuchtexotische-afrikanische-schnecken\/","og_site_name":"MegaPets","article_publisher":"https:\/\/www.facebook.com\/MegaPets.eu\/","og_image":[{"width":2560,"height":1735,"url":"https:\/\/megapets.eu\/wp-content\/uploads\/2025\/04\/megapets_eu-info-scaled.png","type":"image\/png"}],"twitter_card":"summary_large_image","twitter_misc":{"Gesch\u00e4tzte Lesezeit":"2\u00a0Minuten"},"schema":{"@context":"https:\/\/schema.org","@graph":[{"@type":"WebPage","@id":"https:\/\/megapets.eu\/de\/zubehoer\/starter-set-von-15-l-fuer-die-zuchtexotische-afrikanische-schnecken\/","url":"https:\/\/megapets.eu\/de\/zubehoer\/starter-set-von-15-l-fuer-die-zuchtexotische-afrikanische-schnecken\/","name":"Starter-Set von 15 L f\u00fcr die Zucht exotische \/ afrikanische Schnecken | MegaPets","isPartOf":{"@id":"https:\/\/megapets.eu\/de\/#website"},"primaryImageOfPage":{"@id":"https:\/\/megapets.eu\/de\/zubehoer\/starter-set-von-15-l-fuer-die-zuchtexotische-afrikanische-schnecken\/#primaryimage"},"image":{"@id":"https:\/\/megapets.eu\/de\/zubehoer\/starter-set-von-15-l-fuer-die-zuchtexotische-afrikanische-schnecken\/#primaryimage"},"thumbnailUrl":"https:\/\/megapets.eu\/wp-content\/uploads\/2024\/10\/Glowne-Basic-15-L.png","datePublished":"2024-10-03T19:18:53+00:00","breadcrumb":{"@id":"https:\/\/megapets.eu\/de\/zubehoer\/starter-set-von-15-l-fuer-die-zuchtexotische-afrikanische-schnecken\/#breadcrumb"},"inLanguage":"de","potentialAction":[{"@type":"ReadAction","target":["https:\/\/megapets.eu\/de\/zubehoer\/starter-set-von-15-l-fuer-die-zuchtexotische-afrikanische-schnecken\/"]}]},{"@type":"ImageObject","inLanguage":"de","@id":"https:\/\/megapets.eu\/de\/zubehoer\/starter-set-von-15-l-fuer-die-zuchtexotische-afrikanische-schnecken\/#primaryimage","url":"https:\/\/megapets.eu\/wp-content\/uploads\/2024\/10\/Glowne-Basic-15-L.png","contentUrl":"https:\/\/megapets.eu\/wp-content\/uploads\/2024\/10\/Glowne-Basic-15-L.png","width":1053,"height":701},{"@type":"BreadcrumbList","@id":"https:\/\/megapets.eu\/de\/zubehoer\/starter-set-von-15-l-fuer-die-zuchtexotische-afrikanische-schnecken\/#breadcrumb","itemListElement":[{"@type":"ListItem","position":1,"name":"Strona g\u0142\u00f3wna","item":"https:\/\/megapets.eu\/de\/startseite\/"},{"@type":"ListItem","position":2,"name":"Shop","item":"https:\/\/megapets.eu\/de\/shop\/"},{"@type":"ListItem","position":3,"name":"Starter-Set von 15 L f\u00fcr die Zuchtexotische \/ afrikanische Schnecken"}]},{"@type":"WebSite","@id":"https:\/\/megapets.eu\/de\/#website","url":"https:\/\/megapets.eu\/de\/","name":"Mega Pets","description":"Jedna z najwi\u0119kszych hodowli \u015blimak\u00f3w w Europie","publisher":{"@id":"https:\/\/megapets.eu\/de\/#organization"},"alternateName":"Mega Pets","potentialAction":[{"@type":"SearchAction","target":{"@type":"EntryPoint","urlTemplate":"https:\/\/megapets.eu\/de\/?s={search_term_string}"},"query-input":{"@type":"PropertyValueSpecification","valueRequired":true,"valueName":"search_term_string"}}],"inLanguage":"de"},{"@type":"Organization","@id":"https:\/\/megapets.eu\/de\/#organization","name":"Mega Pets","url":"https:\/\/megapets.eu\/de\/","logo":{"@type":"ImageObject","inLanguage":"de","@id":"https:\/\/megapets.eu\/de\/#\/schema\/logo\/image\/","url":"https:\/\/megapets.eu\/wp-content\/uploads\/2025\/04\/megapets_eu-logo.png","contentUrl":"https:\/\/megapets.eu\/wp-content\/uploads\/2025\/04\/megapets_eu-logo.png","width":2362,"height":2362,"caption":"Mega Pets"},"image":{"@id":"https:\/\/megapets.eu\/de\/#\/schema\/logo\/image\/"},"sameAs":["https:\/\/www.facebook.com\/MegaPets.eu\/"]}]}},"_links":{"self":[{"href":"https:\/\/megapets.eu\/de\/wp-json\/wp\/v2\/product\/4061","targetHints":{"allow":["GET"]}}],"collection":[{"href":"https:\/\/megapets.eu\/de\/wp-json\/wp\/v2\/product"}],"about":[{"href":"https:\/\/megapets.eu\/de\/wp-json\/wp\/v2\/types\/product"}],"wp:featuredmedia":[{"embeddable":true,"href":"https:\/\/megapets.eu\/de\/wp-json\/wp\/v2\/media\/2696"}],"wp:attachment":[{"href":"https:\/\/megapets.eu\/de\/wp-json\/wp\/v2\/media?parent=4061"}],"wp:term":[{"taxonomy":"product_cat","embeddable":true,"href":"https:\/\/megapets.eu\/de\/wp-json\/wp\/v2\/product_cat?post=4061"},{"taxonomy":"product_tag","embeddable":true,"href":"https:\/\/megapets.eu\/de\/wp-json\/wp\/v2\/product_tag?post=4061"}],"curies":[{"name":"wp","href":"https:\/\/api.w.org\/{rel}","templated":true}]}}