{"id":4064,"date":"2024-10-03T20:08:43","date_gmt":"2024-10-03T20:08:43","guid":{"rendered":"https:\/\/megapets.eu\/unkategorisiert\/starterkit-fuer-die-zucht-vonvipern-krokodilen-asseln\/"},"modified":"2024-10-03T20:08:43","modified_gmt":"2024-10-03T20:08:43","slug":"starterkit-fuer-die-zucht-vonvipern-krokodilen-asseln","status":"publish","type":"product","link":"https:\/\/megapets.eu\/de\/zubehoer\/starterkit-fuer-die-zucht-vonvipern-krokodilen-asseln\/","title":{"rendered":"Starterkit f\u00fcr die Zucht von<br \/>Vipern, Krokodilen, Asseln"},"content":{"rendered":"<p><em><span style=\"color: #424242;\"><strong>Das Set &#8222;Starter Kit f\u00fcr die Aufzucht von Vipern, Krokodilen und Asseln&#8220; enth\u00e4lt:<\/strong><\/span><\/em><\/p>\n<ul>\n<li><span style=\"color: #e87020; font-size: 17px;\"><em><strong>1 St. x Waldsubstrat 1,5 L.<\/strong><\/em><\/span><\/li>\n<\/ul>\n<p><em><span style=\"color: #424242; font-size: 15px;\"><strong>Das Waldsubstrat ist ideal f\u00fcr die Aufzucht von Krokodilen, Vipern, Asseln, Prosimianen, Culaniden und exotischen Schaben.<\/strong><\/span><\/em><\/p>\n<p><em><span style=\"color: #424242; font-size: 15px;\"><strong>Das Substrat ist feucht, immer frisch zubereitet und kann daher sofort verwendet werden. <\/strong><\/span><\/em><\/p>\n<p><em><span style=\"color: #424242; font-size: 15px;\"><strong>Substratzusammensetzung (w\u00e4rmebehandelte Zutaten): getrocknete Eichenbl\u00e4tter; Birkenbl\u00e4tter; verrottetes Eichen- und Buchenholz; Eichen- und Buchenw\u00fcrfel; neutraler Torf; Kokossubstrat; Sphagnum-Torfmoos.<\/strong><\/span><\/em><\/p>\n<ul>\n<li><span style=\"color: #e87020; font-size: 17px;\"><em><strong>1 St. x Getrocknete Birken- und Eichenbl\u00e4tter 500 ml.<\/strong><\/em><\/span><\/li>\n<\/ul>\n<p><em><span style=\"color: #424242; font-size: 15px;\"><strong>W\u00e4rmebehandelt.<\/strong><\/span><\/em><\/p>\n<ul>\n<li><span style=\"color: #e87020; font-size: 17px;\"><em><strong>1 St. x Gammarus gemahlen 25 g.<\/strong><\/em><\/span><\/li>\n<\/ul>\n<p><em><span style=\"color: #424242; font-size: 15px;\"><strong>Gammarus gemahlen ist ein getrockneter Keim, reich an Makro- und Mikroelementen, eine nat\u00fcrliche Quelle f\u00fcr tierisches Protein und Chitin. Gammarus ist ideal f\u00fcr die Zucht von exotischen Schnecken, W\u00fcrmern, Krokodilen, exotischen Kakerlaken und anderen Terrarientieren.<\/strong><\/span><\/em><\/p>\n<ul>\n<li><span style=\"color: #e87020; font-size: 17px;\"><em><strong>1 St. x Sepiast\u00fccke 250 ml.<\/strong><\/em><\/span><\/li>\n<\/ul>\n<p><em><span style=\"color: #424242; font-size: 15px;\"><strong>100% nat\u00fcrlicher Tintenfischknochen, Quelle von Kalzium f\u00fcr Terrarientiere.<\/strong><\/span><\/em><\/p>\n<ul>\n<li><span style=\"font-size: 17px; color: #e87020;\"><em><strong>1 St. x Getrocknetes Sphagnum-Torfmoos 500 ml.<\/strong><\/em><\/span><\/li>\n<\/ul>\n<p><em><span style=\"color: #424242; font-size: 15px;\"><strong>W\u00e4rmebehandelt<\/strong><\/span><\/em><\/p>\n<ul>\n<li><span style=\"font-size: 17px; color: #e87020;\"><em><strong>1-2 St. x Dekorative Ornamente.<\/strong><\/em><\/span><\/li>\n<\/ul>\n<p><em><span style=\"color: #424242; font-size: 15px;\"><strong>Das Aussehen des Ornaments wird nach dem Zufallsprinzip ausgew\u00e4hlt.<\/strong><\/span><\/em><\/p>\n<ul>\n<li><em><strong><span style=\"font-size: 17px;\"><span style=\"color: #e87020;\">1 St. x Zuchtanleitung.<\/span><\/span><\/strong><\/em><\/li>\n<\/ul>\n","protected":false},"excerpt":{"rendered":"<ul class=\"product_attributes\">\n<li><span style=\"color: #000000;\"><strong>Gut ausgew\u00e4hltes Basiszubeh\u00f6r<\/strong><\/span><\/li>\n<li><span style=\"color: #000000;\"><strong>Waldsubstrat, getrocknete Bl\u00e4tter, Sphagnum-Moos,<\/strong><\/span><\/li>\n<li><span style=\"color: #000000;\"><strong>Gammarus, Tintenfischknochen, Ornamente<\/strong><\/span><\/li>\n<\/ul>\n","protected":false},"featured_media":411,"template":"","meta":{"_acf_changed":false,"_links_to":"","_links_to_target":""},"product_cat":[71],"product_tag":[88,89,90],"class_list":{"0":"post-4064","1":"product","2":"type-product","3":"status-publish","4":"has-post-thumbnail","6":"product_cat-zubehoer","7":"product_tag-fur-die-tauschungen","8":"product_tag-fur-isopoden","9":"product_tag-fur-kakerlaken","11":"first","12":"instock","13":"shipping-taxable","14":"purchasable","15":"product-type-simple"},"acf":[],"yoast_head":"<!-- This site is optimized with the Yoast SEO plugin v24.9 - https:\/\/yoast.com\/wordpress\/plugins\/seo\/ -->\n<title>Starterkit f\u00fcr die Zucht vonVipern, Krokodilen, Asseln | MegaPets<\/title>\n<meta name=\"robots\" content=\"index, follow, max-snippet:-1, max-image-preview:large, max-video-preview:-1\" \/>\n<link rel=\"canonical\" href=\"https:\/\/megapets.eu\/de\/zubehoer\/starterkit-fuer-die-zucht-vonvipern-krokodilen-asseln\/\" \/>\n<meta property=\"og:locale\" content=\"de_DE\" \/>\n<meta property=\"og:type\" content=\"article\" \/>\n<meta property=\"og:title\" content=\"Starterkit f\u00fcr die Zucht vonVipern, Krokodilen, Asseln | MegaPets\" \/>\n<meta property=\"og:description\" content=\"Gut ausgew\u00e4hltes Basiszubeh\u00f6r  Waldsubstrat, getrocknete Bl\u00e4tter, Sphagnum-Moos,  Gammarus, Tintenfischknochen, Ornamente\" \/>\n<meta property=\"og:url\" content=\"https:\/\/megapets.eu\/de\/zubehoer\/starterkit-fuer-die-zucht-vonvipern-krokodilen-asseln\/\" \/>\n<meta property=\"og:site_name\" content=\"MegaPets\" \/>\n<meta property=\"article:publisher\" content=\"https:\/\/www.facebook.com\/MegaPets.eu\/\" \/>\n<meta property=\"og:image\" content=\"https:\/\/megapets.eu\/wp-content\/uploads\/2025\/04\/megapets_eu-info-scaled.png\" \/>\n\t<meta property=\"og:image:width\" content=\"2560\" \/>\n\t<meta property=\"og:image:height\" content=\"1735\" \/>\n\t<meta property=\"og:image:type\" content=\"image\/png\" \/>\n<meta name=\"twitter:card\" content=\"summary_large_image\" \/>\n<meta name=\"twitter:label1\" content=\"Gesch\u00e4tzte Lesezeit\" \/>\n\t<meta name=\"twitter:data1\" content=\"1\u00a0Minute\" \/>\n<script type=\"application\/ld+json\" class=\"yoast-schema-graph\">{\"@context\":\"https:\/\/schema.org\",\"@graph\":[{\"@type\":\"WebPage\",\"@id\":\"https:\/\/megapets.eu\/de\/zubehoer\/starterkit-fuer-die-zucht-vonvipern-krokodilen-asseln\/\",\"url\":\"https:\/\/megapets.eu\/de\/zubehoer\/starterkit-fuer-die-zucht-vonvipern-krokodilen-asseln\/\",\"name\":\"Starterkit f\u00fcr die Zucht von Vipern, Krokodilen, Asseln | MegaPets\",\"isPartOf\":{\"@id\":\"https:\/\/megapets.eu\/de\/#website\"},\"primaryImageOfPage\":{\"@id\":\"https:\/\/megapets.eu\/de\/zubehoer\/starterkit-fuer-die-zucht-vonvipern-krokodilen-asseln\/#primaryimage\"},\"image\":{\"@id\":\"https:\/\/megapets.eu\/de\/zubehoer\/starterkit-fuer-die-zucht-vonvipern-krokodilen-asseln\/#primaryimage\"},\"thumbnailUrl\":\"https:\/\/megapets.eu\/wp-content\/uploads\/2024\/10\/2.jpg\",\"datePublished\":\"2024-10-03T20:08:43+00:00\",\"breadcrumb\":{\"@id\":\"https:\/\/megapets.eu\/de\/zubehoer\/starterkit-fuer-die-zucht-vonvipern-krokodilen-asseln\/#breadcrumb\"},\"inLanguage\":\"de\",\"potentialAction\":[{\"@type\":\"ReadAction\",\"target\":[\"https:\/\/megapets.eu\/de\/zubehoer\/starterkit-fuer-die-zucht-vonvipern-krokodilen-asseln\/\"]}]},{\"@type\":\"ImageObject\",\"inLanguage\":\"de\",\"@id\":\"https:\/\/megapets.eu\/de\/zubehoer\/starterkit-fuer-die-zucht-vonvipern-krokodilen-asseln\/#primaryimage\",\"url\":\"https:\/\/megapets.eu\/wp-content\/uploads\/2024\/10\/2.jpg\",\"contentUrl\":\"https:\/\/megapets.eu\/wp-content\/uploads\/2024\/10\/2.jpg\",\"width\":1085,\"height\":715},{\"@type\":\"BreadcrumbList\",\"@id\":\"https:\/\/megapets.eu\/de\/zubehoer\/starterkit-fuer-die-zucht-vonvipern-krokodilen-asseln\/#breadcrumb\",\"itemListElement\":[{\"@type\":\"ListItem\",\"position\":1,\"name\":\"Strona g\u0142\u00f3wna\",\"item\":\"https:\/\/megapets.eu\/de\/startseite\/\"},{\"@type\":\"ListItem\",\"position\":2,\"name\":\"Shop\",\"item\":\"https:\/\/megapets.eu\/de\/shop\/\"},{\"@type\":\"ListItem\",\"position\":3,\"name\":\"Starterkit f\u00fcr die Zucht vonVipern, Krokodilen, Asseln\"}]},{\"@type\":\"WebSite\",\"@id\":\"https:\/\/megapets.eu\/de\/#website\",\"url\":\"https:\/\/megapets.eu\/de\/\",\"name\":\"Mega Pets\",\"description\":\"Jedna z najwi\u0119kszych hodowli \u015blimak\u00f3w w Europie\",\"publisher\":{\"@id\":\"https:\/\/megapets.eu\/de\/#organization\"},\"alternateName\":\"Mega Pets\",\"potentialAction\":[{\"@type\":\"SearchAction\",\"target\":{\"@type\":\"EntryPoint\",\"urlTemplate\":\"https:\/\/megapets.eu\/de\/?s={search_term_string}\"},\"query-input\":{\"@type\":\"PropertyValueSpecification\",\"valueRequired\":true,\"valueName\":\"search_term_string\"}}],\"inLanguage\":\"de\"},{\"@type\":\"Organization\",\"@id\":\"https:\/\/megapets.eu\/de\/#organization\",\"name\":\"Mega Pets\",\"url\":\"https:\/\/megapets.eu\/de\/\",\"logo\":{\"@type\":\"ImageObject\",\"inLanguage\":\"de\",\"@id\":\"https:\/\/megapets.eu\/de\/#\/schema\/logo\/image\/\",\"url\":\"https:\/\/megapets.eu\/wp-content\/uploads\/2025\/04\/megapets_eu-logo.png\",\"contentUrl\":\"https:\/\/megapets.eu\/wp-content\/uploads\/2025\/04\/megapets_eu-logo.png\",\"width\":2362,\"height\":2362,\"caption\":\"Mega Pets\"},\"image\":{\"@id\":\"https:\/\/megapets.eu\/de\/#\/schema\/logo\/image\/\"},\"sameAs\":[\"https:\/\/www.facebook.com\/MegaPets.eu\/\"]}]}<\/script>\n<!-- \/ Yoast SEO plugin. -->","yoast_head_json":{"title":"Starterkit f\u00fcr die Zucht vonVipern, Krokodilen, Asseln | MegaPets","robots":{"index":"index","follow":"follow","max-snippet":"max-snippet:-1","max-image-preview":"max-image-preview:large","max-video-preview":"max-video-preview:-1"},"canonical":"https:\/\/megapets.eu\/de\/zubehoer\/starterkit-fuer-die-zucht-vonvipern-krokodilen-asseln\/","og_locale":"de_DE","og_type":"article","og_title":"Starterkit f\u00fcr die Zucht vonVipern, Krokodilen, Asseln | MegaPets","og_description":"Gut ausgew\u00e4hltes Basiszubeh\u00f6r  Waldsubstrat, getrocknete Bl\u00e4tter, Sphagnum-Moos,  Gammarus, Tintenfischknochen, Ornamente","og_url":"https:\/\/megapets.eu\/de\/zubehoer\/starterkit-fuer-die-zucht-vonvipern-krokodilen-asseln\/","og_site_name":"MegaPets","article_publisher":"https:\/\/www.facebook.com\/MegaPets.eu\/","og_image":[{"width":2560,"height":1735,"url":"https:\/\/megapets.eu\/wp-content\/uploads\/2025\/04\/megapets_eu-info-scaled.png","type":"image\/png"}],"twitter_card":"summary_large_image","twitter_misc":{"Gesch\u00e4tzte Lesezeit":"1\u00a0Minute"},"schema":{"@context":"https:\/\/schema.org","@graph":[{"@type":"WebPage","@id":"https:\/\/megapets.eu\/de\/zubehoer\/starterkit-fuer-die-zucht-vonvipern-krokodilen-asseln\/","url":"https:\/\/megapets.eu\/de\/zubehoer\/starterkit-fuer-die-zucht-vonvipern-krokodilen-asseln\/","name":"Starterkit f\u00fcr die Zucht von Vipern, Krokodilen, Asseln | MegaPets","isPartOf":{"@id":"https:\/\/megapets.eu\/de\/#website"},"primaryImageOfPage":{"@id":"https:\/\/megapets.eu\/de\/zubehoer\/starterkit-fuer-die-zucht-vonvipern-krokodilen-asseln\/#primaryimage"},"image":{"@id":"https:\/\/megapets.eu\/de\/zubehoer\/starterkit-fuer-die-zucht-vonvipern-krokodilen-asseln\/#primaryimage"},"thumbnailUrl":"https:\/\/megapets.eu\/wp-content\/uploads\/2024\/10\/2.jpg","datePublished":"2024-10-03T20:08:43+00:00","breadcrumb":{"@id":"https:\/\/megapets.eu\/de\/zubehoer\/starterkit-fuer-die-zucht-vonvipern-krokodilen-asseln\/#breadcrumb"},"inLanguage":"de","potentialAction":[{"@type":"ReadAction","target":["https:\/\/megapets.eu\/de\/zubehoer\/starterkit-fuer-die-zucht-vonvipern-krokodilen-asseln\/"]}]},{"@type":"ImageObject","inLanguage":"de","@id":"https:\/\/megapets.eu\/de\/zubehoer\/starterkit-fuer-die-zucht-vonvipern-krokodilen-asseln\/#primaryimage","url":"https:\/\/megapets.eu\/wp-content\/uploads\/2024\/10\/2.jpg","contentUrl":"https:\/\/megapets.eu\/wp-content\/uploads\/2024\/10\/2.jpg","width":1085,"height":715},{"@type":"BreadcrumbList","@id":"https:\/\/megapets.eu\/de\/zubehoer\/starterkit-fuer-die-zucht-vonvipern-krokodilen-asseln\/#breadcrumb","itemListElement":[{"@type":"ListItem","position":1,"name":"Strona g\u0142\u00f3wna","item":"https:\/\/megapets.eu\/de\/startseite\/"},{"@type":"ListItem","position":2,"name":"Shop","item":"https:\/\/megapets.eu\/de\/shop\/"},{"@type":"ListItem","position":3,"name":"Starterkit f\u00fcr die Zucht vonVipern, Krokodilen, Asseln"}]},{"@type":"WebSite","@id":"https:\/\/megapets.eu\/de\/#website","url":"https:\/\/megapets.eu\/de\/","name":"Mega Pets","description":"Jedna z najwi\u0119kszych hodowli \u015blimak\u00f3w w Europie","publisher":{"@id":"https:\/\/megapets.eu\/de\/#organization"},"alternateName":"Mega Pets","potentialAction":[{"@type":"SearchAction","target":{"@type":"EntryPoint","urlTemplate":"https:\/\/megapets.eu\/de\/?s={search_term_string}"},"query-input":{"@type":"PropertyValueSpecification","valueRequired":true,"valueName":"search_term_string"}}],"inLanguage":"de"},{"@type":"Organization","@id":"https:\/\/megapets.eu\/de\/#organization","name":"Mega Pets","url":"https:\/\/megapets.eu\/de\/","logo":{"@type":"ImageObject","inLanguage":"de","@id":"https:\/\/megapets.eu\/de\/#\/schema\/logo\/image\/","url":"https:\/\/megapets.eu\/wp-content\/uploads\/2025\/04\/megapets_eu-logo.png","contentUrl":"https:\/\/megapets.eu\/wp-content\/uploads\/2025\/04\/megapets_eu-logo.png","width":2362,"height":2362,"caption":"Mega Pets"},"image":{"@id":"https:\/\/megapets.eu\/de\/#\/schema\/logo\/image\/"},"sameAs":["https:\/\/www.facebook.com\/MegaPets.eu\/"]}]}},"_links":{"self":[{"href":"https:\/\/megapets.eu\/de\/wp-json\/wp\/v2\/product\/4064","targetHints":{"allow":["GET"]}}],"collection":[{"href":"https:\/\/megapets.eu\/de\/wp-json\/wp\/v2\/product"}],"about":[{"href":"https:\/\/megapets.eu\/de\/wp-json\/wp\/v2\/types\/product"}],"wp:featuredmedia":[{"embeddable":true,"href":"https:\/\/megapets.eu\/de\/wp-json\/wp\/v2\/media\/411"}],"wp:attachment":[{"href":"https:\/\/megapets.eu\/de\/wp-json\/wp\/v2\/media?parent=4064"}],"wp:term":[{"taxonomy":"product_cat","embeddable":true,"href":"https:\/\/megapets.eu\/de\/wp-json\/wp\/v2\/product_cat?post=4064"},{"taxonomy":"product_tag","embeddable":true,"href":"https:\/\/megapets.eu\/de\/wp-json\/wp\/v2\/product_tag?post=4064"}],"curies":[{"name":"wp","href":"https:\/\/api.w.org\/{rel}","templated":true}]}}