{"id":7852,"date":"2025-06-25T05:07:58","date_gmt":"2025-06-25T05:07:58","guid":{"rendered":"https:\/\/megapets.eu\/?post_type=product&#038;p=7852"},"modified":"2025-06-25T05:13:29","modified_gmt":"2025-06-25T05:13:29","slug":"lissachatina-fulicaalbino-korper-kopia","status":"publish","type":"product","link":"https:\/\/megapets.eu\/de\/schnecken\/lissachatina-fulicaalbino-korper-kopia\/","title":{"rendered":"Lissachatina fulica<br>albino K\u00f6rper (Kopia)"},"content":{"rendered":"<p class=\"v1v1v1v1MsoNormal\"><span style=\"color: #424242;\"><strong><em><span style=\"font-size: 15px;\"><b>Spezies: <\/b><\/span><\/em><\/strong><em><span style=\"font-size: 15px;\">Lissachatina fulica<\/span><\/em><strong><em><span style=\"font-size: 15px;\"><br \/>\nFarbvariante:<\/span><\/em><\/strong><em><span style=\"font-size: 15px;\"> Albinok\u00f6rper<\/span><\/em><\/span><\/p>\n<p>&nbsp;<\/p>\n<p class=\"v1v1v1v1MsoNormal\"><span style=\"font-size: 15px;\"><strong><em><span style=\"color: #008000;\">\u2b50\u2b50\u2b50<\/span><\/em><\/strong><em><span style=\"color: #008000;\"><span style=\"color: #424242;\">  Die Art Lissachatina fulica ist eine der beliebtesten und bekanntesten afrikanischen Schnecken bei Anf\u00e4ngern. Diese Art ist aktiv und resistent gegen Zuchtfehler. Aus diesem Grund wird sie oft als erste Art empfohlen, mit der Sie Ihr Schneckenabenteuer beginnen. Der K\u00f6rper der Lissachatina fulica albino w\u00e4chst recht schnell, die Schalengr\u00f6\u00dfe eines erwachsenen Exemplars dieser Art betr\u00e4gt etwa 12-15 cm.      <\/span><\/span><\/em><\/span><\/p>\n<p class=\"v1v1v1v1MsoNormal\"><span style=\"font-size: 15px;\"><em><span style=\"color: #008000;\"><span style=\"color: #424242;\">Das erste Foto zeigt eine erwachsene Schnecke der Art Lissachatina fulica albino K\u00f6rper, das zweite Foto zeigt die Gr\u00f6\u00dfe der jungen Schnecken dieser Art, die wir anbieten.  <\/span><\/span><\/em><\/span><\/p>\n<p class=\"v1v1v1v1MsoNormal\"><span style=\"font-size: 15px;\"><em><span style=\"color: #008000;\"><img decoding=\"async\" src=\"https:\/\/static.xx.fbcdn.net\/images\/emoji.php\/v9\/tbe\/1\/16\/1f3c6.png\" alt=\"\ud83c\udfc6\"><span style=\"color: #e36a19;\">  Alle Babyschnecken stammen von unserem bekannten, registrierten Z\u00fcchter. Sie kaufen also aus einer bekannten Quelle, in der wir uns gut um die Schnecken k\u00fcmmern und die Entwicklung jeder einzelnen Schnecke sorgf\u00e4ltig \u00fcberwachen.<\/span><\/span><\/em><\/span><\/p>\n<p>&nbsp;<\/p>\n<p class=\"v1v1v1v1MsoNormal\"><span style=\"font-size: 15px; color: #424242;\"><em>Wie Sie wissen, eignen sich Kunststoffbeh\u00e4lter am besten f\u00fcr die Schneckenzucht. Die von uns vorbereiteten Beh\u00e4lter sind ideal f\u00fcr die Entwicklung eines sch\u00f6nen neuen Schneckenhauswachstums geeignet). Um bei Ihrer Bestellung Zeit zu sparen, empfehlen wir Ihnen, mit dem Starterset zu beginnen, das das Basiszubeh\u00f6r f\u00fcr einen schnellen Start Ihrer eigenen Zucht und eine Anleitung enth\u00e4lt.  <\/em><\/span><\/p>\n<p>&nbsp;<\/p>\n<p><span style=\"font-size: 15px;\"><em><span style=\"color: #008000;\"><img loading=\"lazy\" decoding=\"async\" class=\"xz74otr\" src=\"https:\/\/static.xx.fbcdn.net\/images\/emoji.php\/v9\/t1e\/1\/16\/1f33f.png\" alt=\"\ud83c\udf3f\" width=\"16\" height=\"16\">  Alles, was ein solches Tier braucht, ist frisches, reifes Obst und Gem\u00fcse, ein Zuchtgef\u00e4\u00df und Substrat (lassen Sie das Substrat nicht austrocknen, spr\u00fchen Sie das Terrarium alle 2-3 Tage ein). Auf dem t\u00e4glichen Speiseplan der Schnecke darf der Grundbaustein f\u00fcr ein sch\u00f6nes und gesundes Geh\u00e4use nicht fehlen. Nat\u00fcrliche Quellen f\u00fcr perfekt verdauliches Kalzium sind Eierschalenpulver und Sepia. \u00dcber die Ern\u00e4hrung exotischer Schnecken k\u00f6nnen Sie sich auf unserer Website informieren.  <\/span><\/em><\/span><\/p>\n<p>&nbsp;<\/p>\n","protected":false},"excerpt":{"rendered":"<ul>\n<li>Von einem nicht verwandten Paar:\n<ul>\n<li>P-<\/li>\n<\/ul>\n<\/li>\n<li>Gr\u00f6\u00dfe der Zielmuschel:\n<ul>\n<li>ca. 12-15 cm <\/li>\n<\/ul>\n<\/li>\n<li>Angebotenes junges Exemplar:\n<ul>\n<li>ca. 4-5 cm <\/li>\n<\/ul>\n<\/li>\n<li>Der Preis bezieht sich auf:\n<ul>\n<li>1 St\u00fcck<\/li>\n<\/ul>\n<\/li>\n<\/ul>\n","protected":false},"featured_media":3502,"template":"","meta":{"_acf_changed":false,"_links_to":"","_links_to_target":""},"product_cat":[69],"product_tag":[],"class_list":{"0":"post-7852","1":"product","2":"type-product","3":"status-publish","4":"has-post-thumbnail","6":"product_cat-schnecken","8":"first","9":"outofstock","10":"shipping-taxable","11":"purchasable","12":"product-type-simple"},"acf":[],"yoast_head":"<!-- This site is optimized with the Yoast SEO plugin v24.9 - https:\/\/yoast.com\/wordpress\/plugins\/seo\/ -->\n<title>Lissachatina fulicaalbino K\u00f6rper (Kopia) | MegaPets<\/title>\n<meta name=\"description\" content=\"Afrikanische Schnecken der Art Lissachatina fulica sind eine der beliebtesten und bekanntesten afrikanischen Schnecken bei Anf\u00e4ngern. Diese Art ist aktiv und resistent gegen Zuchtfehler. Aus diesem Grund wird sie oft als erste Art empfohlen, mit der Sie Ihr Schneckenabenteuer beginnen. Der K\u00f6rper der Lissachatina fulica albino w\u00e4chst recht schnell, die Schalengr\u00f6\u00dfe eines erwachsenen Exemplars dieser Art betr\u00e4gt etwa 12-15 cm.\" \/>\n<meta name=\"robots\" content=\"index, follow, max-snippet:-1, max-image-preview:large, max-video-preview:-1\" \/>\n<link rel=\"canonical\" href=\"https:\/\/megapets.eu\/de\/schnecken\/lissachatina-fulicaalbino-korper-kopia\/\" \/>\n<meta property=\"og:locale\" content=\"de_DE\" \/>\n<meta property=\"og:type\" content=\"article\" \/>\n<meta property=\"og:title\" content=\"Lissachatina fulicaalbino K\u00f6rper (Kopia) | MegaPets\" \/>\n<meta property=\"og:description\" content=\"Afrikanische Schnecken der Art Lissachatina fulica sind eine der beliebtesten und bekanntesten afrikanischen Schnecken bei Anf\u00e4ngern. Diese Art ist aktiv und resistent gegen Zuchtfehler. Aus diesem Grund wird sie oft als erste Art empfohlen, mit der Sie Ihr Schneckenabenteuer beginnen. Der K\u00f6rper der Lissachatina fulica albino w\u00e4chst recht schnell, die Schalengr\u00f6\u00dfe eines erwachsenen Exemplars dieser Art betr\u00e4gt etwa 12-15 cm.\" \/>\n<meta property=\"og:url\" content=\"https:\/\/megapets.eu\/de\/schnecken\/lissachatina-fulicaalbino-korper-kopia\/\" \/>\n<meta property=\"og:site_name\" content=\"MegaPets\" \/>\n<meta property=\"article:publisher\" content=\"https:\/\/www.facebook.com\/MegaPets.eu\/\" \/>\n<meta property=\"article:modified_time\" content=\"2025-06-25T05:13:29+00:00\" \/>\n<meta property=\"og:image\" content=\"https:\/\/megapets.eu\/wp-content\/uploads\/2025\/04\/logowj4.png\" \/>\n\t<meta property=\"og:image:width\" content=\"1198\" \/>\n\t<meta property=\"og:image:height\" content=\"796\" \/>\n\t<meta property=\"og:image:type\" content=\"image\/png\" \/>\n<meta name=\"twitter:card\" content=\"summary_large_image\" \/>\n<meta name=\"twitter:label1\" content=\"Gesch\u00e4tzte Lesezeit\" \/>\n\t<meta name=\"twitter:data1\" content=\"1\u00a0Minute\" \/>\n<script type=\"application\/ld+json\" class=\"yoast-schema-graph\">{\"@context\":\"https:\/\/schema.org\",\"@graph\":[{\"@type\":\"WebPage\",\"@id\":\"https:\/\/megapets.eu\/de\/schnecken\/lissachatina-fulicaalbino-korper-kopia\/\",\"url\":\"https:\/\/megapets.eu\/de\/schnecken\/lissachatina-fulicaalbino-korper-kopia\/\",\"name\":\"Lissachatina fulica albino K\u00f6rper (Kopia) | MegaPets\",\"isPartOf\":{\"@id\":\"https:\/\/megapets.eu\/de\/#website\"},\"primaryImageOfPage\":{\"@id\":\"https:\/\/megapets.eu\/de\/schnecken\/lissachatina-fulicaalbino-korper-kopia\/#primaryimage\"},\"image\":{\"@id\":\"https:\/\/megapets.eu\/de\/schnecken\/lissachatina-fulicaalbino-korper-kopia\/#primaryimage\"},\"thumbnailUrl\":\"https:\/\/megapets.eu\/wp-content\/uploads\/2025\/04\/Liss.-fulica-1-Ex.png\",\"datePublished\":\"2025-06-25T05:07:58+00:00\",\"dateModified\":\"2025-06-25T05:13:29+00:00\",\"description\":\"Afrikanische Schnecken der Art Lissachatina fulica sind eine der beliebtesten und bekanntesten afrikanischen Schnecken bei Anf\u00e4ngern. Diese Art ist aktiv und resistent gegen Zuchtfehler. Aus diesem Grund wird sie oft als erste Art empfohlen, mit der Sie Ihr Schneckenabenteuer beginnen. Der K\u00f6rper der Lissachatina fulica albino w\u00e4chst recht schnell, die Schalengr\u00f6\u00dfe eines erwachsenen Exemplars dieser Art betr\u00e4gt etwa 12-15 cm.\",\"breadcrumb\":{\"@id\":\"https:\/\/megapets.eu\/de\/schnecken\/lissachatina-fulicaalbino-korper-kopia\/#breadcrumb\"},\"inLanguage\":\"de\",\"potentialAction\":[{\"@type\":\"ReadAction\",\"target\":[\"https:\/\/megapets.eu\/de\/schnecken\/lissachatina-fulicaalbino-korper-kopia\/\"]}]},{\"@type\":\"ImageObject\",\"inLanguage\":\"de\",\"@id\":\"https:\/\/megapets.eu\/de\/schnecken\/lissachatina-fulicaalbino-korper-kopia\/#primaryimage\",\"url\":\"https:\/\/megapets.eu\/wp-content\/uploads\/2025\/04\/Liss.-fulica-1-Ex.png\",\"contentUrl\":\"https:\/\/megapets.eu\/wp-content\/uploads\/2025\/04\/Liss.-fulica-1-Ex.png\",\"width\":1046,\"height\":704},{\"@type\":\"BreadcrumbList\",\"@id\":\"https:\/\/megapets.eu\/de\/schnecken\/lissachatina-fulicaalbino-korper-kopia\/#breadcrumb\",\"itemListElement\":[{\"@type\":\"ListItem\",\"position\":1,\"name\":\"Strona g\u0142\u00f3wna\",\"item\":\"https:\/\/megapets.eu\/de\/startseite\/\"},{\"@type\":\"ListItem\",\"position\":2,\"name\":\"Shop\",\"item\":\"https:\/\/megapets.eu\/de\/shop\/\"},{\"@type\":\"ListItem\",\"position\":3,\"name\":\"Lissachatina fulicaalbino K\u00f6rper (Kopia)\"}]},{\"@type\":\"WebSite\",\"@id\":\"https:\/\/megapets.eu\/de\/#website\",\"url\":\"https:\/\/megapets.eu\/de\/\",\"name\":\"Mega Pets\",\"description\":\"Jedna z najwi\u0119kszych hodowli \u015blimak\u00f3w w Europie\",\"publisher\":{\"@id\":\"https:\/\/megapets.eu\/de\/#organization\"},\"alternateName\":\"Mega Pets\",\"potentialAction\":[{\"@type\":\"SearchAction\",\"target\":{\"@type\":\"EntryPoint\",\"urlTemplate\":\"https:\/\/megapets.eu\/de\/?s={search_term_string}\"},\"query-input\":{\"@type\":\"PropertyValueSpecification\",\"valueRequired\":true,\"valueName\":\"search_term_string\"}}],\"inLanguage\":\"de\"},{\"@type\":\"Organization\",\"@id\":\"https:\/\/megapets.eu\/de\/#organization\",\"name\":\"Mega Pets\",\"url\":\"https:\/\/megapets.eu\/de\/\",\"logo\":{\"@type\":\"ImageObject\",\"inLanguage\":\"de\",\"@id\":\"https:\/\/megapets.eu\/de\/#\/schema\/logo\/image\/\",\"url\":\"https:\/\/megapets.eu\/wp-content\/uploads\/2025\/04\/megapets_eu-logo.png\",\"contentUrl\":\"https:\/\/megapets.eu\/wp-content\/uploads\/2025\/04\/megapets_eu-logo.png\",\"width\":2362,\"height\":2362,\"caption\":\"Mega Pets\"},\"image\":{\"@id\":\"https:\/\/megapets.eu\/de\/#\/schema\/logo\/image\/\"},\"sameAs\":[\"https:\/\/www.facebook.com\/MegaPets.eu\/\"]}]}<\/script>\n<!-- \/ Yoast SEO plugin. -->","yoast_head_json":{"title":"Lissachatina fulicaalbino K\u00f6rper (Kopia) | MegaPets","description":"Afrikanische Schnecken der Art Lissachatina fulica sind eine der beliebtesten und bekanntesten afrikanischen Schnecken bei Anf\u00e4ngern. Diese Art ist aktiv und resistent gegen Zuchtfehler. Aus diesem Grund wird sie oft als erste Art empfohlen, mit der Sie Ihr Schneckenabenteuer beginnen. Der K\u00f6rper der Lissachatina fulica albino w\u00e4chst recht schnell, die Schalengr\u00f6\u00dfe eines erwachsenen Exemplars dieser Art betr\u00e4gt etwa 12-15 cm.","robots":{"index":"index","follow":"follow","max-snippet":"max-snippet:-1","max-image-preview":"max-image-preview:large","max-video-preview":"max-video-preview:-1"},"canonical":"https:\/\/megapets.eu\/de\/schnecken\/lissachatina-fulicaalbino-korper-kopia\/","og_locale":"de_DE","og_type":"article","og_title":"Lissachatina fulicaalbino K\u00f6rper (Kopia) | MegaPets","og_description":"Afrikanische Schnecken der Art Lissachatina fulica sind eine der beliebtesten und bekanntesten afrikanischen Schnecken bei Anf\u00e4ngern. Diese Art ist aktiv und resistent gegen Zuchtfehler. Aus diesem Grund wird sie oft als erste Art empfohlen, mit der Sie Ihr Schneckenabenteuer beginnen. Der K\u00f6rper der Lissachatina fulica albino w\u00e4chst recht schnell, die Schalengr\u00f6\u00dfe eines erwachsenen Exemplars dieser Art betr\u00e4gt etwa 12-15 cm.","og_url":"https:\/\/megapets.eu\/de\/schnecken\/lissachatina-fulicaalbino-korper-kopia\/","og_site_name":"MegaPets","article_publisher":"https:\/\/www.facebook.com\/MegaPets.eu\/","article_modified_time":"2025-06-25T05:13:29+00:00","og_image":[{"width":1198,"height":796,"url":"https:\/\/megapets.eu\/wp-content\/uploads\/2025\/04\/logowj4.png","type":"image\/png"}],"twitter_card":"summary_large_image","twitter_misc":{"Gesch\u00e4tzte Lesezeit":"1\u00a0Minute"},"schema":{"@context":"https:\/\/schema.org","@graph":[{"@type":"WebPage","@id":"https:\/\/megapets.eu\/de\/schnecken\/lissachatina-fulicaalbino-korper-kopia\/","url":"https:\/\/megapets.eu\/de\/schnecken\/lissachatina-fulicaalbino-korper-kopia\/","name":"Lissachatina fulica albino K\u00f6rper (Kopia) | MegaPets","isPartOf":{"@id":"https:\/\/megapets.eu\/de\/#website"},"primaryImageOfPage":{"@id":"https:\/\/megapets.eu\/de\/schnecken\/lissachatina-fulicaalbino-korper-kopia\/#primaryimage"},"image":{"@id":"https:\/\/megapets.eu\/de\/schnecken\/lissachatina-fulicaalbino-korper-kopia\/#primaryimage"},"thumbnailUrl":"https:\/\/megapets.eu\/wp-content\/uploads\/2025\/04\/Liss.-fulica-1-Ex.png","datePublished":"2025-06-25T05:07:58+00:00","dateModified":"2025-06-25T05:13:29+00:00","description":"Afrikanische Schnecken der Art Lissachatina fulica sind eine der beliebtesten und bekanntesten afrikanischen Schnecken bei Anf\u00e4ngern. Diese Art ist aktiv und resistent gegen Zuchtfehler. Aus diesem Grund wird sie oft als erste Art empfohlen, mit der Sie Ihr Schneckenabenteuer beginnen. Der K\u00f6rper der Lissachatina fulica albino w\u00e4chst recht schnell, die Schalengr\u00f6\u00dfe eines erwachsenen Exemplars dieser Art betr\u00e4gt etwa 12-15 cm.","breadcrumb":{"@id":"https:\/\/megapets.eu\/de\/schnecken\/lissachatina-fulicaalbino-korper-kopia\/#breadcrumb"},"inLanguage":"de","potentialAction":[{"@type":"ReadAction","target":["https:\/\/megapets.eu\/de\/schnecken\/lissachatina-fulicaalbino-korper-kopia\/"]}]},{"@type":"ImageObject","inLanguage":"de","@id":"https:\/\/megapets.eu\/de\/schnecken\/lissachatina-fulicaalbino-korper-kopia\/#primaryimage","url":"https:\/\/megapets.eu\/wp-content\/uploads\/2025\/04\/Liss.-fulica-1-Ex.png","contentUrl":"https:\/\/megapets.eu\/wp-content\/uploads\/2025\/04\/Liss.-fulica-1-Ex.png","width":1046,"height":704},{"@type":"BreadcrumbList","@id":"https:\/\/megapets.eu\/de\/schnecken\/lissachatina-fulicaalbino-korper-kopia\/#breadcrumb","itemListElement":[{"@type":"ListItem","position":1,"name":"Strona g\u0142\u00f3wna","item":"https:\/\/megapets.eu\/de\/startseite\/"},{"@type":"ListItem","position":2,"name":"Shop","item":"https:\/\/megapets.eu\/de\/shop\/"},{"@type":"ListItem","position":3,"name":"Lissachatina fulicaalbino K\u00f6rper (Kopia)"}]},{"@type":"WebSite","@id":"https:\/\/megapets.eu\/de\/#website","url":"https:\/\/megapets.eu\/de\/","name":"Mega Pets","description":"Jedna z najwi\u0119kszych hodowli \u015blimak\u00f3w w Europie","publisher":{"@id":"https:\/\/megapets.eu\/de\/#organization"},"alternateName":"Mega Pets","potentialAction":[{"@type":"SearchAction","target":{"@type":"EntryPoint","urlTemplate":"https:\/\/megapets.eu\/de\/?s={search_term_string}"},"query-input":{"@type":"PropertyValueSpecification","valueRequired":true,"valueName":"search_term_string"}}],"inLanguage":"de"},{"@type":"Organization","@id":"https:\/\/megapets.eu\/de\/#organization","name":"Mega Pets","url":"https:\/\/megapets.eu\/de\/","logo":{"@type":"ImageObject","inLanguage":"de","@id":"https:\/\/megapets.eu\/de\/#\/schema\/logo\/image\/","url":"https:\/\/megapets.eu\/wp-content\/uploads\/2025\/04\/megapets_eu-logo.png","contentUrl":"https:\/\/megapets.eu\/wp-content\/uploads\/2025\/04\/megapets_eu-logo.png","width":2362,"height":2362,"caption":"Mega Pets"},"image":{"@id":"https:\/\/megapets.eu\/de\/#\/schema\/logo\/image\/"},"sameAs":["https:\/\/www.facebook.com\/MegaPets.eu\/"]}]}},"_links":{"self":[{"href":"https:\/\/megapets.eu\/de\/wp-json\/wp\/v2\/product\/7852","targetHints":{"allow":["GET"]}}],"collection":[{"href":"https:\/\/megapets.eu\/de\/wp-json\/wp\/v2\/product"}],"about":[{"href":"https:\/\/megapets.eu\/de\/wp-json\/wp\/v2\/types\/product"}],"wp:featuredmedia":[{"embeddable":true,"href":"https:\/\/megapets.eu\/de\/wp-json\/wp\/v2\/media\/3502"}],"wp:attachment":[{"href":"https:\/\/megapets.eu\/de\/wp-json\/wp\/v2\/media?parent=7852"}],"wp:term":[{"taxonomy":"product_cat","embeddable":true,"href":"https:\/\/megapets.eu\/de\/wp-json\/wp\/v2\/product_cat?post=7852"},{"taxonomy":"product_tag","embeddable":true,"href":"https:\/\/megapets.eu\/de\/wp-json\/wp\/v2\/product_tag?post=7852"}],"curies":[{"name":"wp","href":"https:\/\/api.w.org\/{rel}","templated":true}]}}