{"id":9568,"date":"2025-07-09T06:39:32","date_gmt":"2025-07-09T06:39:32","guid":{"rendered":"https:\/\/megapets.eu\/?post_type=product&#038;p=9568"},"modified":"2025-07-09T06:49:10","modified_gmt":"2025-07-09T06:49:10","slug":"coromus-diaphorusgoldrandtausendfusler-kopia","status":"publish","type":"product","link":"https:\/\/megapets.eu\/de\/miriapoden\/coromus-diaphorusgoldrandtausendfusler-kopia\/","title":{"rendered":"Coromus diaphorus<br>\u201eGoldrandtausendf\u00fc\u00dfler\u201c (Kopia)"},"content":{"rendered":"<p class=\"v1v1v1v1MsoNormal\"><span style=\"color: #d94890;\"><strong><em><span style=\"font-size: 15px;\"><span style=\"color: #424242;\">Spezies:<\/span> <span style=\"color: #ff6600;\"><span style=\"color: #333333;\">Coromus diaphorus Wirbel \u201e<\/span><span style=\"color: #ff9900;\">Goldrand<\/span> <span style=\"color: #333333;\">Tausendf\u00fc\u00dfler\u201c.<\/span><\/span><\/span><\/em><\/strong><\/span><\/p>\n<p class=\"v1v1v1v1MsoNormal\"><span style=\"color: #424242;\"><strong><em><span style=\"font-size: 15px;\">Sie sind pflegeleicht und eignen sich daher hervorragend f\u00fcr Anf\u00e4nger.<\/span><\/em><\/strong><\/span><\/p>\n<p><span style=\"color: #d94890;\"><strong><em><span style=\"font-size: 15px;\"><span style=\"color: #333333;\">Coromus diaphorus <\/span><span style=\"color: #ff6600;\"><span style=\"color: #333333;\">\u201e<\/span><span style=\"color: #ff9900;\">Goldrand<\/span><\/span> <span style=\"color: #333333;\">Tausendf\u00fc\u00dfler\u201c <\/span><\/span><\/em><\/strong><\/span><span style=\"color: #333333;\"><strong><em><span style=\"font-size: 15px;\">sind gro\u00dfe bezaubernde Wirbel von gold-schwarzer F\u00e4rbung.<\/span><\/em><\/strong><\/span><\/p>\n<p class=\"v1v1v1v1MsoNormal\"><span style=\"color: #424242;\"><em>\ud83d\udc9b\ud83d\udc9b\ud83d\udc9b<\/em> <strong><em><span style=\"font-size: 15px;\">Suchen Sie etwas Cooles zum Z\u00fcchten f\u00fcr den Anfang? <span style=\"color: #d94890;\"><span style=\"color: #333333;\">Coromus diaphorus <\/span><span style=\"color: #ff6600;\"><span style=\"color: #333333;\">\u201e<\/span><span style=\"color: #ff9900;\">Goldrand<\/span><\/span> <span style=\"color: #333333;\">Tausendf\u00fc\u00dfler\u201c<\/span><\/span><\/span><\/em><\/strong><\/span><span style=\"color: #333333;\"><strong><em><span style=\"font-size: 15px;\"> <span style=\"color: #333333;\">  sind gro\u00dfe Wirbelwinde mit gold-schwarzer F\u00e4rbung, ausgewachsen etwa 8 cm gro\u00df. Coromus diaphorus Wirbelwinde sind sch\u00f6ne und leicht zu haltende Kreaturen, die f\u00fcr Menschen v\u00f6llig ungef\u00e4hrlich sind und nicht bei\u00dfen. Sie haben schwache Kiefer, die an das Zerkleinern von Pflanzenmaterial angepasst sind. Die Wirbelwinde bevorzugen feuchte Orte, leben in der obersten Schicht des Substrats und ern\u00e4hren sich von Bl\u00e4ttern, einem Mehrkomponentensubstrat, das f\u00fcr Krokodile und Vipern entwickelt wurde, sowie von Gem\u00fcse und Obst.     <\/span><\/span><\/em><\/strong><\/span><\/p>\n","protected":false},"excerpt":{"rendered":"<ul>\n<li>Zielgr\u00f6\u00dfe:\n<ul>\n<li>ungef\u00e4hr 8 cm<\/li>\n<\/ul>\n<\/li>\n<li>Angebotenes junges Exemplar:\n<ul>\n<li>ca. 2-3 cm <\/li>\n<\/ul>\n<\/li>\n<li>Der Preis bezieht sich auf:\n<ul>\n<li>1 St\u00fcck<\/li>\n<\/ul>\n<\/li>\n<\/ul>\n","protected":false},"featured_media":9591,"template":"","meta":{"_acf_changed":false,"_links_to":"","_links_to_target":""},"product_cat":[74],"product_tag":[],"class_list":{"0":"post-9568","1":"product","2":"type-product","3":"status-publish","4":"has-post-thumbnail","6":"product_cat-miriapoden","8":"first","9":"outofstock","10":"shipping-taxable","11":"purchasable","12":"product-type-simple"},"acf":[],"yoast_head":"<!-- This site is optimized with the Yoast SEO plugin v24.9 - https:\/\/yoast.com\/wordpress\/plugins\/seo\/ -->\n<title>Coromus diaphorus\u201eGoldrandtausendf\u00fc\u00dfler\u201c (Kopia) | MegaPets<\/title>\n<meta name=\"robots\" content=\"index, follow, max-snippet:-1, max-image-preview:large, max-video-preview:-1\" \/>\n<link rel=\"canonical\" href=\"https:\/\/megapets.eu\/de\/miriapoden\/coromus-diaphorusgoldrandtausendfusler-kopia\/\" \/>\n<meta property=\"og:locale\" content=\"de_DE\" \/>\n<meta property=\"og:type\" content=\"article\" \/>\n<meta property=\"og:title\" content=\"Coromus diaphorus\u201eGoldrandtausendf\u00fc\u00dfler\u201c (Kopia) | MegaPets\" \/>\n<meta property=\"og:description\" content=\"Zielgr\u00f6\u00dfe:  ungef\u00e4hr 8 cm   Angebotenes junges Exemplar:  ca. 2-3 cm   Der Preis bezieht sich auf:  1 St\u00fcck\" \/>\n<meta property=\"og:url\" content=\"https:\/\/megapets.eu\/de\/miriapoden\/coromus-diaphorusgoldrandtausendfusler-kopia\/\" \/>\n<meta property=\"og:site_name\" content=\"MegaPets\" \/>\n<meta property=\"article:publisher\" content=\"https:\/\/www.facebook.com\/MegaPets.eu\/\" \/>\n<meta property=\"article:modified_time\" content=\"2025-07-09T06:49:10+00:00\" \/>\n<meta property=\"og:image\" content=\"https:\/\/megapets.eu\/wp-content\/uploads\/2025\/07\/876543.png\" \/>\n\t<meta property=\"og:image:width\" content=\"1048\" \/>\n\t<meta property=\"og:image:height\" content=\"691\" \/>\n\t<meta property=\"og:image:type\" content=\"image\/png\" \/>\n<meta name=\"twitter:card\" content=\"summary_large_image\" \/>\n<meta name=\"twitter:label1\" content=\"Gesch\u00e4tzte Lesezeit\" \/>\n\t<meta name=\"twitter:data1\" content=\"1\u00a0Minute\" \/>\n<script type=\"application\/ld+json\" class=\"yoast-schema-graph\">{\"@context\":\"https:\/\/schema.org\",\"@graph\":[{\"@type\":\"WebPage\",\"@id\":\"https:\/\/megapets.eu\/de\/miriapoden\/coromus-diaphorusgoldrandtausendfusler-kopia\/\",\"url\":\"https:\/\/megapets.eu\/de\/miriapoden\/coromus-diaphorusgoldrandtausendfusler-kopia\/\",\"name\":\"Coromus diaphorus \u201eGoldrandtausendf\u00fc\u00dfler\u201c (Kopia) | MegaPets\",\"isPartOf\":{\"@id\":\"https:\/\/megapets.eu\/de\/#website\"},\"primaryImageOfPage\":{\"@id\":\"https:\/\/megapets.eu\/de\/miriapoden\/coromus-diaphorusgoldrandtausendfusler-kopia\/#primaryimage\"},\"image\":{\"@id\":\"https:\/\/megapets.eu\/de\/miriapoden\/coromus-diaphorusgoldrandtausendfusler-kopia\/#primaryimage\"},\"thumbnailUrl\":\"https:\/\/megapets.eu\/wp-content\/uploads\/2025\/07\/7654.png\",\"datePublished\":\"2025-07-09T06:39:32+00:00\",\"dateModified\":\"2025-07-09T06:49:10+00:00\",\"breadcrumb\":{\"@id\":\"https:\/\/megapets.eu\/de\/miriapoden\/coromus-diaphorusgoldrandtausendfusler-kopia\/#breadcrumb\"},\"inLanguage\":\"de\",\"potentialAction\":[{\"@type\":\"ReadAction\",\"target\":[\"https:\/\/megapets.eu\/de\/miriapoden\/coromus-diaphorusgoldrandtausendfusler-kopia\/\"]}]},{\"@type\":\"ImageObject\",\"inLanguage\":\"de\",\"@id\":\"https:\/\/megapets.eu\/de\/miriapoden\/coromus-diaphorusgoldrandtausendfusler-kopia\/#primaryimage\",\"url\":\"https:\/\/megapets.eu\/wp-content\/uploads\/2025\/07\/7654.png\",\"contentUrl\":\"https:\/\/megapets.eu\/wp-content\/uploads\/2025\/07\/7654.png\",\"width\":1049,\"height\":689},{\"@type\":\"BreadcrumbList\",\"@id\":\"https:\/\/megapets.eu\/de\/miriapoden\/coromus-diaphorusgoldrandtausendfusler-kopia\/#breadcrumb\",\"itemListElement\":[{\"@type\":\"ListItem\",\"position\":1,\"name\":\"Strona g\u0142\u00f3wna\",\"item\":\"https:\/\/megapets.eu\/de\/startseite\/\"},{\"@type\":\"ListItem\",\"position\":2,\"name\":\"Shop\",\"item\":\"https:\/\/megapets.eu\/de\/shop\/\"},{\"@type\":\"ListItem\",\"position\":3,\"name\":\"Coromus diaphorus\u201eGoldrandtausendf\u00fc\u00dfler\u201c (Kopia)\"}]},{\"@type\":\"WebSite\",\"@id\":\"https:\/\/megapets.eu\/de\/#website\",\"url\":\"https:\/\/megapets.eu\/de\/\",\"name\":\"Mega Pets\",\"description\":\"Jedna z najwi\u0119kszych hodowli \u015blimak\u00f3w w Europie\",\"publisher\":{\"@id\":\"https:\/\/megapets.eu\/de\/#organization\"},\"alternateName\":\"Mega Pets\",\"potentialAction\":[{\"@type\":\"SearchAction\",\"target\":{\"@type\":\"EntryPoint\",\"urlTemplate\":\"https:\/\/megapets.eu\/de\/?s={search_term_string}\"},\"query-input\":{\"@type\":\"PropertyValueSpecification\",\"valueRequired\":true,\"valueName\":\"search_term_string\"}}],\"inLanguage\":\"de\"},{\"@type\":\"Organization\",\"@id\":\"https:\/\/megapets.eu\/de\/#organization\",\"name\":\"Mega Pets\",\"url\":\"https:\/\/megapets.eu\/de\/\",\"logo\":{\"@type\":\"ImageObject\",\"inLanguage\":\"de\",\"@id\":\"https:\/\/megapets.eu\/de\/#\/schema\/logo\/image\/\",\"url\":\"https:\/\/megapets.eu\/wp-content\/uploads\/2025\/04\/megapets_eu-logo.png\",\"contentUrl\":\"https:\/\/megapets.eu\/wp-content\/uploads\/2025\/04\/megapets_eu-logo.png\",\"width\":2362,\"height\":2362,\"caption\":\"Mega Pets\"},\"image\":{\"@id\":\"https:\/\/megapets.eu\/de\/#\/schema\/logo\/image\/\"},\"sameAs\":[\"https:\/\/www.facebook.com\/MegaPets.eu\/\"]}]}<\/script>\n<!-- \/ Yoast SEO plugin. -->","yoast_head_json":{"title":"Coromus diaphorus\u201eGoldrandtausendf\u00fc\u00dfler\u201c (Kopia) | MegaPets","robots":{"index":"index","follow":"follow","max-snippet":"max-snippet:-1","max-image-preview":"max-image-preview:large","max-video-preview":"max-video-preview:-1"},"canonical":"https:\/\/megapets.eu\/de\/miriapoden\/coromus-diaphorusgoldrandtausendfusler-kopia\/","og_locale":"de_DE","og_type":"article","og_title":"Coromus diaphorus\u201eGoldrandtausendf\u00fc\u00dfler\u201c (Kopia) | MegaPets","og_description":"Zielgr\u00f6\u00dfe:  ungef\u00e4hr 8 cm   Angebotenes junges Exemplar:  ca. 2-3 cm   Der Preis bezieht sich auf:  1 St\u00fcck","og_url":"https:\/\/megapets.eu\/de\/miriapoden\/coromus-diaphorusgoldrandtausendfusler-kopia\/","og_site_name":"MegaPets","article_publisher":"https:\/\/www.facebook.com\/MegaPets.eu\/","article_modified_time":"2025-07-09T06:49:10+00:00","og_image":[{"width":1048,"height":691,"url":"https:\/\/megapets.eu\/wp-content\/uploads\/2025\/07\/876543.png","type":"image\/png"}],"twitter_card":"summary_large_image","twitter_misc":{"Gesch\u00e4tzte Lesezeit":"1\u00a0Minute"},"schema":{"@context":"https:\/\/schema.org","@graph":[{"@type":"WebPage","@id":"https:\/\/megapets.eu\/de\/miriapoden\/coromus-diaphorusgoldrandtausendfusler-kopia\/","url":"https:\/\/megapets.eu\/de\/miriapoden\/coromus-diaphorusgoldrandtausendfusler-kopia\/","name":"Coromus diaphorus \u201eGoldrandtausendf\u00fc\u00dfler\u201c (Kopia) | MegaPets","isPartOf":{"@id":"https:\/\/megapets.eu\/de\/#website"},"primaryImageOfPage":{"@id":"https:\/\/megapets.eu\/de\/miriapoden\/coromus-diaphorusgoldrandtausendfusler-kopia\/#primaryimage"},"image":{"@id":"https:\/\/megapets.eu\/de\/miriapoden\/coromus-diaphorusgoldrandtausendfusler-kopia\/#primaryimage"},"thumbnailUrl":"https:\/\/megapets.eu\/wp-content\/uploads\/2025\/07\/7654.png","datePublished":"2025-07-09T06:39:32+00:00","dateModified":"2025-07-09T06:49:10+00:00","breadcrumb":{"@id":"https:\/\/megapets.eu\/de\/miriapoden\/coromus-diaphorusgoldrandtausendfusler-kopia\/#breadcrumb"},"inLanguage":"de","potentialAction":[{"@type":"ReadAction","target":["https:\/\/megapets.eu\/de\/miriapoden\/coromus-diaphorusgoldrandtausendfusler-kopia\/"]}]},{"@type":"ImageObject","inLanguage":"de","@id":"https:\/\/megapets.eu\/de\/miriapoden\/coromus-diaphorusgoldrandtausendfusler-kopia\/#primaryimage","url":"https:\/\/megapets.eu\/wp-content\/uploads\/2025\/07\/7654.png","contentUrl":"https:\/\/megapets.eu\/wp-content\/uploads\/2025\/07\/7654.png","width":1049,"height":689},{"@type":"BreadcrumbList","@id":"https:\/\/megapets.eu\/de\/miriapoden\/coromus-diaphorusgoldrandtausendfusler-kopia\/#breadcrumb","itemListElement":[{"@type":"ListItem","position":1,"name":"Strona g\u0142\u00f3wna","item":"https:\/\/megapets.eu\/de\/startseite\/"},{"@type":"ListItem","position":2,"name":"Shop","item":"https:\/\/megapets.eu\/de\/shop\/"},{"@type":"ListItem","position":3,"name":"Coromus diaphorus\u201eGoldrandtausendf\u00fc\u00dfler\u201c (Kopia)"}]},{"@type":"WebSite","@id":"https:\/\/megapets.eu\/de\/#website","url":"https:\/\/megapets.eu\/de\/","name":"Mega Pets","description":"Jedna z najwi\u0119kszych hodowli \u015blimak\u00f3w w Europie","publisher":{"@id":"https:\/\/megapets.eu\/de\/#organization"},"alternateName":"Mega Pets","potentialAction":[{"@type":"SearchAction","target":{"@type":"EntryPoint","urlTemplate":"https:\/\/megapets.eu\/de\/?s={search_term_string}"},"query-input":{"@type":"PropertyValueSpecification","valueRequired":true,"valueName":"search_term_string"}}],"inLanguage":"de"},{"@type":"Organization","@id":"https:\/\/megapets.eu\/de\/#organization","name":"Mega Pets","url":"https:\/\/megapets.eu\/de\/","logo":{"@type":"ImageObject","inLanguage":"de","@id":"https:\/\/megapets.eu\/de\/#\/schema\/logo\/image\/","url":"https:\/\/megapets.eu\/wp-content\/uploads\/2025\/04\/megapets_eu-logo.png","contentUrl":"https:\/\/megapets.eu\/wp-content\/uploads\/2025\/04\/megapets_eu-logo.png","width":2362,"height":2362,"caption":"Mega Pets"},"image":{"@id":"https:\/\/megapets.eu\/de\/#\/schema\/logo\/image\/"},"sameAs":["https:\/\/www.facebook.com\/MegaPets.eu\/"]}]}},"_links":{"self":[{"href":"https:\/\/megapets.eu\/de\/wp-json\/wp\/v2\/product\/9568","targetHints":{"allow":["GET"]}}],"collection":[{"href":"https:\/\/megapets.eu\/de\/wp-json\/wp\/v2\/product"}],"about":[{"href":"https:\/\/megapets.eu\/de\/wp-json\/wp\/v2\/types\/product"}],"wp:featuredmedia":[{"embeddable":true,"href":"https:\/\/megapets.eu\/de\/wp-json\/wp\/v2\/media\/9591"}],"wp:attachment":[{"href":"https:\/\/megapets.eu\/de\/wp-json\/wp\/v2\/media?parent=9568"}],"wp:term":[{"taxonomy":"product_cat","embeddable":true,"href":"https:\/\/megapets.eu\/de\/wp-json\/wp\/v2\/product_cat?post=9568"},{"taxonomy":"product_tag","embeddable":true,"href":"https:\/\/megapets.eu\/de\/wp-json\/wp\/v2\/product_tag?post=9568"}],"curies":[{"name":"wp","href":"https:\/\/api.w.org\/{rel}","templated":true}]}}