{"id":3584,"date":"2024-10-08T15:55:30","date_gmt":"2024-10-08T15:55:30","guid":{"rendered":"https:\/\/megapets.eu\/isopod-breeding\/"},"modified":"2025-05-30T06:13:31","modified_gmt":"2025-05-30T06:13:31","slug":"isopod-breeding","status":"publish","type":"page","link":"https:\/\/megapets.eu\/en\/isopod-breeding\/","title":{"rendered":"Isopod breeding"},"content":{"rendered":"<div class=\"wpb-content-wrapper\"><p>[vc_row][vc_column][vc_column_text css=&#8221;&#8221;]<div class=\"_df_book df-container df-loading \"  data-slug=\"instrukcja-wije\" data-_slug=\"instrukcja-wije\" _slug=\"instrukcja-wije\" data-title=\"instrukcja-wije-oraz-isopody\" id=\"df_2129\" data-df-option=\"df_option_2129\" ><\/div><script class=\"df-shortcode-script\" nowprocket type=\"application\/javascript\">window.df_option_2129 = {\"source\":\"https:\\\/\\\/megapets.eu\\\/wp-content\\\/uploads\\\/2025\\\/02\\\/Wije-oraz-Isopody.pdf\",\"outline\":[],\"backgroundColor\":\"#fff\",\"autoEnableOutline\":false,\"autoEnableThumbnail\":false,\"overwritePDFOutline\":false,\"showDownloadControl\":false,\"pageSize\":\"0\",\"direction\":\"1\",\"slug\":\"instrukcja-wije\",\"wpOptions\":\"true\",\"id\":2129}; if(window.DFLIP && window.DFLIP.parseBooks){window.DFLIP.parseBooks();}<\/script>[\/vc_column_text][\/vc_column][\/vc_row]<\/p>\n<\/div>","protected":false},"excerpt":{"rendered":"<p>[vc_row][vc_column][vc_column_text css=&#8221;&#8221;][\/vc_column_text][\/vc_column][\/vc_row]<\/p>\n","protected":false},"author":4,"featured_media":0,"parent":0,"menu_order":0,"comment_status":"closed","ping_status":"closed","template":"","meta":{"_acf_changed":false,"footnotes":"","_links_to":"","_links_to_target":""},"class_list":["post-3584","page","type-page","status-publish","hentry"],"acf":[],"yoast_head":"<!-- This site is optimized with the Yoast SEO plugin v24.9 - https:\/\/yoast.com\/wordpress\/plugins\/seo\/ -->\n<title>Isopod breeding | MegaPets<\/title>\n<meta name=\"robots\" content=\"index, follow, max-snippet:-1, max-image-preview:large, max-video-preview:-1\" \/>\n<link rel=\"canonical\" href=\"https:\/\/megapets.eu\/en\/isopod-breeding\/\" \/>\n<meta property=\"og:locale\" content=\"en_US\" \/>\n<meta property=\"og:type\" content=\"article\" \/>\n<meta property=\"og:title\" content=\"Isopod breeding | MegaPets\" \/>\n<meta property=\"og:description\" content=\"[vc_row][vc_column][vc_column_text css=&#8221;&#8221;][\/vc_column_text][\/vc_column][\/vc_row]\" \/>\n<meta property=\"og:url\" content=\"https:\/\/megapets.eu\/en\/isopod-breeding\/\" \/>\n<meta property=\"og:site_name\" content=\"MegaPets\" \/>\n<meta property=\"article:publisher\" content=\"https:\/\/www.facebook.com\/MegaPets.eu\/\" \/>\n<meta property=\"article:modified_time\" content=\"2025-05-30T06:13:31+00:00\" \/>\n<meta property=\"og:image\" content=\"https:\/\/megapets.eu\/wp-content\/uploads\/2025\/04\/megapets_eu-info-scaled.png\" \/>\n\t<meta property=\"og:image:width\" content=\"2560\" \/>\n\t<meta property=\"og:image:height\" content=\"1735\" \/>\n\t<meta property=\"og:image:type\" content=\"image\/png\" \/>\n<meta name=\"twitter:card\" content=\"summary_large_image\" \/>\n<script type=\"application\/ld+json\" class=\"yoast-schema-graph\">{\"@context\":\"https:\/\/schema.org\",\"@graph\":[{\"@type\":\"WebPage\",\"@id\":\"https:\/\/megapets.eu\/en\/isopod-breeding\/\",\"url\":\"https:\/\/megapets.eu\/en\/isopod-breeding\/\",\"name\":\"Isopod breeding | MegaPets\",\"isPartOf\":{\"@id\":\"https:\/\/megapets.eu\/en\/#website\"},\"datePublished\":\"2024-10-08T15:55:30+00:00\",\"dateModified\":\"2025-05-30T06:13:31+00:00\",\"breadcrumb\":{\"@id\":\"https:\/\/megapets.eu\/en\/isopod-breeding\/#breadcrumb\"},\"inLanguage\":\"en-US\",\"potentialAction\":[{\"@type\":\"ReadAction\",\"target\":[\"https:\/\/megapets.eu\/en\/isopod-breeding\/\"]}]},{\"@type\":\"BreadcrumbList\",\"@id\":\"https:\/\/megapets.eu\/en\/isopod-breeding\/#breadcrumb\",\"itemListElement\":[{\"@type\":\"ListItem\",\"position\":1,\"name\":\"Homepage\",\"item\":\"https:\/\/megapets.eu\/en\/home\/\"},{\"@type\":\"ListItem\",\"position\":2,\"name\":\"Isopod breeding\"}]},{\"@type\":\"WebSite\",\"@id\":\"https:\/\/megapets.eu\/en\/#website\",\"url\":\"https:\/\/megapets.eu\/en\/\",\"name\":\"Mega Pets\",\"description\":\"Jedna z najwi\u0119kszych hodowli \u015blimak\u00f3w w Europie\",\"publisher\":{\"@id\":\"https:\/\/megapets.eu\/en\/#organization\"},\"alternateName\":\"Mega Pets\",\"potentialAction\":[{\"@type\":\"SearchAction\",\"target\":{\"@type\":\"EntryPoint\",\"urlTemplate\":\"https:\/\/megapets.eu\/en\/?s={search_term_string}\"},\"query-input\":{\"@type\":\"PropertyValueSpecification\",\"valueRequired\":true,\"valueName\":\"search_term_string\"}}],\"inLanguage\":\"en-US\"},{\"@type\":\"Organization\",\"@id\":\"https:\/\/megapets.eu\/en\/#organization\",\"name\":\"Mega Pets\",\"url\":\"https:\/\/megapets.eu\/en\/\",\"logo\":{\"@type\":\"ImageObject\",\"inLanguage\":\"en-US\",\"@id\":\"https:\/\/megapets.eu\/en\/#\/schema\/logo\/image\/\",\"url\":\"https:\/\/megapets.eu\/wp-content\/uploads\/2025\/04\/megapets_eu-logo.png\",\"contentUrl\":\"https:\/\/megapets.eu\/wp-content\/uploads\/2025\/04\/megapets_eu-logo.png\",\"width\":2362,\"height\":2362,\"caption\":\"Mega Pets\"},\"image\":{\"@id\":\"https:\/\/megapets.eu\/en\/#\/schema\/logo\/image\/\"},\"sameAs\":[\"https:\/\/www.facebook.com\/MegaPets.eu\/\"]}]}<\/script>\n<!-- \/ Yoast SEO plugin. -->","yoast_head_json":{"title":"Isopod breeding | MegaPets","robots":{"index":"index","follow":"follow","max-snippet":"max-snippet:-1","max-image-preview":"max-image-preview:large","max-video-preview":"max-video-preview:-1"},"canonical":"https:\/\/megapets.eu\/en\/isopod-breeding\/","og_locale":"en_US","og_type":"article","og_title":"Isopod breeding | MegaPets","og_description":"[vc_row][vc_column][vc_column_text css=&#8221;&#8221;][\/vc_column_text][\/vc_column][\/vc_row]","og_url":"https:\/\/megapets.eu\/en\/isopod-breeding\/","og_site_name":"MegaPets","article_publisher":"https:\/\/www.facebook.com\/MegaPets.eu\/","article_modified_time":"2025-05-30T06:13:31+00:00","og_image":[{"width":2560,"height":1735,"url":"https:\/\/megapets.eu\/wp-content\/uploads\/2025\/04\/megapets_eu-info-scaled.png","type":"image\/png"}],"twitter_card":"summary_large_image","schema":{"@context":"https:\/\/schema.org","@graph":[{"@type":"WebPage","@id":"https:\/\/megapets.eu\/en\/isopod-breeding\/","url":"https:\/\/megapets.eu\/en\/isopod-breeding\/","name":"Isopod breeding | MegaPets","isPartOf":{"@id":"https:\/\/megapets.eu\/en\/#website"},"datePublished":"2024-10-08T15:55:30+00:00","dateModified":"2025-05-30T06:13:31+00:00","breadcrumb":{"@id":"https:\/\/megapets.eu\/en\/isopod-breeding\/#breadcrumb"},"inLanguage":"en-US","potentialAction":[{"@type":"ReadAction","target":["https:\/\/megapets.eu\/en\/isopod-breeding\/"]}]},{"@type":"BreadcrumbList","@id":"https:\/\/megapets.eu\/en\/isopod-breeding\/#breadcrumb","itemListElement":[{"@type":"ListItem","position":1,"name":"Homepage","item":"https:\/\/megapets.eu\/en\/home\/"},{"@type":"ListItem","position":2,"name":"Isopod breeding"}]},{"@type":"WebSite","@id":"https:\/\/megapets.eu\/en\/#website","url":"https:\/\/megapets.eu\/en\/","name":"Mega Pets","description":"Jedna z najwi\u0119kszych hodowli \u015blimak\u00f3w w Europie","publisher":{"@id":"https:\/\/megapets.eu\/en\/#organization"},"alternateName":"Mega Pets","potentialAction":[{"@type":"SearchAction","target":{"@type":"EntryPoint","urlTemplate":"https:\/\/megapets.eu\/en\/?s={search_term_string}"},"query-input":{"@type":"PropertyValueSpecification","valueRequired":true,"valueName":"search_term_string"}}],"inLanguage":"en-US"},{"@type":"Organization","@id":"https:\/\/megapets.eu\/en\/#organization","name":"Mega Pets","url":"https:\/\/megapets.eu\/en\/","logo":{"@type":"ImageObject","inLanguage":"en-US","@id":"https:\/\/megapets.eu\/en\/#\/schema\/logo\/image\/","url":"https:\/\/megapets.eu\/wp-content\/uploads\/2025\/04\/megapets_eu-logo.png","contentUrl":"https:\/\/megapets.eu\/wp-content\/uploads\/2025\/04\/megapets_eu-logo.png","width":2362,"height":2362,"caption":"Mega Pets"},"image":{"@id":"https:\/\/megapets.eu\/en\/#\/schema\/logo\/image\/"},"sameAs":["https:\/\/www.facebook.com\/MegaPets.eu\/"]}]}},"_links":{"self":[{"href":"https:\/\/megapets.eu\/en\/wp-json\/wp\/v2\/pages\/3584","targetHints":{"allow":["GET"]}}],"collection":[{"href":"https:\/\/megapets.eu\/en\/wp-json\/wp\/v2\/pages"}],"about":[{"href":"https:\/\/megapets.eu\/en\/wp-json\/wp\/v2\/types\/page"}],"author":[{"embeddable":true,"href":"https:\/\/megapets.eu\/en\/wp-json\/wp\/v2\/users\/4"}],"replies":[{"embeddable":true,"href":"https:\/\/megapets.eu\/en\/wp-json\/wp\/v2\/comments?post=3584"}],"version-history":[{"count":1,"href":"https:\/\/megapets.eu\/en\/wp-json\/wp\/v2\/pages\/3584\/revisions"}],"predecessor-version":[{"id":3585,"href":"https:\/\/megapets.eu\/en\/wp-json\/wp\/v2\/pages\/3584\/revisions\/3585"}],"wp:attachment":[{"href":"https:\/\/megapets.eu\/en\/wp-json\/wp\/v2\/media?parent=3584"}],"curies":[{"name":"wp","href":"https:\/\/api.w.org\/{rel}","templated":true}]}}