{"id":10210,"date":"2025-08-13T11:45:27","date_gmt":"2025-08-13T11:45:27","guid":{"rendered":"https:\/\/megapets.eu\/?post_type=product&#038;p=10210"},"modified":"2025-08-26T09:09:03","modified_gmt":"2025-08-26T09:09:03","slug":"archachatina-marginata-icterica-standard-f1","status":"publish","type":"product","link":"https:\/\/megapets.eu\/en\/import-and-adult\/archachatina-marginata-icterica-standard-f1\/","title":{"rendered":"Archachatina marginata icterica <br \/> standard F1"},"content":{"rendered":"<p><strong><em>Species:\u00a0<\/em><\/strong><em>Archachatina marginata icterica<\/em><strong><em>\u00a0Color variety:<\/em><\/strong><em>\u00a0standard<\/em><\/p>\n<p><strong><em>\u00a0<\/em><\/strong><em>Offered young specimens of the best generation &#8211; CB1.F1, from an unrelated parental pair WC\/LTC. The snails have an initial pedigree.<\/em><\/p>\n<p><em>\u00a0Another pride of our breeding, the contrasting and eye-catching Archachatina marginata icterica snails with bright yellow shells. The snails of the Archachatina marginata icterica subspecies have a lighter, straw yellow shade of shell compared to individuals of Archachatina marginata ssp. \u201cCross River\u201d. The surface of the shell is elegantly embellished with orange, narrow stripes of varying color saturation. Thanks to these striking rays, the shells of snails of this subspecies acquire a unique, sunny appearance. Archachatina marginata icterica &#8211; a very rare species, columella in white, often and correctly with a shade of blue\u00a0, (on some specimens you can see faint traces of yellow shade\u00a0<span class=\"x1xsqp64 xiy17q3 x1o6pynw x19co3pv xdj266r xcwd3tp xat24cr x39eecv x2b8uid\" data-testid=\"emoji\"><span class=\"xexx8yu xn5pp95 x18d9i69 x2fxd7x x3jgonx x1bhl96m\">)<\/span><\/span>.<\/em><\/p>\n<p><em><span class=\"x1xsqp64 xiy17q3 x1o6pynw x19co3pv xdj266r xcwd3tp xat24cr x39eecv x2b8uid\" data-testid=\"emoji\"><span class=\"xexx8yu xn5pp95 x18d9i69 x2fxd7x x3jgonx x1bhl96m\">\u00a0<\/span><\/span>After the first year after hatching from eggs, the snails surprise with their size and beauty, building a massive shell of impressive size of 12-15 cm. Adult specimens, with their feet erect and their bodies fully extended, look like true exotic giants.<\/em><\/p>\n<p><em>\u00a0Like most species in the genus Archachatina, these snails are undemanding and thrive when provided with basic maintenance conditions.<\/em><\/p>\n","protected":false},"excerpt":{"rendered":"<ul>\n<li>Offered F1 snails:\n<ul>\n<li>approx. 8-9 cm<\/li>\n<\/ul>\n<\/li>\n<li>The price applies to:\n<ul>\n<li>1 pc<\/li>\n<\/ul>\n<\/li>\n<\/ul>\n","protected":false},"featured_media":10179,"template":"","meta":{"_acf_changed":false,"_links_to":"","_links_to_target":""},"product_cat":[222],"product_tag":[],"class_list":{"0":"post-10210","1":"product","2":"type-product","3":"status-publish","4":"has-post-thumbnail","6":"product_cat-import-and-adult","8":"first","9":"outofstock","10":"shipping-taxable","11":"purchasable","12":"product-type-simple"},"acf":[],"yoast_head":"<!-- This site is optimized with the Yoast SEO plugin v24.9 - https:\/\/yoast.com\/wordpress\/plugins\/seo\/ -->\n<title>Archachatina marginata icterica  standard F1 | MegaPets<\/title>\n<meta name=\"robots\" content=\"index, follow, max-snippet:-1, max-image-preview:large, max-video-preview:-1\" \/>\n<link rel=\"canonical\" href=\"https:\/\/megapets.eu\/en\/import-and-adult\/archachatina-marginata-icterica-standard-f1\/\" \/>\n<meta property=\"og:locale\" content=\"en_US\" \/>\n<meta property=\"og:type\" content=\"article\" \/>\n<meta property=\"og:title\" content=\"Archachatina marginata icterica  standard F1 | MegaPets\" \/>\n<meta property=\"og:description\" content=\"Offered F1 snails:   approx. 8-9 cm    The price applies to:   1 pc\" \/>\n<meta property=\"og:url\" content=\"https:\/\/megapets.eu\/en\/import-and-adult\/archachatina-marginata-icterica-standard-f1\/\" \/>\n<meta property=\"og:site_name\" content=\"MegaPets\" \/>\n<meta property=\"article:publisher\" content=\"https:\/\/www.facebook.com\/MegaPets.eu\/\" \/>\n<meta property=\"article:modified_time\" content=\"2025-08-26T09:09:03+00:00\" \/>\n<meta property=\"og:image\" content=\"https:\/\/megapets.eu\/wp-content\/uploads\/2025\/06\/1-icterica-ex.png\" \/>\n\t<meta property=\"og:image:width\" content=\"1057\" \/>\n\t<meta property=\"og:image:height\" content=\"691\" \/>\n\t<meta property=\"og:image:type\" content=\"image\/png\" \/>\n<meta name=\"twitter:card\" content=\"summary_large_image\" \/>\n<meta name=\"twitter:label1\" content=\"Est. reading time\" \/>\n\t<meta name=\"twitter:data1\" content=\"2 minutes\" \/>\n<script type=\"application\/ld+json\" class=\"yoast-schema-graph\">{\"@context\":\"https:\/\/schema.org\",\"@graph\":[{\"@type\":\"WebPage\",\"@id\":\"https:\/\/megapets.eu\/en\/import-and-adult\/archachatina-marginata-icterica-standard-f1\/\",\"url\":\"https:\/\/megapets.eu\/en\/import-and-adult\/archachatina-marginata-icterica-standard-f1\/\",\"name\":\"Archachatina marginata icterica standard F1 | MegaPets\",\"isPartOf\":{\"@id\":\"https:\/\/megapets.eu\/en\/#website\"},\"primaryImageOfPage\":{\"@id\":\"https:\/\/megapets.eu\/en\/import-and-adult\/archachatina-marginata-icterica-standard-f1\/#primaryimage\"},\"image\":{\"@id\":\"https:\/\/megapets.eu\/en\/import-and-adult\/archachatina-marginata-icterica-standard-f1\/#primaryimage\"},\"thumbnailUrl\":\"https:\/\/megapets.eu\/wp-content\/uploads\/2025\/06\/1-icterica-ex.png\",\"datePublished\":\"2025-08-13T11:45:27+00:00\",\"dateModified\":\"2025-08-26T09:09:03+00:00\",\"breadcrumb\":{\"@id\":\"https:\/\/megapets.eu\/en\/import-and-adult\/archachatina-marginata-icterica-standard-f1\/#breadcrumb\"},\"inLanguage\":\"en-US\",\"potentialAction\":[{\"@type\":\"ReadAction\",\"target\":[\"https:\/\/megapets.eu\/en\/import-and-adult\/archachatina-marginata-icterica-standard-f1\/\"]}]},{\"@type\":\"ImageObject\",\"inLanguage\":\"en-US\",\"@id\":\"https:\/\/megapets.eu\/en\/import-and-adult\/archachatina-marginata-icterica-standard-f1\/#primaryimage\",\"url\":\"https:\/\/megapets.eu\/wp-content\/uploads\/2025\/06\/1-icterica-ex.png\",\"contentUrl\":\"https:\/\/megapets.eu\/wp-content\/uploads\/2025\/06\/1-icterica-ex.png\",\"width\":1057,\"height\":691},{\"@type\":\"BreadcrumbList\",\"@id\":\"https:\/\/megapets.eu\/en\/import-and-adult\/archachatina-marginata-icterica-standard-f1\/#breadcrumb\",\"itemListElement\":[{\"@type\":\"ListItem\",\"position\":1,\"name\":\"Homepage\",\"item\":\"https:\/\/megapets.eu\/en\/home\/\"},{\"@type\":\"ListItem\",\"position\":2,\"name\":\"Shop\",\"item\":\"https:\/\/megapets.eu\/en\/shop\/\"},{\"@type\":\"ListItem\",\"position\":3,\"name\":\"Archachatina marginata icterica standard F1\"}]},{\"@type\":\"WebSite\",\"@id\":\"https:\/\/megapets.eu\/en\/#website\",\"url\":\"https:\/\/megapets.eu\/en\/\",\"name\":\"Mega Pets\",\"description\":\"Jedna z najwi\u0119kszych hodowli \u015blimak\u00f3w w Europie\",\"publisher\":{\"@id\":\"https:\/\/megapets.eu\/en\/#organization\"},\"alternateName\":\"Mega Pets\",\"potentialAction\":[{\"@type\":\"SearchAction\",\"target\":{\"@type\":\"EntryPoint\",\"urlTemplate\":\"https:\/\/megapets.eu\/en\/?s={search_term_string}\"},\"query-input\":{\"@type\":\"PropertyValueSpecification\",\"valueRequired\":true,\"valueName\":\"search_term_string\"}}],\"inLanguage\":\"en-US\"},{\"@type\":\"Organization\",\"@id\":\"https:\/\/megapets.eu\/en\/#organization\",\"name\":\"Mega Pets\",\"url\":\"https:\/\/megapets.eu\/en\/\",\"logo\":{\"@type\":\"ImageObject\",\"inLanguage\":\"en-US\",\"@id\":\"https:\/\/megapets.eu\/en\/#\/schema\/logo\/image\/\",\"url\":\"https:\/\/megapets.eu\/wp-content\/uploads\/2025\/04\/megapets_eu-logo.png\",\"contentUrl\":\"https:\/\/megapets.eu\/wp-content\/uploads\/2025\/04\/megapets_eu-logo.png\",\"width\":2362,\"height\":2362,\"caption\":\"Mega Pets\"},\"image\":{\"@id\":\"https:\/\/megapets.eu\/en\/#\/schema\/logo\/image\/\"},\"sameAs\":[\"https:\/\/www.facebook.com\/MegaPets.eu\/\"]}]}<\/script>\n<!-- \/ Yoast SEO plugin. -->","yoast_head_json":{"title":"Archachatina marginata icterica  standard F1 | MegaPets","robots":{"index":"index","follow":"follow","max-snippet":"max-snippet:-1","max-image-preview":"max-image-preview:large","max-video-preview":"max-video-preview:-1"},"canonical":"https:\/\/megapets.eu\/en\/import-and-adult\/archachatina-marginata-icterica-standard-f1\/","og_locale":"en_US","og_type":"article","og_title":"Archachatina marginata icterica  standard F1 | MegaPets","og_description":"Offered F1 snails:   approx. 8-9 cm    The price applies to:   1 pc","og_url":"https:\/\/megapets.eu\/en\/import-and-adult\/archachatina-marginata-icterica-standard-f1\/","og_site_name":"MegaPets","article_publisher":"https:\/\/www.facebook.com\/MegaPets.eu\/","article_modified_time":"2025-08-26T09:09:03+00:00","og_image":[{"width":1057,"height":691,"url":"https:\/\/megapets.eu\/wp-content\/uploads\/2025\/06\/1-icterica-ex.png","type":"image\/png"}],"twitter_card":"summary_large_image","twitter_misc":{"Est. reading time":"2 minutes"},"schema":{"@context":"https:\/\/schema.org","@graph":[{"@type":"WebPage","@id":"https:\/\/megapets.eu\/en\/import-and-adult\/archachatina-marginata-icterica-standard-f1\/","url":"https:\/\/megapets.eu\/en\/import-and-adult\/archachatina-marginata-icterica-standard-f1\/","name":"Archachatina marginata icterica standard F1 | MegaPets","isPartOf":{"@id":"https:\/\/megapets.eu\/en\/#website"},"primaryImageOfPage":{"@id":"https:\/\/megapets.eu\/en\/import-and-adult\/archachatina-marginata-icterica-standard-f1\/#primaryimage"},"image":{"@id":"https:\/\/megapets.eu\/en\/import-and-adult\/archachatina-marginata-icterica-standard-f1\/#primaryimage"},"thumbnailUrl":"https:\/\/megapets.eu\/wp-content\/uploads\/2025\/06\/1-icterica-ex.png","datePublished":"2025-08-13T11:45:27+00:00","dateModified":"2025-08-26T09:09:03+00:00","breadcrumb":{"@id":"https:\/\/megapets.eu\/en\/import-and-adult\/archachatina-marginata-icterica-standard-f1\/#breadcrumb"},"inLanguage":"en-US","potentialAction":[{"@type":"ReadAction","target":["https:\/\/megapets.eu\/en\/import-and-adult\/archachatina-marginata-icterica-standard-f1\/"]}]},{"@type":"ImageObject","inLanguage":"en-US","@id":"https:\/\/megapets.eu\/en\/import-and-adult\/archachatina-marginata-icterica-standard-f1\/#primaryimage","url":"https:\/\/megapets.eu\/wp-content\/uploads\/2025\/06\/1-icterica-ex.png","contentUrl":"https:\/\/megapets.eu\/wp-content\/uploads\/2025\/06\/1-icterica-ex.png","width":1057,"height":691},{"@type":"BreadcrumbList","@id":"https:\/\/megapets.eu\/en\/import-and-adult\/archachatina-marginata-icterica-standard-f1\/#breadcrumb","itemListElement":[{"@type":"ListItem","position":1,"name":"Homepage","item":"https:\/\/megapets.eu\/en\/home\/"},{"@type":"ListItem","position":2,"name":"Shop","item":"https:\/\/megapets.eu\/en\/shop\/"},{"@type":"ListItem","position":3,"name":"Archachatina marginata icterica standard F1"}]},{"@type":"WebSite","@id":"https:\/\/megapets.eu\/en\/#website","url":"https:\/\/megapets.eu\/en\/","name":"Mega Pets","description":"Jedna z najwi\u0119kszych hodowli \u015blimak\u00f3w w Europie","publisher":{"@id":"https:\/\/megapets.eu\/en\/#organization"},"alternateName":"Mega Pets","potentialAction":[{"@type":"SearchAction","target":{"@type":"EntryPoint","urlTemplate":"https:\/\/megapets.eu\/en\/?s={search_term_string}"},"query-input":{"@type":"PropertyValueSpecification","valueRequired":true,"valueName":"search_term_string"}}],"inLanguage":"en-US"},{"@type":"Organization","@id":"https:\/\/megapets.eu\/en\/#organization","name":"Mega Pets","url":"https:\/\/megapets.eu\/en\/","logo":{"@type":"ImageObject","inLanguage":"en-US","@id":"https:\/\/megapets.eu\/en\/#\/schema\/logo\/image\/","url":"https:\/\/megapets.eu\/wp-content\/uploads\/2025\/04\/megapets_eu-logo.png","contentUrl":"https:\/\/megapets.eu\/wp-content\/uploads\/2025\/04\/megapets_eu-logo.png","width":2362,"height":2362,"caption":"Mega Pets"},"image":{"@id":"https:\/\/megapets.eu\/en\/#\/schema\/logo\/image\/"},"sameAs":["https:\/\/www.facebook.com\/MegaPets.eu\/"]}]}},"_links":{"self":[{"href":"https:\/\/megapets.eu\/en\/wp-json\/wp\/v2\/product\/10210","targetHints":{"allow":["GET"]}}],"collection":[{"href":"https:\/\/megapets.eu\/en\/wp-json\/wp\/v2\/product"}],"about":[{"href":"https:\/\/megapets.eu\/en\/wp-json\/wp\/v2\/types\/product"}],"wp:featuredmedia":[{"embeddable":true,"href":"https:\/\/megapets.eu\/en\/wp-json\/wp\/v2\/media\/10179"}],"wp:attachment":[{"href":"https:\/\/megapets.eu\/en\/wp-json\/wp\/v2\/media?parent=10210"}],"wp:term":[{"taxonomy":"product_cat","embeddable":true,"href":"https:\/\/megapets.eu\/en\/wp-json\/wp\/v2\/product_cat?post=10210"},{"taxonomy":"product_tag","embeddable":true,"href":"https:\/\/megapets.eu\/en\/wp-json\/wp\/v2\/product_tag?post=10210"}],"curies":[{"name":"wp","href":"https:\/\/api.w.org\/{rel}","templated":true}]}}