{"id":10261,"date":"2025-08-15T16:52:50","date_gmt":"2025-08-15T16:52:50","guid":{"rendered":"https:\/\/megapets.eu\/?post_type=product&#038;p=10261"},"modified":"2025-10-21T16:00:02","modified_gmt":"2025-10-21T16:00:02","slug":"archachatina-marginata-marginata-subadult-type-2","status":"publish","type":"product","link":"https:\/\/megapets.eu\/en\/import-and-adult\/archachatina-marginata-marginata-subadult-type-2\/","title":{"rendered":"Archachatina marginata marginata <br \/> subadult \/ type 2"},"content":{"rendered":"<p><em><strong>Species:<\/strong>\u00a0<\/em><em>Archachatina marginata marginata (Swainson, 1821)<\/em><em>\u00a0<strong>Special lineage designation:\u00a0<\/strong><\/em><em>\u201ctype 2\u201d<\/em><\/p>\n<p><em>\u00a0Individuals of Archachatina marginata marginata \u201cType 2\u201d are characterized by deep brown with dark brown accents in the form of numerous wrinkles. The antennae, head and the stripe running through the body take on a brownish-black hue. Combined with the almost black shell, this creates a unique color composition, highly valued among giant snail enthusiasts.<\/em><\/p>\n<p><em><span class=\"x1xsqp64 xiy17q3 x1o6pynw x19co3pv xdj266r xcwd3tp xat24cr x39eecv x2b8uid\" data-testid=\"emoji\"><span class=\"xexx8yu xn5pp95 x18d9i69 x2fxd7x x3jgonx x1bhl96m\">\u00a0Typically, the size of the shells of the species reaches a sizable size, about 12-14 cm.<\/span><\/span><\/em><\/p>\n<p><em>\u00a0Like most species in the genus Archachatina, these snails are undemanding and thrive when provided with basic maintenance conditions.<\/em><\/p>\n","protected":false},"excerpt":{"rendered":"<ul>\n<li>Offered subadult:\n<ul>\n<li>approx. 8-9 cm<\/li>\n<\/ul>\n<\/li>\n<li>The price applies to:\n<ul>\n<li>1 pc<\/li>\n<\/ul>\n<\/li>\n<\/ul>\n","protected":false},"featured_media":3401,"template":"","meta":{"_acf_changed":false,"_links_to":"","_links_to_target":""},"product_cat":[222],"product_tag":[],"class_list":{"0":"post-10261","1":"product","2":"type-product","3":"status-publish","4":"has-post-thumbnail","6":"product_cat-import-and-adult","8":"first","9":"outofstock","10":"shipping-taxable","11":"purchasable","12":"product-type-simple"},"acf":[],"yoast_head":"<!-- This site is optimized with the Yoast SEO plugin v24.9 - https:\/\/yoast.com\/wordpress\/plugins\/seo\/ -->\n<title>Archachatina marginata marginata  subadult \/ type 2 | MegaPets<\/title>\n<meta name=\"robots\" content=\"index, follow, max-snippet:-1, max-image-preview:large, max-video-preview:-1\" \/>\n<link rel=\"canonical\" href=\"https:\/\/megapets.eu\/en\/import-and-adult\/archachatina-marginata-marginata-subadult-type-2\/\" \/>\n<meta property=\"og:locale\" content=\"en_US\" \/>\n<meta property=\"og:type\" content=\"article\" \/>\n<meta property=\"og:title\" content=\"Archachatina marginata marginata  subadult \/ type 2 | MegaPets\" \/>\n<meta property=\"og:description\" content=\"Offered subadult:   approx. 8-9 cm    The price applies to:   1 pc\" \/>\n<meta property=\"og:url\" content=\"https:\/\/megapets.eu\/en\/import-and-adult\/archachatina-marginata-marginata-subadult-type-2\/\" \/>\n<meta property=\"og:site_name\" content=\"MegaPets\" \/>\n<meta property=\"article:publisher\" content=\"https:\/\/www.facebook.com\/MegaPets.eu\/\" \/>\n<meta property=\"article:modified_time\" content=\"2025-10-21T16:00:02+00:00\" \/>\n<meta property=\"og:image\" content=\"https:\/\/megapets.eu\/wp-content\/uploads\/2025\/04\/99-Ready-2-1024x666.png\" \/>\n\t<meta property=\"og:image:width\" content=\"1024\" \/>\n\t<meta property=\"og:image:height\" content=\"666\" \/>\n\t<meta property=\"og:image:type\" content=\"image\/png\" \/>\n<meta name=\"twitter:card\" content=\"summary_large_image\" \/>\n<meta name=\"twitter:label1\" content=\"Est. reading time\" \/>\n\t<meta name=\"twitter:data1\" content=\"1 minute\" \/>\n<script type=\"application\/ld+json\" class=\"yoast-schema-graph\">{\"@context\":\"https:\/\/schema.org\",\"@graph\":[{\"@type\":\"WebPage\",\"@id\":\"https:\/\/megapets.eu\/en\/import-and-adult\/archachatina-marginata-marginata-subadult-type-2\/\",\"url\":\"https:\/\/megapets.eu\/en\/import-and-adult\/archachatina-marginata-marginata-subadult-type-2\/\",\"name\":\"Archachatina marginata marginata subadult \/ type 2 | MegaPets\",\"isPartOf\":{\"@id\":\"https:\/\/megapets.eu\/en\/#website\"},\"primaryImageOfPage\":{\"@id\":\"https:\/\/megapets.eu\/en\/import-and-adult\/archachatina-marginata-marginata-subadult-type-2\/#primaryimage\"},\"image\":{\"@id\":\"https:\/\/megapets.eu\/en\/import-and-adult\/archachatina-marginata-marginata-subadult-type-2\/#primaryimage\"},\"thumbnailUrl\":\"https:\/\/megapets.eu\/wp-content\/uploads\/2025\/04\/99-Ready-2.png\",\"datePublished\":\"2025-08-15T16:52:50+00:00\",\"dateModified\":\"2025-10-21T16:00:02+00:00\",\"breadcrumb\":{\"@id\":\"https:\/\/megapets.eu\/en\/import-and-adult\/archachatina-marginata-marginata-subadult-type-2\/#breadcrumb\"},\"inLanguage\":\"en-US\",\"potentialAction\":[{\"@type\":\"ReadAction\",\"target\":[\"https:\/\/megapets.eu\/en\/import-and-adult\/archachatina-marginata-marginata-subadult-type-2\/\"]}]},{\"@type\":\"ImageObject\",\"inLanguage\":\"en-US\",\"@id\":\"https:\/\/megapets.eu\/en\/import-and-adult\/archachatina-marginata-marginata-subadult-type-2\/#primaryimage\",\"url\":\"https:\/\/megapets.eu\/wp-content\/uploads\/2025\/04\/99-Ready-2.png\",\"contentUrl\":\"https:\/\/megapets.eu\/wp-content\/uploads\/2025\/04\/99-Ready-2.png\",\"width\":3264,\"height\":2122},{\"@type\":\"BreadcrumbList\",\"@id\":\"https:\/\/megapets.eu\/en\/import-and-adult\/archachatina-marginata-marginata-subadult-type-2\/#breadcrumb\",\"itemListElement\":[{\"@type\":\"ListItem\",\"position\":1,\"name\":\"Homepage\",\"item\":\"https:\/\/megapets.eu\/en\/home\/\"},{\"@type\":\"ListItem\",\"position\":2,\"name\":\"Shop\",\"item\":\"https:\/\/megapets.eu\/en\/shop\/\"},{\"@type\":\"ListItem\",\"position\":3,\"name\":\"Archachatina marginata marginata subadult \/ type 2\"}]},{\"@type\":\"WebSite\",\"@id\":\"https:\/\/megapets.eu\/en\/#website\",\"url\":\"https:\/\/megapets.eu\/en\/\",\"name\":\"Mega Pets\",\"description\":\"Jedna z najwi\u0119kszych hodowli \u015blimak\u00f3w w Europie\",\"publisher\":{\"@id\":\"https:\/\/megapets.eu\/en\/#organization\"},\"alternateName\":\"Mega Pets\",\"potentialAction\":[{\"@type\":\"SearchAction\",\"target\":{\"@type\":\"EntryPoint\",\"urlTemplate\":\"https:\/\/megapets.eu\/en\/?s={search_term_string}\"},\"query-input\":{\"@type\":\"PropertyValueSpecification\",\"valueRequired\":true,\"valueName\":\"search_term_string\"}}],\"inLanguage\":\"en-US\"},{\"@type\":\"Organization\",\"@id\":\"https:\/\/megapets.eu\/en\/#organization\",\"name\":\"Mega Pets\",\"url\":\"https:\/\/megapets.eu\/en\/\",\"logo\":{\"@type\":\"ImageObject\",\"inLanguage\":\"en-US\",\"@id\":\"https:\/\/megapets.eu\/en\/#\/schema\/logo\/image\/\",\"url\":\"https:\/\/megapets.eu\/wp-content\/uploads\/2025\/04\/megapets_eu-logo.png\",\"contentUrl\":\"https:\/\/megapets.eu\/wp-content\/uploads\/2025\/04\/megapets_eu-logo.png\",\"width\":2362,\"height\":2362,\"caption\":\"Mega Pets\"},\"image\":{\"@id\":\"https:\/\/megapets.eu\/en\/#\/schema\/logo\/image\/\"},\"sameAs\":[\"https:\/\/www.facebook.com\/MegaPets.eu\/\"]}]}<\/script>\n<!-- \/ Yoast SEO plugin. -->","yoast_head_json":{"title":"Archachatina marginata marginata  subadult \/ type 2 | MegaPets","robots":{"index":"index","follow":"follow","max-snippet":"max-snippet:-1","max-image-preview":"max-image-preview:large","max-video-preview":"max-video-preview:-1"},"canonical":"https:\/\/megapets.eu\/en\/import-and-adult\/archachatina-marginata-marginata-subadult-type-2\/","og_locale":"en_US","og_type":"article","og_title":"Archachatina marginata marginata  subadult \/ type 2 | MegaPets","og_description":"Offered subadult:   approx. 8-9 cm    The price applies to:   1 pc","og_url":"https:\/\/megapets.eu\/en\/import-and-adult\/archachatina-marginata-marginata-subadult-type-2\/","og_site_name":"MegaPets","article_publisher":"https:\/\/www.facebook.com\/MegaPets.eu\/","article_modified_time":"2025-10-21T16:00:02+00:00","og_image":[{"width":1024,"height":666,"url":"https:\/\/megapets.eu\/wp-content\/uploads\/2025\/04\/99-Ready-2-1024x666.png","type":"image\/png"}],"twitter_card":"summary_large_image","twitter_misc":{"Est. reading time":"1 minute"},"schema":{"@context":"https:\/\/schema.org","@graph":[{"@type":"WebPage","@id":"https:\/\/megapets.eu\/en\/import-and-adult\/archachatina-marginata-marginata-subadult-type-2\/","url":"https:\/\/megapets.eu\/en\/import-and-adult\/archachatina-marginata-marginata-subadult-type-2\/","name":"Archachatina marginata marginata subadult \/ type 2 | MegaPets","isPartOf":{"@id":"https:\/\/megapets.eu\/en\/#website"},"primaryImageOfPage":{"@id":"https:\/\/megapets.eu\/en\/import-and-adult\/archachatina-marginata-marginata-subadult-type-2\/#primaryimage"},"image":{"@id":"https:\/\/megapets.eu\/en\/import-and-adult\/archachatina-marginata-marginata-subadult-type-2\/#primaryimage"},"thumbnailUrl":"https:\/\/megapets.eu\/wp-content\/uploads\/2025\/04\/99-Ready-2.png","datePublished":"2025-08-15T16:52:50+00:00","dateModified":"2025-10-21T16:00:02+00:00","breadcrumb":{"@id":"https:\/\/megapets.eu\/en\/import-and-adult\/archachatina-marginata-marginata-subadult-type-2\/#breadcrumb"},"inLanguage":"en-US","potentialAction":[{"@type":"ReadAction","target":["https:\/\/megapets.eu\/en\/import-and-adult\/archachatina-marginata-marginata-subadult-type-2\/"]}]},{"@type":"ImageObject","inLanguage":"en-US","@id":"https:\/\/megapets.eu\/en\/import-and-adult\/archachatina-marginata-marginata-subadult-type-2\/#primaryimage","url":"https:\/\/megapets.eu\/wp-content\/uploads\/2025\/04\/99-Ready-2.png","contentUrl":"https:\/\/megapets.eu\/wp-content\/uploads\/2025\/04\/99-Ready-2.png","width":3264,"height":2122},{"@type":"BreadcrumbList","@id":"https:\/\/megapets.eu\/en\/import-and-adult\/archachatina-marginata-marginata-subadult-type-2\/#breadcrumb","itemListElement":[{"@type":"ListItem","position":1,"name":"Homepage","item":"https:\/\/megapets.eu\/en\/home\/"},{"@type":"ListItem","position":2,"name":"Shop","item":"https:\/\/megapets.eu\/en\/shop\/"},{"@type":"ListItem","position":3,"name":"Archachatina marginata marginata subadult \/ type 2"}]},{"@type":"WebSite","@id":"https:\/\/megapets.eu\/en\/#website","url":"https:\/\/megapets.eu\/en\/","name":"Mega Pets","description":"Jedna z najwi\u0119kszych hodowli \u015blimak\u00f3w w Europie","publisher":{"@id":"https:\/\/megapets.eu\/en\/#organization"},"alternateName":"Mega Pets","potentialAction":[{"@type":"SearchAction","target":{"@type":"EntryPoint","urlTemplate":"https:\/\/megapets.eu\/en\/?s={search_term_string}"},"query-input":{"@type":"PropertyValueSpecification","valueRequired":true,"valueName":"search_term_string"}}],"inLanguage":"en-US"},{"@type":"Organization","@id":"https:\/\/megapets.eu\/en\/#organization","name":"Mega Pets","url":"https:\/\/megapets.eu\/en\/","logo":{"@type":"ImageObject","inLanguage":"en-US","@id":"https:\/\/megapets.eu\/en\/#\/schema\/logo\/image\/","url":"https:\/\/megapets.eu\/wp-content\/uploads\/2025\/04\/megapets_eu-logo.png","contentUrl":"https:\/\/megapets.eu\/wp-content\/uploads\/2025\/04\/megapets_eu-logo.png","width":2362,"height":2362,"caption":"Mega Pets"},"image":{"@id":"https:\/\/megapets.eu\/en\/#\/schema\/logo\/image\/"},"sameAs":["https:\/\/www.facebook.com\/MegaPets.eu\/"]}]}},"_links":{"self":[{"href":"https:\/\/megapets.eu\/en\/wp-json\/wp\/v2\/product\/10261","targetHints":{"allow":["GET"]}}],"collection":[{"href":"https:\/\/megapets.eu\/en\/wp-json\/wp\/v2\/product"}],"about":[{"href":"https:\/\/megapets.eu\/en\/wp-json\/wp\/v2\/types\/product"}],"wp:featuredmedia":[{"embeddable":true,"href":"https:\/\/megapets.eu\/en\/wp-json\/wp\/v2\/media\/3401"}],"wp:attachment":[{"href":"https:\/\/megapets.eu\/en\/wp-json\/wp\/v2\/media?parent=10261"}],"wp:term":[{"taxonomy":"product_cat","embeddable":true,"href":"https:\/\/megapets.eu\/en\/wp-json\/wp\/v2\/product_cat?post=10261"},{"taxonomy":"product_tag","embeddable":true,"href":"https:\/\/megapets.eu\/en\/wp-json\/wp\/v2\/product_tag?post=10261"}],"curies":[{"name":"wp","href":"https:\/\/api.w.org\/{rel}","templated":true}]}}