{"id":11387,"date":"2025-11-07T04:36:20","date_gmt":"2025-11-07T04:36:20","guid":{"rendered":"https:\/\/megapets.eu\/?post_type=product&#038;p=11387"},"modified":"2025-11-07T04:42:51","modified_gmt":"2025-11-07T04:42:51","slug":"coconut-substrate-1-5-lcoconut-peat-for-snails-kopia","status":"publish","type":"product","link":"https:\/\/megapets.eu\/en\/accessories\/coconut-substrate-1-5-lcoconut-peat-for-snails-kopia\/","title":{"rendered":"Coconut substrate 1.5 L<br>Coconut peat for snails (Kopia)"},"content":{"rendered":"<p><strong><span style=\"color: #e87020; font-size: 15px;\"><em>Coconut substrate 1.5 L \/ Coconut peat for snails<\/em><\/span><\/strong><\/p>\n<p><strong><span style=\"color: #e87020; font-size: 15px;\"><em>One package contains 1.5 L.<\/em><\/span><\/strong><\/p>\n<p><strong><span style=\"color: #e87020; font-size: 15px;\"><em>Ingredients: 100% natural coconut peat.<\/em><\/span><\/strong><\/p>\n<p><strong><span style=\"color: #e87020; font-size: 15px;\"><em>The price is for 1 package.<\/em><\/span><\/strong><\/p>\n<p>&nbsp;<\/p>\n<p><em><span style=\"color: #424242;\"><strong><span style=\"font-size: 15px;\">Coconut substrate is a natural substrate made of shredded coconut fiber. The most recommended substrate for breeding exotic snails. It is also used in terrariums with spiders, exotic cockroaches, amphibians, reptiles, etc.    <\/span><\/strong><\/span><\/em><\/p>\n<p>&nbsp;<\/p>\n<p><em><span style=\"color: #424242;\"><strong><span style=\"font-size: 15px;\">Ways to use coconut substrate for snail breeding:  <\/span><\/strong><\/span><\/em><\/p>\n<p><em><span style=\"color: #424242;\"><strong><span style=\"font-size: 15px;\">1) Spread the substrates about 2 cm thick in the terrarium, and then spray with spring water.  <\/span><\/strong><\/span><\/em><\/p>\n<p><em><span style=\"color: #424242;\"><strong><span style=\"font-size: 15px;\">2) Use a 100% cellulose paper towel (unscented, undyed) in the tank as base layers, and then partially cover the towel in the tank with a small amount of coconut substrate. Lightly spray the whole thing with spring water. One of the advantages of coconut substrate in combination with a paper towel is that you can more easily control the proper humidity and keep your pet clean. Snails tolerate this way of laying mulch and show better results in growth, health and beauty of the shells. The litter should be replaced with fresh litter every 3-4 days.    <\/span><\/strong><\/span><\/em><\/p>\n","protected":false},"excerpt":{"rendered":"<ul class=\"product_attributes\">\n<li><span style=\"color: #555555;\">Ingredients:<\/span> 100% natural coconut peat<\/li>\n<li><span style=\"color: #555555;\">The package contains:<\/span> 1,5 L<\/li>\n<li><span style=\"color: #555555;\">Price applies to:<\/span> 1 package.<\/li>\n<\/ul>\n","protected":false},"featured_media":11850,"template":"","meta":{"_acf_changed":false,"_links_to":"","_links_to_target":""},"product_cat":[70],"product_tag":[85,84,93],"class_list":{"0":"post-11387","1":"product","2":"type-product","3":"status-publish","4":"has-post-thumbnail","6":"product_cat-accessories","7":"product_tag-for-cockroaches","8":"product_tag-for-isopods","9":"product_tag-for-snails","11":"first","12":"outofstock","13":"shipping-taxable","14":"purchasable","15":"product-type-simple"},"acf":[],"yoast_head":"<!-- This site is optimized with the Yoast SEO plugin v24.9 - https:\/\/yoast.com\/wordpress\/plugins\/seo\/ -->\n<title>Coconut substrate 1.5 LCoconut peat for snails (Kopia) | MegaPets<\/title>\n<meta name=\"robots\" content=\"index, follow, max-snippet:-1, max-image-preview:large, max-video-preview:-1\" \/>\n<link rel=\"canonical\" href=\"https:\/\/megapets.eu\/en\/accessories\/coconut-substrate-1-5-lcoconut-peat-for-snails-kopia\/\" \/>\n<meta property=\"og:locale\" content=\"en_US\" \/>\n<meta property=\"og:type\" content=\"article\" \/>\n<meta property=\"og:title\" content=\"Coconut substrate 1.5 LCoconut peat for snails (Kopia) | MegaPets\" \/>\n<meta property=\"og:description\" content=\"Ingredients: 100% natural coconut peat  The package contains: 1,5 L  Price applies to: 1 package.\" \/>\n<meta property=\"og:url\" content=\"https:\/\/megapets.eu\/en\/accessories\/coconut-substrate-1-5-lcoconut-peat-for-snails-kopia\/\" \/>\n<meta property=\"og:site_name\" content=\"MegaPets\" \/>\n<meta property=\"article:publisher\" content=\"https:\/\/www.facebook.com\/MegaPets.eu\/\" \/>\n<meta property=\"article:modified_time\" content=\"2025-11-07T04:42:51+00:00\" \/>\n<meta property=\"og:image\" content=\"https:\/\/megapets.eu\/wp-content\/uploads\/2025\/11\/2-1024x1024.png\" \/>\n\t<meta property=\"og:image:width\" content=\"1024\" \/>\n\t<meta property=\"og:image:height\" content=\"1024\" \/>\n\t<meta property=\"og:image:type\" content=\"image\/png\" \/>\n<meta name=\"twitter:card\" content=\"summary_large_image\" \/>\n<meta name=\"twitter:label1\" content=\"Est. reading time\" \/>\n\t<meta name=\"twitter:data1\" content=\"1 minute\" \/>\n<script type=\"application\/ld+json\" class=\"yoast-schema-graph\">{\"@context\":\"https:\/\/schema.org\",\"@graph\":[{\"@type\":\"WebPage\",\"@id\":\"https:\/\/megapets.eu\/en\/accessories\/coconut-substrate-1-5-lcoconut-peat-for-snails-kopia\/\",\"url\":\"https:\/\/megapets.eu\/en\/accessories\/coconut-substrate-1-5-lcoconut-peat-for-snails-kopia\/\",\"name\":\"Coconut substrate 1.5 L Coconut peat for snails (Kopia) | MegaPets\",\"isPartOf\":{\"@id\":\"https:\/\/megapets.eu\/en\/#website\"},\"primaryImageOfPage\":{\"@id\":\"https:\/\/megapets.eu\/en\/accessories\/coconut-substrate-1-5-lcoconut-peat-for-snails-kopia\/#primaryimage\"},\"image\":{\"@id\":\"https:\/\/megapets.eu\/en\/accessories\/coconut-substrate-1-5-lcoconut-peat-for-snails-kopia\/#primaryimage\"},\"thumbnailUrl\":\"https:\/\/megapets.eu\/wp-content\/uploads\/2025\/11\/podloze-kokosowe-woocommerce-optimized-WEBP.webp\",\"datePublished\":\"2025-11-07T04:36:20+00:00\",\"dateModified\":\"2025-11-07T04:42:51+00:00\",\"breadcrumb\":{\"@id\":\"https:\/\/megapets.eu\/en\/accessories\/coconut-substrate-1-5-lcoconut-peat-for-snails-kopia\/#breadcrumb\"},\"inLanguage\":\"en-US\",\"potentialAction\":[{\"@type\":\"ReadAction\",\"target\":[\"https:\/\/megapets.eu\/en\/accessories\/coconut-substrate-1-5-lcoconut-peat-for-snails-kopia\/\"]}]},{\"@type\":\"ImageObject\",\"inLanguage\":\"en-US\",\"@id\":\"https:\/\/megapets.eu\/en\/accessories\/coconut-substrate-1-5-lcoconut-peat-for-snails-kopia\/#primaryimage\",\"url\":\"https:\/\/megapets.eu\/wp-content\/uploads\/2025\/11\/podloze-kokosowe-woocommerce-optimized-WEBP.webp\",\"contentUrl\":\"https:\/\/megapets.eu\/wp-content\/uploads\/2025\/11\/podloze-kokosowe-woocommerce-optimized-WEBP.webp\",\"width\":1041,\"height\":711,\"caption\":\"Pod\u0142o\u017ce kokosowe do terrarium dla \u015blimak\u00f3w\"},{\"@type\":\"BreadcrumbList\",\"@id\":\"https:\/\/megapets.eu\/en\/accessories\/coconut-substrate-1-5-lcoconut-peat-for-snails-kopia\/#breadcrumb\",\"itemListElement\":[{\"@type\":\"ListItem\",\"position\":1,\"name\":\"Homepage\",\"item\":\"https:\/\/megapets.eu\/en\/home\/\"},{\"@type\":\"ListItem\",\"position\":2,\"name\":\"Shop\",\"item\":\"https:\/\/megapets.eu\/en\/shop\/\"},{\"@type\":\"ListItem\",\"position\":3,\"name\":\"Coconut substrate 1.5 LCoconut peat for snails (Kopia)\"}]},{\"@type\":\"WebSite\",\"@id\":\"https:\/\/megapets.eu\/en\/#website\",\"url\":\"https:\/\/megapets.eu\/en\/\",\"name\":\"Mega Pets\",\"description\":\"Jedna z najwi\u0119kszych hodowli \u015blimak\u00f3w w Europie\",\"publisher\":{\"@id\":\"https:\/\/megapets.eu\/en\/#organization\"},\"alternateName\":\"Mega Pets\",\"potentialAction\":[{\"@type\":\"SearchAction\",\"target\":{\"@type\":\"EntryPoint\",\"urlTemplate\":\"https:\/\/megapets.eu\/en\/?s={search_term_string}\"},\"query-input\":{\"@type\":\"PropertyValueSpecification\",\"valueRequired\":true,\"valueName\":\"search_term_string\"}}],\"inLanguage\":\"en-US\"},{\"@type\":\"Organization\",\"@id\":\"https:\/\/megapets.eu\/en\/#organization\",\"name\":\"Mega Pets\",\"url\":\"https:\/\/megapets.eu\/en\/\",\"logo\":{\"@type\":\"ImageObject\",\"inLanguage\":\"en-US\",\"@id\":\"https:\/\/megapets.eu\/en\/#\/schema\/logo\/image\/\",\"url\":\"https:\/\/megapets.eu\/wp-content\/uploads\/2025\/04\/megapets_eu-logo.png\",\"contentUrl\":\"https:\/\/megapets.eu\/wp-content\/uploads\/2025\/04\/megapets_eu-logo.png\",\"width\":2362,\"height\":2362,\"caption\":\"Mega Pets\"},\"image\":{\"@id\":\"https:\/\/megapets.eu\/en\/#\/schema\/logo\/image\/\"},\"sameAs\":[\"https:\/\/www.facebook.com\/MegaPets.eu\/\"]}]}<\/script>\n<!-- \/ Yoast SEO plugin. -->","yoast_head_json":{"title":"Coconut substrate 1.5 LCoconut peat for snails (Kopia) | MegaPets","robots":{"index":"index","follow":"follow","max-snippet":"max-snippet:-1","max-image-preview":"max-image-preview:large","max-video-preview":"max-video-preview:-1"},"canonical":"https:\/\/megapets.eu\/en\/accessories\/coconut-substrate-1-5-lcoconut-peat-for-snails-kopia\/","og_locale":"en_US","og_type":"article","og_title":"Coconut substrate 1.5 LCoconut peat for snails (Kopia) | MegaPets","og_description":"Ingredients: 100% natural coconut peat  The package contains: 1,5 L  Price applies to: 1 package.","og_url":"https:\/\/megapets.eu\/en\/accessories\/coconut-substrate-1-5-lcoconut-peat-for-snails-kopia\/","og_site_name":"MegaPets","article_publisher":"https:\/\/www.facebook.com\/MegaPets.eu\/","article_modified_time":"2025-11-07T04:42:51+00:00","og_image":[{"width":1024,"height":1024,"url":"https:\/\/megapets.eu\/wp-content\/uploads\/2025\/11\/2-1024x1024.png","type":"image\/png"}],"twitter_card":"summary_large_image","twitter_misc":{"Est. reading time":"1 minute"},"schema":{"@context":"https:\/\/schema.org","@graph":[{"@type":"WebPage","@id":"https:\/\/megapets.eu\/en\/accessories\/coconut-substrate-1-5-lcoconut-peat-for-snails-kopia\/","url":"https:\/\/megapets.eu\/en\/accessories\/coconut-substrate-1-5-lcoconut-peat-for-snails-kopia\/","name":"Coconut substrate 1.5 L Coconut peat for snails (Kopia) | MegaPets","isPartOf":{"@id":"https:\/\/megapets.eu\/en\/#website"},"primaryImageOfPage":{"@id":"https:\/\/megapets.eu\/en\/accessories\/coconut-substrate-1-5-lcoconut-peat-for-snails-kopia\/#primaryimage"},"image":{"@id":"https:\/\/megapets.eu\/en\/accessories\/coconut-substrate-1-5-lcoconut-peat-for-snails-kopia\/#primaryimage"},"thumbnailUrl":"https:\/\/megapets.eu\/wp-content\/uploads\/2025\/11\/podloze-kokosowe-woocommerce-optimized-WEBP.webp","datePublished":"2025-11-07T04:36:20+00:00","dateModified":"2025-11-07T04:42:51+00:00","breadcrumb":{"@id":"https:\/\/megapets.eu\/en\/accessories\/coconut-substrate-1-5-lcoconut-peat-for-snails-kopia\/#breadcrumb"},"inLanguage":"en-US","potentialAction":[{"@type":"ReadAction","target":["https:\/\/megapets.eu\/en\/accessories\/coconut-substrate-1-5-lcoconut-peat-for-snails-kopia\/"]}]},{"@type":"ImageObject","inLanguage":"en-US","@id":"https:\/\/megapets.eu\/en\/accessories\/coconut-substrate-1-5-lcoconut-peat-for-snails-kopia\/#primaryimage","url":"https:\/\/megapets.eu\/wp-content\/uploads\/2025\/11\/podloze-kokosowe-woocommerce-optimized-WEBP.webp","contentUrl":"https:\/\/megapets.eu\/wp-content\/uploads\/2025\/11\/podloze-kokosowe-woocommerce-optimized-WEBP.webp","width":1041,"height":711,"caption":"Pod\u0142o\u017ce kokosowe do terrarium dla \u015blimak\u00f3w"},{"@type":"BreadcrumbList","@id":"https:\/\/megapets.eu\/en\/accessories\/coconut-substrate-1-5-lcoconut-peat-for-snails-kopia\/#breadcrumb","itemListElement":[{"@type":"ListItem","position":1,"name":"Homepage","item":"https:\/\/megapets.eu\/en\/home\/"},{"@type":"ListItem","position":2,"name":"Shop","item":"https:\/\/megapets.eu\/en\/shop\/"},{"@type":"ListItem","position":3,"name":"Coconut substrate 1.5 LCoconut peat for snails (Kopia)"}]},{"@type":"WebSite","@id":"https:\/\/megapets.eu\/en\/#website","url":"https:\/\/megapets.eu\/en\/","name":"Mega Pets","description":"Jedna z najwi\u0119kszych hodowli \u015blimak\u00f3w w Europie","publisher":{"@id":"https:\/\/megapets.eu\/en\/#organization"},"alternateName":"Mega Pets","potentialAction":[{"@type":"SearchAction","target":{"@type":"EntryPoint","urlTemplate":"https:\/\/megapets.eu\/en\/?s={search_term_string}"},"query-input":{"@type":"PropertyValueSpecification","valueRequired":true,"valueName":"search_term_string"}}],"inLanguage":"en-US"},{"@type":"Organization","@id":"https:\/\/megapets.eu\/en\/#organization","name":"Mega Pets","url":"https:\/\/megapets.eu\/en\/","logo":{"@type":"ImageObject","inLanguage":"en-US","@id":"https:\/\/megapets.eu\/en\/#\/schema\/logo\/image\/","url":"https:\/\/megapets.eu\/wp-content\/uploads\/2025\/04\/megapets_eu-logo.png","contentUrl":"https:\/\/megapets.eu\/wp-content\/uploads\/2025\/04\/megapets_eu-logo.png","width":2362,"height":2362,"caption":"Mega Pets"},"image":{"@id":"https:\/\/megapets.eu\/en\/#\/schema\/logo\/image\/"},"sameAs":["https:\/\/www.facebook.com\/MegaPets.eu\/"]}]}},"_links":{"self":[{"href":"https:\/\/megapets.eu\/en\/wp-json\/wp\/v2\/product\/11387","targetHints":{"allow":["GET"]}}],"collection":[{"href":"https:\/\/megapets.eu\/en\/wp-json\/wp\/v2\/product"}],"about":[{"href":"https:\/\/megapets.eu\/en\/wp-json\/wp\/v2\/types\/product"}],"wp:featuredmedia":[{"embeddable":true,"href":"https:\/\/megapets.eu\/en\/wp-json\/wp\/v2\/media\/11850"}],"wp:attachment":[{"href":"https:\/\/megapets.eu\/en\/wp-json\/wp\/v2\/media?parent=11387"}],"wp:term":[{"taxonomy":"product_cat","embeddable":true,"href":"https:\/\/megapets.eu\/en\/wp-json\/wp\/v2\/product_cat?post=11387"},{"taxonomy":"product_tag","embeddable":true,"href":"https:\/\/megapets.eu\/en\/wp-json\/wp\/v2\/product_tag?post=11387"}],"curies":[{"name":"wp","href":"https:\/\/api.w.org\/{rel}","templated":true}]}}