{"id":12504,"date":"2025-12-03T09:16:10","date_gmt":"2025-12-03T09:16:10","guid":{"rendered":"https:\/\/megapets.eu\/?post_type=product&#038;p=12504"},"modified":"2026-03-23T08:54:33","modified_gmt":"2026-03-23T08:54:33","slug":"package-sepia-in-pieces-50-ml-kopia-kopia-kopia","status":"publish","type":"product","link":"https:\/\/megapets.eu\/en\/accessories\/package-sepia-in-pieces-50-ml-kopia-kopia-kopia\/","title":{"rendered":"Package \u201cSepia in pieces\u201d 50 ml (Kopia) (Kopia) (Kopia)"},"content":{"rendered":"<p><strong><span style=\"color: #e87020; font-size: 15px;\"><em>Package \u201cSepia in pieces\u201d 50 ml<\/em><\/span><\/strong><\/p>\n<p><strong><span style=\"color: #e87020; font-size: 15px;\"><em>Ingredients: 100% natural cuttlefish bone.<\/em><\/span><\/strong><\/p>\n<p><strong><span style=\"color: #e87020; font-size: 15px;\"><em>One package contains 20-25 pieces of sepia in pieces of about 1-2 cm. <\/em><\/span><\/strong><\/p>\n<p><strong><span style=\"color: #e87020; font-size: 15px;\"><em>The price is for 1 package.<\/em><\/span><\/strong><\/p>\n<p>&nbsp;<\/p>\n<p><em><span style=\"color: #424242;\"><strong><span style=\"font-size: 15px;\">Sepia in pieces is 100% natural cuttlefish bone, a source of calcium for exotic snails, turtles and other terrarium animals. Sepia in pieces stripped of its hard shell and cut into pieces of about 1-2 cm. This makes each side of the sepia in pieces soft and easy for the snail to take, and the number of pieces gives you the opportunity to save compared to whole sepia. How to feed sepia in pieces: put 1-2 pieces of sepia in the terrarium, after the animal eats the sepia, give a fresh batch of pieces. Replace sepia in pieces at the first signs of spoilage (appearance of spots which is due to humid terrarium conditions).    <\/span><\/strong><\/span><\/em><\/p>\n<p>&nbsp;<\/p>\n<p><em><span style=\"color: #424242;\"><strong><span style=\"font-size: 15px;\">You can always diversify the forms of calcium administered and additionally offer your pet \u201cCalcium\u201d &#8211; Calcium for snails.<\/span><\/strong><\/span><\/em><\/p>\n<p>&nbsp;<\/p>\n<p><em><span style=\"color: #424242;\"><strong><span style=\"font-size: 15px;\">We recommend supplements that are able to meet the needs in valuable nutrients of even the most demanding species: \u201cProtein &amp; Vitamin\u201d, Exotic herbal mix, ground gammarus. It is recommended that the supplements be used alternately, so that your pet&#8217;s diet remains varied and complete. <\/span><\/strong><\/span><\/em><\/p>\n","protected":false},"excerpt":{"rendered":"<ul class=\"product_attributes\">\n<li><span style=\"color: #555555;\">Ingredients:<\/span> 100% natural cuttlefish bone<\/li>\n<li><span style=\"color: #555555;\">The package contains:<\/span> 20-25 pieces <\/li>\n<li><span style=\"color: #555555;\">Price applies to:<\/span> 1 package.<\/li>\n<\/ul>\n","protected":false},"featured_media":12536,"template":"","meta":{"_acf_changed":false,"_links_to":"","_links_to_target":""},"product_cat":[70],"product_tag":[85,84,93,83],"class_list":{"0":"post-12504","1":"product","2":"type-product","3":"status-publish","4":"has-post-thumbnail","6":"product_cat-accessories","7":"product_tag-for-cockroaches","8":"product_tag-for-isopods","9":"product_tag-for-snails","10":"product_tag-for-the-violets","12":"first","13":"instock","14":"shipping-taxable","15":"purchasable","16":"product-type-simple"},"acf":[],"yoast_head":"<!-- This site is optimized with the Yoast SEO plugin v24.9 - https:\/\/yoast.com\/wordpress\/plugins\/seo\/ -->\n<title>Package \u201cSepia in pieces\u201d 50 ml (Kopia) (Kopia) (Kopia) | MegaPets<\/title>\n<meta name=\"robots\" content=\"index, follow, max-snippet:-1, max-image-preview:large, max-video-preview:-1\" \/>\n<link rel=\"canonical\" href=\"https:\/\/megapets.eu\/en\/accessories\/package-sepia-in-pieces-50-ml-kopia-kopia-kopia\/\" \/>\n<meta property=\"og:locale\" content=\"en_US\" \/>\n<meta property=\"og:type\" content=\"article\" \/>\n<meta property=\"og:title\" content=\"Package \u201cSepia in pieces\u201d 50 ml (Kopia) (Kopia) (Kopia) | MegaPets\" \/>\n<meta property=\"og:description\" content=\"Ingredients: 100% natural cuttlefish bone  The package contains: 20-25 pieces  Price applies to: 1 package.\" \/>\n<meta property=\"og:url\" content=\"https:\/\/megapets.eu\/en\/accessories\/package-sepia-in-pieces-50-ml-kopia-kopia-kopia\/\" \/>\n<meta property=\"og:site_name\" content=\"MegaPets\" \/>\n<meta property=\"article:publisher\" content=\"https:\/\/www.facebook.com\/MegaPets.eu\/\" \/>\n<meta property=\"article:modified_time\" content=\"2026-03-23T08:54:33+00:00\" \/>\n<meta property=\"og:image\" content=\"https:\/\/megapets.eu\/wp-content\/uploads\/2025\/12\/Mech_optimized-WEBP.webp\" \/>\n\t<meta property=\"og:image:width\" content=\"1200\" \/>\n\t<meta property=\"og:image:height\" content=\"800\" \/>\n\t<meta property=\"og:image:type\" content=\"image\/webp\" \/>\n<meta name=\"twitter:card\" content=\"summary_large_image\" \/>\n<meta name=\"twitter:label1\" content=\"Est. reading time\" \/>\n\t<meta name=\"twitter:data1\" content=\"1 minute\" \/>\n<script type=\"application\/ld+json\" class=\"yoast-schema-graph\">{\"@context\":\"https:\/\/schema.org\",\"@graph\":[{\"@type\":\"WebPage\",\"@id\":\"https:\/\/megapets.eu\/en\/accessories\/package-sepia-in-pieces-50-ml-kopia-kopia-kopia\/\",\"url\":\"https:\/\/megapets.eu\/en\/accessories\/package-sepia-in-pieces-50-ml-kopia-kopia-kopia\/\",\"name\":\"Package \u201cSepia in pieces\u201d 50 ml (Kopia) (Kopia) (Kopia) | MegaPets\",\"isPartOf\":{\"@id\":\"https:\/\/megapets.eu\/en\/#website\"},\"primaryImageOfPage\":{\"@id\":\"https:\/\/megapets.eu\/en\/accessories\/package-sepia-in-pieces-50-ml-kopia-kopia-kopia\/#primaryimage\"},\"image\":{\"@id\":\"https:\/\/megapets.eu\/en\/accessories\/package-sepia-in-pieces-50-ml-kopia-kopia-kopia\/#primaryimage\"},\"thumbnailUrl\":\"https:\/\/megapets.eu\/wp-content\/uploads\/2025\/12\/Mech_Sph_optimized4-WEBP.webp\",\"datePublished\":\"2025-12-03T09:16:10+00:00\",\"dateModified\":\"2026-03-23T08:54:33+00:00\",\"breadcrumb\":{\"@id\":\"https:\/\/megapets.eu\/en\/accessories\/package-sepia-in-pieces-50-ml-kopia-kopia-kopia\/#breadcrumb\"},\"inLanguage\":\"en-US\",\"potentialAction\":[{\"@type\":\"ReadAction\",\"target\":[\"https:\/\/megapets.eu\/en\/accessories\/package-sepia-in-pieces-50-ml-kopia-kopia-kopia\/\"]}]},{\"@type\":\"ImageObject\",\"inLanguage\":\"en-US\",\"@id\":\"https:\/\/megapets.eu\/en\/accessories\/package-sepia-in-pieces-50-ml-kopia-kopia-kopia\/#primaryimage\",\"url\":\"https:\/\/megapets.eu\/wp-content\/uploads\/2025\/12\/Mech_Sph_optimized4-WEBP.webp\",\"contentUrl\":\"https:\/\/megapets.eu\/wp-content\/uploads\/2025\/12\/Mech_Sph_optimized4-WEBP.webp\",\"width\":1200,\"height\":800},{\"@type\":\"BreadcrumbList\",\"@id\":\"https:\/\/megapets.eu\/en\/accessories\/package-sepia-in-pieces-50-ml-kopia-kopia-kopia\/#breadcrumb\",\"itemListElement\":[{\"@type\":\"ListItem\",\"position\":1,\"name\":\"Homepage\",\"item\":\"https:\/\/megapets.eu\/en\/home\/\"},{\"@type\":\"ListItem\",\"position\":2,\"name\":\"Shop\",\"item\":\"https:\/\/megapets.eu\/en\/shop\/\"},{\"@type\":\"ListItem\",\"position\":3,\"name\":\"Package \u201cSepia in pieces\u201d 50 ml (Kopia) (Kopia) (Kopia)\"}]},{\"@type\":\"WebSite\",\"@id\":\"https:\/\/megapets.eu\/en\/#website\",\"url\":\"https:\/\/megapets.eu\/en\/\",\"name\":\"Mega Pets\",\"description\":\"Jedna z najwi\u0119kszych hodowli \u015blimak\u00f3w w Europie\",\"publisher\":{\"@id\":\"https:\/\/megapets.eu\/en\/#organization\"},\"alternateName\":\"Mega Pets\",\"potentialAction\":[{\"@type\":\"SearchAction\",\"target\":{\"@type\":\"EntryPoint\",\"urlTemplate\":\"https:\/\/megapets.eu\/en\/?s={search_term_string}\"},\"query-input\":{\"@type\":\"PropertyValueSpecification\",\"valueRequired\":true,\"valueName\":\"search_term_string\"}}],\"inLanguage\":\"en-US\"},{\"@type\":\"Organization\",\"@id\":\"https:\/\/megapets.eu\/en\/#organization\",\"name\":\"Mega Pets\",\"url\":\"https:\/\/megapets.eu\/en\/\",\"logo\":{\"@type\":\"ImageObject\",\"inLanguage\":\"en-US\",\"@id\":\"https:\/\/megapets.eu\/en\/#\/schema\/logo\/image\/\",\"url\":\"https:\/\/megapets.eu\/wp-content\/uploads\/2025\/04\/megapets_eu-logo.png\",\"contentUrl\":\"https:\/\/megapets.eu\/wp-content\/uploads\/2025\/04\/megapets_eu-logo.png\",\"width\":2362,\"height\":2362,\"caption\":\"Mega Pets\"},\"image\":{\"@id\":\"https:\/\/megapets.eu\/en\/#\/schema\/logo\/image\/\"},\"sameAs\":[\"https:\/\/www.facebook.com\/MegaPets.eu\/\"]}]}<\/script>\n<!-- \/ Yoast SEO plugin. -->","yoast_head_json":{"title":"Package \u201cSepia in pieces\u201d 50 ml (Kopia) (Kopia) (Kopia) | MegaPets","robots":{"index":"index","follow":"follow","max-snippet":"max-snippet:-1","max-image-preview":"max-image-preview:large","max-video-preview":"max-video-preview:-1"},"canonical":"https:\/\/megapets.eu\/en\/accessories\/package-sepia-in-pieces-50-ml-kopia-kopia-kopia\/","og_locale":"en_US","og_type":"article","og_title":"Package \u201cSepia in pieces\u201d 50 ml (Kopia) (Kopia) (Kopia) | MegaPets","og_description":"Ingredients: 100% natural cuttlefish bone  The package contains: 20-25 pieces  Price applies to: 1 package.","og_url":"https:\/\/megapets.eu\/en\/accessories\/package-sepia-in-pieces-50-ml-kopia-kopia-kopia\/","og_site_name":"MegaPets","article_publisher":"https:\/\/www.facebook.com\/MegaPets.eu\/","article_modified_time":"2026-03-23T08:54:33+00:00","og_image":[{"width":1200,"height":800,"url":"https:\/\/megapets.eu\/wp-content\/uploads\/2025\/12\/Mech_optimized-WEBP.webp","type":"image\/webp"}],"twitter_card":"summary_large_image","twitter_misc":{"Est. reading time":"1 minute"},"schema":{"@context":"https:\/\/schema.org","@graph":[{"@type":"WebPage","@id":"https:\/\/megapets.eu\/en\/accessories\/package-sepia-in-pieces-50-ml-kopia-kopia-kopia\/","url":"https:\/\/megapets.eu\/en\/accessories\/package-sepia-in-pieces-50-ml-kopia-kopia-kopia\/","name":"Package \u201cSepia in pieces\u201d 50 ml (Kopia) (Kopia) (Kopia) | MegaPets","isPartOf":{"@id":"https:\/\/megapets.eu\/en\/#website"},"primaryImageOfPage":{"@id":"https:\/\/megapets.eu\/en\/accessories\/package-sepia-in-pieces-50-ml-kopia-kopia-kopia\/#primaryimage"},"image":{"@id":"https:\/\/megapets.eu\/en\/accessories\/package-sepia-in-pieces-50-ml-kopia-kopia-kopia\/#primaryimage"},"thumbnailUrl":"https:\/\/megapets.eu\/wp-content\/uploads\/2025\/12\/Mech_Sph_optimized4-WEBP.webp","datePublished":"2025-12-03T09:16:10+00:00","dateModified":"2026-03-23T08:54:33+00:00","breadcrumb":{"@id":"https:\/\/megapets.eu\/en\/accessories\/package-sepia-in-pieces-50-ml-kopia-kopia-kopia\/#breadcrumb"},"inLanguage":"en-US","potentialAction":[{"@type":"ReadAction","target":["https:\/\/megapets.eu\/en\/accessories\/package-sepia-in-pieces-50-ml-kopia-kopia-kopia\/"]}]},{"@type":"ImageObject","inLanguage":"en-US","@id":"https:\/\/megapets.eu\/en\/accessories\/package-sepia-in-pieces-50-ml-kopia-kopia-kopia\/#primaryimage","url":"https:\/\/megapets.eu\/wp-content\/uploads\/2025\/12\/Mech_Sph_optimized4-WEBP.webp","contentUrl":"https:\/\/megapets.eu\/wp-content\/uploads\/2025\/12\/Mech_Sph_optimized4-WEBP.webp","width":1200,"height":800},{"@type":"BreadcrumbList","@id":"https:\/\/megapets.eu\/en\/accessories\/package-sepia-in-pieces-50-ml-kopia-kopia-kopia\/#breadcrumb","itemListElement":[{"@type":"ListItem","position":1,"name":"Homepage","item":"https:\/\/megapets.eu\/en\/home\/"},{"@type":"ListItem","position":2,"name":"Shop","item":"https:\/\/megapets.eu\/en\/shop\/"},{"@type":"ListItem","position":3,"name":"Package \u201cSepia in pieces\u201d 50 ml (Kopia) (Kopia) (Kopia)"}]},{"@type":"WebSite","@id":"https:\/\/megapets.eu\/en\/#website","url":"https:\/\/megapets.eu\/en\/","name":"Mega Pets","description":"Jedna z najwi\u0119kszych hodowli \u015blimak\u00f3w w Europie","publisher":{"@id":"https:\/\/megapets.eu\/en\/#organization"},"alternateName":"Mega Pets","potentialAction":[{"@type":"SearchAction","target":{"@type":"EntryPoint","urlTemplate":"https:\/\/megapets.eu\/en\/?s={search_term_string}"},"query-input":{"@type":"PropertyValueSpecification","valueRequired":true,"valueName":"search_term_string"}}],"inLanguage":"en-US"},{"@type":"Organization","@id":"https:\/\/megapets.eu\/en\/#organization","name":"Mega Pets","url":"https:\/\/megapets.eu\/en\/","logo":{"@type":"ImageObject","inLanguage":"en-US","@id":"https:\/\/megapets.eu\/en\/#\/schema\/logo\/image\/","url":"https:\/\/megapets.eu\/wp-content\/uploads\/2025\/04\/megapets_eu-logo.png","contentUrl":"https:\/\/megapets.eu\/wp-content\/uploads\/2025\/04\/megapets_eu-logo.png","width":2362,"height":2362,"caption":"Mega Pets"},"image":{"@id":"https:\/\/megapets.eu\/en\/#\/schema\/logo\/image\/"},"sameAs":["https:\/\/www.facebook.com\/MegaPets.eu\/"]}]}},"_links":{"self":[{"href":"https:\/\/megapets.eu\/en\/wp-json\/wp\/v2\/product\/12504","targetHints":{"allow":["GET"]}}],"collection":[{"href":"https:\/\/megapets.eu\/en\/wp-json\/wp\/v2\/product"}],"about":[{"href":"https:\/\/megapets.eu\/en\/wp-json\/wp\/v2\/types\/product"}],"wp:featuredmedia":[{"embeddable":true,"href":"https:\/\/megapets.eu\/en\/wp-json\/wp\/v2\/media\/12536"}],"wp:attachment":[{"href":"https:\/\/megapets.eu\/en\/wp-json\/wp\/v2\/media?parent=12504"}],"wp:term":[{"taxonomy":"product_cat","embeddable":true,"href":"https:\/\/megapets.eu\/en\/wp-json\/wp\/v2\/product_cat?post=12504"},{"taxonomy":"product_tag","embeddable":true,"href":"https:\/\/megapets.eu\/en\/wp-json\/wp\/v2\/product_tag?post=12504"}],"curies":[{"name":"wp","href":"https:\/\/api.w.org\/{rel}","templated":true}]}}