{"id":3742,"date":"2025-04-27T14:51:01","date_gmt":"2025-04-27T14:51:01","guid":{"rendered":"https:\/\/megapets.eu\/uncategorized\/lissachatina-reticulatastandard\/"},"modified":"2025-04-27T14:51:01","modified_gmt":"2025-04-27T14:51:01","slug":"lissachatina-reticulatastandard","status":"publish","type":"product","link":"https:\/\/megapets.eu\/en\/snails\/lissachatina-reticulatastandard\/","title":{"rendered":"Lissachatina reticulata<br>standard"},"content":{"rendered":"<p class=\"v1v1v1v1MsoNormal\"><span style=\"color: #424242;\"><strong><em><span style=\"font-size: 15px;\"><b>Species: <\/b><\/span><\/em><\/strong><em><span style=\"font-size: 15px;\">Lissachatina reticulata<\/span><\/em><strong><em><span style=\"font-size: 15px;\"><br \/>\nColor variety:<\/span><\/em><\/strong><em><span style=\"font-size: 15px;\"> standard<\/span><\/em><\/span><\/p>\n<p>&nbsp;<\/p>\n<p class=\"v1v1v1v1MsoNormal\"><span style=\"font-size: 15px;\"><strong><em><span style=\"color: #008000;\">\u2b50  <\/span><\/em><\/strong><em><span style=\"color: #008000;\"><span style=\"color: #424242;\">The species Lissachatina reticulata is one of the most popular and well-known African snails among beginners. This species is very active. Lissachatina reticulata grows to a large size in sight, the shell of an adult can grow even more than 16 cm.  <\/span><\/span><\/em><\/span><\/p>\n<p>&nbsp;<\/p>\n","protected":false},"excerpt":{"rendered":"<ul>\n<li>From an unrelated couple:\n<ul>\n<li>\n<\/li>\n<\/ul>\n<\/li>\n<li>Target shell size:\n<ul>\n<li>approx. 15-16 cm <\/li>\n<\/ul>\n<\/li>\n<li>Offered young specimen:\n<ul>\n<li>approx. 6 cm <\/li>\n<\/ul>\n<\/li>\n<li>The price applies to:\n<ul>\n<li>1 pc<\/li>\n<\/ul>\n<\/li>\n<\/ul>\n","protected":false},"featured_media":3477,"template":"","meta":{"_acf_changed":false,"_links_to":"","_links_to_target":""},"product_cat":[68],"product_tag":[],"class_list":{"0":"post-3742","1":"product","2":"type-product","3":"status-publish","4":"has-post-thumbnail","6":"product_cat-snails","8":"first","9":"outofstock","10":"shipping-taxable","11":"purchasable","12":"product-type-simple"},"acf":[],"yoast_head":"<!-- This site is optimized with the Yoast SEO plugin v24.9 - https:\/\/yoast.com\/wordpress\/plugins\/seo\/ -->\n<title>Lissachatina reticulatastandard | MegaPets<\/title>\n<meta name=\"description\" content=\"The species Lissachatina reticulata is one of the most popular and well-known African snails among beginners. This species is very active. Lissachatina reticulata grows to a large size in sight, the shell of an adult can grow even more than 16 cm.\" \/>\n<meta name=\"robots\" content=\"index, follow, max-snippet:-1, max-image-preview:large, max-video-preview:-1\" \/>\n<link rel=\"canonical\" href=\"https:\/\/megapets.eu\/en\/snails\/lissachatina-reticulatastandard\/\" \/>\n<meta property=\"og:locale\" content=\"en_US\" \/>\n<meta property=\"og:type\" content=\"article\" \/>\n<meta property=\"og:title\" content=\"Lissachatina reticulatastandard | MegaPets\" \/>\n<meta property=\"og:description\" content=\"The species Lissachatina reticulata is one of the most popular and well-known African snails among beginners. This species is very active. Lissachatina reticulata grows to a large size in sight, the shell of an adult can grow even more than 16 cm.\" \/>\n<meta property=\"og:url\" content=\"https:\/\/megapets.eu\/en\/snails\/lissachatina-reticulatastandard\/\" \/>\n<meta property=\"og:site_name\" content=\"MegaPets\" \/>\n<meta property=\"article:publisher\" content=\"https:\/\/www.facebook.com\/MegaPets.eu\/\" \/>\n<meta property=\"og:image\" content=\"https:\/\/megapets.eu\/wp-content\/uploads\/2025\/04\/Sklep-1.png\" \/>\n\t<meta property=\"og:image:width\" content=\"1048\" \/>\n\t<meta property=\"og:image:height\" content=\"706\" \/>\n\t<meta property=\"og:image:type\" content=\"image\/png\" \/>\n<meta name=\"twitter:card\" content=\"summary_large_image\" \/>\n<script type=\"application\/ld+json\" class=\"yoast-schema-graph\">{\"@context\":\"https:\/\/schema.org\",\"@graph\":[{\"@type\":\"WebPage\",\"@id\":\"https:\/\/megapets.eu\/en\/snails\/lissachatina-reticulatastandard\/\",\"url\":\"https:\/\/megapets.eu\/en\/snails\/lissachatina-reticulatastandard\/\",\"name\":\"Lissachatina reticulata standard | MegaPets\",\"isPartOf\":{\"@id\":\"https:\/\/megapets.eu\/en\/#website\"},\"primaryImageOfPage\":{\"@id\":\"https:\/\/megapets.eu\/en\/snails\/lissachatina-reticulatastandard\/#primaryimage\"},\"image\":{\"@id\":\"https:\/\/megapets.eu\/en\/snails\/lissachatina-reticulatastandard\/#primaryimage\"},\"thumbnailUrl\":\"https:\/\/megapets.eu\/wp-content\/uploads\/2025\/04\/Sklep-1.png\",\"datePublished\":\"2025-04-27T14:51:01+00:00\",\"description\":\"The species Lissachatina reticulata is one of the most popular and well-known African snails among beginners. This species is very active. Lissachatina reticulata grows to a large size in sight, the shell of an adult can grow even more than 16 cm.\",\"breadcrumb\":{\"@id\":\"https:\/\/megapets.eu\/en\/snails\/lissachatina-reticulatastandard\/#breadcrumb\"},\"inLanguage\":\"en-US\",\"potentialAction\":[{\"@type\":\"ReadAction\",\"target\":[\"https:\/\/megapets.eu\/en\/snails\/lissachatina-reticulatastandard\/\"]}]},{\"@type\":\"ImageObject\",\"inLanguage\":\"en-US\",\"@id\":\"https:\/\/megapets.eu\/en\/snails\/lissachatina-reticulatastandard\/#primaryimage\",\"url\":\"https:\/\/megapets.eu\/wp-content\/uploads\/2025\/04\/Sklep-1.png\",\"contentUrl\":\"https:\/\/megapets.eu\/wp-content\/uploads\/2025\/04\/Sklep-1.png\",\"width\":1048,\"height\":706},{\"@type\":\"BreadcrumbList\",\"@id\":\"https:\/\/megapets.eu\/en\/snails\/lissachatina-reticulatastandard\/#breadcrumb\",\"itemListElement\":[{\"@type\":\"ListItem\",\"position\":1,\"name\":\"Homepage\",\"item\":\"https:\/\/megapets.eu\/en\/home\/\"},{\"@type\":\"ListItem\",\"position\":2,\"name\":\"Shop\",\"item\":\"https:\/\/megapets.eu\/en\/shop\/\"},{\"@type\":\"ListItem\",\"position\":3,\"name\":\"Lissachatina reticulatastandard\"}]},{\"@type\":\"WebSite\",\"@id\":\"https:\/\/megapets.eu\/en\/#website\",\"url\":\"https:\/\/megapets.eu\/en\/\",\"name\":\"Mega Pets\",\"description\":\"Jedna z najwi\u0119kszych hodowli \u015blimak\u00f3w w Europie\",\"publisher\":{\"@id\":\"https:\/\/megapets.eu\/en\/#organization\"},\"alternateName\":\"Mega Pets\",\"potentialAction\":[{\"@type\":\"SearchAction\",\"target\":{\"@type\":\"EntryPoint\",\"urlTemplate\":\"https:\/\/megapets.eu\/en\/?s={search_term_string}\"},\"query-input\":{\"@type\":\"PropertyValueSpecification\",\"valueRequired\":true,\"valueName\":\"search_term_string\"}}],\"inLanguage\":\"en-US\"},{\"@type\":\"Organization\",\"@id\":\"https:\/\/megapets.eu\/en\/#organization\",\"name\":\"Mega Pets\",\"url\":\"https:\/\/megapets.eu\/en\/\",\"logo\":{\"@type\":\"ImageObject\",\"inLanguage\":\"en-US\",\"@id\":\"https:\/\/megapets.eu\/en\/#\/schema\/logo\/image\/\",\"url\":\"https:\/\/megapets.eu\/wp-content\/uploads\/2025\/04\/megapets_eu-logo.png\",\"contentUrl\":\"https:\/\/megapets.eu\/wp-content\/uploads\/2025\/04\/megapets_eu-logo.png\",\"width\":2362,\"height\":2362,\"caption\":\"Mega Pets\"},\"image\":{\"@id\":\"https:\/\/megapets.eu\/en\/#\/schema\/logo\/image\/\"},\"sameAs\":[\"https:\/\/www.facebook.com\/MegaPets.eu\/\"]}]}<\/script>\n<!-- \/ Yoast SEO plugin. -->","yoast_head_json":{"title":"Lissachatina reticulatastandard | MegaPets","description":"The species Lissachatina reticulata is one of the most popular and well-known African snails among beginners. This species is very active. Lissachatina reticulata grows to a large size in sight, the shell of an adult can grow even more than 16 cm.","robots":{"index":"index","follow":"follow","max-snippet":"max-snippet:-1","max-image-preview":"max-image-preview:large","max-video-preview":"max-video-preview:-1"},"canonical":"https:\/\/megapets.eu\/en\/snails\/lissachatina-reticulatastandard\/","og_locale":"en_US","og_type":"article","og_title":"Lissachatina reticulatastandard | MegaPets","og_description":"The species Lissachatina reticulata is one of the most popular and well-known African snails among beginners. This species is very active. Lissachatina reticulata grows to a large size in sight, the shell of an adult can grow even more than 16 cm.","og_url":"https:\/\/megapets.eu\/en\/snails\/lissachatina-reticulatastandard\/","og_site_name":"MegaPets","article_publisher":"https:\/\/www.facebook.com\/MegaPets.eu\/","og_image":[{"width":1048,"height":706,"url":"https:\/\/megapets.eu\/wp-content\/uploads\/2025\/04\/Sklep-1.png","type":"image\/png"}],"twitter_card":"summary_large_image","schema":{"@context":"https:\/\/schema.org","@graph":[{"@type":"WebPage","@id":"https:\/\/megapets.eu\/en\/snails\/lissachatina-reticulatastandard\/","url":"https:\/\/megapets.eu\/en\/snails\/lissachatina-reticulatastandard\/","name":"Lissachatina reticulata standard | MegaPets","isPartOf":{"@id":"https:\/\/megapets.eu\/en\/#website"},"primaryImageOfPage":{"@id":"https:\/\/megapets.eu\/en\/snails\/lissachatina-reticulatastandard\/#primaryimage"},"image":{"@id":"https:\/\/megapets.eu\/en\/snails\/lissachatina-reticulatastandard\/#primaryimage"},"thumbnailUrl":"https:\/\/megapets.eu\/wp-content\/uploads\/2025\/04\/Sklep-1.png","datePublished":"2025-04-27T14:51:01+00:00","description":"The species Lissachatina reticulata is one of the most popular and well-known African snails among beginners. This species is very active. Lissachatina reticulata grows to a large size in sight, the shell of an adult can grow even more than 16 cm.","breadcrumb":{"@id":"https:\/\/megapets.eu\/en\/snails\/lissachatina-reticulatastandard\/#breadcrumb"},"inLanguage":"en-US","potentialAction":[{"@type":"ReadAction","target":["https:\/\/megapets.eu\/en\/snails\/lissachatina-reticulatastandard\/"]}]},{"@type":"ImageObject","inLanguage":"en-US","@id":"https:\/\/megapets.eu\/en\/snails\/lissachatina-reticulatastandard\/#primaryimage","url":"https:\/\/megapets.eu\/wp-content\/uploads\/2025\/04\/Sklep-1.png","contentUrl":"https:\/\/megapets.eu\/wp-content\/uploads\/2025\/04\/Sklep-1.png","width":1048,"height":706},{"@type":"BreadcrumbList","@id":"https:\/\/megapets.eu\/en\/snails\/lissachatina-reticulatastandard\/#breadcrumb","itemListElement":[{"@type":"ListItem","position":1,"name":"Homepage","item":"https:\/\/megapets.eu\/en\/home\/"},{"@type":"ListItem","position":2,"name":"Shop","item":"https:\/\/megapets.eu\/en\/shop\/"},{"@type":"ListItem","position":3,"name":"Lissachatina reticulatastandard"}]},{"@type":"WebSite","@id":"https:\/\/megapets.eu\/en\/#website","url":"https:\/\/megapets.eu\/en\/","name":"Mega Pets","description":"Jedna z najwi\u0119kszych hodowli \u015blimak\u00f3w w Europie","publisher":{"@id":"https:\/\/megapets.eu\/en\/#organization"},"alternateName":"Mega Pets","potentialAction":[{"@type":"SearchAction","target":{"@type":"EntryPoint","urlTemplate":"https:\/\/megapets.eu\/en\/?s={search_term_string}"},"query-input":{"@type":"PropertyValueSpecification","valueRequired":true,"valueName":"search_term_string"}}],"inLanguage":"en-US"},{"@type":"Organization","@id":"https:\/\/megapets.eu\/en\/#organization","name":"Mega Pets","url":"https:\/\/megapets.eu\/en\/","logo":{"@type":"ImageObject","inLanguage":"en-US","@id":"https:\/\/megapets.eu\/en\/#\/schema\/logo\/image\/","url":"https:\/\/megapets.eu\/wp-content\/uploads\/2025\/04\/megapets_eu-logo.png","contentUrl":"https:\/\/megapets.eu\/wp-content\/uploads\/2025\/04\/megapets_eu-logo.png","width":2362,"height":2362,"caption":"Mega Pets"},"image":{"@id":"https:\/\/megapets.eu\/en\/#\/schema\/logo\/image\/"},"sameAs":["https:\/\/www.facebook.com\/MegaPets.eu\/"]}]}},"_links":{"self":[{"href":"https:\/\/megapets.eu\/en\/wp-json\/wp\/v2\/product\/3742","targetHints":{"allow":["GET"]}}],"collection":[{"href":"https:\/\/megapets.eu\/en\/wp-json\/wp\/v2\/product"}],"about":[{"href":"https:\/\/megapets.eu\/en\/wp-json\/wp\/v2\/types\/product"}],"wp:featuredmedia":[{"embeddable":true,"href":"https:\/\/megapets.eu\/en\/wp-json\/wp\/v2\/media\/3477"}],"wp:attachment":[{"href":"https:\/\/megapets.eu\/en\/wp-json\/wp\/v2\/media?parent=3742"}],"wp:term":[{"taxonomy":"product_cat","embeddable":true,"href":"https:\/\/megapets.eu\/en\/wp-json\/wp\/v2\/product_cat?post=3742"},{"taxonomy":"product_tag","embeddable":true,"href":"https:\/\/megapets.eu\/en\/wp-json\/wp\/v2\/product_tag?post=3742"}],"curies":[{"name":"wp","href":"https:\/\/api.w.org\/{rel}","templated":true}]}}