{"id":3753,"date":"2025-04-17T10:35:12","date_gmt":"2025-04-17T10:35:12","guid":{"rendered":"https:\/\/megapets.eu\/uncategorized\/benoitolus-siamensisfluorescence-under-uv-light\/"},"modified":"2025-04-17T10:35:12","modified_gmt":"2025-04-17T10:35:12","slug":"benoitolus-siamensisfluorescence-under-uv-light","status":"publish","type":"product","link":"https:\/\/megapets.eu\/en\/miriapodes\/benoitolus-siamensisfluorescence-under-uv-light\/","title":{"rendered":"Benoitolus siamensis<br>\u201cFluorescence under UV light\u201d"},"content":{"rendered":"<p class=\"v1v1v1v1MsoNormal\" style=\"text-align: left;\"><span style=\"color: #d94890;\"><strong><em><span style=\"font-size: 15px;\"><span style=\"color: #424242;\">Species:<\/span> <span style=\"color: #3366ff;\">crocodile <\/span><\/span><\/em><\/strong><\/span>Benoitolus siamensis <span style=\"color: #d94890;\"><strong><em><span style=\"font-size: 15px;\"><span style=\"color: #3366ff;\">\u201cFluorescence under UV light.\u201d<\/span><\/span><\/em><\/strong><\/span><\/p>\n<p class=\"v1v1v1v1MsoNormal\" style=\"text-align: left;\"><span style=\"color: #424242;\"><strong><em><span style=\"font-size: 15px;\">Easy to maintain, so they are great for beginners.<\/span><\/em><\/strong><\/span><\/p>\n<p style=\"text-align: left;\"><span style=\"color: #800000;\"><span style=\"color: #424242;\"><strong><em><span style=\"font-size: 15px;\">It is possible<\/span><\/em><\/strong><\/span><strong><em><span style=\"font-size: 15px;\"><span style=\"color: #424242;\">possibility to select a pair:<b> <\/b>male and female. <span style=\"color: #3366ff;\">In order to breed this species, we encourage you to purchase at least 5 specimens (2 males and 3 females), but it is not necessary, the individual can live alone.<\/span><\/span><\/span><\/em><\/strong><\/span><\/p>\n<p style=\"text-align: left;\"><span style=\"color: #800000;\"><strong><em><span style=\"font-size: 15px;\"><span style=\"color: #424242;\"><span style=\"color: #3366ff;\"><strong style=\"color: #424242;\">\ud83d\udc99\u2b50\ufe0f\ud83e\ude75 <\/strong>Fluorescence. When exposed to UV light, some terrarium animal species begin to glow a blue-green color \ud83e\ude75\u2b50\ufe0f \ud83d\udc99 . <\/span><\/span><\/span><\/em><\/strong><\/span><\/p>\n<p style=\"text-align: left;\"><span style=\"color: #424242;\"><strong><em><span style=\"font-size: 15px;\"><strong style=\"color: #424242;\"><span style=\"color: #800000;\"><span style=\"color: #3366ff;\">\ud83e\ude75<\/span><\/span> Looking for something cool to breed to start with?  <\/strong><span style=\"color: #3366ff;\">Crocodiles Benoitolus siamensis are beautiful and easy to keep creatures, completely safe for humans, and do not bite. They have weak jaws that are adapted for grinding plant matter. Crocionogs prefer moist places, live in the top layer of the substrate and feed on leaves, multicomponent substrate designed for crocodile breeding, and vegetables and fruits.  <\/span><\/span><\/em><\/strong><\/span><\/p>\n","protected":false},"excerpt":{"rendered":"<ul>\n<li>Target size:\n<ul>\n<li>approximately 8 cm<\/li>\n<\/ul>\n<\/li>\n<li>Offered young specimen:\n<ul>\n<li>approx. 2 cm <\/li>\n<\/ul>\n<\/li>\n<li>The price applies to:\n<ul>\n<li>1 pc<\/li>\n<\/ul>\n<\/li>\n<\/ul>\n","protected":false},"featured_media":3461,"template":"","meta":{"_acf_changed":false,"_links_to":"","_links_to_target":""},"product_cat":[77],"product_tag":[],"class_list":{"0":"post-3753","1":"product","2":"type-product","3":"status-publish","4":"has-post-thumbnail","6":"product_cat-miriapodes","8":"first","9":"outofstock","10":"shipping-taxable","11":"purchasable","12":"product-type-simple"},"acf":[],"yoast_head":"<!-- This site is optimized with the Yoast SEO plugin v24.9 - https:\/\/yoast.com\/wordpress\/plugins\/seo\/ -->\n<title>Benoitolus siamensis\u201cFluorescence under UV light\u201d | MegaPets<\/title>\n<meta name=\"robots\" content=\"index, follow, max-snippet:-1, max-image-preview:large, max-video-preview:-1\" \/>\n<link rel=\"canonical\" href=\"https:\/\/megapets.eu\/en\/miriapodes\/benoitolus-siamensisfluorescence-under-uv-light\/\" \/>\n<meta property=\"og:locale\" content=\"en_US\" \/>\n<meta property=\"og:type\" content=\"article\" \/>\n<meta property=\"og:title\" content=\"Benoitolus siamensis\u201cFluorescence under UV light\u201d | MegaPets\" \/>\n<meta property=\"og:description\" content=\"Target size:  approximately 8 cm   Offered young specimen:  approx. 2 cm   The price applies to:  1 pc\" \/>\n<meta property=\"og:url\" content=\"https:\/\/megapets.eu\/en\/miriapodes\/benoitolus-siamensisfluorescence-under-uv-light\/\" \/>\n<meta property=\"og:site_name\" content=\"MegaPets\" \/>\n<meta property=\"article:publisher\" content=\"https:\/\/www.facebook.com\/MegaPets.eu\/\" \/>\n<meta property=\"og:image\" content=\"https:\/\/megapets.eu\/wp-content\/uploads\/2025\/04\/12logo.png\" \/>\n\t<meta property=\"og:image:width\" content=\"1046\" \/>\n\t<meta property=\"og:image:height\" content=\"690\" \/>\n\t<meta property=\"og:image:type\" content=\"image\/png\" \/>\n<meta name=\"twitter:card\" content=\"summary_large_image\" \/>\n<meta name=\"twitter:label1\" content=\"Est. reading time\" \/>\n\t<meta name=\"twitter:data1\" content=\"1 minute\" \/>\n<script type=\"application\/ld+json\" class=\"yoast-schema-graph\">{\"@context\":\"https:\/\/schema.org\",\"@graph\":[{\"@type\":\"WebPage\",\"@id\":\"https:\/\/megapets.eu\/en\/miriapodes\/benoitolus-siamensisfluorescence-under-uv-light\/\",\"url\":\"https:\/\/megapets.eu\/en\/miriapodes\/benoitolus-siamensisfluorescence-under-uv-light\/\",\"name\":\"Benoitolus siamensis \u201cFluorescence under UV light\u201d | MegaPets\",\"isPartOf\":{\"@id\":\"https:\/\/megapets.eu\/en\/#website\"},\"primaryImageOfPage\":{\"@id\":\"https:\/\/megapets.eu\/en\/miriapodes\/benoitolus-siamensisfluorescence-under-uv-light\/#primaryimage\"},\"image\":{\"@id\":\"https:\/\/megapets.eu\/en\/miriapodes\/benoitolus-siamensisfluorescence-under-uv-light\/#primaryimage\"},\"thumbnailUrl\":\"https:\/\/megapets.eu\/wp-content\/uploads\/2025\/04\/12logo.png\",\"datePublished\":\"2025-04-17T10:35:12+00:00\",\"breadcrumb\":{\"@id\":\"https:\/\/megapets.eu\/en\/miriapodes\/benoitolus-siamensisfluorescence-under-uv-light\/#breadcrumb\"},\"inLanguage\":\"en-US\",\"potentialAction\":[{\"@type\":\"ReadAction\",\"target\":[\"https:\/\/megapets.eu\/en\/miriapodes\/benoitolus-siamensisfluorescence-under-uv-light\/\"]}]},{\"@type\":\"ImageObject\",\"inLanguage\":\"en-US\",\"@id\":\"https:\/\/megapets.eu\/en\/miriapodes\/benoitolus-siamensisfluorescence-under-uv-light\/#primaryimage\",\"url\":\"https:\/\/megapets.eu\/wp-content\/uploads\/2025\/04\/12logo.png\",\"contentUrl\":\"https:\/\/megapets.eu\/wp-content\/uploads\/2025\/04\/12logo.png\",\"width\":1046,\"height\":690},{\"@type\":\"BreadcrumbList\",\"@id\":\"https:\/\/megapets.eu\/en\/miriapodes\/benoitolus-siamensisfluorescence-under-uv-light\/#breadcrumb\",\"itemListElement\":[{\"@type\":\"ListItem\",\"position\":1,\"name\":\"Homepage\",\"item\":\"https:\/\/megapets.eu\/en\/home\/\"},{\"@type\":\"ListItem\",\"position\":2,\"name\":\"Shop\",\"item\":\"https:\/\/megapets.eu\/en\/shop\/\"},{\"@type\":\"ListItem\",\"position\":3,\"name\":\"Benoitolus siamensis\u201cFluorescence under UV light\u201d\"}]},{\"@type\":\"WebSite\",\"@id\":\"https:\/\/megapets.eu\/en\/#website\",\"url\":\"https:\/\/megapets.eu\/en\/\",\"name\":\"Mega Pets\",\"description\":\"Jedna z najwi\u0119kszych hodowli \u015blimak\u00f3w w Europie\",\"publisher\":{\"@id\":\"https:\/\/megapets.eu\/en\/#organization\"},\"alternateName\":\"Mega Pets\",\"potentialAction\":[{\"@type\":\"SearchAction\",\"target\":{\"@type\":\"EntryPoint\",\"urlTemplate\":\"https:\/\/megapets.eu\/en\/?s={search_term_string}\"},\"query-input\":{\"@type\":\"PropertyValueSpecification\",\"valueRequired\":true,\"valueName\":\"search_term_string\"}}],\"inLanguage\":\"en-US\"},{\"@type\":\"Organization\",\"@id\":\"https:\/\/megapets.eu\/en\/#organization\",\"name\":\"Mega Pets\",\"url\":\"https:\/\/megapets.eu\/en\/\",\"logo\":{\"@type\":\"ImageObject\",\"inLanguage\":\"en-US\",\"@id\":\"https:\/\/megapets.eu\/en\/#\/schema\/logo\/image\/\",\"url\":\"https:\/\/megapets.eu\/wp-content\/uploads\/2025\/04\/megapets_eu-logo.png\",\"contentUrl\":\"https:\/\/megapets.eu\/wp-content\/uploads\/2025\/04\/megapets_eu-logo.png\",\"width\":2362,\"height\":2362,\"caption\":\"Mega Pets\"},\"image\":{\"@id\":\"https:\/\/megapets.eu\/en\/#\/schema\/logo\/image\/\"},\"sameAs\":[\"https:\/\/www.facebook.com\/MegaPets.eu\/\"]}]}<\/script>\n<!-- \/ Yoast SEO plugin. -->","yoast_head_json":{"title":"Benoitolus siamensis\u201cFluorescence under UV light\u201d | MegaPets","robots":{"index":"index","follow":"follow","max-snippet":"max-snippet:-1","max-image-preview":"max-image-preview:large","max-video-preview":"max-video-preview:-1"},"canonical":"https:\/\/megapets.eu\/en\/miriapodes\/benoitolus-siamensisfluorescence-under-uv-light\/","og_locale":"en_US","og_type":"article","og_title":"Benoitolus siamensis\u201cFluorescence under UV light\u201d | MegaPets","og_description":"Target size:  approximately 8 cm   Offered young specimen:  approx. 2 cm   The price applies to:  1 pc","og_url":"https:\/\/megapets.eu\/en\/miriapodes\/benoitolus-siamensisfluorescence-under-uv-light\/","og_site_name":"MegaPets","article_publisher":"https:\/\/www.facebook.com\/MegaPets.eu\/","og_image":[{"width":1046,"height":690,"url":"https:\/\/megapets.eu\/wp-content\/uploads\/2025\/04\/12logo.png","type":"image\/png"}],"twitter_card":"summary_large_image","twitter_misc":{"Est. reading time":"1 minute"},"schema":{"@context":"https:\/\/schema.org","@graph":[{"@type":"WebPage","@id":"https:\/\/megapets.eu\/en\/miriapodes\/benoitolus-siamensisfluorescence-under-uv-light\/","url":"https:\/\/megapets.eu\/en\/miriapodes\/benoitolus-siamensisfluorescence-under-uv-light\/","name":"Benoitolus siamensis \u201cFluorescence under UV light\u201d | MegaPets","isPartOf":{"@id":"https:\/\/megapets.eu\/en\/#website"},"primaryImageOfPage":{"@id":"https:\/\/megapets.eu\/en\/miriapodes\/benoitolus-siamensisfluorescence-under-uv-light\/#primaryimage"},"image":{"@id":"https:\/\/megapets.eu\/en\/miriapodes\/benoitolus-siamensisfluorescence-under-uv-light\/#primaryimage"},"thumbnailUrl":"https:\/\/megapets.eu\/wp-content\/uploads\/2025\/04\/12logo.png","datePublished":"2025-04-17T10:35:12+00:00","breadcrumb":{"@id":"https:\/\/megapets.eu\/en\/miriapodes\/benoitolus-siamensisfluorescence-under-uv-light\/#breadcrumb"},"inLanguage":"en-US","potentialAction":[{"@type":"ReadAction","target":["https:\/\/megapets.eu\/en\/miriapodes\/benoitolus-siamensisfluorescence-under-uv-light\/"]}]},{"@type":"ImageObject","inLanguage":"en-US","@id":"https:\/\/megapets.eu\/en\/miriapodes\/benoitolus-siamensisfluorescence-under-uv-light\/#primaryimage","url":"https:\/\/megapets.eu\/wp-content\/uploads\/2025\/04\/12logo.png","contentUrl":"https:\/\/megapets.eu\/wp-content\/uploads\/2025\/04\/12logo.png","width":1046,"height":690},{"@type":"BreadcrumbList","@id":"https:\/\/megapets.eu\/en\/miriapodes\/benoitolus-siamensisfluorescence-under-uv-light\/#breadcrumb","itemListElement":[{"@type":"ListItem","position":1,"name":"Homepage","item":"https:\/\/megapets.eu\/en\/home\/"},{"@type":"ListItem","position":2,"name":"Shop","item":"https:\/\/megapets.eu\/en\/shop\/"},{"@type":"ListItem","position":3,"name":"Benoitolus siamensis\u201cFluorescence under UV light\u201d"}]},{"@type":"WebSite","@id":"https:\/\/megapets.eu\/en\/#website","url":"https:\/\/megapets.eu\/en\/","name":"Mega Pets","description":"Jedna z najwi\u0119kszych hodowli \u015blimak\u00f3w w Europie","publisher":{"@id":"https:\/\/megapets.eu\/en\/#organization"},"alternateName":"Mega Pets","potentialAction":[{"@type":"SearchAction","target":{"@type":"EntryPoint","urlTemplate":"https:\/\/megapets.eu\/en\/?s={search_term_string}"},"query-input":{"@type":"PropertyValueSpecification","valueRequired":true,"valueName":"search_term_string"}}],"inLanguage":"en-US"},{"@type":"Organization","@id":"https:\/\/megapets.eu\/en\/#organization","name":"Mega Pets","url":"https:\/\/megapets.eu\/en\/","logo":{"@type":"ImageObject","inLanguage":"en-US","@id":"https:\/\/megapets.eu\/en\/#\/schema\/logo\/image\/","url":"https:\/\/megapets.eu\/wp-content\/uploads\/2025\/04\/megapets_eu-logo.png","contentUrl":"https:\/\/megapets.eu\/wp-content\/uploads\/2025\/04\/megapets_eu-logo.png","width":2362,"height":2362,"caption":"Mega Pets"},"image":{"@id":"https:\/\/megapets.eu\/en\/#\/schema\/logo\/image\/"},"sameAs":["https:\/\/www.facebook.com\/MegaPets.eu\/"]}]}},"_links":{"self":[{"href":"https:\/\/megapets.eu\/en\/wp-json\/wp\/v2\/product\/3753","targetHints":{"allow":["GET"]}}],"collection":[{"href":"https:\/\/megapets.eu\/en\/wp-json\/wp\/v2\/product"}],"about":[{"href":"https:\/\/megapets.eu\/en\/wp-json\/wp\/v2\/types\/product"}],"wp:featuredmedia":[{"embeddable":true,"href":"https:\/\/megapets.eu\/en\/wp-json\/wp\/v2\/media\/3461"}],"wp:attachment":[{"href":"https:\/\/megapets.eu\/en\/wp-json\/wp\/v2\/media?parent=3753"}],"wp:term":[{"taxonomy":"product_cat","embeddable":true,"href":"https:\/\/megapets.eu\/en\/wp-json\/wp\/v2\/product_cat?post=3753"},{"taxonomy":"product_tag","embeddable":true,"href":"https:\/\/megapets.eu\/en\/wp-json\/wp\/v2\/product_tag?post=3753"}],"curies":[{"name":"wp","href":"https:\/\/api.w.org\/{rel}","templated":true}]}}