{"id":3799,"date":"2025-03-15T12:36:40","date_gmt":"2025-03-15T12:36:40","guid":{"rendered":"https:\/\/megapets.eu\/uncategorized\/archachatina-marginata-suturalisstandard-para-p2\/"},"modified":"2025-07-13T18:11:53","modified_gmt":"2025-07-13T18:11:53","slug":"archachatina-marginata-suturalisstandard-para-p2","status":"publish","type":"product","link":"https:\/\/megapets.eu\/en\/snails\/archachatina-marginata-suturalisstandard-para-p2\/","title":{"rendered":"Archachatina marginata suturalis<br>standard \/ para P2"},"content":{"rendered":"<p style=\"text-align: left;\"><span style=\"font-size: 15px;\"><strong><span style=\"color: #000000;\"><em>Species: <\/em><\/span><\/strong><span style=\"color: #000000;\"><em>Archachatina marginata suturalis<\/em><\/span><strong><span style=\"color: #000000;\"><em><br \/>\nColor variety:<\/em><\/span><\/strong><span style=\"color: #000000;\"><em> standard<\/em><\/span><\/span><\/p>\n<p style=\"text-align: left;\"><span style=\"font-size: 15px;\"><strong><span style=\"color: #000000;\"><em><img loading=\"lazy\" decoding=\"async\" class=\"\" src=\"https:\/\/static.xx.fbcdn.net\/images\/emoji.php\/v9\/ta\/1\/32\/1f525.png\" alt=\"\ud83d\udd25\" width=\"18\" height=\"18\"> <\/em><\/span><\/strong><span style=\"color: #000000;\"><em>Offered young specimens of the best generation &#8211; CB1.F1, from an unrelated parental pair WC\/LTC . The snails have an initial pedigree. <\/em><\/span><\/span><\/p>\n<p style=\"text-align: left;\"><span style=\"font-size: 15px;\"><span style=\"color: #000000;\"><em><span style=\"color: #008000;\"><span style=\"color: #424242;\"><img loading=\"lazy\" decoding=\"async\" class=\"\" src=\"https:\/\/static.xx.fbcdn.net\/images\/emoji.php\/v9\/t28\/1\/16\/1f352.png\" alt=\"\ud83c\udf52\" width=\"17\" height=\"17\"><\/span><\/span><span style=\"color: #008000;\"><span style=\"color: #424242;\"> <\/span><\/span><span style=\"color: #b50000;\">Archachatina marginata suturalis is a beautiful, elegant and extremely striking subspecies that is stunning in its beauty. It is most recognizable by the intense red tops of its shells <span class=\"x1xsqp64 xiy17q3 x1o6pynw x19co3pv xdj266r xcwd3tp xat24cr x39eecv x2b8uid\" style=\"color: #ff0000;\" data-testid=\"emoji\"><span class=\"xexx8yu xn5pp95 x18d9i69 x2fxd7x x3jgonx x1bhl96m\">\u2764<\/span><\/span>. Already in young specimens, the apex is distinguished by its bright color, and the shades of red gradually spread to the subsequent turns, creating a striking and dynamic color scheme.  <\/span><\/em><\/span><\/span><\/p>\n<p style=\"text-align: left;\"><span style=\"color: #000000; font-size: 15px;\"><em><span class=\"x1xsqp64 xiy17q3 x1o6pynw x19co3pv xdj266r xcwd3tp xat24cr x39eecv x2b8uid\" data-testid=\"emoji\"><span class=\"xexx8yu xn5pp95 x18d9i69 x2fxd7x x3jgonx x1bhl96m\"> <img loading=\"lazy\" decoding=\"async\" class=\"\" src=\"https:\/\/static.xx.fbcdn.net\/images\/emoji.php\/v9\/t66\/1\/32\/1f4cc.png\" alt=\"\ud83d\udccc\" width=\"18\" height=\"18\">  As they grow, Archachatina marginata suturalis snails reach an impressive size &#8211; adults build their elegant shells about 12-14 cm long.<\/span><\/span><\/em><\/span><\/p>\n<p style=\"text-align: left;\"><span style=\"color: #000000; font-size: 15px;\"><em><img loading=\"lazy\" decoding=\"async\" class=\"xz74otr\" src=\"https:\/\/static.xx.fbcdn.net\/images\/emoji.php\/v9\/t1e\/1\/16\/1f33f.png\" alt=\"\ud83c\udf3f\" width=\"18\" height=\"18\"> <span style=\"color: #008000;\">Archachatina marginata suturalis is an easy-going and moderately active species, as are most species in the genus Archachatina. However, each individual may have individual preferences that change at different stages of development.   <\/span><\/em><\/span><\/p>\n","protected":false},"excerpt":{"rendered":"<ul>\n<li>Target shell size:\n<ul>\n<li>ca. 12-14 cm<\/li>\n<\/ul>\n<\/li>\n<li>From an unrelated couple:\n<ul>\n<li>P2<\/li>\n<\/ul>\n<\/li>\n<li>Offered young specimen:\n<ul>\n<li>approx. 4 cm <\/li>\n<\/ul>\n<\/li>\n<li>The price applies to:\n<ul>\n<li>1 pc<\/li>\n<\/ul>\n<\/li>\n<\/ul>\n","protected":false},"featured_media":3333,"template":"","meta":{"_acf_changed":false,"_links_to":"","_links_to_target":""},"product_cat":[68],"product_tag":[],"class_list":{"0":"post-3799","1":"product","2":"type-product","3":"status-publish","4":"has-post-thumbnail","6":"product_cat-snails","8":"first","9":"instock","10":"shipping-taxable","11":"purchasable","12":"product-type-simple"},"acf":[],"yoast_head":"<!-- This site is optimized with the Yoast SEO plugin v24.9 - https:\/\/yoast.com\/wordpress\/plugins\/seo\/ -->\n<title>Archachatina marginata suturalisstandard \/ para P2 | MegaPets<\/title>\n<meta name=\"robots\" content=\"index, follow, max-snippet:-1, max-image-preview:large, max-video-preview:-1\" \/>\n<link rel=\"canonical\" href=\"https:\/\/megapets.eu\/en\/snails\/archachatina-marginata-suturalisstandard-para-p2\/\" \/>\n<meta property=\"og:locale\" content=\"en_US\" \/>\n<meta property=\"og:type\" content=\"article\" \/>\n<meta property=\"og:title\" content=\"Archachatina marginata suturalisstandard \/ para P2 | MegaPets\" \/>\n<meta property=\"og:description\" content=\"Target shell size:  ca. 12-14 cm   From an unrelated couple:  P2   Offered young specimen:  approx. 4 cm   The price applies to:  1 pc\" \/>\n<meta property=\"og:url\" content=\"https:\/\/megapets.eu\/en\/snails\/archachatina-marginata-suturalisstandard-para-p2\/\" \/>\n<meta property=\"og:site_name\" content=\"MegaPets\" \/>\n<meta property=\"article:publisher\" content=\"https:\/\/www.facebook.com\/MegaPets.eu\/\" \/>\n<meta property=\"article:modified_time\" content=\"2025-07-13T18:11:53+00:00\" \/>\n<meta property=\"og:image\" content=\"https:\/\/megapets.eu\/wp-content\/uploads\/2025\/03\/1-Sutu-P2-1024x696.png\" \/>\n\t<meta property=\"og:image:width\" content=\"1024\" \/>\n\t<meta property=\"og:image:height\" content=\"696\" \/>\n\t<meta property=\"og:image:type\" content=\"image\/png\" \/>\n<meta name=\"twitter:card\" content=\"summary_large_image\" \/>\n<meta name=\"twitter:label1\" content=\"Est. reading time\" \/>\n\t<meta name=\"twitter:data1\" content=\"1 minute\" \/>\n<script type=\"application\/ld+json\" class=\"yoast-schema-graph\">{\"@context\":\"https:\/\/schema.org\",\"@graph\":[{\"@type\":\"WebPage\",\"@id\":\"https:\/\/megapets.eu\/en\/snails\/archachatina-marginata-suturalisstandard-para-p2\/\",\"url\":\"https:\/\/megapets.eu\/en\/snails\/archachatina-marginata-suturalisstandard-para-p2\/\",\"name\":\"Archachatina marginata suturalis standard \/ para P2 | MegaPets\",\"isPartOf\":{\"@id\":\"https:\/\/megapets.eu\/en\/#website\"},\"primaryImageOfPage\":{\"@id\":\"https:\/\/megapets.eu\/en\/snails\/archachatina-marginata-suturalisstandard-para-p2\/#primaryimage\"},\"image\":{\"@id\":\"https:\/\/megapets.eu\/en\/snails\/archachatina-marginata-suturalisstandard-para-p2\/#primaryimage\"},\"thumbnailUrl\":\"https:\/\/megapets.eu\/wp-content\/uploads\/2025\/03\/1-Sutu-P2.png\",\"datePublished\":\"2025-03-15T12:36:40+00:00\",\"dateModified\":\"2025-07-13T18:11:53+00:00\",\"breadcrumb\":{\"@id\":\"https:\/\/megapets.eu\/en\/snails\/archachatina-marginata-suturalisstandard-para-p2\/#breadcrumb\"},\"inLanguage\":\"en-US\",\"potentialAction\":[{\"@type\":\"ReadAction\",\"target\":[\"https:\/\/megapets.eu\/en\/snails\/archachatina-marginata-suturalisstandard-para-p2\/\"]}]},{\"@type\":\"ImageObject\",\"inLanguage\":\"en-US\",\"@id\":\"https:\/\/megapets.eu\/en\/snails\/archachatina-marginata-suturalisstandard-para-p2\/#primaryimage\",\"url\":\"https:\/\/megapets.eu\/wp-content\/uploads\/2025\/03\/1-Sutu-P2.png\",\"contentUrl\":\"https:\/\/megapets.eu\/wp-content\/uploads\/2025\/03\/1-Sutu-P2.png\",\"width\":3532,\"height\":2401},{\"@type\":\"BreadcrumbList\",\"@id\":\"https:\/\/megapets.eu\/en\/snails\/archachatina-marginata-suturalisstandard-para-p2\/#breadcrumb\",\"itemListElement\":[{\"@type\":\"ListItem\",\"position\":1,\"name\":\"Homepage\",\"item\":\"https:\/\/megapets.eu\/en\/home\/\"},{\"@type\":\"ListItem\",\"position\":2,\"name\":\"Shop\",\"item\":\"https:\/\/megapets.eu\/en\/shop\/\"},{\"@type\":\"ListItem\",\"position\":3,\"name\":\"Archachatina marginata suturalisstandard \/ para P2\"}]},{\"@type\":\"WebSite\",\"@id\":\"https:\/\/megapets.eu\/en\/#website\",\"url\":\"https:\/\/megapets.eu\/en\/\",\"name\":\"Mega Pets\",\"description\":\"Jedna z najwi\u0119kszych hodowli \u015blimak\u00f3w w Europie\",\"publisher\":{\"@id\":\"https:\/\/megapets.eu\/en\/#organization\"},\"alternateName\":\"Mega Pets\",\"potentialAction\":[{\"@type\":\"SearchAction\",\"target\":{\"@type\":\"EntryPoint\",\"urlTemplate\":\"https:\/\/megapets.eu\/en\/?s={search_term_string}\"},\"query-input\":{\"@type\":\"PropertyValueSpecification\",\"valueRequired\":true,\"valueName\":\"search_term_string\"}}],\"inLanguage\":\"en-US\"},{\"@type\":\"Organization\",\"@id\":\"https:\/\/megapets.eu\/en\/#organization\",\"name\":\"Mega Pets\",\"url\":\"https:\/\/megapets.eu\/en\/\",\"logo\":{\"@type\":\"ImageObject\",\"inLanguage\":\"en-US\",\"@id\":\"https:\/\/megapets.eu\/en\/#\/schema\/logo\/image\/\",\"url\":\"https:\/\/megapets.eu\/wp-content\/uploads\/2025\/04\/megapets_eu-logo.png\",\"contentUrl\":\"https:\/\/megapets.eu\/wp-content\/uploads\/2025\/04\/megapets_eu-logo.png\",\"width\":2362,\"height\":2362,\"caption\":\"Mega Pets\"},\"image\":{\"@id\":\"https:\/\/megapets.eu\/en\/#\/schema\/logo\/image\/\"},\"sameAs\":[\"https:\/\/www.facebook.com\/MegaPets.eu\/\"]}]}<\/script>\n<!-- \/ Yoast SEO plugin. -->","yoast_head_json":{"title":"Archachatina marginata suturalisstandard \/ para P2 | MegaPets","robots":{"index":"index","follow":"follow","max-snippet":"max-snippet:-1","max-image-preview":"max-image-preview:large","max-video-preview":"max-video-preview:-1"},"canonical":"https:\/\/megapets.eu\/en\/snails\/archachatina-marginata-suturalisstandard-para-p2\/","og_locale":"en_US","og_type":"article","og_title":"Archachatina marginata suturalisstandard \/ para P2 | MegaPets","og_description":"Target shell size:  ca. 12-14 cm   From an unrelated couple:  P2   Offered young specimen:  approx. 4 cm   The price applies to:  1 pc","og_url":"https:\/\/megapets.eu\/en\/snails\/archachatina-marginata-suturalisstandard-para-p2\/","og_site_name":"MegaPets","article_publisher":"https:\/\/www.facebook.com\/MegaPets.eu\/","article_modified_time":"2025-07-13T18:11:53+00:00","og_image":[{"width":1024,"height":696,"url":"https:\/\/megapets.eu\/wp-content\/uploads\/2025\/03\/1-Sutu-P2-1024x696.png","type":"image\/png"}],"twitter_card":"summary_large_image","twitter_misc":{"Est. reading time":"1 minute"},"schema":{"@context":"https:\/\/schema.org","@graph":[{"@type":"WebPage","@id":"https:\/\/megapets.eu\/en\/snails\/archachatina-marginata-suturalisstandard-para-p2\/","url":"https:\/\/megapets.eu\/en\/snails\/archachatina-marginata-suturalisstandard-para-p2\/","name":"Archachatina marginata suturalis standard \/ para P2 | MegaPets","isPartOf":{"@id":"https:\/\/megapets.eu\/en\/#website"},"primaryImageOfPage":{"@id":"https:\/\/megapets.eu\/en\/snails\/archachatina-marginata-suturalisstandard-para-p2\/#primaryimage"},"image":{"@id":"https:\/\/megapets.eu\/en\/snails\/archachatina-marginata-suturalisstandard-para-p2\/#primaryimage"},"thumbnailUrl":"https:\/\/megapets.eu\/wp-content\/uploads\/2025\/03\/1-Sutu-P2.png","datePublished":"2025-03-15T12:36:40+00:00","dateModified":"2025-07-13T18:11:53+00:00","breadcrumb":{"@id":"https:\/\/megapets.eu\/en\/snails\/archachatina-marginata-suturalisstandard-para-p2\/#breadcrumb"},"inLanguage":"en-US","potentialAction":[{"@type":"ReadAction","target":["https:\/\/megapets.eu\/en\/snails\/archachatina-marginata-suturalisstandard-para-p2\/"]}]},{"@type":"ImageObject","inLanguage":"en-US","@id":"https:\/\/megapets.eu\/en\/snails\/archachatina-marginata-suturalisstandard-para-p2\/#primaryimage","url":"https:\/\/megapets.eu\/wp-content\/uploads\/2025\/03\/1-Sutu-P2.png","contentUrl":"https:\/\/megapets.eu\/wp-content\/uploads\/2025\/03\/1-Sutu-P2.png","width":3532,"height":2401},{"@type":"BreadcrumbList","@id":"https:\/\/megapets.eu\/en\/snails\/archachatina-marginata-suturalisstandard-para-p2\/#breadcrumb","itemListElement":[{"@type":"ListItem","position":1,"name":"Homepage","item":"https:\/\/megapets.eu\/en\/home\/"},{"@type":"ListItem","position":2,"name":"Shop","item":"https:\/\/megapets.eu\/en\/shop\/"},{"@type":"ListItem","position":3,"name":"Archachatina marginata suturalisstandard \/ para P2"}]},{"@type":"WebSite","@id":"https:\/\/megapets.eu\/en\/#website","url":"https:\/\/megapets.eu\/en\/","name":"Mega Pets","description":"Jedna z najwi\u0119kszych hodowli \u015blimak\u00f3w w Europie","publisher":{"@id":"https:\/\/megapets.eu\/en\/#organization"},"alternateName":"Mega Pets","potentialAction":[{"@type":"SearchAction","target":{"@type":"EntryPoint","urlTemplate":"https:\/\/megapets.eu\/en\/?s={search_term_string}"},"query-input":{"@type":"PropertyValueSpecification","valueRequired":true,"valueName":"search_term_string"}}],"inLanguage":"en-US"},{"@type":"Organization","@id":"https:\/\/megapets.eu\/en\/#organization","name":"Mega Pets","url":"https:\/\/megapets.eu\/en\/","logo":{"@type":"ImageObject","inLanguage":"en-US","@id":"https:\/\/megapets.eu\/en\/#\/schema\/logo\/image\/","url":"https:\/\/megapets.eu\/wp-content\/uploads\/2025\/04\/megapets_eu-logo.png","contentUrl":"https:\/\/megapets.eu\/wp-content\/uploads\/2025\/04\/megapets_eu-logo.png","width":2362,"height":2362,"caption":"Mega Pets"},"image":{"@id":"https:\/\/megapets.eu\/en\/#\/schema\/logo\/image\/"},"sameAs":["https:\/\/www.facebook.com\/MegaPets.eu\/"]}]}},"_links":{"self":[{"href":"https:\/\/megapets.eu\/en\/wp-json\/wp\/v2\/product\/3799","targetHints":{"allow":["GET"]}}],"collection":[{"href":"https:\/\/megapets.eu\/en\/wp-json\/wp\/v2\/product"}],"about":[{"href":"https:\/\/megapets.eu\/en\/wp-json\/wp\/v2\/types\/product"}],"wp:featuredmedia":[{"embeddable":true,"href":"https:\/\/megapets.eu\/en\/wp-json\/wp\/v2\/media\/3333"}],"wp:attachment":[{"href":"https:\/\/megapets.eu\/en\/wp-json\/wp\/v2\/media?parent=3799"}],"wp:term":[{"taxonomy":"product_cat","embeddable":true,"href":"https:\/\/megapets.eu\/en\/wp-json\/wp\/v2\/product_cat?post=3799"},{"taxonomy":"product_tag","embeddable":true,"href":"https:\/\/megapets.eu\/en\/wp-json\/wp\/v2\/product_tag?post=3799"}],"curies":[{"name":"wp","href":"https:\/\/api.w.org\/{rel}","templated":true}]}}