{"id":3802,"date":"2024-10-25T08:19:04","date_gmt":"2024-10-25T08:19:04","guid":{"rendered":"https:\/\/megapets.eu\/uncategorized\/archachatina-rhodostoma-albino-body\/"},"modified":"2024-10-25T08:19:04","modified_gmt":"2024-10-25T08:19:04","slug":"archachatina-rhodostoma-albino-body","status":"publish","type":"product","link":"https:\/\/megapets.eu\/en\/snails\/archachatina-rhodostoma-albino-body\/","title":{"rendered":"Archachatina rhodostoma albino body"},"content":{"rendered":"<p class=\"v1v1v1v1MsoNormal\"><span style=\"color: #424242;\"><strong><em><span style=\"font-size: 15px;\">Species: Archachatina rhodostoma<\/span><\/em><\/strong><\/span><\/p>\n<p class=\"v1v1v1v1MsoNormal\"><span style=\"color: #424242;\"><strong><em><span style=\"font-size: 15px;\">Color variety: albino body<\/span><\/em><\/strong><\/span><\/p>\n<p>&nbsp;<\/p>\n<p class=\"v1v1v1v1MsoNormal\"><span style=\"color: #424242;\"><strong><em><span style=\"font-size: 15px;\">\u2b50\u2b50\u2b50 The emerald color of the shell of Archachatina rhodostoma and the albino body create one of the most beautiful color combinations in snail coloration. The shell of baby snails is brown, beginning to color green from about 6 cm. The target size of an adult is about 10-12 cm. The species is easy to maintain.     <\/span><\/em><\/strong><\/span><\/p>\n<p>&nbsp;<\/p>\n<p class=\"v1v1v1v1MsoNormal\"><span style=\"font-size: 15px;\"><strong><em><span style=\"color: #008000;\"><img decoding=\"async\" src=\"https:\/\/static.xx.fbcdn.net\/images\/emoji.php\/v9\/tbe\/1\/16\/1f3c6.png\" alt=\"\ud83c\udfc6\"><span style=\"color: #e36a19;\">  All the babies come from our well-known, registered breeding, so you are buying from a known source, where we take proper care of the snails and carefully watch over the development of each one.<\/span><\/span><\/em><\/strong><\/span><\/p>\n<p>&nbsp;<\/p>\n<p class=\"v1v1v1v1MsoNormal\"><span style=\"font-size: 15px; color: #424242;\"><strong><em>As you know, in the breeding of snails, plastic containers work best. The containers we have prepared are ideally suited for the development of a nice new growth of snail shells). To save time in completing your order, we recommend starting with a starter set, which includes basic accessories for a quick start of your own breeding and instructions.  <\/em><\/strong><\/span><\/p>\n<p>&nbsp;<\/p>\n<p><span style=\"font-size: 15px;\"><strong><em><span style=\"color: #008000;\"><img loading=\"lazy\" decoding=\"async\" class=\"xz74otr\" src=\"https:\/\/static.xx.fbcdn.net\/images\/emoji.php\/v9\/t1e\/1\/16\/1f33f.png\" alt=\"\ud83c\udf3f\" width=\"16\" height=\"16\">  All that such an animal needs is fresh, ripe vegetables and fruits, a breeding container and substrate (do not allow the substrate to dry out, spray the terrarium every 2-3 days). In the daily diet of a snail can not miss the basic building blocks of a beautiful and healthy shell, a natural source of perfectly digestible calcium is powder from eggshells and sepia. Get acquainted with the diet of exotic snails can be found on our website.  <\/span><\/em><\/strong><\/span><\/p>\n<p>&nbsp;<\/p>\n","protected":false},"excerpt":{"rendered":"<ul class=\"product_attributes\">\n<li> <span><br \/>\n From an unrelated couple:<br \/>\n<\/span><br \/>\n P10\n\t<\/li>\n<li> <span><br \/>\n Target shell size:<br \/>\n<\/span><br \/>\n about 10-12 cm\n\t<\/li>\n<li> <span><br \/>\n Offered juvenile:<br \/>\n<\/span><br \/>\n about 4-5 cm\n\t<\/li>\n<li> <span><br \/>\n Price is for:<br \/>\n<\/span><br \/>\n 1 pc\n\t<\/li>\n<\/ul>\n","protected":false},"featured_media":13821,"template":"","meta":{"_acf_changed":false,"_links_to":"","_links_to_target":""},"product_cat":[68],"product_tag":[],"class_list":{"0":"post-3802","1":"product","2":"type-product","3":"status-publish","4":"has-post-thumbnail","6":"product_cat-snails","8":"first","9":"outofstock","10":"shipping-taxable","11":"purchasable","12":"product-type-simple"},"acf":[],"yoast_head":"<!-- This site is optimized with the Yoast SEO plugin v24.9 - https:\/\/yoast.com\/wordpress\/plugins\/seo\/ -->\n<title>Archachatina rhodostoma albino body | MegaPets<\/title>\n<meta name=\"robots\" content=\"index, follow, max-snippet:-1, max-image-preview:large, max-video-preview:-1\" \/>\n<link rel=\"canonical\" href=\"https:\/\/megapets.eu\/en\/snails\/archachatina-rhodostoma-albino-body\/\" \/>\n<meta property=\"og:locale\" content=\"en_US\" \/>\n<meta property=\"og:type\" content=\"article\" \/>\n<meta property=\"og:title\" content=\"Archachatina rhodostoma albino body | MegaPets\" \/>\n<meta property=\"og:description\" content=\"From an unrelated couple:  P10    Target shell size:  about 10-12 cm    Offered juvenile:  about 4-5 cm    Price is for:  1 pc\" \/>\n<meta property=\"og:url\" content=\"https:\/\/megapets.eu\/en\/snails\/archachatina-rhodostoma-albino-body\/\" \/>\n<meta property=\"og:site_name\" content=\"MegaPets\" \/>\n<meta property=\"article:publisher\" content=\"https:\/\/www.facebook.com\/MegaPets.eu\/\" \/>\n<meta property=\"og:image\" content=\"https:\/\/megapets.eu\/wp-content\/uploads\/2024\/10\/Green-Beauty-P10-Excel.png\" \/>\n\t<meta property=\"og:image:width\" content=\"1045\" \/>\n\t<meta property=\"og:image:height\" content=\"690\" \/>\n\t<meta property=\"og:image:type\" content=\"image\/png\" \/>\n<meta name=\"twitter:card\" content=\"summary_large_image\" \/>\n<meta name=\"twitter:label1\" content=\"Est. reading time\" \/>\n\t<meta name=\"twitter:data1\" content=\"1 minute\" \/>\n<script type=\"application\/ld+json\" class=\"yoast-schema-graph\">{\"@context\":\"https:\/\/schema.org\",\"@graph\":[{\"@type\":\"WebPage\",\"@id\":\"https:\/\/megapets.eu\/en\/snails\/archachatina-rhodostoma-albino-body\/\",\"url\":\"https:\/\/megapets.eu\/en\/snails\/archachatina-rhodostoma-albino-body\/\",\"name\":\"Archachatina rhodostoma albino body | MegaPets\",\"isPartOf\":{\"@id\":\"https:\/\/megapets.eu\/en\/#website\"},\"primaryImageOfPage\":{\"@id\":\"https:\/\/megapets.eu\/en\/snails\/archachatina-rhodostoma-albino-body\/#primaryimage\"},\"image\":{\"@id\":\"https:\/\/megapets.eu\/en\/snails\/archachatina-rhodostoma-albino-body\/#primaryimage\"},\"thumbnailUrl\":\"https:\/\/megapets.eu\/wp-content\/uploads\/2024\/10\/archachatina-rhodostoma-albino-body-P10-1-megapets-eu.jpg.jpg\",\"datePublished\":\"2024-10-25T08:19:04+00:00\",\"breadcrumb\":{\"@id\":\"https:\/\/megapets.eu\/en\/snails\/archachatina-rhodostoma-albino-body\/#breadcrumb\"},\"inLanguage\":\"en-US\",\"potentialAction\":[{\"@type\":\"ReadAction\",\"target\":[\"https:\/\/megapets.eu\/en\/snails\/archachatina-rhodostoma-albino-body\/\"]}]},{\"@type\":\"ImageObject\",\"inLanguage\":\"en-US\",\"@id\":\"https:\/\/megapets.eu\/en\/snails\/archachatina-rhodostoma-albino-body\/#primaryimage\",\"url\":\"https:\/\/megapets.eu\/wp-content\/uploads\/2024\/10\/archachatina-rhodostoma-albino-body-P10-1-megapets-eu.jpg.jpg\",\"contentUrl\":\"https:\/\/megapets.eu\/wp-content\/uploads\/2024\/10\/archachatina-rhodostoma-albino-body-P10-1-megapets-eu.jpg.jpg\",\"width\":1536,\"height\":1024,\"caption\":\"Archachatina rhodostoma albino body \u2022 MegaPets.eu\"},{\"@type\":\"BreadcrumbList\",\"@id\":\"https:\/\/megapets.eu\/en\/snails\/archachatina-rhodostoma-albino-body\/#breadcrumb\",\"itemListElement\":[{\"@type\":\"ListItem\",\"position\":1,\"name\":\"Homepage\",\"item\":\"https:\/\/megapets.eu\/en\/home\/\"},{\"@type\":\"ListItem\",\"position\":2,\"name\":\"Shop\",\"item\":\"https:\/\/megapets.eu\/en\/shop\/\"},{\"@type\":\"ListItem\",\"position\":3,\"name\":\"Archachatina rhodostoma albino body\"}]},{\"@type\":\"WebSite\",\"@id\":\"https:\/\/megapets.eu\/en\/#website\",\"url\":\"https:\/\/megapets.eu\/en\/\",\"name\":\"Mega Pets\",\"description\":\"Jedna z najwi\u0119kszych hodowli \u015blimak\u00f3w w Europie\",\"publisher\":{\"@id\":\"https:\/\/megapets.eu\/en\/#organization\"},\"alternateName\":\"Mega Pets\",\"potentialAction\":[{\"@type\":\"SearchAction\",\"target\":{\"@type\":\"EntryPoint\",\"urlTemplate\":\"https:\/\/megapets.eu\/en\/?s={search_term_string}\"},\"query-input\":{\"@type\":\"PropertyValueSpecification\",\"valueRequired\":true,\"valueName\":\"search_term_string\"}}],\"inLanguage\":\"en-US\"},{\"@type\":\"Organization\",\"@id\":\"https:\/\/megapets.eu\/en\/#organization\",\"name\":\"Mega Pets\",\"url\":\"https:\/\/megapets.eu\/en\/\",\"logo\":{\"@type\":\"ImageObject\",\"inLanguage\":\"en-US\",\"@id\":\"https:\/\/megapets.eu\/en\/#\/schema\/logo\/image\/\",\"url\":\"https:\/\/megapets.eu\/wp-content\/uploads\/2025\/04\/megapets_eu-logo.png\",\"contentUrl\":\"https:\/\/megapets.eu\/wp-content\/uploads\/2025\/04\/megapets_eu-logo.png\",\"width\":2362,\"height\":2362,\"caption\":\"Mega Pets\"},\"image\":{\"@id\":\"https:\/\/megapets.eu\/en\/#\/schema\/logo\/image\/\"},\"sameAs\":[\"https:\/\/www.facebook.com\/MegaPets.eu\/\"]}]}<\/script>\n<!-- \/ Yoast SEO plugin. -->","yoast_head_json":{"title":"Archachatina rhodostoma albino body | MegaPets","robots":{"index":"index","follow":"follow","max-snippet":"max-snippet:-1","max-image-preview":"max-image-preview:large","max-video-preview":"max-video-preview:-1"},"canonical":"https:\/\/megapets.eu\/en\/snails\/archachatina-rhodostoma-albino-body\/","og_locale":"en_US","og_type":"article","og_title":"Archachatina rhodostoma albino body | MegaPets","og_description":"From an unrelated couple:  P10    Target shell size:  about 10-12 cm    Offered juvenile:  about 4-5 cm    Price is for:  1 pc","og_url":"https:\/\/megapets.eu\/en\/snails\/archachatina-rhodostoma-albino-body\/","og_site_name":"MegaPets","article_publisher":"https:\/\/www.facebook.com\/MegaPets.eu\/","og_image":[{"width":1045,"height":690,"url":"https:\/\/megapets.eu\/wp-content\/uploads\/2024\/10\/Green-Beauty-P10-Excel.png","type":"image\/png"}],"twitter_card":"summary_large_image","twitter_misc":{"Est. reading time":"1 minute"},"schema":{"@context":"https:\/\/schema.org","@graph":[{"@type":"WebPage","@id":"https:\/\/megapets.eu\/en\/snails\/archachatina-rhodostoma-albino-body\/","url":"https:\/\/megapets.eu\/en\/snails\/archachatina-rhodostoma-albino-body\/","name":"Archachatina rhodostoma albino body | MegaPets","isPartOf":{"@id":"https:\/\/megapets.eu\/en\/#website"},"primaryImageOfPage":{"@id":"https:\/\/megapets.eu\/en\/snails\/archachatina-rhodostoma-albino-body\/#primaryimage"},"image":{"@id":"https:\/\/megapets.eu\/en\/snails\/archachatina-rhodostoma-albino-body\/#primaryimage"},"thumbnailUrl":"https:\/\/megapets.eu\/wp-content\/uploads\/2024\/10\/archachatina-rhodostoma-albino-body-P10-1-megapets-eu.jpg.jpg","datePublished":"2024-10-25T08:19:04+00:00","breadcrumb":{"@id":"https:\/\/megapets.eu\/en\/snails\/archachatina-rhodostoma-albino-body\/#breadcrumb"},"inLanguage":"en-US","potentialAction":[{"@type":"ReadAction","target":["https:\/\/megapets.eu\/en\/snails\/archachatina-rhodostoma-albino-body\/"]}]},{"@type":"ImageObject","inLanguage":"en-US","@id":"https:\/\/megapets.eu\/en\/snails\/archachatina-rhodostoma-albino-body\/#primaryimage","url":"https:\/\/megapets.eu\/wp-content\/uploads\/2024\/10\/archachatina-rhodostoma-albino-body-P10-1-megapets-eu.jpg.jpg","contentUrl":"https:\/\/megapets.eu\/wp-content\/uploads\/2024\/10\/archachatina-rhodostoma-albino-body-P10-1-megapets-eu.jpg.jpg","width":1536,"height":1024,"caption":"Archachatina rhodostoma albino body \u2022 MegaPets.eu"},{"@type":"BreadcrumbList","@id":"https:\/\/megapets.eu\/en\/snails\/archachatina-rhodostoma-albino-body\/#breadcrumb","itemListElement":[{"@type":"ListItem","position":1,"name":"Homepage","item":"https:\/\/megapets.eu\/en\/home\/"},{"@type":"ListItem","position":2,"name":"Shop","item":"https:\/\/megapets.eu\/en\/shop\/"},{"@type":"ListItem","position":3,"name":"Archachatina rhodostoma albino body"}]},{"@type":"WebSite","@id":"https:\/\/megapets.eu\/en\/#website","url":"https:\/\/megapets.eu\/en\/","name":"Mega Pets","description":"Jedna z najwi\u0119kszych hodowli \u015blimak\u00f3w w Europie","publisher":{"@id":"https:\/\/megapets.eu\/en\/#organization"},"alternateName":"Mega Pets","potentialAction":[{"@type":"SearchAction","target":{"@type":"EntryPoint","urlTemplate":"https:\/\/megapets.eu\/en\/?s={search_term_string}"},"query-input":{"@type":"PropertyValueSpecification","valueRequired":true,"valueName":"search_term_string"}}],"inLanguage":"en-US"},{"@type":"Organization","@id":"https:\/\/megapets.eu\/en\/#organization","name":"Mega Pets","url":"https:\/\/megapets.eu\/en\/","logo":{"@type":"ImageObject","inLanguage":"en-US","@id":"https:\/\/megapets.eu\/en\/#\/schema\/logo\/image\/","url":"https:\/\/megapets.eu\/wp-content\/uploads\/2025\/04\/megapets_eu-logo.png","contentUrl":"https:\/\/megapets.eu\/wp-content\/uploads\/2025\/04\/megapets_eu-logo.png","width":2362,"height":2362,"caption":"Mega Pets"},"image":{"@id":"https:\/\/megapets.eu\/en\/#\/schema\/logo\/image\/"},"sameAs":["https:\/\/www.facebook.com\/MegaPets.eu\/"]}]}},"_links":{"self":[{"href":"https:\/\/megapets.eu\/en\/wp-json\/wp\/v2\/product\/3802","targetHints":{"allow":["GET"]}}],"collection":[{"href":"https:\/\/megapets.eu\/en\/wp-json\/wp\/v2\/product"}],"about":[{"href":"https:\/\/megapets.eu\/en\/wp-json\/wp\/v2\/types\/product"}],"wp:featuredmedia":[{"embeddable":true,"href":"https:\/\/megapets.eu\/en\/wp-json\/wp\/v2\/media\/13821"}],"wp:attachment":[{"href":"https:\/\/megapets.eu\/en\/wp-json\/wp\/v2\/media?parent=3802"}],"wp:term":[{"taxonomy":"product_cat","embeddable":true,"href":"https:\/\/megapets.eu\/en\/wp-json\/wp\/v2\/product_cat?post=3802"},{"taxonomy":"product_tag","embeddable":true,"href":"https:\/\/megapets.eu\/en\/wp-json\/wp\/v2\/product_tag?post=3802"}],"curies":[{"name":"wp","href":"https:\/\/api.w.org\/{rel}","templated":true}]}}