{"id":3815,"date":"2024-10-08T09:05:58","date_gmt":"2024-10-08T09:05:58","guid":{"rendered":"https:\/\/megapets.eu\/uncategorized\/dried-oak-and-birch-leaves-250-mlfor-isopods-vipers-cockroaches\/"},"modified":"2025-12-08T10:39:54","modified_gmt":"2025-12-08T10:39:54","slug":"dried-oak-and-birch-leaves-250-mlfor-isopods-vipers-cockroaches","status":"publish","type":"product","link":"https:\/\/megapets.eu\/en\/accessories\/dried-oak-and-birch-leaves-250-mlfor-isopods-vipers-cockroaches\/","title":{"rendered":"Dried oak and birch leaves 250 ml<br>for isopods, vipers, cockroaches"},"content":{"rendered":"<p><strong><span style=\"color: #e87020; font-size: 15px;\"><em><span style=\"color: #e87020;\"><span style=\"font-size: 15px;\">Dried oak and birch leaves 250 ml for isopods, vipers, cockroaches<\/span><\/span><\/em><\/span><\/strong><\/p>\n<p><strong><span style=\"color: #e87020; font-size: 15px;\"><em>One package contains 250 ml, l<span style=\"color: #e87020;\"><span style=\"font-size: 15px;\">i\u015bcie <\/span><\/span>heat-treated.<\/em><\/span><\/strong><\/p>\n<p><strong><span style=\"color: #e87020; font-size: 15px;\"><em>The price is for 1 package.<\/em><\/span><\/strong><\/p>\n<p>&nbsp;<\/p>\n<p><em><span style=\"color: #424242;\"><strong><span style=\"font-size: 15px;\">Dried oak and birch leaves, is a natural, excellent addition to the substrate for vipers, crocodiles, exotic cockroaches, isopods (prosions, culans), heat-treated and recommended for breeding rare and demanding species. Dried oak and birch leaves   <\/span><\/strong><\/span><\/em><em><span style=\"color: #424242;\"><strong><span style=\"font-size: 15px;\">help maintain the right microclimate in terrariums, and also play a decorative role, giving the interior of the terrarium a natural look.<\/span><\/strong><\/span><\/em><\/p>\n<p>&nbsp;<\/p>\n","protected":false},"excerpt":{"rendered":"<ul class=\"product_attributes\">\n<li><span style=\"color: #555555;\">Heat-treated<\/span><\/li>\n<li><span style=\"color: #555555;\">The package contains:<\/span> 250 ml<\/li>\n<li><span style=\"color: #555555;\">Price applies to:<\/span> 1 package.<\/li>\n<\/ul>\n","protected":false},"featured_media":12674,"template":"","meta":{"_acf_changed":false,"_links_to":"","_links_to_target":""},"product_cat":[70],"product_tag":[85,84,83],"class_list":{"0":"post-3815","1":"product","2":"type-product","3":"status-publish","4":"has-post-thumbnail","6":"product_cat-accessories","7":"product_tag-for-cockroaches","8":"product_tag-for-isopods","9":"product_tag-for-the-violets","11":"first","12":"instock","13":"shipping-taxable","14":"purchasable","15":"product-type-simple"},"acf":[],"yoast_head":"<!-- This site is optimized with the Yoast SEO plugin v24.9 - https:\/\/yoast.com\/wordpress\/plugins\/seo\/ -->\n<title>Dried oak and birch leaves 250 mlfor isopods, vipers, cockroaches | MegaPets<\/title>\n<meta name=\"robots\" content=\"index, follow, max-snippet:-1, max-image-preview:large, max-video-preview:-1\" \/>\n<link rel=\"canonical\" href=\"https:\/\/megapets.eu\/en\/accessories\/dried-oak-and-birch-leaves-250-mlfor-isopods-vipers-cockroaches\/\" \/>\n<meta property=\"og:locale\" content=\"en_US\" \/>\n<meta property=\"og:type\" content=\"article\" \/>\n<meta property=\"og:title\" content=\"Dried oak and birch leaves 250 mlfor isopods, vipers, cockroaches | MegaPets\" \/>\n<meta property=\"og:description\" content=\"Heat-treated  The package contains: 250 ml  Price applies to: 1 package.\" \/>\n<meta property=\"og:url\" content=\"https:\/\/megapets.eu\/en\/accessories\/dried-oak-and-birch-leaves-250-mlfor-isopods-vipers-cockroaches\/\" \/>\n<meta property=\"og:site_name\" content=\"MegaPets\" \/>\n<meta property=\"article:publisher\" content=\"https:\/\/www.facebook.com\/MegaPets.eu\/\" \/>\n<meta property=\"article:modified_time\" content=\"2025-12-08T10:39:54+00:00\" \/>\n<meta property=\"og:image\" content=\"https:\/\/megapets.eu\/wp-content\/uploads\/2024\/10\/IMG_2712-e1728378410557.jpg\" \/>\n\t<meta property=\"og:image:width\" content=\"1416\" \/>\n\t<meta property=\"og:image:height\" content=\"952\" \/>\n\t<meta property=\"og:image:type\" content=\"image\/jpeg\" \/>\n<meta name=\"twitter:card\" content=\"summary_large_image\" \/>\n<script type=\"application\/ld+json\" class=\"yoast-schema-graph\">{\"@context\":\"https:\/\/schema.org\",\"@graph\":[{\"@type\":\"WebPage\",\"@id\":\"https:\/\/megapets.eu\/en\/accessories\/dried-oak-and-birch-leaves-250-mlfor-isopods-vipers-cockroaches\/\",\"url\":\"https:\/\/megapets.eu\/en\/accessories\/dried-oak-and-birch-leaves-250-mlfor-isopods-vipers-cockroaches\/\",\"name\":\"Dried oak and birch leaves 250 ml for isopods, vipers, cockroaches | MegaPets\",\"isPartOf\":{\"@id\":\"https:\/\/megapets.eu\/en\/#website\"},\"primaryImageOfPage\":{\"@id\":\"https:\/\/megapets.eu\/en\/accessories\/dried-oak-and-birch-leaves-250-mlfor-isopods-vipers-cockroaches\/#primaryimage\"},\"image\":{\"@id\":\"https:\/\/megapets.eu\/en\/accessories\/dried-oak-and-birch-leaves-250-mlfor-isopods-vipers-cockroaches\/#primaryimage\"},\"thumbnailUrl\":\"https:\/\/megapets.eu\/wp-content\/uploads\/2024\/10\/WEBP1.webp\",\"datePublished\":\"2024-10-08T09:05:58+00:00\",\"dateModified\":\"2025-12-08T10:39:54+00:00\",\"breadcrumb\":{\"@id\":\"https:\/\/megapets.eu\/en\/accessories\/dried-oak-and-birch-leaves-250-mlfor-isopods-vipers-cockroaches\/#breadcrumb\"},\"inLanguage\":\"en-US\",\"potentialAction\":[{\"@type\":\"ReadAction\",\"target\":[\"https:\/\/megapets.eu\/en\/accessories\/dried-oak-and-birch-leaves-250-mlfor-isopods-vipers-cockroaches\/\"]}]},{\"@type\":\"ImageObject\",\"inLanguage\":\"en-US\",\"@id\":\"https:\/\/megapets.eu\/en\/accessories\/dried-oak-and-birch-leaves-250-mlfor-isopods-vipers-cockroaches\/#primaryimage\",\"url\":\"https:\/\/megapets.eu\/wp-content\/uploads\/2024\/10\/WEBP1.webp\",\"contentUrl\":\"https:\/\/megapets.eu\/wp-content\/uploads\/2024\/10\/WEBP1.webp\",\"width\":1536,\"height\":1024},{\"@type\":\"BreadcrumbList\",\"@id\":\"https:\/\/megapets.eu\/en\/accessories\/dried-oak-and-birch-leaves-250-mlfor-isopods-vipers-cockroaches\/#breadcrumb\",\"itemListElement\":[{\"@type\":\"ListItem\",\"position\":1,\"name\":\"Homepage\",\"item\":\"https:\/\/megapets.eu\/en\/home\/\"},{\"@type\":\"ListItem\",\"position\":2,\"name\":\"Shop\",\"item\":\"https:\/\/megapets.eu\/en\/shop\/\"},{\"@type\":\"ListItem\",\"position\":3,\"name\":\"Dried oak and birch leaves 250 mlfor isopods, vipers, cockroaches\"}]},{\"@type\":\"WebSite\",\"@id\":\"https:\/\/megapets.eu\/en\/#website\",\"url\":\"https:\/\/megapets.eu\/en\/\",\"name\":\"Mega Pets\",\"description\":\"Jedna z najwi\u0119kszych hodowli \u015blimak\u00f3w w Europie\",\"publisher\":{\"@id\":\"https:\/\/megapets.eu\/en\/#organization\"},\"alternateName\":\"Mega Pets\",\"potentialAction\":[{\"@type\":\"SearchAction\",\"target\":{\"@type\":\"EntryPoint\",\"urlTemplate\":\"https:\/\/megapets.eu\/en\/?s={search_term_string}\"},\"query-input\":{\"@type\":\"PropertyValueSpecification\",\"valueRequired\":true,\"valueName\":\"search_term_string\"}}],\"inLanguage\":\"en-US\"},{\"@type\":\"Organization\",\"@id\":\"https:\/\/megapets.eu\/en\/#organization\",\"name\":\"Mega Pets\",\"url\":\"https:\/\/megapets.eu\/en\/\",\"logo\":{\"@type\":\"ImageObject\",\"inLanguage\":\"en-US\",\"@id\":\"https:\/\/megapets.eu\/en\/#\/schema\/logo\/image\/\",\"url\":\"https:\/\/megapets.eu\/wp-content\/uploads\/2025\/04\/megapets_eu-logo.png\",\"contentUrl\":\"https:\/\/megapets.eu\/wp-content\/uploads\/2025\/04\/megapets_eu-logo.png\",\"width\":2362,\"height\":2362,\"caption\":\"Mega Pets\"},\"image\":{\"@id\":\"https:\/\/megapets.eu\/en\/#\/schema\/logo\/image\/\"},\"sameAs\":[\"https:\/\/www.facebook.com\/MegaPets.eu\/\"]}]}<\/script>\n<!-- \/ Yoast SEO plugin. -->","yoast_head_json":{"title":"Dried oak and birch leaves 250 mlfor isopods, vipers, cockroaches | MegaPets","robots":{"index":"index","follow":"follow","max-snippet":"max-snippet:-1","max-image-preview":"max-image-preview:large","max-video-preview":"max-video-preview:-1"},"canonical":"https:\/\/megapets.eu\/en\/accessories\/dried-oak-and-birch-leaves-250-mlfor-isopods-vipers-cockroaches\/","og_locale":"en_US","og_type":"article","og_title":"Dried oak and birch leaves 250 mlfor isopods, vipers, cockroaches | MegaPets","og_description":"Heat-treated  The package contains: 250 ml  Price applies to: 1 package.","og_url":"https:\/\/megapets.eu\/en\/accessories\/dried-oak-and-birch-leaves-250-mlfor-isopods-vipers-cockroaches\/","og_site_name":"MegaPets","article_publisher":"https:\/\/www.facebook.com\/MegaPets.eu\/","article_modified_time":"2025-12-08T10:39:54+00:00","og_image":[{"width":1416,"height":952,"url":"https:\/\/megapets.eu\/wp-content\/uploads\/2024\/10\/IMG_2712-e1728378410557.jpg","type":"image\/jpeg"}],"twitter_card":"summary_large_image","schema":{"@context":"https:\/\/schema.org","@graph":[{"@type":"WebPage","@id":"https:\/\/megapets.eu\/en\/accessories\/dried-oak-and-birch-leaves-250-mlfor-isopods-vipers-cockroaches\/","url":"https:\/\/megapets.eu\/en\/accessories\/dried-oak-and-birch-leaves-250-mlfor-isopods-vipers-cockroaches\/","name":"Dried oak and birch leaves 250 ml for isopods, vipers, cockroaches | MegaPets","isPartOf":{"@id":"https:\/\/megapets.eu\/en\/#website"},"primaryImageOfPage":{"@id":"https:\/\/megapets.eu\/en\/accessories\/dried-oak-and-birch-leaves-250-mlfor-isopods-vipers-cockroaches\/#primaryimage"},"image":{"@id":"https:\/\/megapets.eu\/en\/accessories\/dried-oak-and-birch-leaves-250-mlfor-isopods-vipers-cockroaches\/#primaryimage"},"thumbnailUrl":"https:\/\/megapets.eu\/wp-content\/uploads\/2024\/10\/WEBP1.webp","datePublished":"2024-10-08T09:05:58+00:00","dateModified":"2025-12-08T10:39:54+00:00","breadcrumb":{"@id":"https:\/\/megapets.eu\/en\/accessories\/dried-oak-and-birch-leaves-250-mlfor-isopods-vipers-cockroaches\/#breadcrumb"},"inLanguage":"en-US","potentialAction":[{"@type":"ReadAction","target":["https:\/\/megapets.eu\/en\/accessories\/dried-oak-and-birch-leaves-250-mlfor-isopods-vipers-cockroaches\/"]}]},{"@type":"ImageObject","inLanguage":"en-US","@id":"https:\/\/megapets.eu\/en\/accessories\/dried-oak-and-birch-leaves-250-mlfor-isopods-vipers-cockroaches\/#primaryimage","url":"https:\/\/megapets.eu\/wp-content\/uploads\/2024\/10\/WEBP1.webp","contentUrl":"https:\/\/megapets.eu\/wp-content\/uploads\/2024\/10\/WEBP1.webp","width":1536,"height":1024},{"@type":"BreadcrumbList","@id":"https:\/\/megapets.eu\/en\/accessories\/dried-oak-and-birch-leaves-250-mlfor-isopods-vipers-cockroaches\/#breadcrumb","itemListElement":[{"@type":"ListItem","position":1,"name":"Homepage","item":"https:\/\/megapets.eu\/en\/home\/"},{"@type":"ListItem","position":2,"name":"Shop","item":"https:\/\/megapets.eu\/en\/shop\/"},{"@type":"ListItem","position":3,"name":"Dried oak and birch leaves 250 mlfor isopods, vipers, cockroaches"}]},{"@type":"WebSite","@id":"https:\/\/megapets.eu\/en\/#website","url":"https:\/\/megapets.eu\/en\/","name":"Mega Pets","description":"Jedna z najwi\u0119kszych hodowli \u015blimak\u00f3w w Europie","publisher":{"@id":"https:\/\/megapets.eu\/en\/#organization"},"alternateName":"Mega Pets","potentialAction":[{"@type":"SearchAction","target":{"@type":"EntryPoint","urlTemplate":"https:\/\/megapets.eu\/en\/?s={search_term_string}"},"query-input":{"@type":"PropertyValueSpecification","valueRequired":true,"valueName":"search_term_string"}}],"inLanguage":"en-US"},{"@type":"Organization","@id":"https:\/\/megapets.eu\/en\/#organization","name":"Mega Pets","url":"https:\/\/megapets.eu\/en\/","logo":{"@type":"ImageObject","inLanguage":"en-US","@id":"https:\/\/megapets.eu\/en\/#\/schema\/logo\/image\/","url":"https:\/\/megapets.eu\/wp-content\/uploads\/2025\/04\/megapets_eu-logo.png","contentUrl":"https:\/\/megapets.eu\/wp-content\/uploads\/2025\/04\/megapets_eu-logo.png","width":2362,"height":2362,"caption":"Mega Pets"},"image":{"@id":"https:\/\/megapets.eu\/en\/#\/schema\/logo\/image\/"},"sameAs":["https:\/\/www.facebook.com\/MegaPets.eu\/"]}]}},"_links":{"self":[{"href":"https:\/\/megapets.eu\/en\/wp-json\/wp\/v2\/product\/3815","targetHints":{"allow":["GET"]}}],"collection":[{"href":"https:\/\/megapets.eu\/en\/wp-json\/wp\/v2\/product"}],"about":[{"href":"https:\/\/megapets.eu\/en\/wp-json\/wp\/v2\/types\/product"}],"wp:featuredmedia":[{"embeddable":true,"href":"https:\/\/megapets.eu\/en\/wp-json\/wp\/v2\/media\/12674"}],"wp:attachment":[{"href":"https:\/\/megapets.eu\/en\/wp-json\/wp\/v2\/media?parent=3815"}],"wp:term":[{"taxonomy":"product_cat","embeddable":true,"href":"https:\/\/megapets.eu\/en\/wp-json\/wp\/v2\/product_cat?post=3815"},{"taxonomy":"product_tag","embeddable":true,"href":"https:\/\/megapets.eu\/en\/wp-json\/wp\/v2\/product_tag?post=3815"}],"curies":[{"name":"wp","href":"https:\/\/api.w.org\/{rel}","templated":true}]}}