{"id":3912,"date":"2024-10-05T13:31:19","date_gmt":"2024-10-05T13:31:19","guid":{"rendered":"https:\/\/megapets.eu\/uncategorized\/analocostreptus-gregoriusgreen-striped-crocodile\/"},"modified":"2024-10-05T13:31:19","modified_gmt":"2024-10-05T13:31:19","slug":"analocostreptus-gregoriusgreen-striped-crocodile","status":"publish","type":"product","link":"https:\/\/megapets.eu\/en\/miriapodes\/analocostreptus-gregoriusgreen-striped-crocodile\/","title":{"rendered":"Analocostreptus gregorius<br>\u201cGreen striped crocodile\u201d"},"content":{"rendered":"<p class=\"v1v1v1v1MsoNormal\"><span style=\"color: #d94890;\"><strong><em><span style=\"font-size: 15px;\"><span style=\"color: #424242;\">Species:<\/span> <span style=\"color: #008000;\">crocodile Analocostreptus gregorius \u201cGreen striped crocodile\u201d. <\/span><\/span><\/em><\/strong><\/span><span style=\"color: #424242;\"><strong><em><span style=\"font-size: 15px;\">Easy to maintain, so they are great for beginners.<\/span><\/em><\/strong><\/span><\/p>\n<p><span style=\"color: #d94890;\"><strong><em><span style=\"font-size: 15px;\"><span style=\"color: #808000;\"><span style=\"color: #424242;\">Analocostreptus gregorius  <span style=\"color: #008000;\">Z<strong><span class=\"html-span xexx8yu x4uap5 x18d9i69 xkhd6sd x1hl2dhg x16tdsg8 x1vvkbs x3nfvp2 x1j61x8r x1fcty0u xdj266r xat24cr xgzva0m xhhsvwb xxymvpz xlup9mm x1kky2od\"><img loading=\"lazy\" decoding=\"async\" class=\"xz74otr\" src=\"https:\/\/static.xx.fbcdn.net\/images\/emoji.php\/v9\/t1e\/1\/16\/1f33f.png\" alt=\"\ud83c\udf3f\" width=\"16\" height=\"16\"><\/span><\/strong>I<strong>\ud83d\udc9a<\/strong>E<strong><span class=\"html-span xexx8yu x4uap5 x18d9i69 xkhd6sd x1hl2dhg x16tdsg8 x1vvkbs x3nfvp2 x1j61x8r x1fcty0u xdj266r xat24cr xgzva0m xhhsvwb xxymvpz xlup9mm x1kky2od\"><img loading=\"lazy\" decoding=\"async\" class=\"xz74otr\" src=\"https:\/\/static.xx.fbcdn.net\/images\/emoji.php\/v9\/t1e\/1\/16\/1f33f.png\" alt=\"\ud83c\udf3f\" width=\"16\" height=\"16\"><\/span><\/strong>L<strong>\ud83d\udc9a<\/strong>O<strong><span class=\"html-span xexx8yu x4uap5 x18d9i69 xkhd6sd x1hl2dhg x16tdsg8 x1vvkbs x3nfvp2 x1j61x8r x1fcty0u xdj266r xat24cr xgzva0m xhhsvwb xxymvpz xlup9mm x1kky2od\"><img loading=\"lazy\" decoding=\"async\" class=\"xz74otr\" src=\"https:\/\/static.xx.fbcdn.net\/images\/emoji.php\/v9\/t1e\/1\/16\/1f33f.png\" alt=\"\ud83c\udf3f\" width=\"16\" height=\"16\"><\/span><\/strong>N<strong>\ud83d\udc9a<\/strong>Y  <\/span><\/span><\/span><\/span><\/em><\/strong><\/span><strong style=\"color: #d94890;\"><em><span style=\"font-size: 15px;\"><span style=\"color: #808000;\"><span style=\"color: #424242;\">Striped crocodile, target adult size of about 15 cm.<\/span><\/span><\/span><\/em><\/strong><\/p>\n<p>&nbsp;<\/p>\n<p><span style=\"color: #424242;\"><strong><em><span style=\"font-size: 15px;\"><strong style=\"color: #424242;\">\ud83d\udc9a\ud83d\udc9a\ud83d\udc9a Looking for something cool to breed to start with?  <\/strong><span style=\"color: #008000;\">Crocodiles Analocostreptus gregorius are beautiful and easy to keep creatures, completely safe for humans, and they do not bite. They have weak jaws that are adapted for grinding plant matter. Crocodiles prefer moist places, live in the top layer of the substrate, and feed on leaves, multicomponent substrate designed for crocodile breeding, and vegetables and fruits.  <\/span><\/span><\/em><\/strong><\/span><\/p>\n<p>&nbsp;<\/p>\n<p class=\"v1v1v1v1MsoNormal\"><span style=\"color: #424242;\"><strong><em><span style=\"font-size: 15px;\"><span class=\"x1xsqp64 xiy17q3 x1o6pynw x19co3pv xdj266r xcwd3tp xat24cr x39eecv x2b8uid\" data-testid=\"emoji\"><span class=\"xexx8yu xn5pp95 x18d9i69 x2fxd7x x3jgonx x1bhl96m\">\ud83c\udf3f <\/span><\/span><span style=\"color: #424242;\">Everything such an animal needs for successful development and life in a terrarium is:<\/span><\/span><\/em><\/strong><\/span><\/p>\n<p class=\"v1v1v1v1MsoNormal\"><span style=\"color: #008000;\"><strong><em><span style=\"font-size: 15px;\">* Substrate \/ food: Substrate for breeding crocodiles and vipers (available on our other auction);<\/span><\/em><\/strong><\/span><\/p>\n<p class=\"v1v1v1v1MsoNormal\"><span style=\"color: #008000;\"><strong><em><span style=\"font-size: 15px;\">* Food: Fresh vegetables and fruits;<\/span><\/em><\/strong><\/span><\/p>\n<p class=\"v1v1v1v1MsoNormal\"><span style=\"color: #008000;\"><strong><em><span style=\"font-size: 15px;\">* Food: Ground gammarus is a dried germ, rich in macro- and micronutrients, a natural source of animal protein and chitin (available on our other auction);<\/span><\/em><\/strong><\/span><\/p>\n<p class=\"v1v1v1v1MsoNormal\"><span style=\"color: #008000;\"><strong><em><span style=\"font-size: 15px;\">* Terrarium: Faunabox is ideal for breeding vipers and crocodiles (available on our other auction);<\/span><\/em><\/strong><\/span><\/p>\n<p class=\"v1v1v1v1MsoNormal\"><span style=\"color: #008000;\"><strong><em><span style=\"font-size: 15px;\">* Recommended temperature 22-26 \u00b0C and humidity at about 70% (do not allow the substrate to dry out, spray the terrarium every 2-3 days).<\/span><\/em><\/strong><\/span><\/p>\n","protected":false},"excerpt":{"rendered":"<ul class=\"product_attributes\">\n<li><span style=\"color: #555555;\">Target size:<\/span> about 15 cm<\/li>\n<li><span style=\"color: #555555;\">Offered juvenile:<\/span> about 6 cm. <\/li>\n<li><span style=\"color: #555555;\">The price is for:<\/span> 1 pc<\/li>\n<\/ul>\n","protected":false},"featured_media":551,"template":"","meta":{"_acf_changed":false,"_links_to":"","_links_to_target":""},"product_cat":[77],"product_tag":[],"class_list":{"0":"post-3912","1":"product","2":"type-product","3":"status-publish","4":"has-post-thumbnail","6":"product_cat-miriapodes","8":"first","9":"instock","10":"shipping-taxable","11":"purchasable","12":"product-type-simple"},"acf":[],"yoast_head":"<!-- This site is optimized with the Yoast SEO plugin v24.9 - https:\/\/yoast.com\/wordpress\/plugins\/seo\/ -->\n<title>Analocostreptus gregorius\u201cGreen striped crocodile\u201d | MegaPets<\/title>\n<meta name=\"robots\" content=\"index, follow, max-snippet:-1, max-image-preview:large, max-video-preview:-1\" \/>\n<link rel=\"canonical\" href=\"https:\/\/megapets.eu\/en\/miriapodes\/analocostreptus-gregoriusgreen-striped-crocodile\/\" \/>\n<meta property=\"og:locale\" content=\"en_US\" \/>\n<meta property=\"og:type\" content=\"article\" \/>\n<meta property=\"og:title\" content=\"Analocostreptus gregorius\u201cGreen striped crocodile\u201d | MegaPets\" \/>\n<meta property=\"og:description\" content=\"Target size: about 15 cm  Offered juvenile: about 6 cm.  The price is for: 1 pc\" \/>\n<meta property=\"og:url\" content=\"https:\/\/megapets.eu\/en\/miriapodes\/analocostreptus-gregoriusgreen-striped-crocodile\/\" \/>\n<meta property=\"og:site_name\" content=\"MegaPets\" \/>\n<meta property=\"article:publisher\" content=\"https:\/\/www.facebook.com\/MegaPets.eu\/\" \/>\n<meta property=\"og:image\" content=\"https:\/\/megapets.eu\/wp-content\/uploads\/2024\/10\/565544.png\" \/>\n\t<meta property=\"og:image:width\" content=\"788\" \/>\n\t<meta property=\"og:image:height\" content=\"591\" \/>\n\t<meta property=\"og:image:type\" content=\"image\/png\" \/>\n<meta name=\"twitter:card\" content=\"summary_large_image\" \/>\n<meta name=\"twitter:label1\" content=\"Est. reading time\" \/>\n\t<meta name=\"twitter:data1\" content=\"1 minute\" \/>\n<script type=\"application\/ld+json\" class=\"yoast-schema-graph\">{\"@context\":\"https:\/\/schema.org\",\"@graph\":[{\"@type\":\"WebPage\",\"@id\":\"https:\/\/megapets.eu\/en\/miriapodes\/analocostreptus-gregoriusgreen-striped-crocodile\/\",\"url\":\"https:\/\/megapets.eu\/en\/miriapodes\/analocostreptus-gregoriusgreen-striped-crocodile\/\",\"name\":\"Analocostreptus gregorius \u201cGreen striped crocodile\u201d | MegaPets\",\"isPartOf\":{\"@id\":\"https:\/\/megapets.eu\/en\/#website\"},\"primaryImageOfPage\":{\"@id\":\"https:\/\/megapets.eu\/en\/miriapodes\/analocostreptus-gregoriusgreen-striped-crocodile\/#primaryimage\"},\"image\":{\"@id\":\"https:\/\/megapets.eu\/en\/miriapodes\/analocostreptus-gregoriusgreen-striped-crocodile\/#primaryimage\"},\"thumbnailUrl\":\"https:\/\/megapets.eu\/wp-content\/uploads\/2024\/10\/565544.png\",\"datePublished\":\"2024-10-05T13:31:19+00:00\",\"breadcrumb\":{\"@id\":\"https:\/\/megapets.eu\/en\/miriapodes\/analocostreptus-gregoriusgreen-striped-crocodile\/#breadcrumb\"},\"inLanguage\":\"en-US\",\"potentialAction\":[{\"@type\":\"ReadAction\",\"target\":[\"https:\/\/megapets.eu\/en\/miriapodes\/analocostreptus-gregoriusgreen-striped-crocodile\/\"]}]},{\"@type\":\"ImageObject\",\"inLanguage\":\"en-US\",\"@id\":\"https:\/\/megapets.eu\/en\/miriapodes\/analocostreptus-gregoriusgreen-striped-crocodile\/#primaryimage\",\"url\":\"https:\/\/megapets.eu\/wp-content\/uploads\/2024\/10\/565544.png\",\"contentUrl\":\"https:\/\/megapets.eu\/wp-content\/uploads\/2024\/10\/565544.png\",\"width\":788,\"height\":591},{\"@type\":\"BreadcrumbList\",\"@id\":\"https:\/\/megapets.eu\/en\/miriapodes\/analocostreptus-gregoriusgreen-striped-crocodile\/#breadcrumb\",\"itemListElement\":[{\"@type\":\"ListItem\",\"position\":1,\"name\":\"Homepage\",\"item\":\"https:\/\/megapets.eu\/en\/home\/\"},{\"@type\":\"ListItem\",\"position\":2,\"name\":\"Shop\",\"item\":\"https:\/\/megapets.eu\/en\/shop\/\"},{\"@type\":\"ListItem\",\"position\":3,\"name\":\"Analocostreptus gregorius\u201cGreen striped crocodile\u201d\"}]},{\"@type\":\"WebSite\",\"@id\":\"https:\/\/megapets.eu\/en\/#website\",\"url\":\"https:\/\/megapets.eu\/en\/\",\"name\":\"Mega Pets\",\"description\":\"Jedna z najwi\u0119kszych hodowli \u015blimak\u00f3w w Europie\",\"publisher\":{\"@id\":\"https:\/\/megapets.eu\/en\/#organization\"},\"alternateName\":\"Mega Pets\",\"potentialAction\":[{\"@type\":\"SearchAction\",\"target\":{\"@type\":\"EntryPoint\",\"urlTemplate\":\"https:\/\/megapets.eu\/en\/?s={search_term_string}\"},\"query-input\":{\"@type\":\"PropertyValueSpecification\",\"valueRequired\":true,\"valueName\":\"search_term_string\"}}],\"inLanguage\":\"en-US\"},{\"@type\":\"Organization\",\"@id\":\"https:\/\/megapets.eu\/en\/#organization\",\"name\":\"Mega Pets\",\"url\":\"https:\/\/megapets.eu\/en\/\",\"logo\":{\"@type\":\"ImageObject\",\"inLanguage\":\"en-US\",\"@id\":\"https:\/\/megapets.eu\/en\/#\/schema\/logo\/image\/\",\"url\":\"https:\/\/megapets.eu\/wp-content\/uploads\/2025\/04\/megapets_eu-logo.png\",\"contentUrl\":\"https:\/\/megapets.eu\/wp-content\/uploads\/2025\/04\/megapets_eu-logo.png\",\"width\":2362,\"height\":2362,\"caption\":\"Mega Pets\"},\"image\":{\"@id\":\"https:\/\/megapets.eu\/en\/#\/schema\/logo\/image\/\"},\"sameAs\":[\"https:\/\/www.facebook.com\/MegaPets.eu\/\"]}]}<\/script>\n<!-- \/ Yoast SEO plugin. -->","yoast_head_json":{"title":"Analocostreptus gregorius\u201cGreen striped crocodile\u201d | MegaPets","robots":{"index":"index","follow":"follow","max-snippet":"max-snippet:-1","max-image-preview":"max-image-preview:large","max-video-preview":"max-video-preview:-1"},"canonical":"https:\/\/megapets.eu\/en\/miriapodes\/analocostreptus-gregoriusgreen-striped-crocodile\/","og_locale":"en_US","og_type":"article","og_title":"Analocostreptus gregorius\u201cGreen striped crocodile\u201d | MegaPets","og_description":"Target size: about 15 cm  Offered juvenile: about 6 cm.  The price is for: 1 pc","og_url":"https:\/\/megapets.eu\/en\/miriapodes\/analocostreptus-gregoriusgreen-striped-crocodile\/","og_site_name":"MegaPets","article_publisher":"https:\/\/www.facebook.com\/MegaPets.eu\/","og_image":[{"width":788,"height":591,"url":"https:\/\/megapets.eu\/wp-content\/uploads\/2024\/10\/565544.png","type":"image\/png"}],"twitter_card":"summary_large_image","twitter_misc":{"Est. reading time":"1 minute"},"schema":{"@context":"https:\/\/schema.org","@graph":[{"@type":"WebPage","@id":"https:\/\/megapets.eu\/en\/miriapodes\/analocostreptus-gregoriusgreen-striped-crocodile\/","url":"https:\/\/megapets.eu\/en\/miriapodes\/analocostreptus-gregoriusgreen-striped-crocodile\/","name":"Analocostreptus gregorius \u201cGreen striped crocodile\u201d | MegaPets","isPartOf":{"@id":"https:\/\/megapets.eu\/en\/#website"},"primaryImageOfPage":{"@id":"https:\/\/megapets.eu\/en\/miriapodes\/analocostreptus-gregoriusgreen-striped-crocodile\/#primaryimage"},"image":{"@id":"https:\/\/megapets.eu\/en\/miriapodes\/analocostreptus-gregoriusgreen-striped-crocodile\/#primaryimage"},"thumbnailUrl":"https:\/\/megapets.eu\/wp-content\/uploads\/2024\/10\/565544.png","datePublished":"2024-10-05T13:31:19+00:00","breadcrumb":{"@id":"https:\/\/megapets.eu\/en\/miriapodes\/analocostreptus-gregoriusgreen-striped-crocodile\/#breadcrumb"},"inLanguage":"en-US","potentialAction":[{"@type":"ReadAction","target":["https:\/\/megapets.eu\/en\/miriapodes\/analocostreptus-gregoriusgreen-striped-crocodile\/"]}]},{"@type":"ImageObject","inLanguage":"en-US","@id":"https:\/\/megapets.eu\/en\/miriapodes\/analocostreptus-gregoriusgreen-striped-crocodile\/#primaryimage","url":"https:\/\/megapets.eu\/wp-content\/uploads\/2024\/10\/565544.png","contentUrl":"https:\/\/megapets.eu\/wp-content\/uploads\/2024\/10\/565544.png","width":788,"height":591},{"@type":"BreadcrumbList","@id":"https:\/\/megapets.eu\/en\/miriapodes\/analocostreptus-gregoriusgreen-striped-crocodile\/#breadcrumb","itemListElement":[{"@type":"ListItem","position":1,"name":"Homepage","item":"https:\/\/megapets.eu\/en\/home\/"},{"@type":"ListItem","position":2,"name":"Shop","item":"https:\/\/megapets.eu\/en\/shop\/"},{"@type":"ListItem","position":3,"name":"Analocostreptus gregorius\u201cGreen striped crocodile\u201d"}]},{"@type":"WebSite","@id":"https:\/\/megapets.eu\/en\/#website","url":"https:\/\/megapets.eu\/en\/","name":"Mega Pets","description":"Jedna z najwi\u0119kszych hodowli \u015blimak\u00f3w w Europie","publisher":{"@id":"https:\/\/megapets.eu\/en\/#organization"},"alternateName":"Mega Pets","potentialAction":[{"@type":"SearchAction","target":{"@type":"EntryPoint","urlTemplate":"https:\/\/megapets.eu\/en\/?s={search_term_string}"},"query-input":{"@type":"PropertyValueSpecification","valueRequired":true,"valueName":"search_term_string"}}],"inLanguage":"en-US"},{"@type":"Organization","@id":"https:\/\/megapets.eu\/en\/#organization","name":"Mega Pets","url":"https:\/\/megapets.eu\/en\/","logo":{"@type":"ImageObject","inLanguage":"en-US","@id":"https:\/\/megapets.eu\/en\/#\/schema\/logo\/image\/","url":"https:\/\/megapets.eu\/wp-content\/uploads\/2025\/04\/megapets_eu-logo.png","contentUrl":"https:\/\/megapets.eu\/wp-content\/uploads\/2025\/04\/megapets_eu-logo.png","width":2362,"height":2362,"caption":"Mega Pets"},"image":{"@id":"https:\/\/megapets.eu\/en\/#\/schema\/logo\/image\/"},"sameAs":["https:\/\/www.facebook.com\/MegaPets.eu\/"]}]}},"_links":{"self":[{"href":"https:\/\/megapets.eu\/en\/wp-json\/wp\/v2\/product\/3912","targetHints":{"allow":["GET"]}}],"collection":[{"href":"https:\/\/megapets.eu\/en\/wp-json\/wp\/v2\/product"}],"about":[{"href":"https:\/\/megapets.eu\/en\/wp-json\/wp\/v2\/types\/product"}],"wp:featuredmedia":[{"embeddable":true,"href":"https:\/\/megapets.eu\/en\/wp-json\/wp\/v2\/media\/551"}],"wp:attachment":[{"href":"https:\/\/megapets.eu\/en\/wp-json\/wp\/v2\/media?parent=3912"}],"wp:term":[{"taxonomy":"product_cat","embeddable":true,"href":"https:\/\/megapets.eu\/en\/wp-json\/wp\/v2\/product_cat?post=3912"},{"taxonomy":"product_tag","embeddable":true,"href":"https:\/\/megapets.eu\/en\/wp-json\/wp\/v2\/product_tag?post=3912"}],"curies":[{"name":"wp","href":"https:\/\/api.w.org\/{rel}","templated":true}]}}